{"id":12345,"date":"2021-06-11T14:18:40","date_gmt":"2021-06-11T11:18:40","guid":{"rendered":"https:\/\/sachviet.eu\/shop\/danh-gia-co-vat-minh-nhan-mai-hoa\/"},"modified":"2022-05-02T14:33:53","modified_gmt":"2022-05-02T11:33:53","slug":"danh-gia-co-vat-minh-nhan-mai-hoa","status":"publish","type":"product","link":"https:\/\/sachviet.eu\/en\/shop\/danh-gia-co-vat-minh-nhan-mai-hoa\/","title":{"rendered":"Danh Gia C\u1ed5 V\u1eadt &#8211; Minh Nh\u00e3n Mai Hoa"},"content":{"rendered":"<p>DANH GIA C\u1ed4 V\u1eacT: l\u00e0 b\u1ed9 ti\u1ec3u thuy\u1ebft l\u1ea5y \u0111\u1ec1 t\u00e0i gi\u00e1m \u0111\u1ecbnh v\u00e0 s\u01b0u t\u1ea7m \u0111\u1ed3 c\u1ed5 ti\u00eau bi\u1ec3u cho c\u00e1c s\u00e1ng t\u00e1c c\u1ee7a M\u00e3 B\u00e1 Dung, ngay sau khi ra m\u1eaft \u0111\u00e3 \u0111\u01b0\u1ee3c \u0111\u00f4ng \u0111\u1ea3o b\u1ea1n \u0111\u1ecdc y\u00eau th\u00edch \u0111\u00f3n nh\u1eadn. Cu\u1ed1i n\u0103m 2018, t\u00e1c ph\u1ea9m \u0111\u01b0\u1ee3c Tencent Pictures chuy\u1ec3n th\u1ec3 th\u00e0nh phim d\u00e0i t\u1eadp c\u00f9ng t\u00ean v\u1edbi s\u1ef1 tham gia di\u1ec5n xu\u1ea5t c\u1ee7a d\u00e0n di\u1ec5n vi\u00ean th\u1ef1c l\u1ef1c H\u1ea1 V\u0169, Ki\u1ec1u Ch\u1ea5n V\u0169\u2026<\/p>\n<p>(Tr\u1ecdn b\u1ed9 4 t\u1eadp)<br \/>\n&#8211; K\u1ef3 \u00e1n \u0111\u1ea7u Ph\u1eadt<br \/>\n&#8211; B\u00ed \u1ea9n Thanh minh th\u01b0\u1ee3ng h\u00e0 \u0111\u1ed3<br \/>\n&#8211; H\u00f4i c\u1ee7a \u0110\u00f4ng l\u0103ng<br \/>\n&#8211; Minh Nh\u00e3n Mai Hoa<\/p>\n<p>T\u1eadp 1 &#8211; K\u1ef3 \u00e1n \u0111\u1ea7u Ph\u1eadt<br \/>\n\u0110\u1eb1ng sau m\u1ed7i m\u00f3n \u0111\u1ed3 c\u1ed5, l\u00e0 t\u1ea7ng t\u1ea7ng l\u1edbp l\u1edbp l\u1ecbch s\u1eed v\u00e0 v\u0103n h\u00f3a truy\u1ec1n th\u1eeba bao \u0111\u1eddi;<br \/>\n\u0110\u1eb1ng sau m\u1ed7i m\u00f3n \u0111\u1ed3 gi\u1ea3, l\u1ea1i l\u00e0 m\u00e1nh l\u1edbi t\u00ednh to\u00e1n tinh vi c\u00f9ng c\u1ea1m b\u1eaby kh\u00f3 b\u1ec1 t\u01b0\u1edfng t\u01b0\u1ee3ng.<br \/>\nH\u1ee9a Nguy\u1ec7n, m\u1ed9t ch\u1ee7 ti\u1ec7m \u0111\u1ed3 c\u1ed5 c\u1ecfn con \u1edf L\u01b0u Ly X\u01b0\u1edfng, v\u00e0o \u0111\u00fang sinh nh\u1eadt tu\u1ed5i 30 \u0111\u1ed9t nhi\u00ean b\u1ecb cu\u1ed1n v\u00e0o nh\u1eefng r\u1eafc r\u1ed1i theo g\u00e3 l\u00e0 \u201ctr\u00ean tr\u1eddi r\u01a1i xu\u1ed1ng\u201d. Gia th\u1ebf bao \u0111\u1eddi \u0111\u00e3 l\u1ee5i t\u00e0n, th\u00e2n ph\u1eadn ng\u01b0\u1eddi \u00f4ng kh\u00f4ng bi\u1ebft m\u1eb7t, b\u00ed \u1ea9n \u0111\u1eb1ng sau v\u1ee5 t\u1ef1 t\u1eed c\u1ee7a cha m\u1eb9 t\u1edbi t\u1ea5p ph\u01a1i b\u00e0y tr\u01b0\u1edbc m\u1eaft g\u00e3, nh\u01b0ng \u0111\u00e2u l\u00e0 gi\u1ea3 \u0111\u00e2u m\u1edbi l\u00e0 th\u1eadt?<br \/>\n\u0110i\u1ec3m m\u00fat c\u1ee7a nh\u1eefng b\u00fai d\u00e2y \u00e2n o\u00e1n ch\u1eb1ng ch\u1ecbt kh\u00f4ng ng\u1edd l\u1ea1i l\u00e0 m\u00f3n b\u00e1u v\u1eadt hi\u1ebfm c\u00f3 ng\u01b0\u1eddi \u0111\u1eddi v\u1eabn \u0111\u1ed3n \u0111\u1ea1i. V\u00e1n c\u1edd g\u00e3 \u0111ang tham d\u1ef1 d\u01b0\u1eddng nh\u01b0 \u0111\u00e3 \u0111\u01b0\u1ee3c s\u1eafp \u0111\u1eb7t t\u1eeb h\u00e0ng ch\u1ee5c n\u0103m tr\u01b0\u1edbc, c\u00e0ng d\u1ea5n s\u00e2u l\u1ea1i c\u00e0ng ph\u01a1i b\u00e0y di\u1ec7n m\u1ea1o t\u1ed1i t\u0103m, hi\u1ec3m \u00e1c c\u1ee7a gi\u1edbi c\u1ed5 v\u1eadt. V\u00e0 \u0111\u1ec3 kh\u00f4ng b\u1ecb nu\u1ed1t ch\u1eedng, ch\u1ec9 d\u1ef1a v\u00e0o m\u1ed9t th\u00e2n tuy\u1ec7t h\u1ecdc ph\u00e2n bi\u1ec7t th\u1eadt gi\u1ea3 c\u1ee7a H\u1ee9a Nguy\u1ec7n l\u00e0 kh\u00f4ng \u0111\u1ee7, b\u1edfi nh\u00ecn \u0111\u1ed3 th\u00ec d\u1ec5 nh\u00ecn ng\u01b0\u1eddi m\u1edbi kh\u00f3&#8230;<\/p>\n<p>T\u1eadp 2 &#8211; B\u00ed \u1ea9n Thanh minh th\u01b0\u1ee3ng h\u00e0 \u0111\u1ed3<br \/>\n\u0110\u1eb1ng sau m\u1ed7i m\u00f3n \u0111\u1ed3 c\u1ed5, l\u00e0 t\u1ea7ng t\u1ea7ng l\u1edbp l\u1edbp l\u1ecbch s\u1eed v\u00e0 v\u0103n h\u00f3a truy\u1ec1n th\u1eeba bao \u0111\u1eddi;<br \/>\n\u0110\u1eb1ng sau m\u1ed7i m\u00f3n \u0111\u1ed3 gi\u1ea3, l\u1ea1i l\u00e0 m\u00e1nh l\u1edbi t\u00ednh to\u00e1n tinh vi c\u00f9ng c\u1ea1m b\u1eaby kh\u00f3 b\u1ec1 t\u01b0\u1edfng t\u01b0\u1ee3ng.<br \/>\nH\u1ee9a Nguy\u1ec7n r\u1eeda \u0111\u01b0\u1ee3c n\u1ed7i oan cho \u00f4ng n\u1ed9i, n\u1ed5i l\u00ean nh\u01b0 m\u1ed9t anh h\u00f9ng \u0111\u00e1nh h\u00e0ng gi\u1ea3 tr\u00ean th\u1ecb tr\u01b0\u1eddng c\u1ed5 ngo\u1ea1n, song l\u00f2ng v\u1eabn canh c\u00e1nh m\u1ed1i th\u00f9 gia t\u1ed9c v\u1edbi L\u00e3o Tri\u1ec1u Ph\u1ee5ng &#8211; b\u00e0n tay \u0111en \u0111\u1ee9ng sau bi k\u1ecbch bao \u0111\u1eddi nh\u00e0 h\u1ecd H\u1ee9a. \u201cT\u00ecnh c\u1edd\u201d thay, m\u1ecdi manh m\u1ed1i v\u1ec1 k\u1ebb c\u1ea7m \u0111\u1ea7u d\u00f2ng ch\u1ea3y ng\u1ea7m l\u1edbn nh\u1ea5t gi\u1edbi c\u1ed5 v\u1eadt n\u00e0y \u0111\u1ec1u d\u1eabn g\u00e3 \u0111\u1ebfn v\u1edbi qu\u1ed1c b\u1ea3o Trung Hoa &#8211; Thanh minh th\u01b0\u1ee3ng h\u00e0 \u0111\u1ed3.<br \/>\nM\u1ed9t l\u1ea7n n\u1eefa H\u1ee9a Nguy\u1ec7n \u0111\u01a1n th\u01b0\u01a1ng \u0111\u1ed9c m\u00e3 d\u1ea5n th\u00e2n tr\u00ean con \u0111\u01b0\u1eddng tr\u1eeb gi\u1ea3 gi\u1eef th\u1eadt m\u00e0 kh\u00f4ng l\u01b0\u1eddng \u0111\u1ebfn t\u1ea7ng t\u1ea7ng c\u1ea1m b\u1eaby m\u00ecnh s\u1ebd ph\u1ea3i \u0111\u01b0\u01a1ng \u0111\u1ea7u. L\u00f4i L\u00e3o Tri\u1ec1u Ph\u1ee5ng ra \u00e1nh s\u00e1ng, b\u1ea3o v\u1ec7 Minh Nh\u00e3n Mai Hoa tr\u01b0\u1edbc nguy c\u01a1 l\u1ee5i b\u1ea1i, gi\u1eef v\u1eefng t\u00f4n ch\u1ec9 c\u1ee7a ng\u01b0\u1eddi gi\u00e1m \u0111\u1ecbnh\u2026 ng\u1ea7n \u1ea5y nhi\u1ec7m v\u1ee5 h\u1ec7 tr\u1ecdng d\u01b0\u1eddng nh\u01b0 l\u00e0 qu\u00e1 s\u1ee9c v\u1edbi m\u1ed9t k\u1ebb \u0111ang n\u00f4n n\u00f3ng b\u00e1o th\u00f9 nh\u01b0 g\u00e3. B\u1edfi trong khi con ng\u01b0\u1eddi gi\u00e1m \u0111\u1ecbnh c\u1ed5 v\u1eadt, c\u1ed5 v\u1eadt c\u0169ng gi\u00e1m \u0111\u1ecbnh con ng\u01b0\u1eddi\u2026<\/p>\n<p>T\u1eadp 3 &#8211; H\u00f4i c\u1ee7a \u0110\u00f4ng l\u0103ng<br \/>\nGi\u00e1m \u0111\u1ecbnh c\u1ed5 v\u1eadt, th\u1ef1c ra l\u00e0 \u0111o l\u00f2ng ng\u01b0\u1eddi \u0111\u1ea5y th\u00f4i.<br \/>\nB\u00e1u v\u1eadt c\u00e0ng tr\u00e2n qu\u00fd c\u00e0ng soi th\u1ea5u l\u00f2ng ng\u01b0\u1eddi \u0111\u00e1ng s\u1ee3.<br \/>\nNg\u01b0\u1ee3c d\u00f2ng th\u1eddi gian v\u1ec1 n\u0103m D\u00e2n Qu\u1ed1c th\u1ee9 m\u01b0\u1eddi b\u1ea3y, \u00f4ng n\u1ed9i H\u1ee9a Nguy\u1ec7n l\u00e0 H\u1ee9a Nh\u1ea5t Th\u00e0nh b\u1ea5y gi\u1edd \u0111ang theo h\u1ecdc ng\u00e0nh kh\u1ea3o c\u1ed5 \u1edf \u0111\u1ea1i h\u1ecdc Thanh Hoa, b\u1ea5t ng\u1edd nh\u1eadn \u0111\u01b0\u1ee3c n\u1eeda b\u1ee9c th\u01b0 in d\u1ea5u tay m\u00e1u c\u1ee7a m\u1ed9t ng\u01b0\u1eddi b\u1ea1n c\u0169. Ch\u1eef \u201cl\u0103ng\u201d tr\u01a1 tr\u1ecdi tr\u00ean m\u1ea3nh gi\u1ea5y d\u01b0\u1eddng nh\u01b0 \u00e1m ch\u1ec9 m\u1ed9t \u00e2m m\u01b0u nh\u1eafm t\u1edbi nh\u1eefng l\u0103ng t\u1ea9m \u0111\u1ebf v\u01b0\u01a1ng \u0111ang b\u1ecb qu\u00ean l\u00e3ng gi\u1eefa th\u1eddi cu\u1ed9c r\u1ed1i ren, nh\u01b0ng ai s\u1ebd l\u00e0 k\u1ebb ra tay th\u1ee7 \u00e1c v\u00e0 m\u1ee5c ti\u00eau sau c\u00f9ng l\u00e0 g\u00ec?<br \/>\nL\u1ea7n theo nh\u1eefng manh m\u1ed1i m\u01a1 h\u1ed3, nh\u1eefng s\u1ef1 ki\u1ec7n t\u01b0\u1edfng ch\u1eebng r\u1eddi r\u1ea1c, H\u1ee9a Nh\u1ea5t Th\u00e0nh d\u1ea7n t\u00ecm ra t\u1eebng m\u1ea3nh gh\u00e9p c\u1ee7a m\u1ed9t \u00e2m m\u01b0u ch\u1ea5n \u0111\u1ed9ng. Song th\u1ebf l\u1ef1c y ph\u1ea3i \u0111\u01b0\u01a1ng \u0111\u1ea7u kh\u00f4ng ch\u1ec9 c\u00f3 m\u1ed9t, trong khi h\u1eadu ph\u01b0\u01a1ng l\u00e0 Minh Nh\u00e3n Mai Hoa l\u1ea1i ch\u1ec9 nh\u01b0 con r\u00f9a r\u1ee5t c\u1ed5\u2026<\/p>\n<p>T\u1eadp 4 &#8211; Minh Nh\u00e3n Mai Hoa<br \/>\n\u201cCh\u1ec9 c\u1ea7n nghe theo t\u1ea5m l\u00f2ng truy c\u1ea7u c\u00e1i th\u1eadt, n\u1eafm gi\u1eef v\u1eadt th\u1eadt trong tay th\u00ec d\u00f9 ch\u00fang gi\u1edf tr\u0103m ph\u01b0\u01a1ng ng\u00e0n k\u1ebf, ta v\u1eabn c\u00f3 th\u1ec3 th\u1ee7 v\u1eefng nh\u01b0 n\u00fai.\u201d<br \/>\nH\u1ee9a Nguy\u1ec7n y h\u1eb9n t\u00ecm \u0111\u1ebfn c\u0103n t\u1ee9 h\u1ee3p vi\u1ec7n b\u00ean b\u1edd s\u00f4ng Th\u00f4ng Hu\u1ec7, l\u00f2ng n\u00f4n n\u00f3ng m\u1edf toang c\u00e1nh c\u1eeda d\u1eabn t\u1edbi th\u00e2n ph\u1eadn L\u00e3o Tri\u1ec1u Ph\u1ee5ng, song ch\u1edd g\u00e3 trong s\u00e2n l\u1ea1i l\u00e0 m\u1ed9t g\u01b0\u01a1ng m\u1eb7t n\u1eeda quen n\u1eeda l\u1ea1.<br \/>\nC\u00f9ng v\u1edbi ng\u01b0\u1eddi c\u1ed9ng s\u1ef1 \u201cr\u1ea1ch tr\u1eddi r\u01a1i xu\u1ed1ng\u201d, H\u1ee9a Nguy\u1ec7n c\u00e0ng l\u00fac c\u00e0ng ti\u1ebfn g\u1ea7n ch\u00e2n t\u01b0\u1edbng k\u1ebb th\u00f9 truy\u1ec1n ki\u1ebfp, ch\u1ec9 c\u00f3 \u0111i\u1ec1u nh\u1eefng \u1ea9n s\u1ed1 trong qu\u00e1 kh\u1ee9 t\u1eeb th\u1eddi \u00f4ng n\u1ed9i g\u00e3 c\u0169ng li\u00ean t\u1ee5c xu\u1ea5t hi\u1ec7n g\u00e2y nhi\u1ec5u. M\u1ed9t trong n\u0103m m\u1ea3nh gh\u00e9p c\u1ee7a chi\u1ebfc ch\u00eca kh\u00f3a duy nh\u1ea5t khai m\u1edf m\u1ecdi b\u00ed m\u1eadt gi\u0103ng m\u1eafc gi\u1eefa qu\u00e1 kh\u1ee9 v\u00e0 hi\u1ec7n t\u1ea1i, d\u1eabn l\u1ed1i g\u00e3 t\u1edbi kh\u00f4ng ch\u1ec9 hang \u1ed5 k\u1ebb th\u00f9 m\u00e0 c\u1ea3 m\u1ed9t kho b\u00e1u tuy\u1ec7t t\u00edch t\u1eeb l\u00e2u, t\u01b0\u1edfng \u0111\u00e2u xa l\u1ea1i n\u1eb1m ngay trong nh\u00e0 h\u1ecd D\u01b0\u1ee3c c\u1ee7a Minh Nh\u00e3n Mai Hoa\u2026<\/p>\n<p>T\u00c1C GI\u1ea2: M\u00c3 B\u00c1 DUNG<\/p>\n<p>Sinh n\u0103m 1980, t\u1ea1i X\u00edch Phong (Ulankhad) thu\u1ed9c khu t\u1ef1 tr\u1ecb N\u1ed9i M\u00f4ng. \u00d4ng l\u00e0 nh\u00e0 v\u0103n n\u1ed5i ti\u1ebfng Trung Qu\u1ed1c v\u1edbi b\u00fat l\u1ef1c d\u1ed3i d\u00e0o, v\u0103n phong \u0111a bi\u1ebfn. Ph\u1ea1m vi s\u00e1ng t\u00e1c tr\u1ea3i t\u1eeb ph\u00ea b\u00ecnh, t\u1ea3n v\u0103n, ti\u1ec3u ph\u1ea9m \u0111\u1ebfn ti\u1ec3u thuy\u1ebft v\u1eeba v\u00e0 d\u00e0i, th\u1ec3 lo\u1ea1i s\u00e1ng t\u00e1c phong ph\u00fa, bao g\u1ed3m khoa h\u1ecdc vi\u1ec5n t\u01b0\u1edfng, k\u1ef3 \u1ea3o, l\u1ecbch s\u1eed, trinh th\u00e1m v.v\u2026<br \/>\nN\u0103m 2005, \u00f4ng \u0111\u1ea1t gi\u1ea3i th\u01b0\u1edfng Ng\u00e2n H\u00e0 d\u00e0nh cho t\u00e1c ph\u1ea9m khoa h\u1ecdc vi\u1ec5n t\u01b0\u1edfng Trung Qu\u1ed1c.<br \/>\nN\u0103m 2010, \u00f4ng \u0111\u1ea1t gi\u1ea3i th\u01b0\u1edfng V\u0103n h\u1ecdc Nh\u00e2n d\u00e2n, m\u1ed9t trong nh\u1eefng gi\u1ea3i th\u01b0\u1edfng v\u0103n h\u1ecdc uy t\u00edn nh\u1ea5t c\u1ee7a v\u0103n \u0111\u00e0n Trung Qu\u1ed1c.<\/p>\n","protected":false},"excerpt":{"rendered":"<p>DANH GIA C\u1ed4 V\u1eacT: l\u00e0 b\u1ed9 ti\u1ec3u thuy\u1ebft l\u1ea5y \u0111\u1ec1 t\u00e0i gi\u00e1m \u0111\u1ecbnh v\u00e0 s\u01b0u t\u1ea7m \u0111\u1ed3 c\u1ed5 ti\u00eau bi\u1ec3u cho c\u00e1c s\u00e1ng t\u00e1c c\u1ee7a M\u00e3 B\u00e1 Dung, ngay sau khi ra m\u1eaft \u0111\u00e3 \u0111\u01b0\u1ee3c \u0111\u00f4ng \u0111\u1ea3o b\u1ea1n \u0111\u1ecdc y\u00eau th\u00edch \u0111\u00f3n nh\u1eadn. Cu\u1ed1i n\u0103m 2018, t\u00e1c ph\u1ea9m \u0111\u01b0\u1ee3c Tencent Pictures chuy\u1ec3n th\u1ec3 th\u00e0nh phim d\u00e0i t\u1eadp c\u00f9ng t\u00ean v\u1edbi s\u1ef1 tham gia di\u1ec5n xu\u1ea5t c\u1ee7a d\u00e0n di\u1ec5n vi\u00ean th\u1ef1c l\u1ef1c H\u1ea1 V\u0169, Ki\u1ec1u Ch\u1ea5n V\u0169\u2026<\/p>\n","protected":false},"featured_media":12338,"template":"","meta":{"_acf_changed":false},"product_brand":[],"product_cat":[15,74],"product_tag":[],"class_list":{"0":"post-12345","1":"product","2":"type-product","3":"status-publish","4":"has-post-thumbnail","6":"product_cat-sach-danh-cho-nguoi-lon","7":"product_cat-vien-tuong-kiem-hiep","9":"first","10":"outofstock","11":"taxable","12":"shipping-taxable","13":"purchasable","14":"product-type-simple"},"supplier_id":null,"supplier_sku":"","barcode":null,"atum_controlled":true,"out_stock_date":"2022-05-02 08:33:53","out_stock_threshold":null,"inheritable":false,"inbound_stock":0,"stock_on_hold":0,"sold_today":0,"sales_last_days":0,"reserved_stock":0,"customer_returns":0,"warehouse_damage":0,"lost_in_post":0,"other_logs":0,"out_stock_days":1367,"lost_sales":0,"has_location":false,"update_date":"2026-01-28T23:10:50","atum_locations":[],"atum_stock_status":"outofstock","restock_status":false,"low_stock_amount":"","sales_update_date":"2026-01-28T23:10:50","calc_backorders":null,"acf":{"publisher":{"ID":1424,"post_author":"1","post_date":"2021-02-17 00:02:29","post_date_gmt":"2021-02-16 22:02:29","post_content":"<!-- wp:flatsome\/uxbuilder -->\n<h1 style=\"text-align: center\"><strong>Nh\u00e3 Nam<\/strong><\/h1>\n[row]\n\n[col span=\"6\" span__sm=\"12\"]\n\n[ux_image id=\"1438\" image_size=\"medium\"]\n\n\n[\/col]\n[col span=\"6\" span__sm=\"12\"]\n\n<p><strong>C\u00f4ng ty c\u1ed5 ph\u1ea7n V\u0103n h\u00f3a v\u00e0 Truy\u1ec1n th\u00f4ng Nh\u00e3 Nam<\/strong><\/p>\n<p>Th\u00e1ng 2 n\u0103m 2005, Nh\u00e3 Nam, t\u00ean \u0111\u1ea7y \u0111\u1ee7 l\u00e0 C\u00f4ng ty C\u1ed5 ph\u1ea7n V\u0103n h\u00f3a v\u00e0 Truy\u1ec1n th\u00f4ng Nh\u00e3 Nam \u0111\u00e3 gia nh\u1eadp th\u1ecb tr\u01b0\u1eddng s\u00e1ch. T\u00e1c ph\u1ea9m \"Balzac v\u00e0 c\u00f4 b\u00e9 th\u1ee3 may Trung hoa\" c\u1ee7a \u0110\u1edbi T\u01b0 Ki\u1ec7t l\u00e0 cu\u1ed1n s\u00e1ch \u0111\u1ea7u ti\u00ean \u0111\u01b0\u1ee3c nh\u1eefng ng\u01b0\u1eddi s\u00e1ng l\u1eadp Nh\u00e3 Nam xu\u1ea5t b\u1ea3n c\u1ea3 tr\u01b0\u1edbc khi c\u00f4ng ty ra \u0111\u1eddi. Ngay l\u1eadp t\u1ee9c t\u1eeb cu\u1ed1n s\u00e1ch \u0111\u1ea7u ti\u00ean, \u0111\u1ed9c gi\u1ea3 \u0111\u00e3 d\u00e0nh s\u1ef1 quan t\u00e2m v\u00e0 y\u00eau m\u1ebfn cho m\u1ed9t th\u01b0\u01a1ng hi\u1ec7u s\u00e1ch m\u1edbi m\u1ebb mang trong m\u00ecnh kh\u00e1t v\u1ecdng g\u00f3p ph\u1ea7n t\u1ea1o l\u1eadp di\u1ec7n m\u1ea1o m\u1edbi cho xu\u1ea5t b\u1ea3n v\u0103n h\u1ecdc t\u1ea1i Vi\u1ec7t Nam.<\/p>\n<p>L\u00f2ng say m\u00ea c\u1ee7a \u0111\u1ed9i ng\u0169 l\u00e0 vi\u00ean \u0111\u00e1 \u0111\u1ea7u ti\u00ean. Tr\u1ea3i qua m\u1ea5y n\u0103m ph\u00e1t tri\u1ec3n, Nh\u00e3 Nam \u0111\u00e3 \u0111\u01b0\u1ee3c x\u00e2y d\u1ef1ng d\u1ea7n l\u00ean trong di\u1ec7n m\u1ea1o m\u1ed9t nh\u00e0 xu\u1ea5t b\u1ea3n v\u1eefng ch\u00e3i v\u00e0 chuy\u00ean nghi\u1ec7p. S\u00e1u th\u00e1ng sau khi th\u00e0nh l\u1eadp c\u00f4ng ty, Nh\u1eadt k\u00fd \u0110\u1eb7ng Th\u00f9y Tr\u00e2m ra \u0111\u1eddi, t\u1ea1o n\u00ean m\u1ed9t c\u01a1n s\u1ed1t trong x\u00e3 h\u1ed9i, v\u1edbi g\u1ea7n 500,000 b\u1ea3n s\u00e1ch \u0111\u01b0\u1ee3c ph\u00e1t h\u00e0nh, ph\u00e1 m\u1ecdi k\u1ef7 l\u1ee5c v\u1ec1 xu\u1ea5t b\u1ea3n tr\u01b0\u1edbc \u0111\u00f3, k\u00e9o theo m\u1ed9t lo\u1ea1t nh\u1eefng hi\u1ec7u \u1ee9ng x\u00e3 h\u1ed9i v\u00e0 d\u01b0 lu\u1eadn c\u00f3 \u00fd ngh\u0129a. T\u1eeb \u0111\u00f3 tr\u1edf \u0111i, th\u00f4ng qua Nh\u00e3 Nam, c\u00e1c cu\u1ed1n s\u00e1ch v\u0103n h\u1ecdc n\u01b0\u1edbc ngo\u00e0i c\u00f3 gi\u00e1 tr\u1ecb \u0111\u01b0\u1ee3c li\u00ean t\u1ee5c mua b\u1ea3n quy\u1ec1n v\u00e0 xu\u1ea5t b\u1ea3n t\u1ea1i Vi\u1ec7t Nam, thu h\u00fat nhi\u1ec1u t\u1ea7ng l\u1edbp \u0111\u1ed9c gi\u1ea3. S\u00e1ch c\u1ee7a Nh\u00e3 Nam n\u1ed5i b\u1eadt b\u1edfi n\u1ed9i dung v\u0103n h\u1ecdc tinh t\u1ebf, b\u1edfi v\u1ebb \u0111\u1eb9p c\u1ee7a thi\u1ebft k\u1ebf hi\u1ec7n \u0111\u1ea1i \u1edf h\u00ecnh th\u1ee9c, b\u1edfi s\u1ef1 ch\u0103m ch\u00fat k\u1ef9 l\u01b0\u1ee1ng cho m\u1ed7i cu\u1ed1n s\u00e1ch nh\u01b0 m\u1ed9t con thuy\u1ec1n mang t\u1edbi ni\u1ec1m vui, tri th\u1ee9c, ng\u1ea1c nhi\u00ean, v\u00e0 \u0111\u1ed3ng c\u1ea3m.<\/p>\n\n[\/col]\n\n[\/row]\n<p style=\"text-align: left\">Hi\u1ec3u th\u1eddi \u0111\u1ea1i \u0111ang s\u1ed1ng th\u00f4ng qua s\u00e1ch, song h\u00e0nh v\u1edbi nh\u1eefng bi\u1ebfn chuy\u1ec3n s\u00e2u s\u1eafc trong l\u00f2ng x\u00e3 h\u1ed9i b\u1eb1ng nh\u1eefng ho\u1ea1t \u0111\u1ed9ng xu\u1ea5t b\u1ea3n mi\u1ec7t m\u00e0i v\u00e0 qu\u1ea3 c\u1ea3m, con \u0111\u01b0\u1eddng Nh\u00e3 Nam \u0111\u00e3 ch\u1ecdn \u0111\u1ec3 \u0111i s\u1ebd c\u00f2n d\u00e0i. Nhi\u1ec1u kh\u00f3 kh\u0103n, th\u1eed th\u00e1ch \u0111ang \u1edf ph\u00eda tr\u01b0\u1edbc. B\u01b0\u1edbc qua th\u1eddi k\u1ef3 s\u01a1 khai v\u1edbi nh\u1eefng b\u00e0i h\u1ecdc v\u00e0 nh\u1eefng kinh nghi\u1ec7m \u0111\u1ea7u ti\u00ean, Nh\u00e3 Nam gi\u1edd \u0111\u00e3 s\u1eb5n s\u00e0ng cho m\u1ed9t ch\u1eb7ng \u0111\u01b0\u1eddng ph\u00e1t tri\u1ec3n m\u1edbi. V\u00e0 ch\u00fang t\u00f4i mu\u1ed1n ho\u00e0n thi\u1ec7n m\u00ecnh trong s\u1ef1 c\u1ea7u th\u1ecb v\u00e0 c\u1ea9n tr\u1ecdng. T\u1ea5t c\u1ea3 v\u00ec m\u1ed9t gia s\u1ea3n s\u00e1ch to l\u1edbn, c\u00f3 s\u1ee9c s\u1ed1ng d\u00e0i l\u00e2u, c\u00f3 \u00fd ngh\u0129a v\u1edbi nhi\u1ec1u th\u1ebf h\u1ec7 b\u1ea1n \u0111\u1ecdc.<br \/>B\u1edfi v\u00ec s\u00e1ch l\u00e0 th\u1ebf gi\u1edbi.<\/p>\n<p><strong>\u0110\u00e2y l\u00e0 m\u1ed9t nh\u00e0 ph\u00e1t h\u00e0nh s\u00e1ch m\u00e0 SACHVIET.EU r\u1ea5t y\u00eau th\u00edch v\u00e0 tin t\u01b0\u1edfng. Nh\u00ecn \u0111\u01b0\u1ee3c t\u1ea7m \u1ea3nh h\u01b0\u1edfng c\u1ee7a Nh\u00e3 Nam qua t\u1eebng cu\u1ed1n s\u00e1ch, SACHVIET.EU li\u00ean h\u1ec7 h\u1ee3p t\u00e1c ngay v\u1edbi Nh\u00e3 Nam \u0111\u1ec3 \u0111em to\u00e0n b\u1ed9 nh\u1eefng t\u00e1c ph\u1ea9m m\u1edbi, hay nh\u1ea5t m\u00e0 Nh\u00e3 Nam c\u00f3 sang Ch\u00e2u \u00c2u, \u0111\u01b0a \u0111\u1ebfn cho \u0111\u1ed9c gi\u1ea3 c\u00f3 nhi\u1ec1u s\u1ef1 l\u1ef1a ch\u1ecdn phong ph\u00fa h\u01a1n c\u1ea3 s\u00e1ch cho tr\u1ebb em l\u1eabn ng\u01b0\u1eddi l\u1edbn.\u00a0<\/strong><\/p>\n\n<!-- \/wp:flatsome\/uxbuilder -->","post_title":"Nh\u00e3 Nam","post_excerpt":"","post_status":"publish","comment_status":"closed","ping_status":"closed","post_password":"","post_name":"nha-nam","to_ping":"","pinged":"","post_modified":"2022-12-19 23:15:33","post_modified_gmt":"2022-12-19 21:15:33","post_content_filtered":"","post_parent":0,"guid":"https:\/\/sachviet.eu\/?post_type=publisher&#038;p=1424","menu_order":0,"post_type":"publisher","post_mime_type":"","comment_count":"0","filter":"raw"}},"_links":{"self":[{"href":"https:\/\/sachviet.eu\/en\/wp-json\/wp\/v2\/product\/12345","targetHints":{"allow":["GET"]}}],"collection":[{"href":"https:\/\/sachviet.eu\/en\/wp-json\/wp\/v2\/product"}],"about":[{"href":"https:\/\/sachviet.eu\/en\/wp-json\/wp\/v2\/types\/product"}],"wp:featuredmedia":[{"embeddable":true,"href":"https:\/\/sachviet.eu\/en\/wp-json\/wp\/v2\/media\/12338"}],"wp:attachment":[{"href":"https:\/\/sachviet.eu\/en\/wp-json\/wp\/v2\/media?parent=12345"}],"wp:term":[{"taxonomy":"product_brand","embeddable":true,"href":"https:\/\/sachviet.eu\/en\/wp-json\/wp\/v2\/product_brand?post=12345"},{"taxonomy":"product_cat","embeddable":true,"href":"https:\/\/sachviet.eu\/en\/wp-json\/wp\/v2\/product_cat?post=12345"},{"taxonomy":"product_tag","embeddable":true,"href":"https:\/\/sachviet.eu\/en\/wp-json\/wp\/v2\/product_tag?post=12345"}],"curies":[{"name":"wp","href":"https:\/\/api.w.org\/{rel}","templated":true}]}}