{"id":12337,"date":"2021-06-11T14:17:55","date_gmt":"2021-06-11T11:17:55","guid":{"rendered":"https:\/\/sachviet.eu\/shop\/con-yeu-bo-chung-nao-tai-ban-2019\/"},"modified":"2025-03-19T16:03:52","modified_gmt":"2025-03-19T14:03:52","slug":"con-yeu-bo-chung-nao-tai-ban-2019","status":"publish","type":"product","link":"https:\/\/sachviet.eu\/en\/shop\/con-yeu-bo-chung-nao-tai-ban-2019\/","title":{"rendered":"Con Y\u00eau B\u1ed1 Ch\u1eebng N\u00e0o (T\u00e1i B\u1ea3n 2019)"},"content":{"rendered":"<p>\u0110\u00f4i l\u00fac, khi y\u00eau m\u1ed9t ai \u0111\u00f3 nhi\u1ec1u \u01a1i l\u00e0 nhi\u1ec1u, ta s\u1ebd mu\u1ed1n t\u00ecm m\u1ecdi c\u00e1ch \u0111\u1ec3 di\u1ec5n \u0111\u1ea1t nh\u1eefng c\u1ea3m x\u00fac tuy\u1ec7t v\u1eddi \u0111ang tr\u00e0n ng\u1eadp l\u00f2ng m\u00ecnh. \u1ea4y th\u1ebf nh\u01b0ng Th\u1edf N\u00e2u B\u1ed1 v\u00e0 Th\u1ecf N\u00e2u Con \u0111\u00e3 kh\u00e1m ph\u00e1 ra r\u1eb1ng: y\u00eau th\u01b0\u01a1ng kh\u00f4ng ph\u1ea3i m\u1ed9t th\u1ee9 \u0111\u1ec3 \u0111o l\u01b0\u1eddng.<\/p>\n<p>C\u00e2u chuy\u1ec7n v\u1ec1 n\u1ed7 l\u1ef1c b\u00e0y t\u1ecf t\u00ecnh y\u00eau c\u1ee7a hai b\u1ed1 con nh\u00e0 th\u1ecf \u0111\u00e3 tr\u1edf th\u00e0nh m\u1ed9t hi\u1ec7n t\u01b0\u1ee3ng xu\u1ea5t b\u1ea3n v\u1edbi s\u1ed1 l\u01b0\u1ee3ng b\u00e1n ra h\u01a1n 33 tri\u1ec7u b\u1ea3n tr\u00ean to\u00e0n th\u1ebf gi\u1edbi, bi\u1ebfn cu\u1ed1n s\u00e1ch tr\u1edf th\u00e0nh m\u1ed9t t\u00e1c ph\u1ea9m thi\u1ebfu nhi kinh \u0111i\u1ec3n th\u1eddi hi\u1ec7n \u0111\u1ea1i.<\/p>\n<p>Nh\u1eefng c\u00e2u chuy\u1ec7n v\u0129 \u0111\u1ea1i nh\u1ea5t ch\u01b0a h\u1eb3n \u0111\u00e3 l\u00e0 c\u00e2u chuy\u1ec7n \u0111\u1ed3 s\u1ed9 nh\u1ea5t, m\u1edbi m\u1ebb nh\u1ea5t m\u00e0 l\u00e0 nh\u1eefng c\u00e2u chuy\u1ec7n ta \u0111\u00e3 bi\u1ebft r\u1ed3i nh\u01b0ng v\u1eabn mu\u1ed1n nghe k\u1ec3 l\u1ea1i l\u1ea7n n\u1eefa. Nh\u1eefng b\u1ee9c tranh g\u00e2y x\u00fac \u0111\u1ed9ng nh\u1ea5t ch\u01b0a h\u1eb3n l\u00e0 nh\u1eefng b\u1ee9c tranh ho\u00e0nh tr\u00e1ng m\u00e0 ta ch\u01b0a th\u1ea5y bao gi\u1edd, m\u00e0 l\u00e0 nh\u1eefng b\u1ee9c tranh gi\u1ea3n d\u1ecb ta \u0111\u00e3 xem r\u1ed3i nh\u01b0ng v\u1eabn mu\u1ed1n xem l\u1ea1i l\u1ea7n n\u1eefa, v\u00e0 l\u1ea1i th\u00eam m\u1ed9t l\u1ea7n n\u1eefa.<\/p>\n<p>Con y\u00eau b\u1ed1 ch\u1eebng n\u00e0o l\u00e0 m\u1ed9t c\u00e2u chuy\u1ec7n nh\u01b0 th\u1ebf, \u0111\u01b0\u1ee3c minh h\u1ecda b\u1eb1ng nh\u1eefng b\u1ee9c tranh nh\u01b0 th\u1ebf. Ra \u0111\u1eddi t\u1eeb n\u0103m 1994, c\u00e2u chuy\u1ec7n gi\u1ea3n d\u1ecb n\u00e0y c\u1ee7a Sam McBratney, \u0111\u01b0\u1ee3c minh h\u1ecda b\u1eb1ng nh\u1eefng b\u1ee9c tranh m\u00e0u n\u01b0\u1edbc tuy\u1ec7t \u0111\u1eb9p c\u1ee7a Anita Jeram, \u0111\u00e3 chi\u1ebfm tr\u1ecdn \u0111\u01b0\u1ee3c tr\u00e1i tim c\u1ee7a \u0111\u1ed9c gi\u1ea3, c\u1ea3 ng\u01b0\u1eddi l\u1edbn v\u00e0 tr\u1ebb em.<\/p>\n<p>Nh\u1eefng \u00fd t\u01b0\u1edfng cho Con y\u00eau b\u1ed1 ch\u1eebng n\u00e0o \u0111\u00e3 \u0111\u01b0\u1ee3c gieo m\u1ea7m t\u1eeb m\u1ed9t cu\u1ed9c n\u00f3i chuy\u1ec7n gi\u1eefa Sam McBratney v\u00e0 bi\u00ean t\u1eadp vi\u00ean c\u1ee7a \u00f4ng, khi bi\u00ean t\u1eadp vi\u00ean g\u1ee3i \u00fd cho \u00f4ng vi\u1ebft m\u1ed9t c\u00e2u chuy\u1ec7n \u201cm\u1ea1nh m\u1ebd m\u00e0 kh\u00f4ng d\u1ee5ng \u0111\u1ebfn nhi\u1ec1u l\u1eddi.\u201d Tr\u00f4ng qua th\u00ec c\u00f3 v\u1ebb d\u1ec5, nh\u01b0ng th\u1ef1c s\u1ef1 kh\u00f4ng ph\u1ea3i v\u1eady. Sam \u0111\u00e3 m\u1ea5t \u0111\u1ebfn 6 th\u00e1ng v\u1edbi t\u00e1c ph\u1ea9m n\u00e0y, \u0111\u1ec3 thu x\u1ebfp sao t\u00e1c ph\u1ea9m ch\u1ec9 d\u00e0i kho\u1ea3ng tr\u00ean d\u01b0\u1edbi 400 ch\u1eef c\u1ea7n thi\u1ebft nh\u1ea5t \u1ed5n th\u1ecfa cho m\u1ed9t c\u00e2u chuy\u1ec7n b\u1eaft ngu\u1ed3n t\u1eeb t\u00ecnh y\u00eau v\u00e0 v\u1ec1 t\u00ecnh y\u00eau.<\/p>\n<p>Th\u1ebf r\u1ed3i 400 ch\u1eef ti\u1ebfng Anh \u0111\u00f3 &#8211; gi\u1ea3n d\u1ecb, ch\u00e2n th\u00e0nh, nh\u01b0ng m\u1ea1nh m\u1ebd nh\u01b0 ch\u00ednh t\u00ecnh y\u00eau &#8211; \u0111\u00e3 b\u00e1n \u0111\u01b0\u1ee3c h\u01a1n 33 tri\u1ec7u b\u1ea3n v\u00e0 tr\u1edf th\u00e0nh cu\u1ed1n s\u00e1ch y\u00eau th\u00edch c\u1ee7a h\u00e0ng tri\u1ec7u \u0111\u1ee9a tr\u1ebb kh\u1eafp th\u1ebf gi\u1edbi.<\/p>\n<p>Ph\u1ea7n minh h\u1ecda cu\u1ed1n s\u00e1ch \u0111\u01b0\u1ee3c g\u1eedi g\u1eafm v\u00e0o tay h\u1ecda s\u0129 Anita Jeram \u2013 c\u00f4 c\u00f3 th\u1ebf m\u1ea1nh v\u1ec1 m\u00e0u n\u01b0\u1edbc v\u00e0 m\u1ed9t s\u1ef1 nh\u1ea1y c\u1ea3m tinh t\u1ebf tuy\u1ec7t v\u1eddi v\u1edbi c\u00e1c lo\u00e0i \u0111\u1ed9ng v\u1eadt. Nh\u1eefng ch\u00fa chu\u1ed9t, m\u00e8o, ch\u00f3 hay th\u1ecf qua n\u00e9t v\u1ebd c\u1ee7a Anita Jeram \u0111\u01b0\u1ee3c th\u1ed5i h\u1ed3n v\u1edbi nh\u1eefng x\u00fac c\u1ea3m d\u1ecbu d\u00e0ng v\u00e0 g\u1ea7n g\u0169i. C\u00f4 th\u01b0\u1eddng s\u1eed d\u1ee5ng nh\u1eefng gam m\u00e0u nh\u1eb9 nh\u00e0ng, trong tr\u1ebbo, v\u1edbi t\u1ea1o h\u00ecnh linh ho\u1ea1t, n\u00e9t vi\u1ec1n ph\u00f3ng kho\u00e1ng, v\u1eeba \u0111\u1ee7 chi ti\u1ebft.<\/p>\n<p>Cu\u1ed1n s\u00e1ch tr\u1edf th\u00e0nh t\u00e0i s\u1ea3n v\u00f4 gi\u00e1 \u0111\u1ed1i v\u1edbi Walker Book, m\u1ed9t trong nh\u1eefng t\u00edt s\u00e1ch l\u00e0m n\u00ean t\u00ean tu\u1ed5i nh\u00e0 xu\u1ea5t b\u1ea3n n\u00e0y. Khi cho ph\u00e9p cu\u1ed1n s\u00e1ch \u0111\u01b0\u1ee3c d\u1ecbch sang m\u1ed9t th\u1ee9 ti\u1ebfng kh\u00e1c, Walker Books lu\u00f4n \u0111\u00f2i h\u1ecfi \u0111\u00f3 ph\u1ea3i l\u00e0 m\u1ed9t s\u1ea3n ph\u1ea9m co-edit &#8211; \u0111\u1ed3ng bi\u00ean t\u1eadp, c\u00f3 ngh\u0129a l\u00e0 b\u1ea3n d\u1ecbch, tr\u00ecnh b\u00e0y c\u0169ng nh\u01b0 in \u1ea5n ph\u1ea3i \u0111\u01b0\u1ee3c Walker Books ki\u1ec3m so\u00e1t h\u1ebft s\u1ee9c s\u00e1t sao. B\u1ea3n th\u00e2n nh\u00e0 xu\u1ea5t b\u1ea3n \u0111\u01b0\u1ee3c Walker Book ch\u1ecdn \u0111\u1ec3 \u0111\u1ed3ng bi\u00ean t\u1eadp c\u0169ng ph\u1ea3i \u0111\u1ea1t \u0111\u01b0\u1ee3c r\u1ea5t nhi\u1ec1u ti\u00eau ch\u00ed c\u1ee7a \u00f4ng l\u1edbn n\u00e0y.<\/p>\n<p>\u1ede Vi\u1ec7t Nam, Nh\u00e3 Nam l\u00e0 \u0111\u1ed1i t\u00e1c \u0111\u1ed3ng bi\u00ean t\u1eadp Con y\u00eau b\u1ed1 ch\u1eebng n\u00e0o, \u0111\u01b0a ti\u1ebfng Vi\u1ec7t tr\u1edf th\u00e0nh ng\u00f4n ng\u1eef th\u1ee9 58 m\u00e0 cu\u1ed1n s\u00e1ch n\u00e0y \u0111\u01b0\u1ee3c d\u1ecbch ra.<\/p>\n<p>V\u1ec1 hai t\u00e1c gi\u1ea3<\/p>\n<p>Sam McBratney<\/p>\n<p>Sam McBratney, t\u00e1c gi\u1ea3 c\u1ee7a h\u01a1n m\u1ed9t tr\u0103m cu\u1ed1n s\u00e1ch v\u00e0 k\u1ecbch b\u1ea3n, nh\u01b0ng n\u1ed5i ti\u1ebfng to\u00e0n th\u1ebf gi\u1edbi ch\u1ee7 y\u1ebfu nh\u1edd Con y\u00eau b\u1ed1 ch\u1eebng n\u00e0o.Sam t\u1eebng h\u1ecdc L\u1ecbch s\u1eed v\u00e0 Khoa h\u1ecdc Ch\u00ednh tr\u1ecb t\u1ea1i Trinity College, Dublin; sau \u0111\u00f3 tr\u1edf th\u00e0nh gi\u00e1o vi\u00ean. \u00d4ng ngh\u1ec9 h\u01b0u s\u1edbm \u0111\u1ec3 t\u1eadp trung v\u00e0o s\u1ef1 nghi\u1ec7p vi\u1ebft l\u00e1ch. Ban \u0111\u1ea7u \u00f4ng vi\u1ebft s\u00e1ch thi\u1ebfu nhi v\u1edbi m\u1ee5c \u0111\u00edch gi\u00fap \u0111\u1ee1 c\u00e1c tr\u1ebb em g\u1eb7p kh\u00f3 kh\u0103n v\u1edbi vi\u1ec7c \u0111\u1ecdc, nh\u01b0ng sau \u0111\u00f3 \u00f4ng ti\u1ebfp t\u1ee5c vi\u1ebft th\u00eam nhi\u1ec1u s\u00e1ch n\u1eefa, b\u1edfi &#8220;\u0111\u01a1n gi\u1ea3n l\u00e0 vi\u1ec7c t\u01b0\u1edfng t\u01b0\u1ee3ng khi\u1ebfn t\u00f4i c\u1ea3m th\u1ea5y vui\u201d. Sam \u0111\u00e3 k\u1ebft h\u00f4n, c\u00f3 ba ng\u01b0\u1eddi con \u0111\u00e3 tr\u01b0\u1edfng th\u00e0nh v\u00e0 m\u1ed9t con r\u00f9a. Hi\u1ec7n \u00f4ng s\u1ed1ng t\u1ea1i County Antrim, B\u1eafc Ireland.<\/p>\n<p>Anita Jeram<\/p>\n<p>Anita Jeram sinh ra v\u00e0 l\u1edbn l\u00ean t\u1ea1i Portsmouth. Anita ch\u1ee7 y\u1ebfu minh h\u1ecda s\u00e1ch thi\u1ebfu nhi, n\u1ed5i ti\u1ebfng nh\u1ea5t v\u1edbi t\u00e1c ph\u1ea9m Con y\u00eau b\u1ed1 ch\u1eebng n\u00e0o. Anita k\u1ebft h\u00f4n v\u1edbi m\u1ed9t nh\u00e0 c\u1ed5 sinh v\u1eadt h\u1ecdc, c\u00f3 ba con v\u00e0 m\u1ed9t b\u1ea7y th\u00fa nu\u00f4i, bao g\u1ed3m ch\u00f3, m\u00e8o, th\u1ecf, c\u00f3c, m\u1ed9t con th\u1eb1n l\u1eb1n, m\u1ed9t con r\u1eafn v\u00e0 m\u1ed9t con r\u00f9a. C\u00f4 hi\u1ec7n s\u1ed1ng t\u1ea1i B\u1eafc Ireland v\u00e0 hy v\u1ecdng s\u1ebd x\u00e2y d\u1ef1ng \u0111\u01b0\u1ee3c m\u1ed9t khu b\u1ea3o t\u1ed3n \u0111\u1ed9ng v\u1eadt.<\/p>\n","protected":false},"excerpt":{"rendered":"<p>\u0110\u00f4i l\u00fac, khi y\u00eau m\u1ed9t ai \u0111\u00f3 nhi\u1ec1u \u01a1i l\u00e0 nhi\u1ec1u, ta s\u1ebd mu\u1ed1n t\u00ecm m\u1ecdi c\u00e1ch \u0111\u1ec3 di\u1ec5n \u0111\u1ea1t nh\u1eefng c\u1ea3m x\u00fac tuy\u1ec7t v\u1eddi \u0111ang tr\u00e0n ng\u1eadp l\u00f2ng m\u00ecnh. \u1ea4y th\u1ebf nh\u01b0ng Th\u1edf N\u00e2u B\u1ed1 v\u00e0 Th\u1ecf N\u00e2u Con \u0111\u00e3 kh\u00e1m ph\u00e1 ra r\u1eb1ng: y\u00eau th\u01b0\u01a1ng kh\u00f4ng ph\u1ea3i m\u1ed9t th\u1ee9 \u0111\u1ec3 \u0111o l\u01b0\u1eddng.<\/p>\n<p>C\u00e2u chuy\u1ec7n v\u1ec1 n\u1ed7 l\u1ef1c b\u00e0y t\u1ecf t\u00ecnh y\u00eau c\u1ee7a hai b\u1ed1 con nh\u00e0 th\u1ecf \u0111\u00e3 tr\u1edf th\u00e0nh m\u1ed9t hi\u1ec7n t\u01b0\u1ee3ng xu\u1ea5t b\u1ea3n v\u1edbi s\u1ed1 l\u01b0\u1ee3ng b\u00e1n ra h\u01a1n 33 tri\u1ec7u b\u1ea3n tr\u00ean to\u00e0n th\u1ebf gi\u1edbi, bi\u1ebfn cu\u1ed1n s\u00e1ch tr\u1edf th\u00e0nh m\u1ed9t t\u00e1c ph\u1ea9m thi\u1ebfu nhi kinh \u0111i\u1ec3n th\u1eddi hi\u1ec7n \u0111\u1ea1i.<\/p>\n<p>Nh\u1eefng c\u00e2u chuy\u1ec7n v\u0129 \u0111\u1ea1i nh\u1ea5t ch\u01b0a h\u1eb3n \u0111\u00e3 l\u00e0 c\u00e2u chuy\u1ec7n \u0111\u1ed3 s\u1ed9 nh\u1ea5t, m\u1edbi m\u1ebb nh\u1ea5t m\u00e0 l\u00e0 nh\u1eefng c\u00e2u chuy\u1ec7n ta \u0111\u00e3 bi\u1ebft r\u1ed3i nh\u01b0ng v\u1eabn mu\u1ed1n nghe k\u1ec3 l\u1ea1i l\u1ea7n n\u1eefa. Nh\u1eefng b\u1ee9c tranh g\u00e2y x\u00fac \u0111\u1ed9ng nh\u1ea5t ch\u01b0a h\u1eb3n l\u00e0 nh\u1eefng b\u1ee9c tranh ho\u00e0nh tr\u00e1ng m\u00e0 ta ch\u01b0a th\u1ea5y bao gi\u1edd, m\u00e0 l\u00e0 nh\u1eefng b\u1ee9c tranh gi\u1ea3n d\u1ecb ta \u0111\u00e3 xem r\u1ed3i nh\u01b0ng v\u1eabn mu\u1ed1n xem l\u1ea1i l\u1ea7n n\u1eefa, v\u00e0 l\u1ea1i th\u00eam m\u1ed9t l\u1ea7n n\u1eefa.<\/p>\n<p>Con y\u00eau b\u1ed1 ch\u1eebng n\u00e0o l\u00e0 m\u1ed9t c\u00e2u chuy\u1ec7n nh\u01b0 th\u1ebf, \u0111\u01b0\u1ee3c minh h\u1ecda b\u1eb1ng nh\u1eefng b\u1ee9c tranh nh\u01b0 th\u1ebf. Ra \u0111\u1eddi t\u1eeb n\u0103m 1994, c\u00e2u chuy\u1ec7n gi\u1ea3n d\u1ecb n\u00e0y c\u1ee7a Sam McBratney, \u0111\u01b0\u1ee3c minh h\u1ecda b\u1eb1ng nh\u1eefng b\u1ee9c tranh m\u00e0u n\u01b0\u1edbc tuy\u1ec7t \u0111\u1eb9p c\u1ee7a Anita Jeram, \u0111\u00e3 chi\u1ebfm tr\u1ecdn \u0111\u01b0\u1ee3c tr\u00e1i tim c\u1ee7a \u0111\u1ed9c gi\u1ea3, c\u1ea3 ng\u01b0\u1eddi l\u1edbn v\u00e0 tr\u1ebb em.<\/p>\n","protected":false},"featured_media":12330,"template":"","meta":{"_acf_changed":false},"product_brand":[],"product_cat":[24,25,17],"product_tag":[],"class_list":{"0":"post-12337","1":"product","2":"type-product","3":"status-publish","4":"has-post-thumbnail","6":"product_cat-nha-tre-mau-giao-0-tuoi-6-tuoi","7":"product_cat-nhi-dong-6-tuoi-12-tuoi","8":"product_cat-sach-danh-cho-cac-be","10":"first","11":"instock","12":"taxable","13":"shipping-taxable","14":"purchasable","15":"product-type-simple"},"supplier_id":null,"supplier_sku":"","barcode":null,"atum_controlled":true,"out_stock_date":null,"out_stock_threshold":null,"inheritable":false,"inbound_stock":0,"stock_on_hold":0,"sold_today":0,"sales_last_days":0,"reserved_stock":0,"customer_returns":0,"warehouse_damage":0,"lost_in_post":0,"other_logs":0,"out_stock_days":0,"lost_sales":0,"has_location":false,"update_date":"2026-01-28T23:11:28","atum_locations":[],"atum_stock_status":"instock","restock_status":false,"low_stock_amount":"","sales_update_date":"2026-01-28T23:11:28","calc_backorders":null,"acf":{"publisher":{"ID":1424,"post_author":"1","post_date":"2021-02-17 00:02:29","post_date_gmt":"2021-02-16 22:02:29","post_content":"<!-- wp:flatsome\/uxbuilder -->\n<h1 style=\"text-align: center\"><strong>Nh\u00e3 Nam<\/strong><\/h1>\n[row]\n\n[col span=\"6\" span__sm=\"12\"]\n\n[ux_image id=\"1438\" image_size=\"medium\"]\n\n\n[\/col]\n[col span=\"6\" span__sm=\"12\"]\n\n<p><strong>C\u00f4ng ty c\u1ed5 ph\u1ea7n V\u0103n h\u00f3a v\u00e0 Truy\u1ec1n th\u00f4ng Nh\u00e3 Nam<\/strong><\/p>\n<p>Th\u00e1ng 2 n\u0103m 2005, Nh\u00e3 Nam, t\u00ean \u0111\u1ea7y \u0111\u1ee7 l\u00e0 C\u00f4ng ty C\u1ed5 ph\u1ea7n V\u0103n h\u00f3a v\u00e0 Truy\u1ec1n th\u00f4ng Nh\u00e3 Nam \u0111\u00e3 gia nh\u1eadp th\u1ecb tr\u01b0\u1eddng s\u00e1ch. T\u00e1c ph\u1ea9m \"Balzac v\u00e0 c\u00f4 b\u00e9 th\u1ee3 may Trung hoa\" c\u1ee7a \u0110\u1edbi T\u01b0 Ki\u1ec7t l\u00e0 cu\u1ed1n s\u00e1ch \u0111\u1ea7u ti\u00ean \u0111\u01b0\u1ee3c nh\u1eefng ng\u01b0\u1eddi s\u00e1ng l\u1eadp Nh\u00e3 Nam xu\u1ea5t b\u1ea3n c\u1ea3 tr\u01b0\u1edbc khi c\u00f4ng ty ra \u0111\u1eddi. Ngay l\u1eadp t\u1ee9c t\u1eeb cu\u1ed1n s\u00e1ch \u0111\u1ea7u ti\u00ean, \u0111\u1ed9c gi\u1ea3 \u0111\u00e3 d\u00e0nh s\u1ef1 quan t\u00e2m v\u00e0 y\u00eau m\u1ebfn cho m\u1ed9t th\u01b0\u01a1ng hi\u1ec7u s\u00e1ch m\u1edbi m\u1ebb mang trong m\u00ecnh kh\u00e1t v\u1ecdng g\u00f3p ph\u1ea7n t\u1ea1o l\u1eadp di\u1ec7n m\u1ea1o m\u1edbi cho xu\u1ea5t b\u1ea3n v\u0103n h\u1ecdc t\u1ea1i Vi\u1ec7t Nam.<\/p>\n<p>L\u00f2ng say m\u00ea c\u1ee7a \u0111\u1ed9i ng\u0169 l\u00e0 vi\u00ean \u0111\u00e1 \u0111\u1ea7u ti\u00ean. Tr\u1ea3i qua m\u1ea5y n\u0103m ph\u00e1t tri\u1ec3n, Nh\u00e3 Nam \u0111\u00e3 \u0111\u01b0\u1ee3c x\u00e2y d\u1ef1ng d\u1ea7n l\u00ean trong di\u1ec7n m\u1ea1o m\u1ed9t nh\u00e0 xu\u1ea5t b\u1ea3n v\u1eefng ch\u00e3i v\u00e0 chuy\u00ean nghi\u1ec7p. S\u00e1u th\u00e1ng sau khi th\u00e0nh l\u1eadp c\u00f4ng ty, Nh\u1eadt k\u00fd \u0110\u1eb7ng Th\u00f9y Tr\u00e2m ra \u0111\u1eddi, t\u1ea1o n\u00ean m\u1ed9t c\u01a1n s\u1ed1t trong x\u00e3 h\u1ed9i, v\u1edbi g\u1ea7n 500,000 b\u1ea3n s\u00e1ch \u0111\u01b0\u1ee3c ph\u00e1t h\u00e0nh, ph\u00e1 m\u1ecdi k\u1ef7 l\u1ee5c v\u1ec1 xu\u1ea5t b\u1ea3n tr\u01b0\u1edbc \u0111\u00f3, k\u00e9o theo m\u1ed9t lo\u1ea1t nh\u1eefng hi\u1ec7u \u1ee9ng x\u00e3 h\u1ed9i v\u00e0 d\u01b0 lu\u1eadn c\u00f3 \u00fd ngh\u0129a. T\u1eeb \u0111\u00f3 tr\u1edf \u0111i, th\u00f4ng qua Nh\u00e3 Nam, c\u00e1c cu\u1ed1n s\u00e1ch v\u0103n h\u1ecdc n\u01b0\u1edbc ngo\u00e0i c\u00f3 gi\u00e1 tr\u1ecb \u0111\u01b0\u1ee3c li\u00ean t\u1ee5c mua b\u1ea3n quy\u1ec1n v\u00e0 xu\u1ea5t b\u1ea3n t\u1ea1i Vi\u1ec7t Nam, thu h\u00fat nhi\u1ec1u t\u1ea7ng l\u1edbp \u0111\u1ed9c gi\u1ea3. S\u00e1ch c\u1ee7a Nh\u00e3 Nam n\u1ed5i b\u1eadt b\u1edfi n\u1ed9i dung v\u0103n h\u1ecdc tinh t\u1ebf, b\u1edfi v\u1ebb \u0111\u1eb9p c\u1ee7a thi\u1ebft k\u1ebf hi\u1ec7n \u0111\u1ea1i \u1edf h\u00ecnh th\u1ee9c, b\u1edfi s\u1ef1 ch\u0103m ch\u00fat k\u1ef9 l\u01b0\u1ee1ng cho m\u1ed7i cu\u1ed1n s\u00e1ch nh\u01b0 m\u1ed9t con thuy\u1ec1n mang t\u1edbi ni\u1ec1m vui, tri th\u1ee9c, ng\u1ea1c nhi\u00ean, v\u00e0 \u0111\u1ed3ng c\u1ea3m.<\/p>\n\n[\/col]\n\n[\/row]\n<p style=\"text-align: left\">Hi\u1ec3u th\u1eddi \u0111\u1ea1i \u0111ang s\u1ed1ng th\u00f4ng qua s\u00e1ch, song h\u00e0nh v\u1edbi nh\u1eefng bi\u1ebfn chuy\u1ec3n s\u00e2u s\u1eafc trong l\u00f2ng x\u00e3 h\u1ed9i b\u1eb1ng nh\u1eefng ho\u1ea1t \u0111\u1ed9ng xu\u1ea5t b\u1ea3n mi\u1ec7t m\u00e0i v\u00e0 qu\u1ea3 c\u1ea3m, con \u0111\u01b0\u1eddng Nh\u00e3 Nam \u0111\u00e3 ch\u1ecdn \u0111\u1ec3 \u0111i s\u1ebd c\u00f2n d\u00e0i. Nhi\u1ec1u kh\u00f3 kh\u0103n, th\u1eed th\u00e1ch \u0111ang \u1edf ph\u00eda tr\u01b0\u1edbc. B\u01b0\u1edbc qua th\u1eddi k\u1ef3 s\u01a1 khai v\u1edbi nh\u1eefng b\u00e0i h\u1ecdc v\u00e0 nh\u1eefng kinh nghi\u1ec7m \u0111\u1ea7u ti\u00ean, Nh\u00e3 Nam gi\u1edd \u0111\u00e3 s\u1eb5n s\u00e0ng cho m\u1ed9t ch\u1eb7ng \u0111\u01b0\u1eddng ph\u00e1t tri\u1ec3n m\u1edbi. V\u00e0 ch\u00fang t\u00f4i mu\u1ed1n ho\u00e0n thi\u1ec7n m\u00ecnh trong s\u1ef1 c\u1ea7u th\u1ecb v\u00e0 c\u1ea9n tr\u1ecdng. T\u1ea5t c\u1ea3 v\u00ec m\u1ed9t gia s\u1ea3n s\u00e1ch to l\u1edbn, c\u00f3 s\u1ee9c s\u1ed1ng d\u00e0i l\u00e2u, c\u00f3 \u00fd ngh\u0129a v\u1edbi nhi\u1ec1u th\u1ebf h\u1ec7 b\u1ea1n \u0111\u1ecdc.<br \/>B\u1edfi v\u00ec s\u00e1ch l\u00e0 th\u1ebf gi\u1edbi.<\/p>\n<p><strong>\u0110\u00e2y l\u00e0 m\u1ed9t nh\u00e0 ph\u00e1t h\u00e0nh s\u00e1ch m\u00e0 SACHVIET.EU r\u1ea5t y\u00eau th\u00edch v\u00e0 tin t\u01b0\u1edfng. Nh\u00ecn \u0111\u01b0\u1ee3c t\u1ea7m \u1ea3nh h\u01b0\u1edfng c\u1ee7a Nh\u00e3 Nam qua t\u1eebng cu\u1ed1n s\u00e1ch, SACHVIET.EU li\u00ean h\u1ec7 h\u1ee3p t\u00e1c ngay v\u1edbi Nh\u00e3 Nam \u0111\u1ec3 \u0111em to\u00e0n b\u1ed9 nh\u1eefng t\u00e1c ph\u1ea9m m\u1edbi, hay nh\u1ea5t m\u00e0 Nh\u00e3 Nam c\u00f3 sang Ch\u00e2u \u00c2u, \u0111\u01b0a \u0111\u1ebfn cho \u0111\u1ed9c gi\u1ea3 c\u00f3 nhi\u1ec1u s\u1ef1 l\u1ef1a ch\u1ecdn phong ph\u00fa h\u01a1n c\u1ea3 s\u00e1ch cho tr\u1ebb em l\u1eabn ng\u01b0\u1eddi l\u1edbn.\u00a0<\/strong><\/p>\n\n<!-- \/wp:flatsome\/uxbuilder -->","post_title":"Nh\u00e3 Nam","post_excerpt":"","post_status":"publish","comment_status":"closed","ping_status":"closed","post_password":"","post_name":"nha-nam","to_ping":"","pinged":"","post_modified":"2022-12-19 23:15:33","post_modified_gmt":"2022-12-19 21:15:33","post_content_filtered":"","post_parent":0,"guid":"https:\/\/sachviet.eu\/?post_type=publisher&#038;p=1424","menu_order":0,"post_type":"publisher","post_mime_type":"","comment_count":"0","filter":"raw"}},"_links":{"self":[{"href":"https:\/\/sachviet.eu\/en\/wp-json\/wp\/v2\/product\/12337","targetHints":{"allow":["GET"]}}],"collection":[{"href":"https:\/\/sachviet.eu\/en\/wp-json\/wp\/v2\/product"}],"about":[{"href":"https:\/\/sachviet.eu\/en\/wp-json\/wp\/v2\/types\/product"}],"wp:featuredmedia":[{"embeddable":true,"href":"https:\/\/sachviet.eu\/en\/wp-json\/wp\/v2\/media\/12330"}],"wp:attachment":[{"href":"https:\/\/sachviet.eu\/en\/wp-json\/wp\/v2\/media?parent=12337"}],"wp:term":[{"taxonomy":"product_brand","embeddable":true,"href":"https:\/\/sachviet.eu\/en\/wp-json\/wp\/v2\/product_brand?post=12337"},{"taxonomy":"product_cat","embeddable":true,"href":"https:\/\/sachviet.eu\/en\/wp-json\/wp\/v2\/product_cat?post=12337"},{"taxonomy":"product_tag","embeddable":true,"href":"https:\/\/sachviet.eu\/en\/wp-json\/wp\/v2\/product_tag?post=12337"}],"curies":[{"name":"wp","href":"https:\/\/api.w.org\/{rel}","templated":true}]}}