{"id":1212,"date":"2021-02-14T16:43:44","date_gmt":"2021-02-14T14:43:44","guid":{"rendered":"https:\/\/sachviet.eu\/shop\/nhung-cuoc-phieu-luu-cua-pinocchio\/"},"modified":"2024-08-10T12:50:23","modified_gmt":"2024-08-10T09:50:23","slug":"nhung-cuoc-phieu-luu-cua-pinocchio","status":"publish","type":"product","link":"https:\/\/sachviet.eu\/en\/shop\/nhung-cuoc-phieu-luu-cua-pinocchio\/","title":{"rendered":"Nh\u1eefng Cu\u1ed9c Phi\u00eau L\u01b0u C\u1ee7a Pinocchio"},"content":{"rendered":"<p>H\u01a1n 100 n\u0103m qua, k\u1ec3 t\u1eeb khi ra \u0111\u1eddi, c\u00e2u chuy\u1ec7n Nh\u1eefng cu\u1ed9c phi\u00eau l\u01b0u c\u1ee7a Pinocchio c\u1ee7a Carlo Collodi \u0111\u00e3 l\u00e0m say m\u00ea bao th\u1ebf h\u1ec7 tr\u1ebb em kh\u1eafp th\u1ebf gi\u1edbi. T\u1eeb nguy\u00ean b\u1ea3n t\u00e1c ph\u1ea9m, bi\u1ebft bao cu\u1ed1n s\u00e1ch, bao th\u01b0\u1edbc phim v\u1ec1 c\u1eadu b\u00e9 Pinocchio \u0111\u00e3 ra \u0111\u1eddi \u1edf nhi\u1ec1u qu\u1ed1c gia. L\u1ea7n n\u00e0y, Pinocchio \u0111\u1ebfn v\u1edbi \u0111\u1ed9c gi\u1ea3 nh\u1ecf tu\u1ed5i Vi\u1ec7t Nam v\u1edbi nh\u1eefng \u0111i\u1ec1u v\u00f4 c\u00f9ng \u0111\u1eb7c bi\u1ec7t v\u00e0 th\u00fa v\u1ecb th\u00f4ng qua h\u00ecnh th\u1ee9c truy\u1ec7n tranh.<\/p>\n<p>Cu\u1ed1n s\u00e1ch \u0111\u01b0\u1ee3c minh h\u1ecda b\u1edfi ch\u00ednh m\u1ed9t h\u1ecda s\u0129 ng\u01b0\u1eddi \u00dd, qu\u00ea h\u01b0\u01a1ng c\u1ee7a Pinocchio &#8211; h\u1ecda s\u0129 Tony Wolf &#8211; ng\u01b0\u1eddi \u0111\u00e3 tr\u1edf n\u00ean r\u1ea5t \u0111\u1ed7i quen thu\u1ed9c v\u1edbi \u0111\u1ed9c gi\u1ea3 Vi\u1ec7t Nam qua b\u1ed9 Chuy\u1ec7n r\u1eebng nay s\u1ebd ti\u1ebfp t\u1ee5c mang \u0111\u1ebfn cho c\u00e1c em nh\u1eefng h\u00ecnh \u1ea3nh v\u00f4 c\u00f9ng sinh \u0111\u1ed9ng, ng\u1ed9 ngh\u0129nh v\u1ec1 ch\u00fa b\u00e9 g\u1ed7 Pinocchio.<\/p>\n<p>C\u00f3 th\u1ec3 n\u00f3i, ch\u00ednh nh\u1eefng h\u00ecnh \u1ea3nh s\u1ed1ng \u0111\u1ed9ng \u1ea5y \u0111\u00e3 li\u00ean k\u1ebft m\u1ed9t chu\u1ed7i c\u00e1c t\u00ecnh ti\u1ebft c\u00e2u chuy\u1ec7n, t\u1ea1o n\u00ean s\u1ee9c h\u1ea5p d\u1eabn c\u0169ng nh\u01b0 s\u1ef1 li k\u00ec c\u1ee7a chuy\u1ebfn phi\u00eau l\u01b0u, khi\u1ebfn cho \u0111\u1ed9c gi\u1ea3 c\u00f3 c\u1ea3m gi\u00e1c nh\u01b0 \u0111ang \u0111\u01b0\u1ee3c c\u00f9ng b\u01b0\u1edbc v\u00e0o th\u1ebf gi\u1edbi c\u1ee7a Pinocchio. C\u00e1i th\u1ebf gi\u1edbi m\u00e0 kh\u00f4ng \u0111\u01a1n thu\u1ea7n ch\u1ec9 \u0111\u01b0\u1ee3c x\u00e2y d\u1ef1ng l\u00ean b\u1edfi nh\u1eefng \u0111\u01b0\u1eddng n\u00e9t minh h\u1ecda tinh t\u1ebf m\u00e0 c\u00f2n do s\u1ef1 ph\u1ed1i m\u00e0u r\u1ea5t h\u00e0i h\u00f2a.<\/p>\n<p>B\u00ean c\u1ea1nh \u0111\u00f3, v\u1edbi v\u0103n phong trong s\u00e1ng, t\u1ef1 nhi\u00ean v\u00e0 l\u1ed1i k\u1ec3 chuy\u1ec7n h\u00e0i h\u01b0\u1edbc, d\u00ed d\u1ecfm, cu\u1ed1n s\u00e1ch s\u1ebd t\u1ea1o cho c\u00e1c em s\u1ef1 g\u1ea7n g\u0169i khi c\u00f9ng s\u1ebb chia v\u1edbi c\u1eadu b\u00e9 Pinochio nh\u1eefng th\u1eed th\u00e1ch v\u00e0 kh\u00f3 kh\u0103n tr\u00ean ch\u1eb7ng \u0111\u01b0\u1eddng tr\u1edf th\u00e0nh ng\u01b0\u1eddi t\u1ed1t.<\/p>\n<p>Ngo\u00e0i ra, ph\u1ea7n cu\u1ed1i cu\u1ed1n s\u00e1ch c\u00f2n d\u00e0nh \u0111\u00f4i d\u00f2ng ng\u1eafn g\u1ecdn k\u00e8m m\u1ed9t v\u00e0i minh h\u1ecda \u0111\u1ec3 gi\u00fap c\u00e1c em hi\u1ec3u th\u00eam \u0111\u00f4i \u0111i\u1ec1u v\u1ec1 ti\u1ec3u s\u1eed Carlo Collodi &#8211; \u201ccha \u0111\u1ebb\u201d c\u1ee7a ki\u1ec7t t\u00e1c n\u00e0y c\u0169ng nh\u01b0 b\u1ed1i c\u1ea3nh v\u00e0 qu\u00e1 tr\u00ecnh ra \u0111\u1eddi t\u00e1c ph\u1ea9m.<\/p>\n<p>Nh\u1eefng cu\u1ed9c phi\u00eau l\u01b0u c\u1ee7a Pinocchio kh\u00f4ng ch\u1ec9 l\u00e0 m\u1ed9t cu\u1ed1n s\u00e1ch \u0111\u1eb9p c\u00f2n l\u00e0 m\u1ed9t cu\u1ed1n s\u00e1ch hay. Cu\u1ed1n s\u00e1ch c\u0169ng s\u1ebd trao cho c\u00e1c em nh\u1eefng th\u00f4ng \u0111i\u1ec7p qu\u00fd gi\u00e1 v\u1ec1 c\u00e1ch c\u01b0 x\u1eed, v\u1ec1 l\u00f2ng hi\u1ebfu th\u1ea3o v\u00e0 s\u1ef1 nh\u00e2n \u00e1i. \u0110\u1ed3ng th\u1eddi qua \u0111\u00f3 nh\u1eafn nh\u1ee7 v\u1edbi ng\u01b0\u1eddi l\u1edbn r\u1eb1ng: tr\u1ebb nh\u1ecf d\u1eabu c\u00f3 l\u00fac h\u01b0 h\u1ecfng \u0111\u1ebfn \u0111\u00e2u nh\u01b0ng cu\u1ed1i c\u00f9ng v\u1eabn c\u00f3 th\u1ec3 tr\u1edf th\u00e0nh ng\u01b0\u1eddi t\u1ed1t, ch\u1ec9 c\u1ea7n ch\u00fang ta ki\u00ean tr\u00ec d\u1ea1y d\u1ed7, \u0111\u1eb7t ni\u1ec1m tin v\u00e0 cho ch\u00fang c\u01a1 h\u1ed9i!<\/p>\n<p><strong>Th\u00f4ng tin t\u00e1c gi\u1ea3:<\/strong><\/p>\n<p>Carlo Collodi (1826 \u2013 1890), t\u00ean th\u1eadt Carlo Lorenzini, l\u00e0 nh\u00e0 b\u00e1o, nh\u00e0 v\u0103n ng\u01b0\u1eddi \u00dd. T\u00ecnh y\u00eau v\u0103n ch\u01b0\u01a1ng n\u01a1i \u00f4ng n\u1ea3y n\u1edf trong th\u1eddi gian \u00f4ng l\u00e0m vi\u1ec7c t\u1ea1i m\u1ed9t hi\u1ec7u s\u00e1ch \u1edf Florence v\u00e0 \u0111\u01b0\u1ee3c g\u1eb7p g\u1ee1 m\u1ed9t s\u1ed1 nh\u00e0 v\u0103n. Khi \u0111\u1ea5t n\u01b0\u1edbc l\u00e2m c\u1ea3nh chi\u1ebfn tranh, \u00f4ng d\u00f9ng ng\u00f2i b\u00fat k\u00fd gi\u1ea3 g\u00f3p s\u1ee9c \u0111\u1ea5u tranh ch\u1ed1ng l\u1ea1i ng\u01b0\u1eddi \u00c1o, ho\u1ea1t \u0111\u1ed9ng s\u00f4i n\u1ed5i tr\u00ean c\u00e1c t\u1edd b\u00e1o ch\u00ednh tr\u1ecb song song v\u1edbi vi\u1ec7c vi\u1ebft v\u0103n tr\u00e0o ph\u00fang. \u0110\u1ebfn khi n\u01b0\u1edbc \u00dd th\u1ed1ng nh\u1ea5t n\u0103m 1861, Collodi t\u1eeb b\u1ecf ngh\u1ec1 b\u00e1o v\u00e0 chuy\u00ean t\u00e2m s\u00e1ng t\u00e1c v\u0103n h\u1ecdc thi\u1ebfu nhi, kh\u1edfi s\u1ef1 b\u1eb1ng vi\u1ec7c d\u1ecbch truy\u1ec7n c\u1ed5 t\u00edch c\u1ee7a nh\u00e0 v\u0103n Ph\u00e1p Charles Perrault sang ti\u1ebfng \u00dd. N\u0103m 1881, \u00f4ng \u0111\u0103ng c\u00e2u chuy\u1ec7n v\u1ec1 c\u1eadu b\u00e9 ng\u01b0\u1eddi g\u1ed7 Pinocchio tr\u00ean t\u1ea1p ch\u00ed thi\u1ebfu nhi Il Giornale per i bambini, r\u1ed3i xu\u1ea5t b\u1ea3n th\u00e0nh s\u00e1ch v\u00e0o n\u0103m 1883 d\u01b0\u1edbi t\u00ean Nh\u1eefng cu\u1ed9c phi\u00eau l\u01b0u c\u1ee7a Pinocchio. Cu\u1ed1n s\u00e1ch tr\u1edf th\u00e0nh t\u00e1c ph\u1ea9m v\u0103n h\u1ecdc thi\u1ebfu nhi kinh \u0111i\u1ec3n c\u1ee7a th\u1ebf gi\u1edbi, \u0111\u01b0\u1ee3c d\u1ecbch ra h\u01a1n 200 ng\u00f4n ng\u1eef v\u00e0 nhi\u1ec1u l\u1ea7n \u0111\u01b0\u1ee3c chuy\u1ec3n th\u1ec3 th\u00e0nh phim v\u00e0 k\u1ecbch. Collodi ti\u1ebfp t\u1ee5c s\u00e1ng t\u00e1c cho thi\u1ebfu nhi cho \u0111\u1ebfn khi \u00f4ng qua \u0111\u1eddi \u0111\u1ed9t ng\u1ed9t t\u1ea1i Florence v\u00e0o ng\u00e0y 26 th\u00e1ng 10 n\u0103m 1890.<\/p>\n<p><strong>Nh\u1eadn x\u00e9t v\u1ec1 t\u00e1c ph\u1ea9m:<\/strong><\/p>\n<p><strong>\u201cTr\u01b0\u1edbc ti\u00ean ph\u1ea3i n\u00f3i r\u1eb1ng m\u1eb7c d\u00f9 \u0111\u01b0\u1ee3c vi\u1ebft v\u00e0o th\u1ebf k\u1ef7 19, nh\u01b0ng nguy\u00ean t\u00e1c Pinocchio v\u1eabn d\u1ec5 \u0111\u1ecdc nh\u01b0 th\u1ec3 \u0111\u01b0\u1ee3c vi\u1ebft v\u00e0o th\u1ebf k\u1ef7 21, v\u1edbi l\u1eddi v\u0103n r\u1ea5t trong tr\u1ebbo v\u00e0 gi\u1ea3n d\u1ecb\u2026 kh\u00f4ng g\u00f3i g\u1ecdn v\u00e0o m\u1ed9t th\u1ee9 lu\u00e2n l\u00fd c\u01a1 b\u1ea3n \u0111\u01a1n thu\u1ea7n n\u00e0o, m\u00e0 bao h\u00e0m nhi\u1ec1u v\u1ea5n \u0111\u1ec1<\/strong>.\u201d &#8211; Umberto Eco<\/p>\n<p><strong>\u201cVi\u1ec7c \u0111\u1ecdc s\u00e1ch, t\u00f4i cho r\u1eb1ng ph\u1ea3i b\u1eaft \u0111\u1ea7u v\u1edbi Pinocchio.\u201d<\/strong> &#8211; Italo Calvino<\/p>\n<p><strong>\u201cPinocchio l\u00e0 m\u1ed9t ph\u00e9p th\u1eed cho ng\u01b0\u1eddi ngo\u1ea1i qu\u1ed1c. Ai hi\u1ec3u \u0111\u01b0\u1ee3c v\u1ebb \u0111\u1eb9p c\u1ee7a Pinocchio c\u0169ng s\u1ebd hi\u1ec3u \u0111\u01b0\u1ee3c n\u01b0\u1edbc \u00dd.\u201d<\/strong> &#8211; Giuseppe Prezzolini<\/p>\n  <div class=\"banner-grid-wrapper\">\n  <div id=\"banner-grid-1642959052\" class=\"banner-grid row row-grid row-small\" data-packery-options=\"\">\n                      \n<div class=\"col grid-col large-6 grid-col-1\" ><div class=\"col-inner\">\n\t<div class=\"img has-hover x md-x lg-x y md-y lg-y\" id=\"image_1323692834\">\n\t\t\t\t\t\t\t\t<div class=\"img-inner dark\" >\n\t\t\t<img loading=\"lazy\" decoding=\"async\" width=\"1020\" height=\"1020\" src=\"https:\/\/sachviet.eu\/wp-content\/uploads\/2021\/02\/thumb_pinocchio_30-31_5ae2775055c64b04858f1cb1e2267107-1024x1024.jpg\" class=\"attachment-large size-large\" alt=\"\" srcset=\"https:\/\/sachviet.eu\/wp-content\/uploads\/2021\/02\/thumb_pinocchio_30-31_5ae2775055c64b04858f1cb1e2267107-1024x1024.jpg 1024w, https:\/\/sachviet.eu\/wp-content\/uploads\/2021\/02\/thumb_pinocchio_30-31_5ae2775055c64b04858f1cb1e2267107-300x300.jpg 300w, https:\/\/sachviet.eu\/wp-content\/uploads\/2021\/02\/thumb_pinocchio_30-31_5ae2775055c64b04858f1cb1e2267107-150x150.jpg 150w, https:\/\/sachviet.eu\/wp-content\/uploads\/2021\/02\/thumb_pinocchio_30-31_5ae2775055c64b04858f1cb1e2267107-768x768.jpg 768w, https:\/\/sachviet.eu\/wp-content\/uploads\/2021\/02\/thumb_pinocchio_30-31_5ae2775055c64b04858f1cb1e2267107-1536x1536.jpg 1536w, https:\/\/sachviet.eu\/wp-content\/uploads\/2021\/02\/thumb_pinocchio_30-31_5ae2775055c64b04858f1cb1e2267107.jpg 2048w, https:\/\/sachviet.eu\/wp-content\/uploads\/2021\/02\/thumb_pinocchio_30-31_5ae2775055c64b04858f1cb1e2267107-600x600.jpg 600w, https:\/\/sachviet.eu\/wp-content\/uploads\/2021\/02\/thumb_pinocchio_30-31_5ae2775055c64b04858f1cb1e2267107-100x100.jpg 100w\" sizes=\"auto, (max-width: 1020px) 100vw, 1020px\" \/>\t\t\t\t\t\t\n\t\t\t\t\t<\/div>\n\t\t\t\t\t\t\t\t\n<style>\n#image_1323692834 {\n  width: 100%;\n}\n<\/style>\n\t<\/div>\n\t\n<\/div><\/div>\n<div class=\"col grid-col large-6 grid-col-1-2\" ><div class=\"col-inner\">\n\t<div class=\"img has-hover x md-x lg-x y md-y lg-y\" id=\"image_567809459\">\n\t\t\t\t\t\t\t\t<div class=\"img-inner dark\" >\n\t\t\t<img loading=\"lazy\" decoding=\"async\" width=\"1020\" height=\"1020\" src=\"https:\/\/sachviet.eu\/wp-content\/uploads\/2021\/02\/thumb_pinocchio_10-11_24db1fdd7f204cae8d041a6d8fc60197-1024x1024.jpg\" class=\"attachment-large size-large\" alt=\"\" srcset=\"https:\/\/sachviet.eu\/wp-content\/uploads\/2021\/02\/thumb_pinocchio_10-11_24db1fdd7f204cae8d041a6d8fc60197-1024x1024.jpg 1024w, https:\/\/sachviet.eu\/wp-content\/uploads\/2021\/02\/thumb_pinocchio_10-11_24db1fdd7f204cae8d041a6d8fc60197-300x300.jpg 300w, https:\/\/sachviet.eu\/wp-content\/uploads\/2021\/02\/thumb_pinocchio_10-11_24db1fdd7f204cae8d041a6d8fc60197-150x150.jpg 150w, https:\/\/sachviet.eu\/wp-content\/uploads\/2021\/02\/thumb_pinocchio_10-11_24db1fdd7f204cae8d041a6d8fc60197-768x768.jpg 768w, https:\/\/sachviet.eu\/wp-content\/uploads\/2021\/02\/thumb_pinocchio_10-11_24db1fdd7f204cae8d041a6d8fc60197-1536x1536.jpg 1536w, https:\/\/sachviet.eu\/wp-content\/uploads\/2021\/02\/thumb_pinocchio_10-11_24db1fdd7f204cae8d041a6d8fc60197.jpg 2048w, https:\/\/sachviet.eu\/wp-content\/uploads\/2021\/02\/thumb_pinocchio_10-11_24db1fdd7f204cae8d041a6d8fc60197-600x600.jpg 600w, https:\/\/sachviet.eu\/wp-content\/uploads\/2021\/02\/thumb_pinocchio_10-11_24db1fdd7f204cae8d041a6d8fc60197-100x100.jpg 100w\" sizes=\"auto, (max-width: 1020px) 100vw, 1020px\" \/>\t\t\t\t\t\t\n\t\t\t\t\t<\/div>\n\t\t\t\t\t\t\t\t\n<style>\n#image_567809459 {\n  width: 100%;\n}\n<\/style>\n\t<\/div>\n\t\n<\/div><\/div>\n<div class=\"col grid-col large-6 grid-col-1-2\" ><div class=\"col-inner\">\n\t<div class=\"img has-hover x md-x lg-x y md-y lg-y\" id=\"image_1117193442\">\n\t\t\t\t\t\t\t\t<div class=\"img-inner dark\" >\n\t\t\t<img loading=\"lazy\" decoding=\"async\" width=\"1020\" height=\"1020\" src=\"https:\/\/sachviet.eu\/wp-content\/uploads\/2021\/02\/thumb_pinocchio_52-53_d5e1b0355487453cbccd41efcf25caeb-1024x1024.jpg\" class=\"attachment-large size-large\" alt=\"\" srcset=\"https:\/\/sachviet.eu\/wp-content\/uploads\/2021\/02\/thumb_pinocchio_52-53_d5e1b0355487453cbccd41efcf25caeb-1024x1024.jpg 1024w, https:\/\/sachviet.eu\/wp-content\/uploads\/2021\/02\/thumb_pinocchio_52-53_d5e1b0355487453cbccd41efcf25caeb-300x300.jpg 300w, https:\/\/sachviet.eu\/wp-content\/uploads\/2021\/02\/thumb_pinocchio_52-53_d5e1b0355487453cbccd41efcf25caeb-150x150.jpg 150w, https:\/\/sachviet.eu\/wp-content\/uploads\/2021\/02\/thumb_pinocchio_52-53_d5e1b0355487453cbccd41efcf25caeb-768x768.jpg 768w, https:\/\/sachviet.eu\/wp-content\/uploads\/2021\/02\/thumb_pinocchio_52-53_d5e1b0355487453cbccd41efcf25caeb-1536x1536.jpg 1536w, https:\/\/sachviet.eu\/wp-content\/uploads\/2021\/02\/thumb_pinocchio_52-53_d5e1b0355487453cbccd41efcf25caeb.jpg 2048w, https:\/\/sachviet.eu\/wp-content\/uploads\/2021\/02\/thumb_pinocchio_52-53_d5e1b0355487453cbccd41efcf25caeb-600x600.jpg 600w, https:\/\/sachviet.eu\/wp-content\/uploads\/2021\/02\/thumb_pinocchio_52-53_d5e1b0355487453cbccd41efcf25caeb-100x100.jpg 100w\" sizes=\"auto, (max-width: 1020px) 100vw, 1020px\" \/>\t\t\t\t\t\t\n\t\t\t\t\t<\/div>\n\t\t\t\t\t\t\t\t\n<style>\n#image_1117193442 {\n  width: 100%;\n}\n<\/style>\n\t<\/div>\n\t\n<\/div><\/div>\n            <\/div>\n    <style>\n    #banner-grid-1642959052 .grid-col-1{height: 600px}\n    #banner-grid-1642959052 .grid-col-1-2{height: 300px}\n    #banner-grid-1642959052 .grid-col-1-3{height:200px}\n    #banner-grid-1642959052 .grid-col-2-3{height: 400px}\n    #banner-grid-1642959052 .grid-col-1-4{height: 150px}\n    #banner-grid-1642959052 .grid-col-3-4{height: 450px}\n\n\n    \n    \n\n  <\/style>\n    <\/div>\n  \n","protected":false},"excerpt":{"rendered":"<p>H\u01a1n 100 n\u0103m qua, k\u1ec3 t\u1eeb khi ra \u0111\u1eddi, c\u00e2u chuy\u1ec7n Nh\u1eefng cu\u1ed9c phi\u00eau l\u01b0u c\u1ee7a Pinocchio c\u1ee7a Carlo Collodi \u0111\u00e3 l\u00e0m say m\u00ea bao th\u1ebf h\u1ec7 tr\u1ebb em kh\u1eafp th\u1ebf gi\u1edbi. T\u1eeb nguy\u00ean b\u1ea3n t\u00e1c ph\u1ea9m, bi\u1ebft bao cu\u1ed1n s\u00e1ch, bao th\u01b0\u1edbc phim v\u1ec1 c\u1eadu b\u00e9 Pinocchio \u0111\u00e3 ra \u0111\u1eddi \u1edf nhi\u1ec1u qu\u1ed1c gia. L\u1ea7n n\u00e0y, Pinocchio \u0111\u1ebfn v\u1edbi \u0111\u1ed9c gi\u1ea3 nh\u1ecf tu\u1ed5i Vi\u1ec7t Nam v\u1edbi nh\u1eefng \u0111i\u1ec1u v\u00f4 c\u00f9ng \u0111\u1eb7c bi\u1ec7t v\u00e0 th\u00fa v\u1ecb th\u00f4ng qua h\u00ecnh th\u1ee9c truy\u1ec7n tranh.<\/p>\n<p>Cu\u1ed1n s\u00e1ch \u0111\u01b0\u1ee3c minh h\u1ecda b\u1edfi ch\u00ednh m\u1ed9t h\u1ecda s\u0129 ng\u01b0\u1eddi \u00dd, qu\u00ea h\u01b0\u01a1ng c\u1ee7a Pinocchio &#8211; h\u1ecda s\u0129 Tony Wolf &#8211; ng\u01b0\u1eddi \u0111\u00e3 tr\u1edf n\u00ean r\u1ea5t \u0111\u1ed7i quen thu\u1ed9c v\u1edbi \u0111\u1ed9c gi\u1ea3 Vi\u1ec7t Nam qua b\u1ed9 Chuy\u1ec7n r\u1eebng nay s\u1ebd ti\u1ebfp t\u1ee5c mang \u0111\u1ebfn cho c\u00e1c em nh\u1eefng h\u00ecnh \u1ea3nh v\u00f4 c\u00f9ng sinh \u0111\u1ed9ng, ng\u1ed9 ngh\u0129nh v\u1ec1 ch\u00fa b\u00e9 g\u1ed7 Pinocchio.<\/p>\n<p>C\u00f3 th\u1ec3 n\u00f3i, ch\u00ednh nh\u1eefng h\u00ecnh \u1ea3nh s\u1ed1ng \u0111\u1ed9ng \u1ea5y \u0111\u00e3 li\u00ean k\u1ebft m\u1ed9t chu\u1ed7i c\u00e1c t\u00ecnh ti\u1ebft c\u00e2u chuy\u1ec7n, t\u1ea1o n\u00ean s\u1ee9c h\u1ea5p d\u1eabn c\u0169ng nh\u01b0 s\u1ef1 li k\u00ec c\u1ee7a chuy\u1ebfn phi\u00eau l\u01b0u, khi\u1ebfn cho \u0111\u1ed9c gi\u1ea3 c\u00f3 c\u1ea3m gi\u00e1c nh\u01b0 \u0111ang \u0111\u01b0\u1ee3c c\u00f9ng b\u01b0\u1edbc v\u00e0o th\u1ebf gi\u1edbi c\u1ee7a Pinocchio. C\u00e1i th\u1ebf gi\u1edbi m\u00e0 kh\u00f4ng \u0111\u01a1n thu\u1ea7n ch\u1ec9 \u0111\u01b0\u1ee3c x\u00e2y d\u1ef1ng l\u00ean b\u1edfi nh\u1eefng \u0111\u01b0\u1eddng n\u00e9t minh h\u1ecda tinh t\u1ebf m\u00e0 c\u00f2n do s\u1ef1 ph\u1ed1i m\u00e0u r\u1ea5t h\u00e0i h\u00f2a.<\/p>\n<p>Nh\u1eefng cu\u1ed9c phi\u00eau l\u01b0u c\u1ee7a Pinocchio kh\u00f4ng ch\u1ec9 l\u00e0 m\u1ed9t cu\u1ed1n s\u00e1ch \u0111\u1eb9p c\u00f2n l\u00e0 m\u1ed9t cu\u1ed1n s\u00e1ch hay. Cu\u1ed1n s\u00e1ch c\u0169ng s\u1ebd trao cho c\u00e1c em nh\u1eefng th\u00f4ng \u0111i\u1ec7p qu\u00fd gi\u00e1 v\u1ec1 c\u00e1ch c\u01b0 x\u1eed, v\u1ec1 l\u00f2ng hi\u1ebfu th\u1ea3o v\u00e0 s\u1ef1 nh\u00e2n \u00e1i. \u0110\u1ed3ng th\u1eddi qua \u0111\u00f3 nh\u1eafn nh\u1ee7 v\u1edbi ng\u01b0\u1eddi l\u1edbn r\u1eb1ng:<strong> tr\u1ebb nh\u1ecf d\u1eabu c\u00f3 l\u00fac h\u01b0 h\u1ecfng \u0111\u1ebfn \u0111\u00e2u nh\u01b0ng cu\u1ed1i c\u00f9ng v\u1eabn c\u00f3 th\u1ec3 tr\u1edf th\u00e0nh ng\u01b0\u1eddi t\u1ed1t, ch\u1ec9 c\u1ea7n ch\u00fang ta ki\u00ean tr\u00ec d\u1ea1y d\u1ed7, \u0111\u1eb7t ni\u1ec1m tin v\u00e0 cho ch\u00fang c\u01a1 h\u1ed9i!<\/strong><\/p>\n","protected":false},"featured_media":1193,"template":"","meta":{"_acf_changed":false},"product_brand":[],"product_cat":[25,17],"product_tag":[81],"class_list":{"0":"post-1212","1":"product","2":"type-product","3":"status-publish","4":"has-post-thumbnail","6":"product_cat-nhi-dong-6-tuoi-12-tuoi","7":"product_cat-sach-danh-cho-cac-be","8":"product_tag-sach-gia-uu-dai","10":"first","11":"outofstock","12":"sale","13":"taxable","14":"shipping-taxable","15":"purchasable","16":"product-type-simple"},"supplier_id":null,"supplier_sku":"","barcode":null,"atum_controlled":true,"out_stock_date":"2024-08-10 09:50:23","out_stock_threshold":null,"inheritable":false,"inbound_stock":1,"stock_on_hold":0,"sold_today":0,"sales_last_days":0,"reserved_stock":0,"customer_returns":0,"warehouse_damage":0,"lost_in_post":0,"other_logs":0,"out_stock_days":536,"lost_sales":0,"has_location":false,"update_date":"2026-01-28T23:11:19","atum_locations":[],"atum_stock_status":"outofstock","restock_status":false,"low_stock_amount":"","sales_update_date":"2026-01-28T23:11:19","calc_backorders":null,"acf":{"publisher":{"ID":1544,"post_author":"1","post_date":"2021-02-17 01:24:05","post_date_gmt":"2021-02-16 23:24:05","post_content":"","post_title":"\u0110\u00f4ng A","post_excerpt":"","post_status":"publish","comment_status":"closed","ping_status":"closed","post_password":"","post_name":"dong-a","to_ping":"","pinged":"","post_modified":"2021-02-17 01:24:05","post_modified_gmt":"2021-02-16 23:24:05","post_content_filtered":"","post_parent":0,"guid":"https:\/\/sachviet.eu\/nha-phat-hanh\/dong-a\/","menu_order":0,"post_type":"publisher","post_mime_type":"","comment_count":"0","filter":"raw"}},"_links":{"self":[{"href":"https:\/\/sachviet.eu\/en\/wp-json\/wp\/v2\/product\/1212","targetHints":{"allow":["GET"]}}],"collection":[{"href":"https:\/\/sachviet.eu\/en\/wp-json\/wp\/v2\/product"}],"about":[{"href":"https:\/\/sachviet.eu\/en\/wp-json\/wp\/v2\/types\/product"}],"wp:featuredmedia":[{"embeddable":true,"href":"https:\/\/sachviet.eu\/en\/wp-json\/wp\/v2\/media\/1193"}],"wp:attachment":[{"href":"https:\/\/sachviet.eu\/en\/wp-json\/wp\/v2\/media?parent=1212"}],"wp:term":[{"taxonomy":"product_brand","embeddable":true,"href":"https:\/\/sachviet.eu\/en\/wp-json\/wp\/v2\/product_brand?post=1212"},{"taxonomy":"product_cat","embeddable":true,"href":"https:\/\/sachviet.eu\/en\/wp-json\/wp\/v2\/product_cat?post=1212"},{"taxonomy":"product_tag","embeddable":true,"href":"https:\/\/sachviet.eu\/en\/wp-json\/wp\/v2\/product_tag?post=1212"}],"curies":[{"name":"wp","href":"https:\/\/api.w.org\/{rel}","templated":true}]}}