{"id":1192,"date":"2021-02-14T16:42:52","date_gmt":"2021-02-14T14:42:52","guid":{"rendered":"https:\/\/sachviet.eu\/shop\/tha-dieu-tren-de\/"},"modified":"2023-07-14T23:14:59","modified_gmt":"2023-07-14T20:14:59","slug":"tha-dieu-tren-de","status":"publish","type":"product","link":"https:\/\/sachviet.eu\/en\/shop\/tha-dieu-tren-de\/","title":{"rendered":"Th\u1ea3 di\u1ec1u tr\u00ean \u0111\u00ea"},"content":{"rendered":"<p>Th\u1ea3 Di\u1ec1u Tr\u00ean \u0110\u00ea &#8211; Th\u01a1 Cho Thi\u1ebfu Nhi<\/p>\n<p>N\u1ebfu k\u1ebft h\u1ee3p c\u1ea3 thi ca v\u00e0 h\u1ed9i ho\u1ea1 s\u1ebd ra sao nh\u1ec9? \u0110\u1ec3 c\u00f3 c\u00e2u tr\u1ea3 l\u1eddi, h\u00e3y l\u1eadt gi\u1edf t\u1eebng trang trong cu\u1ed1n s\u00e1ch n\u00e0y nh\u00e9!<br \/>\nM\u1ed7i trang s\u00e1ch \u0111\u01b0a ta l\u1ea1c v\u00e0o m\u1ed9t kh\u00f4ng gian v\u00f4 c\u00f9ng \u0111\u1eb9p \u0111\u1ebd, \u00fd th\u01a1 \u0111\u01b0\u1ee3c t\u00e1i hi\u1ec7n b\u1eb1ng nh\u1eefng n\u00e9t v\u1ebd h\u1ed3n nhi\u00ean, trong s\u00e1ch, gi\u00e0u c\u1ea3m x\u00fac. &#8220;M\u1ed9t v\u00e9 \u0111i tu\u1ed5i th\u01a1&#8221; v\u1edbi Con \u0111\u01b0\u1eddng l\u00e0ng, V\u01b0\u1eddn c\u00e2y c\u1ee7a ba, Anh \u0111om \u0111\u00f3m, Chu\u1ed3n chu\u1ed3n \u1edbt, Tr\u00e2u l\u00e1 m\u00edt, Ch\u00fa b\u00f2 t\u00ecm b\u1ea1n,\u00e2m h\u1ed3n ta nh\u01b0 \u0111\u01b0\u1ee3c t\u01b0\u1edbi m\u00e1t b\u1edfi nh\u1eefng \u00e1ng th\u01a1 trong tr\u1ebbo.<br \/>\nTh\u1ea3 di\u1ec1u tr\u00ean \u0111\u00ea l\u00e0 t\u1ea5t c\u1ea3 tu\u1ed5i th\u01a1 c\u1ee7a t\u00f4i, c\u1ee7a b\u1ea1n v\u00e0 d\u00e0nh cho c\u00e1c th\u1ebf h\u1ec7 mai sau.<\/p>\n  <div class=\"banner-grid-wrapper\">\n  <div id=\"banner-grid-1426474056\" class=\"banner-grid row row-grid row-small\" data-packery-options=\"\">\n                      \n<div class=\"col grid-col large-7 grid-col-1\" ><div class=\"col-inner\">\n\t<div class=\"img has-hover x md-x lg-x y md-y lg-y\" id=\"image_546959396\">\n\t\t\t\t\t\t\t\t<div class=\"img-inner dark\" >\n\t\t\t<img loading=\"lazy\" decoding=\"async\" width=\"807\" height=\"1024\" src=\"https:\/\/sachviet.eu\/wp-content\/uploads\/2021\/02\/tha_dieu_tren_de_bia_1_7e85d2766862487ba8ee10297dbcc9ef-807x1024.png\" class=\"attachment-large size-large\" alt=\"\" srcset=\"https:\/\/sachviet.eu\/wp-content\/uploads\/2021\/02\/tha_dieu_tren_de_bia_1_7e85d2766862487ba8ee10297dbcc9ef-807x1024.png 807w, https:\/\/sachviet.eu\/wp-content\/uploads\/2021\/02\/tha_dieu_tren_de_bia_1_7e85d2766862487ba8ee10297dbcc9ef-236x300.png 236w, https:\/\/sachviet.eu\/wp-content\/uploads\/2021\/02\/tha_dieu_tren_de_bia_1_7e85d2766862487ba8ee10297dbcc9ef-768x975.png 768w, https:\/\/sachviet.eu\/wp-content\/uploads\/2021\/02\/tha_dieu_tren_de_bia_1_7e85d2766862487ba8ee10297dbcc9ef-1211x1536.png 1211w, https:\/\/sachviet.eu\/wp-content\/uploads\/2021\/02\/tha_dieu_tren_de_bia_1_7e85d2766862487ba8ee10297dbcc9ef-600x761.png 600w, https:\/\/sachviet.eu\/wp-content\/uploads\/2021\/02\/tha_dieu_tren_de_bia_1_7e85d2766862487ba8ee10297dbcc9ef.png 1614w\" sizes=\"auto, (max-width: 807px) 100vw, 807px\" \/>\t\t\t\t\t\t\n\t\t\t\t\t<\/div>\n\t\t\t\t\t\t\t\t\n<style>\n#image_546959396 {\n  width: 100%;\n}\n<\/style>\n\t<\/div>\n\t\n<\/div><\/div>\n<div class=\"col grid-col large-5 grid-col-1\" ><div class=\"col-inner\">\n\t<div class=\"img has-hover x md-x lg-x y md-y lg-y\" id=\"image_1348535127\">\n\t\t\t\t\t\t\t\t<div class=\"img-inner dark\" >\n\t\t\t<img loading=\"lazy\" decoding=\"async\" width=\"768\" height=\"1024\" src=\"https:\/\/sachviet.eu\/wp-content\/uploads\/2021\/02\/148286338_10221394230304027_3598596021775776103_o-768x1024.jpg\" class=\"attachment-large size-large\" alt=\"\" srcset=\"https:\/\/sachviet.eu\/wp-content\/uploads\/2021\/02\/148286338_10221394230304027_3598596021775776103_o-768x1024.jpg 768w, https:\/\/sachviet.eu\/wp-content\/uploads\/2021\/02\/148286338_10221394230304027_3598596021775776103_o-225x300.jpg 225w, https:\/\/sachviet.eu\/wp-content\/uploads\/2021\/02\/148286338_10221394230304027_3598596021775776103_o-1152x1536.jpg 1152w, https:\/\/sachviet.eu\/wp-content\/uploads\/2021\/02\/148286338_10221394230304027_3598596021775776103_o-600x800.jpg 600w, https:\/\/sachviet.eu\/wp-content\/uploads\/2021\/02\/148286338_10221394230304027_3598596021775776103_o.jpg 1536w\" sizes=\"auto, (max-width: 768px) 100vw, 768px\" \/>\t\t\t\t\t\t\n\t\t\t\t\t<\/div>\n\t\t\t\t\t\t\t\t\n<style>\n#image_1348535127 {\n  width: 100%;\n}\n<\/style>\n\t<\/div>\n\t\n<\/div><\/div>\n            <\/div>\n    <style>\n    #banner-grid-1426474056 .grid-col-1{height: 600px}\n    #banner-grid-1426474056 .grid-col-1-2{height: 300px}\n    #banner-grid-1426474056 .grid-col-1-3{height:200px}\n    #banner-grid-1426474056 .grid-col-2-3{height: 400px}\n    #banner-grid-1426474056 .grid-col-1-4{height: 150px}\n    #banner-grid-1426474056 .grid-col-3-4{height: 450px}\n\n\n    \n    \n\n  <\/style>\n    <\/div>\n  \n","protected":false},"excerpt":{"rendered":"<p>&#8220;\u0110\u00e2y l\u00e0 cu\u1ed1n s\u00e1ch m\u00ecnh tha thi\u1ebft mong b\u1ea1n mua, nh\u1ea5t \u0111\u1ecbnh PH\u1ea2I mua:<br \/>\nS\u00e1ch \u0111\u1eb9p nh\u01b0 tranh, tranh \u0111\u1eb9p nh\u01b0 th\u01a1.<br \/>\nC\u1ea3 m\u1ed9t tr\u1eddi tu\u1ed5i th\u01a1 \u00f9a v\u1ec1. L\u1eadt gi\u1edf t\u1eebng trang s\u00e1ch, m\u00ecnh b\u1ed3i h\u1ed3i, x\u00fac \u0111\u1ed9ng g\u1eb7p l\u1ea1i b\u00e1c Ho\u00e0ng Minh Ch\u00ednh, B\u1ebf Ki\u1ebfn Qu\u1ed1c, V\u0169 Qu\u1ea7n Ph\u01b0\u01a1ng, Nguy\u1ec5n Duy, \u0111\u01b0\u1ee3c ch\u00e0o c\u00f4 Xu\u00e2n Qu\u1ef3nh, Phan Th\u1ecb Thanh Nh\u00e0n, L\u00e2m Th\u1ecb M\u1ef9 D\u1ea1 v.v&#8230;&#8221;<br \/>\n\u0110\u00e2y l\u00e0 cu\u1ed1n s\u00e1ch m\u00e0 ri\u00eang m\u00ecnh th\u1ea5y tranh minh ho\u1ea1 r\u1ea5t r\u1ea5t \u0111\u1eb9p, k\u00e8m theo n\u00f3 l\u00e0 nh\u1eefng b\u00e0i th\u01a1 g\u1eafn li\u1ec1n v\u1edbi tu\u1ed5i th\u01a1 v\u00e0 in \u0111\u1eadm v\u00e0o t\u00e2m tr\u00ed c\u1ee7a th\u1ebf h\u1ec7 8x,9x.<br \/>\nN\u1ebfu ai \u1edf Vi\u1ec7t Nam th\u00ec \u0111\u1eebng ng\u1ea1i ng\u1ea7n m\u00e0 mua s\u00e1ch \u0111i, r\u1ebb l\u1eafm lu\u00f4n, mua cho con \u0111\u1ecdc, ch\u00e1u \u0111\u1ecdc v\u00e0 c\u1ea3 b\u1ea3n th\u00e2n m\u00ecnh c\u0169ng \u0111\u1ecdc \u0111\u01b0\u1ee3c lu\u00f4n.<\/p>\n","protected":false},"featured_media":1179,"template":"","meta":{"_acf_changed":false},"product_brand":[],"product_cat":[25,17],"product_tag":[81],"class_list":{"0":"post-1192","1":"product","2":"type-product","3":"status-publish","4":"has-post-thumbnail","6":"product_cat-nhi-dong-6-tuoi-12-tuoi","7":"product_cat-sach-danh-cho-cac-be","8":"product_tag-sach-gia-uu-dai","10":"first","11":"instock","12":"sale","13":"taxable","14":"shipping-taxable","15":"purchasable","16":"product-type-simple"},"supplier_id":null,"supplier_sku":"","barcode":null,"atum_controlled":true,"out_stock_date":null,"out_stock_threshold":null,"inheritable":false,"inbound_stock":0,"stock_on_hold":0,"sold_today":0,"sales_last_days":0,"reserved_stock":0,"customer_returns":0,"warehouse_damage":0,"lost_in_post":0,"other_logs":0,"out_stock_days":0,"lost_sales":0,"has_location":false,"update_date":"2026-01-28T23:10:29","atum_locations":[],"atum_stock_status":"instock","restock_status":false,"low_stock_amount":"","sales_update_date":"2026-01-28T23:10:29","calc_backorders":null,"acf":{"publisher":{"ID":1472,"post_author":"1","post_date":"2021-02-17 01:12:50","post_date_gmt":"2021-02-16 23:12:50","post_content":"","post_title":"Huy Ho\u00e0ng Bookstore","post_excerpt":"","post_status":"publish","comment_status":"closed","ping_status":"closed","post_password":"","post_name":"huy-hoang-bookstore","to_ping":"","pinged":"","post_modified":"2021-02-17 01:12:50","post_modified_gmt":"2021-02-16 23:12:50","post_content_filtered":"","post_parent":0,"guid":"https:\/\/sachviet.eu\/nha-phat-hanh\/huy-hoang-bookstore\/","menu_order":0,"post_type":"publisher","post_mime_type":"","comment_count":"0","filter":"raw"}},"_links":{"self":[{"href":"https:\/\/sachviet.eu\/en\/wp-json\/wp\/v2\/product\/1192","targetHints":{"allow":["GET"]}}],"collection":[{"href":"https:\/\/sachviet.eu\/en\/wp-json\/wp\/v2\/product"}],"about":[{"href":"https:\/\/sachviet.eu\/en\/wp-json\/wp\/v2\/types\/product"}],"wp:featuredmedia":[{"embeddable":true,"href":"https:\/\/sachviet.eu\/en\/wp-json\/wp\/v2\/media\/1179"}],"wp:attachment":[{"href":"https:\/\/sachviet.eu\/en\/wp-json\/wp\/v2\/media?parent=1192"}],"wp:term":[{"taxonomy":"product_brand","embeddable":true,"href":"https:\/\/sachviet.eu\/en\/wp-json\/wp\/v2\/product_brand?post=1192"},{"taxonomy":"product_cat","embeddable":true,"href":"https:\/\/sachviet.eu\/en\/wp-json\/wp\/v2\/product_cat?post=1192"},{"taxonomy":"product_tag","embeddable":true,"href":"https:\/\/sachviet.eu\/en\/wp-json\/wp\/v2\/product_tag?post=1192"}],"curies":[{"name":"wp","href":"https:\/\/api.w.org\/{rel}","templated":true}]}}