{"id":11786,"date":"2021-06-03T21:13:58","date_gmt":"2021-06-03T18:13:58","guid":{"rendered":"https:\/\/sachviet.eu\/shop\/the-gioi-hinh-anh-cua-be-tre-em-tren-the-gioi\/"},"modified":"2021-06-03T22:49:16","modified_gmt":"2021-06-03T19:49:16","slug":"the-gioi-hinh-anh-cua-be-tre-em-tren-the-gioi","status":"publish","type":"product","link":"https:\/\/sachviet.eu\/en\/shop\/the-gioi-hinh-anh-cua-be-tre-em-tren-the-gioi\/","title":{"rendered":"Th\u1ebf gi\u1edbi h\u00ecnh \u1ea3nh c\u1ee7a b\u00e9-Tr\u1ebb em tr\u00ean th\u1ebf gi\u1edbi"},"content":{"rendered":"<p>Trong t\u1eadp s\u00e1ch n\u00e0y, c\u00e1c b\u1ea1n \u0111\u1ecdc nh\u00ed s\u1ebd \u0111\u01b0\u1ee3c chu du t\u1eeb ch\u00e2u Phi t\u1edbi ch\u00e2u M\u1ef9, \u0111\u1ebfn ch\u00e2u \u00c1 r\u1ed3i sang ch\u00e2u \u00c2u. H\u00e0nh tr\u00ecnh c\u1ee7a em s\u1ebd k\u1ebft th\u00fac t\u1ea1i ch\u00e2u \u0110\u1ea1i D\u01b0\u01a1ng. Cu\u1ed1n s\u00e1ch n\u00e0y s\u1ebd gi\u00fap c\u00e1c em \u0111i kh\u1eafp n\u01a1i \u0111\u1ec3 kh\u00e1m ph\u00e1 nh\u1eefng \u0111i\u1ec1u l\u00ed th\u00fa trong cu\u1ed9c s\u1ed1ng c\u1ee7a c\u00e1c b\u1ea1n nh\u1ecf tr\u00ean m\u1ecdi mi\u1ec1n th\u1ebf gi\u1edbi, t\u1eeb Canada l\u1ea1nh gi\u00e1 cho \u0111\u1ebfn Brazil za x\u00f4i, t\u1eeb \u1ea4n \u0110\u1ed9 l\u1ea1 l\u1eabm cho \u0111\u1ebfn Italy c\u1ed5 k\u00ednh, t\u1eeb Kenya hoang d\u00e3 \u0111\u1ebfn Th\u1ee5y S\u0129 \u0111\u1eb9p t\u01b0\u01a1i. \u0110\u1ebfn v\u1edbi m\u1ed7i ch\u00e2u l\u1ee5c, em s\u1ebd l\u00e0m quen v\u1edbi nh\u1eefng ng\u01b0\u1eddi b\u1ea1n c\u00f9ng \u0111\u1ed9 tu\u1ed5i &#8211; \u0111\u1ea1i di\u1ec7n c\u1ee7a m\u1ed9t \u0111\u1ea5t n\u01b0\u1edbc hay m\u1ed9t t\u1ed9c ng\u01b0\u1eddi. Trong h\u00e0nh tr\u00ecnh \u1ea5y, c\u00e1c em s\u1ebd \u0111\u01b0\u1ee3c bi\u1ebft c\u00e1c b\u1ea1n nh\u1ecf \u1edf c\u00e1c n\u01b0\u1edbc kh\u00e1c ch\u01a1i v\u00e0 h\u1ecdc nh\u01b0 th\u1ebf n\u00e0o? C\u00e1c b\u1ea1n \u1ea5y \u0103n nh\u1eefng m\u00f3n \u0103n g\u00ec? Phong t\u1ee5c t\u1eadp qu\u00e1n \u1edf nh\u1eefng n\u01a1i \u0111\u00f3 ra sao?<\/p>\n<p>\u1ede ch\u00e2u Phi xa x\u00f4i, em s\u1ebd c\u00f9ng l\u00e0m quen v\u1edbi Alima, b\u1ea1n nh\u1ecf ng\u01b0\u1eddi Kenya, c\u00f9ng b\u1ea1n \u1ea5y tham quan l\u00e0ng m\u1ea1c v\u00e0 th\u00e0nh ph\u1ed1 \u1edf Kenya. Ch\u01b0a h\u1ebft \u0111\u00e2u nh\u00e9, em c\u00f2n \u0111\u01b0\u1ee3c c\u00f9ng Alima \u0111\u1ebfn tr\u01b0\u1eddng, ra ch\u1ee3 hay kh\u00e1m ph\u00e1 cu\u1ed9c s\u1ed1ng c\u1ee7a c\u00e1c lo\u00e0i \u0111\u1ed9ng v\u1eadt hoang d\u00e3\u2026 C\u00f2n \u1edf ch\u00e2u M\u1ef9, b\u1ea1n Julie s\u1ebd l\u00e0 ng\u01b0\u1eddi \u0111\u1ed3ng h\u00e0nh c\u00f9ng em nh\u00e9! B\u1ea1n \u1ea5y s\u1ebd ti\u1ebft l\u1ed9 s\u1edf th\u00edch tr\u01b0\u1ee3t tuy\u1ebft c\u1ee7a m\u00ecnh. Julie s\u1ebd m\u1eddi em tham gia c\u00e1c ho\u1ea1t \u0111\u1ed9ng trong m\u1ed9t ng\u00e0y b\u00ecnh th\u01b0\u1eddng c\u1ee7a b\u1ea1n \u1ea5y. \u0110\u1ebfn ch\u00e2u \u00c1, b\u1ea1n Taroun ng\u01b0\u1eddi \u1ea4n \u0110\u1ed9, Yoko ng\u01b0\u1eddi Nh\u1eadt B\u1ea3n, b\u1ea1n Ti\u1ec3u Lan ng\u01b0\u1eddi Trung Qu\u1ed1c s\u1ebd l\u00e0 nh\u1eefng b\u1ea1n \u0111\u1ed3ng h\u00e0nh c\u00f9ng em. Ngo\u00e0i ra, Mai &#8211; m\u1ed9t b\u1ea1n nh\u1ecf ng\u01b0\u1eddi Vi\u1ec7t Nam c\u0169ng s\u1ebd tham gia chuy\u1ebfn du h\u00e0nh \u0111\u1ea7y th\u00fa v\u1ecb c\u1ee7a em \u0111\u1ea5y. Sang ch\u00e2u \u00c2u, em s\u1ebd \u0111\u01b0\u1ee3c b\u1ea1n Tadek ng\u01b0\u1eddi Ba Lan m\u1eddi \u0111i xe ng\u1ef1a k\u00e9o, hay c\u00f9ng tham gia ng\u00e0y l\u1ec5 Th\u00e1nh Lucia v\u1edbi b\u1ea1n Astrid ng\u01b0\u1eddi Th\u1ee5y \u0110i\u1ec3n. Cu\u1ed9c chu du k\u00ec th\u00fa c\u1ee7a em s\u1ebd k\u1ebft th\u00fac \u1edf ch\u00e2u \u0110\u1ea1i D\u01b0\u01a1ng v\u1edbi nh\u1eefng ng\u00e0y \u0111i t\u1eafm bi\u1ec3n c\u00f9ng Aniata \u1edf Tahiti hay kh\u00e1m ph\u00e1 cu\u1ed9c s\u1ed1ng th\u1ed5 d\u00e2n \u1edf Australia\u2026<\/p>\n<p>C\u00f2n r\u1ea5t nhi\u1ec1u \u0111i\u1ec1u th\u00fa v\u1ecb \u0111ang ch\u1edd \u0111\u1ee3i em \u1edf cu\u1ed1n s\u00e1ch Tr\u1ebb em tr\u00ean th\u1ebf gi\u1edbi! \u0110\u1eebng b\u1ecf l\u1ee1 c\u01a1 h\u1ed9i chu du kh\u1eafp th\u1ebf gi\u1edbi v\u1edbi nh\u1eefng nh\u1eefng trang s\u00e1ch \u0111\u1ea7y h\u00ecnh \u1ea3nh n\u00e0y nh\u00e9!<\/p>\n","protected":false},"excerpt":{"rendered":"<p>Trong t\u1eadp s\u00e1ch n\u00e0y, c\u00e1c b\u1ea1n \u0111\u1ecdc nh\u00ed s\u1ebd \u0111\u01b0\u1ee3c chu du t\u1eeb ch\u00e2u Phi t\u1edbi ch\u00e2u M\u1ef9, \u0111\u1ebfn ch\u00e2u \u00c1 r\u1ed3i sang ch\u00e2u \u00c2u. H\u00e0nh tr\u00ecnh c\u1ee7a em s\u1ebd k\u1ebft th\u00fac t\u1ea1i ch\u00e2u \u0110\u1ea1i D\u01b0\u01a1ng. Cu\u1ed1n s\u00e1ch n\u00e0y s\u1ebd gi\u00fap c\u00e1c em \u0111i kh\u1eafp n\u01a1i \u0111\u1ec3 kh\u00e1m ph\u00e1 nh\u1eefng \u0111i\u1ec1u l\u00ed th\u00fa trong cu\u1ed9c s\u1ed1ng c\u1ee7a c\u00e1c b\u1ea1n nh\u1ecf tr\u00ean m\u1ecdi mi\u1ec1n th\u1ebf gi\u1edbi, t\u1eeb Canada l\u1ea1nh gi\u00e1 cho \u0111\u1ebfn Brazil za x\u00f4i, t\u1eeb \u1ea4n \u0110\u1ed9 l\u1ea1 l\u1eabm cho \u0111\u1ebfn Italy c\u1ed5 k\u00ednh, t\u1eeb Kenya hoang d\u00e3 \u0111\u1ebfn Th\u1ee5y S\u0129 \u0111\u1eb9p t\u01b0\u01a1i. \u0110\u1ebfn v\u1edbi m\u1ed7i ch\u00e2u l\u1ee5c, em s\u1ebd l\u00e0m quen v\u1edbi nh\u1eefng ng\u01b0\u1eddi b\u1ea1n c\u00f9ng \u0111\u1ed9 tu\u1ed5i &#8211; \u0111\u1ea1i di\u1ec7n c\u1ee7a m\u1ed9t \u0111\u1ea5t n\u01b0\u1edbc hay m\u1ed9t t\u1ed9c ng\u01b0\u1eddi. Trong h\u00e0nh tr\u00ecnh \u1ea5y, c\u00e1c em s\u1ebd \u0111\u01b0\u1ee3c bi\u1ebft c\u00e1c b\u1ea1n nh\u1ecf \u1edf c\u00e1c n\u01b0\u1edbc kh\u00e1c ch\u01a1i v\u00e0 h\u1ecdc nh\u01b0 th\u1ebf n\u00e0o? C\u00e1c b\u1ea1n \u1ea5y \u0103n nh\u1eefng m\u00f3n \u0103n g\u00ec? Phong t\u1ee5c t\u1eadp qu\u00e1n \u1edf nh\u1eefng n\u01a1i \u0111\u00f3 ra sao?<\/p>\n<p>\u1ede ch\u00e2u Phi xa x\u00f4i, em s\u1ebd c\u00f9ng l\u00e0m quen v\u1edbi Alima, b\u1ea1n nh\u1ecf ng\u01b0\u1eddi Kenya, c\u00f9ng b\u1ea1n \u1ea5y tham quan l\u00e0ng m\u1ea1c v\u00e0 th\u00e0nh ph\u1ed1 \u1edf Kenya. Ch\u01b0a h\u1ebft \u0111\u00e2u nh\u00e9, em c\u00f2n \u0111\u01b0\u1ee3c c\u00f9ng Alima \u0111\u1ebfn tr\u01b0\u1eddng, ra ch\u1ee3 hay kh\u00e1m ph\u00e1 cu\u1ed9c s\u1ed1ng c\u1ee7a c\u00e1c lo\u00e0i \u0111\u1ed9ng v\u1eadt hoang d\u00e3\u2026 C\u00f2n \u1edf ch\u00e2u M\u1ef9, b\u1ea1n Julie s\u1ebd l\u00e0 ng\u01b0\u1eddi \u0111\u1ed3ng h\u00e0nh c\u00f9ng em nh\u00e9! B\u1ea1n \u1ea5y s\u1ebd ti\u1ebft l\u1ed9 s\u1edf th\u00edch tr\u01b0\u1ee3t tuy\u1ebft c\u1ee7a m\u00ecnh. Julie s\u1ebd m\u1eddi em tham gia c\u00e1c ho\u1ea1t \u0111\u1ed9ng trong m\u1ed9t ng\u00e0y b\u00ecnh th\u01b0\u1eddng c\u1ee7a b\u1ea1n \u1ea5y. \u0110\u1ebfn ch\u00e2u \u00c1, b\u1ea1n Taroun ng\u01b0\u1eddi \u1ea4n \u0110\u1ed9, Yoko ng\u01b0\u1eddi Nh\u1eadt B\u1ea3n, b\u1ea1n Ti\u1ec3u Lan ng\u01b0\u1eddi Trung Qu\u1ed1c s\u1ebd l\u00e0 nh\u1eefng b\u1ea1n \u0111\u1ed3ng h\u00e0nh c\u00f9ng em. Ngo\u00e0i ra, Mai &#8211; m\u1ed9t b\u1ea1n nh\u1ecf ng\u01b0\u1eddi Vi\u1ec7t Nam c\u0169ng s\u1ebd tham gia chuy\u1ebfn du h\u00e0nh \u0111\u1ea7y th\u00fa v\u1ecb c\u1ee7a em \u0111\u1ea5y. Sang ch\u00e2u \u00c2u, em s\u1ebd \u0111\u01b0\u1ee3c b\u1ea1n Tadek ng\u01b0\u1eddi Ba Lan m\u1eddi \u0111i xe ng\u1ef1a k\u00e9o, hay c\u00f9ng tham gia ng\u00e0y l\u1ec5 Th\u00e1nh Lucia v\u1edbi b\u1ea1n Astrid ng\u01b0\u1eddi Th\u1ee5y \u0110i\u1ec3n. Cu\u1ed9c chu du k\u00ec th\u00fa c\u1ee7a em s\u1ebd k\u1ebft th\u00fac \u1edf ch\u00e2u \u0110\u1ea1i D\u01b0\u01a1ng v\u1edbi nh\u1eefng ng\u00e0y \u0111i t\u1eafm bi\u1ec3n c\u00f9ng Aniata \u1edf Tahiti hay kh\u00e1m ph\u00e1 cu\u1ed9c s\u1ed1ng th\u1ed5 d\u00e2n \u1edf Australia\u2026<\/p>\n<p>C\u00f2n r\u1ea5t nhi\u1ec1u \u0111i\u1ec1u th\u00fa v\u1ecb \u0111ang ch\u1edd \u0111\u1ee3i em \u1edf cu\u1ed1n s\u00e1ch Tr\u1ebb em tr\u00ean th\u1ebf gi\u1edbi! \u0110\u1eebng b\u1ecf l\u1ee1 c\u01a1 h\u1ed9i chu du kh\u1eafp th\u1ebf gi\u1edbi v\u1edbi nh\u1eefng nh\u1eefng trang s\u00e1ch \u0111\u1ea7y h\u00ecnh \u1ea3nh n\u00e0y nh\u00e9!<\/p>\n","protected":false},"featured_media":11777,"template":"","meta":{"_acf_changed":false},"product_brand":[],"product_cat":[25,17,26],"product_tag":[],"class_list":{"0":"post-11786","1":"product","2":"type-product","3":"status-publish","4":"has-post-thumbnail","6":"product_cat-nhi-dong-6-tuoi-12-tuoi","7":"product_cat-sach-danh-cho-cac-be","8":"product_cat-thieu-nien-11-tuoi-18-tuoi","10":"first","11":"instock","12":"taxable","13":"shipping-taxable","14":"purchasable","15":"product-type-simple"},"supplier_id":null,"supplier_sku":"","barcode":null,"atum_controlled":true,"out_stock_date":null,"out_stock_threshold":null,"inheritable":false,"inbound_stock":0,"stock_on_hold":0,"sold_today":0,"sales_last_days":0,"reserved_stock":0,"customer_returns":0,"warehouse_damage":0,"lost_in_post":0,"other_logs":0,"out_stock_days":0,"lost_sales":0,"has_location":false,"update_date":"2026-01-28T23:10:50","atum_locations":[],"atum_stock_status":"instock","restock_status":false,"low_stock_amount":"","sales_update_date":"2026-01-28T23:10:50","calc_backorders":null,"acf":{"publisher":{"ID":1544,"post_author":"1","post_date":"2021-02-17 01:24:05","post_date_gmt":"2021-02-16 23:24:05","post_content":"","post_title":"\u0110\u00f4ng A","post_excerpt":"","post_status":"publish","comment_status":"closed","ping_status":"closed","post_password":"","post_name":"dong-a","to_ping":"","pinged":"","post_modified":"2021-02-17 01:24:05","post_modified_gmt":"2021-02-16 23:24:05","post_content_filtered":"","post_parent":0,"guid":"https:\/\/sachviet.eu\/nha-phat-hanh\/dong-a\/","menu_order":0,"post_type":"publisher","post_mime_type":"","comment_count":"0","filter":"raw"}},"_links":{"self":[{"href":"https:\/\/sachviet.eu\/en\/wp-json\/wp\/v2\/product\/11786","targetHints":{"allow":["GET"]}}],"collection":[{"href":"https:\/\/sachviet.eu\/en\/wp-json\/wp\/v2\/product"}],"about":[{"href":"https:\/\/sachviet.eu\/en\/wp-json\/wp\/v2\/types\/product"}],"wp:featuredmedia":[{"embeddable":true,"href":"https:\/\/sachviet.eu\/en\/wp-json\/wp\/v2\/media\/11777"}],"wp:attachment":[{"href":"https:\/\/sachviet.eu\/en\/wp-json\/wp\/v2\/media?parent=11786"}],"wp:term":[{"taxonomy":"product_brand","embeddable":true,"href":"https:\/\/sachviet.eu\/en\/wp-json\/wp\/v2\/product_brand?post=11786"},{"taxonomy":"product_cat","embeddable":true,"href":"https:\/\/sachviet.eu\/en\/wp-json\/wp\/v2\/product_cat?post=11786"},{"taxonomy":"product_tag","embeddable":true,"href":"https:\/\/sachviet.eu\/en\/wp-json\/wp\/v2\/product_tag?post=11786"}],"curies":[{"name":"wp","href":"https:\/\/api.w.org\/{rel}","templated":true}]}}