{"id":1178,"date":"2021-02-14T16:42:23","date_gmt":"2021-02-14T14:42:23","guid":{"rendered":"https:\/\/sachviet.eu\/shop\/chuot-buu-ta-set-3-quyen\/"},"modified":"2022-03-15T20:43:07","modified_gmt":"2022-03-15T18:43:07","slug":"chuot-buu-ta-set-3-quyen","status":"publish","type":"product","link":"https:\/\/sachviet.eu\/en\/shop\/chuot-buu-ta-set-3-quyen\/","title":{"rendered":"Chu\u1ed9t b\u01b0u t\u00e1 &#8211; bundle 3 quy\u1ec3n"},"content":{"rendered":"<p><strong>1. Chuy\u1ebfn Du H\u00e0nh Phi Th\u01b0\u1eddng C\u1ee7a Chu\u1ed9t B\u01b0u T\u00e1<\/strong><\/p>\n<p>S\u00e1ng n\u00e0o c\u0169ng v\u1eady, Chu\u1ed9t B\u01b0u T\u00e1 th\u1ee9c d\u1eady \u0111\u1ec3 \u0111i \u0111\u01b0a th\u01b0, nh\u01b0ng s\u00e1ng nay, thay v\u00ec d\u00f9ng chi\u1ebfc xe t\u1ea3i nh\u1ecf d\u00e0nh cho nh\u00e2n vi\u00ean b\u01b0u \u0111i\u1ec7n, ch\u00fa l\u1ea1i d\u00f9ng t\u00ean l\u1eeda&#8230;<\/p>\n<p>\u0110\u1ebfn X\u1ee9 s\u1edf B\u00e1nh k\u1eb9o, d\u1eebng ch\u00e2n ch\u1ed7 nh\u1eefng n\u00e0ng ti\u00ean c\u00e1 ho\u1eb7c l\u0169 qu\u00e1i v\u1eadt, hai m\u01b0\u01a1i v\u1ea1n d\u1eb7m d\u01b0\u1edbi bi\u1ec3n hay cao t\u00edt tr\u00ean nh\u1eefng \u0111\u00e1m m\u00e2y, ch\u1eb3ng g\u00ec ng\u0103n \u0111\u01b0\u1ee3c Chu\u1ed9t B\u01b0u T\u00e1 khi ch\u00fa l\u00e0m nhi\u1ec7m v\u1ee5.<\/p>\n<p><strong>2. Chuy\u1ebfn \u0110\u01b0a Th\u01b0 C\u1ee7a Chu\u1ed9t B\u01b0u T\u00e1<\/strong><\/p>\n<p>B\u00e9 \u0111\u00e3 bao gi\u1edd \u0111\u1ebfn th\u0103m nh\u00e0 c\u1ee7a m\u1ed9t ch\u00fa c\u00e1 s\u1ea5u ch\u01b0a?<\/p>\n<p>Hay l\u00e0 nh\u00e0 c\u1ee7a m\u1ed9t b\u1ea1n s\u00f3c? C\u00f9ng theo ch\u00e2n Chu\u1ed9t B\u01b0u T\u00e1 trong l\u00fac ch\u00fa \u0111i chuy\u1ec3n b\u01b0u ph\u1ea9m, b\u00e9 s\u1ebd \u0111\u01b0\u1ee3c kh\u00e1m ph\u00e1 nh\u1eefng n\u01a1i c\u01b0 tr\u00fa r\u1ea5t \u01b0 ng\u1ed9 ngh\u0129nh c\u1ee7a c\u00e1c lo\u00e0i v\u1eadt!<\/p>\n<p><strong>3. K\u00ec Ngh\u1ec9 C\u1ee7a Chu\u1ed9t B\u01b0u T\u00e1<\/strong><\/p>\n<p>Chu\u1ed9t B\u01b0u T\u00e1 l\u00ean \u0111\u01b0\u1eddng \u0111i ngh\u1ec9 c\u00f9ng gia \u0111\u00ecnh. Nh\u01b0ng ch\u1eb3ng nh\u1ebd ph\u1ea3i g\u00e1c vi\u1ec7c \u0111\u01b0a th\u01b0 l\u1ea1i? Trong r\u1eebng gi\u00e0 hay \u1edf \u0111\u1ecba c\u1ef1c b\u0103ng gi\u00e1, tr\u00ean b\u00e3i bi\u1ec3n hay tr\u00ean l\u01b0ng l\u1ea1c \u0111\u00e0, ch\u00fa ti\u1ebfp t\u1ee5c chuy\u1ec3n c\u00e1c b\u01b0u ph\u1ea9m,<\/p>\n<p>v\u1edbi s\u1ef1 tr\u1ee3 gi\u00fap c\u1ee7a v\u1ee3 m\u00ecnh l\u00e0 th\u00edm Chu\u1ed9t v\u00e0 ba \u0111\u1ee9a con th\u01a1.<\/p>\n<p>B\u00e9 h\u00e3y c\u00f9ng \u0111i du l\u1ecbch v\u1edbi c\u00e1c con v\u1eadt v\u00f4 c\u00f9ng d\u1ec5 th\u01b0\u01a1ng.<\/p>\n<p>C\u00f3 c\u1ea3 ngh\u00ecn l\u1ebb m\u1ed9t chuy\u1ec7n \u0111ang ch\u1edd b\u00e9 theo t\u1eebng trang s\u00e1ch \u0111\u1ea5y!<\/p>\n<p><strong>CU\u1ed0N S\u00c1CH GI\u00daP B\u00c9 PH\u00c1T TRI\u1ec2N KH\u1ea2 N\u0102NG NG\u00d4N NG\u1eee, TR\u00cd T\u01af\u1edeNG T\u01af\u1ee2NG V\u00c0 \u00d3C QUAN S\u00c1T.<\/strong><\/p>\n<p>Khi c\u00f9ng con \u0111\u1ecdc cu\u1ed1n s\u00e1ch n\u00e0y, b\u1ed1 m\u1eb9 h\u00e3y:<\/p>\n<p>&#8211; Ch\u1ec9 cho b\u00e9 nh\u1eefng chi ti\u1ebft nh\u1ecf xinh, th\u00fa v\u1ecb trong truy\u1ec7n;<\/p>\n<p>&#8211; D\u1ea1y b\u00e9 v\u1ec1 m\u00e0u s\u1eafc, s\u1ed1 \u0111\u1ebfm, t\u00ean c\u00e1c lo\u00e0i v\u1eadt;<\/p>\n<p>&#8211; Khuy\u1ebfn kh\u00edch b\u00e9 quan s\u00e1t v\u00e0 mi\u00eau t\u1ea3 c\u00e1c ho\u1ea1t \u0111\u1ed9ng di\u1ec5n ra trong c\u00e1c trang s\u00e1ch;<\/p>\n<p>&#8211; \u0110\u1eb7t nh\u1eefng c\u00e2u h\u1ecfi t\u1eeb \u0111\u01a1n gi\u1ea3n \u0111\u1ebfn ph\u1ee9c t\u1ea1p \u0111\u1ec3 g\u1ee3i m\u1edf t\u01b0 duy cho b\u00e9, ch\u1eb3ng h\u1ea1n:<\/p>\n<p>\u201cNh\u00e0 b\u1ea1n Chim \u1edf \u0111\u00e2u?\u201d \u201cV\u00ec sao b\u1ea1n Ki\u1ebfn n\u00e0y l\u1ea1i \u0111\u1ed9i v\u01b0\u01a1ng mi\u1ec7n?\u201d V\u00ec sao gi\u01b0\u1eddng c\u1ee7a c\u00e1c b\u1ea1n D\u01a1i l\u1ea1i l\u1ed9n ng\u01b0\u1ee3c nh\u01b0 v\u1eady?\u201d<\/p>\n<p>C\u00f2n r\u1ea5t nhi\u1ec1u ho\u1ea1t \u0111\u1ed9ng b\u1ed5 \u00edch v\u00e0 l\u00ed th\u00fa kh\u00e1c m\u00e0 b\u1ed1 m\u1eb9 c\u00f3 th\u1ec3 tr\u1ea3i nghi\u1ec7m c\u00f9ng con khi kh\u00e1m ph\u00e1 cu\u1ed1n s\u00e1ch n\u00e0y.<\/p>\n  <div class=\"banner-grid-wrapper\">\n  <div id=\"banner-grid-1143548679\" class=\"banner-grid row row-grid row-small\" data-packery-options=\"\">\n                      \n<div class=\"col grid-col large-6 grid-col-1\" ><div class=\"col-inner\">\n\t<div class=\"img has-hover x md-x lg-x y md-y lg-y\" id=\"image_181803522\">\n\t\t\t\t\t\t\t\t<div class=\"img-inner dark\" >\n\t\t\t<img loading=\"lazy\" decoding=\"async\" width=\"905\" height=\"1024\" src=\"https:\/\/sachviet.eu\/wp-content\/uploads\/2021\/02\/2020_03_26_10_49_24_8-905x1024.jpg\" class=\"attachment-large size-large\" alt=\"\" srcset=\"https:\/\/sachviet.eu\/wp-content\/uploads\/2021\/02\/2020_03_26_10_49_24_8-905x1024.jpg 905w, https:\/\/sachviet.eu\/wp-content\/uploads\/2021\/02\/2020_03_26_10_49_24_8-265x300.jpg 265w, https:\/\/sachviet.eu\/wp-content\/uploads\/2021\/02\/2020_03_26_10_49_24_8-768x869.jpg 768w, https:\/\/sachviet.eu\/wp-content\/uploads\/2021\/02\/2020_03_26_10_49_24_8-1358x1536.jpg 1358w, https:\/\/sachviet.eu\/wp-content\/uploads\/2021\/02\/2020_03_26_10_49_24_8-1811x2048.jpg 1811w, https:\/\/sachviet.eu\/wp-content\/uploads\/2021\/02\/2020_03_26_10_49_24_8-600x679.jpg 600w, https:\/\/sachviet.eu\/wp-content\/uploads\/2021\/02\/2020_03_26_10_49_24_8.jpg 1952w\" sizes=\"auto, (max-width: 905px) 100vw, 905px\" \/>\t\t\t\t\t\t\n\t\t\t\t\t<\/div>\n\t\t\t\t\t\t\t\t\n<style>\n#image_181803522 {\n  width: 100%;\n}\n<\/style>\n\t<\/div>\n\t\n<\/div><\/div>\n<div class=\"col grid-col large-6 grid-col-1-2\" ><div class=\"col-inner\">\n\t<div class=\"img has-hover x md-x lg-x y md-y lg-y\" id=\"image_1625422673\">\n\t\t\t\t\t\t\t\t<div class=\"img-inner dark\" >\n\t\t\t<img loading=\"lazy\" decoding=\"async\" width=\"1020\" height=\"765\" src=\"https:\/\/sachviet.eu\/wp-content\/uploads\/2021\/02\/ki_nghi_cua_chuot_buu_ta_5_189f20ada18e439583bb383c4bd15d97_master-1024x768.jpg\" class=\"attachment-large size-large\" alt=\"\" srcset=\"https:\/\/sachviet.eu\/wp-content\/uploads\/2021\/02\/ki_nghi_cua_chuot_buu_ta_5_189f20ada18e439583bb383c4bd15d97_master-1024x768.jpg 1024w, https:\/\/sachviet.eu\/wp-content\/uploads\/2021\/02\/ki_nghi_cua_chuot_buu_ta_5_189f20ada18e439583bb383c4bd15d97_master-300x225.jpg 300w, https:\/\/sachviet.eu\/wp-content\/uploads\/2021\/02\/ki_nghi_cua_chuot_buu_ta_5_189f20ada18e439583bb383c4bd15d97_master-768x576.jpg 768w, https:\/\/sachviet.eu\/wp-content\/uploads\/2021\/02\/ki_nghi_cua_chuot_buu_ta_5_189f20ada18e439583bb383c4bd15d97_master-1536x1152.jpg 1536w, https:\/\/sachviet.eu\/wp-content\/uploads\/2021\/02\/ki_nghi_cua_chuot_buu_ta_5_189f20ada18e439583bb383c4bd15d97_master-600x450.jpg 600w, https:\/\/sachviet.eu\/wp-content\/uploads\/2021\/02\/ki_nghi_cua_chuot_buu_ta_5_189f20ada18e439583bb383c4bd15d97_master.jpg 2048w\" sizes=\"auto, (max-width: 1020px) 100vw, 1020px\" \/>\t\t\t\t\t\t\n\t\t\t\t\t<\/div>\n\t\t\t\t\t\t\t\t\n<style>\n#image_1625422673 {\n  width: 100%;\n}\n<\/style>\n\t<\/div>\n\t\n<\/div><\/div>\n<div class=\"col grid-col large-6 grid-col-1-2\" ><div class=\"col-inner\">\n\t<div class=\"img has-hover x md-x lg-x y md-y lg-y\" id=\"image_2088458820\">\n\t\t\t\t\t\t\t\t<div class=\"img-inner dark\" >\n\t\t\t<img loading=\"lazy\" decoding=\"async\" width=\"696\" height=\"479\" src=\"https:\/\/sachviet.eu\/wp-content\/uploads\/2021\/02\/53803647_262722867982009_3815325633513259008_n.jpg\" class=\"attachment-large size-large\" alt=\"\" srcset=\"https:\/\/sachviet.eu\/wp-content\/uploads\/2021\/02\/53803647_262722867982009_3815325633513259008_n.jpg 696w, https:\/\/sachviet.eu\/wp-content\/uploads\/2021\/02\/53803647_262722867982009_3815325633513259008_n-300x206.jpg 300w, https:\/\/sachviet.eu\/wp-content\/uploads\/2021\/02\/53803647_262722867982009_3815325633513259008_n-600x413.jpg 600w\" sizes=\"auto, (max-width: 696px) 100vw, 696px\" \/>\t\t\t\t\t\t\n\t\t\t\t\t<\/div>\n\t\t\t\t\t\t\t\t\n<style>\n#image_2088458820 {\n  width: 100%;\n}\n<\/style>\n\t<\/div>\n\t\n<\/div><\/div>\n            <\/div>\n    <style>\n    #banner-grid-1143548679 .grid-col-1{height: 600px}\n    #banner-grid-1143548679 .grid-col-1-2{height: 300px}\n    #banner-grid-1143548679 .grid-col-1-3{height:200px}\n    #banner-grid-1143548679 .grid-col-2-3{height: 400px}\n    #banner-grid-1143548679 .grid-col-1-4{height: 150px}\n    #banner-grid-1143548679 .grid-col-3-4{height: 450px}\n\n\n    \n    \n\n  <\/style>\n    <\/div>\n  \n","protected":false},"excerpt":{"rendered":"<p>B\u1ed9 3 cu\u1ed1n s\u00e1ch v\u1ec1 Chu\u1ed9t B\u01b0u t\u00e1<br \/>\n<strong>CHUY\u1ebeN DU H\u00c0NH PHI TH\u01af\u1edcNG C\u1ee6A CHU\u1ed8T B\u01afU T\u00c1<\/strong><br \/>\n<strong>K\u00cc NGH\u1ec8 C\u1ee6A CHU\u1ed8T B\u01afU T\u00c1<\/strong><br \/>\n<strong>CHUY\u1ebeN \u0110\u01afA TH\u01af C\u1ee6A CHU\u1ed8T B\u01afU T\u00c1<\/strong><br \/>\nTruy\u1ec7n r\u1ea5t \u00edt ch\u1eef. T\u1eeb \u0111\u1ea7u t\u1edbi cu\u1ed1i cu\u1ed1n s\u00e1ch l\u00e0 nh\u1eefng b\u1ee9c tranh \u0111\u1ea7y m\u00e0u s\u1eafc v\u00e0 h\u00ecnh \u1ea3nh sinh \u0111\u1ed9ng, h\u1ea5p d\u1eabn b\u00e9 v\u00f4 c\u00f9ng. Theo ch\u00e2n ch\u00fa Chu\u1ed9t B\u01b0u t\u00e1, b\u00e9 s\u1ebd \u0111i \u0111\u1ebfn nhi\u1ec1u v\u00f9ng \u0111\u1ea5t, \u0111\u1ebfn nh\u1eefng x\u1ee9 s\u1edf k\u1ef3 l\u1ea1, l\u00e0m quen v\u1edbi nhi\u1ec1u ng\u01b0\u1eddi b\u1ea1n \u0111\u1eb7c bi\u1ec7t.<br \/>\nC\u00f3 r\u1ea5t nhi\u1ec1u ho\u1ea1t \u0111\u1ed9ng b\u1ed5 \u00edch v\u00e0 l\u00ed th\u00fa m\u00e0 b\u1ed1 m\u1eb9 c\u00f3 th\u1ec3 tr\u1ea3i nghi\u1ec7m c\u00f9ng con khi kh\u00e1m ph\u00e1 cu\u1ed1n s\u00e1ch n\u00e0y: khuy\u1ebfn kh\u00edch b\u00e9 quan s\u00e1t v\u00e0 mi\u00eau t\u1ea3 nh\u1eefng \u0111i\u1ec1u b\u00e9 th\u1ea5y trong tranh, g\u1ee3i cho b\u00e9 nh\u1eefng c\u00e2u h\u1ecfi \u0111\u1ec3 b\u00e9 quan s\u00e1t &#8221;Con th\u1ea5y gi\u01b0\u1eddng c\u1ee7a c\u00e1c b\u1ea1n D\u01a1i nh\u01b0 th\u1ebf n\u00e0o nh\u1ec9?\u201d, &#8230;.<br \/>\nB\u1ed1 m\u1eb9 s\u1ebd ng\u1ea1c nhi\u00ean l\u1eafm \u0111\u1ea5y v\u1ec1 kh\u1ea3 n\u0103ng ng\u00f4n ng\u1eef v\u00e0 t\u01b0\u1edfng t\u01b0\u1ee3ng c\u1ee7a con.<br \/>\nM\u1eb9 con m\u00ecnh \u0111\u00e3 c\u00f9ng nhau &#8220;kh\u00e1m ph\u00e1&#8221; nh\u1eefng cu\u1ed1n s\u00e1ch n\u00e0y. L\u1eadt gi\u1edf t\u1eebng trang s\u00e1ch, &#8221;ch\u00fang m\u00ecnh&#8221; b\u1eaft \u0111\u1ea7u b\u1eb1ng vi\u1ec7c c\u00f9ng nhau &#8221;ng\u1eafm&#8221; tranh v\u00e0 mi\u00eau t\u1ea3, k\u1ec3 chuy\u1ec7n. Cu\u1ed1i c\u00f9ng th\u00ec m\u00ecnh m\u1edbi \u0111\u1ecdc nh\u1eefng d\u00f2ng ch\u1eef in s\u1eb5n tr\u00ean s\u00e1ch cho con nghe.<\/p>\n","protected":false},"featured_media":1165,"template":"","meta":{"_acf_changed":false},"product_brand":[],"product_cat":[25,17],"product_tag":[],"class_list":{"0":"post-1178","1":"product","2":"type-product","3":"status-publish","4":"has-post-thumbnail","6":"product_cat-nhi-dong-6-tuoi-12-tuoi","7":"product_cat-sach-danh-cho-cac-be","9":"first","10":"outofstock","11":"sale","12":"taxable","13":"shipping-taxable","14":"purchasable","15":"product-type-woosb"},"supplier_id":null,"supplier_sku":"","barcode":null,"atum_controlled":true,"out_stock_date":"2021-03-01 23:31:50","out_stock_threshold":null,"inheritable":false,"inbound_stock":0,"stock_on_hold":0,"sold_today":0,"sales_last_days":0,"reserved_stock":0,"customer_returns":0,"warehouse_damage":0,"lost_in_post":0,"other_logs":0,"out_stock_days":1793,"lost_sales":0,"has_location":false,"update_date":"2026-01-28T23:10:29","atum_locations":[],"atum_stock_status":"instock","restock_status":false,"low_stock_amount":"","sales_update_date":"2026-01-28T23:10:29","calc_backorders":null,"acf":{"publisher":{"ID":1454,"post_author":"1","post_date":"2021-02-17 01:11:34","post_date_gmt":"2021-02-16 23:11:34","post_content":"<!-- wp:flatsome\/uxbuilder -->\n<h1 style=\"text-align: center;\"><strong>Kim \u0110\u1ed3ng<\/strong><\/h1>\n[row]\n\n[col span=\"3\" span__sm=\"12\"]\n\n[ux_image id=\"1534\" image_size=\"medium\"]\n\n\n[\/col]\n[col span=\"9\" span__sm=\"12\"]\n\n<p>Nh\u00e0 xu\u1ea5t b\u1ea3n Kim \u0110\u1ed3ng tr\u1ef1c thu\u1ed9c Trung \u01b0\u01a1ng \u0110o\u00e0n TNCS H\u1ed3 Ch\u00ed Minh l\u00e0 Nh\u00e0 xu\u1ea5t b\u1ea3n t\u1ed5ng h\u1ee3p c\u00f3 ch\u1ee9c n\u0103ng xu\u1ea5t b\u1ea3n s\u00e1ch v\u00e0 v\u0103n h\u00f3a ph\u1ea9m ph\u1ee5c v\u1ee5 thi\u1ebfu nhi v\u00e0 c\u00e1c b\u1eadc ph\u1ee5 huynh trong c\u1ea3 n\u01b0\u1edbc, qu\u1ea3ng b\u00e1 v\u00e0 gi\u1edbi thi\u1ec7u v\u0103n h\u00f3a Vi\u1ec7t Nam ra th\u1ebf gi\u1edbi.<br \/>Nh\u00e0 xu\u1ea5t b\u1ea3n c\u00f3 nhi\u1ec7m v\u1ee5 t\u1ed5 ch\u1ee9c b\u1ea3n th\u1ea3o, bi\u00ean so\u1ea1n, bi\u00ean d\u1ecbch, xu\u1ea5t b\u1ea3n v\u00e0 ph\u00e1t h\u00e0nh c\u00e1c xu\u1ea5t b\u1ea3n ph\u1ea9m c\u00f3 n\u1ed9i dung: gi\u00e1o d\u1ee5c truy\u1ec1n th\u1ed1ng d\u00e2n t\u1ed9c, gi\u00e1o d\u1ee5c v\u1ec1 tri th\u1ee9c, ki\u1ebfn th\u1ee9c\u2026 tr\u00ean c\u00e1c l\u0129nh v\u1ef1c v\u0103n h\u1ecdc, ngh\u1ec7 thu\u1eadt, khoa h\u1ecdc k\u1ef9 thu\u1eadt nh\u1eb1m cung c\u1ea5p cho c\u00e1c em thi\u1ebfu nhi c\u0169ng nh\u01b0 c\u00e1c b\u1eadc ph\u1ee5 huynh c\u00e1c ki\u1ebfn th\u1ee9c c\u1ea7n thi\u1ebft trong cu\u1ed9c s\u1ed1ng, nh\u1eefng tinh hoa c\u1ee7a tri th\u1ee9c nh\u00e2n lo\u1ea1i nh\u1eb1m g\u00f3p ph\u1ea7n gi\u00e1o d\u1ee5c v\u00e0 h\u00ecnh th\u00e0nh nh\u00e2n c\u00e1ch th\u1ebf h\u1ec7 tr\u1ebb.<br \/>\u0110\u1ed1i t\u01b0\u1ee3ng ph\u1ee5c v\u1ee5 c\u1ee7a Nh\u00e0 xu\u1ea5t b\u1ea3n l\u00e0 c\u00e1c em t\u1eeb tu\u1ed5i nh\u00e0 tr\u1ebb m\u1eabu gi\u00e1o (1 \u0111\u1ebfn 5 tu\u1ed5i), nhi \u0111\u1ed3ng (6 \u0111\u1ebfn 9 tu\u1ed5i), thi\u1ebfu ni\u00ean (10 \u0111\u1ebfn 15 tu\u1ed5i) \u0111\u1ebfn c\u00e1c em tu\u1ed5i m\u1edbi l\u1edbn (16 \u0111\u1ebfn 18 tu\u1ed5i) v\u00e0 c\u00e1c b\u1eadc ph\u1ee5 huynh.<\/p>\n\n[\/col]\n\n[\/row]\n\n<!-- \/wp:flatsome\/uxbuilder -->","post_title":"Kim \u0110\u1ed3ng","post_excerpt":"","post_status":"publish","comment_status":"closed","ping_status":"closed","post_password":"","post_name":"kim-dong","to_ping":"","pinged":"","post_modified":"2021-02-17 01:31:56","post_modified_gmt":"2021-02-16 23:31:56","post_content_filtered":"","post_parent":0,"guid":"https:\/\/sachviet.eu\/nha-phat-hanh\/kim-dong\/","menu_order":0,"post_type":"publisher","post_mime_type":"","comment_count":"0","filter":"raw"}},"_links":{"self":[{"href":"https:\/\/sachviet.eu\/en\/wp-json\/wp\/v2\/product\/1178","targetHints":{"allow":["GET"]}}],"collection":[{"href":"https:\/\/sachviet.eu\/en\/wp-json\/wp\/v2\/product"}],"about":[{"href":"https:\/\/sachviet.eu\/en\/wp-json\/wp\/v2\/types\/product"}],"wp:featuredmedia":[{"embeddable":true,"href":"https:\/\/sachviet.eu\/en\/wp-json\/wp\/v2\/media\/1165"}],"wp:attachment":[{"href":"https:\/\/sachviet.eu\/en\/wp-json\/wp\/v2\/media?parent=1178"}],"wp:term":[{"taxonomy":"product_brand","embeddable":true,"href":"https:\/\/sachviet.eu\/en\/wp-json\/wp\/v2\/product_brand?post=1178"},{"taxonomy":"product_cat","embeddable":true,"href":"https:\/\/sachviet.eu\/en\/wp-json\/wp\/v2\/product_cat?post=1178"},{"taxonomy":"product_tag","embeddable":true,"href":"https:\/\/sachviet.eu\/en\/wp-json\/wp\/v2\/product_tag?post=1178"}],"curies":[{"name":"wp","href":"https:\/\/api.w.org\/{rel}","templated":true}]}}