{"id":11776,"date":"2021-06-03T21:12:22","date_gmt":"2021-06-03T18:12:22","guid":{"rendered":"https:\/\/sachviet.eu\/shop\/song-ngu-kinh-dien-minh-co-the-lam-bat-cu-viec-gi-bundle-5-quyen\/"},"modified":"2022-12-19T18:40:29","modified_gmt":"2022-12-19T16:40:29","slug":"song-ngu-kinh-dien-minh-co-the-lam-bat-cu-viec-gi-bundle-5-quyen","status":"publish","type":"product","link":"https:\/\/sachviet.eu\/en\/shop\/song-ngu-kinh-dien-minh-co-the-lam-bat-cu-viec-gi-bundle-5-quyen\/","title":{"rendered":"Song Ng\u1eef Kinh \u0110i\u1ec3n &#8211; M\u00ecnh C\u00f3 Th\u1ec3 L\u00e0m B\u1ea5t C\u1ee9 Vi\u1ec7c G\u00ec &#8211; Bundle 5 quy\u1ec3n"},"content":{"rendered":"<p>T\u1ea5t c\u1ea3 nh\u1eefng \u201cc\u00f4ng vi\u1ec7c\u201d \u0111\u00f3 \u0111\u01b0\u1ee3c th\u1ec3 hi\u1ec7n m\u1ed9t c\u00e1ch h\u00f3m h\u1ec9nh v\u00e0 vui t\u01b0\u01a1i trong cu\u1ed1n s\u00e1ch \u201cM\u00ecnh c\u00f3 th\u1ec3 l\u00e0m b\u1ea5t c\u1ee9 vi\u1ec7c g\u00ec! \u2013 I can be anything!\u201d c\u1ee7a t\u00e1c gi\u1ea3 Jerry Spinelli v\u00e0 \u0111\u01b0\u1ee3c minh h\u1ecda b\u1eb1ng nh\u1eefng b\u1ee9c tranh tuy\u1ec7t v\u1eddi c\u1ee7a h\u1ecda s\u0129 Jimmy Liao.<\/p>\n<p>V\u1edbi cu\u1ed1n s\u00e1ch song ng\u1eef xinh \u0111\u1eb9p n\u00e0y, c\u00e1c b\u00e9 s\u1ebd \u0111\u01b0\u1ee3c ch\u00ecm \u0111\u1eafm trong th\u1ebf gi\u1edbi c\u1ee7a ri\u00eang m\u00ecnh, n\u01a1i tr\u00ed t\u01b0\u1edfng t\u01b0\u1ee3ng bay xa v\u00e0 c\u00e1c em c\u00f3 th\u1ec3 l\u00e0m b\u1ea5t c\u1ee9 vi\u1ec7c g\u00ec m\u00e0 m\u00ecnh th\u00edch. Ch\u01b0a h\u1ebft, ba m\u1eb9 v\u00e0 c\u00e1c b\u00e9 s\u1ebd kh\u00e1m ph\u00e1 ra t\u00ean g\u1ecdi c\u1ee7a r\u1ea5t nhi\u1ec1u \u201cc\u00f4ng vi\u1ec7c\u201d trong ti\u1ebfng Anh, v\u00e0 sau c\u00f9ng b\u00e9 s\u1ebd ch\u1ecdn c\u00f4ng vi\u1ec7c n\u00e0o nh\u1ec9? C\u00e2u tr\u1ea3 l\u1eddi s\u1ebd c\u00f3 trong \u201cM\u00ecnh c\u00f3 th\u1ec3 l\u00e0m b\u1ea5t c\u1ee9 vi\u1ec7c g\u00ec! \u2013 I can be anything!\u201d \u2013 Cu\u1ed1n s\u00e1ch tuy\u1ec7t v\u1eddi m\u00f4 t\u1ea3 th\u1ebf gi\u1edbi trong \u0111\u00f4i m\u1eaft tr\u1ebb th\u01a1<\/p>\n","protected":false},"excerpt":{"rendered":"<p>T\u1ea5t c\u1ea3 nh\u1eefng \u201cc\u00f4ng vi\u1ec7c\u201d \u0111\u00f3 \u0111\u01b0\u1ee3c th\u1ec3 hi\u1ec7n m\u1ed9t c\u00e1ch h\u00f3m h\u1ec9nh v\u00e0 vui t\u01b0\u01a1i trong cu\u1ed1n s\u00e1ch \u201cM\u00ecnh c\u00f3 th\u1ec3 l\u00e0m b\u1ea5t c\u1ee9 vi\u1ec7c g\u00ec! \u2013 I can be anything!\u201d c\u1ee7a t\u00e1c gi\u1ea3 Jerry Spinelli v\u00e0 \u0111\u01b0\u1ee3c minh h\u1ecda b\u1eb1ng nh\u1eefng b\u1ee9c tranh tuy\u1ec7t v\u1eddi c\u1ee7a h\u1ecda s\u0129 Jimmy Liao.<\/p>\n<p>V\u1edbi cu\u1ed1n s\u00e1ch song ng\u1eef xinh \u0111\u1eb9p n\u00e0y, c\u00e1c b\u00e9 s\u1ebd \u0111\u01b0\u1ee3c ch\u00ecm \u0111\u1eafm trong th\u1ebf gi\u1edbi c\u1ee7a ri\u00eang m\u00ecnh, n\u01a1i tr\u00ed t\u01b0\u1edfng t\u01b0\u1ee3ng bay xa v\u00e0 c\u00e1c em c\u00f3 th\u1ec3 l\u00e0m b\u1ea5t c\u1ee9 vi\u1ec7c g\u00ec m\u00e0 m\u00ecnh th\u00edch. Ch\u01b0a h\u1ebft, ba m\u1eb9 v\u00e0 c\u00e1c b\u00e9 s\u1ebd kh\u00e1m ph\u00e1 ra t\u00ean g\u1ecdi c\u1ee7a r\u1ea5t nhi\u1ec1u \u201cc\u00f4ng vi\u1ec7c\u201d trong ti\u1ebfng Anh, v\u00e0 sau c\u00f9ng b\u00e9 s\u1ebd ch\u1ecdn c\u00f4ng vi\u1ec7c n\u00e0o nh\u1ec9? C\u00e2u tr\u1ea3 l\u1eddi s\u1ebd c\u00f3 trong \u201cM\u00ecnh c\u00f3 th\u1ec3 l\u00e0m b\u1ea5t c\u1ee9 vi\u1ec7c g\u00ec! \u2013 I can be anything!\u201d \u2013 Cu\u1ed1n s\u00e1ch tuy\u1ec7t v\u1eddi m\u00f4 t\u1ea3 th\u1ebf gi\u1edbi trong \u0111\u00f4i m\u1eaft tr\u1ebb th\u01a1<\/p>\n","protected":false},"featured_media":11770,"template":"","meta":{"_acf_changed":false},"product_brand":[],"product_cat":[24,25,17,39],"product_tag":[81],"class_list":{"0":"post-11776","1":"product","2":"type-product","3":"status-publish","4":"has-post-thumbnail","6":"product_cat-nha-tre-mau-giao-0-tuoi-6-tuoi","7":"product_cat-nhi-dong-6-tuoi-12-tuoi","8":"product_cat-sach-danh-cho-cac-be","9":"product_cat-sach-song-ngu-anh-viet","10":"product_tag-sach-gia-uu-dai","12":"first","13":"outofstock","14":"sale","15":"taxable","16":"shipping-taxable","17":"purchasable","18":"product-type-woosb"},"supplier_id":null,"supplier_sku":"","barcode":null,"atum_controlled":true,"out_stock_date":"2021-06-03 18:12:23","out_stock_threshold":null,"inheritable":false,"inbound_stock":0,"stock_on_hold":0,"sold_today":0,"sales_last_days":0,"reserved_stock":0,"customer_returns":0,"warehouse_damage":0,"lost_in_post":0,"other_logs":0,"out_stock_days":1700,"lost_sales":0,"has_location":false,"update_date":"2026-01-28T23:10:50","atum_locations":[],"atum_stock_status":"outofstock","restock_status":false,"low_stock_amount":"","sales_update_date":"2026-01-28T23:10:50","calc_backorders":null,"acf":{"publisher":{"ID":1453,"post_author":"1","post_date":"2021-02-17 01:11:32","post_date_gmt":"2021-02-16 23:11:32","post_content":"<!-- wp:flatsome\/uxbuilder -->\n<h1 style=\"text-align: center;\"><strong>Qu\u1ea3ng V\u0103n<\/strong><\/h1>\n[row]\n\n[col span=\"6\" span__sm=\"12\"]\n\n[ux_image id=\"1552\" image_size=\"medium\"]\n\n\n[\/col]\n[col span=\"6\" span__sm=\"12\"]\n\n<p><strong>Quangvanbooks<\/strong><br \/>Qu\u1ea3ng V\u0103n l\u00e0 t\u1ed5 h\u1ee3p xu\u1ea5t b\u1ea3n, gi\u00e1o d\u1ee5c v\u00e0 nh\u01b0\u1ee3ng quy\u1ec1n h\u00e0ng \u0111\u1ea7u trong ng\u00e0nh c\u00f4ng nghi\u1ec7p s\u00e1ng t\u1ea1o v\u1edbi c\u00e1c th\u01b0\u01a1ng hi\u1ec7u nh\u00e1nh:<\/p>\n<p>Quangvanbooks - Th\u01b0\u01a1ng hi\u1ec7u s\u00e1ch v\u0103n h\u00f3a gi\u00e1o d\u1ee5c v\u00e0 v\u0103n h\u00f3a gi\u1ea3i tr\u00ed<br \/>Ehomebooks - Th\u01b0\u01a1ng hi\u1ec7u s\u00e1ch gi\u00e1o d\u1ee5c gia \u0111\u00ecnh<br \/>Sakurabooks - Th\u01b0\u01a1ng hi\u1ec7u s\u00e1ch Nh\u1eadt B\u1ea3n<br \/>IPERbooks - Th\u01b0\u01a1ng hi\u1ec7u s\u00e1ch gi\u00e1o d\u1ee5c nh\u00e0 tr\u01b0\u1eddng<br \/>IPER - Vi\u1ec7n nghi\u00ean c\u1ee9u xu\u1ea5t b\u1ea3n v\u00e0 gi\u00e1o d\u1ee5c IPER<\/p>\n<p><strong>T\u1ea7m nh\u00ecn<\/strong><br \/>Tr\u1edf th\u00e0nh th\u01b0\u01a1ng hi\u1ec7u s\u00e1ch v\u0103n h\u00f3a gi\u00e1o d\u1ee5c v\u00e0 v\u0103n h\u00f3a gi\u1ea3i tr\u00ed t\u1ed1t nh\u1ea5t v\u00e0 \u0111a d\u1ea1ng nh\u1ea5t Vi\u1ec7t Nam.<\/p>\n<p><br \/><strong>S\u1ee9 m\u1ec7nh<\/strong><br \/>Mang \u0111\u1ebfn nh\u1eefng cu\u1ed1n s\u00e1ch v\u0103n h\u00f3a gi\u00e1o d\u1ee5c v\u00e0 v\u0103n h\u00f3a gi\u1ea3i tr\u00ed \u0111\u1ebfn v\u1edbi \u0111\u1ed9c gi\u1ea3 Vi\u1ec7t Nam v\u00e0 th\u1ebf gi\u1edbi nh\u1eb1m gi\u00fap \u0111\u1ed9c gi\u1ea3 ph\u00e1t tri\u1ec3n b\u1ea3n th\u00e2n, gi\u00e1o d\u1ee5c, gi\u1ea3i tr\u00ed v\u00e0 khai s\u00e1ng nh\u1eb1m x\u00e2y d\u1ef1ng x\u00e3 h\u1ed9i th\u1ecbnh v\u01b0\u1ee3ng, h\u1ea1nh ph\u00fac.<\/p>\n<p><strong>Gi\u00e1 tr\u1ecb c\u1ed1t l\u00f5i<\/strong><\/p>\n<p>S\u00e1ng t\u1ea1o - Linh ho\u1ea1t - H\u1ee3p t\u00e1c - Ch\u00ednh tr\u1ef1c - Nhi\u1ec7t huy\u1ebft - C\u00e2n b\u1eb1ng - H\u1ea1nh ph\u00fac<\/p>\n\n[\/col]\n\n[\/row]\n\n<!-- \/wp:flatsome\/uxbuilder -->","post_title":"Qu\u1ea3ng V\u0103n","post_excerpt":"","post_status":"publish","comment_status":"closed","ping_status":"closed","post_password":"","post_name":"quang-van","to_ping":"","pinged":"","post_modified":"2021-02-17 01:26:44","post_modified_gmt":"2021-02-16 23:26:44","post_content_filtered":"","post_parent":0,"guid":"https:\/\/sachviet.eu\/nha-phat-hanh\/quang-van\/","menu_order":0,"post_type":"publisher","post_mime_type":"","comment_count":"0","filter":"raw"}},"_links":{"self":[{"href":"https:\/\/sachviet.eu\/en\/wp-json\/wp\/v2\/product\/11776","targetHints":{"allow":["GET"]}}],"collection":[{"href":"https:\/\/sachviet.eu\/en\/wp-json\/wp\/v2\/product"}],"about":[{"href":"https:\/\/sachviet.eu\/en\/wp-json\/wp\/v2\/types\/product"}],"wp:featuredmedia":[{"embeddable":true,"href":"https:\/\/sachviet.eu\/en\/wp-json\/wp\/v2\/media\/11770"}],"wp:attachment":[{"href":"https:\/\/sachviet.eu\/en\/wp-json\/wp\/v2\/media?parent=11776"}],"wp:term":[{"taxonomy":"product_brand","embeddable":true,"href":"https:\/\/sachviet.eu\/en\/wp-json\/wp\/v2\/product_brand?post=11776"},{"taxonomy":"product_cat","embeddable":true,"href":"https:\/\/sachviet.eu\/en\/wp-json\/wp\/v2\/product_cat?post=11776"},{"taxonomy":"product_tag","embeddable":true,"href":"https:\/\/sachviet.eu\/en\/wp-json\/wp\/v2\/product_tag?post=11776"}],"curies":[{"name":"wp","href":"https:\/\/api.w.org\/{rel}","templated":true}]}}