{"id":11769,"date":"2021-06-03T21:11:13","date_gmt":"2021-06-03T18:11:13","guid":{"rendered":"https:\/\/sachviet.eu\/shop\/cau-chuyen-dep-nhat-ve-ech-xanh-clifford-chu-cho-do-khong-lo-zozo-chu-khi-hieu-ky-bundle-3-quyen\/"},"modified":"2022-12-19T18:40:40","modified_gmt":"2022-12-19T16:40:40","slug":"cau-chuyen-dep-nhat-ve-ech-xanh-clifford-chu-cho-do-khong-lo-zozo-chu-khi-hieu-ky-bundle-3-quyen","status":"publish","type":"product","link":"https:\/\/sachviet.eu\/en\/shop\/cau-chuyen-dep-nhat-ve-ech-xanh-clifford-chu-cho-do-khong-lo-zozo-chu-khi-hieu-ky-bundle-3-quyen\/","title":{"rendered":"C\u00e2u Chuy\u1ec7n \u0110\u1eb9p Nh\u1ea5t V\u1ec1 \u1ebech Xanh, Clifford Ch\u00fa ch\u00f3 \u0111\u1ecf kh\u1ed5ng l\u1ed3, Zozo ch\u00fa kh\u1ec9 hi\u1ebfu k\u1ef3 &#8211; Bundle 3 quy\u1ec3n"},"content":{"rendered":"<p>CH\u00d3 \u0110\u1ece &#8211; \u1ebeCH XANH &#8211; KH\u1ec8 ZOZO<br \/>\nTuy\u1ec3n t\u1eadp truy\u1ec7n tranh l\u00e0m say l\u00f2ng bao th\u1ebf h\u1ec7 thi\u1ebfu nhi<br \/>\nClifford &#8211; Ch\u00fa ch\u00f3 \u0111\u1ecf kh\u1ed5ng l\u1ed3 l\u00e0 ng\u01b0\u1eddi b\u1ea1n m\u01a1 \u01b0\u1edbc c\u1ee7a m\u1ecdi tu\u1ed5i th\u01a1. \u0110\u00f3 l\u00e0 ch\u00fa ch\u00f3 to nh\u1ea5t, \u0111\u1ecf nh\u1ea5t, \u0111\u01b0\u1ee3c c\u00f4 ch\u1ee7 Emily y\u00eau qu\u00fd nh\u1ea5t v\u00e0 \u0111\u01b0\u1ee3c b\u1ea1n nh\u1ecf tr\u00ean to\u00e0n th\u1ebf gi\u1edbi m\u1ebfn m\u1ed9. Ch\u00fa mang nh\u1eefng n\u00e9t \u0111\u1eb7c tr\u01b0ng ti\u00eau bi\u1ec3u c\u1ee7a 1 \u0111\u1ee9a tr\u1ebb: c\u01b0 x\u1eed th\u00e2n thi\u1ec7n, t\u1ed1t b\u1ee5ng, v\u1ee5ng v\u1ec1 v\u00e0 ng\u00e2y th\u01a1. S\u1ef1 v\u1ee5ng v\u1ec1 r\u1ea5t \u0111\u00e1ng y\u00eau c\u1ee7a ch\u00fa \u0111\u00f4i khi khi\u1ebfn ng\u01b0\u1eddi ta b\u1eadt c\u01b0\u1eddi v\u00e0 c\u00e0ng y\u00eau qu\u00fd ch\u00fa h\u01a1n<br \/>\nTuy\u1ec3n t\u1eadp 6 c\u00e2u chuy\u1ec7n vui nh\u1ea5t v\u1ec1 Zozo \u2013 Ch\u00fa kh\u1ec9 hi\u1ebfu k\u1ef3 t\u1eadp h\u1ee3p tr\u1ecdn v\u1eb9n nh\u1eefng c\u00e2u chuy\u1ec7n tuy\u1ec7t v\u1eddi d\u00e0nh cho thi\u1ebfu nhi, k\u1ec3 v\u1ec1 c\u00e1c tr\u00f2 b\u1eaft ch\u01b0\u1edbc v\u00e0 ngh\u1ecbch ng\u1ee3m c\u1ee7a ch\u00fa kh\u1ec9 t\u00f2 m\u00f2 kh\u1ee7ng khi\u1ebfp v\u00e0 nh\u1eafng nh\u00edt nh\u1ea5t r\u1eebng xanh. C\u00f3 r\u1ea5t nhi\u1ec1u \u0111i\u1ec3m t\u01b0\u01a1ng \u0111\u1ed3ng gi\u1eefa kh\u1ec9 Zozo v\u00e0 nh\u1eefng \u0111\u1ee9a tr\u1ebb, c\u1ea3 2 \u0111\u1ec1u mang trong m\u00ecnh m\u1ed9t s\u1ef1 t\u00f2 m\u00f2 v\u1edbi t\u1ea5t c\u1ea3 m\u1ecdi th\u1ee9 xung quanh.<br \/>\n8 c\u00e2u chuy\u1ec7n \u0111\u1eb9p nh\u1ea5t v\u1ec1 \u1ebfch xanh K\u1ec3 cho b\u00e9 nh\u1eefng c\u00e2u chuy\u1ec7n \u0111\u1ea7y th\u00fa v\u1ecb v\u1ec1 ch\u00fa \u1ebech Xanh m\u1eb7c qu\u1ea7n so\u00f3c s\u1ecdc \u0111\u1ecf, m\u1ed9t ch\u00fa \u1ebfch r\u1ea5t \u0111\u1ed7i ng\u00e2y th\u01a1, \u1ea5m \u00e1p v\u00e0 t\u1ed1t b\u1ee5ng, m\u1ed9t ch\u00fa \u1ebfch c\u00f3 th\u1ec3 l\u00e0m tan ch\u1ea3y tr\u00e1i tim b\u1ea5t k\u1ef3 ai b\u1eb1ng t\u00ecnh y\u00eau th\u01b0\u01a1ng th\u1ebf gi\u1edbi v\u00e0 con ng\u01b0\u1eddi. C\u00f3 8 c\u00e2u chuy\u1ec7n nh\u1ecf v\u1ec1 ch\u00fa \u1ebfch xanh, m\u1ed7i c\u00e2u chuy\u1ec7n l\u1ea1i mang m\u1ed9t m\u00e0u s\u1eafc m\u1edbi \u0111\u1ea7y h\u1ea5p d\u1eabn, d\u00ed d\u1ecfm, vui t\u01b0\u01a1i v\u00e0 ch\u1ee9a chan ni\u1ec1m tin y\u00eau cu\u1ed9c s\u1ed1ng.<br \/>\n======================<br \/>\nClifford &#8211; Ch\u00fa ch\u00f3 \u0111\u1ecf kh\u1ed5ng l\u1ed3: 316 trang, kh\u1ed5 s\u00e1ch: 18x20cm.<br \/>\n8 C\u00e2u Chuy\u1ec7n \u0110\u1eb9p Nh\u1ea5t V\u1ec1 \u1ebech Xanh: 224 trang, kh\u1ed5 s\u00e1ch: 18x20cm.<br \/>\n6 C\u00e2u Chuy\u1ec7n Vui Nh\u1ea5t V\u1ec1 Zozo &#8211; Ch\u00fa Kh\u1ec9 Hi\u1ebfu K\u1ef3: 320 trang, kh\u1ed5 s\u00e1ch: 18x20cm.<\/p>\n","protected":false},"excerpt":{"rendered":"<p>CH\u00d3 \u0110\u1ece &#8211; \u1ebeCH XANH &#8211; KH\u1ec8 ZOZO<br \/>\nTuy\u1ec3n t\u1eadp truy\u1ec7n tranh l\u00e0m say l\u00f2ng bao th\u1ebf h\u1ec7 thi\u1ebfu nhi<br \/>\nClifford &#8211; Ch\u00fa ch\u00f3 \u0111\u1ecf kh\u1ed5ng l\u1ed3 l\u00e0 ng\u01b0\u1eddi b\u1ea1n m\u01a1 \u01b0\u1edbc c\u1ee7a m\u1ecdi tu\u1ed5i th\u01a1. \u0110\u00f3 l\u00e0 ch\u00fa ch\u00f3 to nh\u1ea5t, \u0111\u1ecf nh\u1ea5t, \u0111\u01b0\u1ee3c c\u00f4 ch\u1ee7 Emily y\u00eau qu\u00fd nh\u1ea5t v\u00e0 \u0111\u01b0\u1ee3c b\u1ea1n nh\u1ecf tr\u00ean to\u00e0n th\u1ebf gi\u1edbi m\u1ebfn m\u1ed9. Ch\u00fa mang nh\u1eefng n\u00e9t \u0111\u1eb7c tr\u01b0ng ti\u00eau bi\u1ec3u c\u1ee7a 1 \u0111\u1ee9a tr\u1ebb: c\u01b0 x\u1eed th\u00e2n thi\u1ec7n, t\u1ed1t b\u1ee5ng, v\u1ee5ng v\u1ec1 v\u00e0 ng\u00e2y th\u01a1. S\u1ef1 v\u1ee5ng v\u1ec1 r\u1ea5t \u0111\u00e1ng y\u00eau c\u1ee7a ch\u00fa \u0111\u00f4i khi khi\u1ebfn ng\u01b0\u1eddi ta b\u1eadt c\u01b0\u1eddi v\u00e0 c\u00e0ng y\u00eau qu\u00fd ch\u00fa h\u01a1n<br \/>\nTuy\u1ec3n t\u1eadp 6 c\u00e2u chuy\u1ec7n vui nh\u1ea5t v\u1ec1 Zozo \u2013 Ch\u00fa kh\u1ec9 hi\u1ebfu k\u1ef3 t\u1eadp h\u1ee3p tr\u1ecdn v\u1eb9n nh\u1eefng c\u00e2u chuy\u1ec7n tuy\u1ec7t v\u1eddi d\u00e0nh cho thi\u1ebfu nhi, k\u1ec3 v\u1ec1 c\u00e1c tr\u00f2 b\u1eaft ch\u01b0\u1edbc v\u00e0 ngh\u1ecbch ng\u1ee3m c\u1ee7a ch\u00fa kh\u1ec9 t\u00f2 m\u00f2 kh\u1ee7ng khi\u1ebfp v\u00e0 nh\u1eafng nh\u00edt nh\u1ea5t r\u1eebng xanh. C\u00f3 r\u1ea5t nhi\u1ec1u \u0111i\u1ec3m t\u01b0\u01a1ng \u0111\u1ed3ng gi\u1eefa kh\u1ec9 Zozo v\u00e0 nh\u1eefng \u0111\u1ee9a tr\u1ebb, c\u1ea3 2 \u0111\u1ec1u mang trong m\u00ecnh m\u1ed9t s\u1ef1 t\u00f2 m\u00f2 v\u1edbi t\u1ea5t c\u1ea3 m\u1ecdi th\u1ee9 xung quanh.<br \/>\n8 c\u00e2u chuy\u1ec7n \u0111\u1eb9p nh\u1ea5t v\u1ec1 \u1ebfch xanh K\u1ec3 cho b\u00e9 nh\u1eefng c\u00e2u chuy\u1ec7n \u0111\u1ea7y th\u00fa v\u1ecb v\u1ec1 ch\u00fa \u1ebech Xanh m\u1eb7c qu\u1ea7n so\u00f3c s\u1ecdc \u0111\u1ecf, m\u1ed9t ch\u00fa \u1ebfch r\u1ea5t \u0111\u1ed7i ng\u00e2y th\u01a1, \u1ea5m \u00e1p v\u00e0 t\u1ed1t b\u1ee5ng, m\u1ed9t ch\u00fa \u1ebfch c\u00f3 th\u1ec3 l\u00e0m tan ch\u1ea3y tr\u00e1i tim b\u1ea5t k\u1ef3 ai b\u1eb1ng t\u00ecnh y\u00eau th\u01b0\u01a1ng th\u1ebf gi\u1edbi v\u00e0 con ng\u01b0\u1eddi. C\u00f3 8 c\u00e2u chuy\u1ec7n nh\u1ecf v\u1ec1 ch\u00fa \u1ebfch xanh, m\u1ed7i c\u00e2u chuy\u1ec7n l\u1ea1i mang m\u1ed9t m\u00e0u s\u1eafc m\u1edbi \u0111\u1ea7y h\u1ea5p d\u1eabn, d\u00ed d\u1ecfm, vui t\u01b0\u01a1i v\u00e0 ch\u1ee9a chan ni\u1ec1m tin y\u00eau cu\u1ed9c s\u1ed1ng.<\/p>\n","protected":false},"featured_media":11810,"template":"","meta":{"_acf_changed":false},"product_brand":[],"product_cat":[25,17],"product_tag":[81],"class_list":{"0":"post-11769","1":"product","2":"type-product","3":"status-publish","4":"has-post-thumbnail","6":"product_cat-nhi-dong-6-tuoi-12-tuoi","7":"product_cat-sach-danh-cho-cac-be","8":"product_tag-sach-gia-uu-dai","10":"first","11":"outofstock","12":"sale","13":"taxable","14":"shipping-taxable","15":"purchasable","16":"product-type-woosb"},"supplier_id":null,"supplier_sku":"","barcode":null,"atum_controlled":true,"out_stock_date":"2021-06-03 18:11:13","out_stock_threshold":null,"inheritable":false,"inbound_stock":0,"stock_on_hold":0,"sold_today":0,"sales_last_days":0,"reserved_stock":0,"customer_returns":0,"warehouse_damage":0,"lost_in_post":0,"other_logs":0,"out_stock_days":1700,"lost_sales":0,"has_location":false,"update_date":"2026-01-28T23:10:50","atum_locations":[],"atum_stock_status":"outofstock","restock_status":false,"low_stock_amount":"","sales_update_date":"2026-01-28T23:10:50","calc_backorders":null,"acf":{"publisher":{"ID":2817,"post_author":"1","post_date":"2021-02-27 00:00:35","post_date_gmt":"2021-02-26 22:00:35","post_content":"","post_title":"Alpha Books","post_excerpt":"","post_status":"publish","comment_status":"closed","ping_status":"closed","post_password":"","post_name":"alpha-books","to_ping":"","pinged":"","post_modified":"2021-02-27 00:00:35","post_modified_gmt":"2021-02-26 22:00:35","post_content_filtered":"","post_parent":0,"guid":"https:\/\/sachviet.eu\/nha-phat-hanh\/alpha-books\/","menu_order":0,"post_type":"publisher","post_mime_type":"","comment_count":"0","filter":"raw"}},"_links":{"self":[{"href":"https:\/\/sachviet.eu\/en\/wp-json\/wp\/v2\/product\/11769","targetHints":{"allow":["GET"]}}],"collection":[{"href":"https:\/\/sachviet.eu\/en\/wp-json\/wp\/v2\/product"}],"about":[{"href":"https:\/\/sachviet.eu\/en\/wp-json\/wp\/v2\/types\/product"}],"wp:featuredmedia":[{"embeddable":true,"href":"https:\/\/sachviet.eu\/en\/wp-json\/wp\/v2\/media\/11810"}],"wp:attachment":[{"href":"https:\/\/sachviet.eu\/en\/wp-json\/wp\/v2\/media?parent=11769"}],"wp:term":[{"taxonomy":"product_brand","embeddable":true,"href":"https:\/\/sachviet.eu\/en\/wp-json\/wp\/v2\/product_brand?post=11769"},{"taxonomy":"product_cat","embeddable":true,"href":"https:\/\/sachviet.eu\/en\/wp-json\/wp\/v2\/product_cat?post=11769"},{"taxonomy":"product_tag","embeddable":true,"href":"https:\/\/sachviet.eu\/en\/wp-json\/wp\/v2\/product_tag?post=11769"}],"curies":[{"name":"wp","href":"https:\/\/api.w.org\/{rel}","templated":true}]}}