{"id":11768,"date":"2021-06-03T21:09:58","date_gmt":"2021-06-03T18:09:58","guid":{"rendered":"https:\/\/sachviet.eu\/shop\/va-hon-the-nua-bundle-3-quyen\/"},"modified":"2022-12-19T18:40:49","modified_gmt":"2022-12-19T16:40:49","slug":"va-hon-the-nua-bundle-3-quyen","status":"publish","type":"product","link":"https:\/\/sachviet.eu\/en\/shop\/va-hon-the-nua-bundle-3-quyen\/","title":{"rendered":"\u2026V\u00e0 h\u01a1n th\u1ebf n\u1eefa &#8211; Bundle 3 quy\u1ec3n"},"content":{"rendered":"<p>B\u1ed9 s\u00e1ch tranh khoa h\u1ecdc v\u1edbi t\u1ef1a \u0111\u1ec1 &#8220;Qu\u1ea3 tr\u1ee9ng v\u00e0 h\u01a1n th\u1ebf n\u1eefa&#8221;, &#8220;Tr\u00e1i tim v\u00e0 h\u01a1n th\u1ebf n\u1eefa&#8221;, &#8220;B\u0103ng v\u00e0 h\u01a1n th\u1ebf n\u1eefa&#8221; \u0111\u01b0a \u0111\u1ebfn g\u00f3c nh\u00ecn v\u1ec1 s\u1ef1 v\u1eadt hi\u1ec7n t\u01b0\u1ee3ng \u1edf t\u00ednh ngu\u1ed3n g\u1ed1c c\u1ee7a n\u00f3 k\u00e8m c\u00e1c tr\u00f2 ch\u01a1i v\u00e0 t\u01b0\u01a1ng t\u00e1c th\u1ef1c h\u00e0nh.<\/p>\n<p>B\u1ed9 s\u00e1ch T\u1eeb \u0111i\u1ec3n h\u00ecnh \u1ea3nh tr\u1ef1c quan \u0111\u01b0\u1ee3c bi\u00ean so\u1ea1n b\u1edfi CLB Tr\u1ebb em v\u00e0 \u0111\u1ed9i ng\u0169 chuy\u00ean gia gi\u00e1o d\u1ee5c v\u00e0 khoa h\u1ecdc h\u00e0ng \u0111\u1ea7u Nh\u1eadt B\u1ea3n c\u0169ng \u0111\u01b0\u1ee3c gi\u1edbi thi\u1ec7u trong d\u1ecbp n\u00e0y. V\u1edbi \u01b0u th\u1ebf l\u00e0 h\u1ec7 th\u1ed1ng h\u00ecnh \u1ea3nh r\u1ea5t phong ph\u00fa, bao g\u1ed3m \u1ea3nh ch\u1ee5p, \u1ea3nh t\u01b0 li\u1ec7u, h\u00ecnh h\u1ecda hi\u1ec7n \u0111\u1ea1i&#8230; c\u00f9ng n\u1ed9i dung ki\u1ebfn th\u1ee9c \u0111a t\u1ea7ng, chi ti\u1ebft, gi\u00fap b\u1ea1n \u0111\u1ecdc h\u1ec7 th\u1ed1ng h\u00f3a d\u1eef li\u1ec7u theo ch\u1ee7 \u0111\u1ec1 d\u1ec5 d\u00e0ng.<\/p>\n","protected":false},"excerpt":{"rendered":"<p>B\u1ed9 s\u00e1ch tranh khoa h\u1ecdc v\u1edbi t\u1ef1a \u0111\u1ec1 &#8220;Qu\u1ea3 tr\u1ee9ng v\u00e0 h\u01a1n th\u1ebf n\u1eefa&#8221;, &#8220;Tr\u00e1i tim v\u00e0 h\u01a1n th\u1ebf n\u1eefa&#8221;, &#8220;B\u0103ng v\u00e0 h\u01a1n th\u1ebf n\u1eefa&#8221; \u0111\u01b0a \u0111\u1ebfn g\u00f3c nh\u00ecn v\u1ec1 s\u1ef1 v\u1eadt hi\u1ec7n t\u01b0\u1ee3ng \u1edf t\u00ednh ngu\u1ed3n g\u1ed1c c\u1ee7a n\u00f3 k\u00e8m c\u00e1c tr\u00f2 ch\u01a1i v\u00e0 t\u01b0\u01a1ng t\u00e1c th\u1ef1c h\u00e0nh.<\/p>\n<p>B\u1ed9 s\u00e1ch T\u1eeb \u0111i\u1ec3n h\u00ecnh \u1ea3nh tr\u1ef1c quan \u0111\u01b0\u1ee3c bi\u00ean so\u1ea1n b\u1edfi CLB Tr\u1ebb em v\u00e0 \u0111\u1ed9i ng\u0169 chuy\u00ean gia gi\u00e1o d\u1ee5c v\u00e0 khoa h\u1ecdc h\u00e0ng \u0111\u1ea7u Nh\u1eadt B\u1ea3n c\u0169ng \u0111\u01b0\u1ee3c gi\u1edbi thi\u1ec7u trong d\u1ecbp n\u00e0y. V\u1edbi \u01b0u th\u1ebf l\u00e0 h\u1ec7 th\u1ed1ng h\u00ecnh \u1ea3nh r\u1ea5t phong ph\u00fa, bao g\u1ed3m \u1ea3nh ch\u1ee5p, \u1ea3nh t\u01b0 li\u1ec7u, h\u00ecnh h\u1ecda hi\u1ec7n \u0111\u1ea1i&#8230; c\u00f9ng n\u1ed9i dung ki\u1ebfn th\u1ee9c \u0111a t\u1ea7ng, chi ti\u1ebft, gi\u00fap b\u1ea1n \u0111\u1ecdc h\u1ec7 th\u1ed1ng h\u00f3a d\u1eef li\u1ec7u theo ch\u1ee7 \u0111\u1ec1 d\u1ec5 d\u00e0ng.<\/p>\n","protected":false},"featured_media":11763,"template":"","meta":{"_acf_changed":false},"product_brand":[],"product_cat":[17,25,26],"product_tag":[81],"class_list":{"0":"post-11768","1":"product","2":"type-product","3":"status-publish","4":"has-post-thumbnail","6":"product_cat-sach-danh-cho-cac-be","7":"product_cat-nhi-dong-6-tuoi-12-tuoi","8":"product_cat-thieu-nien-11-tuoi-18-tuoi","9":"product_tag-sach-gia-uu-dai","11":"first","12":"outofstock","13":"sale","14":"taxable","15":"shipping-taxable","16":"purchasable","17":"product-type-woosb"},"supplier_id":null,"supplier_sku":"","barcode":null,"atum_controlled":true,"out_stock_date":"2021-06-03 18:09:58","out_stock_threshold":null,"inheritable":false,"inbound_stock":0,"stock_on_hold":0,"sold_today":0,"sales_last_days":0,"reserved_stock":0,"customer_returns":0,"warehouse_damage":0,"lost_in_post":0,"other_logs":0,"out_stock_days":1700,"lost_sales":0,"has_location":false,"update_date":"2026-01-28T23:10:50","atum_locations":[],"atum_stock_status":"outofstock","restock_status":false,"low_stock_amount":"","sales_update_date":"2026-01-28T23:10:50","calc_backorders":null,"acf":{"publisher":{"ID":1454,"post_author":"1","post_date":"2021-02-17 01:11:34","post_date_gmt":"2021-02-16 23:11:34","post_content":"<!-- wp:flatsome\/uxbuilder -->\n<h1 style=\"text-align: center;\"><strong>Kim \u0110\u1ed3ng<\/strong><\/h1>\n[row]\n\n[col span=\"3\" span__sm=\"12\"]\n\n[ux_image id=\"1534\" image_size=\"medium\"]\n\n\n[\/col]\n[col span=\"9\" span__sm=\"12\"]\n\n<p>Nh\u00e0 xu\u1ea5t b\u1ea3n Kim \u0110\u1ed3ng tr\u1ef1c thu\u1ed9c Trung \u01b0\u01a1ng \u0110o\u00e0n TNCS H\u1ed3 Ch\u00ed Minh l\u00e0 Nh\u00e0 xu\u1ea5t b\u1ea3n t\u1ed5ng h\u1ee3p c\u00f3 ch\u1ee9c n\u0103ng xu\u1ea5t b\u1ea3n s\u00e1ch v\u00e0 v\u0103n h\u00f3a ph\u1ea9m ph\u1ee5c v\u1ee5 thi\u1ebfu nhi v\u00e0 c\u00e1c b\u1eadc ph\u1ee5 huynh trong c\u1ea3 n\u01b0\u1edbc, qu\u1ea3ng b\u00e1 v\u00e0 gi\u1edbi thi\u1ec7u v\u0103n h\u00f3a Vi\u1ec7t Nam ra th\u1ebf gi\u1edbi.<br \/>Nh\u00e0 xu\u1ea5t b\u1ea3n c\u00f3 nhi\u1ec7m v\u1ee5 t\u1ed5 ch\u1ee9c b\u1ea3n th\u1ea3o, bi\u00ean so\u1ea1n, bi\u00ean d\u1ecbch, xu\u1ea5t b\u1ea3n v\u00e0 ph\u00e1t h\u00e0nh c\u00e1c xu\u1ea5t b\u1ea3n ph\u1ea9m c\u00f3 n\u1ed9i dung: gi\u00e1o d\u1ee5c truy\u1ec1n th\u1ed1ng d\u00e2n t\u1ed9c, gi\u00e1o d\u1ee5c v\u1ec1 tri th\u1ee9c, ki\u1ebfn th\u1ee9c\u2026 tr\u00ean c\u00e1c l\u0129nh v\u1ef1c v\u0103n h\u1ecdc, ngh\u1ec7 thu\u1eadt, khoa h\u1ecdc k\u1ef9 thu\u1eadt nh\u1eb1m cung c\u1ea5p cho c\u00e1c em thi\u1ebfu nhi c\u0169ng nh\u01b0 c\u00e1c b\u1eadc ph\u1ee5 huynh c\u00e1c ki\u1ebfn th\u1ee9c c\u1ea7n thi\u1ebft trong cu\u1ed9c s\u1ed1ng, nh\u1eefng tinh hoa c\u1ee7a tri th\u1ee9c nh\u00e2n lo\u1ea1i nh\u1eb1m g\u00f3p ph\u1ea7n gi\u00e1o d\u1ee5c v\u00e0 h\u00ecnh th\u00e0nh nh\u00e2n c\u00e1ch th\u1ebf h\u1ec7 tr\u1ebb.<br \/>\u0110\u1ed1i t\u01b0\u1ee3ng ph\u1ee5c v\u1ee5 c\u1ee7a Nh\u00e0 xu\u1ea5t b\u1ea3n l\u00e0 c\u00e1c em t\u1eeb tu\u1ed5i nh\u00e0 tr\u1ebb m\u1eabu gi\u00e1o (1 \u0111\u1ebfn 5 tu\u1ed5i), nhi \u0111\u1ed3ng (6 \u0111\u1ebfn 9 tu\u1ed5i), thi\u1ebfu ni\u00ean (10 \u0111\u1ebfn 15 tu\u1ed5i) \u0111\u1ebfn c\u00e1c em tu\u1ed5i m\u1edbi l\u1edbn (16 \u0111\u1ebfn 18 tu\u1ed5i) v\u00e0 c\u00e1c b\u1eadc ph\u1ee5 huynh.<\/p>\n\n[\/col]\n\n[\/row]\n\n<!-- \/wp:flatsome\/uxbuilder -->","post_title":"Kim \u0110\u1ed3ng","post_excerpt":"","post_status":"publish","comment_status":"closed","ping_status":"closed","post_password":"","post_name":"kim-dong","to_ping":"","pinged":"","post_modified":"2021-02-17 01:31:56","post_modified_gmt":"2021-02-16 23:31:56","post_content_filtered":"","post_parent":0,"guid":"https:\/\/sachviet.eu\/nha-phat-hanh\/kim-dong\/","menu_order":0,"post_type":"publisher","post_mime_type":"","comment_count":"0","filter":"raw"}},"_links":{"self":[{"href":"https:\/\/sachviet.eu\/en\/wp-json\/wp\/v2\/product\/11768","targetHints":{"allow":["GET"]}}],"collection":[{"href":"https:\/\/sachviet.eu\/en\/wp-json\/wp\/v2\/product"}],"about":[{"href":"https:\/\/sachviet.eu\/en\/wp-json\/wp\/v2\/types\/product"}],"wp:featuredmedia":[{"embeddable":true,"href":"https:\/\/sachviet.eu\/en\/wp-json\/wp\/v2\/media\/11763"}],"wp:attachment":[{"href":"https:\/\/sachviet.eu\/en\/wp-json\/wp\/v2\/media?parent=11768"}],"wp:term":[{"taxonomy":"product_brand","embeddable":true,"href":"https:\/\/sachviet.eu\/en\/wp-json\/wp\/v2\/product_brand?post=11768"},{"taxonomy":"product_cat","embeddable":true,"href":"https:\/\/sachviet.eu\/en\/wp-json\/wp\/v2\/product_cat?post=11768"},{"taxonomy":"product_tag","embeddable":true,"href":"https:\/\/sachviet.eu\/en\/wp-json\/wp\/v2\/product_tag?post=11768"}],"curies":[{"name":"wp","href":"https:\/\/api.w.org\/{rel}","templated":true}]}}