{"id":11672,"date":"2021-06-03T15:23:05","date_gmt":"2021-06-03T12:23:05","guid":{"rendered":"https:\/\/sachviet.eu\/shop\/nhat-ki-the-gioi-con-trung-set-9-quyen\/"},"modified":"2022-01-01T16:00:16","modified_gmt":"2022-01-01T14:00:16","slug":"nhat-ki-the-gioi-con-trung-set-9-quyen","status":"publish","type":"product","link":"https:\/\/sachviet.eu\/en\/shop\/nhat-ki-the-gioi-con-trung-set-9-quyen\/","title":{"rendered":"Nh\u1eadt k\u00ed th\u1ebf gi\u1edbi c\u00f4n tr\u00f9ng &#8211; Ph\u1ea7n 1 &#8211; set 9 quy\u1ec3n"},"content":{"rendered":"<p>M\u00ecnh tin l\u00e0 n\u1ebfu c\u00f3 c\u01a1 h\u1ed9i \u0111\u01b0\u1ee3c l\u1ef1a ch\u1ecdn, b\u1ea5t k\u00ec \u0111\u1ee9a tr\u1ebb n\u00e0o c\u0169ng s\u1ebd ch\u1ecdn b\u1ed9 NH\u1eacT K\u00cd TH\u1ebe GI\u1edaI C\u00d4N TR\u00d9NG n\u00e0y<br \/>\nB\u1ed9 s\u00e1ch h\u1ea5p d\u1eabn t\u1ee5i nh\u1ecf ngay t\u1eeb ch\u1ee7 \u0111\u1ec1. C\u00f3 l\u1ebd \u0111\u1ee9a tr\u1ebb n\u00e0o c\u0169ng th\u00edch c\u00f4n tr\u00f9ng. M\u00ecnh \u0111\u00e3 t\u1eebng th\u1ea5y r\u1ea5t r\u1ea5t nhi\u1ec1u \u0111\u1ee9a tr\u1ebb l\u0103n l\u00ean b\u00f2 to\u00e0i tr\u00ean nh\u1eefng b\u00e3i c\u1ecf, b\u00e3i \u0111\u1ea5t b\u00e3i c\u00e1t hay th\u1eadm ch\u00ed tr\u00ean n\u1ec1n g\u1ea1ch n\u1ec1n b\u00ea t\u00f4ng \u0111\u1ec3 ch\u0103m ch\u00fa theo d\u00f5i m\u1ed9t con c\u00f4n tr\u00f9ng n\u00e0o \u0111\u00f3. C\u00f3 th\u1ec3 m\u1ed9t s\u1ed1 b\u00e9 do \u0111\u01b0\u1ee3c cha m\u1eb9 o b\u1ebf gi\u1eef g\u00ecn c\u1ea9n th\u1eadn qu\u00e1 th\u00ec s\u1ebd s\u1ee3 b\u1ea9n, nh\u01b0ng n\u1ebfu \u0111\u1ecdc v\u1ec1 c\u00f4n tr\u00f9ng th\u00ec ch\u1eafc kh\u00f4ng b\u00e9 n\u00e0o t\u1eeb ch\u1ed1i. Gi\u1eef \u0111\u01b0\u1ee3c ni\u1ec1m y\u00eau th\u00edch say m\u00ea v\u00e0 mong mu\u1ed1n \u0111\u01b0\u1ee3c ho\u00e0 nh\u1eadp v\u1edbi thi\u00ean nhi\u00ean l\u00e0 m\u1ed9t \u0111\u1eb7c t\u00ednh c\u1ee7a con tr\u1ebb m\u00e0 ng\u01b0\u1eddi l\u1edbn \u0111\u00e3 \u0111\u1ec3 ng\u00e0y m\u1ed9t mai m\u1ed9t d\u1ea7n \u0111i. Ng\u01b0\u1eddi l\u1edbn n\u00e0o c\u00f2n gi\u1eef \u0111\u01b0\u1ee3c h\u1ee9ng th\u00fa v\u1edbi thi\u00ean nhi\u00ean, l\u00e0 m\u1ed9t ng\u01b0\u1eddi l\u1edbn h\u1ea1nh ph\u00fac. C\u00f3 l\u1ebd b\u1edfi v\u00ec ng\u01b0\u1eddi l\u1edbn nhi\u1ec1u th\u00e0nh ki\u1ebfn qu\u00e1. Ki\u1ec3u nh\u01b0 L\u00fd Th\u00f4ng gian \u00e1c b\u1ecb s\u00e9t \u0111\u00e1nh ch\u1ebft bi\u1ebfn th\u00e0nh con b\u1ecd hung su\u1ed1t ng\u00e0y s\u1ed1ng trong nh\u1eefng n\u01a1i \u00f4 u\u1ebf b\u1ea9n th\u1ec9u. Nh\u01b0ng tr\u1ebb con th\u00ec ngh\u0129 kh\u00e1c. B\u1ecd hung th\u1eadt \u0111\u00e1ng y\u00eau, th\u1eadt \u0111\u00e1ng qu\u00fd, v\u00e0 c\u1ea7n ph\u1ea3i bi\u1ebft \u01a1n b\u1ecd hung. N\u1ebfu kh\u00f4ng c\u00f3 b\u1ecd hung, th\u1ebf gi\u1edbi n\u00e0y \u0111\u00e3 bi\u1ebfn th\u00e0nh m\u1ed9t b\u1ec3 ph\u1ed1t kh\u1ed5ng l\u1ed3 r\u1ed3i.<br \/>\n\u0110\u00f3, ngay t\u1eeb ti\u00eau \u0111\u1ec1 \u0111\u00e3 h\u1ea5p d\u1eabn r\u1ed3i. N\u1ebfu m\u1edf s\u00e1ch ra th\u00ec sao?<br \/>\nH\u1ea7u h\u1ebft c\u00e1c s\u00e1ch khoa h\u1ecdc cho thi\u1ebfu nhi b\u00e2y gi\u1edd \u0111\u1ec1u vi\u1ebft h\u1ebft s\u1ee9c h\u00e0i h\u01b0\u1edbc vui nh\u1ed9n th\u1eadm ch\u00ed c\u00f3 ph\u1ea7n l\u1ea7y l\u1ed9i. \u0110\u1ecdc l\u00ean l\u00e0 c\u01b0\u1eddi s\u1ea3ng kho\u00e1i. \u0110\u00f3 l\u00e0 m\u1ed9t c\u00e1ch ti\u1ebfp c\u1eadn ki\u1ebfn th\u1ee9c r\u1ea5t hi\u1ec7u qu\u1ea3. V\u00ed nh\u01b0 b\u1ea1n ve s\u1ea7u n\u00e0y, b\u1ea1n \u1ea5y g\u1eb7p m\u1ed9t b\u00e0i v\u0103n kh\u00f3 qu\u00e1, kh\u00f3 \u0111\u1ebfn m\u1ee9c u\u1ed1ng no 1 b\u1ee5ng m\u1ef1c m\u00e0 v\u1eabn ch\u01b0a vi\u1ebft \u0111\u01b0\u1ee3c ch\u1eef n\u00e0o \u201ch\u00e3y t\u1ea3 b\u1ed1 m\u1eb9 em\u201d. Nh\u01b0ng ve s\u1ea7u n\u00e0o c\u00f3 th\u1ea5y b\u1ed1 m\u1eb9 m\u00ecnh bao gi\u1edd. L\u00fac m\u00e0 ve s\u1ea7u m\u1edf m\u1eaft nh\u00ecn m\u1eb7t tr\u1eddi th\u00ec b\u1ed1 m\u1eb9 b\u1ea1n \u1ea5y \u0111\u00e3 chu du ph\u01b0\u01a1ng tr\u1eddi n\u1ea3o n\u00e0o nao r\u1ed3i. Ve s\u1ea7u c\u00f2n \u0111\u1ed1 b\u00e9 c\u00f3 th\u1ec3 v\u1eeba \u0111ang u\u1ed1ng n\u01b0\u1edbc v\u1eeba h\u00e1t \u0111\u01b0\u1ee3c nh\u01b0 ve kh\u00f4ng? V\u00ec ve h\u00e1t b\u1eb1ng b\u1ee5ng, ch\u1ee9 kh\u00f4ng b\u1eb1ng mi\u1ec7ng&#8230;. Nh\u1eefng th\u00f4ng tin ki\u1ec3u nh\u01b0 n\u00e0y s\u1ebd l\u01b0u gi\u1eef trong tr\u00ed nh\u1edb c\u1ee7a t\u1ee5i tr\u1ebb r\u1ea5t l\u00e2u, v\u00e0 gi\u00fap ch\u00fang tr\u1edf n\u00ean kh\u00f4ng ch\u1ec9 uy\u00ean b\u00e1c m\u00e0 c\u00f2n r\u1ea5t h\u00e0i h\u01b0\u1edbc v\u00e0 duy\u00ean d\u00e1ng n\u1eefa. T\u1ee5i n\u00e0y s\u1ebd n\u00f3i chuy\u1ec7n r\u1ea5t c\u00f3 duy\u00ean, r\u1ea5t c\u00f3 s\u1ee9c h\u1ea5p d\u1eabn.<br \/>\nLo\u00e0i ng\u01b0\u1eddi v\u1ed1n l\u00e0 m\u1ed9t gi\u1ed1ng lo\u00e0i ki\u00eau ng\u1ea1o. H\u1ecd t\u1eebng ngh\u0129 r\u1eb1ng h\u1ecd c\u00f3 th\u1ec3 ch\u1ebf ng\u1ef1 thi\u00ean nhi\u00ean, b\u1eaft thi\u00ean nhi\u00ean l\u00e0m theo \u00fd m\u00ecnh. Nh\u01b0ng d\u1ea7n d\u1ea7n h\u1ecd \u0111\u00e3 nh\u1eadn ra, thi\u00ean nhi\u00ean th\u1eadt k\u00ec th\u00fa, th\u1eadt k\u00ec di\u1ec7u v\u00e0 c\u00f3 bao \u0111i\u1ec1u b\u00ed \u1ea9n. H\u1ecd ph\u1ea3i h\u1ecdc c\u00e1ch ti\u1ebfp c\u1eadn thi\u00ean nhi\u00ean gi\u1ed1ng nh\u01b0 con tr\u1ebb, v\u1eeba h\u00e1o h\u1ee9c say m\u00ea, v\u1eeba y\u00eau qu\u00fd v\u1eeba tr\u00e2n tr\u1ecdng. N\u1ebfu con ng\u01b0\u1eddi \u0111\u1ebfn v\u1edbi thi\u00ean nhi\u00ean b\u1eb1ng s\u1ef1 h\u1ed3n nhi\u00ean v\u00f4 t\u01b0 nh\u01b0 con tr\u1ebb, m\u1ed1i quan h\u1ec7 gi\u1eefa con ng\u01b0\u1eddi v\u00e0 thi\u00ean nhi\u00ean s\u1ebd t\u1ed1t \u0111\u1eb9p h\u01a1n b\u00e2y gi\u1edd r\u1ea5t nhi\u1ec1u, v\u00e0 c\u00f3 l\u1ebd, \u0111\u00e3 tr\u00e1nh \u0111\u01b0\u1ee3c r\u1ea5t nhi\u1ec1u th\u1ea3m ho\u1ea1.<\/p>\n","protected":false},"excerpt":{"rendered":"<p>M\u00ecnh tin l\u00e0 n\u1ebfu c\u00f3 c\u01a1 h\u1ed9i \u0111\u01b0\u1ee3c l\u1ef1a ch\u1ecdn, b\u1ea5t k\u00ec \u0111\u1ee9a tr\u1ebb n\u00e0o c\u0169ng s\u1ebd ch\u1ecdn b\u1ed9 NH\u1eacT K\u00cd TH\u1ebe GI\u1edaI C\u00d4N TR\u00d9NG n\u00e0y<br \/>\nB\u1ed9 s\u00e1ch h\u1ea5p d\u1eabn t\u1ee5i nh\u1ecf ngay t\u1eeb ch\u1ee7 \u0111\u1ec1. C\u00f3 l\u1ebd \u0111\u1ee9a tr\u1ebb n\u00e0o c\u0169ng th\u00edch c\u00f4n tr\u00f9ng. M\u00ecnh \u0111\u00e3 t\u1eebng th\u1ea5y r\u1ea5t r\u1ea5t nhi\u1ec1u \u0111\u1ee9a tr\u1ebb l\u0103n l\u00ean b\u00f2 to\u00e0i tr\u00ean nh\u1eefng b\u00e3i c\u1ecf, b\u00e3i \u0111\u1ea5t b\u00e3i c\u00e1t hay th\u1eadm ch\u00ed tr\u00ean n\u1ec1n g\u1ea1ch n\u1ec1n b\u00ea t\u00f4ng \u0111\u1ec3 ch\u0103m ch\u00fa theo d\u00f5i m\u1ed9t con c\u00f4n tr\u00f9ng n\u00e0o \u0111\u00f3. C\u00f3 th\u1ec3 m\u1ed9t s\u1ed1 b\u00e9 do \u0111\u01b0\u1ee3c cha m\u1eb9 o b\u1ebf gi\u1eef g\u00ecn c\u1ea9n th\u1eadn qu\u00e1 th\u00ec s\u1ebd s\u1ee3 b\u1ea9n, nh\u01b0ng n\u1ebfu \u0111\u1ecdc v\u1ec1 c\u00f4n tr\u00f9ng th\u00ec ch\u1eafc kh\u00f4ng b\u00e9 n\u00e0o t\u1eeb ch\u1ed1i. Gi\u1eef \u0111\u01b0\u1ee3c ni\u1ec1m y\u00eau th\u00edch say m\u00ea v\u00e0 mong mu\u1ed1n \u0111\u01b0\u1ee3c ho\u00e0 nh\u1eadp v\u1edbi thi\u00ean nhi\u00ean l\u00e0 m\u1ed9t \u0111\u1eb7c t\u00ednh c\u1ee7a con tr\u1ebb m\u00e0 ng\u01b0\u1eddi l\u1edbn \u0111\u00e3 \u0111\u1ec3 ng\u00e0y m\u1ed9t mai m\u1ed9t d\u1ea7n \u0111i. Ng\u01b0\u1eddi l\u1edbn n\u00e0o c\u00f2n gi\u1eef \u0111\u01b0\u1ee3c h\u1ee9ng th\u00fa v\u1edbi thi\u00ean nhi\u00ean, l\u00e0 m\u1ed9t ng\u01b0\u1eddi l\u1edbn h\u1ea1nh ph\u00fac. C\u00f3 l\u1ebd b\u1edfi v\u00ec ng\u01b0\u1eddi l\u1edbn nhi\u1ec1u th\u00e0nh ki\u1ebfn qu\u00e1. Ki\u1ec3u nh\u01b0 L\u00fd Th\u00f4ng gian \u00e1c b\u1ecb s\u00e9t \u0111\u00e1nh ch\u1ebft bi\u1ebfn th\u00e0nh con b\u1ecd hung su\u1ed1t ng\u00e0y s\u1ed1ng trong nh\u1eefng n\u01a1i \u00f4 u\u1ebf b\u1ea9n th\u1ec9u. Nh\u01b0ng tr\u1ebb con th\u00ec ngh\u0129 kh\u00e1c. B\u1ecd hung th\u1eadt \u0111\u00e1ng y\u00eau, th\u1eadt \u0111\u00e1ng qu\u00fd, v\u00e0 c\u1ea7n ph\u1ea3i bi\u1ebft \u01a1n b\u1ecd hung. N\u1ebfu kh\u00f4ng c\u00f3 b\u1ecd hung, th\u1ebf gi\u1edbi n\u00e0y \u0111\u00e3 bi\u1ebfn th\u00e0nh m\u1ed9t b\u1ec3 ph\u1ed1t kh\u1ed5ng l\u1ed3 r\u1ed3i.<br \/>\n\u0110\u00f3, ngay t\u1eeb ti\u00eau \u0111\u1ec1 \u0111\u00e3 h\u1ea5p d\u1eabn r\u1ed3i. N\u1ebfu m\u1edf s\u00e1ch ra th\u00ec sao?<br \/>\nH\u1ea7u h\u1ebft c\u00e1c s\u00e1ch khoa h\u1ecdc cho thi\u1ebfu nhi b\u00e2y gi\u1edd \u0111\u1ec1u vi\u1ebft h\u1ebft s\u1ee9c h\u00e0i h\u01b0\u1edbc vui nh\u1ed9n th\u1eadm ch\u00ed c\u00f3 ph\u1ea7n l\u1ea7y l\u1ed9i. \u0110\u1ecdc l\u00ean l\u00e0 c\u01b0\u1eddi s\u1ea3ng kho\u00e1i. \u0110\u00f3 l\u00e0 m\u1ed9t c\u00e1ch ti\u1ebfp c\u1eadn ki\u1ebfn th\u1ee9c r\u1ea5t hi\u1ec7u qu\u1ea3. V\u00ed nh\u01b0 b\u1ea1n ve s\u1ea7u n\u00e0y, b\u1ea1n \u1ea5y g\u1eb7p m\u1ed9t b\u00e0i v\u0103n kh\u00f3 qu\u00e1, kh\u00f3 \u0111\u1ebfn m\u1ee9c u\u1ed1ng no 1 b\u1ee5ng m\u1ef1c m\u00e0 v\u1eabn ch\u01b0a vi\u1ebft \u0111\u01b0\u1ee3c ch\u1eef n\u00e0o \u201ch\u00e3y t\u1ea3 b\u1ed1 m\u1eb9 em\u201d. Nh\u01b0ng ve s\u1ea7u n\u00e0o c\u00f3 th\u1ea5y b\u1ed1 m\u1eb9 m\u00ecnh bao gi\u1edd. L\u00fac m\u00e0 ve s\u1ea7u m\u1edf m\u1eaft nh\u00ecn m\u1eb7t tr\u1eddi th\u00ec b\u1ed1 m\u1eb9 b\u1ea1n \u1ea5y \u0111\u00e3 chu du ph\u01b0\u01a1ng tr\u1eddi n\u1ea3o n\u00e0o nao r\u1ed3i. Ve s\u1ea7u c\u00f2n \u0111\u1ed1 b\u00e9 c\u00f3 th\u1ec3 v\u1eeba \u0111ang u\u1ed1ng n\u01b0\u1edbc v\u1eeba h\u00e1t \u0111\u01b0\u1ee3c nh\u01b0 ve kh\u00f4ng? V\u00ec ve h\u00e1t b\u1eb1ng b\u1ee5ng, ch\u1ee9 kh\u00f4ng b\u1eb1ng mi\u1ec7ng&#8230;. Nh\u1eefng th\u00f4ng tin ki\u1ec3u nh\u01b0 n\u00e0y s\u1ebd l\u01b0u gi\u1eef trong tr\u00ed nh\u1edb c\u1ee7a t\u1ee5i tr\u1ebb r\u1ea5t l\u00e2u, v\u00e0 gi\u00fap ch\u00fang tr\u1edf n\u00ean kh\u00f4ng ch\u1ec9 uy\u00ean b\u00e1c m\u00e0 c\u00f2n r\u1ea5t h\u00e0i h\u01b0\u1edbc v\u00e0 duy\u00ean d\u00e1ng n\u1eefa. T\u1ee5i n\u00e0y s\u1ebd n\u00f3i chuy\u1ec7n r\u1ea5t c\u00f3 duy\u00ean, r\u1ea5t c\u00f3 s\u1ee9c h\u1ea5p d\u1eabn.<br \/>\nLo\u00e0i ng\u01b0\u1eddi v\u1ed1n l\u00e0 m\u1ed9t gi\u1ed1ng lo\u00e0i ki\u00eau ng\u1ea1o. H\u1ecd t\u1eebng ngh\u0129 r\u1eb1ng h\u1ecd c\u00f3 th\u1ec3 ch\u1ebf ng\u1ef1 thi\u00ean nhi\u00ean, b\u1eaft thi\u00ean nhi\u00ean l\u00e0m theo \u00fd m\u00ecnh. Nh\u01b0ng d\u1ea7n d\u1ea7n h\u1ecd \u0111\u00e3 nh\u1eadn ra, thi\u00ean nhi\u00ean th\u1eadt k\u00ec th\u00fa, th\u1eadt k\u00ec di\u1ec7u v\u00e0 c\u00f3 bao \u0111i\u1ec1u b\u00ed \u1ea9n. H\u1ecd ph\u1ea3i h\u1ecdc c\u00e1ch ti\u1ebfp c\u1eadn thi\u00ean nhi\u00ean gi\u1ed1ng nh\u01b0 con tr\u1ebb, v\u1eeba h\u00e1o h\u1ee9c say m\u00ea, v\u1eeba y\u00eau qu\u00fd v\u1eeba tr\u00e2n tr\u1ecdng. N\u1ebfu con ng\u01b0\u1eddi \u0111\u1ebfn v\u1edbi thi\u00ean nhi\u00ean b\u1eb1ng s\u1ef1 h\u1ed3n nhi\u00ean v\u00f4 t\u01b0 nh\u01b0 con tr\u1ebb, m\u1ed1i quan h\u1ec7 gi\u1eefa con ng\u01b0\u1eddi v\u00e0 thi\u00ean nhi\u00ean s\u1ebd t\u1ed1t \u0111\u1eb9p h\u01a1n b\u00e2y gi\u1edd r\u1ea5t nhi\u1ec1u, v\u00e0 c\u00f3 l\u1ebd, \u0111\u00e3 tr\u00e1nh \u0111\u01b0\u1ee3c r\u1ea5t nhi\u1ec1u th\u1ea3m ho\u1ea1.<\/p>\n","protected":false},"featured_media":11693,"template":"","meta":{"_acf_changed":false},"product_brand":[],"product_cat":[17,25,26],"product_tag":[],"class_list":{"0":"post-11672","1":"product","2":"type-product","3":"status-publish","4":"has-post-thumbnail","6":"product_cat-sach-danh-cho-cac-be","7":"product_cat-nhi-dong-6-tuoi-12-tuoi","8":"product_cat-thieu-nien-11-tuoi-18-tuoi","10":"first","11":"outofstock","12":"featured","13":"taxable","14":"shipping-taxable","15":"purchasable","16":"product-type-simple"},"supplier_id":null,"supplier_sku":"","barcode":null,"atum_controlled":true,"out_stock_date":"2022-01-01 14:00:16","out_stock_threshold":null,"inheritable":false,"inbound_stock":0,"stock_on_hold":0,"sold_today":0,"sales_last_days":0,"reserved_stock":0,"customer_returns":0,"warehouse_damage":0,"lost_in_post":0,"other_logs":0,"out_stock_days":1488,"lost_sales":0,"has_location":false,"update_date":"2026-01-28T23:10:50","atum_locations":[],"atum_stock_status":"outofstock","restock_status":false,"low_stock_amount":"","sales_update_date":"2026-01-28T23:10:50","calc_backorders":null,"acf":{"publisher":{"ID":1454,"post_author":"1","post_date":"2021-02-17 01:11:34","post_date_gmt":"2021-02-16 23:11:34","post_content":"<!-- wp:flatsome\/uxbuilder -->\n<h1 style=\"text-align: center;\"><strong>Kim \u0110\u1ed3ng<\/strong><\/h1>\n[row]\n\n[col span=\"3\" span__sm=\"12\"]\n\n[ux_image id=\"1534\" image_size=\"medium\"]\n\n\n[\/col]\n[col span=\"9\" span__sm=\"12\"]\n\n<p>Nh\u00e0 xu\u1ea5t b\u1ea3n Kim \u0110\u1ed3ng tr\u1ef1c thu\u1ed9c Trung \u01b0\u01a1ng \u0110o\u00e0n TNCS H\u1ed3 Ch\u00ed Minh l\u00e0 Nh\u00e0 xu\u1ea5t b\u1ea3n t\u1ed5ng h\u1ee3p c\u00f3 ch\u1ee9c n\u0103ng xu\u1ea5t b\u1ea3n s\u00e1ch v\u00e0 v\u0103n h\u00f3a ph\u1ea9m ph\u1ee5c v\u1ee5 thi\u1ebfu nhi v\u00e0 c\u00e1c b\u1eadc ph\u1ee5 huynh trong c\u1ea3 n\u01b0\u1edbc, qu\u1ea3ng b\u00e1 v\u00e0 gi\u1edbi thi\u1ec7u v\u0103n h\u00f3a Vi\u1ec7t Nam ra th\u1ebf gi\u1edbi.<br \/>Nh\u00e0 xu\u1ea5t b\u1ea3n c\u00f3 nhi\u1ec7m v\u1ee5 t\u1ed5 ch\u1ee9c b\u1ea3n th\u1ea3o, bi\u00ean so\u1ea1n, bi\u00ean d\u1ecbch, xu\u1ea5t b\u1ea3n v\u00e0 ph\u00e1t h\u00e0nh c\u00e1c xu\u1ea5t b\u1ea3n ph\u1ea9m c\u00f3 n\u1ed9i dung: gi\u00e1o d\u1ee5c truy\u1ec1n th\u1ed1ng d\u00e2n t\u1ed9c, gi\u00e1o d\u1ee5c v\u1ec1 tri th\u1ee9c, ki\u1ebfn th\u1ee9c\u2026 tr\u00ean c\u00e1c l\u0129nh v\u1ef1c v\u0103n h\u1ecdc, ngh\u1ec7 thu\u1eadt, khoa h\u1ecdc k\u1ef9 thu\u1eadt nh\u1eb1m cung c\u1ea5p cho c\u00e1c em thi\u1ebfu nhi c\u0169ng nh\u01b0 c\u00e1c b\u1eadc ph\u1ee5 huynh c\u00e1c ki\u1ebfn th\u1ee9c c\u1ea7n thi\u1ebft trong cu\u1ed9c s\u1ed1ng, nh\u1eefng tinh hoa c\u1ee7a tri th\u1ee9c nh\u00e2n lo\u1ea1i nh\u1eb1m g\u00f3p ph\u1ea7n gi\u00e1o d\u1ee5c v\u00e0 h\u00ecnh th\u00e0nh nh\u00e2n c\u00e1ch th\u1ebf h\u1ec7 tr\u1ebb.<br \/>\u0110\u1ed1i t\u01b0\u1ee3ng ph\u1ee5c v\u1ee5 c\u1ee7a Nh\u00e0 xu\u1ea5t b\u1ea3n l\u00e0 c\u00e1c em t\u1eeb tu\u1ed5i nh\u00e0 tr\u1ebb m\u1eabu gi\u00e1o (1 \u0111\u1ebfn 5 tu\u1ed5i), nhi \u0111\u1ed3ng (6 \u0111\u1ebfn 9 tu\u1ed5i), thi\u1ebfu ni\u00ean (10 \u0111\u1ebfn 15 tu\u1ed5i) \u0111\u1ebfn c\u00e1c em tu\u1ed5i m\u1edbi l\u1edbn (16 \u0111\u1ebfn 18 tu\u1ed5i) v\u00e0 c\u00e1c b\u1eadc ph\u1ee5 huynh.<\/p>\n\n[\/col]\n\n[\/row]\n\n<!-- \/wp:flatsome\/uxbuilder -->","post_title":"Kim \u0110\u1ed3ng","post_excerpt":"","post_status":"publish","comment_status":"closed","ping_status":"closed","post_password":"","post_name":"kim-dong","to_ping":"","pinged":"","post_modified":"2021-02-17 01:31:56","post_modified_gmt":"2021-02-16 23:31:56","post_content_filtered":"","post_parent":0,"guid":"https:\/\/sachviet.eu\/nha-phat-hanh\/kim-dong\/","menu_order":0,"post_type":"publisher","post_mime_type":"","comment_count":"0","filter":"raw"}},"_links":{"self":[{"href":"https:\/\/sachviet.eu\/en\/wp-json\/wp\/v2\/product\/11672","targetHints":{"allow":["GET"]}}],"collection":[{"href":"https:\/\/sachviet.eu\/en\/wp-json\/wp\/v2\/product"}],"about":[{"href":"https:\/\/sachviet.eu\/en\/wp-json\/wp\/v2\/types\/product"}],"wp:featuredmedia":[{"embeddable":true,"href":"https:\/\/sachviet.eu\/en\/wp-json\/wp\/v2\/media\/11693"}],"wp:attachment":[{"href":"https:\/\/sachviet.eu\/en\/wp-json\/wp\/v2\/media?parent=11672"}],"wp:term":[{"taxonomy":"product_brand","embeddable":true,"href":"https:\/\/sachviet.eu\/en\/wp-json\/wp\/v2\/product_brand?post=11672"},{"taxonomy":"product_cat","embeddable":true,"href":"https:\/\/sachviet.eu\/en\/wp-json\/wp\/v2\/product_cat?post=11672"},{"taxonomy":"product_tag","embeddable":true,"href":"https:\/\/sachviet.eu\/en\/wp-json\/wp\/v2\/product_tag?post=11672"}],"curies":[{"name":"wp","href":"https:\/\/api.w.org\/{rel}","templated":true}]}}