{"id":11639,"date":"2021-06-03T02:32:26","date_gmt":"2021-06-02T23:32:26","guid":{"rendered":"https:\/\/sachviet.eu\/shop\/sach-nguoi-trong-muon-nghe-nganh-kinh-te-co-gi\/"},"modified":"2021-08-19T23:37:34","modified_gmt":"2021-08-19T20:37:34","slug":"sach-nguoi-trong-muon-nghe-nganh-kinh-te-co-gi","status":"publish","type":"product","link":"https:\/\/sachviet.eu\/en\/shop\/sach-nguoi-trong-muon-nghe-nganh-kinh-te-co-gi\/","title":{"rendered":"S\u00e1ch Ng\u01b0\u1eddi trong mu\u00f4n ngh\u1ec1: Ng\u00e0nh Kinh t\u1ebf c\u00f3 g\u00ec?"},"content":{"rendered":"<p>AI N\u00caN \u0110\u1eccC CU\u1ed0N S\u00c1CH N\u00c0Y:<\/p>\n<p>H\u1ecdc sinh THPT c\u00f2n \u0111ang ph\u00e2n v\u00e2n li\u1ec7u r\u1eb1ng m\u00ecnh c\u00f3 ph\u00f9 h\u1ee3p v\u1edbi ng\u00e0nh Kinh t\u1ebf hay kh\u00f4ng<\/p>\n<p>Sinh vi\u00ean \u0111ang theo h\u1ecdc c\u00e1c ng\u00e0nh kinh t\u1ebf v\u00e0 c\u1ea7n c\u00f3 th\u00eam th\u00f4ng tin s\u00e2u r\u1ed9ng \u0111\u1ec3 chu\u1ea9n b\u1ecb cho s\u1ef1 nghi\u1ec7p trong t\u01b0\u01a1ng lai<\/p>\n<p>Nh\u1eefng ng\u01b0\u1eddi chu\u1ea9n b\u1ecb t\u1ed1t nghi\u1ec7p ho\u1eb7c m\u1edbi \u0111i l\u00e0m mu\u1ed1n trau d\u1ed3i th\u00eam tr\u1ea3i nghi\u1ec7m, k\u1ef9 n\u0103ng trong ng\u00e0nh Qu\u00fd v\u1ecb ph\u1ee5 huynh \u0111ang c\u00f3 con em theo h\u1ecdc ho\u1eb7c mu\u1ed1n h\u01b0\u1edbng nghi\u1ec7p cho c\u00e1c em theo c\u00e1c ng\u00e0nh Kinh t\u1ebf<\/p>\n<p>S\u00c1CH G\u1ed2M 3 PH\u1ea6N:<\/p>\n<p>\ufe0f Ph\u1ea7n 1: M\u1ed9t tho\u00e1ng kinh t\u1ebf s\u1ebd cho b\u1ea1n c\u00e1i nh\u00ecn to\u00e0n c\u1ea3nh v\u1ec1 ng\u00e0nh: \u201cKinh t\u1ebf Vi\u1ec7t Nam \u0111\u00e3 v\u00e0 \u0111ang ph\u00e1t tri\u1ec3n nh\u01b0 th\u1ebf n\u00e0o?\u201d, \u201cH\u1ecdc Kinh t\u1ebf xong m\u00ecnh c\u00f3 th\u1ec3 c\u00f3 l\u1ef1a ch\u1ecdn g\u00ec?\u201d, \u201cM\u1ee9c l\u01b0\u01a1ng cho c\u00e1c v\u1ecb tr\u00ed c\u00f4ng vi\u1ec7c ra sao?\u201d,<\/p>\n<p>\ufe0f Ph\u1ea7n 2: Mu\u00f4n n\u1ebbo \u0111\u01b0\u1eddng ngh\u1ec1 s\u1ebd \u0111em t\u1edbi tr\u1ea3i nghi\u1ec7m ch\u00e2n th\u1ef1c nh\u1ea5t c\u1ee7a nh\u1eefng ng\u01b0\u1eddi trong ng\u00e0nh, v\u1ec1 \u0111\u1eb7c \u0111i\u1ec3m, vai tr\u00f2 c\u1ee7a t\u1eebng lo\u1ea1i c\u00f4ng vi\u1ec7c; C\u00e1c ki\u1ebfn th\u1ee9c, k\u1ef9 n\u0103ng c\u00e1c b\u1ea1n c\u1ea7n chu\u1ea9n b\u1ecb v\u00e0 nh\u1eefng b\u00e0i h\u1ecdc, k\u1ef7 ni\u1ec7m vui, bu\u1ed3n trong ngh\u1ec1.<\/p>\n<p>\ufe0f Ph\u1ea7n 3: C\u00e2u chuy\u1ec7n v\u00e0 g\u00f3c nh\u00ecn l\u00e0 nh\u1eefng c\u00e2u chuy\u1ec7n th\u1eadt, \u201cr\u1ea5t \u0111\u1eddi, r\u1ea5t ng\u01b0\u1eddi\u201d c\u1ee7a nh\u1eefng doanh nh\u00e2n, chuy\u00ean gia d\u00e0y d\u1ea1n kinh nghi\u1ec7m. Th\u00f4ng qua \u0111\u00f3, b\u1ea1n s\u1ebd bi\u1ebft \u1edf g\u00f3c nh\u00ecn c\u1ee7a m\u1ed9t ng\u01b0\u1eddi ch\u1ee7, m\u1ed9t ng\u01b0\u1eddi qu\u1ea3n l\u00fd, h\u1ecd mong \u0111\u1ee3i g\u00ec \u1edf c\u00e1c nh\u00e2n vi\u00ean?<\/p>\n<p>_______________________________<\/p>\n<p>M\u1ed8T S\u1ed0 \u0110\u00c1NH GI\u00c1 C\u1ee6A \u0110\u1ed8C GI\u1ea2:<\/p>\n<p>&#8211; Trang Ng\u00f4 (5 sao): &#8220;Cu\u1ed1n s\u00e1ch \u0111\u01b0\u1ee3c vi\u1ebft b\u1edfi nh\u1eefng ng\u01b0\u1eddi th\u1ef1c chi\u1ebfn, c\u00f3 kinh nghi\u1ec7m trong 16 ng\u00e0nh ngh\u1ec1 kh\u00e1c nhau thu\u1ed9c l\u0129nh v\u1ef1c kinh t\u1ebf. V\u1edbi m\u1ed9t sinh vi\u00ean n\u0103m 2 Kinh t\u1ebf c\u00f2n ch\u01b0a r\u00f5 r\u00e0ng v\u1ec1 h\u01b0\u1edbng \u0111i, cu\u1ed1n s\u00e1ch g\u1ee3i m\u1edf ra nhi\u1ec1u \u0111\u00edch \u0111\u1ebfn, c\u00e1ch chu\u1ea9n b\u1ecb v\u00e0 v\u00ec sao b\u1ea1n c\u1ea7n h\u1ecdc nh\u1eefng th\u1ee9 \u0111\u00f3. C\u00f3 l\u1ebd do \u0111\u00e2y l\u00e0 cu\u1ed1n h\u01b0\u1edbng nghi\u1ec7p \u0111\u1ea7u ti\u00ean m\u00e0 m\u00ecnh \u0111\u1ecdc h\u1ebft (1 ph\u1ea7n l\u00e0 v\u00ec s\u00e1ch \u0111\u1eb9p, th\u01a1m) n\u00ean \u1ea5n t\u01b0\u1ee3ng r\u1ea5t t\u1ed1t. C\u1ea3m gi\u00e1c \u0111\u1ecdc xong nh\u01b0ng m\u00ecnh v\u1eabn s\u1ebd m\u1edf l\u1ea1i \u0111\u1ec3 \u0111\u1ecdc \u0111\u01b0\u1ee3c v\u00e0o nh\u1eefng th\u1eddi \u0111i\u1ec3m sau n\u00e0y n\u1eefa. Ch\u1ed1t l\u1ea1i: Kinh t\u1ebf b\u1ea3n ch\u1ea5t l\u00e0 m\u1ed9t ng\u00e0nh khoa h\u1ecdc X\u00c3 H\u1ed8I, h\u1ecdc kinh t\u1ebf l\u00e0 h\u1ecdc v\u1ec1 c\u00e1c m\u1ed1i quan h\u1ec7 x\u00e3 h\u1ed9i. Mu\u1ed1n gi\u1ecfi kinh t\u1ebf, ph\u1ea3i bi\u1ebft \u0111\u1eb7t ra nhi\u1ec1u c\u00e2u h\u1ecfi, li\u00ean k\u1ebft v\u1ea5n \u0111\u1ec1 cu\u1ed9c s\u1ed1ng v\u00e0 gi\u1ea3i quy\u1ebft n\u00f3!&#8221;<\/p>\n<p>&#8211; Teddy nguyen (5 sao): &#8220;M\u00ecnh quy\u1ebft \u0111\u1ecbnh \u0111\u1ecdc cu\u1ed1n s\u00e1ch n\u00e0y 2 l\u1ea7n \u0111\u1ec3 nh\u1edb \u0111\u01b0\u1ee3c m\u1ecdi c\u00e2u chuy\u1ec7n, m\u1ecdi chia s\u1ebb c\u1ee7a nh\u1eefng t\u00e1c gi\u1ea3 r\u00f5 h\u01a1n v\u00ec m\u00ecnh \u0111\u00e3 ra tr\u01b0\u1eddng \u0111\u01b0\u1ee3c 2 n\u0103m v\u00e0 kh\u00f4ng \u00edt l\u1ea7n m\u00ecnh l\u00e0m th\u1ea5y tr\u1ed1ng r\u1ed7ng, v\u00e0 l\u1ea1c l\u1ed1i. C\u1ea3m gi\u00e1c kh\u00f4ng bi\u1ebft m\u00ecnh ph\u1ea3i g\u1eafn b\u00f3 v\u1edbi ngh\u1ec1 g\u00ec, kh\u00f4ng bi\u1ebft m\u00ecnh th\u1ef1c s\u1ef1 mu\u1ed1n \u0111i theo nh\u00e1nh n\u00e0o trong ng\u00e0nh kinh t\u1ebf l\u00e0 m\u1ed9t c\u1ea3m gi\u00e1c \u0111\u00e1ng s\u1ee3 v\u00f4 c\u00f9ng, m\u1ed7i ng\u00e0y \u0111i l\u00e0m \u0111\u1ec1u c\u1ea3m th\u1ea5y an to\u00e0n nh\u01b0ng c\u0169ng ch\u1ec9 l\u00e0 1 s\u1ef1 an to\u00e0n \u1ea3o. H\u1ee1i nh\u1eefng b\u1ea1n h\u1ecdc b\u1ea5t k\u00ec nh\u00e1nh n\u00e0o c\u1ee7a ng\u00e0nh kinh t\u1ebf, h\u00e3y mua cu\u1ed1n s\u00e1ch n\u00e0y v\u00e0 \u0111\u1ecdc h\u1ebft n\u00f3 \u0111\u1ec3 c\u00e1c b\u1ea1n c\u00f3 c\u01a1 h\u1ed9i \u0111\u01b0\u1ee3c nghe nh\u1eefng ng\u01b0\u1eddi c\u0169ng gi\u1ed1ng c\u00e1c b\u1ea1n \u0111\u00e3 t\u00ecm ra con \u0111\u01b0\u1eddng d\u00e0i l\u1ea7u c\u1ee7a m\u00ecnh v\u1edbi t\u1ea5m b\u1eb1ng kinh t\u1ebf nh\u01b0 th\u1ebf n\u00e0o, \u0111\u1ec3 bi\u1ebft l\u00e0 ch\u1eb7ng \u0111\u01b0\u1eddng ph\u00eda tr\u01b0\u1edbc s\u1ebd kh\u00f3 kh\u0103n l\u1eafm nh\u01b0ng n\u1ebfu nh\u1eefng t\u00e1c gi\u1ea3 l\u00e0m \u0111\u01b0\u1ee3c v\u00e0 l\u00e0m t\u1ed1t th\u00ec b\u1ea1n c\u0169ng c\u00f3 th\u1ec3 l\u00e0m \u0111\u01b0\u1ee3c, t\u00ecm \u0111\u01b0\u1ee3c m\u1ed9t c\u00f4ng vi\u1ec7c c\u00f3 th\u1ec3 nu\u00f4i s\u1ed1ng b\u1ea3n th\u00e2n, gia \u0111\u00ecnh, c\u00f3 th\u1ec3 ph\u00e1t tri\u1ec3n, v\u00e0 c\u00f3 th\u1ec3 gi\u00e0u.<\/p>\n<p>C\u00f3 th\u1ec3 cu\u1ed1n s\u00e1ch s\u1ebd h\u01a1i l\u00e0m b\u1ea1n ng\u1ed9p th\u1edf khi \u0111\u01b0a b\u1ea1n \u0111\u1ebfn h\u00e0nh tr\u00ecnh l\u00e0m vi\u1ec7c c\u1ee7a r\u1ea5t nhi\u1ec1u c\u00e1 nh\u00e2n gi\u1ecfi tr\u00ean nhi\u1ec1u l\u0129nh v\u1ef1c kh\u00e1c nhau, nh\u01b0ng sau \u0111\u00f3 b\u1ea1n s\u1ebd c\u1ea3m th\u1ea5y n\u00f3 th\u1eadt x\u1ee9ng \u0111\u00e1ng v\u00ec b\u1ea1n \u0111\u00e3 \u0111\u01b0\u1ee3c bi\u1ebft nhi\u1ec1u, bi\u1ebft s\u00e2u h\u01a1n v\u00e0 \u0111\u00f3 s\u1ebd l\u00e0 l\u00fac b\u00ean trong b\u1ea1n l\u1edd m\u1edd hi\u1ec7n ra m\u1ed9t nh\u00e1nh m\u00ecnh mu\u1ed1n \u0111i theo. M\u00ecnh th\u00edch b\u00e0i c\u1ee7a anh \u0110\u1ed7 Xu\u00e2n Khoa nh\u1ea5t v\u00ec m\u00ecnh c\u00f3 r\u1ea5t nhi\u1ec1u c\u00e2u h\u1ecfi cho ng\u00e0nh MKT v\u00e0 anh \u0111\u00e3 cho m\u00ecnh qu\u00e1 nhi\u1ec1u t\u1eeb kh\u00f3a \u0111\u1ec3 m\u00ecnh t\u1ef1 t\u00ecm ra \u0111\u01b0\u1ee3c ph\u1ea7n c\u00f2n l\u1ea1i c\u1ee7a c\u00e2u tr\u1ea3 l\u1eddi. Cu\u1ed1n s\u00e1ch n\u00e0y kh\u00f4ng ch\u1ec9 c\u00f3 \u00fd ngh\u0129a v\u1edbi nh\u1eefng b\u1ea1n h\u1ecdc sinh l\u1edbp 12 hay s\u1eafp ra tr\u01b0\u1eddng. M\u00ecnh tin l\u00e0 m\u1ed7i khi c\u00f3 \u00fd \u0111\u1ecbnh m\u1edf r\u1ed9ng s\u1ef1 nghi\u1ec7p sang ngang, sang nhi\u1ec1u nh\u00e1nh h\u01a1n, hay mu\u1ed1n \u0111i s\u00e2u h\u01a1n v\u00e0o m\u1ed9t nh\u00e1nh c\u1ee7a ng\u00e0nh kinh t\u1ebf, cu\u1ed1n s\u00e1ch n\u00e0y \u0111\u1ec1u c\u00f3 t\u00e1c d\u1ee5ng.&#8221;<\/p>\n","protected":false},"excerpt":{"rendered":"<p>&#8220;Ng\u01b0\u1eddi Trong Mu\u00f4n Ngh\u1ec1: Ng\u00e0nh Kinh T\u1ebf C\u00f3 G\u00ec?&#8221; t\u1eadp h\u1ee3p 21 b\u00e0i vi\u1ebft ch\u1ee9a \u0111\u1ef1ng nh\u1eefng chia s\u1ebb \u201cth\u1eadt v\u00e0 ch\u1ea5t\u201d c\u1ee7a c\u00e1c t\u00e1c gi\u1ea3 &#8211; nh\u1eefng ng\u01b0\u1eddi tr\u1ef1c ti\u1ebfp ho\u1ea1t \u0111\u1ed9ng trong \u0111a d\u1ea1ng c\u00e1c v\u1ecb tr\u00ed li\u00ean quan \u0111\u1ebfn kh\u1ed1i Kinh t\u1ebf. H\u1ecd \u1edf \u0111\u1ee7 m\u1ecdi \u0111\u1ed9 tu\u1ed5i, v\u1ecb tr\u00ed c\u00f4ng vi\u1ec7c, \u0111\u1ecba l\u00fd, gi\u1edbi t\u00ednh: T\u1eeb nh\u1eefng ng\u01b0\u1eddi v\u00e0o ngh\u1ec1 v\u00e0i n\u0103m t\u1edbi c\u00e1c \u0111\u00e0n anh 30 n\u0103m trong ngh\u1ec1; T\u1eeb ng\u01b0\u1eddi h\u1ecdc t\u1eadp t\u1ea1i n\u01b0\u1edbc ngo\u00e0i cho \u0111\u1ebfn c\u00e1c b\u1ea1n t\u1ed1t nghi\u1ec7p trong n\u01b0\u1edbc; T\u1eeb ng\u01b0\u1eddi l\u00e0m gi\u1ea3ng vi\u00ean, nghi\u00ean c\u1ee9u cho \u0111\u1ebfn c\u00e1c doanh nh\u00e2n l\u0103n l\u1ed9n th\u01b0\u01a1ng tr\u01b0\u1eddng; T\u1eeb chuy\u00ean gia \u0111\u1ea7u ng\u00e0nh cho \u0111\u1ebfn nh\u1eefng ng\u01b0\u1eddi c\u00f3 b\u1ed9 \u00f3c \u201cs\u1eebng s\u1ecf\u201d trong \u0111\u1ea7u t\u01b0, kinh doanh \u1edf n\u01b0\u1edbc ngo\u00e0i.<\/p>\n<p>Cu\u1ed1n s\u00e1ch gi\u00fap b\u1ea1n hi\u1ec3u ng\u00e0nh Kinh t\u1ebf kh\u00f4ng ch\u1ec9 d\u1eebng \u1edf nh\u1eefng ng\u00e0nh ngh\u1ec1 \u201ctruy\u1ec1n th\u1ed1ng\u201d nh\u01b0 K\u1ebf to\u00e1n, Ki\u1ec3m to\u00e1n, T\u00e0i ch\u00ednh ng\u00e2n h\u00e0ng, Sales, Marketing, Nh\u00e2n s\u1ef1, Xu\u1ea5t nh\u1eadp kh\u1ea9u, Qu\u1ea3n tr\u1ecb kinh m\u00e0 c\u00f2n th\u1eadt nhi\u1ec1u nh\u1eefng c\u00f4ng vi\u1ec7c th\u00fa v\u1ecb kh\u00e1c: T\u01b0 v\u1ea5n qu\u1ea3n tr\u1ecb, Chuy\u00ean vi\u00ean \u0111\u1ea7u t\u01b0, Th\u01b0\u01a1ng m\u1ea1i \u0111i\u1ec7n t\u1eed, Nghi\u00ean c\u1ee9u, L\u00e0m ch\u00ednh s\u00e1ch, Kh\u1edfi nghi\u1ec7p,<\/p>\n<p>Cu\u1ed1n s\u00e1ch \u0111\u1ea7u ti\u00ean \u201cgi\u1ea3i \u1ea3o\u201d c\u00e1c quan ni\u1ec7m nh\u01b0: L\u00e0m kinh t\u1ebf, kinh doanh ch\u1eb3ng c\u1ea7n h\u1ecdc nh\u1eefng th\u1ee9 l\u00fd thuy\u1ebft m\u01a1 h\u1ed3 trong tr\u01b0\u1eddng hay Ra tr\u01b0\u1eddng m\u00e0 kh\u00f4ng l\u00e0m \u0111\u00fang ng\u00e0nh, \u0111\u00fang ngh\u1ec1 th\u00ec\u2026 ch\u1ebft. B\u1ea1n s\u1ebd th\u1ea5y: C\u00e1c m\u00f4n h\u1ecdc \u0111\u1ec1u c\u00f3 l\u00fd do \u0111\u1ec3 t\u1ed3n t\u1ea1i; Ng\u00e0nh Kinh t\u1ebf c\u00f3 th\u1ec3 ph\u00e2n lo\u1ea1i \u0111\u01b0\u1ee3c r\u00f5 r\u00e0ng; D\u00e2n Kinh t\u1ebf ai c\u0169ng t\u1eebng \u00edt nhi\u1ec1u m\u00f4ng lung, \u00edt nhi\u1ec1u l\u00e0m tr\u00e1i ng\u00e0nh, tr\u00e1i ngh\u1ec1.<\/p>\n","protected":false},"featured_media":11640,"template":"","meta":{"_acf_changed":false},"product_brand":[],"product_cat":[15,46],"product_tag":[],"class_list":{"0":"post-11639","1":"product","2":"type-product","3":"status-publish","4":"has-post-thumbnail","6":"product_cat-sach-danh-cho-nguoi-lon","7":"product_cat-ky-nang-song","9":"first","10":"outofstock","11":"taxable","12":"shipping-taxable","13":"purchasable","14":"product-type-simple"},"supplier_id":null,"supplier_sku":"","barcode":null,"atum_controlled":true,"out_stock_date":"2021-08-19 20:37:34","out_stock_threshold":null,"inheritable":false,"inbound_stock":1,"stock_on_hold":0,"sold_today":0,"sales_last_days":0,"reserved_stock":0,"customer_returns":0,"warehouse_damage":0,"lost_in_post":0,"other_logs":0,"out_stock_days":1623,"lost_sales":0,"has_location":false,"update_date":"2026-01-28T23:10:50","atum_locations":[],"atum_stock_status":"outofstock","restock_status":false,"low_stock_amount":"","sales_update_date":"2026-01-28T23:10:50","calc_backorders":null,"acf":{"publisher":{"ID":11544,"post_author":"1","post_date":"2021-06-03 02:06:14","post_date_gmt":"2021-06-02 23:06:14","post_content":"","post_title":"Ahora","post_excerpt":"","post_status":"publish","comment_status":"closed","ping_status":"closed","post_password":"","post_name":"ahora","to_ping":"","pinged":"","post_modified":"2021-06-03 02:06:14","post_modified_gmt":"2021-06-02 23:06:14","post_content_filtered":"","post_parent":0,"guid":"https:\/\/sachviet.eu\/nha-phat-hanh\/ahora\/","menu_order":0,"post_type":"publisher","post_mime_type":"","comment_count":"0","filter":"raw"}},"_links":{"self":[{"href":"https:\/\/sachviet.eu\/en\/wp-json\/wp\/v2\/product\/11639","targetHints":{"allow":["GET"]}}],"collection":[{"href":"https:\/\/sachviet.eu\/en\/wp-json\/wp\/v2\/product"}],"about":[{"href":"https:\/\/sachviet.eu\/en\/wp-json\/wp\/v2\/types\/product"}],"wp:featuredmedia":[{"embeddable":true,"href":"https:\/\/sachviet.eu\/en\/wp-json\/wp\/v2\/media\/11640"}],"wp:attachment":[{"href":"https:\/\/sachviet.eu\/en\/wp-json\/wp\/v2\/media?parent=11639"}],"wp:term":[{"taxonomy":"product_brand","embeddable":true,"href":"https:\/\/sachviet.eu\/en\/wp-json\/wp\/v2\/product_brand?post=11639"},{"taxonomy":"product_cat","embeddable":true,"href":"https:\/\/sachviet.eu\/en\/wp-json\/wp\/v2\/product_cat?post=11639"},{"taxonomy":"product_tag","embeddable":true,"href":"https:\/\/sachviet.eu\/en\/wp-json\/wp\/v2\/product_tag?post=11639"}],"curies":[{"name":"wp","href":"https:\/\/api.w.org\/{rel}","templated":true}]}}