{"id":11632,"date":"2021-06-03T02:17:50","date_gmt":"2021-06-02T23:17:50","guid":{"rendered":"https:\/\/sachviet.eu\/shop\/con-hui-tai-ban-2020\/"},"modified":"2021-07-22T19:36:39","modified_gmt":"2021-07-22T16:36:39","slug":"con-hui-tai-ban-2020","status":"publish","type":"product","link":"https:\/\/sachviet.eu\/en\/shop\/con-hui-tai-ban-2020\/","title":{"rendered":"Con H\u1ee7i (T\u00e1i B\u1ea3n 2020)"},"content":{"rendered":"<p>Kh\u00f4ng c\u00f3 c\u0103n b\u1ec7nh n\u00e0o \u0111\u00e1ng s\u1ee3 c\u1ee7a nh\u00e2n lo\u1ea1i xu\u1ea5t hi\u1ec7n trong c\u00e2u chuy\u1ec7n, c\u0169ng kh\u00f4ng c\u00f3 ng\u01b0\u1eddi n\u00e0o m\u1eafc ph\u1ea3i c\u0103n b\u1ec7nh \u0111\u00f3, Con H\u1ee7i l\u00e0 c\u00e1i t\u00ean m\u00e0 trong gi\u1edbi qu\u00fd t\u1ed9c g\u1ecdi n\u00e0ng, ng\u01b0\u1eddi con g\u00e1i xinh \u0111\u1eb9p, trong tr\u1eafng nh\u01b0 \u0111\u00f3a hu\u1ec7 mang t\u00ean Stefcia.<\/p>\n<p>N\u00e0ng c\u00f3 m\u1ed9t chuy\u1ec7n t\u00ecnh th\u01a1 m\u1ed9ng, \u0111\u1eafm say, trong s\u00e1ng v\u00e0 v\u00f4 c\u00f9ng m\u00e3nh li\u1ec7t nh\u01b0ng l\u1ea1i bi th\u01b0\u01a1ng \u0111\u1ebfn nao l\u00f2ng. B\u1edfi ng\u01b0\u1eddi n\u00e0ng y\u00eau kh\u00f4ng ai kh\u00e1c ch\u00ednh l\u00e0 \u0111\u1ea1i c\u00f4ng t\u1eed c\u1ee7a d\u00f2ng h\u1ecd quy\u1ec1n qu\u00fd nh\u1ea5t c\u1ea3 n\u01b0\u1edbc \u2013 Waldemar Michorowski. H\u1ecd ch\u1ed1ng l\u1ea1i nh\u1eefng r\u00e0ng bu\u1ed9c c\u1ee7a \u0111\u1eb3ng c\u1ea5p qu\u00fd t\u1ed9c \u0111\u1ec3 \u0111\u1ebfn \u0111\u01b0\u1ee3c v\u1edbi nhau v\u00e0 b\u1ea3o v\u1ec7 h\u1ea1nh ph\u00fac \u0111\u00e3 l\u1ef1a ch\u1ecdn. Nh\u01b0ng li\u1ec7u h\u1ecd c\u00f3 v\u01b0\u1ee3t qua nh\u1eefng r\u00e0o c\u1ea3n kh\u00f3 kh\u0103n v\u00e0 h\u00e0 kh\u1eafc c\u1ee7a gi\u1edbi qu\u00fd t\u1ed9c?<\/p>\n<p>S\u00e1ch \u0111\u01b0\u1ee3c t\u00e1i b\u1ea3n nhi\u1ec1u l\u1ea7n. Huy Ho\u00e0ng Bookstore tr\u00e2n tr\u1ecdng gi\u1edbi thi\u1ec7u t\u1edbi b\u1ea1n \u0111\u1ecdc!<\/p>\n","protected":false},"excerpt":{"rendered":"<p>Kh\u00f4ng c\u00f3 c\u0103n b\u1ec7nh n\u00e0o \u0111\u00e1ng s\u1ee3 c\u1ee7a nh\u00e2n lo\u1ea1i xu\u1ea5t hi\u1ec7n trong c\u00e2u chuy\u1ec7n, c\u0169ng kh\u00f4ng c\u00f3 ng\u01b0\u1eddi n\u00e0o m\u1eafc ph\u1ea3i c\u0103n b\u1ec7nh \u0111\u00f3, Con H\u1ee7i l\u00e0 c\u00e1i t\u00ean m\u00e0 trong gi\u1edbi qu\u00fd t\u1ed9c g\u1ecdi n\u00e0ng, ng\u01b0\u1eddi con g\u00e1i xinh \u0111\u1eb9p, trong tr\u1eafng nh\u01b0 \u0111\u00f3a hu\u1ec7 mang t\u00ean Stefcia.<\/p>\n<p>N\u00e0ng c\u00f3 m\u1ed9t chuy\u1ec7n t\u00ecnh th\u01a1 m\u1ed9ng, \u0111\u1eafm say, trong s\u00e1ng v\u00e0 v\u00f4 c\u00f9ng m\u00e3nh li\u1ec7t nh\u01b0ng l\u1ea1i bi th\u01b0\u01a1ng \u0111\u1ebfn nao l\u00f2ng. B\u1edfi ng\u01b0\u1eddi n\u00e0ng y\u00eau kh\u00f4ng ai kh\u00e1c ch\u00ednh l\u00e0 \u0111\u1ea1i c\u00f4ng t\u1eed c\u1ee7a d\u00f2ng h\u1ecd quy\u1ec1n qu\u00fd nh\u1ea5t c\u1ea3 n\u01b0\u1edbc \u2013 Waldemar Michorowski. H\u1ecd ch\u1ed1ng l\u1ea1i nh\u1eefng r\u00e0ng bu\u1ed9c c\u1ee7a \u0111\u1eb3ng c\u1ea5p qu\u00fd t\u1ed9c \u0111\u1ec3 \u0111\u1ebfn \u0111\u01b0\u1ee3c v\u1edbi nhau v\u00e0 b\u1ea3o v\u1ec7 h\u1ea1nh ph\u00fac \u0111\u00e3 l\u1ef1a ch\u1ecdn. Nh\u01b0ng li\u1ec7u h\u1ecd c\u00f3 v\u01b0\u1ee3t qua nh\u1eefng r\u00e0o c\u1ea3n kh\u00f3 kh\u0103n v\u00e0 h\u00e0 kh\u1eafc c\u1ee7a gi\u1edbi qu\u00fd t\u1ed9c?<\/p>\n<p>S\u00e1ch \u0111\u01b0\u1ee3c t\u00e1i b\u1ea3n nhi\u1ec1u l\u1ea7n. Huy Ho\u00e0ng Bookstore tr\u00e2n tr\u1ecdng gi\u1edbi thi\u1ec7u t\u1edbi b\u1ea1n \u0111\u1ecdc!<\/p>\n","protected":false},"featured_media":11631,"template":"","meta":{"_acf_changed":false},"product_brand":[],"product_cat":[15,45],"product_tag":[],"class_list":{"0":"post-11632","1":"product","2":"type-product","3":"status-publish","4":"has-post-thumbnail","6":"product_cat-sach-danh-cho-nguoi-lon","7":"product_cat-tieu-thuyet","9":"first","10":"outofstock","11":"taxable","12":"shipping-taxable","13":"purchasable","14":"product-type-simple"},"supplier_id":null,"supplier_sku":"","barcode":null,"atum_controlled":true,"out_stock_date":"2021-07-22 16:36:39","out_stock_threshold":null,"inheritable":false,"inbound_stock":0,"stock_on_hold":0,"sold_today":0,"sales_last_days":0,"reserved_stock":0,"customer_returns":0,"warehouse_damage":0,"lost_in_post":0,"other_logs":0,"out_stock_days":1651,"lost_sales":0,"has_location":false,"update_date":"2026-01-28T23:10:50","atum_locations":[],"atum_stock_status":"outofstock","restock_status":false,"low_stock_amount":"","sales_update_date":"2026-01-28T23:10:50","calc_backorders":null,"acf":{"publisher":{"ID":1472,"post_author":"1","post_date":"2021-02-17 01:12:50","post_date_gmt":"2021-02-16 23:12:50","post_content":"","post_title":"Huy Ho\u00e0ng Bookstore","post_excerpt":"","post_status":"publish","comment_status":"closed","ping_status":"closed","post_password":"","post_name":"huy-hoang-bookstore","to_ping":"","pinged":"","post_modified":"2021-02-17 01:12:50","post_modified_gmt":"2021-02-16 23:12:50","post_content_filtered":"","post_parent":0,"guid":"https:\/\/sachviet.eu\/nha-phat-hanh\/huy-hoang-bookstore\/","menu_order":0,"post_type":"publisher","post_mime_type":"","comment_count":"0","filter":"raw"}},"_links":{"self":[{"href":"https:\/\/sachviet.eu\/en\/wp-json\/wp\/v2\/product\/11632","targetHints":{"allow":["GET"]}}],"collection":[{"href":"https:\/\/sachviet.eu\/en\/wp-json\/wp\/v2\/product"}],"about":[{"href":"https:\/\/sachviet.eu\/en\/wp-json\/wp\/v2\/types\/product"}],"wp:featuredmedia":[{"embeddable":true,"href":"https:\/\/sachviet.eu\/en\/wp-json\/wp\/v2\/media\/11631"}],"wp:attachment":[{"href":"https:\/\/sachviet.eu\/en\/wp-json\/wp\/v2\/media?parent=11632"}],"wp:term":[{"taxonomy":"product_brand","embeddable":true,"href":"https:\/\/sachviet.eu\/en\/wp-json\/wp\/v2\/product_brand?post=11632"},{"taxonomy":"product_cat","embeddable":true,"href":"https:\/\/sachviet.eu\/en\/wp-json\/wp\/v2\/product_cat?post=11632"},{"taxonomy":"product_tag","embeddable":true,"href":"https:\/\/sachviet.eu\/en\/wp-json\/wp\/v2\/product_tag?post=11632"}],"curies":[{"name":"wp","href":"https:\/\/api.w.org\/{rel}","templated":true}]}}