{"id":11630,"date":"2021-06-03T02:17:45","date_gmt":"2021-06-02T23:17:45","guid":{"rendered":"https:\/\/sachviet.eu\/shop\/ky-uc-vinh-cuu\/"},"modified":"2023-01-22T00:39:48","modified_gmt":"2023-01-21T22:39:48","slug":"ky-uc-vinh-cuu","status":"publish","type":"product","link":"https:\/\/sachviet.eu\/en\/shop\/ky-uc-vinh-cuu\/","title":{"rendered":"K\u00fd \u1ee8c V\u0129nh C\u1eedu"},"content":{"rendered":"<p>Amos Decker c\u00f3 \u0111\u01b0\u1ee3c m\u1ed9t tr\u00ed nh\u1edb ho\u00e0n h\u1ea3o sau m\u1ed9t tai n\u1ea1n tr\u00ean s\u00e2n b\u00f3ng. T\u1eeb gi\u00e3 s\u1ef1 nghi\u1ec7p c\u1ea7u th\u1ee7 b\u00f3ng b\u1ea7u d\u1ee5c, anh v\u1eadn d\u1ee5ng tr\u00ed nh\u1edb phi th\u01b0\u1eddng m\u1edbi c\u00f3 t\u1eeb b\u1ed9 n\u00e3o c\u1ee7a m\u00ecnh cho vi\u1ec7c truy b\u1eaft t\u1ed9i ph\u1ea1m trong vai tr\u00f2 thanh tra cho l\u1ef1c l\u01b0\u1ee3ng c\u1ea3nh s\u00e1t su\u1ed1t nhi\u1ec1u n\u0103m tr\u1eddi. Nh\u01b0ng r\u1ed3i m\u1ed9t v\u1ee5 \u00e1n \u1ea3nh h\u01b0\u1edfng \u0111\u1ebfn c\u1ea3 s\u1ef1 nghi\u1ec7p l\u1eabn cu\u1ed9c s\u1ed1ng c\u1ee7a Amos x\u1ea3y \u0111\u1ebfn: c\u1ea3 gia \u0111\u00ecnh anh b\u1ecb s\u00e1t h\u1ea1i. Kh\u00f4ng truy ra \u0111\u01b0\u1ee3c d\u1ea5u t\u00edch hung th\u1ee7, anh \u0111\u1ec7 \u0111\u01a1n xin t\u1eeb ch\u1ee9c v\u00e0 s\u1ed1ng lay l\u1eaft qua ng\u00e0y trong s\u1ef1 \u0111au kh\u1ed5 v\u00e0 d\u1eb1n v\u1eb7t t\u1ed9t c\u00f9ng. Th\u1ebf nh\u01b0ng 18 th\u00e1ng sau, x\u1ea3y ra m\u1ed9t di\u1ec5n bi\u1ebfn k\u1ef3 l\u1ea1: c\u00f3 k\u1ebb \u0111\u1ebfn \u0111\u1ed3n c\u1ea3nh s\u00e1t t\u1ef1 th\u00fa! Amos ph\u1ea3i ch\u1edbp l\u1ea5y c\u01a1 h\u1ed9i n\u00e0y \u0111\u1ec3 v\u00e9n m\u00e0n s\u1ef1 th\u1eadt \u0111\u1eb1ng sau t\u1ea5t c\u1ea3 m\u1ecdi chuy\u1ec7n, bu\u1ed9c ph\u1ea3i nh\u1edb l\u1ea1i nh\u1eefng g\u00ec anh mu\u1ed1n g\u00e1c l\u1ea1i sau l\u01b0ng v\u00e0 s\u1eb5n l\u00f2ng \u0111\u00e1nh \u0111\u1ed5i m\u1ecdi th\u1ee9 \u0111\u1ec3 t\u00ecm ra s\u1ef1 th\u1eadt.<\/p>\n<p>Amos Decker c\u00f3 th\u1ec3 nh\u1edb \u0111\u01b0\u1ee3c m\u1ecdi th\u1ee9 d\u00f9 ch\u1ec9 xem qua c\u00f3 m\u1ed9t l\u1ea7n. Nh\u01b0ng v\u1eady c\u0169ng \u0111\u1ed3ng ngh\u0129a l\u00e0 anh kh\u00f4ng th\u1ec3 qu\u00ean \u0111\u01b0\u1ee3c g\u00ec c\u1ea3. Li\u1ec7u kh\u1ea3 n\u0103ng n\u00e0y c\u00f3 gi\u00fap anh gi\u1ea3i m\u00e3 \u0111\u01b0\u1ee3c to\u00e0n b\u1ed9 b\u00ed \u1ea9n \u0111\u1eb1ng sau v\u1ee5 \u00e1n s\u00e1t h\u1ea1i gia \u0111\u00ecnh m\u00ecnh? Li\u1ec7u n\u1ed7i \u0111au m\u1ea5t m\u00e1t c\u00f3 th\u1ec3 n\u00e0o ngu\u00f4i ngoai khi k\u00fd \u1ee9c \u0111au th\u01b0\u01a1ng v\u1eabn lu\u00f4n c\u00f2n \u0111\u00f3? K\u1ebb n\u00e0o nh\u1eabn t\u00e2m \u0111\u1ebfn m\u1ee9c s\u00e1t h\u1ea1i nhi\u1ec1u m\u1ea1ng ng\u01b0\u1eddi \u0111\u1ebfn th\u1ebf? V\u00e0 v\u00ec l\u00fd do g\u00ec m\u00e0 h\u1eafn l\u1ea1i ra tay? L\u1eddi gi\u1ea3i \u0111\u00e1p cho t\u1ea5t c\u1ea3 nh\u1eefng th\u1eafc m\u1eafc n\u00e0y v\u00e0 bi\u1ebft bao c\u00e2u h\u1ecfi c\u00f2n b\u1ecf ng\u1ecf kh\u00e1c n\u1eefa s\u1ebd d\u1ea7n \u0111\u01b0\u1ee3c h\u00e9 l\u1ed9 qua t\u1eebng b\u01b0\u1edbc trong c\u00f4ng cu\u1ed9c theo d\u1ea5u t\u1ed9i ph\u1ea1m v\u00e0 \u0111\u00f2i l\u1ea1i c\u00f4ng l\u00fd c\u1ee7a ng\u01b0\u1eddi \u0111\u00e0n \u00f4ng kh\u00f4ng th\u1ec3 qu\u00ean b\u1ea5t c\u1ee9 th\u1ee9 g\u00ec &#8211; Amos Decker.<\/p>\n","protected":false},"excerpt":{"rendered":"<p>Amos Decker c\u00f3 \u0111\u01b0\u1ee3c m\u1ed9t tr\u00ed nh\u1edb ho\u00e0n h\u1ea3o sau m\u1ed9t tai n\u1ea1n tr\u00ean s\u00e2n b\u00f3ng. T\u1eeb gi\u00e3 s\u1ef1 nghi\u1ec7p c\u1ea7u th\u1ee7 b\u00f3ng b\u1ea7u d\u1ee5c, anh v\u1eadn d\u1ee5ng tr\u00ed nh\u1edb phi th\u01b0\u1eddng m\u1edbi c\u00f3 t\u1eeb b\u1ed9 n\u00e3o c\u1ee7a m\u00ecnh cho vi\u1ec7c truy b\u1eaft t\u1ed9i ph\u1ea1m trong vai tr\u00f2 thanh tra cho l\u1ef1c l\u01b0\u1ee3ng c\u1ea3nh s\u00e1t su\u1ed1t nhi\u1ec1u n\u0103m tr\u1eddi. Nh\u01b0ng r\u1ed3i m\u1ed9t v\u1ee5 \u00e1n \u1ea3nh h\u01b0\u1edfng \u0111\u1ebfn c\u1ea3 s\u1ef1 nghi\u1ec7p l\u1eabn cu\u1ed9c s\u1ed1ng c\u1ee7a Amos x\u1ea3y \u0111\u1ebfn: c\u1ea3 gia \u0111\u00ecnh anh b\u1ecb s\u00e1t h\u1ea1i. Kh\u00f4ng truy ra \u0111\u01b0\u1ee3c d\u1ea5u t\u00edch hung th\u1ee7, anh \u0111\u1ec7 \u0111\u01a1n xin t\u1eeb ch\u1ee9c v\u00e0 s\u1ed1ng lay l\u1eaft qua ng\u00e0y trong s\u1ef1 \u0111au kh\u1ed5 v\u00e0 d\u1eb1n v\u1eb7t t\u1ed9t c\u00f9ng. Th\u1ebf nh\u01b0ng 18 th\u00e1ng sau, x\u1ea3y ra m\u1ed9t di\u1ec5n bi\u1ebfn k\u1ef3 l\u1ea1: c\u00f3 k\u1ebb \u0111\u1ebfn \u0111\u1ed3n c\u1ea3nh s\u00e1t t\u1ef1 th\u00fa! Amos ph\u1ea3i ch\u1edbp l\u1ea5y c\u01a1 h\u1ed9i n\u00e0y \u0111\u1ec3 v\u00e9n m\u00e0n s\u1ef1 th\u1eadt \u0111\u1eb1ng sau t\u1ea5t c\u1ea3 m\u1ecdi chuy\u1ec7n, bu\u1ed9c ph\u1ea3i nh\u1edb l\u1ea1i nh\u1eefng g\u00ec anh mu\u1ed1n g\u00e1c l\u1ea1i sau l\u01b0ng v\u00e0 s\u1eb5n l\u00f2ng \u0111\u00e1nh \u0111\u1ed5i m\u1ecdi th\u1ee9 \u0111\u1ec3 t\u00ecm ra s\u1ef1 th\u1eadt.<\/p>\n<p>Amos Decker c\u00f3 th\u1ec3 nh\u1edb \u0111\u01b0\u1ee3c m\u1ecdi th\u1ee9 d\u00f9 ch\u1ec9 xem qua c\u00f3 m\u1ed9t l\u1ea7n. Nh\u01b0ng v\u1eady c\u0169ng \u0111\u1ed3ng ngh\u0129a l\u00e0 anh kh\u00f4ng th\u1ec3 qu\u00ean \u0111\u01b0\u1ee3c g\u00ec c\u1ea3. Li\u1ec7u kh\u1ea3 n\u0103ng n\u00e0y c\u00f3 gi\u00fap anh gi\u1ea3i m\u00e3 \u0111\u01b0\u1ee3c to\u00e0n b\u1ed9 b\u00ed \u1ea9n \u0111\u1eb1ng sau v\u1ee5 \u00e1n s\u00e1t h\u1ea1i gia \u0111\u00ecnh m\u00ecnh? Li\u1ec7u n\u1ed7i \u0111au m\u1ea5t m\u00e1t c\u00f3 th\u1ec3 n\u00e0o ngu\u00f4i ngoai khi k\u00fd \u1ee9c \u0111au th\u01b0\u01a1ng v\u1eabn lu\u00f4n c\u00f2n \u0111\u00f3? K\u1ebb n\u00e0o nh\u1eabn t\u00e2m \u0111\u1ebfn m\u1ee9c s\u00e1t h\u1ea1i nhi\u1ec1u m\u1ea1ng ng\u01b0\u1eddi \u0111\u1ebfn th\u1ebf? V\u00e0 v\u00ec l\u00fd do g\u00ec m\u00e0 h\u1eafn l\u1ea1i ra tay? L\u1eddi gi\u1ea3i \u0111\u00e1p cho t\u1ea5t c\u1ea3 nh\u1eefng th\u1eafc m\u1eafc n\u00e0y v\u00e0 bi\u1ebft bao c\u00e2u h\u1ecfi c\u00f2n b\u1ecf ng\u1ecf kh\u00e1c n\u1eefa s\u1ebd d\u1ea7n \u0111\u01b0\u1ee3c h\u00e9 l\u1ed9 qua t\u1eebng b\u01b0\u1edbc trong c\u00f4ng cu\u1ed9c theo d\u1ea5u t\u1ed9i ph\u1ea1m v\u00e0 \u0111\u00f2i l\u1ea1i c\u00f4ng l\u00fd c\u1ee7a ng\u01b0\u1eddi \u0111\u00e0n \u00f4ng kh\u00f4ng th\u1ec3 qu\u00ean b\u1ea5t c\u1ee9 th\u1ee9 g\u00ec &#8211; Amos Decker.<\/p>\n","protected":false},"featured_media":11624,"template":"","meta":{"_acf_changed":false},"product_brand":[],"product_cat":[15,72],"product_tag":[],"class_list":{"0":"post-11630","1":"product","2":"type-product","3":"status-publish","4":"has-post-thumbnail","6":"product_cat-sach-danh-cho-nguoi-lon","7":"product_cat-trinh-tham-kinh-di","9":"first","10":"instock","11":"taxable","12":"shipping-taxable","13":"purchasable","14":"product-type-simple"},"supplier_id":null,"supplier_sku":"","barcode":null,"atum_controlled":true,"out_stock_date":null,"out_stock_threshold":null,"inheritable":false,"inbound_stock":3,"stock_on_hold":0,"sold_today":0,"sales_last_days":0,"reserved_stock":0,"customer_returns":0,"warehouse_damage":0,"lost_in_post":0,"other_logs":0,"out_stock_days":0,"lost_sales":0,"has_location":false,"update_date":"2026-01-28T23:11:21","atum_locations":[],"atum_stock_status":"instock","restock_status":false,"low_stock_amount":"","sales_update_date":"2026-01-28T23:11:21","calc_backorders":null,"acf":{"publisher":{"ID":11044,"post_author":"1","post_date":"2021-06-03 01:16:55","post_date_gmt":"2021-06-02 22:16:55","post_content":"","post_title":"Bestbooks","post_excerpt":"","post_status":"publish","comment_status":"closed","ping_status":"closed","post_password":"","post_name":"bestbooks","to_ping":"","pinged":"","post_modified":"2021-06-03 01:16:55","post_modified_gmt":"2021-06-02 22:16:55","post_content_filtered":"","post_parent":0,"guid":"https:\/\/sachviet.eu\/nha-phat-hanh\/bestbooks\/","menu_order":0,"post_type":"publisher","post_mime_type":"","comment_count":"0","filter":"raw"}},"_links":{"self":[{"href":"https:\/\/sachviet.eu\/en\/wp-json\/wp\/v2\/product\/11630","targetHints":{"allow":["GET"]}}],"collection":[{"href":"https:\/\/sachviet.eu\/en\/wp-json\/wp\/v2\/product"}],"about":[{"href":"https:\/\/sachviet.eu\/en\/wp-json\/wp\/v2\/types\/product"}],"wp:featuredmedia":[{"embeddable":true,"href":"https:\/\/sachviet.eu\/en\/wp-json\/wp\/v2\/media\/11624"}],"wp:attachment":[{"href":"https:\/\/sachviet.eu\/en\/wp-json\/wp\/v2\/media?parent=11630"}],"wp:term":[{"taxonomy":"product_brand","embeddable":true,"href":"https:\/\/sachviet.eu\/en\/wp-json\/wp\/v2\/product_brand?post=11630"},{"taxonomy":"product_cat","embeddable":true,"href":"https:\/\/sachviet.eu\/en\/wp-json\/wp\/v2\/product_cat?post=11630"},{"taxonomy":"product_tag","embeddable":true,"href":"https:\/\/sachviet.eu\/en\/wp-json\/wp\/v2\/product_tag?post=11630"}],"curies":[{"name":"wp","href":"https:\/\/api.w.org\/{rel}","templated":true}]}}