{"id":11623,"date":"2021-06-03T02:17:19","date_gmt":"2021-06-02T23:17:19","guid":{"rendered":"https:\/\/sachviet.eu\/shop\/bo-va-be-doi-tho-tinh-nghich\/"},"modified":"2023-05-20T18:11:22","modified_gmt":"2023-05-20T15:11:22","slug":"bo-va-be-doi-tho-tinh-nghich","status":"publish","type":"product","link":"https:\/\/sachviet.eu\/en\/shop\/bo-va-be-doi-tho-tinh-nghich\/","title":{"rendered":"Bo V\u00e0 Be &#8211; \u0110\u00f4i Th\u1ecf Tinh Ngh\u1ecbch"},"content":{"rendered":"<p>Bo v\u00e0 Be l\u00e0 hai ch\u00fa th\u1ecf c\u1ee7a nh\u00e0 \u1ea3o thu\u1eadt mang t\u00ean Ng\u00e0i Th\u00ed Nghi\u1ec7m. T\u1ea1i bu\u1ed5i bi\u1ec3u di\u1ec5n, Ng\u00e0i Th\u00ed Nghi\u1ec7m s\u1ebd ng\u1eeda m\u0169 ra \u0111\u1ec3 kh\u00e1n gi\u1ea3 th\u1ea5y chi\u1ebfc m\u0169 ho\u00e0n to\u00e0n tr\u1ed1ng kh\u00f4ng, r\u1ed3i g\u00f5 g\u00f5 c\u00e2y \u0111\u0169a th\u1ea7n c\u1ee7a m\u00ecnh l\u00ean ch\u00f3p m\u0169 v\u00e0 \u0111i\u1ec1u k\u00ec di\u1ec7u x\u1ea3y ra: hai ch\u00fa th\u1ecf Bo v\u00e0 Be nh\u1ea3y v\u1ee5t ra c\u00fai m\u00ecnh ch\u00e0o kh\u00e1n gi\u1ea3! Th\u1eadt tuy\u1ec7t v\u1eddi! Ai c\u0169ng y\u00eau th\u00edch ti\u1ebft m\u1ee5c n\u00e0y v\u00e0 c\u1ea3 hai ch\u00fa th\u1ecf.<\/p>\n<p>V\u1eady m\u00e0 m\u1ed9t ng\u00e0y kia, Ng\u00e0i Th\u00ed Nghi\u1ec7m l\u1ea1i b\u1ecf qu\u00ean c\u1ea3 m\u0169 l\u1eabn Bo v\u00e0 Be.<\/p>\n<p>Hai b\u1ea1n th\u1ecf gi\u1edd \u0111\u00e2y kh\u00f4ng c\u00f2n theo g\u00e1nh xi\u1ebfc n\u1eefa? Ch\u00fang l\u00e0m th\u1ebf n\u00e0o \u0111\u1ec3 s\u1ed1ng s\u00f3t? Nh\u1eefng c\u00e2u chuy\u1ec7n h\u00e0i h\u01b0\u1edbc th\u00fa v\u1ecb h\u01a1n c\u1ea3 trong r\u1ea1p xi\u1ebfc b\u1eaft \u0111\u1ea7u.  M\u01b0\u1eddi c\u00e2u chuy\u1ec7n c\u1ee7a \u0111\u00f4i th\u1ecf tinh ngh\u1ecbch Bo v\u00e0 Be s\u1ebd \u0111em \u0111\u1ebfn ti\u1ebfng c\u01b0\u1eddi s\u1ea3ng kho\u00e1i, b\u1ea5t ng\u1edd nh\u01b0 nh\u1eefng m\u00e0n \u1ea3o thu\u1eadt m\u00e0 c\u00e1c ch\u00fa t\u1eebng bi\u1ec3u di\u1ec5n.<\/p>\n<p>Bo V\u00e0 Be &#8211; \u0110\u00f4i Th\u1ecf Tinh Ngh\u1ecbch l\u00e0 truy\u1ec7n thi\u1ebfu nhi n\u1ed5i ti\u1ebfng c\u1ee7a S\u00e9c nay \u0111\u00e3 c\u00f3 m\u1eb7t t\u1ea1i Vi\u1ec7t Nam, m\u1eddi c\u00e1c b\u1ea1n \u0111\u00f3n \u0111\u1ecdc.<\/p>\n","protected":false},"excerpt":{"rendered":"<p>Bo v\u00e0 Be l\u00e0 hai ch\u00fa th\u1ecf c\u1ee7a nh\u00e0 \u1ea3o thu\u1eadt mang t\u00ean Ng\u00e0i Th\u00ed Nghi\u1ec7m. T\u1ea1i bu\u1ed5i bi\u1ec3u di\u1ec5n, Ng\u00e0i Th\u00ed Nghi\u1ec7m s\u1ebd ng\u1eeda m\u0169 ra \u0111\u1ec3 kh\u00e1n gi\u1ea3 th\u1ea5y chi\u1ebfc m\u0169 ho\u00e0n to\u00e0n tr\u1ed1ng kh\u00f4ng, r\u1ed3i g\u00f5 g\u00f5 c\u00e2y \u0111\u0169a th\u1ea7n c\u1ee7a m\u00ecnh l\u00ean ch\u00f3p m\u0169 v\u00e0 \u0111i\u1ec1u k\u00ec di\u1ec7u x\u1ea3y ra: hai ch\u00fa th\u1ecf Bo v\u00e0 Be nh\u1ea3y v\u1ee5t ra c\u00fai m\u00ecnh ch\u00e0o kh\u00e1n gi\u1ea3! Th\u1eadt tuy\u1ec7t v\u1eddi! Ai c\u0169ng y\u00eau th\u00edch ti\u1ebft m\u1ee5c n\u00e0y v\u00e0 c\u1ea3 hai ch\u00fa th\u1ecf.<\/p>\n<p>V\u1eady m\u00e0 m\u1ed9t ng\u00e0y kia, Ng\u00e0i Th\u00ed Nghi\u1ec7m l\u1ea1i b\u1ecf qu\u00ean c\u1ea3 m\u0169 l\u1eabn Bo v\u00e0 Be.<\/p>\n<p>Hai b\u1ea1n th\u1ecf gi\u1edd \u0111\u00e2y kh\u00f4ng c\u00f2n theo g\u00e1nh xi\u1ebfc n\u1eefa? Ch\u00fang l\u00e0m th\u1ebf n\u00e0o \u0111\u1ec3 s\u1ed1ng s\u00f3t? Nh\u1eefng c\u00e2u chuy\u1ec7n h\u00e0i h\u01b0\u1edbc th\u00fa v\u1ecb h\u01a1n c\u1ea3 trong r\u1ea1p xi\u1ebfc b\u1eaft \u0111\u1ea7u.  M\u01b0\u1eddi c\u00e2u chuy\u1ec7n c\u1ee7a \u0111\u00f4i th\u1ecf tinh ngh\u1ecbch Bo v\u00e0 Be s\u1ebd \u0111em \u0111\u1ebfn ti\u1ebfng c\u01b0\u1eddi s\u1ea3ng kho\u00e1i, b\u1ea5t ng\u1edd nh\u01b0 nh\u1eefng m\u00e0n \u1ea3o thu\u1eadt m\u00e0 c\u00e1c ch\u00fa t\u1eebng bi\u1ec3u di\u1ec5n.<\/p>\n<p>Bo V\u00e0 Be &#8211; \u0110\u00f4i Th\u1ecf Tinh Ngh\u1ecbch l\u00e0 truy\u1ec7n thi\u1ebfu nhi n\u1ed5i ti\u1ebfng c\u1ee7a S\u00e9c nay \u0111\u00e3 c\u00f3 m\u1eb7t t\u1ea1i Vi\u1ec7t Nam, m\u1eddi c\u00e1c b\u1ea1n \u0111\u00f3n \u0111\u1ecdc.<\/p>\n","protected":false},"featured_media":11622,"template":"","meta":{"_acf_changed":false},"product_brand":[],"product_cat":[25,17],"product_tag":[],"class_list":{"0":"post-11623","1":"product","2":"type-product","3":"status-publish","4":"has-post-thumbnail","6":"product_cat-nhi-dong-6-tuoi-12-tuoi","7":"product_cat-sach-danh-cho-cac-be","9":"first","10":"instock","11":"taxable","12":"shipping-taxable","13":"purchasable","14":"product-type-simple"},"supplier_id":null,"supplier_sku":"","barcode":null,"atum_controlled":true,"out_stock_date":null,"out_stock_threshold":null,"inheritable":false,"inbound_stock":2,"stock_on_hold":0,"sold_today":0,"sales_last_days":0,"reserved_stock":0,"customer_returns":0,"warehouse_damage":0,"lost_in_post":0,"other_logs":0,"out_stock_days":0,"lost_sales":0,"has_location":false,"update_date":"2026-01-28T23:10:50","atum_locations":[],"atum_stock_status":"instock","restock_status":false,"low_stock_amount":"","sales_update_date":"2026-01-28T23:10:50","calc_backorders":null,"acf":{"publisher":{"ID":1454,"post_author":"1","post_date":"2021-02-17 01:11:34","post_date_gmt":"2021-02-16 23:11:34","post_content":"<!-- wp:flatsome\/uxbuilder -->\n<h1 style=\"text-align: center;\"><strong>Kim \u0110\u1ed3ng<\/strong><\/h1>\n[row]\n\n[col span=\"3\" span__sm=\"12\"]\n\n[ux_image id=\"1534\" image_size=\"medium\"]\n\n\n[\/col]\n[col span=\"9\" span__sm=\"12\"]\n\n<p>Nh\u00e0 xu\u1ea5t b\u1ea3n Kim \u0110\u1ed3ng tr\u1ef1c thu\u1ed9c Trung \u01b0\u01a1ng \u0110o\u00e0n TNCS H\u1ed3 Ch\u00ed Minh l\u00e0 Nh\u00e0 xu\u1ea5t b\u1ea3n t\u1ed5ng h\u1ee3p c\u00f3 ch\u1ee9c n\u0103ng xu\u1ea5t b\u1ea3n s\u00e1ch v\u00e0 v\u0103n h\u00f3a ph\u1ea9m ph\u1ee5c v\u1ee5 thi\u1ebfu nhi v\u00e0 c\u00e1c b\u1eadc ph\u1ee5 huynh trong c\u1ea3 n\u01b0\u1edbc, qu\u1ea3ng b\u00e1 v\u00e0 gi\u1edbi thi\u1ec7u v\u0103n h\u00f3a Vi\u1ec7t Nam ra th\u1ebf gi\u1edbi.<br \/>Nh\u00e0 xu\u1ea5t b\u1ea3n c\u00f3 nhi\u1ec7m v\u1ee5 t\u1ed5 ch\u1ee9c b\u1ea3n th\u1ea3o, bi\u00ean so\u1ea1n, bi\u00ean d\u1ecbch, xu\u1ea5t b\u1ea3n v\u00e0 ph\u00e1t h\u00e0nh c\u00e1c xu\u1ea5t b\u1ea3n ph\u1ea9m c\u00f3 n\u1ed9i dung: gi\u00e1o d\u1ee5c truy\u1ec1n th\u1ed1ng d\u00e2n t\u1ed9c, gi\u00e1o d\u1ee5c v\u1ec1 tri th\u1ee9c, ki\u1ebfn th\u1ee9c\u2026 tr\u00ean c\u00e1c l\u0129nh v\u1ef1c v\u0103n h\u1ecdc, ngh\u1ec7 thu\u1eadt, khoa h\u1ecdc k\u1ef9 thu\u1eadt nh\u1eb1m cung c\u1ea5p cho c\u00e1c em thi\u1ebfu nhi c\u0169ng nh\u01b0 c\u00e1c b\u1eadc ph\u1ee5 huynh c\u00e1c ki\u1ebfn th\u1ee9c c\u1ea7n thi\u1ebft trong cu\u1ed9c s\u1ed1ng, nh\u1eefng tinh hoa c\u1ee7a tri th\u1ee9c nh\u00e2n lo\u1ea1i nh\u1eb1m g\u00f3p ph\u1ea7n gi\u00e1o d\u1ee5c v\u00e0 h\u00ecnh th\u00e0nh nh\u00e2n c\u00e1ch th\u1ebf h\u1ec7 tr\u1ebb.<br \/>\u0110\u1ed1i t\u01b0\u1ee3ng ph\u1ee5c v\u1ee5 c\u1ee7a Nh\u00e0 xu\u1ea5t b\u1ea3n l\u00e0 c\u00e1c em t\u1eeb tu\u1ed5i nh\u00e0 tr\u1ebb m\u1eabu gi\u00e1o (1 \u0111\u1ebfn 5 tu\u1ed5i), nhi \u0111\u1ed3ng (6 \u0111\u1ebfn 9 tu\u1ed5i), thi\u1ebfu ni\u00ean (10 \u0111\u1ebfn 15 tu\u1ed5i) \u0111\u1ebfn c\u00e1c em tu\u1ed5i m\u1edbi l\u1edbn (16 \u0111\u1ebfn 18 tu\u1ed5i) v\u00e0 c\u00e1c b\u1eadc ph\u1ee5 huynh.<\/p>\n\n[\/col]\n\n[\/row]\n\n<!-- \/wp:flatsome\/uxbuilder -->","post_title":"Kim \u0110\u1ed3ng","post_excerpt":"","post_status":"publish","comment_status":"closed","ping_status":"closed","post_password":"","post_name":"kim-dong","to_ping":"","pinged":"","post_modified":"2021-02-17 01:31:56","post_modified_gmt":"2021-02-16 23:31:56","post_content_filtered":"","post_parent":0,"guid":"https:\/\/sachviet.eu\/nha-phat-hanh\/kim-dong\/","menu_order":0,"post_type":"publisher","post_mime_type":"","comment_count":"0","filter":"raw"}},"_links":{"self":[{"href":"https:\/\/sachviet.eu\/en\/wp-json\/wp\/v2\/product\/11623","targetHints":{"allow":["GET"]}}],"collection":[{"href":"https:\/\/sachviet.eu\/en\/wp-json\/wp\/v2\/product"}],"about":[{"href":"https:\/\/sachviet.eu\/en\/wp-json\/wp\/v2\/types\/product"}],"wp:featuredmedia":[{"embeddable":true,"href":"https:\/\/sachviet.eu\/en\/wp-json\/wp\/v2\/media\/11622"}],"wp:attachment":[{"href":"https:\/\/sachviet.eu\/en\/wp-json\/wp\/v2\/media?parent=11623"}],"wp:term":[{"taxonomy":"product_brand","embeddable":true,"href":"https:\/\/sachviet.eu\/en\/wp-json\/wp\/v2\/product_brand?post=11623"},{"taxonomy":"product_cat","embeddable":true,"href":"https:\/\/sachviet.eu\/en\/wp-json\/wp\/v2\/product_cat?post=11623"},{"taxonomy":"product_tag","embeddable":true,"href":"https:\/\/sachviet.eu\/en\/wp-json\/wp\/v2\/product_tag?post=11623"}],"curies":[{"name":"wp","href":"https:\/\/api.w.org\/{rel}","templated":true}]}}