{"id":11621,"date":"2021-06-03T02:17:14","date_gmt":"2021-06-02T23:17:14","guid":{"rendered":"https:\/\/sachviet.eu\/shop\/tan-cung-la-cai-chet-tai-ban-2019\/"},"modified":"2022-05-30T21:32:38","modified_gmt":"2022-05-30T18:32:38","slug":"tan-cung-la-cai-chet-tai-ban-2019","status":"publish","type":"product","link":"https:\/\/sachviet.eu\/en\/shop\/tan-cung-la-cai-chet-tai-ban-2019\/","title":{"rendered":"T\u1eadn C\u00f9ng L\u00e0 C\u00e1i Ch\u1ebft (T\u00e1i B\u1ea3n 2019)"},"content":{"rendered":"<p>\u1ede Ai C\u1eadp v\u00e0o n\u0103m 2000 tr\u01b0\u1edbc c\u00f4ng nguy\u00ean, c\u00e1i ch\u1ebft \u0111\u01b0\u1ee3c xem l\u00e0 mang l\u1ea1i \u00fd ngh\u0129a cho s\u1ef1 s\u1ed1ng. T\u1ea1i ch\u00e2n m\u1ed9t v\u00e1ch \u0111\u00e1 l\u00e0 thi th\u1ec3 co qu\u1eafp b\u1ea5y n\u00e1t c\u1ee7a Nofret, thi\u1ebfp y\u00eau c\u1ee7a m\u1ed9t gi\u00e1o s\u0129. Tr\u1ebb, \u0111\u1eb9p v\u00e0 \u00e1c d\u1ea1, h\u1ea7u h\u1ebft m\u1ecdi ng\u01b0\u1eddi \u0111\u1ed3ng \u00fd r\u1eb1ng \u0111\u00f3 l\u00e0 \u0111\u1ecbnh m\u1ec7nh \u2013 c\u00f4 ta \u0111\u00e1ng ph\u1ea3i ch\u1ebft nh\u01b0 m\u1ed9t con r\u1eafn!<\/p>\n<p>Tuy nhi\u00ean t\u1ea1i nh\u00e0 c\u1ee7a cha m\u00ecnh b\u00ean b\u1edd s\u00f4ng Nile, c\u00f4 con g\u00e1i Renisenb c\u1ee7a gi\u00e1o s\u0129 l\u1ea1i ngh\u0129 r\u1eb1ng c\u00e1i ch\u1ebft c\u1ee7a ng\u01b0\u1eddi ph\u1ee5 n\u1eef th\u1eadt \u0111\u00e1ng ng\u1edd. C\u00e0ng ng\u00e0y c\u00f4 c\u00e0ng tin m\u1ea7m m\u1ed1ng c\u1ee7a c\u00e1i \u00e1c n\u1ea3y n\u1edf trong nh\u00e0 m\u00ecnh \u2013 v\u00e0 ch\u1ee9ng ki\u1ebfn m\u1ed9t c\u00e1ch b\u1ea5t l\u1ef1c nh\u1eefng m\u00ea \u0111\u1eafm c\u1ee7a gia \u0111\u00ecnh trong c\u1ea3nh ch\u1ebft ch\u00f3c.<\/p>\n","protected":false},"excerpt":{"rendered":"<p>\u1ede Ai C\u1eadp v\u00e0o n\u0103m 2000 tr\u01b0\u1edbc c\u00f4ng nguy\u00ean, c\u00e1i ch\u1ebft \u0111\u01b0\u1ee3c xem l\u00e0 mang l\u1ea1i \u00fd ngh\u0129a cho s\u1ef1 s\u1ed1ng. T\u1ea1i ch\u00e2n m\u1ed9t v\u00e1ch \u0111\u00e1 l\u00e0 thi th\u1ec3 co qu\u1eafp b\u1ea5y n\u00e1t c\u1ee7a Nofret, thi\u1ebfp y\u00eau c\u1ee7a m\u1ed9t gi\u00e1o s\u0129. Tr\u1ebb, \u0111\u1eb9p v\u00e0 \u00e1c d\u1ea1, h\u1ea7u h\u1ebft m\u1ecdi ng\u01b0\u1eddi \u0111\u1ed3ng \u00fd r\u1eb1ng \u0111\u00f3 l\u00e0 \u0111\u1ecbnh m\u1ec7nh \u2013 c\u00f4 ta \u0111\u00e1ng ph\u1ea3i ch\u1ebft nh\u01b0 m\u1ed9t con r\u1eafn!<\/p>\n<p>Tuy nhi\u00ean t\u1ea1i nh\u00e0 c\u1ee7a cha m\u00ecnh b\u00ean b\u1edd s\u00f4ng Nile, c\u00f4 con g\u00e1i Renisenb c\u1ee7a gi\u00e1o s\u0129 l\u1ea1i ngh\u0129 r\u1eb1ng c\u00e1i ch\u1ebft c\u1ee7a ng\u01b0\u1eddi ph\u1ee5 n\u1eef th\u1eadt \u0111\u00e1ng ng\u1edd. C\u00e0ng ng\u00e0y c\u00f4 c\u00e0ng tin m\u1ea7m m\u1ed1ng c\u1ee7a c\u00e1i \u00e1c n\u1ea3y n\u1edf trong nh\u00e0 m\u00ecnh \u2013 v\u00e0 ch\u1ee9ng ki\u1ebfn m\u1ed9t c\u00e1ch b\u1ea5t l\u1ef1c nh\u1eefng m\u00ea \u0111\u1eafm c\u1ee7a gia \u0111\u00ecnh trong c\u1ea3nh ch\u1ebft ch\u00f3c.<\/p>\n","protected":false},"featured_media":11610,"template":"","meta":{"_acf_changed":false},"product_brand":[],"product_cat":[15,72],"product_tag":[],"class_list":{"0":"post-11621","1":"product","2":"type-product","3":"status-publish","4":"has-post-thumbnail","6":"product_cat-sach-danh-cho-nguoi-lon","7":"product_cat-trinh-tham-kinh-di","9":"first","10":"outofstock","11":"taxable","12":"shipping-taxable","13":"purchasable","14":"product-type-simple"},"supplier_id":null,"supplier_sku":"","barcode":null,"atum_controlled":true,"out_stock_date":"2022-05-30 15:32:38","out_stock_threshold":null,"inheritable":false,"inbound_stock":0,"stock_on_hold":0,"sold_today":0,"sales_last_days":0,"reserved_stock":0,"customer_returns":0,"warehouse_damage":0,"lost_in_post":0,"other_logs":0,"out_stock_days":1339,"lost_sales":0,"has_location":false,"update_date":"2026-01-28T23:10:50","atum_locations":[],"atum_stock_status":"outofstock","restock_status":false,"low_stock_amount":"","sales_update_date":"2026-01-28T23:10:50","calc_backorders":null,"acf":{"publisher":{"ID":1517,"post_author":"1","post_date":"2021-02-17 01:14:41","post_date_gmt":"2021-02-16 23:14:41","post_content":"","post_title":"NXB Tr\u1ebb","post_excerpt":"","post_status":"publish","comment_status":"closed","ping_status":"closed","post_password":"","post_name":"nxb-tre","to_ping":"","pinged":"","post_modified":"2021-02-17 01:14:41","post_modified_gmt":"2021-02-16 23:14:41","post_content_filtered":"","post_parent":0,"guid":"https:\/\/sachviet.eu\/nha-phat-hanh\/nxb-tre\/","menu_order":0,"post_type":"publisher","post_mime_type":"","comment_count":"0","filter":"raw"}},"_links":{"self":[{"href":"https:\/\/sachviet.eu\/en\/wp-json\/wp\/v2\/product\/11621","targetHints":{"allow":["GET"]}}],"collection":[{"href":"https:\/\/sachviet.eu\/en\/wp-json\/wp\/v2\/product"}],"about":[{"href":"https:\/\/sachviet.eu\/en\/wp-json\/wp\/v2\/types\/product"}],"wp:featuredmedia":[{"embeddable":true,"href":"https:\/\/sachviet.eu\/en\/wp-json\/wp\/v2\/media\/11610"}],"wp:attachment":[{"href":"https:\/\/sachviet.eu\/en\/wp-json\/wp\/v2\/media?parent=11621"}],"wp:term":[{"taxonomy":"product_brand","embeddable":true,"href":"https:\/\/sachviet.eu\/en\/wp-json\/wp\/v2\/product_brand?post=11621"},{"taxonomy":"product_cat","embeddable":true,"href":"https:\/\/sachviet.eu\/en\/wp-json\/wp\/v2\/product_cat?post=11621"},{"taxonomy":"product_tag","embeddable":true,"href":"https:\/\/sachviet.eu\/en\/wp-json\/wp\/v2\/product_tag?post=11621"}],"curies":[{"name":"wp","href":"https:\/\/api.w.org\/{rel}","templated":true}]}}