{"id":1162,"date":"2021-02-14T16:39:19","date_gmt":"2021-02-14T14:39:19","guid":{"rendered":"https:\/\/sachviet.eu\/shop\/ca-nha-thuong-nhau-set-6-quyen\/"},"modified":"2021-05-18T00:48:04","modified_gmt":"2021-05-17T21:48:04","slug":"ca-nha-thuong-nhau-set-6-quyen","status":"publish","type":"product","link":"https:\/\/sachviet.eu\/en\/shop\/ca-nha-thuong-nhau-set-6-quyen\/","title":{"rendered":"C\u1ea3 nh\u00e0 th\u01b0\u01a1ng nhau &#8211; set 6 quy\u1ec3n"},"content":{"rendered":"<p><strong>NU\u00d4I D\u01af\u1ee0NG T\u00ccNH Y\u00caU GIA \u0110\u00ccNH TRONG CON CH\u1ec8 T\u1eea B\u1ed8 S\u00c1CH C\u1ea2 NH\u00c0 TH\u01af\u01a0NG NHAU<\/strong><\/p>\n<p>B\u1ea1n c\u00f3 hay n\u00f3i nh\u1eefng l\u1eddi y\u00eau th\u01b0\u01a1ng v\u1edbi con hay kh\u00f4ng? Nhi\u1ec1u m\u1eb9 n\u00f3i r\u1eb1ng khi con l\u1edbn l\u00ean c\u0169ng l\u00e0 l\u00fac nh\u1eefng l\u1eddi n\u00f3i t\u00ecnh c\u1ea3m c\u1ee9 \u00edt d\u1ea7n \u0111i, b\u1edfi v\u00ec ng\u1ea1i, b\u1edfi v\u00ec con t\u1ef1 t\u00e1ch m\u00ecnh ra, b\u1edfi v\u00ec nhi\u1ec1u l\u00ed do kh\u00e1c n\u1eefa. Nh\u01b0ng b\u1ed1 m\u1eb9 c\u00f3 bi\u1ebft c\u0169ng nh\u01b0 m\u1ed9t th\u00f3i quen t\u1ed1t c\u1ea7n \u0111\u01b0\u1ee3c h\u00ecnh th\u00e0nh t\u1eeb nh\u1ecf, n\u00f3i nh\u1eefng l\u1eddi y\u00eau th\u01b0\u01a1ng c\u0169ng c\u1ea7n th\u1ef1c h\u00e0nh h\u00e0ng ng\u00e0y. B\u1ed9 s\u00e1ch m\u00e0 ch\u00fang m\u00ecnh gi\u1edbi thi\u1ec7u h\u00f4m nay l\u00e0 m\u1ed9t b\u1ed9 s\u00e1ch c\u1ef1c k\u1ef3 d\u1ec5 th\u01b0\u01a1ng, nh\u1eb9 nh\u00e0ng, ch\u1ee9a chan bao t\u00ecnh y\u00eau c\u1ee7a c\u00e1c th\u00e0nh vi\u00ean trong gia \u0111\u00ecnh \u1edf \u0111\u00f3. M\u1ed9t b\u1ed9 s\u00e1ch c\u00f3 th\u1ec3 n\u00f3i nh\u01b0 m\u1ed9t &#8220;l\u1eddi t\u1ecf t\u00ecnh&#8221; ng\u1ecdt ng\u00e0o m\u00e0 b\u1ed1 m\u1eb9, con c\u00e1i, anh ch\u1ecb em trong nh\u00e0 c\u00f3 th\u1ec3 d\u00e0nh cho nhau.<\/p>\n<p>C\u00f9ng zoom in c\u1eadn c\u1ea3nh 6 cu\u1ed1n s\u00e1ch n\u00e0y b\u1ed1 m\u1eb9 nh\u00e9:<\/p>\n<p><strong>Con th\u01b0\u01a1ng B\u1ed1 nh\u01b0\u1eddng n\u00e0o<\/strong>: Cu\u1ed1n s\u00e1ch l\u00e0 nh\u1eefng c\u00e2u th\u01a1 t\u00ecnh c\u1ea3m v\u00e0 h\u00ecnh \u1ea3nh t\u01b0\u01a1i s\u00e1ng ghi l\u1ea1i t\u00ecnh y\u00eau th\u01b0\u01a1ng b\u1ed1 t\u1eeb quan \u0111i\u1ec3m c\u1ee7a m\u1ed9t em b\u00e9 m\u1edbi bi\u1ebft \u0111i. B\u1ed1 ch\u1ec9 cho con c\u00e1ch l\u00e0m b\u00e1nh k\u1ebfp, c\u00f9ng h\u00e1t nh\u1eefng giai \u0111i\u1ec7u t\u01b0\u01a1i vui, c\u00f9ng ch\u01a1i \u0111\u00f9a, c\u00f9ng \u0103n, c\u00f9ng xem phim khi m\u1eb9 v\u1eafng nh\u00e0, &#8230; Nh\u1eefng gi\u00e2y ph\u00fat b\u00ecnh d\u1ecb b\u00ean b\u1ed1 th\u1eadt vui v\u1ebb, ng\u1ecdt ng\u00e0o v\u00e0 thi\u00eang li\u00eang bi\u1ebft bao.<\/p>\n<p><strong>Con y\u00eau M\u1eb9 bi\u1ebft bao<\/strong>: \u201cT\u1edb y\u00eau m\u1eb9 l\u1eafm nh\u00e9. \u00d4m m\u1eb9 th\u1eadt ng\u1ecdt ng\u00e0o. Ng\u01b0\u1eddi m\u1eb9 m\u1ec1m bi\u1ebft bao.\u201d Nh\u1eefng c\u00e2u th\u01a1 ng\u1ecdt ng\u00e0o, d\u1ec5 th\u01b0\u01a1ng xu\u1ea5t ph\u00e1t t\u1eeb l\u1eddi k\u1ec3 c\u1ee7a tr\u1ebb nh\u1ecf n\u00e0y ch\u1eafc ch\u1eafn s\u1ebd khi\u1ebfn c\u00e1c m\u1eb9 c\u1ea3m \u0111\u1ed9ng l\u1eafm \u0111\u00f3. V\u1edbi nh\u1eefng h\u00ecnh \u1ea3nh minh h\u1ecda nh\u1eefng kho\u1ea3nh kh\u1eafc cu\u1ed9c s\u1ed1ng th\u01b0\u1eddng ng\u00e0y c\u1ee7a m\u1eb9 v\u00e0 con, cu\u1ed1n s\u00e1ch \u0111\u00e3 di\u1ec5n t\u1ea3 th\u00e0nh c\u00f4ng t\u00ecnh m\u1eb9 bao la c\u0169ng nh\u01b0 t\u00ecnh y\u00eau c\u1ee7a em b\u00e9 d\u00e0nh cho m\u1eb9 tuy\u1ec7t v\u1eddi c\u1ee7a m\u00ecnh.<\/p>\n<p><strong>N\u01a1i \u201cNh\u00e0 xinh\u201d b\u1ee5ng m\u1eb9<\/strong>: Ch\u1edd \u0111\u1ee3i m\u1ed9t em b\u00e9 m\u1edbi \u0111\u1ebfn v\u1edbi gia \u0111\u00ecnh c\u00f3 th\u1ec3 l\u00e0 m\u1ed9t th\u1eddi gian kh\u00f3 hi\u1ec3u v\u00e0 lo l\u1eafng \u0111\u1ed5i v\u1edbi tr\u1ebb nh\u1ecf. V\u1edbi nh\u1eefng c\u00e2u chuy\u1ec7n nh\u1eb9 nh\u00e0ng khi tr\u00f2 chuy\u1ec7n c\u00f9ng tr\u1ebb n\u00e0y l\u00e0 c\u00e1ch ho\u00e0n h\u1ea3o \u0111\u1ec3 tr\u1ea5n an tr\u1ebb nh\u1ecf c\u0169ng nh\u01b0 d\u1ea1y tr\u1ebb bi\u1ebft c\u00e1ch y\u00eau th\u01b0\u01a1ng em b\u00e9 m\u1edbi h\u01a1n.<\/p>\n<p><strong>Y\u00eau em l\u1eafm B\u00e9 ngoan<\/strong>: V\u1edbi nh\u1eefng c\u00e2u th\u01a1 th\u00fa v\u1ecb v\u00e0 nh\u1eefng h\u00ecnh \u1ea3nh \u00e2u y\u1ebfm, cu\u1ed1n s\u00e1ch n\u00e0y \u0111\u00e3 ghi l\u1ea1i ni\u1ec1m vui v\u00e0 s\u1ef1 ph\u1ea5n kh\u00edch c\u1ee7a tr\u1ebb nh\u1ecf khi ch\u00e0o \u0111\u00f3n m\u1ed9t em b\u00e9 m\u1edbi \u0111\u1ebfn v\u1edbi gia \u0111\u00ecnh. Ng\u1ecdt ng\u00e0o v\u00e0 \u0111\u00e1ng y\u00eau, \u0111\u00f3 l\u00e0 l\u1eddi gi\u1edbi thi\u1ec7u ho\u00e0n h\u1ea3o cho anh ch\u1ecb l\u1edbn khi h\u1ecd ch\u1edd \u0111\u1ee3i \u0111\u1ec3 g\u1eb7p ng\u01b0\u1eddi em m\u1edbi c\u1ee7a m\u00ecnh.<\/p>\n<p><strong>N\u1ee5 c\u01b0\u1eddi \u00d4ng hi\u1ec1n t\u1eeb<\/strong>: Cu\u1ed1n s\u00e1ch ghi l\u1ea1i ni\u1ec1m vui, ni\u1ec1m h\u1ee9ng kh\u1edfi khi tr\u1ea3i qua m\u1ed9t ng\u00e0y b\u00ean \u00f4ng. Th\u1eadt tuy\u1ec7t v\u1eddi v\u00e0 \u00fd ngh\u0129a bi\u1ebft bao khi m\u1ed7i ng\u00e0y tr\u00f4i qua \u0111\u1ec1u \u0111\u01b0\u1ee3c b\u00ean \u00f4ng vui ch\u01a1i, h\u1ecdc bao \u0111i\u1ec1u hay ph\u1ea3i kh\u00f4ng n\u00e0o.<\/p>\n<p><strong>V\u00f2ng tay B\u00e0 \u00e2u y\u1ebfm<\/strong>: T\u1eeb nh\u1eefng chuy\u1ebfn t\u00e0u \u0111\u1ebfn gi\u1edd ch\u01a1i, cu\u1ed1n s\u00e1ch n\u00e0y minh h\u1ecda kh\u00e9o l\u00e9p t\u00ecnh c\u1ea3m gi\u1eefa b\u00e0 v\u00e0 ch\u00e1u, v\u00e0 t\u1ea5t c\u1ea3 nh\u1eefng \u0111i\u1ec1u th\u00fa v\u1ecb m\u00e0 b\u00e0 ch\u00e1u c\u00f3 th\u1ec3 l\u00e0m c\u00f9ng nhau!<\/p>\n  <div class=\"banner-grid-wrapper\">\n  <div id=\"banner-grid-1765054857\" class=\"banner-grid row row-grid row-small\" data-packery-options=\"\">\n                      \n<div class=\"col grid-col large-6 grid-col-1\" ><div class=\"col-inner\">\n\t<div class=\"img has-hover x md-x lg-x y md-y lg-y\" id=\"image_1536799383\">\n\t\t\t\t\t\t\t\t<div class=\"img-inner dark\" >\n\t\t\t<img loading=\"lazy\" decoding=\"async\" width=\"1020\" height=\"573\" src=\"https:\/\/sachviet.eu\/wp-content\/uploads\/2021\/02\/61822274_2192401247540737_9152947522526773248_o-1024x575.jpg\" class=\"attachment-large size-large\" alt=\"\" srcset=\"https:\/\/sachviet.eu\/wp-content\/uploads\/2021\/02\/61822274_2192401247540737_9152947522526773248_o-1024x575.jpg 1024w, https:\/\/sachviet.eu\/wp-content\/uploads\/2021\/02\/61822274_2192401247540737_9152947522526773248_o-300x168.jpg 300w, https:\/\/sachviet.eu\/wp-content\/uploads\/2021\/02\/61822274_2192401247540737_9152947522526773248_o-768x431.jpg 768w, https:\/\/sachviet.eu\/wp-content\/uploads\/2021\/02\/61822274_2192401247540737_9152947522526773248_o-1536x863.jpg 1536w, https:\/\/sachviet.eu\/wp-content\/uploads\/2021\/02\/61822274_2192401247540737_9152947522526773248_o-600x337.jpg 600w, https:\/\/sachviet.eu\/wp-content\/uploads\/2021\/02\/61822274_2192401247540737_9152947522526773248_o.jpg 2048w\" sizes=\"auto, (max-width: 1020px) 100vw, 1020px\" \/>\t\t\t\t\t\t\n\t\t\t\t\t<\/div>\n\t\t\t\t\t\t\t\t\n<style>\n#image_1536799383 {\n  width: 100%;\n}\n<\/style>\n\t<\/div>\n\t\n<\/div><\/div>\n<div class=\"col grid-col large-6 grid-col-1\" ><div class=\"col-inner\">\n\t<div class=\"img has-hover x md-x lg-x y md-y lg-y\" id=\"image_1186866067\">\n\t\t\t\t\t\t\t\t<div class=\"img-inner dark\" >\n\t\t\t<img loading=\"lazy\" decoding=\"async\" width=\"1020\" height=\"573\" src=\"https:\/\/sachviet.eu\/wp-content\/uploads\/2021\/02\/62119032_2192401260874069_8912222791793639424_o-1024x575.jpg\" class=\"attachment-large size-large\" alt=\"\" srcset=\"https:\/\/sachviet.eu\/wp-content\/uploads\/2021\/02\/62119032_2192401260874069_8912222791793639424_o-1024x575.jpg 1024w, https:\/\/sachviet.eu\/wp-content\/uploads\/2021\/02\/62119032_2192401260874069_8912222791793639424_o-300x168.jpg 300w, https:\/\/sachviet.eu\/wp-content\/uploads\/2021\/02\/62119032_2192401260874069_8912222791793639424_o-768x431.jpg 768w, https:\/\/sachviet.eu\/wp-content\/uploads\/2021\/02\/62119032_2192401260874069_8912222791793639424_o-1536x863.jpg 1536w, https:\/\/sachviet.eu\/wp-content\/uploads\/2021\/02\/62119032_2192401260874069_8912222791793639424_o-600x337.jpg 600w, https:\/\/sachviet.eu\/wp-content\/uploads\/2021\/02\/62119032_2192401260874069_8912222791793639424_o.jpg 2048w\" sizes=\"auto, (max-width: 1020px) 100vw, 1020px\" \/>\t\t\t\t\t\t\n\t\t\t\t\t<\/div>\n\t\t\t\t\t\t\t\t\n<style>\n#image_1186866067 {\n  width: 100%;\n}\n<\/style>\n\t<\/div>\n\t\n<\/div><\/div>\n            <\/div>\n    <style>\n    #banner-grid-1765054857 .grid-col-1{height: 600px}\n    #banner-grid-1765054857 .grid-col-1-2{height: 300px}\n    #banner-grid-1765054857 .grid-col-1-3{height:200px}\n    #banner-grid-1765054857 .grid-col-2-3{height: 400px}\n    #banner-grid-1765054857 .grid-col-1-4{height: 150px}\n    #banner-grid-1765054857 .grid-col-3-4{height: 450px}\n\n\n    \n    \n\n  <\/style>\n    <\/div>\n  \n","protected":false},"excerpt":{"rendered":"<p>Con y\u00eau m\u1eb9 bi\u1ebft bao<br \/>\nCon th\u01b0\u01a1ng b\u1ed1 nh\u01b0\u1eddng n\u00e0o<br \/>\nV\u00f2ng tay b\u00e0 \u00e2u y\u1ebfm<br \/>\nN\u1ee5 c\u01b0\u1eddi \u00f4ng hi\u1ec1n t\u1eeb<br \/>\nY\u00eau em l\u1eafm, b\u00e9 ngoan<br \/>\nN\u01a1i \u201cnh\u00e0 xinh\u201d b\u1ee5ng m\u1eb9<br \/>\nM\u1ed7i ng\u00e0y \u0111\u1ec1u h\u1ea1nh ph\u00fac<br \/>\nKhi c\u1ea3 nh\u00e0 th\u01b0\u01a1ng nhau<\/p>\n<p>&#8220;M\u1ed7i ng\u00e0y \u0111\u1ec1u h\u1ea1nh ph\u00fac. Khi c\u1ea3 nh\u00e0 b\u00ean nhau.&#8221; B\u1ed9 s\u00e1ch l\u00e0 nh\u1eefng c\u00e2u chuy\u1ec7n \u0111\u01b0\u1ee3c k\u1ec3 b\u1eb1ng nh\u1eefng v\u1ea7n th\u01a1 c\u00f9ng v\u1edbi h\u00ecnh \u1ea3nh \u0111\u1eb9p ch\u1eafc ch\u1eafn s\u1ebd kh\u00f4ng ch\u1ec9 c\u00e1c em b\u00e9 th\u00edch m\u00ea m\u00e0 ngay c\u1ea3 ng\u01b0\u1eddi l\u1edbn c\u0169ng b\u1ecb cu\u1ed1n h\u00fat v\u00e0o nh\u1eefng c\u00e2u ch\u1eef \u0111\u1ea7y \u00fd ngh\u0129a v\u00e0 ch\u1ee9a chan t\u00ecnh c\u1ea3m n\u00e0y \u0111\u00f3.<\/p>\n","protected":false},"featured_media":1154,"template":"","meta":{"_acf_changed":false},"product_brand":[],"product_cat":[24,25,17],"product_tag":[],"class_list":{"0":"post-1162","1":"product","2":"type-product","3":"status-publish","4":"has-post-thumbnail","6":"product_cat-nha-tre-mau-giao-0-tuoi-6-tuoi","7":"product_cat-nhi-dong-6-tuoi-12-tuoi","8":"product_cat-sach-danh-cho-cac-be","10":"first","11":"outofstock","12":"taxable","13":"shipping-taxable","14":"purchasable","15":"product-type-simple"},"supplier_id":null,"supplier_sku":"","barcode":null,"atum_controlled":true,"out_stock_date":"2021-03-01 23:31:49","out_stock_threshold":null,"inheritable":false,"inbound_stock":0,"stock_on_hold":0,"sold_today":0,"sales_last_days":0,"reserved_stock":0,"customer_returns":0,"warehouse_damage":0,"lost_in_post":0,"other_logs":0,"out_stock_days":1793,"lost_sales":0,"has_location":false,"update_date":"2026-01-28T23:10:29","atum_locations":[],"atum_stock_status":"outofstock","restock_status":false,"low_stock_amount":"","sales_update_date":"2026-01-28T23:10:29","calc_backorders":null,"acf":{"publisher":{"ID":1470,"post_author":"2","post_date":"2021-02-17 01:12:47","post_date_gmt":"2021-02-16 23:12:47","post_content":"<!-- wp:flatsome\/uxbuilder -->\n<h1 style=\"text-align: center\"><strong>\u0110inh T\u1ecb<\/strong><\/h1>\n[row]\n\n[col span=\"4\" span__sm=\"12\"]\n\n[ux_image id=\"1831\" image_size=\"medium\"]\n\n\n[\/col]\n[col span=\"8\" span__sm=\"12\"]\n\n<p><strong>\u0110inh T\u1ecb Books - Ti\u00ean phong s\u00e1ng t\u1ea1o<\/strong><\/p>\n<p>Th\u00e0nh l\u1eadp n\u0103m 2006, t\u1edbi nay \u0110inh T\u1ecb Books \u0111\u01b0\u1ee3c \u0111\u00e1nh gi\u1ea3 l\u00e0 \u0111\u01a1n v\u1ecb xu\u1ea5t b\u1ea3n uy t\u00edn c\u00f3 t\u1ed1c \u0111\u1ed9 ph\u00e1t tri\u1ec3n nhanh nh\u1ea5t g\u1eafn v\u1edbi th\u00e0nh c\u00f4ng c\u1ee7a hai t\u1ee7 s\u00e1ch l\u1edbn: T\u1ee7 s\u00e1ch Thi\u1ebfu nhi - T\u1ee7 s\u00e1ch V\u0103n h\u1ecdc. Trong \u0111\u00f3 ph\u1ea3i k\u1ec3 t\u1edbi b\u01b0\u1edbc chuy\u1ec3n m\u00ecnh \u0111\u1ea7y \u1ea5n t\u01b0\u1ee3ng, tr\u1edf th\u00e0nh \u0111\u01a1n v\u1ecb ti\u00ean phong s\u00e1ng t\u1ea1o d\u00f2ng S\u00c1CH T\u01af\u01a0NG T\u00c1C thi\u1ebfu nhi. V\u1edbi h\u01a1n 300 t\u1ef1a s\u00e1ch t\u01b0\u01a1ng t\u00e1c \u0111ang l\u01b0u h\u00e0nh, \u0110inh T\u1ecb Books \u0111\u00e3 mang \u0111\u1ebfn nh\u1eefng gi\u00e1 tr\u1ecb tr\u1ea3i nghi\u1ec7m tuy\u1ec7t v\u1eddi, \u0111\u01b0a vi\u1ec7c h\u1ecdc v\u00e0 ch\u01a1i c\u00f9ng s\u00e1ch tr\u1edf n\u00ean hi\u1ec7u qu\u1ea3 h\u01a1n, gi\u00fap tr\u1ebb th\u00f4ng minh, t\u0103ng tr\u01b0\u1edfng c\u00e1c ch\u1ec9 s\u1ed1 IQ, EQ.<\/p>\n<p><strong>Th\u1ebf m\u1ea1nh c\u1ee7a \u0110inh T\u1ecb Books<\/strong><\/p>\n<p>V\u1edbi kinh nghi\u1ec7m nhi\u1ec1u n\u0103m trong ng\u00e0nh xu\u1ea5t b\u1ea3n, \u0110inh T\u1ecb Books tin r\u1eb1ng c\u00e1c b\u1eadc cha m\u1eb9 lu\u00f4n d\u00e0nh nh\u1eefng \u0111i\u1ec1u t\u1ed1t \u0111\u1eb9p nh\u1ea5t cho c\u00e1c con c\u1ee7a m\u00ecnh. \u0110\u1ecdc s\u00e1ch c\u00f9ng con lu\u00f4n l\u00e0 l\u1ef1a ch\u1ecdn h\u00e0ng \u0111\u1ea7u gi\u00fap g\u1eafn k\u1ebft t\u00ecnh y\u00eau th\u01b0\u01a1ng \u0111\u1ed3ng th\u1eddi gi\u00fap con nu\u00f4i d\u01b0\u1ee1ng ni\u1ec1m \u0111am m\u00ea v\u1edbi s\u00e1ch.<\/p>\n\n[\/col]\n\n[\/row]\n<p><strong>T\u00ecnh y\u00eau l\u1edbn d\u00e0nh cho nh\u1eefng cu\u1ed1n s\u00e1ch.<\/strong><\/p>\n<p>Xu\u1ea5t ph\u00e1t t\u1eeb t\u00ecnh y\u00eau v\u1edbi nh\u1eefng cu\u1ed1n s\u00e1ch, l\u00f2ng t\u1eadn t\u00e2m mu\u1ed1n g\u00ecn gi\u1eef nh\u1eefng gi\u00e1 tr\u1ecb v\u0103n h\u00f3a truy\u1ec1n th\u1ed1ng c\u1ee7a Vi\u1ec7t Nam, mong mu\u1ed1n \u0111\u01b0a nh\u1eefng gi\u00e1 tr\u1ecb \u0111\u1eadm ch\u1ea5t Vi\u1ec7t Nam \u0111\u1ebfn v\u1edbi tr\u1ebb em Vi\u1ec7t, c\u00e1c th\u00e0nh vi\u00ean s\u00e1ng t\u1ea1o c\u1ee7a \u0110inh T\u1ecb Books \u0111\u00e3 kh\u00f4ng ng\u1eebng n\u1ed7 l\u1ef1c, t\u00ecm t\u00f2i v\u00e0 h\u1ecdc h\u1ecfi, \u0111\u1ec3 \u0111\u01b0a nh\u1eefng cu\u1ed1n s\u00e1ch \u201c100% made in Vietnam\u201d \u0111\u1ebfn v\u1edbi tr\u1ebb em Vi\u1ec7t. C\u00e1c ki\u1ebfn th\u1ee9c b\u1ed5 \u00edch \u0111\u01b0\u1ee3c truy\u1ec1n t\u1ea3i th\u00f4ng qua nh\u1eefng t\u01b0\u01a1ng t\u00e1c th\u00fa v\u1ecb gi\u00fap tr\u1ebb nh\u1edb l\u00e2u h\u01a1n, h\u1ecdc t\u1ed1t h\u01a1n.<\/p>\n<p>Nh\u1eadn ra \u0111\u01b0\u1ee3c s\u1ee9 m\u1ec7nh v\u00e0 t\u1ea7m nh\u00ecn c\u1ee7a \u0110inh T\u1ecb, <strong>SACHVIET.EU<\/strong> \u0111\u00e3 li\u00ean l\u1ea1c v\u1edbi \u0110inh T\u1ecb \u0111\u1ec3 \u0111\u01b0\u1ee3c h\u1ed7 tr\u1ee3 \u0111\u01b0a nh\u1eefng cu\u1ed1n s\u00e1ch mang gi\u00e1 tr\u1ecb \u0111\u1eadm ch\u1ea5t Vi\u1ec7t Nam \u0111\u1ebfn v\u1edbi tr\u1ebb em Vi\u1ec7t v\u00e0 c\u1ed9ng \u0111\u1ed3ng Vi\u1ec7t s\u1ed1ng t\u1ea1i Ch\u00e2u \u00c2u. SACHVIET.EU \u0111\u1eb7t l\u00f2ng tin \u1edf \u0110inh T\u1ecb s\u1ebd lu\u00f4n \u0111em \u0111\u1ebfn nh\u1eefng gi\u00e1 tr\u1ecb cao qua t\u1eebng trang s\u00e1ch v\u00e0 hy v\u1ecdng \u0111\u1ed9c gi\u1ea3 s\u1ebd lu\u00f4n h\u00e0i l\u00f2ng v\u1edbi ch\u1ea5t l\u01b0\u1ee3ng m\u00e0 \u0110inh T\u1ecb theo \u0111u\u1ed5i bao n\u0103m qua.<\/p>\n\n<!-- \/wp:flatsome\/uxbuilder -->","post_title":"\u0110inh T\u1ecb","post_excerpt":"","post_status":"publish","comment_status":"closed","ping_status":"closed","post_password":"","post_name":"dinh-ti","to_ping":"","pinged":"","post_modified":"2022-12-19 23:15:43","post_modified_gmt":"2022-12-19 21:15:43","post_content_filtered":"","post_parent":0,"guid":"https:\/\/sachviet.eu\/nha-phat-hanh\/dinh-ti\/","menu_order":0,"post_type":"publisher","post_mime_type":"","comment_count":"0","filter":"raw"}},"_links":{"self":[{"href":"https:\/\/sachviet.eu\/en\/wp-json\/wp\/v2\/product\/1162","targetHints":{"allow":["GET"]}}],"collection":[{"href":"https:\/\/sachviet.eu\/en\/wp-json\/wp\/v2\/product"}],"about":[{"href":"https:\/\/sachviet.eu\/en\/wp-json\/wp\/v2\/types\/product"}],"wp:featuredmedia":[{"embeddable":true,"href":"https:\/\/sachviet.eu\/en\/wp-json\/wp\/v2\/media\/1154"}],"wp:attachment":[{"href":"https:\/\/sachviet.eu\/en\/wp-json\/wp\/v2\/media?parent=1162"}],"wp:term":[{"taxonomy":"product_brand","embeddable":true,"href":"https:\/\/sachviet.eu\/en\/wp-json\/wp\/v2\/product_brand?post=1162"},{"taxonomy":"product_cat","embeddable":true,"href":"https:\/\/sachviet.eu\/en\/wp-json\/wp\/v2\/product_cat?post=1162"},{"taxonomy":"product_tag","embeddable":true,"href":"https:\/\/sachviet.eu\/en\/wp-json\/wp\/v2\/product_tag?post=1162"}],"curies":[{"name":"wp","href":"https:\/\/api.w.org\/{rel}","templated":true}]}}