{"id":11609,"date":"2021-06-03T02:16:23","date_gmt":"2021-06-02T23:16:23","guid":{"rendered":"https:\/\/sachviet.eu\/shop\/an-mang-tren-san-golf-agatha-christie\/"},"modified":"2024-04-18T14:29:39","modified_gmt":"2024-04-18T11:29:39","slug":"an-mang-tren-san-golf-agatha-christie","status":"publish","type":"product","link":"https:\/\/sachviet.eu\/en\/shop\/an-mang-tren-san-golf-agatha-christie\/","title":{"rendered":"\u00c1n M\u1ea1ng Tr\u00ean S\u00e2n Golf\u00a0(Agatha Christie)"},"content":{"rendered":"<p>\u00c1n M\u1ea1ng Tr\u00ean S\u00e2n Golf<\/p>\n<p>M\u1ed9t b\u1ee9c th\u01b0 k\u00eau c\u1ee9u k\u00e9o th\u00e1m t\u1eed Hercule Poirot t\u1edbi Ph\u00e1p. Nh\u01b0ng anh \u0111\u1ebfn qu\u00e1 tr\u1ec5. Kh\u00e1ch h\u00e0ng c\u1ee7a anh \u0111\u00e3 ch\u1ebft. C\u00e1i x\u00e1c b\u1ecb \u0111\u00e2m d\u00e3 man gi\u1edd n\u1eb1m s\u1ea5p m\u1eb7t trong m\u1ed9t c\u00e1i h\u1ed1 n\u00f4ng trong s\u00e2n golf \u0111ang x\u00e2y.<\/p>\n<p>Nh\u01b0ng v\u00ec sao ng\u01b0\u1eddi ch\u1ebft l\u1ea1i m\u1eb7c m\u1ed9t chi\u1ebfc \u00e1o cho\u00e0ng qu\u00e1 kh\u1ed5? V\u00e0 b\u1ee9c th\u01b0 t\u00ecnh ng\u1ecdt ng\u00e0o trong t\u00fai \u00e1o kho\u00e1c vi\u1ebft cho ai? Tr\u01b0\u1edbc khi Poirot k\u1ecbp tr\u1ea3 l\u1eddi nh\u1eefng nghi v\u1ea5n n\u00e0y th\u00ec v\u1ee5 \u00e1n b\u1ecb l\u1eadt ng\u01b0\u1ee3c khi c\u00e1i x\u00e1c th\u1ee9 hai \u0111\u01b0\u1ee3c ph\u00e1t hi\u1ec7n, c\u00e1ch th\u1ee9c gi\u1ebft ng\u01b0\u1eddi y nh\u01b0 l\u1ea7n \u0111\u1ea7u.<\/p>\n","protected":false},"excerpt":{"rendered":"<p>\u00c1n M\u1ea1ng Tr\u00ean S\u00e2n Golf<\/p>\n<p>M\u1ed9t b\u1ee9c th\u01b0 k\u00eau c\u1ee9u k\u00e9o th\u00e1m t\u1eed Hercule Poirot t\u1edbi Ph\u00e1p. Nh\u01b0ng anh \u0111\u1ebfn qu\u00e1 tr\u1ec5. Kh\u00e1ch h\u00e0ng c\u1ee7a anh \u0111\u00e3 ch\u1ebft. C\u00e1i x\u00e1c b\u1ecb \u0111\u00e2m d\u00e3 man gi\u1edd n\u1eb1m s\u1ea5p m\u1eb7t trong m\u1ed9t c\u00e1i h\u1ed1 n\u00f4ng trong s\u00e2n golf \u0111ang x\u00e2y.<\/p>\n<p>Nh\u01b0ng v\u00ec sao ng\u01b0\u1eddi ch\u1ebft l\u1ea1i m\u1eb7c m\u1ed9t chi\u1ebfc \u00e1o cho\u00e0ng qu\u00e1 kh\u1ed5? V\u00e0 b\u1ee9c th\u01b0 t\u00ecnh ng\u1ecdt ng\u00e0o trong t\u00fai \u00e1o kho\u00e1c vi\u1ebft cho ai? Tr\u01b0\u1edbc khi Poirot k\u1ecbp tr\u1ea3 l\u1eddi nh\u1eefng nghi v\u1ea5n n\u00e0y th\u00ec v\u1ee5 \u00e1n b\u1ecb l\u1eadt ng\u01b0\u1ee3c khi c\u00e1i x\u00e1c th\u1ee9 hai \u0111\u01b0\u1ee3c ph\u00e1t hi\u1ec7n, c\u00e1ch th\u1ee9c gi\u1ebft ng\u01b0\u1eddi y nh\u01b0 l\u1ea7n \u0111\u1ea7u.<\/p>\n","protected":false},"featured_media":11599,"template":"","meta":{"_acf_changed":false},"product_brand":[],"product_cat":[15,72],"product_tag":[],"class_list":{"0":"post-11609","1":"product","2":"type-product","3":"status-publish","4":"has-post-thumbnail","6":"product_cat-sach-danh-cho-nguoi-lon","7":"product_cat-trinh-tham-kinh-di","9":"first","10":"outofstock","11":"taxable","12":"shipping-taxable","13":"purchasable","14":"product-type-simple"},"supplier_id":null,"supplier_sku":"","barcode":null,"atum_controlled":true,"out_stock_date":"2024-04-18 11:29:39","out_stock_threshold":null,"inheritable":false,"inbound_stock":0,"stock_on_hold":0,"sold_today":0,"sales_last_days":0,"reserved_stock":0,"customer_returns":0,"warehouse_damage":0,"lost_in_post":0,"other_logs":0,"out_stock_days":650,"lost_sales":0,"has_location":false,"update_date":"2026-01-28T23:10:50","atum_locations":[],"atum_stock_status":"outofstock","restock_status":false,"low_stock_amount":"","sales_update_date":"2026-01-28T23:10:50","calc_backorders":null,"acf":{"publisher":{"ID":1517,"post_author":"1","post_date":"2021-02-17 01:14:41","post_date_gmt":"2021-02-16 23:14:41","post_content":"","post_title":"NXB Tr\u1ebb","post_excerpt":"","post_status":"publish","comment_status":"closed","ping_status":"closed","post_password":"","post_name":"nxb-tre","to_ping":"","pinged":"","post_modified":"2021-02-17 01:14:41","post_modified_gmt":"2021-02-16 23:14:41","post_content_filtered":"","post_parent":0,"guid":"https:\/\/sachviet.eu\/nha-phat-hanh\/nxb-tre\/","menu_order":0,"post_type":"publisher","post_mime_type":"","comment_count":"0","filter":"raw"}},"_links":{"self":[{"href":"https:\/\/sachviet.eu\/en\/wp-json\/wp\/v2\/product\/11609","targetHints":{"allow":["GET"]}}],"collection":[{"href":"https:\/\/sachviet.eu\/en\/wp-json\/wp\/v2\/product"}],"about":[{"href":"https:\/\/sachviet.eu\/en\/wp-json\/wp\/v2\/types\/product"}],"wp:featuredmedia":[{"embeddable":true,"href":"https:\/\/sachviet.eu\/en\/wp-json\/wp\/v2\/media\/11599"}],"wp:attachment":[{"href":"https:\/\/sachviet.eu\/en\/wp-json\/wp\/v2\/media?parent=11609"}],"wp:term":[{"taxonomy":"product_brand","embeddable":true,"href":"https:\/\/sachviet.eu\/en\/wp-json\/wp\/v2\/product_brand?post=11609"},{"taxonomy":"product_cat","embeddable":true,"href":"https:\/\/sachviet.eu\/en\/wp-json\/wp\/v2\/product_cat?post=11609"},{"taxonomy":"product_tag","embeddable":true,"href":"https:\/\/sachviet.eu\/en\/wp-json\/wp\/v2\/product_tag?post=11609"}],"curies":[{"name":"wp","href":"https:\/\/api.w.org\/{rel}","templated":true}]}}