{"id":11596,"date":"2021-06-03T02:14:50","date_gmt":"2021-06-02T23:14:50","guid":{"rendered":"https:\/\/sachviet.eu\/shop\/dem-vo-tan-agatha-christie\/"},"modified":"2024-03-01T03:24:46","modified_gmt":"2024-03-01T01:24:46","slug":"dem-vo-tan-agatha-christie","status":"publish","type":"product","link":"https:\/\/sachviet.eu\/en\/shop\/dem-vo-tan-agatha-christie\/","title":{"rendered":"\u0110\u00eam V\u00f4 T\u1eadn\u00a0(Agatha Christie)"},"content":{"rendered":"<p>\u0110\u1ea5t Digan l\u00e0 m\u1ed9t \u0111i\u1ec3m tr\u00ean cao tuy\u1ec7t \u0111\u1eb9p c\u00f3 t\u1ea7m nh\u00ecn tr\u00f4ng ra bi\u1ec3n \u2013 v\u00e0 n\u00f3 khu\u1ea5y \u0111\u1ed9ng trong l\u00f2ng Michael Rogers tr\u00f2 ch\u01a1i t\u01b0\u1edfng t\u01b0\u1ee3ng ki\u1ec3u tr\u1ebb con. \u1ede \u0111\u00f3, d\u01b0\u1edbi b\u00f3ng c\u00e2y linh sam, anh l\u00ean k\u1ebf ho\u1ea1ch x\u00e2y m\u1ed9t ng\u00f4i nh\u00e0, t\u00ecm m\u1ed9t c\u00f4 g\u00e1i v\u00e0 s\u1ed1ng h\u1ea1nh ph\u00fac m\u00e3i v\u1ec1 sau. Nh\u01b0ng, l\u00fac anh r\u1eddi l\u00e0ng, m\u1ed9t c\u00e1i b\u00f3ng \u0111e d\u1ecda treo l\u01a1 l\u1eedng tr\u00ean v\u00f9ng \u0111\u1ea5t n\u00e0y. V\u00ec \u0111\u00e2y l\u00e0 n\u01a1i tai n\u1ea1n th\u01b0\u1eddng x\u1ea3y ra. \u0110\u00e1ng l\u1ebd Michael n\u00ean l\u01b0u \u00fd \u0111\u1ebfn nh\u1eefng l\u1eddi c\u1ea3nh b\u00e1o c\u1ee7a d\u00e2n \u0111\u1ecba ph\u01b0\u01a1ng: \u2018Kh\u00f4ng c\u00f3 may m\u1eafn cho nh\u1eefng ai d\u00ednh l\u00edu t\u1edbi \u0110\u1ea5t Digan \u0111\u00e2u.\u2019 Michael Rogers l\u00e0 ng\u01b0\u1eddi s\u1eafp s\u1eeda bi\u1ebft \u0111\u01b0\u1ee3c c\u00e2u ng\u1ea1n ng\u1eef \u2018Khi t\u00f4i k\u1ebft th\u00fac c\u0169ng l\u00e0 l\u00fac t\u00f4i b\u1eaft \u0111\u1ea7u\u2019 th\u1ef1c s\u1ef1 ngh\u0129a l\u00e0 g\u00ec.<\/p>\n<p>T\u00e1c ph\u1ea9m \u0110\u00eam v\u00f4 t\u1eadn (Endless Night) c\u1ee7a Agatha Christie \u0111\u01b0\u1ee3c xu\u1ea5t b\u1ea3n l\u1ea7n \u0111\u1ea7u n\u0103m 1957. Kh\u00f4ng nh\u01b0 nhi\u1ec1u cu\u1ed1n ti\u1ec3u thuy\u1ebft kh\u00e1c th\u01b0\u1eddng m\u1ea5t ba \u0111\u1ebfn b\u1ed1n th\u00e1ng m\u1edbi vi\u1ebft xong, Agatha Christie ho\u00e0n t\u1ea5t \u0110\u00eam v\u00f4 t\u1eadn trong s\u00e1u tu\u1ea7n. M\u01b0\u1eddi l\u0103m n\u0103m sau \u1ea5n b\u1ea3n n\u0103m 1972, Agatha Christie mi\u00eau t\u1ea3 \u0110\u00eam v\u00f4 t\u1eadn l\u00e0 \u2018l\u00e0 t\u00e1c ph\u1ea9m b\u00e0 y\u00eau th\u00edch l\u00fac n\u00e0y\u2019 khi tr\u1ea3 l\u1eddi d\u1ecbch gi\u1ea3 chuy\u1ec3n ng\u1eef t\u1ed1p 10 ti\u1ec3u thuy\u1ebft c\u1ee7a Christie sang ti\u1ebfng Nh\u1eadt. <\/p>\n<p>C\u00e2u chuy\u1ec7n \u0111\u01b0\u1ee3c k\u1ec3 theo l\u1eddi nh\u00e2n v\u1eadt Michael Rogers, ch\u00e0ng trai \u0111\u1ed9 tu\u1ed5i 20. M\u1eb7c d\u00f9 khi vi\u1ebft \u0110\u00eam v\u00f4 t\u1eadn, Agatha Christie \u1edf v\u00e0o \u0111\u1ed9 tu\u1ed5i 70, nh\u01b0ng b\u00e0 n\u00f3i trong m\u1ed9t ph\u1ecfng v\u1ea5n r\u1eb1ng nh\u1eadp vai Michael, ng\u01b0\u1eddi k\u1ec3 chuy\u1ec7n tu\u1ed5i 20, \u201ckh\u00f4ng kh\u00f3. Suy cho c\u00f9ng, ta nghe nh\u1eefng ng\u01b0\u1eddi nh\u01b0 anh ch\u00e0ng n\u00e0y n\u00f3i n\u0103ng su\u1ed1t \u1ea5y m\u00e0.\u201d T\u1ef1a cu\u1ed1n ti\u1ec3u thuy\u1ebft n\u00e0y l\u1ea5y t\u1eeb b\u00e0i th\u01a1 c\u1ee7a William Blake, Auguries of Innocence (t\u1ea1m d\u1ecbch: Nh\u1eefng d\u1ea5u hi\u1ec7u c\u1ee7a s\u1ef1 v\u00f4 t\u1ed9i). <\/p>\n<p>\u0110\u00eam v\u00f4 t\u1eadn \u0111\u00e3 \u0111\u01b0\u1ee3c chuy\u1ec3n th\u1ec3  th\u00e0nh phim n\u0103m 1972, v\u1edbi Hayley Mills v\u00e0 Britt Ekland \u0111\u00f3ng ch\u00ednh.<\/p>\n","protected":false},"excerpt":{"rendered":"<p>\u0110\u1ea5t Digan l\u00e0 m\u1ed9t \u0111i\u1ec3m tr\u00ean cao tuy\u1ec7t \u0111\u1eb9p c\u00f3 t\u1ea7m nh\u00ecn tr\u00f4ng ra bi\u1ec3n \u2013 v\u00e0 n\u00f3 khu\u1ea5y \u0111\u1ed9ng trong l\u00f2ng Michael Rogers tr\u00f2 ch\u01a1i t\u01b0\u1edfng t\u01b0\u1ee3ng ki\u1ec3u tr\u1ebb con. \u1ede \u0111\u00f3, d\u01b0\u1edbi b\u00f3ng c\u00e2y linh sam, anh l\u00ean k\u1ebf ho\u1ea1ch x\u00e2y m\u1ed9t ng\u00f4i nh\u00e0, t\u00ecm m\u1ed9t c\u00f4 g\u00e1i v\u00e0 s\u1ed1ng h\u1ea1nh ph\u00fac m\u00e3i v\u1ec1 sau. Nh\u01b0ng, l\u00fac anh r\u1eddi l\u00e0ng, m\u1ed9t c\u00e1i b\u00f3ng \u0111e d\u1ecda treo l\u01a1 l\u1eedng tr\u00ean v\u00f9ng \u0111\u1ea5t n\u00e0y. V\u00ec \u0111\u00e2y l\u00e0 n\u01a1i tai n\u1ea1n th\u01b0\u1eddng x\u1ea3y ra. \u0110\u00e1ng l\u1ebd Michael n\u00ean l\u01b0u \u00fd \u0111\u1ebfn nh\u1eefng l\u1eddi c\u1ea3nh b\u00e1o c\u1ee7a d\u00e2n \u0111\u1ecba ph\u01b0\u01a1ng: \u2018Kh\u00f4ng c\u00f3 may m\u1eafn cho nh\u1eefng ai d\u00ednh l\u00edu t\u1edbi \u0110\u1ea5t Digan \u0111\u00e2u.\u2019 Michael Rogers l\u00e0 ng\u01b0\u1eddi s\u1eafp s\u1eeda bi\u1ebft \u0111\u01b0\u1ee3c c\u00e2u ng\u1ea1n ng\u1eef \u2018Khi t\u00f4i k\u1ebft th\u00fac c\u0169ng l\u00e0 l\u00fac t\u00f4i b\u1eaft \u0111\u1ea7u\u2019 th\u1ef1c s\u1ef1 ngh\u0129a l\u00e0 g\u00ec.<\/p>\n<p>T\u00e1c ph\u1ea9m \u0110\u00eam v\u00f4 t\u1eadn (Endless Night) c\u1ee7a Agatha Christie \u0111\u01b0\u1ee3c xu\u1ea5t b\u1ea3n l\u1ea7n \u0111\u1ea7u n\u0103m 1957. Kh\u00f4ng nh\u01b0 nhi\u1ec1u cu\u1ed1n ti\u1ec3u thuy\u1ebft kh\u00e1c th\u01b0\u1eddng m\u1ea5t ba \u0111\u1ebfn b\u1ed1n th\u00e1ng m\u1edbi vi\u1ebft xong, Agatha Christie ho\u00e0n t\u1ea5t \u0110\u00eam v\u00f4 t\u1eadn trong s\u00e1u tu\u1ea7n. M\u01b0\u1eddi l\u0103m n\u0103m sau \u1ea5n b\u1ea3n n\u0103m 1972, Agatha Christie mi\u00eau t\u1ea3 \u0110\u00eam v\u00f4 t\u1eadn l\u00e0 \u2018l\u00e0 t\u00e1c ph\u1ea9m b\u00e0 y\u00eau th\u00edch l\u00fac n\u00e0y\u2019 khi tr\u1ea3 l\u1eddi d\u1ecbch gi\u1ea3 chuy\u1ec3n ng\u1eef t\u1ed1p 10 ti\u1ec3u thuy\u1ebft c\u1ee7a Christie sang ti\u1ebfng Nh\u1eadt. <\/p>\n<p>C\u00e2u chuy\u1ec7n \u0111\u01b0\u1ee3c k\u1ec3 theo l\u1eddi nh\u00e2n v\u1eadt Michael Rogers, ch\u00e0ng trai \u0111\u1ed9 tu\u1ed5i 20. M\u1eb7c d\u00f9 khi vi\u1ebft \u0110\u00eam v\u00f4 t\u1eadn, Agatha Christie \u1edf v\u00e0o \u0111\u1ed9 tu\u1ed5i 70, nh\u01b0ng b\u00e0 n\u00f3i trong m\u1ed9t ph\u1ecfng v\u1ea5n r\u1eb1ng nh\u1eadp vai Michael, ng\u01b0\u1eddi k\u1ec3 chuy\u1ec7n tu\u1ed5i 20, \u201ckh\u00f4ng kh\u00f3. Suy cho c\u00f9ng, ta nghe nh\u1eefng ng\u01b0\u1eddi nh\u01b0 anh ch\u00e0ng n\u00e0y n\u00f3i n\u0103ng su\u1ed1t \u1ea5y m\u00e0.\u201d T\u1ef1a cu\u1ed1n ti\u1ec3u thuy\u1ebft n\u00e0y l\u1ea5y t\u1eeb b\u00e0i th\u01a1 c\u1ee7a William Blake, Auguries of Innocence (t\u1ea1m d\u1ecbch: Nh\u1eefng d\u1ea5u hi\u1ec7u c\u1ee7a s\u1ef1 v\u00f4 t\u1ed9i). <\/p>\n<p>\u0110\u00eam v\u00f4 t\u1eadn \u0111\u00e3 \u0111\u01b0\u1ee3c chuy\u1ec3n th\u1ec3  th\u00e0nh phim n\u0103m 1972, v\u1edbi Hayley Mills v\u00e0 Britt Ekland \u0111\u00f3ng ch\u00ednh.<\/p>\n","protected":false},"featured_media":11585,"template":"","meta":{"_acf_changed":false},"product_brand":[],"product_cat":[15,72],"product_tag":[],"class_list":{"0":"post-11596","1":"product","2":"type-product","3":"status-publish","4":"has-post-thumbnail","6":"product_cat-sach-danh-cho-nguoi-lon","7":"product_cat-trinh-tham-kinh-di","9":"first","10":"outofstock","11":"taxable","12":"shipping-taxable","13":"purchasable","14":"product-type-simple"},"supplier_id":null,"supplier_sku":"","barcode":null,"atum_controlled":true,"out_stock_date":"2023-08-18 05:54:05","out_stock_threshold":null,"inheritable":false,"inbound_stock":0,"stock_on_hold":0,"sold_today":0,"sales_last_days":0,"reserved_stock":0,"customer_returns":0,"warehouse_damage":0,"lost_in_post":0,"other_logs":0,"out_stock_days":894,"lost_sales":0,"has_location":false,"update_date":"2026-01-28T23:10:50","atum_locations":[],"atum_stock_status":"outofstock","restock_status":false,"low_stock_amount":"","sales_update_date":"2026-01-28T23:10:50","calc_backorders":null,"acf":{"publisher":{"ID":1517,"post_author":"1","post_date":"2021-02-17 01:14:41","post_date_gmt":"2021-02-16 23:14:41","post_content":"","post_title":"NXB Tr\u1ebb","post_excerpt":"","post_status":"publish","comment_status":"closed","ping_status":"closed","post_password":"","post_name":"nxb-tre","to_ping":"","pinged":"","post_modified":"2021-02-17 01:14:41","post_modified_gmt":"2021-02-16 23:14:41","post_content_filtered":"","post_parent":0,"guid":"https:\/\/sachviet.eu\/nha-phat-hanh\/nxb-tre\/","menu_order":0,"post_type":"publisher","post_mime_type":"","comment_count":"0","filter":"raw"}},"_links":{"self":[{"href":"https:\/\/sachviet.eu\/en\/wp-json\/wp\/v2\/product\/11596","targetHints":{"allow":["GET"]}}],"collection":[{"href":"https:\/\/sachviet.eu\/en\/wp-json\/wp\/v2\/product"}],"about":[{"href":"https:\/\/sachviet.eu\/en\/wp-json\/wp\/v2\/types\/product"}],"wp:featuredmedia":[{"embeddable":true,"href":"https:\/\/sachviet.eu\/en\/wp-json\/wp\/v2\/media\/11585"}],"wp:attachment":[{"href":"https:\/\/sachviet.eu\/en\/wp-json\/wp\/v2\/media?parent=11596"}],"wp:term":[{"taxonomy":"product_brand","embeddable":true,"href":"https:\/\/sachviet.eu\/en\/wp-json\/wp\/v2\/product_brand?post=11596"},{"taxonomy":"product_cat","embeddable":true,"href":"https:\/\/sachviet.eu\/en\/wp-json\/wp\/v2\/product_cat?post=11596"},{"taxonomy":"product_tag","embeddable":true,"href":"https:\/\/sachviet.eu\/en\/wp-json\/wp\/v2\/product_tag?post=11596"}],"curies":[{"name":"wp","href":"https:\/\/api.w.org\/{rel}","templated":true}]}}