{"id":11584,"date":"2021-06-03T02:14:01","date_gmt":"2021-06-02T23:14:01","guid":{"rendered":"https:\/\/sachviet.eu\/shop\/tieng-viet-cua-em-tron-bo-3-quyen\/"},"modified":"2021-11-28T13:50:45","modified_gmt":"2021-11-28T11:50:45","slug":"tieng-viet-cua-em-tron-bo-3-quyen","status":"publish","type":"product","link":"https:\/\/sachviet.eu\/en\/shop\/tieng-viet-cua-em-tron-bo-3-quyen\/","title":{"rendered":"Ti\u1ebfng Vi\u1ec7t c\u1ee7a em &#8211; Tr\u1ecdn b\u1ed9 3 quy\u1ec3n"},"content":{"rendered":"<p>Ch\u00fang m\u00ecnh l\u00e0m vi\u1ec7c tr\u1ef1c ti\u1ebfp v\u1edbi t\u00e1c gi\u1ea3 cu\u1ed1n:&#8221;Ti\u1ebfng Vi\u1ec7t c\u1ee7a em&#8221; &#8211; Anh l\u00e0 Nguy\u1ec5n Th\u1ebf D\u01b0\u01a1ng &#8211; TS ng\u00f4n ng\u1eef h\u1ecdc t\u1ea1i \u0110H Queensland (\u00dac). Anh c\u00f9ng 2 t\u00e1c gi\u1ea3 ch\u00ednh l\u00e0 ch\u1ecb H\u01b0\u01a1ng Qu\u1ef3nh v\u00e0 H\u01b0\u01a1ng Th\u1ee5c Ti\u1ebfn s\u0129 v\u00e0 Th\u1ea1c s\u0129 Ng\u00f4n ng\u1eef h\u1ecdc &#8211; c\u00f4ng t\u00e1c t\u1ea1i Vi\u1ec7n Ng\u00f4n ng\u1eef h\u1ecdc VN. C\u00f4ng ty The Stations &#8211; ti\u1ec7m s\u00e1ch Vi\u1ec7t t\u1ea1i Ch\u00e2u \u00c2u ch\u00ednh th\u1ee9c \u0111\u1ed3ng \u00fd nh\u1eadp b\u1ed9 s\u00e1ch &#8220;Ti\u1ebfng vi\u1ec7t c\u1ee7a em&#8221; v\u00e0 b\u00e1n s\u1eb5n t\u1ea1i khu v\u1ef1c Ch\u00e2u \u00c2u.<br \/>\n\u0110\u00e2y l\u00e0 b\u1ed9 s\u00e1ch duy nh\u1ea5t c\u00f3 m\u1eb7t tr\u00ean th\u1ecb tr\u01b0\u1eddng Vi\u1ec7t Nam do nh\u00e0 xu\u1ea5t b\u1ea3n \u0111\u1ea1i h\u1ecdc qu\u1ed1c gia H\u00e0 N\u1ed9i xu\u1ea5t b\u1ea3n d\u00e0nh ri\u00eang bi\u00ean so\u1ea1n gi\u00e1o tr\u00ecnh h\u1ecdc ti\u1ebfng Vi\u1ec7t cho c\u00e1c b\u00e9 n\u01b0\u1edbc ngo\u00e0i.<br \/>\n\u0110i\u1ec3m m\u1ea1nh c\u1ee7a gi\u00e1o tr\u00ecnh n\u00e0y l\u00e0:<br \/>\n1. Tr\u00ean th\u1ecb tr\u01b0\u1eddng c\u00f3 kh\u00f4ng \u00edt b\u1ed9 s\u00e1ch d\u1ea1y ti\u1ebfng Vi\u1ec7t d\u00e0nh cho ng\u01b0\u1eddi l\u1edbn, tuy nhi\u00ean \u0111\u1ec3 t\u00ecm m\u1ed9t b\u1ed9 s\u00e1ch \u0111\u01b0\u1ee3c ch\u1ecdn l\u1ecdc k\u1ef9 c\u00e0ng, d\u1ec5 ti\u1ebfp thu ph\u00f9 h\u1ee3p cho c\u00e1c b\u00e9 th\u00ec ho\u00e0n to\u00e0n kh\u00f4ng c\u00f3. B\u1ed9 s\u00e1ch n\u00e0y hi\u1ec7n \u0111ang l\u00e0 b\u1ed9 s\u00e1ch duy nh\u1ea5t d\u00e0nh ri\u00eang cho c\u00e1c b\u00e9 h\u1ecdc ti\u1ebfng Vi\u1ec7t nh\u01b0 l\u00e0 m\u1ed9t b\u1ed9 m\u00f4n ngo\u1ea1i ng\u1eef.<br \/>\n2. S\u00e1ch n\u00e0y l\u00e0 s\u00e1ch thu\u1ea7n ch\u1ea5t ti\u1ebfng Vi\u1ec7t, d\u00e0nh cho ti\u1ebfng Vi\u1ec7t v\u00e0 v\u0103n h\u00f3a Vi\u1ec7t. N\u00f3 tr\u00e1nh to\u00e0n b\u1ed9 c\u00e1c y\u1ebfu t\u1ed1 ch\u00ednh tr\u1ecb nh\u1ea1y c\u1ea3m. \u0110i\u1ec1u n\u00e0y r\u1ea5t quan tr\u1ecdng \u0111\u1ed1i v\u1edbi nhi\u1ec1u c\u1ed9ng \u0111\u1ed3ng h\u1ea3i ngo\u1ea1i.<br \/>\n3. B\u1ed9 s\u00e1ch g\u1ed3m 3 t\u1eadp. M\u1ed7i t\u1eadp c\u00f3 9 b\u00e0i h\u1ecdc v\u00e0 3 b\u00e0i \u00f4n t\u1eadp. Ba t\u1eadp t\u01b0\u01a1ng \u1ee9ng v\u1edbi tr\u00ecnh \u0111\u1ed9 A trong khung ngo\u1ea1i ng\u1eef c\u1ee7a ch\u00e2u \u00c2u.<br \/>\n4. Ch\u1ee7 \u0111\u1ec1 b\u00e0i h\u1ecdc trong cu\u1ed1n s\u00e1ch g\u1ea7n g\u0169i v\u1edbi c\u00e1c b\u00e9, ch\u1eb3ng h\u1ea1n nh\u01b0 ch\u1ee7 \u0111\u1ec1 v\u1ec1 gia \u0111\u00ecnh, nh\u00e0 tr\u01b0\u1eddng, \u0111\u1ed3 ch\u01a1i\u2026M\u1ed7i ch\u1ee7 \u0111\u1ec1 g\u1eafn v\u1edbi m\u1ed9t h\u1ec7 th\u1ed1ng t\u1eeb v\u1ef1ng li\u00ean quan v\u00e0 c\u00e1c c\u1ea5u tr\u00fac ng\u1eef ph\u00e1p c\u1ee5 th\u1ec3. Ch\u00fa tr\u1ecdng \u0111\u1ebfn vi\u1ec7c ph\u00e1t tri\u1ec3n c\u1ea3 4 k\u0129 n\u0103ng nghe, n\u00f3i, \u0111\u1ecdc, vi\u1ebft v\u00e0 s\u1ef1 t\u1ef1 tin s\u1eed d\u1ee5ng ti\u1ebfng Vi\u1ec7t c\u1ee7a c\u00e1c b\u00e9.<br \/>\n5. \u1ede \u0111\u1ea7u m\u1ed7i b\u00e0i c\u00f3 m\u1ed9t m\u00e3 QR code. Qu\u00e9t m\u00e3 n\u00e0y \u0111\u1ec3 l\u1ea5y file nghe. \u0110\u00e2y l\u00e0 b\u1ed9 s\u00e1ch d\u1ea1y d\u1eb7n, m\u1ef1c in r\u00f5 r\u00e0ng an to\u00e0n v\u00e0 c\u00f3 m\u00e0u, gi\u1ea5y c\u1ee9ng d\u00e0y d\u1eb7n nh\u00e9. R\u1ea5t l\u00e0 ch\u1ea5t l\u01b0\u1ee3ng \u1ea1.<\/p>\n","protected":false},"excerpt":{"rendered":"<p>\u0110i\u1ec3m m\u1ea1nh c\u1ee7a gi\u00e1o tr\u00ecnh n\u00e0y l\u00e0:<br \/>\n1. Tr\u00ean th\u1ecb tr\u01b0\u1eddng c\u00f3 kh\u00f4ng \u00edt b\u1ed9 s\u00e1ch d\u1ea1y ti\u1ebfng Vi\u1ec7t d\u00e0nh cho ng\u01b0\u1eddi l\u1edbn, tuy nhi\u00ean \u0111\u1ec3 t\u00ecm m\u1ed9t b\u1ed9 s\u00e1ch \u0111\u01b0\u1ee3c ch\u1ecdn l\u1ecdc k\u1ef9 c\u00e0ng, d\u1ec5 ti\u1ebfp thu ph\u00f9 h\u1ee3p cho c\u00e1c b\u00e9 th\u00ec ho\u00e0n to\u00e0n kh\u00f4ng c\u00f3. B\u1ed9 s\u00e1ch n\u00e0y hi\u1ec7n \u0111ang l\u00e0 b\u1ed9 s\u00e1ch duy nh\u1ea5t d\u00e0nh ri\u00eang cho c\u00e1c b\u00e9 h\u1ecdc ti\u1ebfng Vi\u1ec7t nh\u01b0 l\u00e0 m\u1ed9t b\u1ed9 m\u00f4n ngo\u1ea1i ng\u1eef.<br \/>\n2. S\u00e1ch n\u00e0y l\u00e0 s\u00e1ch thu\u1ea7n ch\u1ea5t ti\u1ebfng Vi\u1ec7t, d\u00e0nh cho ti\u1ebfng Vi\u1ec7t v\u00e0 v\u0103n h\u00f3a Vi\u1ec7t. N\u00f3 tr\u00e1nh to\u00e0n b\u1ed9 c\u00e1c y\u1ebfu t\u1ed1 ch\u00ednh tr\u1ecb nh\u1ea1y c\u1ea3m. \u0110i\u1ec1u n\u00e0y r\u1ea5t quan tr\u1ecdng \u0111\u1ed1i v\u1edbi nhi\u1ec1u c\u1ed9ng \u0111\u1ed3ng h\u1ea3i ngo\u1ea1i.<br \/>\n3. B\u1ed9 s\u00e1ch g\u1ed3m 3 t\u1eadp. M\u1ed7i t\u1eadp c\u00f3 9 b\u00e0i h\u1ecdc v\u00e0 3 b\u00e0i \u00f4n t\u1eadp. Ba t\u1eadp t\u01b0\u01a1ng \u1ee9ng v\u1edbi tr\u00ecnh \u0111\u1ed9 A trong khung ngo\u1ea1i ng\u1eef c\u1ee7a ch\u00e2u \u00c2u.<br \/>\n4. Ch\u1ee7 \u0111\u1ec1 b\u00e0i h\u1ecdc trong cu\u1ed1n s\u00e1ch g\u1ea7n g\u0169i v\u1edbi c\u00e1c b\u00e9, ch\u1eb3ng h\u1ea1n nh\u01b0 ch\u1ee7 \u0111\u1ec1 v\u1ec1 gia \u0111\u00ecnh, nh\u00e0 tr\u01b0\u1eddng, \u0111\u1ed3 ch\u01a1i\u2026M\u1ed7i ch\u1ee7 \u0111\u1ec1 g\u1eafn v\u1edbi m\u1ed9t h\u1ec7 th\u1ed1ng t\u1eeb v\u1ef1ng li\u00ean quan v\u00e0 c\u00e1c c\u1ea5u tr\u00fac ng\u1eef ph\u00e1p c\u1ee5 th\u1ec3. Ch\u00fa tr\u1ecdng \u0111\u1ebfn vi\u1ec7c ph\u00e1t tri\u1ec3n c\u1ea3 4 k\u0129 n\u0103ng nghe, n\u00f3i, \u0111\u1ecdc, vi\u1ebft v\u00e0 s\u1ef1 t\u1ef1 tin s\u1eed d\u1ee5ng ti\u1ebfng Vi\u1ec7t c\u1ee7a c\u00e1c b\u00e9.<br \/>\n5. \u1ede \u0111\u1ea7u m\u1ed7i b\u00e0i c\u00f3 m\u1ed9t m\u00e3 QR code. Qu\u00e9t m\u00e3 n\u00e0y \u0111\u1ec3 l\u1ea5y file nghe. \u0110\u00e2y l\u00e0 b\u1ed9 s\u00e1ch d\u1ea1y d\u1eb7n, m\u1ef1c in r\u00f5 r\u00e0ng an to\u00e0n v\u00e0 c\u00f3 m\u00e0u, gi\u1ea5y c\u1ee9ng d\u00e0y d\u1eb7n nh\u00e9. R\u1ea5t l\u00e0 ch\u1ea5t l\u01b0\u1ee3ng \u1ea1.<\/p>\n","protected":false},"featured_media":11579,"template":"","meta":{"_acf_changed":false},"product_brand":[],"product_cat":[20,19],"product_tag":[],"class_list":{"0":"post-11584","1":"product","2":"type-product","3":"status-publish","4":"has-post-thumbnail","6":"product_cat-be-vua-hoc-vua-choi","7":"product_cat-nuoi-day-con","9":"first","10":"outofstock","11":"featured","12":"taxable","13":"shipping-taxable","14":"purchasable","15":"product-type-simple"},"supplier_id":null,"supplier_sku":"","barcode":null,"atum_controlled":true,"out_stock_date":"2021-11-28 11:50:45","out_stock_threshold":null,"inheritable":false,"inbound_stock":0,"stock_on_hold":0,"sold_today":0,"sales_last_days":0,"reserved_stock":0,"customer_returns":0,"warehouse_damage":0,"lost_in_post":0,"other_logs":0,"out_stock_days":1522,"lost_sales":0,"has_location":false,"update_date":"2026-01-28T23:10:50","atum_locations":[],"atum_stock_status":"outofstock","restock_status":false,"low_stock_amount":"","sales_update_date":"2026-01-28T23:10:50","calc_backorders":null,"acf":{"publisher":{"ID":11578,"post_author":"1","post_date":"2021-06-03 02:13:53","post_date_gmt":"2021-06-02 23:13:53","post_content":"","post_title":"NXB \u0110\u1ea1i h\u1ecdc Qu\u1ed1c gia HN","post_excerpt":"","post_status":"publish","comment_status":"closed","ping_status":"closed","post_password":"","post_name":"nxb-dai-hoc-quoc-gia-hn","to_ping":"","pinged":"","post_modified":"2021-06-03 02:13:53","post_modified_gmt":"2021-06-02 23:13:53","post_content_filtered":"","post_parent":0,"guid":"https:\/\/sachviet.eu\/nha-phat-hanh\/nxb-dai-hoc-quoc-gia-hn\/","menu_order":0,"post_type":"publisher","post_mime_type":"","comment_count":"0","filter":"raw"}},"_links":{"self":[{"href":"https:\/\/sachviet.eu\/en\/wp-json\/wp\/v2\/product\/11584","targetHints":{"allow":["GET"]}}],"collection":[{"href":"https:\/\/sachviet.eu\/en\/wp-json\/wp\/v2\/product"}],"about":[{"href":"https:\/\/sachviet.eu\/en\/wp-json\/wp\/v2\/types\/product"}],"wp:featuredmedia":[{"embeddable":true,"href":"https:\/\/sachviet.eu\/en\/wp-json\/wp\/v2\/media\/11579"}],"wp:attachment":[{"href":"https:\/\/sachviet.eu\/en\/wp-json\/wp\/v2\/media?parent=11584"}],"wp:term":[{"taxonomy":"product_brand","embeddable":true,"href":"https:\/\/sachviet.eu\/en\/wp-json\/wp\/v2\/product_brand?post=11584"},{"taxonomy":"product_cat","embeddable":true,"href":"https:\/\/sachviet.eu\/en\/wp-json\/wp\/v2\/product_cat?post=11584"},{"taxonomy":"product_tag","embeddable":true,"href":"https:\/\/sachviet.eu\/en\/wp-json\/wp\/v2\/product_tag?post=11584"}],"curies":[{"name":"wp","href":"https:\/\/api.w.org\/{rel}","templated":true}]}}