{"id":11577,"date":"2021-06-03T02:13:50","date_gmt":"2021-06-02T23:13:50","guid":{"rendered":"https:\/\/sachviet.eu\/shop\/set-8-quyen-sach-ve-gioi-tinh-nhung-bai-hoc-dau-tien-ve-gioi-tinh\/"},"modified":"2024-08-11T22:26:26","modified_gmt":"2024-08-11T19:26:26","slug":"set-8-quyen-sach-ve-gioi-tinh-nhung-bai-hoc-dau-tien-ve-gioi-tinh","status":"publish","type":"product","link":"https:\/\/sachviet.eu\/en\/shop\/set-8-quyen-sach-ve-gioi-tinh-nhung-bai-hoc-dau-tien-ve-gioi-tinh\/","title":{"rendered":"Set 8 quy\u1ec3n s\u00e1ch v\u1ec1 gi\u1edbi t\u00ednh &#8211; Nh\u1eefng b\u00e0i h\u1ecdc \u0111\u1ea7u ti\u00ean v\u1ec1 gi\u1edbi t\u00ednh"},"content":{"rendered":"<p>Khi b\u1ea1n ph\u00e1t hi\u1ec7n ra\u2026<\/p>\n<p>&#8211; 0,5 tu\u1ed5i: B\u00e9 b\u1eaft \u0111\u1ea7u k\u1eb9p ch\u00e2n, ch\u1ea1m v\u00e0o \u201cv\u00f9ng nh\u1ea1y c\u1ea3m\u201d.<\/p>\n<p>&#8211; 2 tu\u1ed5i: B\u00e9 b\u1eaft \u0111\u1ea7u ch\u00fa \u00fd \u0111\u1ebfn s\u1ef1 kh\u00e1c bi\u1ec7t gi\u1edbi t\u00ednh trong c\u00e1ch \u0111i ti\u1ec3u.<\/p>\n<p>&#8211; 3 tu\u1ed5i: B\u00e9 b\u1eaft \u0111\u1ea7u th\u1eafc m\u1eafc m\u00ecnh sinh ra t\u1eeb \u0111\u00e2u.<\/p>\n<p>&#8211; 4 tu\u1ed5i: B\u00e9 nh\u1eadn th\u1ee9c \u0111\u01b0\u1ee3c v\u1ec1 chuy\u1ec7n k\u1ebft h\u00f4n.<\/p>\n<p>&#8211; 5 tu\u1ed5i: B\u00e9 \u0111\u1ed1i di\u1ec7n v\u1edbi nguy c\u01a1 x\u00e2m h\u1ea1i t\u00ecnh d\u1ee5c\u2026<\/p>\n<p>\u2026 \u0110\u00f3 c\u0169ng l\u00e0 l\u00fac b\u1ea1n b\u0103n kho\u0103n kh\u00f4ng bi\u1ebft n\u00ean gi\u1ea3i \u0111\u00e1p nh\u1eefng c\u00e2u h\u1ecfi t\u1ebf nh\u1ecb v\u1ec1 gi\u1edbi t\u00ednh cho tr\u1ebb nh\u01b0 th\u1ebf n\u00e0o? N\u1ebfu n\u00e9 tr\u00e1nh v\u00e0 tr\u1ea3 l\u1eddi sai th\u00ec s\u1ebd th\u1eadt nguy h\u1ea1i, \u1ea3nh h\u01b0\u1edfng \u0111\u1ebfn s\u1ef1 ph\u00e1t tri\u1ec3n l\u00e0nh m\u1ea1nh v\u00e0 an to\u00e0n c\u1ee7a tr\u1ebb.<\/p>\n<p>Trong s\u1ed1 kh\u00f4ng nhi\u1ec1u b\u1ed9 s\u00e1ch gi\u1edbi t\u00ednh \u0111\u00e3 xu\u1ea5t b\u1ea3n \u1edf Vi\u1ec7t Nam, c\u00f3 th\u1ec3 n\u00f3i Nh\u1eefng b\u00e0i h\u1ecdc \u0111\u1ea7u ti\u00ean v\u1ec1 gi\u1edbi t\u00ednh l\u00e0 b\u1ed9 s\u00e1ch tranh gi\u00e1o d\u1ee5c gi\u1edbi t\u00ednh s\u1edbm c\u1ef1c k\u1ef3 to\u00e0n di\u1ec7n v\u00e0 hi\u1ebfm hoi d\u00e0nh cho tr\u1ebb \u1edf \u201c\u0111\u1ed9 tu\u1ed5i v\u00e0ng\u201d t\u1eeb 2 \u2013 8. C\u00e1c ch\u1ee7 \u0111\u1ec1 c\u1ee7a b\u1ed9 s\u00e1ch \u0111\u1ec1u \u0111\u01b0\u1ee3c s\u1eafp x\u1ebfp h\u1ee3p l\u00fd, khoa h\u1ecdc theo \u0111\u1ed9 tu\u1ed5i tr\u01b0\u1edfng th\u00e0nh c\u1ee7a tr\u1ebb. R\u1ea5t nhi\u1ec1u v\u1ea5n \u0111\u1ec1 kh\u00f3 n\u00f3i v\u1ec1 gi\u00e1o d\u1ee5c gi\u1edbi t\u00ednh \u0111\u1ec1u \u0111\u01b0\u1ee3c di\u1ec5n \u0111\u1ea1t g\u1ea7n g\u0169i, d\u1ec5 hi\u1ec3u th\u00f4ng qua nh\u1eefng c\u00e2u chuy\u1ec7n \u0111\u1eddi th\u01b0\u1eddng sinh \u0111\u1ed9ng xoay quanh nh\u00f3m b\u1ea1n h\u1ebft s\u1ee9c d\u1ec5 th\u01b0\u01a1ng \u2013 Th\u1ecf Nghi\u00eang Nghi\u00eang, C\u1eebu Ngoan Ngo\u00e3n v\u00e0 R\u1ed3ng Uy Uy.<\/p>\n<p>TR\u1eccN B\u1ed8 08 CU\u1ed0N:<\/p>\n<p>1. Cu\u1ed1n Kh\u00e1c bi\u1ec7t gi\u1edbi t\u00ednh \u2013 T\u1edb c\u0169ng mu\u1ed1n \u0111\u1ee9ng t\u00e8! (1): Gi\u00fap tr\u1ebb hi\u1ec3u \u0111\u01b0\u1ee3c s\u1ef1 kh\u00e1c bi\u1ec7t c\u01a1 b\u1ea3n v\u1ec1 gi\u1edbi t\u00ednh gi\u1eefa b\u1ea1n trai v\u00e0 b\u1ea1n g\u00e1i, t\u1eeb \u0111\u00f3 bi\u1ebft c\u00e1ch c\u01b0 x\u1eed, h\u00e0nh \u0111\u1ed9ng ph\u00f9 h\u1ee3p v\u1edbi gi\u1edbi t\u00ednh c\u1ee7a m\u00ecnh.<\/p>\n<p>2. Cu\u1ed1n \u0110\u1eb7c \u0111i\u1ec3m gi\u1edbi t\u00ednh \u2013 N\u1ebfu con l\u00e0 con trai\u2026 (2): Gi\u00fap tr\u1ebb c\u00f3 \u0111\u01b0\u1ee3c nh\u1eefng nh\u1eadn th\u1ee9c \u0111\u1ea7u ti\u00ean \u0111\u00fang \u0111\u1eafn v\u1ec1 \u0111\u1eb7c \u0111i\u1ec3m ri\u00eang c\u1ee7a t\u1eebng gi\u1edbi t\u00ednh, t\u1eeb \u0111\u00f3 bi\u1ebft c\u00e1ch c\u01b0 x\u1eed, t\u01b0 duy v\u00e0 ph\u00e1t tri\u1ec3n c\u00e1 t\u00ednh ph\u00f9 h\u1ee3p v\u1edbi gi\u1edbi t\u00ednh t\u1ef1 nhi\u00ean c\u1ee7a b\u1ea3n th\u00e2n tr\u1ebb.<\/p>\n<p>3. Cu\u1ed1n Mang thai v\u00e0 sinh con \u2013 Con \u0111\u01b0\u1ee3c sinh ra t\u1eeb \u0111\u00e2u? (3): Gi\u00fap tr\u1ebb hi\u1ec3u \u0111\u01b0\u1ee3c s\u1ef1 thi\u00eang li\u00eang c\u1ee7a ngu\u1ed3n g\u1ed1c sinh th\u00e0nh ra m\u00ecnh, t\u1eeb \u0111\u00f3 tr\u1edf n\u00ean t\u1ef1 tin v\u00e0 bi\u1ebft \u01a1n cha m\u1eb9 h\u01a1n.<\/p>\n<p>4. Cu\u1ed1n T\u1eeb b\u1ecf th\u00f3i quen kh\u00f4ng ph\u00f9 h\u1ee3p \u2013 T\u1edb kh\u00f4ng ti m\u1eb9 n\u1eefa \u0111\u00e2u! (4): Gi\u00fap tr\u1ebb nh\u1eadn bi\u1ebft \u0111\u01b0\u1ee3c m\u1ed9t s\u1ed1 th\u00f3i quen g\u1ea7n g\u0169i cha m\u1eb9 kh\u00f4ng c\u00f2n ph\u00f9 h\u1ee3p \u1edf \u0111\u1ed9 tu\u1ed5i c\u1ee7a m\u00ecnh, quy\u1ebft t\u00e2m t\u1eeb b\u1ecf ch\u00fang, t\u1eeb \u0111\u00f3 s\u1edbm h\u00ecnh th\u00e0nh t\u01b0 duy \u0111\u1ed9c l\u1eadp, t\u1ef1 ch\u1ee7 v\u00e0 ng\u00e0y m\u1ed9t tr\u01b0\u1edfng th\u00e0nh h\u01a1n.<\/p>\n<p>5. Cu\u1ed1n B\u1ea3o v\u1ec7 s\u1ef1 ri\u00eang t\u01b0 \u2013 Con t\u1eafm c\u00f9ng b\u1ed1 \u0111\u01b0\u1ee3c kh\u00f4ng? (5): Gi\u00fap tr\u1ebb h\u00ecnh th\u00e0nh \u00fd th\u1ee9c r\u00f5 r\u00e0ng h\u01a1n v\u1ec1 vi\u1ec7c b\u1ea3o v\u1ec7 c\u01a1 th\u1ec3, t\u00f4n tr\u1ecdng s\u1ef1 ri\u00eang t\u01b0 v\u00e0 th\u00e2n th\u1ec3 c\u1ee7a m\u00ecnh c\u0169ng nh\u01b0 c\u1ee7a ng\u01b0\u1eddi kh\u00e1c, bi\u1ebft gi\u1eef g\u00ecn th\u1ec3 di\u1ec7n v\u00e0 c\u01b0 x\u1eed l\u1ecbch thi\u1ec7p.<\/p>\n<p>6. Cu\u1ed1n T\u00ecnh c\u1ea3m v\u1edbi b\u1ea1n kh\u00e1c gi\u1edbi \u2013 Con th\u00edch ch\u01a1i v\u1edbi b\u1ea1n \u1ea5y l\u1eafm (6): Gi\u00fap tr\u1ebb hi\u1ec3u r\u00f5 h\u01a1n v\u1ec1 t\u00ecnh c\u1ea3m c\u1ee7a m\u00ecnh v\u1edbi b\u1ea1n kh\u00e1c gi\u1edbi, bi\u1ebft th\u00eam m\u1ed9t ch\u00fat v\u1ec1 chuy\u1ec7n k\u1ebft h\u00f4n, t\u1eeb \u0111\u00f3 bi\u1ebft c\u00e1ch t\u1ea1o d\u1ef1ng c\u00e1c m\u1ed1i quan h\u1ec7 l\u00e0nh m\u1ea1nh, t\u1ed1t \u0111\u1eb9p.<\/p>\n<p>7. Cu\u1ed1n Ph\u00f2ng ch\u1ed1ng x\u00e2m h\u1ea1i t\u00ecnh d\u1ee5c \u2013 \u0110\u1eebng ch\u1ea1m v\u00e0o ch\u00e1u!\u201d (7): Gi\u00fap tr\u1ebb nh\u1eadn di\u1ec7n, ph\u00f2ng tr\u00e1nh v\u00e0 t\u1ef1 b\u1ea3o v\u1ec7 b\u1ea3n th\u00e2n tr\u01b0\u1edbc m\u1ecdi t\u00ecnh hu\u1ed1ng x\u00e2m h\u1ea1i nguy hi\u1ec3m c\u00f3 th\u1ec3 x\u1ea3y \u0111\u1ebfn v\u1edbi m\u00ecnh b\u1ea5t c\u1ee9 l\u00fac n\u00e0o.<\/p>\n<p>8. Cu\u1ed1n Ph\u00f2ng ch\u1ed1ng x\u00e2m h\u1ea1i t\u00ecnh d\u1ee5c ti\u1ec1m \u1ea9n \u2013 Con mu\u1ed1n ng\u1ee7 m\u1ed9t m\u00ecnh! (8): Gi\u00fap tr\u1ebb bi\u1ebft c\u00e1ch t\u00f4n tr\u1ecdng kh\u00f4ng gian ri\u00eang t\u01b0 c\u1ee7a m\u00ecnh v\u00e0 ng\u01b0\u1eddi kh\u00e1c, bi\u1ebft c\u00e1ch ch\u01a1i m\u1ed9t m\u00ecnh, ng\u1ee7 m\u1ed9t m\u00ecnh,\u2026 \u0111\u1ec3 tr\u00e1nh xa c\u00e1c nguy c\u01a1 x\u00e2m h\u1ea1i t\u00ecnh d\u1ee5c ti\u1ec1m \u1ea9n.<\/p>\n","protected":false},"excerpt":{"rendered":"<p>Khi b\u1ea1n ph\u00e1t hi\u1ec7n ra\u2026<\/p>\n<p>&#8211; 0,5 tu\u1ed5i: B\u00e9 b\u1eaft \u0111\u1ea7u k\u1eb9p ch\u00e2n, ch\u1ea1m v\u00e0o \u201cv\u00f9ng nh\u1ea1y c\u1ea3m\u201d.<\/p>\n<p>&#8211; 2 tu\u1ed5i: B\u00e9 b\u1eaft \u0111\u1ea7u ch\u00fa \u00fd \u0111\u1ebfn s\u1ef1 kh\u00e1c bi\u1ec7t gi\u1edbi t\u00ednh trong c\u00e1ch \u0111i ti\u1ec3u.<\/p>\n<p>&#8211; 3 tu\u1ed5i: B\u00e9 b\u1eaft \u0111\u1ea7u th\u1eafc m\u1eafc m\u00ecnh sinh ra t\u1eeb \u0111\u00e2u.<\/p>\n<p>&#8211; 4 tu\u1ed5i: B\u00e9 nh\u1eadn th\u1ee9c \u0111\u01b0\u1ee3c v\u1ec1 chuy\u1ec7n k\u1ebft h\u00f4n.<\/p>\n<p>&#8211; 5 tu\u1ed5i: B\u00e9 \u0111\u1ed1i di\u1ec7n v\u1edbi nguy c\u01a1 x\u00e2m h\u1ea1i t\u00ecnh d\u1ee5c\u2026<\/p>\n<p>\u2026 \u0110\u00f3 c\u0169ng l\u00e0 l\u00fac b\u1ea1n b\u0103n kho\u0103n kh\u00f4ng bi\u1ebft n\u00ean gi\u1ea3i \u0111\u00e1p nh\u1eefng c\u00e2u h\u1ecfi t\u1ebf nh\u1ecb v\u1ec1 gi\u1edbi t\u00ednh cho tr\u1ebb nh\u01b0 th\u1ebf n\u00e0o? N\u1ebfu n\u00e9 tr\u00e1nh v\u00e0 tr\u1ea3 l\u1eddi sai th\u00ec s\u1ebd th\u1eadt nguy h\u1ea1i, \u1ea3nh h\u01b0\u1edfng \u0111\u1ebfn s\u1ef1 ph\u00e1t tri\u1ec3n l\u00e0nh m\u1ea1nh v\u00e0 an to\u00e0n c\u1ee7a tr\u1ebb.<\/p>\n<p>Trong s\u1ed1 kh\u00f4ng nhi\u1ec1u b\u1ed9 s\u00e1ch gi\u1edbi t\u00ednh \u0111\u00e3 xu\u1ea5t b\u1ea3n \u1edf Vi\u1ec7t Nam, c\u00f3 th\u1ec3 n\u00f3i Nh\u1eefng b\u00e0i h\u1ecdc \u0111\u1ea7u ti\u00ean v\u1ec1 gi\u1edbi t\u00ednh l\u00e0 b\u1ed9 s\u00e1ch tranh gi\u00e1o d\u1ee5c gi\u1edbi t\u00ednh s\u1edbm c\u1ef1c k\u1ef3 to\u00e0n di\u1ec7n v\u00e0 hi\u1ebfm hoi d\u00e0nh cho tr\u1ebb \u1edf \u201c\u0111\u1ed9 tu\u1ed5i v\u00e0ng\u201d t\u1eeb 2 \u2013 8. C\u00e1c ch\u1ee7 \u0111\u1ec1 c\u1ee7a b\u1ed9 s\u00e1ch \u0111\u1ec1u \u0111\u01b0\u1ee3c s\u1eafp x\u1ebfp h\u1ee3p l\u00fd, khoa h\u1ecdc theo \u0111\u1ed9 tu\u1ed5i tr\u01b0\u1edfng th\u00e0nh c\u1ee7a tr\u1ebb. R\u1ea5t nhi\u1ec1u v\u1ea5n \u0111\u1ec1 kh\u00f3 n\u00f3i v\u1ec1 gi\u00e1o d\u1ee5c gi\u1edbi t\u00ednh \u0111\u1ec1u \u0111\u01b0\u1ee3c di\u1ec5n \u0111\u1ea1t g\u1ea7n g\u0169i, d\u1ec5 hi\u1ec3u th\u00f4ng qua nh\u1eefng c\u00e2u chuy\u1ec7n \u0111\u1eddi th\u01b0\u1eddng sinh \u0111\u1ed9ng xoay quanh nh\u00f3m b\u1ea1n h\u1ebft s\u1ee9c d\u1ec5 th\u01b0\u01a1ng \u2013 Th\u1ecf Nghi\u00eang Nghi\u00eang, C\u1eebu Ngoan Ngo\u00e3n v\u00e0 R\u1ed3ng Uy Uy.<\/p>\n","protected":false},"featured_media":11575,"template":"","meta":{"_acf_changed":false},"product_brand":[],"product_cat":[19],"product_tag":[],"class_list":{"0":"post-11577","1":"product","2":"type-product","3":"status-publish","4":"has-post-thumbnail","6":"product_cat-nuoi-day-con","8":"first","9":"instock","10":"taxable","11":"shipping-taxable","12":"purchasable","13":"product-type-simple"},"supplier_id":null,"supplier_sku":"","barcode":null,"atum_controlled":true,"out_stock_date":null,"out_stock_threshold":null,"inheritable":false,"inbound_stock":0,"stock_on_hold":0,"sold_today":0,"sales_last_days":0,"reserved_stock":0,"customer_returns":0,"warehouse_damage":0,"lost_in_post":0,"other_logs":0,"out_stock_days":0,"lost_sales":0,"has_location":false,"update_date":"2026-01-28T23:11:19","atum_locations":[],"atum_stock_status":"instock","restock_status":false,"low_stock_amount":"","sales_update_date":"2026-01-28T23:11:19","calc_backorders":null,"acf":{"publisher":{"ID":11574,"post_author":"1","post_date":"2021-06-03 02:13:43","post_date_gmt":"2021-06-02 23:13:43","post_content":"","post_title":"M\u0129 Thu\u1eadt v\u00e0 Truy\u1ec1n Th\u00f4ng","post_excerpt":"","post_status":"publish","comment_status":"closed","ping_status":"closed","post_password":"","post_name":"mi-thuat-va-truyen-thong","to_ping":"","pinged":"","post_modified":"2021-06-03 02:13:43","post_modified_gmt":"2021-06-02 23:13:43","post_content_filtered":"","post_parent":0,"guid":"https:\/\/sachviet.eu\/nha-phat-hanh\/mi-thuat-va-truyen-thong\/","menu_order":0,"post_type":"publisher","post_mime_type":"","comment_count":"0","filter":"raw"}},"_links":{"self":[{"href":"https:\/\/sachviet.eu\/en\/wp-json\/wp\/v2\/product\/11577","targetHints":{"allow":["GET"]}}],"collection":[{"href":"https:\/\/sachviet.eu\/en\/wp-json\/wp\/v2\/product"}],"about":[{"href":"https:\/\/sachviet.eu\/en\/wp-json\/wp\/v2\/types\/product"}],"wp:featuredmedia":[{"embeddable":true,"href":"https:\/\/sachviet.eu\/en\/wp-json\/wp\/v2\/media\/11575"}],"wp:attachment":[{"href":"https:\/\/sachviet.eu\/en\/wp-json\/wp\/v2\/media?parent=11577"}],"wp:term":[{"taxonomy":"product_brand","embeddable":true,"href":"https:\/\/sachviet.eu\/en\/wp-json\/wp\/v2\/product_brand?post=11577"},{"taxonomy":"product_cat","embeddable":true,"href":"https:\/\/sachviet.eu\/en\/wp-json\/wp\/v2\/product_cat?post=11577"},{"taxonomy":"product_tag","embeddable":true,"href":"https:\/\/sachviet.eu\/en\/wp-json\/wp\/v2\/product_tag?post=11577"}],"curies":[{"name":"wp","href":"https:\/\/api.w.org\/{rel}","templated":true}]}}