{"id":11573,"date":"2021-06-03T02:13:39","date_gmt":"2021-06-02T23:13:39","guid":{"rendered":"https:\/\/sachviet.eu\/shop\/dau-tu-bat-dong-san-cua-donald-trump-tron-bo-3-quyen\/"},"modified":"2021-06-05T22:46:18","modified_gmt":"2021-06-05T19:46:18","slug":"dau-tu-bat-dong-san-cua-donald-trump-tron-bo-3-quyen","status":"publish","type":"product","link":"https:\/\/sachviet.eu\/en\/shop\/dau-tu-bat-dong-san-cua-donald-trump-tron-bo-3-quyen\/","title":{"rendered":"\u0110\u1ea7u\u00a0t\u01b0\u00a0b\u1ea5t\u00a0\u0111\u1ed9ng\u00a0s\u1ea3n c\u1ee7a Donald Trump &#8211; Tr\u1ecdn b\u1ed9 3 quy\u1ec3n"},"content":{"rendered":"<p>V\u1edbi kinh nghi\u1ec7m v\u00e0 b\u00e0i h\u1ecdc th\u1ef1c t\u1ebf t\u1eeb c\u00e1c nh\u00e0 \u0111\u1ea7u t\u01b0 b\u1ea5t \u0111\u1ed9ng s\u1ea3n h\u00e0ng \u0111\u1ea7u th\u1ebf gi\u1edbi, n\u1ed9i dung cu\u1ed1n s\u00e1ch ch\u1ec9 cho b\u1ea1n con \u0111\u01b0\u1eddng g\u1ea7n nh\u1ea5t, d\u1ec5 d\u00e0ng nh\u1ea5t \u0111\u1ec3 th\u00e0nh c\u00f4ng trong kinh doanh b\u1ea5t \u0111\u1ed9ng s\u1ea3n c\u1ee1 nh\u1ecf. B\u1ea1n s\u1ebd kh\u00e1m ph\u00e1 ra c\u00e1ch th\u1ee9c ho\u00e0n h\u1ea3o nh\u1ea5t \u0111\u1ec3 kinh doanh b\u1ea5t \u0111\u1ed9ng s\u1ea3n m\u00e0 kh\u00f4ng c\u1ea7n ngu\u1ed3n t\u00e0i ch\u00ednh l\u1edbn, c\u00e1ch \u0111\u1ecdc hi\u1ec3u th\u1ecb tr\u01b0\u1eddng v\u00e0 mua b\u1ea5t \u0111\u1ed9ng s\u1ea3n v\u00e0o th\u1eddi \u0111i\u1ec3m h\u1ee3p l\u00fd nh\u1ea5t\u2026<\/p>\n<p>B\u1eb1ng vi\u1ec7c cung c\u1ea5p t\u1ea5t c\u1ea3 th\u00f4ng tin v\u00e0 chi\u1ebfn l\u01b0\u1ee3c c\u1ea7n thi\u1ebft trong \u0111\u1ea7u t\u01b0 b\u1ea5t \u0111\u1ed9ng s\u1ea3n, \u0111\u00e2y l\u00e0 cu\u1ed1n c\u1ea9m nang thi\u1ebft th\u1ef1c v\u00e0 to\u00e0n di\u1ec7n nh\u1ea5t trong s\u1ef1 nghi\u1ec7p kinh doanh b\u1ea5t \u0111\u1ed9ng s\u1ea3n c\u1ee7a b\u1ea1n. M\u1ed9t cu\u1ed1n s\u00e1ch h\u1eefu \u00edch gi\u00fap b\u1ea1n c\u00f3 th\u1ec3 thu l\u1ee3i nhu\u1eadn t\u1ed1i \u0111a trong kinh doanh b\u1ea5t \u0111\u1ed9ng s\u1ea3n\u2026<\/p>\n<p>V\u1edbi cu\u1ed1n s\u00e1ch, b\u1ea1n s\u1ebd kh\u00e1m ph\u00e1 ra c\u00e1c v\u1ea5n \u0111\u1ec1:<\/p>\n<p>&#8211;      B\u1eaft \u0111\u1ea7u tr\u1edf th\u00e0nh m\u1ed9t nh\u00e0 \u0111\u1ea7u t\u01b0 nh\u1ecf<\/p>\n<p>&#8211;      Hi\u1ec3u v\u00e0 \u0111\u1ecdc \u0111\u01b0\u1ee3c v\u00f2ng quay th\u0103ng tr\u1ea7m c\u1ee7a th\u1ecb tr\u01b0\u1eddng b\u1ea5t \u0111\u1ed9ng s\u1ea3n<\/p>\n<p>&#8211;      T\u00ecm ki\u1ebfm kh\u00e1ch h\u00e0nh v\u00e0 giao d\u1ecbch th\u00e0nh c\u00f4ng<\/p>\n<p>&#8211;      S\u1eed d\u1ee5ng nh\u1eefng k\u1ef9 thu\u1eadt \u0111\u1ec3 \u0111\u1ecbnh gi\u00e1 b\u1ea5t \u0111\u1ed9ng s\u1ea3n<\/p>\n<p>&#8211;      \u0110\u00e1nh gi\u00e1 b\u1ea5t \u0111\u1ed9ng s\u1ea3n v\u00e0 ph\u00e1t hi\u1ec7n c\u00e1c nguy c\u01a1 r\u1ee7i ro<\/p>\n<p>&#8211;      T\u00ecm ki\u1ebfm v\u00e0 thu h\u00fat ngu\u1ed3n v\u1ed1n \u0111\u1ea7u t\u01b0<\/p>\n<p>&#8211;      Ph\u00e1t hi\u1ec7n nh\u00e2n s\u1ef1 \u0111\u1ec3 duy tr\u00ec kinh doanh khi quy m\u00f4 ph\u00e1t tri\u1ec3n<\/p>\n","protected":false},"excerpt":{"rendered":"<p>V\u1edbi kinh nghi\u1ec7m v\u00e0 b\u00e0i h\u1ecdc th\u1ef1c t\u1ebf t\u1eeb c\u00e1c nh\u00e0 \u0111\u1ea7u t\u01b0 b\u1ea5t \u0111\u1ed9ng s\u1ea3n h\u00e0ng \u0111\u1ea7u th\u1ebf gi\u1edbi, n\u1ed9i dung cu\u1ed1n s\u00e1ch ch\u1ec9 cho b\u1ea1n con \u0111\u01b0\u1eddng g\u1ea7n nh\u1ea5t, d\u1ec5 d\u00e0ng nh\u1ea5t \u0111\u1ec3 th\u00e0nh c\u00f4ng trong kinh doanh b\u1ea5t \u0111\u1ed9ng s\u1ea3n c\u1ee1 nh\u1ecf. B\u1ea1n s\u1ebd kh\u00e1m ph\u00e1 ra c\u00e1ch th\u1ee9c ho\u00e0n h\u1ea3o nh\u1ea5t \u0111\u1ec3 kinh doanh b\u1ea5t \u0111\u1ed9ng s\u1ea3n m\u00e0 kh\u00f4ng c\u1ea7n ngu\u1ed3n t\u00e0i ch\u00ednh l\u1edbn, c\u00e1ch \u0111\u1ecdc hi\u1ec3u th\u1ecb tr\u01b0\u1eddng v\u00e0 mua b\u1ea5t \u0111\u1ed9ng s\u1ea3n v\u00e0o th\u1eddi \u0111i\u1ec3m h\u1ee3p l\u00fd nh\u1ea5t\u2026<\/p>\n<p>B\u1eb1ng vi\u1ec7c cung c\u1ea5p t\u1ea5t c\u1ea3 th\u00f4ng tin v\u00e0 chi\u1ebfn l\u01b0\u1ee3c c\u1ea7n thi\u1ebft trong \u0111\u1ea7u t\u01b0 b\u1ea5t \u0111\u1ed9ng s\u1ea3n, \u0111\u00e2y l\u00e0 cu\u1ed1n c\u1ea9m nang thi\u1ebft th\u1ef1c v\u00e0 to\u00e0n di\u1ec7n nh\u1ea5t trong s\u1ef1 nghi\u1ec7p kinh doanh b\u1ea5t \u0111\u1ed9ng s\u1ea3n c\u1ee7a b\u1ea1n. M\u1ed9t cu\u1ed1n s\u00e1ch h\u1eefu \u00edch gi\u00fap b\u1ea1n c\u00f3 th\u1ec3 thu l\u1ee3i nhu\u1eadn t\u1ed1i \u0111a trong kinh doanh b\u1ea5t \u0111\u1ed9ng s\u1ea3n\u2026<\/p>\n<p>V\u1edbi cu\u1ed1n s\u00e1ch, b\u1ea1n s\u1ebd kh\u00e1m ph\u00e1 ra c\u00e1c v\u1ea5n \u0111\u1ec1:<\/p>\n<p>&#8211;      B\u1eaft \u0111\u1ea7u tr\u1edf th\u00e0nh m\u1ed9t nh\u00e0 \u0111\u1ea7u t\u01b0 nh\u1ecf<\/p>\n<p>&#8211;      Hi\u1ec3u v\u00e0 \u0111\u1ecdc \u0111\u01b0\u1ee3c v\u00f2ng quay th\u0103ng tr\u1ea7m c\u1ee7a th\u1ecb tr\u01b0\u1eddng b\u1ea5t \u0111\u1ed9ng s\u1ea3n<\/p>\n<p>&#8211;      T\u00ecm ki\u1ebfm kh\u00e1ch h\u00e0nh v\u00e0 giao d\u1ecbch th\u00e0nh c\u00f4ng<\/p>\n<p>&#8211;      S\u1eed d\u1ee5ng nh\u1eefng k\u1ef9 thu\u1eadt \u0111\u1ec3 \u0111\u1ecbnh gi\u00e1 b\u1ea5t \u0111\u1ed9ng s\u1ea3n<\/p>\n<p>&#8211;      \u0110\u00e1nh gi\u00e1 b\u1ea5t \u0111\u1ed9ng s\u1ea3n v\u00e0 ph\u00e1t hi\u1ec7n c\u00e1c nguy c\u01a1 r\u1ee7i ro<\/p>\n<p>&#8211;      T\u00ecm ki\u1ebfm v\u00e0 thu h\u00fat ngu\u1ed3n v\u1ed1n \u0111\u1ea7u t\u01b0<\/p>\n<p>&#8211;      Ph\u00e1t hi\u1ec7n nh\u00e2n s\u1ef1 \u0111\u1ec3 duy tr\u00ec kinh doanh khi quy m\u00f4 ph\u00e1t tri\u1ec3n<\/p>\n","protected":false},"featured_media":11570,"template":"","meta":{"_acf_changed":false},"product_brand":[],"product_cat":[18],"product_tag":[],"class_list":{"0":"post-11573","1":"product","2":"type-product","3":"status-publish","4":"has-post-thumbnail","6":"product_cat-kinh-te","8":"first","9":"outofstock","10":"taxable","11":"shipping-taxable","12":"purchasable","13":"product-type-simple"},"supplier_id":null,"supplier_sku":"","barcode":null,"atum_controlled":true,"out_stock_date":"2021-06-05 19:46:18","out_stock_threshold":null,"inheritable":false,"inbound_stock":1,"stock_on_hold":0,"sold_today":0,"sales_last_days":0,"reserved_stock":0,"customer_returns":0,"warehouse_damage":0,"lost_in_post":0,"other_logs":0,"out_stock_days":1698,"lost_sales":0,"has_location":false,"update_date":"2026-01-28T23:10:50","atum_locations":[],"atum_stock_status":"outofstock","restock_status":false,"low_stock_amount":"","sales_update_date":"2026-01-28T23:10:50","calc_backorders":null,"acf":{"publisher":{"ID":2817,"post_author":"1","post_date":"2021-02-27 00:00:35","post_date_gmt":"2021-02-26 22:00:35","post_content":"","post_title":"Alpha Books","post_excerpt":"","post_status":"publish","comment_status":"closed","ping_status":"closed","post_password":"","post_name":"alpha-books","to_ping":"","pinged":"","post_modified":"2021-02-27 00:00:35","post_modified_gmt":"2021-02-26 22:00:35","post_content_filtered":"","post_parent":0,"guid":"https:\/\/sachviet.eu\/nha-phat-hanh\/alpha-books\/","menu_order":0,"post_type":"publisher","post_mime_type":"","comment_count":"0","filter":"raw"}},"_links":{"self":[{"href":"https:\/\/sachviet.eu\/en\/wp-json\/wp\/v2\/product\/11573","targetHints":{"allow":["GET"]}}],"collection":[{"href":"https:\/\/sachviet.eu\/en\/wp-json\/wp\/v2\/product"}],"about":[{"href":"https:\/\/sachviet.eu\/en\/wp-json\/wp\/v2\/types\/product"}],"wp:featuredmedia":[{"embeddable":true,"href":"https:\/\/sachviet.eu\/en\/wp-json\/wp\/v2\/media\/11570"}],"wp:attachment":[{"href":"https:\/\/sachviet.eu\/en\/wp-json\/wp\/v2\/media?parent=11573"}],"wp:term":[{"taxonomy":"product_brand","embeddable":true,"href":"https:\/\/sachviet.eu\/en\/wp-json\/wp\/v2\/product_brand?post=11573"},{"taxonomy":"product_cat","embeddable":true,"href":"https:\/\/sachviet.eu\/en\/wp-json\/wp\/v2\/product_cat?post=11573"},{"taxonomy":"product_tag","embeddable":true,"href":"https:\/\/sachviet.eu\/en\/wp-json\/wp\/v2\/product_tag?post=11573"}],"curies":[{"name":"wp","href":"https:\/\/api.w.org\/{rel}","templated":true}]}}