{"id":11569,"date":"2021-06-03T02:13:27","date_gmt":"2021-06-02T23:13:27","guid":{"rendered":"https:\/\/sachviet.eu\/shop\/co-the-tu-chua-lanh-tron-bo-5-quyen\/"},"modified":"2022-12-08T12:55:28","modified_gmt":"2022-12-08T10:55:28","slug":"co-the-tu-chua-lanh-tron-bo-5-quyen","status":"publish","type":"product","link":"https:\/\/sachviet.eu\/en\/shop\/co-the-tu-chua-lanh-tron-bo-5-quyen\/","title":{"rendered":"C\u01a1 Th\u1ec3 T\u1ef1 Ch\u1eefa L\u00e0nh &#8211; Tr\u1ecdn b\u1ed9 5 quy\u1ec3n"},"content":{"rendered":"<p>1\/ C\u01a1 Th\u1ec3 T\u1ef1 Ch\u1eefa L\u00e0nh :<\/p>\n<p>C\u01a1 th\u1ec3 t\u1ef1 ch\u1eefa l\u00e0nh ti\u1ebft l\u1ed9 nguy\u00ean nh\u00e2n g\u1ed1c r\u1ec5 c\u1ee7a nhi\u1ec1u c\u0103n b\u1ec7nh m\u00e0 c\u00e1c c\u1ed9ng \u0111\u1ed3ng y t\u1ebf c\u00f2n nh\u1ea7m l\u1eabn ho\u1eb7c ch\u01b0a hi\u1ec3u h\u1ebft. Qua cu\u1ed1n s\u00e1ch, t\u00e1c gi\u1ea3 \u0111\u01b0a ra nh\u1eefng ph\u01b0\u01a1ng ph\u00e1p ho\u00e0n to\u00e0n t\u1ef1 nhi\u00ean \u0111\u1ec3 ch\u1eefa l\u00e0nh r\u1ea5t nhi\u1ec1u c\u0103n b\u1ec7nh \u0111ang h\u00e0nh h\u1ea1 v\u00f4 s\u1ed1 ng\u01b0\u1eddi trong ch\u00fang ta, nh\u01b0 b\u1ec7nh Lyme, \u0111au x\u01a1 c\u01a1, m\u1ec7t m\u1ecfi tuy\u1ebfn th\u01b0\u1ee3ng th\u1eadn, m\u1ec7t m\u1ecfi m\u1ea1n t\u00ednh, m\u1ea5t c\u00e2n b\u1eb1ng n\u1ed9i ti\u1ebft t\u1ed1, H\u01a1n th\u1ebf n\u1eefa, t\u00e1c gi\u1ea3 c\u00f2n cung c\u1ea5p nhi\u1ec1u gi\u1ea3i ph\u00e1p h\u1ed3i ph\u1ee5c tinh th\u1ea7n v\u00e0 linh h\u1ed3n m\u1ed7i ng\u01b0\u1eddi, sau m\u1ed9t th\u1eddi gian d\u00e0i ph\u1ea3i ch\u1ecbu \u0111\u1ef1ng c\u01a1n b\u1ec7nh qu\u00e1i \u00e1c gi\u1eb1ng x\u00e9.<\/p>\n<p>2\/ C\u01a1 Th\u1ec3 T\u1ef1 Ch\u1eefa L\u00e0nh: Th\u1ef1c Ph\u1ea9m Thay \u0110\u1ed5i Cu\u1ed9c S\u1ed1ng :<\/p>\n<p>C\u01a1 th\u1ec3 t\u1ef1 ch\u1eefa l\u00e0nh: Th\u1ef1c ph\u1ea9m thay \u0111\u1ed5i cu\u1ed9c s\u1ed1ng &#8211; Th\u1ea7n d\u01b0\u1ee3c \u0111\u1ebfn t\u1eeb tr\u00e1i c\u00e2y v\u00e0 rau c\u1ee7 gi\u00fap ch\u00fang ta t\u0103ng nh\u1eadn th\u1ee9c v\u00e0 c\u00f3 c\u00e1i nh\u00ecn m\u1edbi v\u1ec1 nh\u1eefng lo\u1ea1i tr\u00e1i c\u00e2y v\u00e0 rau c\u1ee7 &#8211; nh\u1eefng tinh t\u00fay m\u00e0 thi\u00ean nhi\u00ean \u0111\u00e3 ban t\u1eb7ng cho ch\u00fang ta. \u0110\u1ed1i v\u1edbi m\u1ed7i lo\u1ea1i th\u1ef1c ph\u1ea9m \u0111\u01b0\u1ee3c li\u1ec7t k\u00ea trong cu\u1ed1n s\u00e1ch, t\u00e1c gi\u1ea3 s\u1ebd k\u00e8m theo m\u1ed9t danh s\u00e1ch c\u00e1c c\u0103n b\u1ec7nh v\u00e0 tri\u1ec7u ch\u1ee9ng m\u00e0 th\u1ee9 tr\u00e1i c\u00e2y ho\u1eb7c rau c\u1ee7 \u0111\u00f3 s\u1ebd gi\u00fap gi\u1ea3m nh\u1eb9 t\u00ecnh tr\u1ea1ng b\u1ec7nh, \u0111\u1ed3ng th\u1eddi ch\u1ec9 ra r\u1ea5t nhi\u1ec1u l\u1ee3i \u00edch c\u1ee7a ch\u00fang trong vi\u1ec7c h\u1ed7 tr\u1ee3 v\u1ec1 m\u1eb7t tinh th\u1ea7n v\u00e0 c\u1ea3m x\u00fac. Ngo\u00e0i ra, c\u00f2n c\u00f3 nh\u1eefng c\u00f4ng th\u1ee9c c\u00e1c m\u00f3n \u0103n ngon l\u00e0nh v\u00e0 d\u1ec5 l\u00e0m xuy\u00ean su\u1ed1t cu\u1ed1n s\u00e1ch.<\/p>\n<p>Khi b\u1ea1n l\u00e0m theo h\u01b0\u1edbng d\u1eabn trong cu\u1ed1n s\u00e1ch, vi\u1ec7c mua s\u1eafm v\u00e0 n\u1ea5u \u0103n mang \u00fd ngh\u0129a m\u1edbi, b\u1edfi v\u00ec linh h\u1ed3n c\u1ee7a tr\u00e1i c\u00e2y ho\u1eb7c rau c\u1ee7 s\u1ebd b\u1eaft \u0111\u1ea7u tr\u00f2 chuy\u1ec7n v\u1edbi b\u1ea1n, t\u00e1c \u0111\u1ed9ng \u0111\u1ebfn c\u01a1 th\u1ec3 l\u1eabn cu\u1ed9c s\u1ed1ng c\u1ee7a b\u1ea1n. B\u1ea1n s\u1ebd b\u1eaft \u0111\u1ea7u c\u1ea3m th\u1ea5y th\u1ef1c s\u1ef1 \u0111\u01b0\u1ee3c thi\u00ean nhi\u00ean h\u1ed7 tr\u1ee3, v\u00e0 ph\u1ea7n ban s\u01a1 s\u00e2u th\u1eb3m n\u00e0o \u0111\u00f3 trong b\u1ea1n s\u1ebd b\u1eaft \u0111\u1ea7u t\u1ec9nh gi\u1ea5c.<\/p>\n<p>\u0110\u1ecdc cu\u1ed1n s\u00e1ch n\u00e0y, khai th\u00e1c s\u1ee9c m\u1ea1nh tinh th\u1ea7n v\u00e0 c\u1ea3m x\u00fac c\u1ee7a tr\u00e1i c\u00e2y v\u00e0 rau c\u1ee7 ch\u00ednh l\u00e0 li\u1ec1u thu\u1ed1c hi\u1ec7u nghi\u1ec7m gi\u00fap ta h\u00f2a h\u1ee3p v\u1edbi ng\u01b0\u1eddi lu\u00f4n h\u1ed7 tr\u1ee3 t\u1ea5t c\u1ea3 ch\u00fang ta &#8211; ch\u00ednh l\u00e0 M\u1eb9 tr\u00e1i \u0111\u1ea5t. Ni\u1ec1m hy v\u1ecdng v\u00e0 s\u1ee9c s\u1ed1ng s\u1ebd b\u1eaft \u0111\u1ea7u tr\u1edf l\u1ea1i v\u1edbi ch\u00fang ta v\u00e0 lan t\u1ecfa. C\u1ea3m gi\u00e1c \u0111\u00f3 t\u1ef1a nh\u01b0 tr\u1edf v\u1ec1 m\u00e1i \u1ea5m thi\u00ean \u0111\u01b0\u1eddng tr\u00ean m\u1eb7t \u0111\u1ea5t v\u1eady.<\/p>\n<p>3\/C\u01a1 th\u1ec3 t\u1ef1 ch\u1eefa l\u00e0nh &#8211; Gi\u1ea3i c\u1ee9u gan l\u00e0 cu\u1ed1n s\u00e1ch ti\u1ebfp theo trong b\u1ed9 s\u00e1ch C\u01a1 th\u1ec3 t\u1ef1 ch\u1eefa l\u00e0nh c\u1ee7a t\u00e1c gi\u1ea3 c\u00f3 s\u00e1ch b\u00e1n ch\u1ea1y s\u1ed1 1 theo New York Times b\u00ecnh ch\u1ecdn: Anthony William. Trong t\u00e1c ph\u1ea9m m\u1edbi n\u00e0y, \u00f4ng s\u1ebd h\u00e9 m\u1edf b\u1ee9c m\u00e0n b\u00ed m\u1eadt v\u1ec1 \u0111\u1eb7c \u0111i\u1ec3m, c\u01a1 ch\u1ebf ho\u1ea1t \u0111\u1ed9ng v\u00e0 nh\u1eefng \u0111i\u1ec1u b\u00ed \u1ea9n xoay quanh l\u00e1 gan c\u1ee7a con ng\u01b0\u1eddi.<\/p>\n<p>Trong th\u1ebf gi\u1edbi hi\u1ec7n \u0111\u1ea1i, ch\u00fang ta kh\u00f4ng h\u1ec1 bi\u1ebft r\u1eb1ng c\u00f3 bao nhi\u00eau tri\u1ec7u ch\u1ee9ng, t\u00ecnh tr\u1ea1ng v\u00e0 b\u1ec7nh l\u00fd b\u1eaft ngu\u1ed3n t\u1eeb m\u1ed9t l\u00e1 gan qu\u00e1 t\u1ea3i, tr\u00ec tr\u1ec7 v\u00e0 \u1ee9 \u0111\u1ecdng. Kh\u00f4ng ch\u1ec9 c\u00f3 ung th\u01b0 gan, x\u01a1 gan v\u00e0 vi\u00eam gan. G\u1ea7n nh\u01b0 m\u1ecdi kh\u1ed5 s\u1edf v\u1ec1 s\u1ee9c kh\u1ecfe \u2013 t\u1eeb v\u1ea5n \u0111\u1ec1 s\u1ee9c kh\u1ecfe t\u1ed5ng th\u1ec3, v\u1ea5n \u0111\u1ec1 v\u1ec1 ti\u00eau h\u00f3a, b\u1ea5t \u1ed5n v\u1ec1 c\u1ea3m x\u00fac, t\u0103ng c\u00e2n b\u1ea5t th\u01b0\u1eddng, cao huy\u1ebft \u00e1p, v\u1ea5n \u0111\u1ec1 tim m\u1ea1ch, s\u01b0\u01a1ng m\u00f9 n\u00e3o, v\u1ea5n \u0111\u1ec1 v\u1ec1 da, t\u1edbi c\u00e1c b\u1ec7nh m\u1ea1n t\u00ednh v\u00e0 t\u1ef1 mi\u1ec5n kh\u00e1c \u2013 \u0111\u1ec1u c\u00f3 ngu\u1ed3n g\u1ed1c s\u00e2u xa t\u1eeb m\u1ed9t l\u00e1 gan b\u1ecb t\u1ed5n th\u01b0\u01a1ng.<\/p>\n<p>C\u01a1 th\u1ec3 t\u1ef1 ch\u1eefa l\u00e0nh &#8211; Gi\u1ea3i c\u1ee9u gan mang t\u1edbi cho ng\u01b0\u1eddi \u0111\u1ecdc l\u1eddi gi\u1ea3i v\u00e0 c\u00e1ch x\u1eed l\u00fd khi ph\u1ea3i \u0111\u1ed1i m\u1eb7t v\u1edbi nhi\u1ec1u th\u00e1ch th\u1ee9c v\u1ec1 th\u1ec3 ch\u1ea5t c\u0169ng nh\u01b0 tinh th\u1ea7n. V\u1edbi l\u00f2ng tr\u1eafc \u1ea9n s\u00e2u s\u1eafc, Anthony William \u0111\u00e3 h\u00e0o ph\u00f3ng chia s\u1ebb v\u1edbi t\u1ea5t c\u1ea3 ch\u00fang ta nh\u1eefng th\u00f4ng tin \u0111\u1ed9c nh\u1ea5t v\u00f4 nh\u1ecb v\u1ec1 h\u00e0ng ng\u00e0n ch\u1ee9c n\u0103ng b\u00ed \u1ea9n c\u1ee7a gan, gi\u1ea3i th\u00edch nguy\u00ean nh\u00e2n c\u1ed1t t\u1ee7y c\u1ee7a h\u00e0ng lo\u1ea1t v\u1ea5n \u0111\u1ec1 s\u1ee9c kh\u1ecfe \u0111ang k\u00ecm h\u00e3m ch\u00fang ta, \u0111\u1ed3ng th\u1eddi h\u01b0\u1edbng d\u1eabn chi ti\u1ebft c\u00e1ch kh\u1eafc ph\u1ee5c v\u00e0 gi\u1ea3i quy\u1ebft ch\u00fang, \u0111\u1ec3 ta c\u00f3 th\u1ec3 s\u1ed1ng th\u1ef1c s\u1ef1 kh\u1ecfe m\u1ea1nh v\u00e0 h\u1ea1nh ph\u00fac. T\u00ecm hi\u1ec3u c\u00e1ch th\u1ee9c gi\u1ea3i c\u1ee9u gan ch\u00ednh l\u00e0 chu\u1ea9n b\u1ecb cho b\u1ea3n th\u00e2n m\u1ed9t t\u00e2m tr\u00ed r\u00f5 r\u00e0ng, m\u1ed9t tinh th\u1ea7n \u1ed5n \u0111\u1ecbnh v\u00e0 m\u1ed9t th\u00e2n th\u1ec3 kh\u1ecfe m\u1ea1nh \u0111\u1ec3 \u1ee9ng ph\u00f3 v\u1edbi cu\u1ed9c s\u1ed1ng t\u1ea5t b\u1eadt v\u00e0 \u0111\u1ea7y r\u1eaby kh\u00f3 kh\u0103n hi\u1ec7n nay.<\/p>\n<p>H\u1ecdc c\u00e1ch gi\u1ea3i c\u1ee9u gan c\u00f2n l\u00e0 h\u1ecdc c\u00e1ch ng\u1ee7 ngon, c\u00e2n b\u1eb1ng \u0111\u01b0\u1eddng huy\u1ebft, h\u1ea1 huy\u1ebft \u00e1p, gi\u1ea3m c\u00e2n, v\u00e0 tr\u00f4ng t\u01b0\u01a1i tr\u1ebb h\u01a1n.<\/p>\n<p>M\u1ed9t l\u00e1 gan kh\u1ecfe m\u1ea1nh s\u1ebd l\u00e0 \u0111\u1ed3ng minh trung th\u00e0nh v\u00e0 t\u1eadn t\u1ee5y c\u1ee7a ch\u00fang ta tr\u00ean h\u00e0nh tr\u00ecnh \u0111\u1ebfn v\u1edbi con ng\u01b0\u1eddi t\u1ed1t \u0111\u1eb9p nh\u1ea5t c\u1ee7a m\u00ecnh.<\/p>\n<p>4 .C\u01a1 th\u1ec3 t\u1ef1 ch\u1eefa l\u00e0nh &#8211; N\u01b0\u1edbc \u00e9p c\u1ea7n t\u00e2y<\/p>\n<p>Cu\u1ed1n s\u00e1ch t\u1eadp trung b\u00e0n v\u1ec1 b\u1ea3n ch\u1ea5t, c\u00f4ng d\u1ee5ng c\u1ee7a n\u01b0\u1edbc \u00e9p c\u1ea7n t\u00e2y trong vi\u1ec7c \u0111i\u1ec1u tr\u1ecb b\u1ec7nh v\u00e0 ph\u1ee5c h\u1ed3i s\u1ee9c kh\u1ecfe. \u0110\u00e2y l\u00e0 ph\u01b0\u01a1ng ph\u00e1p \u0111\u00e3 \u0111\u01b0\u1ee3c v\u00f4 s\u1ed1 ng\u01b0\u1eddi \u00e1p d\u1ee5ng v\u00e0 mang l\u1ea1i nh\u1eefng hi\u1ec7u qu\u1ea3 v\u00f4 c\u00f9ng s\u00e2u s\u1eafc.<\/p>\n<p>5. C\u01a1 th\u1ec3 t\u1ef1 ch\u1eefa l\u00e0nh &#8211; Ph\u1ee5c h\u1ed3i tuy\u1ebfn gi\u00e1p<\/p>\n<p>\u201cTheo \u00fd ki\u1ebfn chuy\u00ean m\u00f4n c\u1ee7a t\u00f4i, c\u00f3 l\u1ebd, c\u1ee9 10 ng\u01b0\u1eddi M\u1ef9 th\u00ec c\u00f3 7 ng\u01b0\u1eddi m\u1eafc b\u1ec7nh tuy\u1ebfn gi\u00e1p. B\u1eb1ng c\u00e1ch \u0111\u1ecdc cu\u1ed1n s\u00e1ch qu\u00fd gi\u00e1 n\u00e0y, b\u1ea1n s\u1ebd c\u00f3 th\u00eam nhi\u1ec1u hi\u1ec3u bi\u1ebft s\u00e2u s\u1eafc v\u1ec1 nh\u1eefng ch\u1ea9n \u0111o\u00e1n c\u1ee7a m\u00ecnh v\u00e0 thu \u0111\u01b0\u1ee3c th\u00f4ng tin c\u1ea7n thi\u1ebft \u0111\u1ec3 b\u1ec7nh t\u1eadt kh\u00f4ng tr\u1ea7m tr\u1ecdng h\u01a1n. Sau khi \u0111\u1ecdc cu\u1ed1n C\u01a1 th\u1ec3 t\u1ef1 ch\u1eefa l\u00e0nh \u2013 Ph\u1ee5c h\u1ed3i tuy\u1ebfn gi\u00e1p c\u1ee7a Anthony, t\u00f4i r\u00f5 r\u00e0ng \u0111\u00e3 c\u00f3 th\u00eam nhi\u1ec1u th\u00f4ng tin v\u00e0 gi\u1ea3i ph\u00e1p \u0111\u1ec3 \u00e1p d\u1ee5ng cho nh\u1eefng ca b\u1ec7nh ph\u1ee9c t\u1ea1p. Th\u1eadt v\u1eady, Anthony \u0111\u00e3 v\u00f4 c\u00f9ng ch\u00ednh x\u00e1c khi vi\u1ebft r\u1eb1ng, kh\u00f4ng ph\u1ea3i m\u1ecdi b\u1ec7nh nh\u00e2n \u0111\u1ec1u ph\u1ea3n \u1ee9ng v\u1edbi n\u1ed9i ti\u1ebft t\u1ed1 tuy\u1ebfn gi\u00e1p theo c\u00e1ch ch\u00fang ta d\u1ef1 \u0111o\u00e1n hay hy v\u1ecdng.\u201d<\/p>\n","protected":false},"excerpt":{"rendered":"<p>C\u01a1 th\u1ec3 t\u1ef1 ch\u1eefa l\u00e0nh ti\u1ebft l\u1ed9 nguy\u00ean nh\u00e2n g\u1ed1c r\u1ec5 c\u1ee7a nhi\u1ec1u c\u0103n b\u1ec7nh m\u00e0 c\u00e1c c\u1ed9ng \u0111\u1ed3ng y t\u1ebf c\u00f2n nh\u1ea7m l\u1eabn ho\u1eb7c ch\u01b0a hi\u1ec3u h\u1ebft. Qua cu\u1ed1n s\u00e1ch, t\u00e1c gi\u1ea3 \u0111\u01b0a ra nh\u1eefng ph\u01b0\u01a1ng ph\u00e1p ho\u00e0n to\u00e0n t\u1ef1 nhi\u00ean \u0111\u1ec3 ch\u1eefa l\u00e0nh r\u1ea5t nhi\u1ec1u c\u0103n b\u1ec7nh \u0111ang h\u00e0nh h\u1ea1 v\u00f4 s\u1ed1 ng\u01b0\u1eddi trong ch\u00fang ta, nh\u01b0 b\u1ec7nh Lyme, \u0111au x\u01a1 c\u01a1, m\u1ec7t m\u1ecfi tuy\u1ebfn th\u01b0\u1ee3ng th\u1eadn, m\u1ec7t m\u1ecfi m\u1ea1n t\u00ednh, m\u1ea5t c\u00e2n b\u1eb1ng n\u1ed9i ti\u1ebft t\u1ed1, v.v&#8230; H\u01a1n th\u1ebf n\u1eefa, t\u00e1c gi\u1ea3 c\u00f2n cung c\u1ea5p nhi\u1ec1u gi\u1ea3i ph\u00e1p h\u1ed3i ph\u1ee5c tinh th\u1ea7n v\u00e0 linh h\u1ed3n m\u1ed7i ng\u01b0\u1eddi, sau m\u1ed9t th\u1eddi gian d\u00e0i ph\u1ea3i ch\u1ecbu \u0111\u1ef1ng c\u01a1n b\u1ec7nh qu\u00e1i \u00e1c gi\u1eb1ng x\u00e9.<\/p>\n","protected":false},"featured_media":11563,"template":"","meta":{"_acf_changed":false},"product_brand":[],"product_cat":[18],"product_tag":[],"class_list":{"0":"post-11569","1":"product","2":"type-product","3":"status-publish","4":"has-post-thumbnail","6":"product_cat-kinh-te","8":"first","9":"outofstock","10":"taxable","11":"shipping-taxable","12":"purchasable","13":"product-type-simple"},"supplier_id":null,"supplier_sku":"","barcode":null,"atum_controlled":true,"out_stock_date":"2022-12-08 10:55:28","out_stock_threshold":null,"inheritable":false,"inbound_stock":1,"stock_on_hold":0,"sold_today":0,"sales_last_days":0,"reserved_stock":0,"customer_returns":0,"warehouse_damage":0,"lost_in_post":0,"other_logs":0,"out_stock_days":1147,"lost_sales":0,"has_location":false,"update_date":"2026-01-28T23:10:50","atum_locations":[],"atum_stock_status":"outofstock","restock_status":false,"low_stock_amount":"","sales_update_date":"2026-01-28T23:10:50","calc_backorders":null,"acf":{"publisher":{"ID":1472,"post_author":"1","post_date":"2021-02-17 01:12:50","post_date_gmt":"2021-02-16 23:12:50","post_content":"","post_title":"Huy Ho\u00e0ng Bookstore","post_excerpt":"","post_status":"publish","comment_status":"closed","ping_status":"closed","post_password":"","post_name":"huy-hoang-bookstore","to_ping":"","pinged":"","post_modified":"2021-02-17 01:12:50","post_modified_gmt":"2021-02-16 23:12:50","post_content_filtered":"","post_parent":0,"guid":"https:\/\/sachviet.eu\/nha-phat-hanh\/huy-hoang-bookstore\/","menu_order":0,"post_type":"publisher","post_mime_type":"","comment_count":"0","filter":"raw"}},"_links":{"self":[{"href":"https:\/\/sachviet.eu\/en\/wp-json\/wp\/v2\/product\/11569","targetHints":{"allow":["GET"]}}],"collection":[{"href":"https:\/\/sachviet.eu\/en\/wp-json\/wp\/v2\/product"}],"about":[{"href":"https:\/\/sachviet.eu\/en\/wp-json\/wp\/v2\/types\/product"}],"wp:featuredmedia":[{"embeddable":true,"href":"https:\/\/sachviet.eu\/en\/wp-json\/wp\/v2\/media\/11563"}],"wp:attachment":[{"href":"https:\/\/sachviet.eu\/en\/wp-json\/wp\/v2\/media?parent=11569"}],"wp:term":[{"taxonomy":"product_brand","embeddable":true,"href":"https:\/\/sachviet.eu\/en\/wp-json\/wp\/v2\/product_brand?post=11569"},{"taxonomy":"product_cat","embeddable":true,"href":"https:\/\/sachviet.eu\/en\/wp-json\/wp\/v2\/product_cat?post=11569"},{"taxonomy":"product_tag","embeddable":true,"href":"https:\/\/sachviet.eu\/en\/wp-json\/wp\/v2\/product_tag?post=11569"}],"curies":[{"name":"wp","href":"https:\/\/api.w.org\/{rel}","templated":true}]}}