{"id":11562,"date":"2021-06-03T02:13:11","date_gmt":"2021-06-02T23:13:11","guid":{"rendered":"https:\/\/sachviet.eu\/shop\/set-3-quyen-di-san-cua-gs-phan-van-truong-de-lai-cho-the-he-sau-mot-doi-thuong-thuyet-mot-doi-quan-tri-mot-doi-nhu-ke-tim-duong\/"},"modified":"2024-08-12T16:00:15","modified_gmt":"2024-08-12T13:00:15","slug":"set-3-quyen-di-san-cua-gs-phan-van-truong-de-lai-cho-the-he-sau-mot-doi-thuong-thuyet-mot-doi-quan-tri-mot-doi-nhu-ke-tim-duong","status":"publish","type":"product","link":"https:\/\/sachviet.eu\/en\/shop\/set-3-quyen-di-san-cua-gs-phan-van-truong-de-lai-cho-the-he-sau-mot-doi-thuong-thuyet-mot-doi-quan-tri-mot-doi-nhu-ke-tim-duong\/","title":{"rendered":"Set 3 quy\u1ec3n &#8211; Di S\u1ea3n C\u1ee7a GS. Phan V\u0103n Tr\u01b0\u1eddng \u0110\u1ec3 L\u1ea1i Cho Th\u1ebf H\u1ec7 Sau: M\u1ed9t \u0110\u1eddi Th\u01b0\u01a1ng Thuy\u1ebft + M\u1ed9t \u0110\u1eddi Qu\u1ea3n Tr\u1ecb + M\u1ed9t \u0110\u1eddi Nh\u01b0 K\u1ebb T\u00ecm \u0110\u01b0\u1eddng"},"content":{"rendered":"<p>M\u1ed9t \u0110\u1eddi Th\u01b0\u01a1ng Thuy\u1ebft<\/p>\n<p>H\u01a1n 40 n\u0103m kinh nghi\u1ec7m trong ngh\u1ec1 v\u00e0 c\u1ea3 nghi\u1ec7p th\u01b0\u01a1ng thuy\u1ebft, Gi\u00e1o s\u01b0 Phan V\u0103n Tr\u01b0\u1eddng, C\u1ed1 v\u1ea5n th\u01b0\u01a1ng m\u1ea1i qu\u1ed1c t\u1ebf c\u1ee7a ch\u00ednh ph\u1ee7 Ph\u00e1p, c\u00f3 l\u1ebd \u0111\u00e3 c\u1ed1 g\u1eafng th\u1ec3 hi\u1ec7n g\u1ea7n tr\u1ecdn v\u1eb9n trong cu\u1ed1n s\u00e1ch n\u00e0y. \u0110\u01b0\u1ee3c vi\u1ebft t\u1eeb tr\u1ea3i nghi\u1ec7m c\u1ee7a m\u1ed9t ng\u01b0\u1eddi th\u01b0\u1eddng xuy\u00ean \u201cx\u00f4ng pha tr\u1eadn m\u1ea1c\u201d \u0111\u00e0m ph\u00e1n, th\u1eadt kh\u00f3 c\u00f3 th\u1ec3 t\u00ecm \u0111\u01b0\u1ee3c cu\u1ed1n s\u00e1ch n\u00e0o kh\u00e1c v\u1ec1 \u0111\u1ec1 t\u00e0i n\u00e0y mang t\u00ednh th\u1ef1c t\u1ebf cao h\u01a1n M\u1ed9t \u0111\u1eddi th\u01b0\u01a1ng thuy\u1ebft. Trong \u0111\u00f3 kh\u00f4ng c\u00f3 nh\u1eefng b\u00e0i l\u00fd thuy\u1ebft theo l\u1edbp lang chu\u1ea9n m\u1ef1c, nh\u01b0ng \u0111\u1ed9c gi\u1ea3 s\u1ebd \u0111\u01b0\u1ee3c \u201cs\u1ed1ng\u201d th\u1ef1c s\u1ef1 trong t\u1eebng b\u1ed1i c\u1ea3nh \u0111\u00e0m ph\u00e1n nh\u01b0 \u0111ang di\u1ec5n ra tr\u01b0\u1edbc m\u1eaft. V\u00e0 \u0111\u1ed9c gi\u1ea3 s\u1ebd \u0111\u1ecdc cu\u1ed1n s\u00e1ch n\u00e0y ch\u1eb3ng kh\u00e1c g\u00ec \u0111ang \u0111\u1ecdc m\u1ed9t t\u1eadp truy\u1ec7n ng\u1eafn \u0111\u1ea7y nh\u1eefng t\u00ecnh ti\u1ebft th\u00fa v\u1ecb.<\/p>\n<p>M\u1ed9t \u0110\u1eddi Qu\u1ea3n Tr\u1ecb<\/p>\n<p>C\u00f3 r\u1ea5t nhi\u1ec1u doanh nh\u00e2n v\u0129 \u0111\u1ea1i, nh\u1eefng ng\u01b0\u1eddi s\u00e1ng l\u1eadp, x\u00e2y d\u1ef1ng, \u0111i\u1ec1u h\u00e0nh nh\u1eefng c\u00f4ng ty h\u00e0ng \u0111\u1ea7u th\u1ebf gi\u1edbi v\u1edbi doanh thu c\u1ea3 tr\u0103m t\u1ef7 \u0111\u00f4-la M\u1ef9, nh\u1eefng c\u00f4ng ty s\u00e1ng t\u1ea1o c\u00f4ng ngh\u1ec7 v\u00e0 s\u1ea3n ph\u1ea9m l\u00e0m thay \u0111\u1ed5i th\u1ebf gi\u1edbi, nh\u01b0ng h\u1ecd kh\u00f4ng vi\u1ebft s\u00e1ch d\u00f9 r\u1eb1ng c\u00f3 nhi\u1ec1u s\u00e1ch vi\u1ebft v\u1ec1 h\u1ecd.<br \/>\nGS. Phan V\u0103n Tr\u01b0\u1eddng kh\u00e1c h\u1ecd. \u00d4ng \u0111\u00e3 t\u1eebng \u0111\u1ee9ng \u0111\u1ea7u c\u00e1c t\u1eadp \u0111o\u00e0n kh\u1ed5ng l\u1ed3 v\u1edbi doanh thu 60-70 t\u1ef7 \u0111\u00f4-la M\u1ef9, ho\u1ea1t \u0111\u1ed9ng tr\u00ean c\u1ea3 tr\u0103m qu\u1ed1c gia, v\u1edbi h\u00e0ng ch\u1ee5c ngh\u00ecn nh\u00e2n vi\u00ean \u0111\u1ee7 c\u00e1c qu\u1ed1c t\u1ecbch. V\u00e0 \u00f4ng vi\u1ebft s\u00e1ch. Ch\u00ednh x\u00e1c h\u01a1n l\u00e0 \u00f4ng ghi l\u1ea1i nh\u1eefng g\u00ec tinh t\u00fay nh\u1ea5t v\u00e0 l\u1ea1i gi\u1ea3n d\u1ecb nh\u1ea5t c\u1ee7a m\u1ed9t doanh nh\u00e2n ng\u01b0\u1eddi Vi\u1ec7t t\u1ea7m c\u1ee1 Global.<br \/>\nCu\u1ed1n s\u00e1ch l\u00e0 nh\u1eadt k\u00fd, l\u00e0 t\u00e2m s\u1ee9c c\u1ea3 \u0111\u1eddi c\u1ee7a \u00f4ng n\u00ean th\u1eadt kh\u00f3 gi\u1edbi thi\u1ec7u trong v\u00e0i trang. Nh\u01b0ng t\u00f4i mu\u1ed1n ghi l\u1ea1i nh\u1eefng \u0111i\u1ec1u t\u00e2m \u0111\u1eafc.<br \/>\n&#8211; Ph\u1ea7n l\u1edbn Doanh nh\u00e2n nh\u1ea7m l\u1eabn gi\u1eefa qu\u1ea3n l\u00fd v\u00e0 qu\u1ea3n tr\u1ecb. V\u1eady nh\u00e0 l\u00e3nh \u0111\u1ea1o qu\u1ea3n tr\u1ecb Doanh nghi\u1ec7p nh\u01b0 th\u1ebf n\u00e0o, h\u1ecd ph\u1ea3i l\u00e0m g\u00ec\u2026<br \/>\n&#8211; L\u00e0m th\u1ebf n\u00e0o \u0111\u1ec3 x\u00e2y d\u1ef1ng doanh nghi\u1ec7p tr\u01b0\u1eddng t\u1ed3n<br \/>\n&#8211; Qu\u1ea3n tr\u1ecb doanh nghi\u1ec7p ch\u00ednh l\u00e0 qu\u1ea3n tr\u1ecb con ng\u01b0\u1eddi<br \/>\nC\u00f3 l\u1ebd nh\u1eefng \u0111i\u1ec1u tr\u00ean b\u1ea1n \u0111\u00e3 g\u1eb7p \u1edf r\u1ea5t nhi\u1ec1u cu\u1ed1n s\u00e1ch nh\u01b0ng \u1edf \u0111\u00e2y c\u00f3 2 \u0111i\u1ec1u kh\u00e1c bi\u1ec7t:<br \/>\n&#8211; L\u00e0 b\u00e0i h\u1ecdc th\u1ef1c t\u1ebf, l\u00e0 tinh t\u00fay c\u1ee7a m\u1ed9t doanh nh\u00e2n t\u1ea7m c\u1ee1 Global<br \/>\n&#8211; H\u00e0nh x\u1eed chuy\u00ean nghi\u1ec7p, quy\u1ebft \u0111\u1ecbnh s\u00e1ng su\u1ed1t, th\u00e0nh c\u00f4ng l\u1edbn\u2026\u1edf t\u1ea7m Global nh\u01b0ng v\u1eabn mang \u0111\u1eadm ch\u1ea5t Vi\u1ec7t, \u0111\u1eadm ch\u1ea5t nh\u00e2n v\u0103n.<br \/>\nV\u00e0 \u0111\u1eb7c bi\u1ec7t nh\u1eefng c\u00e2u chuy\u1ec7n c\u1ee7a \u00f4ng, nh\u1eefng b\u00e0i h\u1ecdc c\u1ee7a \u00f4ng l\u1ea1i \u0111\u01b0\u1ee3c k\u1ec3 b\u1eb1ng nh\u1eefng con ng\u01b0\u1eddi th\u1ef1c \u00d4ng \u0111\u00e3 c\u00f9ng l\u00e0m vi\u1ec7c, b\u1eb1ng nh\u1eefng c\u00e2u chuy\u1ec7n th\u1ef1c c\u1ee7a \u0111\u1eddi m\u00ecnh<\/p>\n<p>(Tr\u00edch l\u1eddi gi\u1edbi thi\u1ec7u c\u1ee7a GS.TS. Ho\u00e0ng Nam Ti\u1ebfn &#8211; Ch\u1ee7 t\u1ecbch FPT Softwares)<\/p>\n<p>M\u1ed9t \u0110\u1eddi Nh\u01b0 K\u1ebb T\u00ecm \u0110\u01b0\u1eddng<\/p>\n<p>Hai cu\u1ed1n s\u00e1ch tr\u01b0\u1edbc c\u1ee7a GS. Phan V\u0103n Tr\u01b0\u1eddng, \u201cM\u1ed9t \u0110\u1eddi Th\u01b0\u01a1ng Thuy\u1ebft\u201d v\u00e0 \u201cM\u1ed9t \u0110\u1eddi Qu\u1ea3n Tr\u1ecb\u201d, l\u00e0 s\u1ef1 ch\u1eaft l\u1ecdc t\u1eeb nh\u1eefng tr\u1ea3i nghi\u1ec7m trong su\u1ed1t nhi\u1ec1u n\u0103m th\u00e1ng ngh\u1ec1 nghi\u1ec7p c\u1ee7a b\u1ea3n th\u00e2n. Tuy nhi\u00ean, \u0111\u1ebfn v\u1edbi cu\u1ed1n s\u00e1ch n\u00e0y, t\u00e1c gi\u1ea3 l\u1ea1i mu\u1ed1n d\u00e0nh m\u1ed9t kho\u1ea3ng kh\u00f4ng gian ri\u00eang \u0111\u1ec3 c\u00f3 th\u1ec3 ph\u1ea3n \u1ea3nh nh\u1eefng c\u1ea3m nh\u1eadn c\u00e1 nh\u00e2n v\u1ec1 cu\u1ed9c s\u1ed1ng, v\u1edbi g\u00f3c nh\u00ecn t\u1eeb nh\u1eefng n\u0103m th\u00e1ng tu\u1ed5i tr\u1ebb cho \u0111\u1ebfn \u0111\u1ed9 tu\u1ed5i x\u1ebf chi\u1ec1u n\u00e0y.<br \/>\nKho\u1ea3nh kh\u1eafc kh\u00f3 ch\u1ecbu nh\u1ea5t c\u00f3 l\u1ebd l\u00e0 khi m\u00ecnh \u0111\u00e3 l\u1ee1 ch\u1ecdn m\u1ed9t h\u01b0\u1edbng \u0111i, nh\u01b0ng ng\u1ed9 \u0111\u01b0\u1ee3c r\u1eb1ng con \u0111\u01b0\u1eddng n\u00e0y nhi\u1ec1u ch\u00f4ng gai, l\u1eafm r\u00e0o c\u1ea3n v\u00e0 l\u1ea1i c\u00f2n kh\u00f4ng ph\u00f9 h\u1ee3p. Trong l\u00f2ng, l\u00fac \u1ea5y ch\u1ec9 mu\u1ed1n \u0111\u01b0\u1ee3c quay tr\u1edf l\u1ea1i \u0111\u1ec3 b\u1eaft \u0111\u1ea7u, \u0111\u1ec3 l\u1ef1a ch\u1ecdn l\u1ea1i m\u1ed9t h\u01b0\u1edbng kh\u00f4n ngoan h\u01a1n.<br \/>\nVi\u1ec7c l\u1ef1a ch\u1ecdn t\u1ea5t nhi\u00ean \u0111\u00f2i h\u1ecfi nhi\u1ec1u s\u00e1ng su\u1ed1t, nh\u01b0ng tr\u00ean h\u1ebft ng\u01b0\u1eddi l\u1ef1a ch\u1ecdn ph\u1ea3i hi\u1ec3u r\u00f5 th\u1ebf gi\u1edbi m\u00e0 m\u00ecnh \u0111ang s\u1ed1ng v\u00e0 bi\u1ebft r\u00f5 ch\u00ednh m\u00ecnh mu\u1ed1n g\u00ec, v\u00e0 m\u1ed9t m\u1eb7t kh\u00e1c ph\u1ea3i s\u1eb5n s\u00e0ng c\u00e1ng \u0111\u00e1ng l\u1ea5y tr\u00e1ch nhi\u1ec7m trong s\u1ef1 l\u1ef1a ch\u1ecdn. N\u00f3i m\u1ed9t c\u00e1ch hoa m\u1ef9 h\u01a1n, m\u00ecnh ch\u1ec9 t\u00ecm ra h\u01b0\u1edbng \u0111i \u0111\u00fang \u0111\u1eafn v\u00e0 ph\u00f9 h\u1ee3p cho b\u1ea3n th\u00e2n n\u1ebfu th\u1ea5u hi\u1ec3u r\u00f5 b\u1ea3n n\u0103ng, b\u1ea3n ng\u00e3 v\u00e0 c\u1ea3 ti\u1ec1m th\u1ee9c c\u1ee7a ch\u00ednh m\u00ecnh. C\u00f9ng m\u1ed9t tinh th\u1ea7n lu\u00f4n s\u1eb5n s\u00e0ng \u0111\u1ed1i m\u1eb7t v\u1edbi nh\u1eefng h\u1ec7 qu\u1ea3 t\u1ed1t v\u00e0 x\u1ea5u t\u1eeb s\u1ef1 l\u1ef1a ch\u1ecdn \u1ea5y.<\/p>\n","protected":false},"excerpt":{"rendered":"<p>H\u01a1n 40 n\u0103m kinh nghi\u1ec7m trong ngh\u1ec1 v\u00e0 c\u1ea3 nghi\u1ec7p th\u01b0\u01a1ng thuy\u1ebft, Gi\u00e1o s\u01b0 Phan V\u0103n Tr\u01b0\u1eddng, C\u1ed1 v\u1ea5n th\u01b0\u01a1ng m\u1ea1i qu\u1ed1c t\u1ebf c\u1ee7a ch\u00ednh ph\u1ee7 Ph\u00e1p, c\u00f3 l\u1ebd \u0111\u00e3 c\u1ed1 g\u1eafng th\u1ec3 hi\u1ec7n g\u1ea7n tr\u1ecdn v\u1eb9n trong cu\u1ed1n s\u00e1ch n\u00e0y. \u0110\u01b0\u1ee3c vi\u1ebft t\u1eeb tr\u1ea3i nghi\u1ec7m c\u1ee7a m\u1ed9t ng\u01b0\u1eddi th\u01b0\u1eddng xuy\u00ean \u201cx\u00f4ng pha tr\u1eadn m\u1ea1c\u201d \u0111\u00e0m ph\u00e1n, th\u1eadt kh\u00f3 c\u00f3 th\u1ec3 t\u00ecm \u0111\u01b0\u1ee3c cu\u1ed1n s\u00e1ch n\u00e0o kh\u00e1c v\u1ec1 \u0111\u1ec1 t\u00e0i n\u00e0y mang t\u00ednh th\u1ef1c t\u1ebf cao h\u01a1n M\u1ed9t \u0111\u1eddi th\u01b0\u01a1ng thuy\u1ebft. Trong \u0111\u00f3 kh\u00f4ng c\u00f3 nh\u1eefng b\u00e0i l\u00fd thuy\u1ebft theo l\u1edbp lang chu\u1ea9n m\u1ef1c, nh\u01b0ng \u0111\u1ed9c gi\u1ea3 s\u1ebd \u0111\u01b0\u1ee3c \u201cs\u1ed1ng\u201d th\u1ef1c s\u1ef1 trong t\u1eebng b\u1ed1i c\u1ea3nh \u0111\u00e0m ph\u00e1n nh\u01b0 \u0111ang di\u1ec5n ra tr\u01b0\u1edbc m\u1eaft. V\u00e0 \u0111\u1ed9c gi\u1ea3 s\u1ebd \u0111\u1ecdc cu\u1ed1n s\u00e1ch n\u00e0y ch\u1eb3ng kh\u00e1c g\u00ec \u0111ang \u0111\u1ecdc m\u1ed9t t\u1eadp truy\u1ec7n ng\u1eafn \u0111\u1ea7y nh\u1eefng t\u00ecnh ti\u1ebft th\u00fa v\u1ecb.<\/p>\n","protected":false},"featured_media":11558,"template":"","meta":{"_acf_changed":false},"product_brand":[],"product_cat":[15,46],"product_tag":[],"class_list":{"0":"post-11562","1":"product","2":"type-product","3":"status-publish","4":"has-post-thumbnail","6":"product_cat-sach-danh-cho-nguoi-lon","7":"product_cat-ky-nang-song","9":"first","10":"outofstock","11":"taxable","12":"shipping-taxable","13":"purchasable","14":"product-type-simple"},"supplier_id":null,"supplier_sku":"","barcode":null,"atum_controlled":true,"out_stock_date":"2024-08-12 13:00:15","out_stock_threshold":null,"inheritable":false,"inbound_stock":2,"stock_on_hold":0,"sold_today":0,"sales_last_days":0,"reserved_stock":0,"customer_returns":0,"warehouse_damage":0,"lost_in_post":0,"other_logs":0,"out_stock_days":534,"lost_sales":0,"has_location":false,"update_date":"2026-01-28T23:11:21","atum_locations":[],"atum_stock_status":"outofstock","restock_status":false,"low_stock_amount":"","sales_update_date":"2026-01-28T23:11:21","calc_backorders":null,"acf":{"publisher":{"ID":1517,"post_author":"1","post_date":"2021-02-17 01:14:41","post_date_gmt":"2021-02-16 23:14:41","post_content":"","post_title":"NXB Tr\u1ebb","post_excerpt":"","post_status":"publish","comment_status":"closed","ping_status":"closed","post_password":"","post_name":"nxb-tre","to_ping":"","pinged":"","post_modified":"2021-02-17 01:14:41","post_modified_gmt":"2021-02-16 23:14:41","post_content_filtered":"","post_parent":0,"guid":"https:\/\/sachviet.eu\/nha-phat-hanh\/nxb-tre\/","menu_order":0,"post_type":"publisher","post_mime_type":"","comment_count":"0","filter":"raw"}},"_links":{"self":[{"href":"https:\/\/sachviet.eu\/en\/wp-json\/wp\/v2\/product\/11562","targetHints":{"allow":["GET"]}}],"collection":[{"href":"https:\/\/sachviet.eu\/en\/wp-json\/wp\/v2\/product"}],"about":[{"href":"https:\/\/sachviet.eu\/en\/wp-json\/wp\/v2\/types\/product"}],"wp:featuredmedia":[{"embeddable":true,"href":"https:\/\/sachviet.eu\/en\/wp-json\/wp\/v2\/media\/11558"}],"wp:attachment":[{"href":"https:\/\/sachviet.eu\/en\/wp-json\/wp\/v2\/media?parent=11562"}],"wp:term":[{"taxonomy":"product_brand","embeddable":true,"href":"https:\/\/sachviet.eu\/en\/wp-json\/wp\/v2\/product_brand?post=11562"},{"taxonomy":"product_cat","embeddable":true,"href":"https:\/\/sachviet.eu\/en\/wp-json\/wp\/v2\/product_cat?post=11562"},{"taxonomy":"product_tag","embeddable":true,"href":"https:\/\/sachviet.eu\/en\/wp-json\/wp\/v2\/product_tag?post=11562"}],"curies":[{"name":"wp","href":"https:\/\/api.w.org\/{rel}","templated":true}]}}