{"id":11557,"date":"2021-06-03T02:12:58","date_gmt":"2021-06-02T23:12:58","guid":{"rendered":"https:\/\/sachviet.eu\/shop\/gian-tai-ban-2020\/"},"modified":"2024-08-13T03:06:05","modified_gmt":"2024-08-13T00:06:05","slug":"gian-tai-ban-2020","status":"publish","type":"product","link":"https:\/\/sachviet.eu\/en\/shop\/gian-tai-ban-2020\/","title":{"rendered":"Gi\u1eadn (T\u00e1i B\u1ea3n 2020)"},"content":{"rendered":"<p>Gi\u1eadn l\u00e0 m\u1ed9t cu\u1ed1n s\u00e1ch hay c\u1ee7a Thi\u1ec1n s\u01b0 Th\u00edch Nh\u1ea5t H\u1ea1nh, n\u00f3 m\u1edf ra cho ta nh\u1eefng kh\u1ea3 n\u0103ng k\u1ef3 di\u1ec7u, nh\u01b0ng l\u1ea1i r\u1ea5t d\u1ec5 th\u1ef1c h\u00e0nh \u0111\u1ec3 ta t\u1ef1 m\u00ecnh t\u1eebng b\u01b0\u1edb tho\u00e1t kh\u1ecfi c\u01a1n gi\u1eadn v\u00e0 s\u1ed1ng \u0111\u1eb9p v\u1edbi x\u00e3 h\u1ed9i quanh m\u00ecnh.<br \/>\nGi\u1eadn \u0111\u01b0\u1ee3c xu\u1ea5t b\u1ea3n t\u1ea1i Hoa K\u1ef3 ng\u00e0y 10.9.2001, tr\u01b0\u1edbc bi\u1ebfn c\u1ed1 11.9.2001 c\u00f3 m\u1ed9t ng\u00e0y. V\u00ec th\u1ebf Gi\u1eadn \u0111\u00e3 tr\u1edf th\u00e0nh quy\u1ec3n s\u00e1ch b\u00e1n ch\u1ea1y nh\u1ea5t Hoa K\u1ef3 &#8211; 50.000 b\u1ea3n m\u1ed7i tu\u1ea7n &#8211; trong v\u00f2ng 9 th\u00e1<br \/>\nT\u1ea1i H\u00e0n Qu\u1ed1c, quy\u1ec3n s\u00e1ch n\u00e0y \u0111\u00e3 b\u00e1n \u0111\u01b0\u1ee3c 1 tri\u1ec7u b\u1ea3n trong v\u00f2ng 11 th\u00e1ng. R\u1ea5t nhi\u1ec1u \u0111\u1ed9c gi\u1ea3 nh\u1edd \u0111\u1ecdc s\u00e1ch n\u00e0y m\u00e0 \u0111\u00e3 \u0111i\u1ec1u ph\u1ee5c \u0111\u01b0\u1ee3c t\u00e2m m\u00ecnh, s\u1eed d\u1ee5ng \u00e1i ng\u1eef l\u1eafng nghe \u0111\u1ec3 ho\u00e0 gi\u1ea3i v\u1edbi ng\u01b0\u1eddi th\u00e2n, \u0111em l\u1ea1i h\u1ea1nh ph\u00fac trong gia \u0111\u00ecnh v\u00e0 trong c\u1ed9ng \u0111\u1ed3ng c\u1ee7a h\u1ecd.<\/p>\n<p>V\u1ec1 T\u00e1c gi\u1ea3:<br \/>\nTh\u00edch Nh\u1ea5t H\u1ea1nh (t\u00ean khai sinh Nguy\u1ec5n Xu\u00e2n B\u1ea3o, sinh ng\u00e0y 11 th\u00e1ng 10 n\u0103m 1926) l\u00e0 m\u1ed9t thi\u1ec1n s\u01b0, gi\u1ea3ng vi\u00ean, nh\u00e0 v\u0103n, nh\u00e0 th\u01a1, nh\u00e0 kh\u1ea3o c\u1ee9u, nh\u00e0 ho\u1ea1t \u0111\u1ed9ng x\u00e3 h\u1ed9i, v\u00e0 ng\u01b0\u1eddi v\u1eadn \u0111\u1ed9ng cho h\u00f2a b\u00ecnh ng\u01b0\u1eddi Vi\u1ec7t Nam.\u00d4ng sinh ra \u1edf Th\u1eeba Thi\u00ean-Hu\u1ebf, mi\u1ec1n Trung Vi\u1ec7t Nam, xu\u1ea5t gia theo Thi\u1ec1n t\u00f4ng v\u00e0o n\u0103m 16 tu\u1ed5i, tr\u1edf th\u00e0nh m\u1ed9t nh\u00e0 s\u01b0 v\u00e0o n\u0103m 1949. \u00d4ng l\u00e0 ng\u01b0\u1eddi \u0111\u01b0a ra kh\u00e1i ni\u1ec7m &#8220;Ph\u1eadt gi\u00e1o d\u1ea5n th\u00e2n&#8221; (engaged Buddhism) trong cu\u1ed1n s\u00e1ch Vietnam: Lotus in a Sea of Fire.<br \/>\nThi\u1ec1n s\u01b0 Th\u00edch Nh\u1ea5t H\u1ea1nh \u0111\u00e3 vi\u1ebft h\u01a1n 100 cu\u1ed1n s\u00e1ch, trong s\u1ed1 \u0111\u00f3 h\u01a1n 40 cu\u1ed1n b\u1eb1ng ti\u1ebfng Anh. \u00d4ng l\u00e0 ng\u01b0\u1eddi v\u1eadn \u0111\u1ed9ng cho phong tr\u00e0o h\u00f2a b\u00ecnh, v\u1edbi c\u00e1c gi\u1ea3i ph\u00e1p kh\u00f4ng b\u1ea1o l\u1ef1c cho c\u00e1c m\u00e2u thu\u1eabn.<br \/>\nM\u1ed9t s\u1ed1 t\u00e1c ph\u1ea9m c\u1ee7a \u00f4ng: Con s\u01b0 t\u1eed v\u00e0ng c\u1ee7a th\u1ea7y Ph\u00e1p T\u1ea1ng &#8211; N\u1ebbo v\u1ec1 c\u1ee7a \u00fd &#8211; Am m\u00e2y ng\u1ee7 &#8211; V\u0103n Lang d\u1ecb s\u1eed &#8211; \u0110\u01b0\u1eddng x\u01b0a m\u00e2y tr\u1eafng &#8211; Truy\u1ec7n Ki\u1ec1u v\u0103n xu\u00f4i &#8211; Th\u1ea3 m\u1ed9t b\u00e8 lau &#8211; B\u00f4ng h\u1ed3ng c\u00e0i \u00e1o &#8211; \u0110\u1ea1o Ph\u1eadt ng\u00e0y nay &#8211; N\u00f3i v\u1edbi tu\u1ed5i hai m\u01b0\u01a1i &#8211; Tr\u00e1i tim c\u1ee7a B\u1ee5t\u2026<\/p>\n","protected":false},"excerpt":{"rendered":"<p>Gi\u1eadn l\u00e0 m\u1ed9t cu\u1ed1n s\u00e1ch hay c\u1ee7a Thi\u1ec1n s\u01b0 Th\u00edch Nh\u1ea5t H\u1ea1nh, n\u00f3 m\u1edf ra cho ta nh\u1eefng kh\u1ea3 n\u0103ng k\u1ef3 di\u1ec7u, nh\u01b0ng l\u1ea1i r\u1ea5t d\u1ec5 th\u1ef1c h\u00e0nh \u0111\u1ec3 ta t\u1ef1 m\u00ecnh t\u1eebng b\u01b0\u1edb tho\u00e1t kh\u1ecfi c\u01a1n gi\u1eadn v\u00e0 s\u1ed1ng \u0111\u1eb9p v\u1edbi x\u00e3 h\u1ed9i quanh m\u00ecnh.<br \/>\nGi\u1eadn \u0111\u01b0\u1ee3c xu\u1ea5t b\u1ea3n t\u1ea1i Hoa K\u1ef3 ng\u00e0y 10.9.2001, tr\u01b0\u1edbc bi\u1ebfn c\u1ed1 11.9.2001 c\u00f3 m\u1ed9t ng\u00e0y. V\u00ec th\u1ebf Gi\u1eadn \u0111\u00e3 tr\u1edf th\u00e0nh quy\u1ec3n s\u00e1ch b\u00e1n ch\u1ea1y nh\u1ea5t Hoa K\u1ef3 &#8211; 50.000 b\u1ea3n m\u1ed7i tu\u1ea7n &#8211; trong v\u00f2ng 9 th\u00e1<br \/>\nT\u1ea1i H\u00e0n Qu\u1ed1c, quy\u1ec3n s\u00e1ch n\u00e0y \u0111\u00e3 b\u00e1n \u0111\u01b0\u1ee3c 1 tri\u1ec7u b\u1ea3n trong v\u00f2ng 11 th\u00e1ng. R\u1ea5t nhi\u1ec1u \u0111\u1ed9c gi\u1ea3 nh\u1edd \u0111\u1ecdc s\u00e1ch n\u00e0y m\u00e0 \u0111\u00e3 \u0111i\u1ec1u ph\u1ee5c \u0111\u01b0\u1ee3c t\u00e2m m\u00ecnh, s\u1eed d\u1ee5ng \u00e1i ng\u1eef l\u1eafng nghe \u0111\u1ec3 ho\u00e0 gi\u1ea3i v\u1edbi ng\u01b0\u1eddi th\u00e2n, \u0111em l\u1ea1i h\u1ea1nh ph\u00fac trong gia \u0111\u00ecnh v\u00e0 trong c\u1ed9ng \u0111\u1ed3ng c\u1ee7a h\u1ecd.<\/p>\n","protected":false},"featured_media":11556,"template":"","meta":{"_acf_changed":false},"product_brand":[],"product_cat":[15,76],"product_tag":[],"class_list":{"0":"post-11557","1":"product","2":"type-product","3":"status-publish","4":"has-post-thumbnail","6":"product_cat-sach-danh-cho-nguoi-lon","7":"product_cat-ton-giao-tam-linh","9":"first","10":"outofstock","11":"taxable","12":"shipping-taxable","13":"purchasable","14":"product-type-simple"},"supplier_id":null,"supplier_sku":"","barcode":null,"atum_controlled":true,"out_stock_date":"2024-08-13 00:06:05","out_stock_threshold":null,"inheritable":false,"inbound_stock":0,"stock_on_hold":0,"sold_today":0,"sales_last_days":0,"reserved_stock":0,"customer_returns":0,"warehouse_damage":0,"lost_in_post":0,"other_logs":0,"out_stock_days":533,"lost_sales":0,"has_location":false,"update_date":"2026-01-28T23:11:22","atum_locations":[],"atum_stock_status":"outofstock","restock_status":false,"low_stock_amount":"","sales_update_date":"2026-01-28T23:11:22","calc_backorders":null,"acf":{"publisher":{"ID":10224,"post_author":"1","post_date":"2021-06-02 18:46:58","post_date_gmt":"2021-06-02 15:46:58","post_content":"","post_title":"Ph\u01b0\u01a1ng Nam","post_excerpt":"","post_status":"publish","comment_status":"closed","ping_status":"closed","post_password":"","post_name":"phuong-nam","to_ping":"","pinged":"","post_modified":"2021-06-02 18:46:58","post_modified_gmt":"2021-06-02 15:46:58","post_content_filtered":"","post_parent":0,"guid":"https:\/\/sachviet.eu\/nha-phat-hanh\/phuong-nam\/","menu_order":0,"post_type":"publisher","post_mime_type":"","comment_count":"0","filter":"raw"}},"_links":{"self":[{"href":"https:\/\/sachviet.eu\/en\/wp-json\/wp\/v2\/product\/11557","targetHints":{"allow":["GET"]}}],"collection":[{"href":"https:\/\/sachviet.eu\/en\/wp-json\/wp\/v2\/product"}],"about":[{"href":"https:\/\/sachviet.eu\/en\/wp-json\/wp\/v2\/types\/product"}],"wp:featuredmedia":[{"embeddable":true,"href":"https:\/\/sachviet.eu\/en\/wp-json\/wp\/v2\/media\/11556"}],"wp:attachment":[{"href":"https:\/\/sachviet.eu\/en\/wp-json\/wp\/v2\/media?parent=11557"}],"wp:term":[{"taxonomy":"product_brand","embeddable":true,"href":"https:\/\/sachviet.eu\/en\/wp-json\/wp\/v2\/product_brand?post=11557"},{"taxonomy":"product_cat","embeddable":true,"href":"https:\/\/sachviet.eu\/en\/wp-json\/wp\/v2\/product_cat?post=11557"},{"taxonomy":"product_tag","embeddable":true,"href":"https:\/\/sachviet.eu\/en\/wp-json\/wp\/v2\/product_tag?post=11557"}],"curies":[{"name":"wp","href":"https:\/\/api.w.org\/{rel}","templated":true}]}}