{"id":11546,"date":"2021-06-03T02:12:25","date_gmt":"2021-06-02T23:12:25","guid":{"rendered":"https:\/\/sachviet.eu\/shop\/gioi-han-cua-ban-chi-la-xuat-phat-diem-cua-toi\/"},"modified":"2022-12-07T17:42:07","modified_gmt":"2022-12-07T15:42:07","slug":"gioi-han-cua-ban-chi-la-xuat-phat-diem-cua-toi","status":"publish","type":"product","link":"https:\/\/sachviet.eu\/en\/shop\/gioi-han-cua-ban-chi-la-xuat-phat-diem-cua-toi\/","title":{"rendered":"Gi\u1edbi H\u1ea1n C\u1ee7a B\u1ea1n Ch\u1ec9 L\u00e0 Xu\u1ea5t Ph\u00e1t \u0110i\u1ec3m C\u1ee7a T\u00f4i"},"content":{"rendered":"<p>Gi\u1edbi h\u1ea1n l\u00e0 g\u00ec?<\/p>\n<p>Gi\u1edbi h\u1ea1n li\u1ec7u c\u00f3 ph\u1ea3i ranh gi\u1edbi an to\u00e0n c\u1ee7a m\u1ed7i ng\u01b0\u1eddi?<\/p>\n<p>C\u00f3 l\u1ebd kh\u00f4ng, gi\u1edbi h\u1ea1n l\u00e0 \u0111\u1ec3 ph\u00e1 b\u1ecf<\/p>\n<p>B\u1edfi gi\u1edbi h\u1ea1n c\u1ee7a b\u1ea1n ch\u1ec9 l\u00e0 xu\u1ea5t ph\u00e1t \u0111i\u1ec3m c\u1ee7a ng\u01b0\u1eddi kh\u00e1c.<\/p>\n<p>T\u00f4i tin r\u1eb1ng b\u1ea1n c\u00f3 nh\u1eefng \u01b0\u1edbc m\u01a1 r\u1ea5t tuy\u1ec7t v\u1eddi, t\u00f4i c\u0169ng tin r\u1eb1ng b\u1ea1n c\u00f3 th\u1ec3 th\u1ef1c hi\u1ec7n \u0111\u01b0\u1ee3c n\u00f3. Nh\u01b0ng \u01b0\u1edbc m\u01a1 m\u00e0 kh\u00f4ng h\u00e0nh \u0111\u1ed9ng th\u00ec m\u00e3i m\u00e3i ch\u1ec9 n\u1eb1m trong m\u1ed9ng t\u01b0\u1edfng, h\u00e0nh tr\u00ecnh d\u00e0i m\u00e0 kh\u00f4ng \u0111i th\u00ec m\u00e3i m\u00e3i v\u1eabn ch\u1eb3ng th\u1ec3 ch\u1ea1m \u0111\u00edch. Gi\u1edbi h\u1ea1n \u0111\u1eb7t ra \u0111\u1ec3 b\u1ee9t ph\u00e1, ch\u1ee9 kh\u00f4ng ph\u1ea3i \u0111i\u1ec3m t\u1eadn c\u00f9ng. T\u00f4i hy v\u1ecdng m\u1ed7i s\u00e1ng \u0111\u00e1nh th\u1ee9c b\u1ea1n d\u1eady kh\u00f4ng ph\u1ea3i l\u00e0 ti\u1ebfng chu\u00f4ng \u0111\u1ed3ng h\u1ed3 m\u00e0 l\u00e0 kh\u00e1t v\u1ecdng l\u1edbn lao trong tr\u00e1i tim b\u1ea1n.<\/p>\n<p>M\u1ed7i khi b\u1ea1n c\u1ea3m th\u1ea5y nh\u1eefng kh\u00f3 kh\u0103n hi\u1ec7n t\u1ea1i \u0111\u00e3 ch\u1ea1m \u0111\u1ebfn gi\u1edbi h\u1ea1n c\u1ee7a m\u00ecnh\u2026 H\u00e3y \u0111\u1ecdc cu\u1ed1n s\u00e1ch n\u00e0y, n\u00f3 s\u1ebd gi\u00fap b\u1ea1n bi\u1ebfn gi\u1edbi h\u1ea1n tr\u1edf th\u00e0nh v\u1ea1ch xu\u1ea5t ph\u00e1t.<\/p>\n","protected":false},"excerpt":{"rendered":"<p>Gi\u1edbi h\u1ea1n l\u00e0 g\u00ec?<\/p>\n<p>Gi\u1edbi h\u1ea1n li\u1ec7u c\u00f3 ph\u1ea3i ranh gi\u1edbi an to\u00e0n c\u1ee7a m\u1ed7i ng\u01b0\u1eddi?<\/p>\n<p>C\u00f3 l\u1ebd kh\u00f4ng, gi\u1edbi h\u1ea1n l\u00e0 \u0111\u1ec3 ph\u00e1 b\u1ecf<\/p>\n<p>B\u1edfi gi\u1edbi h\u1ea1n c\u1ee7a b\u1ea1n ch\u1ec9 l\u00e0 xu\u1ea5t ph\u00e1t \u0111i\u1ec3m c\u1ee7a ng\u01b0\u1eddi kh\u00e1c.<\/p>\n<p>T\u00f4i tin r\u1eb1ng b\u1ea1n c\u00f3 nh\u1eefng \u01b0\u1edbc m\u01a1 r\u1ea5t tuy\u1ec7t v\u1eddi, t\u00f4i c\u0169ng tin r\u1eb1ng b\u1ea1n c\u00f3 th\u1ec3 th\u1ef1c hi\u1ec7n \u0111\u01b0\u1ee3c n\u00f3. Nh\u01b0ng \u01b0\u1edbc m\u01a1 m\u00e0 kh\u00f4ng h\u00e0nh \u0111\u1ed9ng th\u00ec m\u00e3i m\u00e3i ch\u1ec9 n\u1eb1m trong m\u1ed9ng t\u01b0\u1edfng, h\u00e0nh tr\u00ecnh d\u00e0i m\u00e0 kh\u00f4ng \u0111i th\u00ec m\u00e3i m\u00e3i v\u1eabn ch\u1eb3ng th\u1ec3 ch\u1ea1m \u0111\u00edch. Gi\u1edbi h\u1ea1n \u0111\u1eb7t ra \u0111\u1ec3 b\u1ee9t ph\u00e1, ch\u1ee9 kh\u00f4ng ph\u1ea3i \u0111i\u1ec3m t\u1eadn c\u00f9ng. T\u00f4i hy v\u1ecdng m\u1ed7i s\u00e1ng \u0111\u00e1nh th\u1ee9c b\u1ea1n d\u1eady kh\u00f4ng ph\u1ea3i l\u00e0 ti\u1ebfng chu\u00f4ng \u0111\u1ed3ng h\u1ed3 m\u00e0 l\u00e0 kh\u00e1t v\u1ecdng l\u1edbn lao trong tr\u00e1i tim b\u1ea1n.<\/p>\n<p>M\u1ed7i khi b\u1ea1n c\u1ea3m th\u1ea5y nh\u1eefng kh\u00f3 kh\u0103n hi\u1ec7n t\u1ea1i \u0111\u00e3 ch\u1ea1m \u0111\u1ebfn gi\u1edbi h\u1ea1n c\u1ee7a m\u00ecnh\u2026 H\u00e3y \u0111\u1ecdc cu\u1ed1n s\u00e1ch n\u00e0y, n\u00f3 s\u1ebd gi\u00fap b\u1ea1n bi\u1ebfn gi\u1edbi h\u1ea1n tr\u1edf th\u00e0nh v\u1ea1ch xu\u1ea5t ph\u00e1t.<\/p>\n","protected":false},"featured_media":11545,"template":"","meta":{"_acf_changed":false},"product_brand":[],"product_cat":[15,46],"product_tag":[],"class_list":{"0":"post-11546","1":"product","2":"type-product","3":"status-publish","4":"has-post-thumbnail","6":"product_cat-sach-danh-cho-nguoi-lon","7":"product_cat-ky-nang-song","9":"first","10":"outofstock","11":"taxable","12":"shipping-taxable","13":"purchasable","14":"product-type-simple"},"supplier_id":null,"supplier_sku":"","barcode":null,"atum_controlled":true,"out_stock_date":"2022-12-07 15:42:07","out_stock_threshold":null,"inheritable":false,"inbound_stock":0,"stock_on_hold":0,"sold_today":0,"sales_last_days":0,"reserved_stock":0,"customer_returns":0,"warehouse_damage":0,"lost_in_post":0,"other_logs":0,"out_stock_days":1148,"lost_sales":0,"has_location":false,"update_date":"2026-01-28T23:10:50","atum_locations":[],"atum_stock_status":"outofstock","restock_status":false,"low_stock_amount":"","sales_update_date":"2026-01-28T23:10:50","calc_backorders":null,"acf":{"publisher":{"ID":1785,"post_author":"1","post_date":"2021-02-17 01:54:46","post_date_gmt":"2021-02-16 23:54:46","post_content":"<!-- wp:flatsome\/uxbuilder -->\n<h1 style=\"text-align: center;\"><strong>AZ VIETNAM<\/strong><\/h1>\n[row]\n\n[col span=\"8\" span__sm=\"12\"]\n\n<p>Th\u00e0nh l\u1eadp n\u0103m: 2015<br \/>V\u1ed1n \u0111\u1ea7u t\u01b0: 4,000,000,000 \u0111\u1ed3ng<br \/><strong>L\u0129nh v\u1ef1c:<\/strong><br \/>- Xu\u1ea5t b\u1ea3n v\u00e0 ph\u00e1t h\u00e0nh v\u0103n h\u00f3a ph\u1ea9m<br \/>- Cung c\u1ea5p v\u0103n h\u00f3a ph\u1ea9m, c\u00e1c s\u1ea3n ph\u1ea9m cho in \u1ea5n, trang thi\u1ebft b\u1ecb cho c\u00e1c th\u01b0 vi\u1ec7n v\u00e0 trung t\u00e2m s\u00e1ch tr\u00ean c\u1ea3 n\u01b0\u1edbc.<br \/>- Th\u1eddi trang v\u00e0 c\u00e1c s\u1ea3n ph\u1ea9m li\u00ean quan \u0111\u1ebfn l\u0129nh v\u1ef1c th\u1eddi trang<br \/>- Xu\u1ea5t nh\u1eadp kh\u1ea9u c\u00e1c s\u1ea3n ph\u1ea9m v\u0103n h\u00f3a<\/p>\n<p><strong>Quy m\u00f4:<\/strong> 60 nh\u00e2n vi\u00ean<br \/>Kh\u1edfi ngu\u1ed3n c\u1ee7a AZ Vi\u1ec7t Nam ng\u00e0y nay l\u00e0 C\u00f4ng ty TNHH Trung t\u00e2m S\u00e1ch v\u00e0 Thi\u1ebft b\u1ecb Th\u01b0 vi\u1ec7n, v\u1edbi ho\u1ea1t \u0111\u1ed9ng \u0111\u1ea7u ti\u00ean l\u00e0 cung c\u1ea5p s\u00e1ch, trang thi\u1ebft b\u1ecb, v\u0103n h\u00f3a ph\u1ea9m cho c\u00e1c th\u01b0 vi\u1ec7n v\u00e0 trung t\u00e2m s\u00e1ch tr\u00ean c\u1ea3 n\u01b0\u1edbc. T\u1eeb cu\u1ed1i n\u0103m 2010 \u0111\u1ebfn nay, ch\u00fang t\u00f4i \u0111\u00e3 kh\u00f4ng ng\u1eebng n\u1ed7 l\u1ef1c khai ph\u00e1 v\u00e0 ph\u00e1t tri\u1ec3n c\u00e1c d\u00f2ng s\u1ea3n ph\u1ea9m m\u1edbi v\u1edbi 8 th\u01b0\u01a1ng hi\u1ec7u uy t\u00edn. \u0110\u1ec3 \u0111\u00e1p \u1ee9ng nhu c\u1ea7u ph\u00e1t tri\u1ec3n ng\u00e0y m\u1ed9t l\u1edbn m\u1ea1nh v\u00e0 t\u1eadp h\u1ee3p c\u00e1c th\u01b0\u01a1ng hi\u1ec7u \u0111\u00e3 \u0111\u01b0\u1ee3c ch\u00fang t\u00f4i x\u00e2y d\u1ef1ng, 2015 C\u00f4ng ty TNHH AZ Vi\u1ec7t Nam \u0111\u00e3 ra \u0111\u1eddi v\u1edbi s\u1ee9 m\u1ec7nh mang \u0111\u1ebfn nhi\u1ec1u h\u01a1n n\u1eefa nh\u1eefng gi\u00e1 tr\u1ecb tinh th\u1ea7n, tri th\u1ee9c ti\u00ean ti\u1ebfn cho ng\u01b0\u1eddi ti\u00eau d\u00f9ng b\u1eb1ng vi\u1ec7c cung c\u1ea5p nh\u1eefng s\u1ea3n ph\u1ea9m c\u00f3 ch\u1ea5t l\u01b0\u1ee3ng.<\/p>\n\n[\/col]\n[col span=\"4\" span__sm=\"12\"]\n\n[ux_image id=\"1836\" image_size=\"medium\"]\n\n\n[\/col]\n\n[\/row]\n\n<!-- \/wp:flatsome\/uxbuilder -->","post_title":"AZ Vi\u1ec7t Nam","post_excerpt":"","post_status":"publish","comment_status":"closed","ping_status":"closed","post_password":"","post_name":"az-viet-nam","to_ping":"","pinged":"","post_modified":"2021-02-17 22:07:10","post_modified_gmt":"2021-02-17 20:07:10","post_content_filtered":"","post_parent":0,"guid":"https:\/\/sachviet.eu\/nha-phat-hanh\/az-viet-nam\/","menu_order":0,"post_type":"publisher","post_mime_type":"","comment_count":"0","filter":"raw"}},"_links":{"self":[{"href":"https:\/\/sachviet.eu\/en\/wp-json\/wp\/v2\/product\/11546","targetHints":{"allow":["GET"]}}],"collection":[{"href":"https:\/\/sachviet.eu\/en\/wp-json\/wp\/v2\/product"}],"about":[{"href":"https:\/\/sachviet.eu\/en\/wp-json\/wp\/v2\/types\/product"}],"wp:featuredmedia":[{"embeddable":true,"href":"https:\/\/sachviet.eu\/en\/wp-json\/wp\/v2\/media\/11545"}],"wp:attachment":[{"href":"https:\/\/sachviet.eu\/en\/wp-json\/wp\/v2\/media?parent=11546"}],"wp:term":[{"taxonomy":"product_brand","embeddable":true,"href":"https:\/\/sachviet.eu\/en\/wp-json\/wp\/v2\/product_brand?post=11546"},{"taxonomy":"product_cat","embeddable":true,"href":"https:\/\/sachviet.eu\/en\/wp-json\/wp\/v2\/product_cat?post=11546"},{"taxonomy":"product_tag","embeddable":true,"href":"https:\/\/sachviet.eu\/en\/wp-json\/wp\/v2\/product_tag?post=11546"}],"curies":[{"name":"wp","href":"https:\/\/api.w.org\/{rel}","templated":true}]}}