{"id":11543,"date":"2021-06-03T02:06:10","date_gmt":"2021-06-02T23:06:10","guid":{"rendered":"https:\/\/sachviet.eu\/shop\/am-anh-tu-kiep-truoc-bi-mat-cua-su-song-va-cai-chet-tai-ban-2020\/"},"modified":"2023-11-25T17:36:11","modified_gmt":"2023-11-25T15:36:11","slug":"am-anh-tu-kiep-truoc-bi-mat-cua-su-song-va-cai-chet-tai-ban-2020","status":"publish","type":"product","link":"https:\/\/sachviet.eu\/en\/shop\/am-anh-tu-kiep-truoc-bi-mat-cua-su-song-va-cai-chet-tai-ban-2020\/","title":{"rendered":"\u00c1m \u1ea2nh T\u1eeb Ki\u1ebfp Tr\u01b0\u1edbc &#8211; B\u00ed M\u1eadt C\u1ee7a S\u1ef1 S\u1ed1ng V\u00e0 C\u00e1i Ch\u1ebft"},"content":{"rendered":"<p>Cu\u1ed1n s\u00e1ch hay v\u00e0 khi\u00eau kh\u00edch suy ngh\u0129 n\u00e0y \u0111\u00e3 ph\u00e1 v\u1edf nh\u1eefng r\u00e0o c\u1ea3n trong tr\u1ecb li\u1ec7u t\u00e2m l\u00fd truy\u1ec1n th\u1ed1ng v\u00e0 tr\u00ecnh b\u00e0y m\u1ed9t bi\u1ec7n ph\u00e1p tr\u1ecb li\u1ec7u c\u00e1ch t\u00e2n v\u00e0 hi\u1ec7u qu\u1ea3 cao. Nh\u1eefng ai l\u00e0m vi\u1ec7c chuy\u00ean v\u1ec1 s\u1ee9c kh\u1ecfe t\u00e2m th\u1ea7n c\u1ea7n ph\u1ea3i xem x\u00e9t n\u00f3 nghi\u00eam t\u00fac.\u201d \u2013 Edith Fiore, TS., b\u00e1c s\u1ef9 t\u00e2m l\u00fd h\u1ecdc l\u00e2m s\u00e0ng v\u00e0 l\u00e0 t\u00e1c gi\u1ea3 cu\u1ed1n s\u00e1ch B\u1ea1n t\u1eebng \u1edf \u0111\u00e2y tr\u01b0\u1edbc kia (You Have Been Here Before)<\/p>\n<p>V\u1ed1n l\u00e0 nh\u00e0 t\u00e2m l\u00fd tr\u1ecb li\u1ec7u truy\u1ec1n th\u1ed1ng, TS. Brian Weiss \u0111\u00e3 kinh ng\u1ea1c v\u00e0 bi quan khi m\u1ed9t trong nh\u1eefng b\u1ec7nh nh\u00e2n c\u1ee7a m\u00ecnh b\u1eaft \u0111\u1ea7u nh\u1edb l\u1ea1i nh\u1eefng ch\u1ea5n th\u01b0\u01a1ng trong ki\u1ebfp tr\u01b0\u1edbc m\u00e0 ch\u00fang d\u01b0\u1eddng nh\u01b0 l\u00e0 ch\u00eca kh\u00f3a \u0111\u1ec3 gi\u1ea3i quy\u1ebft nh\u1eefng c\u01a1n \u00e1c m\u1ed9ng v\u00e0 lo l\u1eafng l\u1eb7p \u0111i l\u1eb7p l\u1ea1i. Tuy nhi\u00ean, ch\u1ee7 ngh\u0129a bi quan c\u1ee7a \u00f4ng b\u1ecb x\u00f3i m\u00f2n khi c\u00f4 \u1ea5y b\u1eaft \u0111\u1ea7u ph\u00e1t nh\u1eefng th\u00f4ng \u0111i\u1ec7p t\u1eeb \u201cnh\u1eefng sinh th\u1ec3 \u1edf gi\u1eefa kh\u00f4ng gian,\u201d ch\u1ee9a \u0111\u1ef1ng nh\u1eefng ti\u1ebft l\u1ed9 quan tr\u1ecdng v\u1ec1 gia \u0111\u00ecnh c\u1ee7a TS. Weiss v\u00e0 c\u00e1i ch\u1ebft c\u1ee7a con trai \u00f4ng. B\u1eb1ng bi\u1ec7n ph\u00e1p ki\u1ebfp tr\u01b0\u1edbc, \u00f4ng c\u00f3 kh\u1ea3 n\u0103ng ch\u1eefa l\u00e0nh cho b\u1ec7nh nh\u00e2n v\u00e0 m\u1edf ra m\u1ed9t giai \u0111o\u1ea1n m\u1edbi \u0111\u1ea7y \u00fd ngh\u0129a trong ngh\u1ec1 nghi\u1ec7p c\u1ee7a ch\u00ednh m\u00ecnh.<\/p>\n<p>\u201cT\u01b0\u1eddng thu\u1eadt x\u00fac \u0111\u1ed9ng s\u00e2u xa v\u1ec1 s\u1ef1 t\u0129nh th\u1ee9c t\u00e2m linh ngo\u00e0i d\u1ef1 li\u1ec7u c\u1ee7a m\u1ed9t ng\u1eeboi \u0111\u00e0n \u00f4ng. Cu\u1ed1n s\u00e1ch r\u1ea5t can \u0111\u1ea3m n\u00e0y \u0111\u00e3 m\u1edf c\u00e1nh c\u1eeda cho m\u1ed9t cu\u1ed9c h\u00f4n ph\u1ed1i gi\u1eefa khoa h\u1ecdc v\u00e0 si\u00eau h\u00ecnh h\u1ecdc. Cu\u1ed1n s\u00e1ch ph\u1ea3i \u0111\u1ecdc v\u00ec m\u1ed9t th\u1ebf gi\u1edbi kh\u00e1t khao, t\u00ecm ki\u1ebfm linh h\u1ed3n.\u201d \u2013 Jeanne Avery, t\u00e1c gi\u1ea3 c\u1ee7a Chi\u00eam tinh h\u1ecdc v\u00e0 ti\u1ec1n ki\u1ebfp (Astrology and Your Past Lives)<\/p>\n<p>\u201cM\u1ed9t tr\u01b0\u1eddng h\u1ee3p xu\u1ea5t th\u1ea7n l\u1ecbch s\u1eed ch\u1ee9ng minh t\u00ednh hi\u1ec7u qu\u1ea3 c\u1ee7a li\u1ec7u ph\u00e1p ki\u1ebfp tr\u01b0\u1edbc. Cu\u1ed1n s\u00e1ch n\u00e0y s\u1ebd m\u1edf ra nh\u1eefng c\u00e1nh c\u1eeda cho nhi\u1ec1u ng\u01b0\u1eddi ch\u01b0a bao gi\u1edd ngh\u0129 \u0111\u1ebfn t\u00ednh h\u1ee3p l\u00fd c\u1ee7a vi\u1ec7c \u0111\u1ea7u thai tr\u1edf l\u1ea1i.\u201d \u2013 Richard Sutphen, t\u00e1c gi\u1ea3 c\u1ee7a Ti\u1ec1n ki\u1ebfp, t\u00ecnh y\u00eau t\u01b0\u01a1ng lai v\u00e0 b\u1ea1n \u0111\u01b0\u1ee3c sinh tr\u1edf l\u1ea1i \u0111\u1ec3 \u0111\u01b0\u1ee3c b\u00ean nhau (Past Lives, Future Loves and You Were Born Again to Be Together)<\/p>\n<p>TS. Brian L. Weiss, b\u00e1c s\u1ef9 t\u00e2m th\u1ea7n h\u1ecdc, s\u1ed1ng v\u00e0 l\u00e0m vi\u1ec7c \u1edf Miami, Florida. \u00d4ng t\u1ed1t nghi\u1ec7p tr\u01b0\u1eddng \u0111\u1ea1i h\u1ecdc Columbia v\u00e0 tr\u01b0\u1eddng y khoa c\u1ee7a \u0111\u1ea1i h\u1ecdc Yale v\u00e0 l\u00e0 Ch\u1ee7 t\u1ecbch Danh d\u1ef1 T\u00e2m th\u1ea7n h\u1ecdc c\u1ee7a Trung t\u00e2m Y khoa N\u00fai Sinai \u1edf Miami. TS. Weiss v\u1eabn c\u00f3 ph\u00f2ng tr\u1ecb li\u1ec7u ri\u00eang \u1edf Miami v\u00e0 t\u1ed5 ch\u1ee9c nh\u1eefng h\u1ed9i ngh\u1ecb qu\u1ed1c t\u1ebf, h\u1ed9i th\u1ea3o tr\u1ea3i nghi\u1ec7m c\u0169ng nh\u01b0 nh\u1eefng ch\u01b0\u01a1ng tr\u00ecnh hu\u1ea5n luy\u1ec7n cho nh\u1eefng ng\u01b0\u1eddi h\u00e0nh ngh\u1ec1 chuy\u00ean nghi\u1ec7p. \u00d4ng c\u0169ng l\u00e0 t\u00e1c gi\u1ea3 c\u1ee7a \u0110i qua th\u1eddi gian \u0111\u1ec3 ch\u1eefa l\u00e0nh (Through Time Into Healing) v\u00e0 Linh h\u1ed3n c\u0169 x\u00e1c th\u00e2n m\u1edbi.<\/p>\n<p>Th\u00f4ng tin v\u1ec1 t\u00e1c gi\u1ea3:<\/p>\n<p>Brian L. Weiss, M.D<\/p>\n<p>Sau khi t\u1ed1t nghi\u1ec7p h\u1ea1ng \u01b0u, tr\u01b0\u1eddng \u0111\u1ea1i h\u1ecdc Columbia v\u00e0 nh\u1eadn v\u0103n b\u1eb1ng y khoa t\u1ea1i tr\u01b0\u1eddng y khoa c\u1ee7a \u0111\u1ea1i h\u1ecdc Yale, Brian L. Weiss, TS. Y khoa (MD) tham d\u1ef1 ch\u01b0\u01a1ng tr\u00ecnh n\u1ed9i tr\u00fa t\u1ea1i Trung t\u00e2m Y khoa Bellevue, \u0111\u1ea1i h\u1ecdc New York, v\u00e0 th\u0103ng b\u1eadc th\u00e0nh b\u00e1c s\u1ef9 n\u1ed9i tr\u00fa tr\u01b0\u1edfng, Khoa t\u00e2m th\u1ea7n, tr\u01b0\u1eddng y khoa c\u1ee7a \u0111\u1ea1i h\u1ecdc Yale. Hi\u1ec7n TS. Weiss l\u00e0 ch\u1ee7 t\u1ecbch khoa t\u00e2m th\u1ea7n t\u1ea1i Trung t\u00e2m Y khoa N\u00fai Sinai, v\u00f9ng duy\u00ean h\u1ea3i Miami bang Florida v\u00e0 l\u00e0 tr\u1ee3 l\u00fd gi\u00e1o s\u01b0 l\u00e2m s\u00e0ng khoa t\u00e2m th\u1ea7n, tr\u01b0\u1eddng y c\u1ee7a \u0111\u1ea1i h\u1ecdc Miami. \u00d4ng chuy\u00ean nghi\u00ean c\u1ee9u v\u00e0 tr\u1ecb li\u1ec7u t\u00ecnh tr\u1ea1ng lo l\u1eafng v\u00e0 tr\u1ea7m c\u1ea3m, r\u1ed1i lo\u1ea1n gi\u1ea5c ng\u1ee7, r\u1ed1i lo\u1ea1n l\u1ea1m d\u1ee5ng ch\u1ea5t g\u00e2y nghi\u1ec7n, b\u1ec7nh Alzheimer v\u00e0 h\u00f3a h\u1ecdc n\u00e3o.<\/p>\n","protected":false},"excerpt":{"rendered":"<p>Cu\u1ed1n s\u00e1ch hay v\u00e0 khi\u00eau kh\u00edch suy ngh\u0129 n\u00e0y \u0111\u00e3 ph\u00e1 v\u1edf nh\u1eefng r\u00e0o c\u1ea3n trong tr\u1ecb li\u1ec7u t\u00e2m l\u00fd truy\u1ec1n th\u1ed1ng v\u00e0 tr\u00ecnh b\u00e0y m\u1ed9t bi\u1ec7n ph\u00e1p tr\u1ecb li\u1ec7u c\u00e1ch t\u00e2n v\u00e0 hi\u1ec7u qu\u1ea3 cao. Nh\u1eefng ai l\u00e0m vi\u1ec7c chuy\u00ean v\u1ec1 s\u1ee9c kh\u1ecfe t\u00e2m th\u1ea7n c\u1ea7n ph\u1ea3i xem x\u00e9t n\u00f3 nghi\u00eam t\u00fac.\u201d \u2013 Edith Fiore, TS., b\u00e1c s\u1ef9 t\u00e2m l\u00fd h\u1ecdc l\u00e2m s\u00e0ng v\u00e0 l\u00e0 t\u00e1c gi\u1ea3 cu\u1ed1n s\u00e1ch B\u1ea1n t\u1eebng \u1edf \u0111\u00e2y tr\u01b0\u1edbc kia (You Have Been Here Before)<\/p>\n<p>V\u1ed1n l\u00e0 nh\u00e0 t\u00e2m l\u00fd tr\u1ecb li\u1ec7u truy\u1ec1n th\u1ed1ng, TS. Brian Weiss \u0111\u00e3 kinh ng\u1ea1c v\u00e0 bi quan khi m\u1ed9t trong nh\u1eefng b\u1ec7nh nh\u00e2n c\u1ee7a m\u00ecnh b\u1eaft \u0111\u1ea7u nh\u1edb l\u1ea1i nh\u1eefng ch\u1ea5n th\u01b0\u01a1ng trong ki\u1ebfp tr\u01b0\u1edbc m\u00e0 ch\u00fang d\u01b0\u1eddng nh\u01b0 l\u00e0 ch\u00eca kh\u00f3a \u0111\u1ec3 gi\u1ea3i quy\u1ebft nh\u1eefng c\u01a1n \u00e1c m\u1ed9ng v\u00e0 lo l\u1eafng l\u1eb7p \u0111i l\u1eb7p l\u1ea1i. Tuy nhi\u00ean, ch\u1ee7 ngh\u0129a bi quan c\u1ee7a \u00f4ng b\u1ecb x\u00f3i m\u00f2n khi c\u00f4 \u1ea5y b\u1eaft \u0111\u1ea7u ph\u00e1t nh\u1eefng th\u00f4ng \u0111i\u1ec7p t\u1eeb \u201cnh\u1eefng sinh th\u1ec3 \u1edf gi\u1eefa kh\u00f4ng gian,\u201d ch\u1ee9a \u0111\u1ef1ng nh\u1eefng ti\u1ebft l\u1ed9 quan tr\u1ecdng v\u1ec1 gia \u0111\u00ecnh c\u1ee7a TS. Weiss v\u00e0 c\u00e1i ch\u1ebft c\u1ee7a con trai \u00f4ng. B\u1eb1ng bi\u1ec7n ph\u00e1p ki\u1ebfp tr\u01b0\u1edbc, \u00f4ng c\u00f3 kh\u1ea3 n\u0103ng ch\u1eefa l\u00e0nh cho b\u1ec7nh nh\u00e2n v\u00e0 m\u1edf ra m\u1ed9t giai \u0111o\u1ea1n m\u1edbi \u0111\u1ea7y \u00fd ngh\u0129a trong ngh\u1ec1 nghi\u1ec7p c\u1ee7a ch\u00ednh m\u00ecnh.<\/p>\n<p>\u201cT\u01b0\u1eddng thu\u1eadt x\u00fac \u0111\u1ed9ng s\u00e2u xa v\u1ec1 s\u1ef1 t\u0129nh th\u1ee9c t\u00e2m linh ngo\u00e0i d\u1ef1 li\u1ec7u c\u1ee7a m\u1ed9t ng\u1eeboi \u0111\u00e0n \u00f4ng. Cu\u1ed1n s\u00e1ch r\u1ea5t can \u0111\u1ea3m n\u00e0y \u0111\u00e3 m\u1edf c\u00e1nh c\u1eeda cho m\u1ed9t cu\u1ed9c h\u00f4n ph\u1ed1i gi\u1eefa khoa h\u1ecdc v\u00e0 si\u00eau h\u00ecnh h\u1ecdc. Cu\u1ed1n s\u00e1ch ph\u1ea3i \u0111\u1ecdc v\u00ec m\u1ed9t th\u1ebf gi\u1edbi kh\u00e1t khao, t\u00ecm ki\u1ebfm linh h\u1ed3n.\u201d \u2013 Jeanne Avery, t\u00e1c gi\u1ea3 c\u1ee7a Chi\u00eam tinh h\u1ecdc v\u00e0 ti\u1ec1n ki\u1ebfp (Astrology and Your Past Lives)<\/p>\n<p>\u201cM\u1ed9t tr\u01b0\u1eddng h\u1ee3p xu\u1ea5t th\u1ea7n l\u1ecbch s\u1eed ch\u1ee9ng minh t\u00ednh hi\u1ec7u qu\u1ea3 c\u1ee7a li\u1ec7u ph\u00e1p ki\u1ebfp tr\u01b0\u1edbc. Cu\u1ed1n s\u00e1ch n\u00e0y s\u1ebd m\u1edf ra nh\u1eefng c\u00e1nh c\u1eeda cho nhi\u1ec1u ng\u01b0\u1eddi ch\u01b0a bao gi\u1edd ngh\u0129 \u0111\u1ebfn t\u00ednh h\u1ee3p l\u00fd c\u1ee7a vi\u1ec7c \u0111\u1ea7u thai tr\u1edf l\u1ea1i.\u201d \u2013 Richard Sutphen, t\u00e1c gi\u1ea3 c\u1ee7a Ti\u1ec1n ki\u1ebfp, t\u00ecnh y\u00eau t\u01b0\u01a1ng lai v\u00e0 b\u1ea1n \u0111\u01b0\u1ee3c sinh tr\u1edf l\u1ea1i \u0111\u1ec3 \u0111\u01b0\u1ee3c b\u00ean nhau (Past Lives, Future Loves and You Were Born Again to Be Together)<\/p>\n<p>TS. Brian L. Weiss, b\u00e1c s\u1ef9 t\u00e2m th\u1ea7n h\u1ecdc, s\u1ed1ng v\u00e0 l\u00e0m vi\u1ec7c \u1edf Miami, Florida. \u00d4ng t\u1ed1t nghi\u1ec7p tr\u01b0\u1eddng \u0111\u1ea1i h\u1ecdc Columbia v\u00e0 tr\u01b0\u1eddng y khoa c\u1ee7a \u0111\u1ea1i h\u1ecdc Yale v\u00e0 l\u00e0 Ch\u1ee7 t\u1ecbch Danh d\u1ef1 T\u00e2m th\u1ea7n h\u1ecdc c\u1ee7a Trung t\u00e2m Y khoa N\u00fai Sinai \u1edf Miami. TS. Weiss v\u1eabn c\u00f3 ph\u00f2ng tr\u1ecb li\u1ec7u ri\u00eang \u1edf Miami v\u00e0 t\u1ed5 ch\u1ee9c nh\u1eefng h\u1ed9i ngh\u1ecb qu\u1ed1c t\u1ebf, h\u1ed9i th\u1ea3o tr\u1ea3i nghi\u1ec7m c\u0169ng nh\u01b0 nh\u1eefng ch\u01b0\u01a1ng tr\u00ecnh hu\u1ea5n luy\u1ec7n cho nh\u1eefng ng\u01b0\u1eddi h\u00e0nh ngh\u1ec1 chuy\u00ean nghi\u1ec7p. \u00d4ng c\u0169ng l\u00e0 t\u00e1c gi\u1ea3 c\u1ee7a \u0110i qua th\u1eddi gian \u0111\u1ec3 ch\u1eefa l\u00e0nh (Through Time Into Healing) v\u00e0 Linh h\u1ed3n c\u0169 x\u00e1c th\u00e2n m\u1edbi.<\/p>\n","protected":false},"featured_media":11540,"template":"","meta":{"_acf_changed":false},"product_brand":[],"product_cat":[15,76],"product_tag":[],"class_list":{"0":"post-11543","1":"product","2":"type-product","3":"status-publish","4":"has-post-thumbnail","6":"product_cat-sach-danh-cho-nguoi-lon","7":"product_cat-ton-giao-tam-linh","9":"first","10":"outofstock","11":"taxable","12":"shipping-taxable","13":"purchasable","14":"product-type-simple"},"supplier_id":null,"supplier_sku":"","barcode":null,"atum_controlled":true,"out_stock_date":"2023-11-25 15:36:11","out_stock_threshold":null,"inheritable":false,"inbound_stock":0,"stock_on_hold":0,"sold_today":0,"sales_last_days":0,"reserved_stock":0,"customer_returns":0,"warehouse_damage":0,"lost_in_post":0,"other_logs":0,"out_stock_days":795,"lost_sales":0,"has_location":false,"update_date":"2026-01-28T23:10:50","atum_locations":[],"atum_stock_status":"outofstock","restock_status":false,"low_stock_amount":"","sales_update_date":"2026-01-28T23:10:50","calc_backorders":null,"acf":{"publisher":{"ID":1474,"post_author":"1","post_date":"2021-02-17 01:12:51","post_date_gmt":"2021-02-16 23:12:51","post_content":"","post_title":"Th\u00e1i H\u00e0","post_excerpt":"","post_status":"publish","comment_status":"closed","ping_status":"closed","post_password":"","post_name":"thai-ha","to_ping":"","pinged":"","post_modified":"2021-02-17 01:12:51","post_modified_gmt":"2021-02-16 23:12:51","post_content_filtered":"","post_parent":0,"guid":"https:\/\/sachviet.eu\/nha-phat-hanh\/thai-ha\/","menu_order":0,"post_type":"publisher","post_mime_type":"","comment_count":"0","filter":"raw"}},"_links":{"self":[{"href":"https:\/\/sachviet.eu\/en\/wp-json\/wp\/v2\/product\/11543","targetHints":{"allow":["GET"]}}],"collection":[{"href":"https:\/\/sachviet.eu\/en\/wp-json\/wp\/v2\/product"}],"about":[{"href":"https:\/\/sachviet.eu\/en\/wp-json\/wp\/v2\/types\/product"}],"wp:featuredmedia":[{"embeddable":true,"href":"https:\/\/sachviet.eu\/en\/wp-json\/wp\/v2\/media\/11540"}],"wp:attachment":[{"href":"https:\/\/sachviet.eu\/en\/wp-json\/wp\/v2\/media?parent=11543"}],"wp:term":[{"taxonomy":"product_brand","embeddable":true,"href":"https:\/\/sachviet.eu\/en\/wp-json\/wp\/v2\/product_brand?post=11543"},{"taxonomy":"product_cat","embeddable":true,"href":"https:\/\/sachviet.eu\/en\/wp-json\/wp\/v2\/product_cat?post=11543"},{"taxonomy":"product_tag","embeddable":true,"href":"https:\/\/sachviet.eu\/en\/wp-json\/wp\/v2\/product_tag?post=11543"}],"curies":[{"name":"wp","href":"https:\/\/api.w.org\/{rel}","templated":true}]}}