{"id":11539,"date":"2021-06-03T02:05:53","date_gmt":"2021-06-02T23:05:53","guid":{"rendered":"https:\/\/sachviet.eu\/shop\/chuot-bong-set-10-quyen\/"},"modified":"2022-05-28T11:52:22","modified_gmt":"2022-05-28T08:52:22","slug":"chuot-bong-set-10-quyen","status":"publish","type":"product","link":"https:\/\/sachviet.eu\/en\/shop\/chuot-bong-set-10-quyen\/","title":{"rendered":"Chu\u1ed9t B\u00f4ng &#8211; Set 10 quy\u1ec3n"},"content":{"rendered":"<p>\u0110\u1ed1i v\u1edbi anh n\u00e0o \u0111ang t\u1eadp t\u1ec5nh b\u01b0\u1edbc v\u00e0o con \u0111\u01b0\u1eddng khoa c\u1eed, th\u00ec b\u1ed9 Chu\u1ed9t B\u00f4ng th\u1ef1c s\u1ef1 l\u00e0 m\u1ed9t c\u1ee9u tinh. B\u1edfi v\u00ec, ch\u1eef r\u1ea5t to, r\u00f5 r\u00e0ng, to\u00e0n nh\u1eefng t\u1eeb d\u1ec5 hi\u1ec3u, r\u1ea5t d\u1ec5 \u0111\u00e1nh v\u1ea7n. \u0110\u00e3 th\u1ebf, m\u1ed7i c\u00e2u l\u1ea1i \u0111\u01b0\u1ee3c \u0103n b\u1edbt v\u00e0i ch\u1eef, thay v\u00e0o \u0111\u00f3 l\u00e0 h\u00ecnh \u1ea3nh. \u00dai gi\u1eddi, nh\u1eb9 c\u1ea3 ng\u01b0\u1eddi. Nhi\u1ec7m v\u1ee5 kh\u00f3 kh\u0103n th\u1ebf, b\u1edbt x\u00e9n \u0111\u01b0\u1ee3c t\u1eeb n\u00e0o, qu\u00fd t\u1eeb \u0111\u1ea5y. H\u01a1n th\u1ebf, tranh v\u1ebd l\u1ea1i s\u1eafc n\u00e9t v\u00e0 bi\u1ec3u c\u1ea3m n\u1eefa.<br \/>\n\u0110\u1ed3ng th\u1eddi, b\u1ecdn tr\u1ebb con b\u00e2y gi\u1edd l\u1ea1i c\u00f3 d\u1ea1ng b\u00e0i t\u1eadp l\u00e0 m\u00f4 t\u1ea3 tranh. \u0110\u1ed1i v\u1edbi d\u1ea1ng b\u00e0i n\u00e0y th\u00ec \u0111\u00f2i h\u1ecfi c\u00e1c b\u1eadc h\u00e0n s\u1ef9 c\u1ee7a ch\u00fang ta ph\u1ea3i c\u00f3 v\u1ed1n t\u1eeb v\u1ef1ng kha kh\u00e1. N\u1ebfu kh\u00f4ng c\u00f3 v\u1ed1n t\u1eeb, l\u00e0 t\u1eafc t\u1ecb lu\u00f4n. May qu\u00e1, CHU\u1ed8T B\u00d4NG s\u1ebd c\u1ea5p cho anh m\u1ed9t l\u01b0\u1ee3ng t\u1eeb nh\u1ea5t \u0111\u1ecbnh. L\u00fac n\u00e0y nhi\u1ec7m v\u1ee5 m\u00f4 t\u1ea3 tranh s\u1ebd tr\u1edf n\u00ean nh\u1eb9 nh\u00f5m d\u1ec5 th\u1edf h\u01a1n nhi\u1ec1u.<br \/>\nC\u00f2n v\u1edbi anh n\u00e0o kh\u00f4ng ph\u1ea3i lo luy\u1ec7n ch\u01b0\u1edfng d\u00f9i m\u00e0i kinh s\u1eed, th\u00ec c\u1ee9 v\u00f4 t\u01b0 m\u00e0 tr\u00e8o l\u00ean c\u1ed5 b\u1ed1 anh ng\u1ed3i r\u1ed3i b\u1ea3o, b\u1ed1 \u0111\u1ecdc cho con nghe \u0111i. L\u00fac n\u00e0o b\u1ed1 anh t\u1ea1m pause, ho\u1eb7c k\u00e9o d\u00e0i gi\u1ecdng ra nh\u01b0 c\u00e1i b\u0103ng c\u00f4 roa b\u1ecb nh\u00e3o, th\u00ec anh ch\u1ee7 \u0111\u1ed9ng nh\u00ecn v\u00e0o h\u00ecnh v\u1ebd, t\u00ecm t\u1eeb th\u00edch h\u1ee3p \u0111\u1ec3 \u0111i\u1ec1n v\u00e0o ch\u1ed7 tr\u1ed1ng. Nh\u1edb h\u00e9t \u0111\u00e1p \u00e1n to to ch\u00fat, cho b\u1ed1 anh ph\u1ea5n kh\u1edfi.<\/p>\n","protected":false},"excerpt":{"rendered":"<p>\u0110\u1ed1i v\u1edbi anh n\u00e0o \u0111ang t\u1eadp t\u1ec5nh b\u01b0\u1edbc v\u00e0o con \u0111\u01b0\u1eddng khoa c\u1eed, th\u00ec b\u1ed9 Chu\u1ed9t B\u00f4ng th\u1ef1c s\u1ef1 l\u00e0 m\u1ed9t c\u1ee9u tinh. B\u1edfi v\u00ec, ch\u1eef r\u1ea5t to, r\u00f5 r\u00e0ng, to\u00e0n nh\u1eefng t\u1eeb d\u1ec5 hi\u1ec3u, r\u1ea5t d\u1ec5 \u0111\u00e1nh v\u1ea7n. \u0110\u00e3 th\u1ebf, m\u1ed7i c\u00e2u l\u1ea1i \u0111\u01b0\u1ee3c \u0103n b\u1edbt v\u00e0i ch\u1eef, thay v\u00e0o \u0111\u00f3 l\u00e0 h\u00ecnh \u1ea3nh. \u00dai gi\u1eddi, nh\u1eb9 c\u1ea3 ng\u01b0\u1eddi. Nhi\u1ec7m v\u1ee5 kh\u00f3 kh\u0103n th\u1ebf, b\u1edbt x\u00e9n \u0111\u01b0\u1ee3c t\u1eeb n\u00e0o, qu\u00fd t\u1eeb \u0111\u1ea5y. H\u01a1n th\u1ebf, tranh v\u1ebd l\u1ea1i s\u1eafc n\u00e9t v\u00e0 bi\u1ec3u c\u1ea3m n\u1eefa.<br \/>\n\u0110\u1ed3ng th\u1eddi, b\u1ecdn tr\u1ebb con b\u00e2y gi\u1edd l\u1ea1i c\u00f3 d\u1ea1ng b\u00e0i t\u1eadp l\u00e0 m\u00f4 t\u1ea3 tranh. \u0110\u1ed1i v\u1edbi d\u1ea1ng b\u00e0i n\u00e0y th\u00ec \u0111\u00f2i h\u1ecfi c\u00e1c b\u1eadc h\u00e0n s\u1ef9 c\u1ee7a ch\u00fang ta ph\u1ea3i c\u00f3 v\u1ed1n t\u1eeb v\u1ef1ng kha kh\u00e1. N\u1ebfu kh\u00f4ng c\u00f3 v\u1ed1n t\u1eeb, l\u00e0 t\u1eafc t\u1ecb lu\u00f4n. May qu\u00e1, CHU\u1ed8T B\u00d4NG s\u1ebd c\u1ea5p cho anh m\u1ed9t l\u01b0\u1ee3ng t\u1eeb nh\u1ea5t \u0111\u1ecbnh. L\u00fac n\u00e0y nhi\u1ec7m v\u1ee5 m\u00f4 t\u1ea3 tranh s\u1ebd tr\u1edf n\u00ean nh\u1eb9 nh\u00f5m d\u1ec5 th\u1edf h\u01a1n nhi\u1ec1u.<br \/>\nC\u00f2n v\u1edbi anh n\u00e0o kh\u00f4ng ph\u1ea3i lo luy\u1ec7n ch\u01b0\u1edfng d\u00f9i m\u00e0i kinh s\u1eed, th\u00ec c\u1ee9 v\u00f4 t\u01b0 m\u00e0 tr\u00e8o l\u00ean c\u1ed5 b\u1ed1 anh ng\u1ed3i r\u1ed3i b\u1ea3o, b\u1ed1 \u0111\u1ecdc cho con nghe \u0111i. L\u00fac n\u00e0o b\u1ed1 anh t\u1ea1m pause, ho\u1eb7c k\u00e9o d\u00e0i gi\u1ecdng ra nh\u01b0 c\u00e1i b\u0103ng c\u00f4 roa b\u1ecb nh\u00e3o, th\u00ec anh ch\u1ee7 \u0111\u1ed9ng nh\u00ecn v\u00e0o h\u00ecnh v\u1ebd, t\u00ecm t\u1eeb th\u00edch h\u1ee3p \u0111\u1ec3 \u0111i\u1ec1n v\u00e0o ch\u1ed7 tr\u1ed1ng. Nh\u1edb h\u00e9t \u0111\u00e1p \u00e1n to to ch\u00fat, cho b\u1ed1 anh ph\u1ea5n kh\u1edfi.<\/p>\n","protected":false},"featured_media":11524,"template":"","meta":{"_acf_changed":false},"product_brand":[],"product_cat":[25,17],"product_tag":[],"class_list":{"0":"post-11539","1":"product","2":"type-product","3":"status-publish","4":"has-post-thumbnail","6":"product_cat-nhi-dong-6-tuoi-12-tuoi","7":"product_cat-sach-danh-cho-cac-be","9":"first","10":"outofstock","11":"taxable","12":"shipping-taxable","13":"purchasable","14":"product-type-simple"},"supplier_id":null,"supplier_sku":"","barcode":null,"atum_controlled":true,"out_stock_date":"2022-05-28 05:52:22","out_stock_threshold":null,"inheritable":false,"inbound_stock":0,"stock_on_hold":0,"sold_today":0,"sales_last_days":0,"reserved_stock":0,"customer_returns":0,"warehouse_damage":0,"lost_in_post":0,"other_logs":0,"out_stock_days":1341,"lost_sales":0,"has_location":false,"update_date":"2026-01-28T23:10:50","atum_locations":[],"atum_stock_status":"outofstock","restock_status":false,"low_stock_amount":"","sales_update_date":"2026-01-28T23:10:50","calc_backorders":null,"acf":{"publisher":{"ID":11523,"post_author":"1","post_date":"2021-06-03 02:05:12","post_date_gmt":"2021-06-02 23:05:12","post_content":"","post_title":"Tr\u00e0ng Thi","post_excerpt":"","post_status":"publish","comment_status":"closed","ping_status":"closed","post_password":"","post_name":"trang-thi","to_ping":"","pinged":"","post_modified":"2021-06-03 02:05:12","post_modified_gmt":"2021-06-02 23:05:12","post_content_filtered":"","post_parent":0,"guid":"https:\/\/sachviet.eu\/nha-phat-hanh\/trang-thi\/","menu_order":0,"post_type":"publisher","post_mime_type":"","comment_count":"0","filter":"raw"}},"_links":{"self":[{"href":"https:\/\/sachviet.eu\/en\/wp-json\/wp\/v2\/product\/11539","targetHints":{"allow":["GET"]}}],"collection":[{"href":"https:\/\/sachviet.eu\/en\/wp-json\/wp\/v2\/product"}],"about":[{"href":"https:\/\/sachviet.eu\/en\/wp-json\/wp\/v2\/types\/product"}],"wp:featuredmedia":[{"embeddable":true,"href":"https:\/\/sachviet.eu\/en\/wp-json\/wp\/v2\/media\/11524"}],"wp:attachment":[{"href":"https:\/\/sachviet.eu\/en\/wp-json\/wp\/v2\/media?parent=11539"}],"wp:term":[{"taxonomy":"product_brand","embeddable":true,"href":"https:\/\/sachviet.eu\/en\/wp-json\/wp\/v2\/product_brand?post=11539"},{"taxonomy":"product_cat","embeddable":true,"href":"https:\/\/sachviet.eu\/en\/wp-json\/wp\/v2\/product_cat?post=11539"},{"taxonomy":"product_tag","embeddable":true,"href":"https:\/\/sachviet.eu\/en\/wp-json\/wp\/v2\/product_tag?post=11539"}],"curies":[{"name":"wp","href":"https:\/\/api.w.org\/{rel}","templated":true}]}}