{"id":1153,"date":"2021-02-14T16:39:05","date_gmt":"2021-02-14T14:39:05","guid":{"rendered":"https:\/\/sachviet.eu\/shop\/the-gioi-o-to-set-6-quyen\/"},"modified":"2021-06-06T15:59:02","modified_gmt":"2021-06-06T12:59:02","slug":"the-gioi-o-to-set-6-quyen","status":"publish","type":"product","link":"https:\/\/sachviet.eu\/en\/shop\/the-gioi-o-to-set-6-quyen\/","title":{"rendered":"Th\u1ebf gi\u1edbi \u00f4 t\u00f4 &#8211; set 6 quy\u1ec3n"},"content":{"rendered":"<p>Ch\u00e0o c\u00e1c b\u1ea1n nh\u1ecf, ng\u00e0y n\u00e0o c\u00e1c b\u1ea1n c\u0169ng tr\u00f4ng th\u1ea5y xe t\u1eafc-xi ph\u1ea3i kh\u00f4ng? T\u1edb l\u00e0 t\u1eafc-xi v\u00e0ng. T\u1edb l\u00e0 m\u1ed9t chi\u1ebfc t\u1eafc-xi r\u1ea5t \u0111\u1eb7c bi\u1ec7t. Mau mau gi\u1edf s\u00e1ch xem t\u1edb nhi\u1ec7t t\u00ecnh gi\u00fap \u0111\u1ee1 m\u1ecdi ng\u01b0\u1eddi th\u1ebf n\u00e0o nh\u00e9!<\/p>\n<p>B\u1ed9 s\u00e1ch n\u00e0y g\u1ed3m 6 cu\u1ed1n:<\/p>\n<p><strong>Xe ch\u1edf h\u00e0ng t\u1ed1t b\u1ee5ng, <\/strong><\/p>\n<p><strong>Chi\u1ebfc xe bu\u00fdt chu \u0111\u00e1o, <\/strong><\/p>\n<p><strong>Xe c\u1ea3nh s\u00e1t th\u1ea7n t\u1ed1c, <\/strong><\/p>\n<p><strong>Xe t\u1eafc xi nhanh nh\u1eb9n, <\/strong><\/p>\n<p><strong>Xe c\u1ee9u h\u1ecfa thi\u1ec7n ngh\u1ec7, <\/strong><\/p>\n<p><strong>Xe c\u1ee9u th\u01b0\u01a1ng nhi\u1ec7t t\u00ecnh.<\/strong><\/p>\n<p>M\u1ed7i cu\u1ed1n s\u00e1ch k\u1ec3 v\u1ec1 m\u1ed9t lo\u1ea1i xe v\u1edbi \u0111\u1eb7c t\u00ednh ri\u00eang, nh\u00e2n c\u00e1ch h\u00f3a nh\u01b0 ng\u01b0\u1eddi. Kh\u1ed5 s\u00e1ch nh\u1ecf g\u1ecdn, c\u1ea7m \u0111\u1ecdc d\u1ec5 d\u00e0ng, h\u00ecnh d\u00e1ng b\u1ed9 s\u00e1ch nh\u01b0 chi\u1ebfc \u00f4 t\u00f4 nh\u1ecf, khi\u1ebfn c\u00e1c em th\u00edch m\u00ea.<\/p>\n  <div class=\"banner-grid-wrapper\">\n  <div id=\"banner-grid-607724891\" class=\"banner-grid row row-grid row-small\" data-packery-options=\"\">\n                      \n<div class=\"col grid-col large-5 grid-col-1\" ><div class=\"col-inner\">\n\t<div class=\"img has-hover x md-x lg-x y md-y lg-y\" id=\"image_684767044\">\n\t\t\t\t\t\t\t\t<div class=\"img-inner dark\" >\n\t\t\t<img loading=\"lazy\" decoding=\"async\" width=\"720\" height=\"960\" src=\"https:\/\/sachviet.eu\/wp-content\/uploads\/2021\/02\/149185890_10158025210847879_8868732705346416736_o.jpg\" class=\"attachment-large size-large\" alt=\"\" srcset=\"https:\/\/sachviet.eu\/wp-content\/uploads\/2021\/02\/149185890_10158025210847879_8868732705346416736_o.jpg 720w, https:\/\/sachviet.eu\/wp-content\/uploads\/2021\/02\/149185890_10158025210847879_8868732705346416736_o-225x300.jpg 225w, https:\/\/sachviet.eu\/wp-content\/uploads\/2021\/02\/149185890_10158025210847879_8868732705346416736_o-600x800.jpg 600w\" sizes=\"auto, (max-width: 720px) 100vw, 720px\" \/>\t\t\t\t\t\t\n\t\t\t\t\t<\/div>\n\t\t\t\t\t\t\t\t\n<style>\n#image_684767044 {\n  width: 100%;\n}\n<\/style>\n\t<\/div>\n\t\n<\/div><\/div>\n<div class=\"col grid-col large-7 grid-col-1\" ><div class=\"col-inner\">\n\t<div class=\"img has-hover x md-x lg-x y md-y lg-y\" id=\"image_2086047314\">\n\t\t\t\t\t\t\t\t<div class=\"img-inner dark\" >\n\t\t\t<img loading=\"lazy\" decoding=\"async\" width=\"960\" height=\"720\" src=\"https:\/\/sachviet.eu\/wp-content\/uploads\/2021\/02\/148707849_10158025210437879_6535311277753979282_o.jpg\" class=\"attachment-large size-large\" alt=\"\" srcset=\"https:\/\/sachviet.eu\/wp-content\/uploads\/2021\/02\/148707849_10158025210437879_6535311277753979282_o.jpg 960w, https:\/\/sachviet.eu\/wp-content\/uploads\/2021\/02\/148707849_10158025210437879_6535311277753979282_o-300x225.jpg 300w, https:\/\/sachviet.eu\/wp-content\/uploads\/2021\/02\/148707849_10158025210437879_6535311277753979282_o-768x576.jpg 768w, https:\/\/sachviet.eu\/wp-content\/uploads\/2021\/02\/148707849_10158025210437879_6535311277753979282_o-600x450.jpg 600w\" sizes=\"auto, (max-width: 960px) 100vw, 960px\" \/>\t\t\t\t\t\t\n\t\t\t\t\t<\/div>\n\t\t\t\t\t\t\t\t\n<style>\n#image_2086047314 {\n  width: 100%;\n}\n<\/style>\n\t<\/div>\n\t\n<\/div><\/div>\n            <\/div>\n    <style>\n    #banner-grid-607724891 .grid-col-1{height: 600px}\n    #banner-grid-607724891 .grid-col-1-2{height: 300px}\n    #banner-grid-607724891 .grid-col-1-3{height:200px}\n    #banner-grid-607724891 .grid-col-2-3{height: 400px}\n    #banner-grid-607724891 .grid-col-1-4{height: 150px}\n    #banner-grid-607724891 .grid-col-3-4{height: 450px}\n\n\n    \n    \n\n  <\/style>\n    <\/div>\n  \n","protected":false},"excerpt":{"rendered":"<p>N\u1ebfu b\u00e9 nh\u00e0 b\u1ea1n ham m\u00ea c\u00e1c lo\u1ea1i ph\u01b0\u01a1ng ti\u1ec7n giao th\u00f4ng th\u00ec ch\u1eafc s\u1ebd r\u1ea5t th\u00edch b\u1ed9 s\u00e1ch Th\u1ebf Gi\u1edbi \u00d4 T\u00f4. Combo n\u00e0y g\u1ed3m 6 cu\u1ed1n v\u1ec1 Xe ch\u1edf h\u00e0ng t\u1ed1t b\u1ee5ng, Chi\u1ebfc xe bu\u00fdt chu \u0111\u00e1o, Xe c\u1ea3nh s\u00e1t th\u1ea7n t\u1ed1c, Xe t\u1eafc xi nhanh nh\u1eb9n, Xe c\u1ee9u h\u1ecfa thi\u1ec7n ngh\u1ec7, Xe c\u1ee9u th\u01b0\u01a1ng nhi\u1ec7t t\u00ecnh. Truy\u1ec7n n\u00f3i v\u1ec1 lo\u1ea1i xe n\u00e0o th\u00ec s\u00e1ch c\u00f3 h\u00ecnh d\u00e1ng c\u1ee7a lo\u1ea1i xe \u0111\u00f3 k\u00e8m theo nh\u1eefng \u0111\u1eb7c t\u00ednh ri\u00eang, kh\u1ed5 s\u00e1ch nh\u1ecf g\u1ecdn s\u1ebd khi\u1ebfn c\u00e1c b\u00e9 d\u1ec5 d\u00e0ng t\u1ef1 c\u1ea7m \u0111\u1ecdc<\/p>\n<p>M\u1ed7i cu\u1ed1n s\u00e1ch g\u1ed3m 4 m\u1ea9u chuy\u1ec7n nh\u1ecf s\u1ebd gi\u00fap b\u00e9 hi\u1ec3u v\u1ec1 c\u00f4ng vi\u1ec7c c\u1ee7a t\u1eebng chi\u1ebfc xe, khi n\u00e0o c\u1ea7n lo\u1ea1i xe n\u00e0o v\u00e0 c\u00e1ch \u1ee9ng x\u1eed cho ph\u00f9 h\u1ee3p khi s\u1eed d\u1ee5ng lo\u1ea1i xe \u0111\u00f3. Ch\u1eb3ng h\u1ea1n tr\u00ean Xe bu\u00fdt c\u00f4ng c\u1ed9ng th\u00ec b\u00e9 c\u1ea7n bi\u1ebft x\u1ebfp h\u00e0ng \u0111\u1ee3i v\u00e0 ch\u00fa \u00fd an to\u00e0n khi l\u00ean xe c\u0169ng nh\u01b0 khi xe di chuy\u1ec3n, ngo\u00e0i ra c\u0169ng n\u00ean ch\u00fa \u00fd \u0111\u1ebfn ph\u00e9p l\u1ecbch s\u1ef1 nh\u01b0\u1eddng gh\u1ebf cho ng\u01b0\u1eddi l\u1edbn tu\u1ed5i v\u00e0 c\u00e1c tr\u01b0\u1eddng h\u1ee3p \u0111\u1eb7c bi\u1ec7t kh\u00e1c. Hay v\u1edbi Xe c\u1ee9u th\u01b0\u01a1ng nhi\u1ec7t t\u00ecnh chuy\u00ean \u0111i gi\u00fap ng\u01b0\u1eddi th\u00ec b\u00e9 ph\u1ea3i bi\u1ebft nh\u01b0\u1eddng \u0111\u01b0\u1eddng khi nghe ti\u1ebfng c\u00f2i h\u1ee5 hay ch\u1ec9 \u0111\u01b0\u1ee3c g\u1ecdi s\u1ed1 \u0111i\u1ec7n tho\u1ea1i kh\u1ea9n c\u1ea5p trong tr\u01b0\u1eddng h\u1ee3p th\u1ef1c s\u1ef1 c\u1ea7n thi\u1ebft. \u0110i\u1ec1u duy nh\u1ea5t b\u1ed1 m\u1eb9 c\u1ea7n ch\u00fa \u00fd nh\u1eafc con khi \u0111\u1ecdc truy\u1ec7n l\u00e0 \u1edf Ph\u1ea7n Lan ch\u1ec9 d\u00f9ng 1 s\u1ed1 \u0111i\u1ec7n tho\u1ea1i l\u00e0 112 cho m\u1ecdi tr\u01b0\u1eddng h\u1ee3p kh\u1ea9n c\u1ea5p th\u00f4i, \u0111\u01a1n gi\u1ea3n d\u1ec5 nh\u1edb h\u01a1n h\u1eb3n nh\u1ec9.<\/p>\n<p>\u0110\u00e2y l\u00e0 m\u1ed9t trong nh\u1eefng b\u1ed9 s\u00e1ch \u0111\u1ea7u ti\u00ean m\u00ecnh mua cho b\u1ea1n nh\u1ecf \u1edf nh\u00e0 t\u1eeb h\u1ed3i m\u1edbi sinh v\u00e0 v\u1eabn \u0111\u1ecdc \u0111\u1ebfn t\u1eadn b\u00e2y gi\u1edd khi \u0111\u00e3 5 tu\u1ed5i n\u00ean nhi\u1ec1u trang \u0111\u00e3 ph\u1ea3i d\u00f9ng b\u0103ng d\u00ednh \u0111\u1ec3 gia c\u1ed1 th\u00eam. Hy v\u1ecdng c\u00e1c b\u1ea1n nh\u1ecf kh\u00e1c c\u0169ng s\u1ebd y\u00eau th\u00edch combo n\u00e0y.<\/p>\n","protected":false},"featured_media":1135,"template":"","meta":{"_acf_changed":false},"product_brand":[],"product_cat":[24,17],"product_tag":[],"class_list":{"0":"post-1153","1":"product","2":"type-product","3":"status-publish","4":"has-post-thumbnail","6":"product_cat-nha-tre-mau-giao-0-tuoi-6-tuoi","7":"product_cat-sach-danh-cho-cac-be","9":"first","10":"outofstock","11":"taxable","12":"shipping-taxable","13":"purchasable","14":"product-type-simple"},"supplier_id":null,"supplier_sku":"","barcode":null,"atum_controlled":true,"out_stock_date":"2021-06-06 12:59:02","out_stock_threshold":null,"inheritable":false,"inbound_stock":0,"stock_on_hold":0,"sold_today":0,"sales_last_days":0,"reserved_stock":0,"customer_returns":0,"warehouse_damage":0,"lost_in_post":0,"other_logs":0,"out_stock_days":1697,"lost_sales":0,"has_location":false,"update_date":"2026-01-28T23:10:29","atum_locations":[],"atum_stock_status":"outofstock","restock_status":false,"low_stock_amount":"","sales_update_date":"2026-01-28T23:10:29","calc_backorders":null,"acf":{"publisher":{"ID":1454,"post_author":"1","post_date":"2021-02-17 01:11:34","post_date_gmt":"2021-02-16 23:11:34","post_content":"<!-- wp:flatsome\/uxbuilder -->\n<h1 style=\"text-align: center;\"><strong>Kim \u0110\u1ed3ng<\/strong><\/h1>\n[row]\n\n[col span=\"3\" span__sm=\"12\"]\n\n[ux_image id=\"1534\" image_size=\"medium\"]\n\n\n[\/col]\n[col span=\"9\" span__sm=\"12\"]\n\n<p>Nh\u00e0 xu\u1ea5t b\u1ea3n Kim \u0110\u1ed3ng tr\u1ef1c thu\u1ed9c Trung \u01b0\u01a1ng \u0110o\u00e0n TNCS H\u1ed3 Ch\u00ed Minh l\u00e0 Nh\u00e0 xu\u1ea5t b\u1ea3n t\u1ed5ng h\u1ee3p c\u00f3 ch\u1ee9c n\u0103ng xu\u1ea5t b\u1ea3n s\u00e1ch v\u00e0 v\u0103n h\u00f3a ph\u1ea9m ph\u1ee5c v\u1ee5 thi\u1ebfu nhi v\u00e0 c\u00e1c b\u1eadc ph\u1ee5 huynh trong c\u1ea3 n\u01b0\u1edbc, qu\u1ea3ng b\u00e1 v\u00e0 gi\u1edbi thi\u1ec7u v\u0103n h\u00f3a Vi\u1ec7t Nam ra th\u1ebf gi\u1edbi.<br \/>Nh\u00e0 xu\u1ea5t b\u1ea3n c\u00f3 nhi\u1ec7m v\u1ee5 t\u1ed5 ch\u1ee9c b\u1ea3n th\u1ea3o, bi\u00ean so\u1ea1n, bi\u00ean d\u1ecbch, xu\u1ea5t b\u1ea3n v\u00e0 ph\u00e1t h\u00e0nh c\u00e1c xu\u1ea5t b\u1ea3n ph\u1ea9m c\u00f3 n\u1ed9i dung: gi\u00e1o d\u1ee5c truy\u1ec1n th\u1ed1ng d\u00e2n t\u1ed9c, gi\u00e1o d\u1ee5c v\u1ec1 tri th\u1ee9c, ki\u1ebfn th\u1ee9c\u2026 tr\u00ean c\u00e1c l\u0129nh v\u1ef1c v\u0103n h\u1ecdc, ngh\u1ec7 thu\u1eadt, khoa h\u1ecdc k\u1ef9 thu\u1eadt nh\u1eb1m cung c\u1ea5p cho c\u00e1c em thi\u1ebfu nhi c\u0169ng nh\u01b0 c\u00e1c b\u1eadc ph\u1ee5 huynh c\u00e1c ki\u1ebfn th\u1ee9c c\u1ea7n thi\u1ebft trong cu\u1ed9c s\u1ed1ng, nh\u1eefng tinh hoa c\u1ee7a tri th\u1ee9c nh\u00e2n lo\u1ea1i nh\u1eb1m g\u00f3p ph\u1ea7n gi\u00e1o d\u1ee5c v\u00e0 h\u00ecnh th\u00e0nh nh\u00e2n c\u00e1ch th\u1ebf h\u1ec7 tr\u1ebb.<br \/>\u0110\u1ed1i t\u01b0\u1ee3ng ph\u1ee5c v\u1ee5 c\u1ee7a Nh\u00e0 xu\u1ea5t b\u1ea3n l\u00e0 c\u00e1c em t\u1eeb tu\u1ed5i nh\u00e0 tr\u1ebb m\u1eabu gi\u00e1o (1 \u0111\u1ebfn 5 tu\u1ed5i), nhi \u0111\u1ed3ng (6 \u0111\u1ebfn 9 tu\u1ed5i), thi\u1ebfu ni\u00ean (10 \u0111\u1ebfn 15 tu\u1ed5i) \u0111\u1ebfn c\u00e1c em tu\u1ed5i m\u1edbi l\u1edbn (16 \u0111\u1ebfn 18 tu\u1ed5i) v\u00e0 c\u00e1c b\u1eadc ph\u1ee5 huynh.<\/p>\n\n[\/col]\n\n[\/row]\n\n<!-- \/wp:flatsome\/uxbuilder -->","post_title":"Kim \u0110\u1ed3ng","post_excerpt":"","post_status":"publish","comment_status":"closed","ping_status":"closed","post_password":"","post_name":"kim-dong","to_ping":"","pinged":"","post_modified":"2021-02-17 01:31:56","post_modified_gmt":"2021-02-16 23:31:56","post_content_filtered":"","post_parent":0,"guid":"https:\/\/sachviet.eu\/nha-phat-hanh\/kim-dong\/","menu_order":0,"post_type":"publisher","post_mime_type":"","comment_count":"0","filter":"raw"}},"_links":{"self":[{"href":"https:\/\/sachviet.eu\/en\/wp-json\/wp\/v2\/product\/1153","targetHints":{"allow":["GET"]}}],"collection":[{"href":"https:\/\/sachviet.eu\/en\/wp-json\/wp\/v2\/product"}],"about":[{"href":"https:\/\/sachviet.eu\/en\/wp-json\/wp\/v2\/types\/product"}],"wp:featuredmedia":[{"embeddable":true,"href":"https:\/\/sachviet.eu\/en\/wp-json\/wp\/v2\/media\/1135"}],"wp:attachment":[{"href":"https:\/\/sachviet.eu\/en\/wp-json\/wp\/v2\/media?parent=1153"}],"wp:term":[{"taxonomy":"product_brand","embeddable":true,"href":"https:\/\/sachviet.eu\/en\/wp-json\/wp\/v2\/product_brand?post=1153"},{"taxonomy":"product_cat","embeddable":true,"href":"https:\/\/sachviet.eu\/en\/wp-json\/wp\/v2\/product_cat?post=1153"},{"taxonomy":"product_tag","embeddable":true,"href":"https:\/\/sachviet.eu\/en\/wp-json\/wp\/v2\/product_tag?post=1153"}],"curies":[{"name":"wp","href":"https:\/\/api.w.org\/{rel}","templated":true}]}}