{"id":11510,"date":"2021-06-03T02:04:32","date_gmt":"2021-06-02T23:04:32","guid":{"rendered":"https:\/\/sachviet.eu\/shop\/nam-ngu-dung-luc-mot-doi-sung-tuc\/"},"modified":"2022-04-15T09:42:45","modified_gmt":"2022-04-15T06:42:45","slug":"nam-ngu-dung-luc-mot-doi-sung-tuc","status":"publish","type":"product","link":"https:\/\/sachviet.eu\/en\/shop\/nam-ngu-dung-luc-mot-doi-sung-tuc\/","title":{"rendered":"N\u1eb1m Ng\u1ee7 \u0110\u00fang L\u00fac M\u1ed9t \u0110\u1eddi Sung T\u00fac"},"content":{"rendered":"<p>N\u1eb1m Ng\u1ee7 \u0110\u00fang L\u00fac, M\u1ed9t \u0110\u1eddi Sung T\u00fac<\/p>\n<p>Ng\u1ee7 n\u00e0o c\u00f3 ph\u1ea3i ch\u1ec9 l\u00e0 ngh\u1ec9 \u0111\u00e2u!<\/p>\n<p>Ng\u1ee7 l\u00e0 \u0111\u1ea7u t\u01b0! Th\u1eddi gian ng\u1ee7 l\u00e0 chi ph\u00ed!<\/p>\n<p>V\u00ec Ng\u1ee7 l\u00e0 ti\u00eau t\u1ed1n th\u1eddi gian, v\u00e0 m\u1ecdi s\u1ef1 ti\u00eau t\u1ed1n th\u1eddi gian \u0111\u1ec1u l\u00e0 chi ph\u00ed kh\u00f4ng ho\u00e0n l\u1ea1i!<\/p>\n<p>Ng\u01b0\u1eddi kh\u00f4n bi\u1ebfn chi ph\u00ed th\u00e0nh l\u1ee3i nhu\u1eadn.<\/p>\n<p>Ng\u01b0\u1eddi d\u1ea1i th\u00ec ch\u1ec9 ti\u00eau pha cu\u1ed9c \u0111\u1eddi cho \u0111\u1ebfn khi tr\u1eafng tay!<\/p>\n<p>M\u1ed9t ng\u00e0y b\u1ea1n ng\u1ee7 6-8 ti\u1ebfng, \u0111\u00f3 l\u00e0 b\u1eaft bu\u1ed9c. Ng\u1ee7 \u00edt h\u01a1n th\u00ec \u0111au m\u1ec7t. Ng\u1ee7 nhi\u1ec1u h\u01a1n th\u00ec u\u1ec3 o\u1ea3i. \u0110au m\u1ec7t, u\u1ec3 o\u1ea3i, \u0111\u00f3 l\u00e0 chi ph\u00ed \u0111\u1ec3 NG\u1ee6.<\/p>\n<p>\u0110a s\u1ed1 m\u1ecdi ng\u01b0\u1eddi \u0111\u1ec1u tr\u1ea3 ph\u00ed 1\/3 cu\u1ed9c \u0111\u1eddi cho gi\u1ea5c Ng\u1ee7.<\/p>\n<p>\u0110\u00f3 l\u00e0 v\u00ec h\u1ecd ch\u1ec9 ti\u00eau t\u1ed1n \u0111\u1eddi h\u1ecd m\u00e0 kh\u00f4ng bi\u1ebft ch\u1ed7 r\u1ea5t l\u1eddi t\u1eeb \u0111\u00f3.<\/p>\n<p>C\u00f3 m\u1ed9t c\u00e1ch \u0111\u1ec3 b\u1ea1n bi\u1ebfn 6-8 ti\u1ebfng ng\u1ee7 \u1ea5y th\u00e0nh c\u00e1i l\u1eaby \u0111\u1ea9y b\u1eadt cho th\u00e0nh c\u00f4ng! Kh\u00f4ng kh\u00f3 \u0111\u00e2u, ch\u1ec9 c\u1ea7n:<\/p>\n<p>N\u1eb0M NG\u1ee6 \u0110\u00daNG L\u00daC<\/p>\n<p>M\u1ed8T \u0110\u1edcI SUNG T\u00daC!<\/p>\n<p>\u0110\u00e3 \u0111\u1ebfn l\u00fac, bi\u1ebfn chi ph\u00ed th\u00e0nh l\u1ee3i nhu\u1eadn!<\/p>\n<p>\u0110\u00e3 \u0111\u1ebfn l\u00fac, d\u1eebng ti\u00eau pha \u0111\u1eddi m\u00ecnh!<\/p>\n<p>C\u00f3 ng\u01b0\u1eddi ng\u1ee7 l\u00e0 \u0111i ngh\u1ec9. Th\u1eadm ch\u00ed s\u1eafp ng\u1ee7 th\u00ec kh\u00f4ng d\u00e1m l\u00e0m g\u00ec kh\u00e1c, ch\u1ec9 chu\u1ea9n b\u1ecb \u0111\u1ec3 ngh\u1ec9. H\u1ecd ngh\u1ec9 ng\u01a1i, s\u1ed1ng \u0111\u1eddi dang d\u1edf.<\/p>\n<p>C\u00f3 ng\u01b0\u1eddi tham c\u00f4ng ti\u1ebfc vi\u1ec7c, ng\u1ee7 b\u1edbt \u0111i, tr\u0103m ph\u01b0\u01a1ng ng\u00e0n k\u1ebf \u0111\u1ec3 gi\u1ea3m gi\u1edd ng\u1ee7. C\u00e0ng gi\u1ea3m c\u00e0ng \u0111au m\u1ec7t ch\u00e1n n\u1ea3n. C\u1ee9 ch\u1eb1n ch\u1eb7n gi\u1ea3m gi\u1edd ng\u1ee7, r\u1ed1t cu\u1ed9c bi\u1ebfn NG\u1ee6 th\u00e0nh tr\u1ecdng t\u00e2m cu\u1ed9c \u0111\u1eddi. H\u1ecd c\u00f2n ch\u01b0a bi\u1ebft th\u1ebf n\u00e0o l\u00e0 T\u1ec8NH.<\/p>\n<p>Ch\u00ednh v\u00ec th\u1ebf ch\u00fang t\u00f4i vi\u1ebft cu\u1ed1n s\u00e1ch n\u00e0y. Cu\u1ed1n s\u00e1ch \u0111\u1ec1 xu\u1ea5t m\u1ed9t ph\u01b0\u01a1ng \u00e1n chia gi\u1edd Ng\u1ee7 sao cho th\u1eddi gian l\u00e0m vi\u1ec7c t\u0103ng l\u00ean, m\u00e0 gi\u1edd ng\u1ee7 ph\u1ea3i \u0111\u1ee7, \u0111\u00fang, th\u1eadm ch\u00ed nhi\u1ec1u h\u01a1n tr\u01b0\u1edbc.<\/p>\n<p>N\u00f3i \u0111\u01b0\u1ee3c l\u00e0 l\u00e0m \u0111\u01b0\u1ee3c!<\/p>\n<p>\u0110\u1ecdc h\u1ebft cu\u1ed1n s\u00e1ch n\u00e0y \u0111i!<\/p>\n<p>V\u00e0 gi\u00e0nh l\u1ea1i s\u1ef1 TH\u1ee8C T\u1ec8NH x\u1ee9ng \u0111\u00e1ng cho m\u00ecnh!<\/p>\n","protected":false},"excerpt":{"rendered":"<p>N\u1eb1m Ng\u1ee7 \u0110\u00fang L\u00fac, M\u1ed9t \u0110\u1eddi Sung T\u00fac<\/p>\n<p>Ng\u1ee7 n\u00e0o c\u00f3 ph\u1ea3i ch\u1ec9 l\u00e0 ngh\u1ec9 \u0111\u00e2u!<\/p>\n<p>Ng\u1ee7 l\u00e0 \u0111\u1ea7u t\u01b0! Th\u1eddi gian ng\u1ee7 l\u00e0 chi ph\u00ed!<\/p>\n<p>V\u00ec Ng\u1ee7 l\u00e0 ti\u00eau t\u1ed1n th\u1eddi gian, v\u00e0 m\u1ecdi s\u1ef1 ti\u00eau t\u1ed1n th\u1eddi gian \u0111\u1ec1u l\u00e0 chi ph\u00ed kh\u00f4ng ho\u00e0n l\u1ea1i!<\/p>\n<p>Ng\u01b0\u1eddi kh\u00f4n bi\u1ebfn chi ph\u00ed th\u00e0nh l\u1ee3i nhu\u1eadn.<\/p>\n<p>Ng\u01b0\u1eddi d\u1ea1i th\u00ec ch\u1ec9 ti\u00eau pha cu\u1ed9c \u0111\u1eddi cho \u0111\u1ebfn khi tr\u1eafng tay!<\/p>\n<p>M\u1ed9t ng\u00e0y b\u1ea1n ng\u1ee7 6-8 ti\u1ebfng, \u0111\u00f3 l\u00e0 b\u1eaft bu\u1ed9c. Ng\u1ee7 \u00edt h\u01a1n th\u00ec \u0111au m\u1ec7t. Ng\u1ee7 nhi\u1ec1u h\u01a1n th\u00ec u\u1ec3 o\u1ea3i. \u0110au m\u1ec7t, u\u1ec3 o\u1ea3i, \u0111\u00f3 l\u00e0 chi ph\u00ed \u0111\u1ec3 NG\u1ee6.<\/p>\n<p>\u0110a s\u1ed1 m\u1ecdi ng\u01b0\u1eddi \u0111\u1ec1u tr\u1ea3 ph\u00ed 1\/3 cu\u1ed9c \u0111\u1eddi cho gi\u1ea5c Ng\u1ee7.<\/p>\n<p>\u0110\u00f3 l\u00e0 v\u00ec h\u1ecd ch\u1ec9 ti\u00eau t\u1ed1n \u0111\u1eddi h\u1ecd m\u00e0 kh\u00f4ng bi\u1ebft ch\u1ed7 r\u1ea5t l\u1eddi t\u1eeb \u0111\u00f3.<\/p>\n<p>C\u00f3 m\u1ed9t c\u00e1ch \u0111\u1ec3 b\u1ea1n bi\u1ebfn 6-8 ti\u1ebfng ng\u1ee7 \u1ea5y th\u00e0nh c\u00e1i l\u1eaby \u0111\u1ea9y b\u1eadt cho th\u00e0nh c\u00f4ng! Kh\u00f4ng kh\u00f3 \u0111\u00e2u, ch\u1ec9 c\u1ea7n:<\/p>\n<p>N\u1eb0M NG\u1ee6 \u0110\u00daNG L\u00daC<\/p>\n<p>M\u1ed8T \u0110\u1edcI SUNG T\u00daC!<\/p>\n<p>\u0110\u00e3 \u0111\u1ebfn l\u00fac, bi\u1ebfn chi ph\u00ed th\u00e0nh l\u1ee3i nhu\u1eadn!<\/p>\n<p>\u0110\u00e3 \u0111\u1ebfn l\u00fac, d\u1eebng ti\u00eau pha \u0111\u1eddi m\u00ecnh!<\/p>\n<p>C\u00f3 ng\u01b0\u1eddi ng\u1ee7 l\u00e0 \u0111i ngh\u1ec9. Th\u1eadm ch\u00ed s\u1eafp ng\u1ee7 th\u00ec kh\u00f4ng d\u00e1m l\u00e0m g\u00ec kh\u00e1c, ch\u1ec9 chu\u1ea9n b\u1ecb \u0111\u1ec3 ngh\u1ec9. H\u1ecd ngh\u1ec9 ng\u01a1i, s\u1ed1ng \u0111\u1eddi dang d\u1edf.<\/p>\n<p>C\u00f3 ng\u01b0\u1eddi tham c\u00f4ng ti\u1ebfc vi\u1ec7c, ng\u1ee7 b\u1edbt \u0111i, tr\u0103m ph\u01b0\u01a1ng ng\u00e0n k\u1ebf \u0111\u1ec3 gi\u1ea3m gi\u1edd ng\u1ee7. C\u00e0ng gi\u1ea3m c\u00e0ng \u0111au m\u1ec7t ch\u00e1n n\u1ea3n. C\u1ee9 ch\u1eb1n ch\u1eb7n gi\u1ea3m gi\u1edd ng\u1ee7, r\u1ed1t cu\u1ed9c bi\u1ebfn NG\u1ee6 th\u00e0nh tr\u1ecdng t\u00e2m cu\u1ed9c \u0111\u1eddi. H\u1ecd c\u00f2n ch\u01b0a bi\u1ebft th\u1ebf n\u00e0o l\u00e0 T\u1ec8NH.<\/p>\n<p>Ch\u00ednh v\u00ec th\u1ebf ch\u00fang t\u00f4i vi\u1ebft cu\u1ed1n s\u00e1ch n\u00e0y. Cu\u1ed1n s\u00e1ch \u0111\u1ec1 xu\u1ea5t m\u1ed9t ph\u01b0\u01a1ng \u00e1n chia gi\u1edd Ng\u1ee7 sao cho th\u1eddi gian l\u00e0m vi\u1ec7c t\u0103ng l\u00ean, m\u00e0 gi\u1edd ng\u1ee7 ph\u1ea3i \u0111\u1ee7, \u0111\u00fang, th\u1eadm ch\u00ed nhi\u1ec1u h\u01a1n tr\u01b0\u1edbc.<\/p>\n<p>N\u00f3i \u0111\u01b0\u1ee3c l\u00e0 l\u00e0m \u0111\u01b0\u1ee3c!<\/p>\n<p>\u0110\u1ecdc h\u1ebft cu\u1ed1n s\u00e1ch n\u00e0y \u0111i!<\/p>\n<p>V\u00e0 gi\u00e0nh l\u1ea1i s\u1ef1 TH\u1ee8C T\u1ec8NH x\u1ee9ng \u0111\u00e1ng cho m\u00ecnh!<\/p>\n","protected":false},"featured_media":11498,"template":"","meta":{"_acf_changed":false},"product_brand":[],"product_cat":[15,46],"product_tag":[],"class_list":{"0":"post-11510","1":"product","2":"type-product","3":"status-publish","4":"has-post-thumbnail","6":"product_cat-sach-danh-cho-nguoi-lon","7":"product_cat-ky-nang-song","9":"first","10":"outofstock","11":"taxable","12":"shipping-taxable","13":"purchasable","14":"product-type-simple"},"supplier_id":null,"supplier_sku":"","barcode":null,"atum_controlled":true,"out_stock_date":"2022-04-15 03:42:45","out_stock_threshold":null,"inheritable":false,"inbound_stock":0,"stock_on_hold":0,"sold_today":0,"sales_last_days":0,"reserved_stock":0,"customer_returns":0,"warehouse_damage":0,"lost_in_post":0,"other_logs":0,"out_stock_days":1384,"lost_sales":0,"has_location":false,"update_date":"2026-01-28T23:10:50","atum_locations":[],"atum_stock_status":"outofstock","restock_status":false,"low_stock_amount":"","sales_update_date":"2026-01-28T23:10:50","calc_backorders":null,"acf":{"publisher":{"ID":1785,"post_author":"1","post_date":"2021-02-17 01:54:46","post_date_gmt":"2021-02-16 23:54:46","post_content":"<!-- wp:flatsome\/uxbuilder -->\n<h1 style=\"text-align: center;\"><strong>AZ VIETNAM<\/strong><\/h1>\n[row]\n\n[col span=\"8\" span__sm=\"12\"]\n\n<p>Th\u00e0nh l\u1eadp n\u0103m: 2015<br \/>V\u1ed1n \u0111\u1ea7u t\u01b0: 4,000,000,000 \u0111\u1ed3ng<br \/><strong>L\u0129nh v\u1ef1c:<\/strong><br \/>- Xu\u1ea5t b\u1ea3n v\u00e0 ph\u00e1t h\u00e0nh v\u0103n h\u00f3a ph\u1ea9m<br \/>- Cung c\u1ea5p v\u0103n h\u00f3a ph\u1ea9m, c\u00e1c s\u1ea3n ph\u1ea9m cho in \u1ea5n, trang thi\u1ebft b\u1ecb cho c\u00e1c th\u01b0 vi\u1ec7n v\u00e0 trung t\u00e2m s\u00e1ch tr\u00ean c\u1ea3 n\u01b0\u1edbc.<br \/>- Th\u1eddi trang v\u00e0 c\u00e1c s\u1ea3n ph\u1ea9m li\u00ean quan \u0111\u1ebfn l\u0129nh v\u1ef1c th\u1eddi trang<br \/>- Xu\u1ea5t nh\u1eadp kh\u1ea9u c\u00e1c s\u1ea3n ph\u1ea9m v\u0103n h\u00f3a<\/p>\n<p><strong>Quy m\u00f4:<\/strong> 60 nh\u00e2n vi\u00ean<br \/>Kh\u1edfi ngu\u1ed3n c\u1ee7a AZ Vi\u1ec7t Nam ng\u00e0y nay l\u00e0 C\u00f4ng ty TNHH Trung t\u00e2m S\u00e1ch v\u00e0 Thi\u1ebft b\u1ecb Th\u01b0 vi\u1ec7n, v\u1edbi ho\u1ea1t \u0111\u1ed9ng \u0111\u1ea7u ti\u00ean l\u00e0 cung c\u1ea5p s\u00e1ch, trang thi\u1ebft b\u1ecb, v\u0103n h\u00f3a ph\u1ea9m cho c\u00e1c th\u01b0 vi\u1ec7n v\u00e0 trung t\u00e2m s\u00e1ch tr\u00ean c\u1ea3 n\u01b0\u1edbc. T\u1eeb cu\u1ed1i n\u0103m 2010 \u0111\u1ebfn nay, ch\u00fang t\u00f4i \u0111\u00e3 kh\u00f4ng ng\u1eebng n\u1ed7 l\u1ef1c khai ph\u00e1 v\u00e0 ph\u00e1t tri\u1ec3n c\u00e1c d\u00f2ng s\u1ea3n ph\u1ea9m m\u1edbi v\u1edbi 8 th\u01b0\u01a1ng hi\u1ec7u uy t\u00edn. \u0110\u1ec3 \u0111\u00e1p \u1ee9ng nhu c\u1ea7u ph\u00e1t tri\u1ec3n ng\u00e0y m\u1ed9t l\u1edbn m\u1ea1nh v\u00e0 t\u1eadp h\u1ee3p c\u00e1c th\u01b0\u01a1ng hi\u1ec7u \u0111\u00e3 \u0111\u01b0\u1ee3c ch\u00fang t\u00f4i x\u00e2y d\u1ef1ng, 2015 C\u00f4ng ty TNHH AZ Vi\u1ec7t Nam \u0111\u00e3 ra \u0111\u1eddi v\u1edbi s\u1ee9 m\u1ec7nh mang \u0111\u1ebfn nhi\u1ec1u h\u01a1n n\u1eefa nh\u1eefng gi\u00e1 tr\u1ecb tinh th\u1ea7n, tri th\u1ee9c ti\u00ean ti\u1ebfn cho ng\u01b0\u1eddi ti\u00eau d\u00f9ng b\u1eb1ng vi\u1ec7c cung c\u1ea5p nh\u1eefng s\u1ea3n ph\u1ea9m c\u00f3 ch\u1ea5t l\u01b0\u1ee3ng.<\/p>\n\n[\/col]\n[col span=\"4\" span__sm=\"12\"]\n\n[ux_image id=\"1836\" image_size=\"medium\"]\n\n\n[\/col]\n\n[\/row]\n\n<!-- \/wp:flatsome\/uxbuilder -->","post_title":"AZ Vi\u1ec7t Nam","post_excerpt":"","post_status":"publish","comment_status":"closed","ping_status":"closed","post_password":"","post_name":"az-viet-nam","to_ping":"","pinged":"","post_modified":"2021-02-17 22:07:10","post_modified_gmt":"2021-02-17 20:07:10","post_content_filtered":"","post_parent":0,"guid":"https:\/\/sachviet.eu\/nha-phat-hanh\/az-viet-nam\/","menu_order":0,"post_type":"publisher","post_mime_type":"","comment_count":"0","filter":"raw"}},"_links":{"self":[{"href":"https:\/\/sachviet.eu\/en\/wp-json\/wp\/v2\/product\/11510","targetHints":{"allow":["GET"]}}],"collection":[{"href":"https:\/\/sachviet.eu\/en\/wp-json\/wp\/v2\/product"}],"about":[{"href":"https:\/\/sachviet.eu\/en\/wp-json\/wp\/v2\/types\/product"}],"wp:featuredmedia":[{"embeddable":true,"href":"https:\/\/sachviet.eu\/en\/wp-json\/wp\/v2\/media\/11498"}],"wp:attachment":[{"href":"https:\/\/sachviet.eu\/en\/wp-json\/wp\/v2\/media?parent=11510"}],"wp:term":[{"taxonomy":"product_brand","embeddable":true,"href":"https:\/\/sachviet.eu\/en\/wp-json\/wp\/v2\/product_brand?post=11510"},{"taxonomy":"product_cat","embeddable":true,"href":"https:\/\/sachviet.eu\/en\/wp-json\/wp\/v2\/product_cat?post=11510"},{"taxonomy":"product_tag","embeddable":true,"href":"https:\/\/sachviet.eu\/en\/wp-json\/wp\/v2\/product_tag?post=11510"}],"curies":[{"name":"wp","href":"https:\/\/api.w.org\/{rel}","templated":true}]}}