{"id":11497,"date":"2021-06-03T02:03:41","date_gmt":"2021-06-02T23:03:41","guid":{"rendered":"https:\/\/sachviet.eu\/shop\/nguoi-vo-biet-uoc-mo-se-tre-mai-khong-gia\/"},"modified":"2023-03-10T18:10:44","modified_gmt":"2023-03-10T16:10:44","slug":"nguoi-vo-biet-uoc-mo-se-tre-mai-khong-gia","status":"publish","type":"product","link":"https:\/\/sachviet.eu\/en\/shop\/nguoi-vo-biet-uoc-mo-se-tre-mai-khong-gia\/","title":{"rendered":"Ng\u01b0\u1eddi V\u1ee3 Bi\u1ebft \u01af\u1edbc M\u01a1 S\u1ebd Tr\u1ebb M\u00e3i Kh\u00f4ng Gi\u00e0"},"content":{"rendered":"<p>Sau s\u1ef1 th\u00e0nh c\u00f4ng \u1ea5n t\u01b0\u1ee3ng c\u1ee7a L\u1eddi la m\u1eafng c\u1ee7a ch\u1ecb g\u00e1i \u2013 g\u00e2y \u1ea3nh h\u01b0\u1edfng \u0111\u1ebfn h\u00e0ng ngh\u00ecn \u0111\u1ed9c gi\u1ea3 Vi\u1ec7t Nam, Kim Mi Kyung \u0111\u00e3 tr\u1edf l\u1ea1i v\u1edbi cu\u1ed1n s\u00e1ch ti\u1ebfp theo \u2013 Ng\u01b0\u1eddi v\u1ee3 bi\u1ebft \u01b0\u1edbc m\u01a1 s\u1ebd tr\u1ebb m\u00e3i kh\u00f4ng gi\u00e0. Kh\u00f4ng c\u00f2n nh\u1eefng l\u1eddi \u201cla m\u1eafng\u201d, nh\u1eefng l\u1eddi c\u1ea3nh t\u1ec9nh m\u1ea1nh m\u1ebd c\u1ee7a ng\u01b0\u1eddi ch\u1ecb g\u00e1i, trong cu\u1ed1n s\u00e1ch th\u1ee9 hai n\u00e0y, \u0111\u1ed9c gi\u1ea3 s\u1ebd g\u1eb7p m\u1ed9t Kim Mi Kyung r\u1ea5t kh\u00e1c: nh\u1eb9 nh\u00e0ng h\u01a1n, s\u00e2u s\u1eafc h\u01a1n trong vai tr\u00f2 m\u1ed9t ng\u01b0\u1eddi \u0111\u1ed3ng h\u00e0nh, truy\u1ec1n c\u1ea3m h\u1ee9ng qua nh\u1eefng b\u00e0i h\u1ecdc \u0111\u1ec3 c\u00e2n b\u1eb1ng gi\u1eefa vi\u1ec7c ch\u0103m s\u00f3c gia \u0111\u00ecnh v\u00e0 theo \u0111u\u1ed5i nh\u1eefng \u01b0\u1edbc m\u01a1.<\/p>\n<p>Cu\u1ed1n s\u00e1ch n\u00e0y d\u00e0nh cho nh\u1eefng ai \u0111\u00e3, \u0111ang v\u00e0 s\u1ebd b\u01b0\u1edbc v\u00e0o h\u00e0nh tr\u00ecnh l\u00e0m v\u1ee3, l\u00e0m m\u1eb9 \u2013 nh\u1eefng ng\u01b0\u1eddi ph\u1ee5 n\u1eef \u0111ang \u1ea5p \u1ee7 v\u00e0 s\u1ed1ng v\u1edbi nh\u1eefng \u01b0\u1edbc m\u01a1, \u0111ang loay hoay t\u00ecm ki\u1ebfm \u01b0\u1edbc m\u01a1, hay ch\u1ec9 \u0111\u01a1n gi\u1ea3n l\u00e0 \u0111ang ho\u00e0i ni\u1ec7m v\u1ec1 nh\u1eefng \u01b0\u1edbc m\u01a1 \u0111\u00e3 tr\u00f4i v\u00e0o qu\u00e1 kh\u1ee9.<\/p>\n<p>Ph\u1ee5 n\u1eef c\u00f3 m\u1ed9t b\u1ea3n n\u0103ng thi\u00ean ph\u00fa, \u0111\u00f3 ch\u00ednh l\u00e0 ch\u0103m s\u00f3c nh\u1eefng ng\u01b0\u1eddi xung quanh. Nh\u01b0ng \u0111\u00f4i khi, h\u1ecd \u0111\u1ec3 thi\u00ean ph\u00fa \u1ea5y l\u1ea5n \u00e1t m\u1ea5t \u01b0\u1edbc m\u01a1 c\u1ee7a m\u00ecnh. Cu\u1ed1n s\u00e1ch n\u00e0y d\u00e0nh t\u1eb7ng b\u1ea1n, \u0111\u1ec3 b\u1ea1n kh\u00f4ng qu\u00ean m\u1ea5t \u01b0\u1edbc m\u01a1 m\u00e0 v\u1eabn c\u00f3 \u0111\u01b0\u1ee3c m\u1ed9t cu\u1ed9c h\u00f4n nh\u00e2n h\u1ea1nh ph\u00fac. Th\u1eb3m s\u00e2u b\u00ean trong b\u1ea1n l\u00e0 m\u1ed9t s\u1ee9c m\u1ea1nh ti\u1ec1m t\u00e0ng t\u1edbi m\u1ee9c c\u00f3 th\u1ec3 khi\u1ebfn ch\u00ednh b\u1ea3n th\u00e2n m\u00ecnh c\u0169ng ph\u1ea3i ng\u1ea1c nhi\u00ean.<\/p>\n<p>Ch\u1ec9 c\u1ea7n kh\u00f4ng \u0111\u00e1nh m\u1ea5t \u01b0\u1edbc m\u01a1, b\u1ea5t c\u1ee9 ai c\u0169ng \u0111\u1ec1u c\u00f3 th\u1ec3 l\u00e0m \u0111\u01b0\u1ee3c nh\u1eefng \u0111i\u1ec1u phi th\u01b0\u1eddng.<\/p>\n<p>\u201cL\u00e0m v\u1ee3\u201d kh\u00f4ng ph\u1ea3i l\u00e0 m\u1ed9t kh\u00e1i ni\u1ec7m ng\u1ed9t ng\u1ea1t, ch\u1ec9 g\u1eafn li\u1ec1n v\u1edbi nh\u1eefng hi sinh v\u00e0 h\u1ed7 tr\u1ee3 ph\u00eda sau. \u201cL\u00e0m v\u1ee3\u201d ti\u1ec1m t\u00e0ng bi\u1ebft bao gi\u1ea5c m\u01a1 b\u1ec1n b\u1ec9 m\u00e0 ch\u00e1y b\u1ecfng. Ngay c\u1ea3 khi ta \u0111ang \u1edf trong ng\u00f4i nh\u00e0 d\u00e2ng \u0111\u1ea7y nh\u1eefng c\u1ea3m gi\u00e1c b\u00ed b\u00e1ch kh\u00f3 ch\u1ecbu, hay ch\u00ecm \u0111\u1eafm trong cu\u1ed9c s\u1ed1ng h\u00e0ng ng\u00e0y v\u1edbi bao tr\u1ea7m u\u1ea5t, h\u00e3y th\u1eed m\u1ed9t l\u1ea7n suy ngh\u0129 kh\u00e1c \u0111i. Ch\u00fang ta s\u1ebd nh\u00ecn th\u1ea5y nh\u1eefng kh\u00f4ng gian, nh\u1eefng kh\u1edfi \u0111\u1ea7u m\u1edbi n\u01a1i \u01b0\u1edbc m\u01a1 tung c\u00e1nh t\u1ed3n t\u1ea1i \u1edf kh\u1eafp m\u1ecdi n\u01a1i. M\u1ed9t t\u1eeb mang t\u00ednh kh\u00e9p k\u00edn l\u00e0 \u201cl\u00e0m v\u1ee3\u201d khi \u0111\u01b0\u1ee3c \u0111\u1eb7t b\u00ean c\u1ea1nh m\u1ed9t t\u1eeb kh\u00e1c l\u00e0 \u201c\u01b0\u1edbc m\u01a1\u201d s\u1ebd m\u1edf ra c\u00e1nh c\u1eeda m\u1edbi, v\u1edbi bi\u1ebft bao ti\u1ec1m n\u0103ng to l\u1edbn.<\/p>\n<p>T\u00f4i th\u1eadt l\u00f2ng mong \u01b0\u1edbc cu\u1ed1n s\u00e1ch n\u00e0y s\u1ebd l\u00e0 m\u1ed9t kh\u1edfi \u0111\u1ea7u \u0111\u1ec3 m\u1edf ra c\u00e1nh c\u1eeda t\u01b0\u01a1i m\u1edbi \u1ea5y, t\u00f4i \u01b0\u1edbc r\u1eb1ng nh\u1eefng ng\u01b0\u1eddi l\u00e0m v\u1ee3, l\u00e0m m\u1eb9 \u0111ang \u201cm\u00f2n m\u1ecfi tr\u00ean con \u0111\u01b0\u1eddng t\u00ecm ki\u1ebfm \u01b0\u1edbc m\u01a1\u201d \u0111\u1ec1u c\u00f3 th\u1ec3 tr\u1edf th\u00e0nh nh\u1eefng \u201cng\u01b0\u1eddi v\u1ee3 bi\u1ebft \u01b0\u1edbc m\u01a1\u201d.<\/p>\n<p>V\u1ec1 t\u00e1c gi\u1ea3:<\/p>\n<p>KIM MI KYUNG \u2013 \u0110\u01b0\u1ee3c m\u1ec7nh danh l\u00e0 Oprah Winfrey H\u00e0n Qu\u1ed1c, v\u1edbi s\u1ee9c lan t\u1ecfa v\u00e0 ph\u1ee7 s\u00f3ng r\u1ed9ng r\u00e3i t\u1eeb nh\u1eefng h\u1ed9i th\u1ea3o truy\u1ec1n c\u1ea3m h\u1ee9ng cho t\u1edbi c\u00e1c trang m\u1ea1ng x\u00e3 h\u1ed9i, c\u00f4 Kim Mi Kyung lu\u00f4n l\u00e0 ni\u1ec1m c\u1ea3m h\u1ee9ng b\u1ea5t t\u1eadn v\u00e0 l\u00e0 s\u1ee9 gi\u1ea3 truy\u1ec1n \u0111\u1ed9ng l\u1ef1c cho th\u1ebf h\u1ec7 ph\u1ee5 n\u1eef hi\u1ec7n \u0111\u1ea1i t\u1ea1i x\u1ee9 s\u1edf Kim Chi. D\u00f9 \u0111ang ti\u1ebfn g\u1ea7n \u0111\u1ebfn tu\u1ed5i 60 v\u00e0 l\u00e0 m\u1eb9 c\u1ee7a ba \u0111\u1ee9a con nh\u01b0ng c\u00f4 lu\u00f4n n\u1ed7 l\u1ef1c kh\u00f4ng ng\u1eebng ngh\u1ec9 v\u00e0 ch\u01b0a t\u1eebng t\u1eeb b\u1ecf kh\u00e1t khao n\u00e2ng cao h\u1ecdc v\u1ea5n v\u00e0 s\u1ef1 nghi\u1ec7p c\u1ee7a ri\u00eang m\u00ecnh.<\/p>\n","protected":false},"excerpt":{"rendered":"<p>Sau s\u1ef1 th\u00e0nh c\u00f4ng \u1ea5n t\u01b0\u1ee3ng c\u1ee7a L\u1eddi la m\u1eafng c\u1ee7a ch\u1ecb g\u00e1i \u2013 g\u00e2y \u1ea3nh h\u01b0\u1edfng \u0111\u1ebfn h\u00e0ng ngh\u00ecn \u0111\u1ed9c gi\u1ea3 Vi\u1ec7t Nam, Kim Mi Kyung \u0111\u00e3 tr\u1edf l\u1ea1i v\u1edbi cu\u1ed1n s\u00e1ch ti\u1ebfp theo \u2013 Ng\u01b0\u1eddi v\u1ee3 bi\u1ebft \u01b0\u1edbc m\u01a1 s\u1ebd tr\u1ebb m\u00e3i kh\u00f4ng gi\u00e0. Kh\u00f4ng c\u00f2n nh\u1eefng l\u1eddi \u201cla m\u1eafng\u201d, nh\u1eefng l\u1eddi c\u1ea3nh t\u1ec9nh m\u1ea1nh m\u1ebd c\u1ee7a ng\u01b0\u1eddi ch\u1ecb g\u00e1i, trong cu\u1ed1n s\u00e1ch th\u1ee9 hai n\u00e0y, \u0111\u1ed9c gi\u1ea3 s\u1ebd g\u1eb7p m\u1ed9t Kim Mi Kyung r\u1ea5t kh\u00e1c: nh\u1eb9 nh\u00e0ng h\u01a1n, s\u00e2u s\u1eafc h\u01a1n trong vai tr\u00f2 m\u1ed9t ng\u01b0\u1eddi \u0111\u1ed3ng h\u00e0nh, truy\u1ec1n c\u1ea3m h\u1ee9ng qua nh\u1eefng b\u00e0i h\u1ecdc \u0111\u1ec3 c\u00e2n b\u1eb1ng gi\u1eefa vi\u1ec7c ch\u0103m s\u00f3c gia \u0111\u00ecnh v\u00e0 theo \u0111u\u1ed5i nh\u1eefng \u01b0\u1edbc m\u01a1.<\/p>\n<p>Cu\u1ed1n s\u00e1ch n\u00e0y d\u00e0nh cho nh\u1eefng ai \u0111\u00e3, \u0111ang v\u00e0 s\u1ebd b\u01b0\u1edbc v\u00e0o h\u00e0nh tr\u00ecnh l\u00e0m v\u1ee3, l\u00e0m m\u1eb9 \u2013 nh\u1eefng ng\u01b0\u1eddi ph\u1ee5 n\u1eef \u0111ang \u1ea5p \u1ee7 v\u00e0 s\u1ed1ng v\u1edbi nh\u1eefng \u01b0\u1edbc m\u01a1, \u0111ang loay hoay t\u00ecm ki\u1ebfm \u01b0\u1edbc m\u01a1, hay ch\u1ec9 \u0111\u01a1n gi\u1ea3n l\u00e0 \u0111ang ho\u00e0i ni\u1ec7m v\u1ec1 nh\u1eefng \u01b0\u1edbc m\u01a1 \u0111\u00e3 tr\u00f4i v\u00e0o qu\u00e1 kh\u1ee9.<\/p>\n<p>Ph\u1ee5 n\u1eef c\u00f3 m\u1ed9t b\u1ea3n n\u0103ng thi\u00ean ph\u00fa, \u0111\u00f3 ch\u00ednh l\u00e0 ch\u0103m s\u00f3c nh\u1eefng ng\u01b0\u1eddi xung quanh. Nh\u01b0ng \u0111\u00f4i khi, h\u1ecd \u0111\u1ec3 thi\u00ean ph\u00fa \u1ea5y l\u1ea5n \u00e1t m\u1ea5t \u01b0\u1edbc m\u01a1 c\u1ee7a m\u00ecnh. Cu\u1ed1n s\u00e1ch n\u00e0y d\u00e0nh t\u1eb7ng b\u1ea1n, \u0111\u1ec3 b\u1ea1n kh\u00f4ng qu\u00ean m\u1ea5t \u01b0\u1edbc m\u01a1 m\u00e0 v\u1eabn c\u00f3 \u0111\u01b0\u1ee3c m\u1ed9t cu\u1ed9c h\u00f4n nh\u00e2n h\u1ea1nh ph\u00fac. Th\u1eb3m s\u00e2u b\u00ean trong b\u1ea1n l\u00e0 m\u1ed9t s\u1ee9c m\u1ea1nh ti\u1ec1m t\u00e0ng t\u1edbi m\u1ee9c c\u00f3 th\u1ec3 khi\u1ebfn ch\u00ednh b\u1ea3n th\u00e2n m\u00ecnh c\u0169ng ph\u1ea3i ng\u1ea1c nhi\u00ean.<\/p>\n<p>Ch\u1ec9 c\u1ea7n kh\u00f4ng \u0111\u00e1nh m\u1ea5t \u01b0\u1edbc m\u01a1, b\u1ea5t c\u1ee9 ai c\u0169ng \u0111\u1ec1u c\u00f3 th\u1ec3 l\u00e0m \u0111\u01b0\u1ee3c nh\u1eefng \u0111i\u1ec1u phi th\u01b0\u1eddng.<\/p>\n<p>\u201cL\u00e0m v\u1ee3\u201d kh\u00f4ng ph\u1ea3i l\u00e0 m\u1ed9t kh\u00e1i ni\u1ec7m ng\u1ed9t ng\u1ea1t, ch\u1ec9 g\u1eafn li\u1ec1n v\u1edbi nh\u1eefng hi sinh v\u00e0 h\u1ed7 tr\u1ee3 ph\u00eda sau. \u201cL\u00e0m v\u1ee3\u201d ti\u1ec1m t\u00e0ng bi\u1ebft bao gi\u1ea5c m\u01a1 b\u1ec1n b\u1ec9 m\u00e0 ch\u00e1y b\u1ecfng. Ngay c\u1ea3 khi ta \u0111ang \u1edf trong ng\u00f4i nh\u00e0 d\u00e2ng \u0111\u1ea7y nh\u1eefng c\u1ea3m gi\u00e1c b\u00ed b\u00e1ch kh\u00f3 ch\u1ecbu, hay ch\u00ecm \u0111\u1eafm trong cu\u1ed9c s\u1ed1ng h\u00e0ng ng\u00e0y v\u1edbi bao tr\u1ea7m u\u1ea5t, h\u00e3y th\u1eed m\u1ed9t l\u1ea7n suy ngh\u0129 kh\u00e1c \u0111i. Ch\u00fang ta s\u1ebd nh\u00ecn th\u1ea5y nh\u1eefng kh\u00f4ng gian, nh\u1eefng kh\u1edfi \u0111\u1ea7u m\u1edbi n\u01a1i \u01b0\u1edbc m\u01a1 tung c\u00e1nh t\u1ed3n t\u1ea1i \u1edf kh\u1eafp m\u1ecdi n\u01a1i. M\u1ed9t t\u1eeb mang t\u00ednh kh\u00e9p k\u00edn l\u00e0 \u201cl\u00e0m v\u1ee3\u201d khi \u0111\u01b0\u1ee3c \u0111\u1eb7t b\u00ean c\u1ea1nh m\u1ed9t t\u1eeb kh\u00e1c l\u00e0 \u201c\u01b0\u1edbc m\u01a1\u201d s\u1ebd m\u1edf ra c\u00e1nh c\u1eeda m\u1edbi, v\u1edbi bi\u1ebft bao ti\u1ec1m n\u0103ng to l\u1edbn.<\/p>\n<p>T\u00f4i th\u1eadt l\u00f2ng mong \u01b0\u1edbc cu\u1ed1n s\u00e1ch n\u00e0y s\u1ebd l\u00e0 m\u1ed9t kh\u1edfi \u0111\u1ea7u \u0111\u1ec3 m\u1edf ra c\u00e1nh c\u1eeda t\u01b0\u01a1i m\u1edbi \u1ea5y, t\u00f4i \u01b0\u1edbc r\u1eb1ng nh\u1eefng ng\u01b0\u1eddi l\u00e0m v\u1ee3, l\u00e0m m\u1eb9 \u0111ang \u201cm\u00f2n m\u1ecfi tr\u00ean con \u0111\u01b0\u1eddng t\u00ecm ki\u1ebfm \u01b0\u1edbc m\u01a1\u201d \u0111\u1ec1u c\u00f3 th\u1ec3 tr\u1edf th\u00e0nh nh\u1eefng \u201cng\u01b0\u1eddi v\u1ee3 bi\u1ebft \u01b0\u1edbc m\u01a1\u201d.<\/p>\n","protected":false},"featured_media":11496,"template":"","meta":{"_acf_changed":false},"product_brand":[],"product_cat":[15,46],"product_tag":[],"class_list":{"0":"post-11497","1":"product","2":"type-product","3":"status-publish","4":"has-post-thumbnail","6":"product_cat-sach-danh-cho-nguoi-lon","7":"product_cat-ky-nang-song","9":"first","10":"outofstock","11":"taxable","12":"shipping-taxable","13":"purchasable","14":"product-type-simple"},"supplier_id":null,"supplier_sku":"","barcode":null,"atum_controlled":true,"out_stock_date":"2023-03-10 16:10:44","out_stock_threshold":null,"inheritable":false,"inbound_stock":0,"stock_on_hold":0,"sold_today":0,"sales_last_days":0,"reserved_stock":0,"customer_returns":0,"warehouse_damage":0,"lost_in_post":0,"other_logs":0,"out_stock_days":1055,"lost_sales":0,"has_location":false,"update_date":"2026-01-28T23:10:50","atum_locations":[],"atum_stock_status":"outofstock","restock_status":false,"low_stock_amount":"","sales_update_date":"2026-01-28T23:10:50","calc_backorders":null,"acf":{"publisher":{"ID":1785,"post_author":"1","post_date":"2021-02-17 01:54:46","post_date_gmt":"2021-02-16 23:54:46","post_content":"<!-- wp:flatsome\/uxbuilder -->\n<h1 style=\"text-align: center;\"><strong>AZ VIETNAM<\/strong><\/h1>\n[row]\n\n[col span=\"8\" span__sm=\"12\"]\n\n<p>Th\u00e0nh l\u1eadp n\u0103m: 2015<br \/>V\u1ed1n \u0111\u1ea7u t\u01b0: 4,000,000,000 \u0111\u1ed3ng<br \/><strong>L\u0129nh v\u1ef1c:<\/strong><br \/>- Xu\u1ea5t b\u1ea3n v\u00e0 ph\u00e1t h\u00e0nh v\u0103n h\u00f3a ph\u1ea9m<br \/>- Cung c\u1ea5p v\u0103n h\u00f3a ph\u1ea9m, c\u00e1c s\u1ea3n ph\u1ea9m cho in \u1ea5n, trang thi\u1ebft b\u1ecb cho c\u00e1c th\u01b0 vi\u1ec7n v\u00e0 trung t\u00e2m s\u00e1ch tr\u00ean c\u1ea3 n\u01b0\u1edbc.<br \/>- Th\u1eddi trang v\u00e0 c\u00e1c s\u1ea3n ph\u1ea9m li\u00ean quan \u0111\u1ebfn l\u0129nh v\u1ef1c th\u1eddi trang<br \/>- Xu\u1ea5t nh\u1eadp kh\u1ea9u c\u00e1c s\u1ea3n ph\u1ea9m v\u0103n h\u00f3a<\/p>\n<p><strong>Quy m\u00f4:<\/strong> 60 nh\u00e2n vi\u00ean<br \/>Kh\u1edfi ngu\u1ed3n c\u1ee7a AZ Vi\u1ec7t Nam ng\u00e0y nay l\u00e0 C\u00f4ng ty TNHH Trung t\u00e2m S\u00e1ch v\u00e0 Thi\u1ebft b\u1ecb Th\u01b0 vi\u1ec7n, v\u1edbi ho\u1ea1t \u0111\u1ed9ng \u0111\u1ea7u ti\u00ean l\u00e0 cung c\u1ea5p s\u00e1ch, trang thi\u1ebft b\u1ecb, v\u0103n h\u00f3a ph\u1ea9m cho c\u00e1c th\u01b0 vi\u1ec7n v\u00e0 trung t\u00e2m s\u00e1ch tr\u00ean c\u1ea3 n\u01b0\u1edbc. T\u1eeb cu\u1ed1i n\u0103m 2010 \u0111\u1ebfn nay, ch\u00fang t\u00f4i \u0111\u00e3 kh\u00f4ng ng\u1eebng n\u1ed7 l\u1ef1c khai ph\u00e1 v\u00e0 ph\u00e1t tri\u1ec3n c\u00e1c d\u00f2ng s\u1ea3n ph\u1ea9m m\u1edbi v\u1edbi 8 th\u01b0\u01a1ng hi\u1ec7u uy t\u00edn. \u0110\u1ec3 \u0111\u00e1p \u1ee9ng nhu c\u1ea7u ph\u00e1t tri\u1ec3n ng\u00e0y m\u1ed9t l\u1edbn m\u1ea1nh v\u00e0 t\u1eadp h\u1ee3p c\u00e1c th\u01b0\u01a1ng hi\u1ec7u \u0111\u00e3 \u0111\u01b0\u1ee3c ch\u00fang t\u00f4i x\u00e2y d\u1ef1ng, 2015 C\u00f4ng ty TNHH AZ Vi\u1ec7t Nam \u0111\u00e3 ra \u0111\u1eddi v\u1edbi s\u1ee9 m\u1ec7nh mang \u0111\u1ebfn nhi\u1ec1u h\u01a1n n\u1eefa nh\u1eefng gi\u00e1 tr\u1ecb tinh th\u1ea7n, tri th\u1ee9c ti\u00ean ti\u1ebfn cho ng\u01b0\u1eddi ti\u00eau d\u00f9ng b\u1eb1ng vi\u1ec7c cung c\u1ea5p nh\u1eefng s\u1ea3n ph\u1ea9m c\u00f3 ch\u1ea5t l\u01b0\u1ee3ng.<\/p>\n\n[\/col]\n[col span=\"4\" span__sm=\"12\"]\n\n[ux_image id=\"1836\" image_size=\"medium\"]\n\n\n[\/col]\n\n[\/row]\n\n<!-- \/wp:flatsome\/uxbuilder -->","post_title":"AZ Vi\u1ec7t Nam","post_excerpt":"","post_status":"publish","comment_status":"closed","ping_status":"closed","post_password":"","post_name":"az-viet-nam","to_ping":"","pinged":"","post_modified":"2021-02-17 22:07:10","post_modified_gmt":"2021-02-17 20:07:10","post_content_filtered":"","post_parent":0,"guid":"https:\/\/sachviet.eu\/nha-phat-hanh\/az-viet-nam\/","menu_order":0,"post_type":"publisher","post_mime_type":"","comment_count":"0","filter":"raw"}},"_links":{"self":[{"href":"https:\/\/sachviet.eu\/en\/wp-json\/wp\/v2\/product\/11497","targetHints":{"allow":["GET"]}}],"collection":[{"href":"https:\/\/sachviet.eu\/en\/wp-json\/wp\/v2\/product"}],"about":[{"href":"https:\/\/sachviet.eu\/en\/wp-json\/wp\/v2\/types\/product"}],"wp:featuredmedia":[{"embeddable":true,"href":"https:\/\/sachviet.eu\/en\/wp-json\/wp\/v2\/media\/11496"}],"wp:attachment":[{"href":"https:\/\/sachviet.eu\/en\/wp-json\/wp\/v2\/media?parent=11497"}],"wp:term":[{"taxonomy":"product_brand","embeddable":true,"href":"https:\/\/sachviet.eu\/en\/wp-json\/wp\/v2\/product_brand?post=11497"},{"taxonomy":"product_cat","embeddable":true,"href":"https:\/\/sachviet.eu\/en\/wp-json\/wp\/v2\/product_cat?post=11497"},{"taxonomy":"product_tag","embeddable":true,"href":"https:\/\/sachviet.eu\/en\/wp-json\/wp\/v2\/product_tag?post=11497"}],"curies":[{"name":"wp","href":"https:\/\/api.w.org\/{rel}","templated":true}]}}