{"id":11492,"date":"2021-06-03T02:03:29","date_gmt":"2021-06-02T23:03:29","guid":{"rendered":"https:\/\/sachviet.eu\/shop\/loi-song-toi-gian-cua-nguoi-nhat\/"},"modified":"2023-04-15T19:53:09","modified_gmt":"2023-04-15T16:53:09","slug":"loi-song-toi-gian-cua-nguoi-nhat","status":"publish","type":"product","link":"https:\/\/sachviet.eu\/en\/shop\/loi-song-toi-gian-cua-nguoi-nhat\/","title":{"rendered":"L\u1ed1i s\u1ed1ng t\u1ed1i gi\u1ea3n c\u1ee7a ng\u01b0\u1eddi nh\u1eadt"},"content":{"rendered":"<p>L\u1ed1i S\u1ed1ng T\u1ed1i Gi\u1ea3n C\u1ee7a Ng\u01b0\u1eddi Nh\u1eadt<\/p>\n<p>L\u1ed1i s\u1ed1ng t\u1ed1i gi\u1ea3n l\u00e0 c\u00e1ch s\u1ed1ng c\u1eaft gi\u1ea3m v\u1eadt d\u1ee5ng xu\u1ed1ng c\u00f2n m\u1ee9c t\u1ed1i thi\u1ec3u. V\u00e0 c\u00f9ng v\u1edbi cu\u1ed9c s\u1ed1ng \u00edt \u0111\u1ed3 \u0111\u1ea1c, ta c\u00f3 th\u1ec3 \u0111\u1ec3 t\u00e2m nhi\u1ec1u h\u01a1n t\u1edbi h\u1ea1nh ph\u00fac, \u0111\u00f3 ch\u00ednh l\u00e0 ch\u1ee7 \u0111\u1ec1 c\u1ee7a cu\u1ed1n s\u00e1ch n\u00e0y.<\/p>\n<p>Ch\u1eb3ng c\u00f3 ai t\u1eeb khi sinh ra \u0111\u00e3 c\u00f3 t\u00e0i s\u1ea3n, \u0111\u1ed3 \u0111\u1ea1c g\u00ec trong tay. V\u1eady n\u00ean b\u1ea5t c\u1ee9 ai khi m\u1edbi ch\u00e0o \u0111\u1eddi \u0111\u1ec1u l\u00e0 nh\u1eefng ng\u01b0\u1eddi s\u1ed1ng t\u1ed1i gi\u1ea3n. C\u1ee9 m\u1ed7i l\u1ea7n b\u1ea1n s\u1edf h\u1eefu trong tay nh\u1eefng \u0111\u1ed3 d\u00f9ng h\u01a1n m\u1ee9c c\u1ea7n thi\u1ebft l\u00e0 m\u1ed9t l\u1ea7n b\u1ea1n l\u1ea5y m\u1ea5t t\u1ef1 do c\u1ee7a ch\u00ednh m\u00ecnh. Gi\u00e1 tr\u1ecb b\u1ea3n th\u00e2n ch\u00fang ta kh\u00f4ng \u0111o b\u1eb1ng nh\u1eefng \u0111\u1ed3 d\u00f9ng m\u00e0 ch\u00fang ta s\u1edf h\u1eefu. Nh\u1eefng \u0111\u1ed3 d\u00f9ng n\u00e0y ch\u1ec9 cho ch\u00fang ta m\u1ed9t ch\u00fat c\u1ea3m gi\u00e1c h\u1ea1nh ph\u00fac nh\u1ea5t th\u1eddi m\u00e0 th\u00f4i. Mang theo nh\u1eefng \u0111\u1ed3 d\u00f9ng h\u01a1n m\u1ee9c c\u1ea7n thi\u1ebft s\u1ebd l\u1ea5y h\u1ebft th\u1eddi gian, n\u0103ng l\u01b0\u1ee3ng c\u1ee7a b\u1ea1n. Khi nh\u1eadn ra \u0111\u01b0\u1ee3c \u0111i\u1ec1u \u0111\u00f3, t\u1ee9c l\u00e0 b\u1ea1n \u0111\u00e3 b\u1eaft \u0111\u1ea7u tr\u1edf th\u00e0nh m\u1ed9t ng\u01b0\u1eddi s\u1ed1ng t\u1ed1i gi\u1ea3n.<\/p>\n<p>Nh\u1eefng ng\u01b0\u1eddi s\u1ed1ng t\u1ed1i gi\u1ea3n lu\u00f4n c\u1ea3m th\u1ea5y vui v\u1ebb, m\u1edbi l\u1ea1 m\u1ed7i ng\u00e0y. C\u00e1i c\u1ea3m gi\u00e1c n\u00e0y, t\u00f4i ngh\u0129 b\u1ea5t c\u1ee9 ai c\u0169ng c\u00f3 th\u1ec3 c\u1ea3m nh\u1eadn \u0111\u01b0\u1ee3c, d\u00f9 b\u1ea1n c\u00f3 ph\u1ea3i l\u00e0 m\u1ed9t ng\u01b0\u1eddi s\u1ed1ng t\u1ed1i gi\u1ea3n hay kh\u00f4ng, b\u1edfi b\u1ea5t c\u1ee9 ai.<\/p>\n<p>L\u1ed1i s\u1ed1ng t\u1ed1i gi\u1ea3n c\u1ee7a ng\u01b0\u1eddi Nh\u1eadt g\u1ed3m c\u00f3 n\u0103m ch\u01b0\u01a1ng, trong \u0111\u00f3, ch\u01b0\u01a1ng m\u1ed9t, t\u00e1c gi\u1ea3 s\u1ebd gi\u1edbi thi\u1ec7u cho b\u1ea1n l\u1ed1i s\u1ed1ng t\u1ed1i gi\u1ea3n l\u00e0 g\u00ec, \u0111\u01b0a ra \u0111\u1ecbnh ngh\u0129a c\u1ee7a anh v\u1ec1 n\u00f3. Sau \u0111\u00f3 anh s\u1ebd \u0111\u01b0a ra l\u00fd do v\u00ec sao m\u00ecnh l\u1ea1i theo l\u1ed1i s\u1ed1ng n\u00e0y sau nhi\u1ec1u n\u0103m s\u1ed1ng trong c\u0103n ph\u00f2ng c\u1ee7a b\u1ea3n th\u00e2n.<\/p>\n<p>Ch\u01b0\u01a1ng hai t\u00e1c gi\u1ea3 s\u1ebd \u0111\u1ec1 c\u1eadp \u0111\u1ebfn t\u1ea1i sao sau ng\u1ea7n \u1ea5y n\u0103m, \u0111\u1ed3 \u0111\u1ea1c trong nh\u00e0 l\u1ea1i ch\u1ea5t nhi\u1ec1u \u0111\u1ebfn th\u1ebf. Nh\u1eefng \u0111\u1ed3 \u0111\u1ea1c \u0111\u01b0\u1ee3c t\u00edch t\u1ee5 l\u1ea1i do th\u00f3i quen hay nhu c\u1ea7u c\u1ee7a con ng\u01b0\u1eddi n\u00e0y mang \u00fd ngh\u0129a g\u00ec?<\/p>\n<p>Ch\u01b0\u01a1ng ba l\u00e0 nh\u1eefng b\u00ed quy\u1ebft \u0111\u1ec3 c\u1eaft gi\u1ea3m \u0111\u1ed3 \u0111\u1ea1c trong nh\u00e0. T\u00e1c gi\u1ea3 s\u1ebd \u0111\u01b0a ra cho b\u1ea1n nh\u1eefng quy t\u1eafc c\u1ee5 th\u1ec3, nh\u1eefng ph\u01b0\u01a1ng ph\u00e1p \u0111\u1ec3 c\u00f3 th\u1ec3 gi\u1ea3m b\u1edbt \u0111\u1ed3 \u0111\u1ea1c trong nh\u00e0. Th\u00eam v\u00e0o \u0111\u00f3 c\u0169ng s\u1ebd gi\u1edbi thi\u1ec7u cho b\u1ea1n danh s\u00e1ch b\u1ed5 sung 15 \u0111i\u1ec1u cho nh\u1eefng ng\u01b0\u1eddi mu\u1ed1n t\u1ed1i gi\u1ea3n h\u01a1n n\u1eefa c\u00f9ng v\u1edbi toa thu\u1ed1c cho \u201cc\u0103n b\u1ec7nh mu\u1ed1n v\u1ee9t b\u1ecf\u201d.<\/p>\n<p>Ch\u01b0\u01a1ng b\u1ed1n, nh\u1eefng thay \u0111\u1ed5i c\u1ee7a ch\u00ednh t\u00e1c gi\u1ea3 sau khi d\u1ecdn h\u1ebft \u0111\u1ed3 \u0111\u1ea1c trong nh\u00e0. K\u00e8m theo \u0111\u00f3, anh c\u00f2n ph\u00e2n t\u00edch v\u00e0 kh\u1ea3o s\u00e1t th\u00eam v\u1ec1 c\u00e1c k\u1ebft qu\u1ea3 nghi\u00ean c\u1ee9u t\u00e2m l\u00fd h\u1ecdc.<\/p>\n<p>Cu\u1ed1i c\u00f9ng ch\u01b0\u01a1ng n\u0103m, ti\u1ebfp n\u1ed1i \u00fd t\u1eeb ch\u01b0\u01a1ng b\u1ed1n, t\u00e1c gi\u1ea3 s\u1ebd gi\u1ea3i th\u00edch t\u1ea1i sao nh\u1eefng thay \u0111\u1ed5i c\u1ee7a b\u1ea3n th\u00e2n l\u1ea1i d\u1eabn \u0111\u1ebfn \u201ch\u1ea1nh ph\u00fac\u201d.<\/p>\n<p>\u0110\u1ec3 hi\u1ec3u s\u00e2u h\u01a1n v\u1ec1 l\u1ed1i s\u1ed1ng t\u1ed1i gi\u1ea3n, b\u1ea1n n\u00ean \u0111\u1ecdc h\u1ebft t\u1eeb ch\u01b0\u01a1ng m\u1ed9t \u0111\u1ebfn ch\u01b0\u01a1ng b\u1ed1n. Tuy nhi\u00ean, b\u1ea1n c\u0169ng c\u00f3 th\u1ec3 \u0111\u1ecdc ri\u00eang t\u1eebng ch\u01b0\u01a1ng. Th\u1eadm ch\u00ed ch\u1ec9 c\u1ea7n \u0111\u1ecdc ch\u01b0\u01a1ng ba c\u0169ng c\u00f3 th\u1ec3 gi\u00fap b\u1ea1n c\u1eaft gi\u1ea3m \u0111\u01b0\u1ee3c \u0111\u1ed3 \u0111\u1ea1c c\u1ee7a m\u00ecnh.<\/p>\n<p>Trong cu\u1ed1n s\u00e1ch n\u00e0y, \u201cl\u1ed1i s\u1ed1ng t\u1ed1i gi\u1ea3n\u201d \u0111\u01b0\u1ee3c hi\u1ec3u l\u00e0: 1) gi\u1edbi h\u1ea1n t\u1ed1i thi\u1ec3u c\u1ea7n thi\u1ebft cho b\u1ea3n th\u00e2n v\u00e0 2) v\u1ee9t b\u1ecf t\u1ea5t c\u1ea3 m\u1ecdi th\u1ee9 tr\u1eeb nh\u1eefng th\u1ee9 quan tr\u1ecdng.<\/p>\n<p>V\u00e0 nh\u1eefng ng\u01b0\u1eddi s\u1ed1ng theo l\u1ed1i s\u1ed1ng \u0111\u00f3 g\u1ecdi l\u00e0 ng\u01b0\u1eddi s\u1ed1ng t\u1ed1i gi\u1ea3n.<\/p>\n","protected":false},"excerpt":{"rendered":"<p>L\u1ed1i S\u1ed1ng T\u1ed1i Gi\u1ea3n C\u1ee7a Ng\u01b0\u1eddi Nh\u1eadt<\/p>\n<p>L\u1ed1i s\u1ed1ng t\u1ed1i gi\u1ea3n l\u00e0 c\u00e1ch s\u1ed1ng c\u1eaft gi\u1ea3m v\u1eadt d\u1ee5ng xu\u1ed1ng c\u00f2n m\u1ee9c t\u1ed1i thi\u1ec3u. V\u00e0 c\u00f9ng v\u1edbi cu\u1ed9c s\u1ed1ng \u00edt \u0111\u1ed3 \u0111\u1ea1c, ta c\u00f3 th\u1ec3 \u0111\u1ec3 t\u00e2m nhi\u1ec1u h\u01a1n t\u1edbi h\u1ea1nh ph\u00fac, \u0111\u00f3 ch\u00ednh l\u00e0 ch\u1ee7 \u0111\u1ec1 c\u1ee7a cu\u1ed1n s\u00e1ch n\u00e0y.<\/p>\n<p>Ch\u1eb3ng c\u00f3 ai t\u1eeb khi sinh ra \u0111\u00e3 c\u00f3 t\u00e0i s\u1ea3n, \u0111\u1ed3 \u0111\u1ea1c g\u00ec trong tay. V\u1eady n\u00ean b\u1ea5t c\u1ee9 ai khi m\u1edbi ch\u00e0o \u0111\u1eddi \u0111\u1ec1u l\u00e0 nh\u1eefng ng\u01b0\u1eddi s\u1ed1ng t\u1ed1i gi\u1ea3n. C\u1ee9 m\u1ed7i l\u1ea7n b\u1ea1n s\u1edf h\u1eefu trong tay nh\u1eefng \u0111\u1ed3 d\u00f9ng h\u01a1n m\u1ee9c c\u1ea7n thi\u1ebft l\u00e0 m\u1ed9t l\u1ea7n b\u1ea1n l\u1ea5y m\u1ea5t t\u1ef1 do c\u1ee7a ch\u00ednh m\u00ecnh. Gi\u00e1 tr\u1ecb b\u1ea3n th\u00e2n ch\u00fang ta kh\u00f4ng \u0111o b\u1eb1ng nh\u1eefng \u0111\u1ed3 d\u00f9ng m\u00e0 ch\u00fang ta s\u1edf h\u1eefu. Nh\u1eefng \u0111\u1ed3 d\u00f9ng n\u00e0y ch\u1ec9 cho ch\u00fang ta m\u1ed9t ch\u00fat c\u1ea3m gi\u00e1c h\u1ea1nh ph\u00fac nh\u1ea5t th\u1eddi m\u00e0 th\u00f4i. Mang theo nh\u1eefng \u0111\u1ed3 d\u00f9ng h\u01a1n m\u1ee9c c\u1ea7n thi\u1ebft s\u1ebd l\u1ea5y h\u1ebft th\u1eddi gian, n\u0103ng l\u01b0\u1ee3ng c\u1ee7a b\u1ea1n. Khi nh\u1eadn ra \u0111\u01b0\u1ee3c \u0111i\u1ec1u \u0111\u00f3, t\u1ee9c l\u00e0 b\u1ea1n \u0111\u00e3 b\u1eaft \u0111\u1ea7u tr\u1edf th\u00e0nh m\u1ed9t ng\u01b0\u1eddi s\u1ed1ng t\u1ed1i gi\u1ea3n.<\/p>\n<p>Nh\u1eefng ng\u01b0\u1eddi s\u1ed1ng t\u1ed1i gi\u1ea3n lu\u00f4n c\u1ea3m th\u1ea5y vui v\u1ebb, m\u1edbi l\u1ea1 m\u1ed7i ng\u00e0y. C\u00e1i c\u1ea3m gi\u00e1c n\u00e0y, t\u00f4i ngh\u0129 b\u1ea5t c\u1ee9 ai c\u0169ng c\u00f3 th\u1ec3 c\u1ea3m nh\u1eadn \u0111\u01b0\u1ee3c, d\u00f9 b\u1ea1n c\u00f3 ph\u1ea3i l\u00e0 m\u1ed9t ng\u01b0\u1eddi s\u1ed1ng t\u1ed1i gi\u1ea3n hay kh\u00f4ng, b\u1edfi b\u1ea5t c\u1ee9 ai.<\/p>\n<p>L\u1ed1i s\u1ed1ng t\u1ed1i gi\u1ea3n c\u1ee7a ng\u01b0\u1eddi Nh\u1eadt g\u1ed3m c\u00f3 n\u0103m ch\u01b0\u01a1ng, trong \u0111\u00f3, ch\u01b0\u01a1ng m\u1ed9t, t\u00e1c gi\u1ea3 s\u1ebd gi\u1edbi thi\u1ec7u cho b\u1ea1n l\u1ed1i s\u1ed1ng t\u1ed1i gi\u1ea3n l\u00e0 g\u00ec, \u0111\u01b0a ra \u0111\u1ecbnh ngh\u0129a c\u1ee7a anh v\u1ec1 n\u00f3. Sau \u0111\u00f3 anh s\u1ebd \u0111\u01b0a ra l\u00fd do v\u00ec sao m\u00ecnh l\u1ea1i theo l\u1ed1i s\u1ed1ng n\u00e0y sau nhi\u1ec1u n\u0103m s\u1ed1ng trong c\u0103n ph\u00f2ng c\u1ee7a b\u1ea3n th\u00e2n.<\/p>\n<p>Ch\u01b0\u01a1ng hai t\u00e1c gi\u1ea3 s\u1ebd \u0111\u1ec1 c\u1eadp \u0111\u1ebfn t\u1ea1i sao sau ng\u1ea7n \u1ea5y n\u0103m, \u0111\u1ed3 \u0111\u1ea1c trong nh\u00e0 l\u1ea1i ch\u1ea5t nhi\u1ec1u \u0111\u1ebfn th\u1ebf. Nh\u1eefng \u0111\u1ed3 \u0111\u1ea1c \u0111\u01b0\u1ee3c t\u00edch t\u1ee5 l\u1ea1i do th\u00f3i quen hay nhu c\u1ea7u c\u1ee7a con ng\u01b0\u1eddi n\u00e0y mang \u00fd ngh\u0129a g\u00ec?<\/p>\n<p>Ch\u01b0\u01a1ng ba l\u00e0 nh\u1eefng b\u00ed quy\u1ebft \u0111\u1ec3 c\u1eaft gi\u1ea3m \u0111\u1ed3 \u0111\u1ea1c trong nh\u00e0. T\u00e1c gi\u1ea3 s\u1ebd \u0111\u01b0a ra cho b\u1ea1n nh\u1eefng quy t\u1eafc c\u1ee5 th\u1ec3, nh\u1eefng ph\u01b0\u01a1ng ph\u00e1p \u0111\u1ec3 c\u00f3 th\u1ec3 gi\u1ea3m b\u1edbt \u0111\u1ed3 \u0111\u1ea1c trong nh\u00e0. Th\u00eam v\u00e0o \u0111\u00f3 c\u0169ng s\u1ebd gi\u1edbi thi\u1ec7u cho b\u1ea1n danh s\u00e1ch b\u1ed5 sung 15 \u0111i\u1ec1u cho nh\u1eefng ng\u01b0\u1eddi mu\u1ed1n t\u1ed1i gi\u1ea3n h\u01a1n n\u1eefa c\u00f9ng v\u1edbi toa thu\u1ed1c cho \u201cc\u0103n b\u1ec7nh mu\u1ed1n v\u1ee9t b\u1ecf\u201d.<\/p>\n<p>Ch\u01b0\u01a1ng b\u1ed1n, nh\u1eefng thay \u0111\u1ed5i c\u1ee7a ch\u00ednh t\u00e1c gi\u1ea3 sau khi d\u1ecdn h\u1ebft \u0111\u1ed3 \u0111\u1ea1c trong nh\u00e0. K\u00e8m theo \u0111\u00f3, anh c\u00f2n ph\u00e2n t\u00edch v\u00e0 kh\u1ea3o s\u00e1t th\u00eam v\u1ec1 c\u00e1c k\u1ebft qu\u1ea3 nghi\u00ean c\u1ee9u t\u00e2m l\u00fd h\u1ecdc.<\/p>\n<p>Cu\u1ed1i c\u00f9ng ch\u01b0\u01a1ng n\u0103m, ti\u1ebfp n\u1ed1i \u00fd t\u1eeb ch\u01b0\u01a1ng b\u1ed1n, t\u00e1c gi\u1ea3 s\u1ebd gi\u1ea3i th\u00edch t\u1ea1i sao nh\u1eefng thay \u0111\u1ed5i c\u1ee7a b\u1ea3n th\u00e2n l\u1ea1i d\u1eabn \u0111\u1ebfn \u201ch\u1ea1nh ph\u00fac\u201d.<\/p>\n<p>\u0110\u1ec3 hi\u1ec3u s\u00e2u h\u01a1n v\u1ec1 l\u1ed1i s\u1ed1ng t\u1ed1i gi\u1ea3n, b\u1ea1n n\u00ean \u0111\u1ecdc h\u1ebft t\u1eeb ch\u01b0\u01a1ng m\u1ed9t \u0111\u1ebfn ch\u01b0\u01a1ng b\u1ed1n. Tuy nhi\u00ean, b\u1ea1n c\u0169ng c\u00f3 th\u1ec3 \u0111\u1ecdc ri\u00eang t\u1eebng ch\u01b0\u01a1ng. Th\u1eadm ch\u00ed ch\u1ec9 c\u1ea7n \u0111\u1ecdc ch\u01b0\u01a1ng ba c\u0169ng c\u00f3 th\u1ec3 gi\u00fap b\u1ea1n c\u1eaft gi\u1ea3m \u0111\u01b0\u1ee3c \u0111\u1ed3 \u0111\u1ea1c c\u1ee7a m\u00ecnh.<\/p>\n<p>Trong cu\u1ed1n s\u00e1ch n\u00e0y, \u201cl\u1ed1i s\u1ed1ng t\u1ed1i gi\u1ea3n\u201d \u0111\u01b0\u1ee3c hi\u1ec3u l\u00e0: 1) gi\u1edbi h\u1ea1n t\u1ed1i thi\u1ec3u c\u1ea7n thi\u1ebft cho b\u1ea3n th\u00e2n v\u00e0 2) v\u1ee9t b\u1ecf t\u1ea5t c\u1ea3 m\u1ecdi th\u1ee9 tr\u1eeb nh\u1eefng th\u1ee9 quan tr\u1ecdng.<\/p>\n<p>V\u00e0 nh\u1eefng ng\u01b0\u1eddi s\u1ed1ng theo l\u1ed1i s\u1ed1ng \u0111\u00f3 g\u1ecdi l\u00e0 ng\u01b0\u1eddi s\u1ed1ng t\u1ed1i gi\u1ea3n.<\/p>\n","protected":false},"featured_media":11482,"template":"","meta":{"_acf_changed":false},"product_brand":[],"product_cat":[15,46],"product_tag":[],"class_list":{"0":"post-11492","1":"product","2":"type-product","3":"status-publish","4":"has-post-thumbnail","6":"product_cat-sach-danh-cho-nguoi-lon","7":"product_cat-ky-nang-song","9":"first","10":"outofstock","11":"taxable","12":"shipping-taxable","13":"purchasable","14":"product-type-simple"},"supplier_id":null,"supplier_sku":"","barcode":null,"atum_controlled":true,"out_stock_date":"2023-04-15 16:53:09","out_stock_threshold":null,"inheritable":false,"inbound_stock":0,"stock_on_hold":0,"sold_today":0,"sales_last_days":0,"reserved_stock":0,"customer_returns":0,"warehouse_damage":0,"lost_in_post":0,"other_logs":0,"out_stock_days":1019,"lost_sales":0,"has_location":false,"update_date":"2026-01-28T23:10:50","atum_locations":[],"atum_stock_status":"outofstock","restock_status":false,"low_stock_amount":"","sales_update_date":"2026-01-28T23:10:49","calc_backorders":null,"acf":{"publisher":{"ID":1474,"post_author":"1","post_date":"2021-02-17 01:12:51","post_date_gmt":"2021-02-16 23:12:51","post_content":"","post_title":"Th\u00e1i H\u00e0","post_excerpt":"","post_status":"publish","comment_status":"closed","ping_status":"closed","post_password":"","post_name":"thai-ha","to_ping":"","pinged":"","post_modified":"2021-02-17 01:12:51","post_modified_gmt":"2021-02-16 23:12:51","post_content_filtered":"","post_parent":0,"guid":"https:\/\/sachviet.eu\/nha-phat-hanh\/thai-ha\/","menu_order":0,"post_type":"publisher","post_mime_type":"","comment_count":"0","filter":"raw"}},"_links":{"self":[{"href":"https:\/\/sachviet.eu\/en\/wp-json\/wp\/v2\/product\/11492","targetHints":{"allow":["GET"]}}],"collection":[{"href":"https:\/\/sachviet.eu\/en\/wp-json\/wp\/v2\/product"}],"about":[{"href":"https:\/\/sachviet.eu\/en\/wp-json\/wp\/v2\/types\/product"}],"wp:featuredmedia":[{"embeddable":true,"href":"https:\/\/sachviet.eu\/en\/wp-json\/wp\/v2\/media\/11482"}],"wp:attachment":[{"href":"https:\/\/sachviet.eu\/en\/wp-json\/wp\/v2\/media?parent=11492"}],"wp:term":[{"taxonomy":"product_brand","embeddable":true,"href":"https:\/\/sachviet.eu\/en\/wp-json\/wp\/v2\/product_brand?post=11492"},{"taxonomy":"product_cat","embeddable":true,"href":"https:\/\/sachviet.eu\/en\/wp-json\/wp\/v2\/product_cat?post=11492"},{"taxonomy":"product_tag","embeddable":true,"href":"https:\/\/sachviet.eu\/en\/wp-json\/wp\/v2\/product_tag?post=11492"}],"curies":[{"name":"wp","href":"https:\/\/api.w.org\/{rel}","templated":true}]}}