{"id":11453,"date":"2021-06-03T02:00:09","date_gmt":"2021-06-02T23:00:09","guid":{"rendered":"https:\/\/sachviet.eu\/shop\/gio-qua-rang-lieu-tai-ban-2019\/"},"modified":"2024-06-17T07:00:55","modified_gmt":"2024-06-17T04:00:55","slug":"gio-qua-rang-lieu-tai-ban-2019","status":"publish","type":"product","link":"https:\/\/sachviet.eu\/en\/shop\/gio-qua-rang-lieu-tai-ban-2019\/","title":{"rendered":"Gi\u00f3 Qua R\u1eb7ng Li\u1ec5u (T\u00e1i B\u1ea3n 2019)"},"content":{"rendered":"<p>Gi\u00f3 qua r\u1eb7ng li\u1ec5u l\u00e0 c\u00e2u chuy\u1ec7n thi\u1ebfu nhi c\u1ee7a nh\u00e0 v\u0103n M\u1ef9 Kenneth Grabam, l\u1ea7n \u0111\u1ea7u ti\u00ean ra m\u1eaft c\u00f4ng ch\u00fang v\u00e0o n\u0103m 1908. K\u1ec3 t\u1eeb \u0111\u00f3 \u0111\u1ebfn nay, nh\u1eefng l\u1ea7n t\u00e1i b\u1ea3n li\u00ean t\u1ee5c v\u1eabn l\u00e0m say \u0111\u1eafm m\u1ecdi th\u1ebf h\u1ec7 \u0111\u1ed9c gi\u1ea3, \u0111\u1eb7c bi\u1ec7t l\u00e0 c\u00e1c em nh\u1ecf.<\/p>\n<p>Truy\u1ec7n k\u1ec3 v\u1ec1 cu\u1ed9c phi\u00eau l\u01b0u c\u1ee7a b\u1ed1n ng\u01b0\u1eddi b\u1ea1n: Chu\u1ed9t Ch\u0169i, Chu\u1ed9t N\u01b0\u1edbc, B\u00e1c L\u1eedng v\u00e0 C\u00f3c tr\u00e1i kho\u00e1y. Tr\u00ean chi\u1ebfc \u00f4 t\u00f4 m\u1edbi c\u1ee7a C\u00f3c lu\u00f4n ph\u00e1t ra ti\u1ebfng k\u00eau p\u00edp p\u00edp p\u00edp v\u00e0 ch\u1ea1y b\u1ea1t m\u1ea1ng, h\u1ecd \u0111\u00e3 \u0111i qua d\u00f2ng s\u00f4ng, qua b\u1edd c\u1ecf, khu r\u1eebng, qua n\u01a1i tr\u00fa ng\u1ee5 c\u1ee7a nh\u1eefng lo\u00e0i th\u00fa. Bi\u1ebft bao c\u00e2u chuy\u1ec7n k\u1ef3 th\u00fa, bao c\u1ea3nh tr\u00ed th\u01a1 m\u1ed9ng, k\u1ef3 \u1ea3o, t\u1ea5t c\u1ea3 c\u00f9ng cu\u1ed9n cu\u1ed9n nh\u01b0 m\u1ed9t gi\u1ea5c m\u01a1 c\u1ed5 t\u00edch m\u00e0 m\u1ecdi l\u1ee9a tu\u1ed5i \u0111\u1ec1u c\u00f3 th\u1ec3 \u0111am m\u00ea.<\/p>\n<p>Chu\u1ed9t Ch\u0169i v\u1ed1n l\u00e0m vi\u1ec7c trong m\u1ed9t c\u0103n h\u1ea7m ch\u1eadt ch\u1ed9i, t\u0103m t\u1ed1i. Nh\u01b0ng r\u1ed3i khi m\u00f9a xu\u00e2n \u0111\u1ebfn v\u1edbi s\u1ef1 chuy\u1ec3n m\u00ecnh c\u1ee7a v\u1ea1n v\u1eadt, c\u1eadu ch\u00e0ng v\u1ee9t b\u1ecf t\u1ea5t c\u1ea3 \u0111\u1ec3 ch\u1ea1y ra ngo\u00e0i. C\u1eadu mu\u1ed1n h\u01b0\u1edfng th\u1ee5 cu\u1ed9c s\u1ed1ng t\u01b0\u01a1i r\u00f3i, tr\u00e0n ng\u1eadp sinh kh\u00ed sau m\u1ed9t th\u1eddi gian d\u00e0i im \u1ec9m c\u00e1ch xa m\u1ecdi th\u1ee9. Chu\u1ed9t Ch\u0169i nhanh ch\u00f3ng k\u1ebft b\u1ea1n th\u00e2n c\u00f9ng Chu\u1ed9t N\u01b0\u1edbc. Chu\u1ed9t N\u01b0\u1edbc lu\u00f4n g\u1eafn b\u00f3 v\u1edbi d\u00f2ng s\u00f4ng, y\u00eau con n\u01b0\u1edbc tha thi\u1ebft, v\u00e0 c\u0169ng nh\u01b0 v\u1eady, say m\u00ea ch\u00e8o thuy\u1ec1n h\u01a1n t\u1ea5t c\u1ea3. B\u1edfi th\u1ebf, Chu\u1ed9t N\u01b0\u1edbc c\u00f3 t\u00ednh c\u00e1ch ph\u00f3ng kho\u00e1ng, t\u1ed1t b\u1ee5ng, y\u00eau \u0111\u1eddi v\u00e0 lu\u00f4n lu\u00f4n vui v\u1ebb, nhi\u1ec7t t\u00ecnh.<\/p>\n<p>Sau khi k\u1ebft th\u00e2n, hai ng\u01b0\u1eddi b\u1ea1n c\u00f9ng nhau th\u1ef1c hi\u1ec7n nh\u1eefng h\u00e0nh tr\u00ecnh th\u00fa v\u1ecb. \u0110\u1ebfn m\u00f9a \u0111\u00f4ng, hai c\u1eadu ch\u00e0ng \u0111\u00e3 kh\u00e1m ph\u00e1 ra ng\u00f4i nh\u00e0 c\u1ee7a B\u00e1c L\u1eedng s\u1ed1ng \u0111\u1ed9c th\u00e2n trong khu r\u1eebng hoang. B\u00e1c c\u00f3 t\u00ednh c\u00e1ch th\u1eadt nghi\u00eam ngh\u1ecb, ch\u1eb3ng th\u00edch ai phi\u1ec1n nhi\u1ec5u, \u01b0a s\u1ed1ng m\u1ed9t m\u00ecnh v\u00e0 quy\u1ebft ch\u00ed kh\u00f4ng bao gi\u1edd r\u1eddi c\u0103n nh\u00e0 \u1ea5m c\u00f9ng \u0111i \u0111\u00e2u c\u1ea3. C\u0103n nh\u00e0 c\u1ee7a b\u00e1c gi\u1eefa khu r\u1eebng m\u1edbi tuy\u1ec7t l\u00e0m sao, t\u1ef1a th\u1ec3 ng\u1ecdn l\u1eeda \u1ea5m \u00e1p, th\u01a1m tho gi\u1eefa tr\u1eadp tr\u00f9ng tuy\u1ebft l\u1ea1nh, t\u1ea5t c\u1ea3 \u0111\u1ec1u khi\u1ebfn hai c\u1eadu Chu\u1ed9t m\u00ea m\u1ea9n. Nh\u01b0ng r\u1ed3i, nh\u1eefng cu\u1ed9c phi\u00eau l\u01b0u \u0111ang ch\u1edd hai c\u1eadu. V\u00e0 B\u00e1c L\u1eedng c\u0169ng kh\u00f4ng th\u1ec3 n\u00e0o ru r\u00fa m\u00e3i trong ng\u00f4i nh\u00e0 \u00eam \u1ea5m, khi ngo\u00e0i kia, cu\u1ed9c \u0111\u1eddi s\u1ed1ng \u0111\u1ed9ng \u0111ang ch\u1edd.<\/p>\n<p>Ng\u01b0\u1eddi b\u1ea1n \u0111\u01b0a h\u1ecd \u0111i kh\u1eafp n\u01a1i s\u1ebd l\u00e0 C\u00f3c tr\u00e1i kho\u00e1y, v\u00e0 chi\u1ebfc \u00f4 t\u00f4 m\u1edbi p\u00edp-p\u00edp-p\u00edp b\u1ea1t m\u1ea1ng c\u1ee7a ng\u00e0i ta. T\u00f2a l\u00e2u \u0111\u00e0i c\u1ee7a C\u00f3c c\u0169ng \u0111\u1eb9p nh\u1ea5t tr\u00ean \u0111\u1eddi. \u0110\u00f3 l\u00e0 t\u00f2a l\u00e2u \u0111\u00e0i b\u00ean s\u00f4ng kh\u00f4ng m\u1ed9t ng\u00f4i nh\u00e0 n\u00e0o s\u00e1nh k\u1ecbp. Nh\u01b0ng C\u00f3c th\u00ec v\u1eabn th\u00edch chi\u1ebfc \u00f4 t\u00f4 h\u01a1n. \u1ede \u0111\u00f3, m\u1edf ra cu\u1ed9c phi\u00eau l\u01b0u v\u1edbi ba ng\u01b0\u1eddi b\u1ea1n m\u1edbi, tr\u00ean nh\u1eefng b\u1edd s\u00f4ng, nh\u1eefng khu r\u1eebng, nh\u1eefng d\u1eb7m \u0111\u01b0\u1eddng m\u1edf ra bao c\u00e2u chuy\u1ec7n ly k\u1ef3 l\u00e0m n\u1ee9c l\u00f2ng \u0111\u1ed9c gi\u1ea3.<\/p>\n<p>Nh\u1eadn \u0111\u1ecbnh<\/p>\n<p>\u201cNg\u01b0\u1eddi ta c\u00f3 th\u1ec3 tranh lu\u1eadn v\u1ec1 gi\u00e1 tr\u1ecb c\u1ee7a h\u1ea7u h\u1ebft c\u00e1c cu\u1ed1n s\u00e1ch, nh\u01b0ng ng\u01b0\u1eddi ta kh\u00f4ng tranh lu\u1eadn v\u1ec1 Gi\u00f3 qua r\u1eb7ng li\u1ec5u. \u0110\u00f3 l\u00e0 cu\u1ed1n s\u00e1ch c\u1ee7a m\u1ecdi nh\u00e0, m\u1ed9t cu\u1ed1n s\u00e1ch m\u00e0 m\u1ecdi ng\u01b0\u1eddi trong gia \u0111\u00ecnh y\u00eau m\u1ebfn v\u00e0 tr\u00edch d\u1eabn li\u00ean t\u1ee5c\u2026 m\u1ed9t cu\u1ed1n s\u00e1ch \u0111\u01b0\u1ee3c \u0111\u1ecdc to cho m\u1ecdi ng\u01b0\u1eddi kh\u00e1ch nghe, m\u1ed9t m\u00f3n qu\u00e0 tuy\u1ec7t di\u1ec7u\u2026 \u0111\u1ea7y \u1eafp s\u1ef1 nhi\u1ec7t th\u00e0nh c\u1ee7a tu\u1ed5i tr\u1ebb v\u1ec1 cu\u1ed9c s\u1ed1ng, \u00e1nh s\u00e1ng, d\u00f2ng n\u01b0\u1edbc, khu r\u1eebng, nh\u1eefng con \u0111\u01b0\u1eddng b\u1ee5i b\u1eb7m, m\u00f9a \u0111\u00f4ng b\u00ean l\u00f2 s\u01b0\u1edfi\u2026\u201d<\/p>\n<p>&#8211; Alexanderr Milne<\/p>\n<p>\u201cM\u1ed9t t\u00e1c ph\u1ea9m kinh \u0111i\u1ec3n cho thi\u1ebfu nhi v\u00e0 ng\u01b0\u1eddi l\u1edbn v\u1eabn \u0111\u1ecdc m\u1ed9t c\u00e1ch vui th\u00edch\u2026 M\u1ed9t th\u1ebf gi\u1edbi th\u1ea7n ti\u00ean \u0111\u01b0\u1ee3c vi\u1ebft l\u00e1ch m\u1ed9t c\u00e1ch tuy\u1ec7t di\u1ec7u\u201d<\/p>\n<p>\u2013 SDM<\/p>\n<p>\u201cTuy\u1ec7t v\u1eddi\u201d<\/p>\n<p>\u2013 The Spectator<\/p>\n<p>\u201cC\u00e2u chuy\u1ec7n phi th\u1eddi c\u1ee7a C\u00f3c, Chu\u1ed9t N\u01b0\u1edbc, L\u1eedng v\u00e0 Chu\u1ed9t Ch\u0169i\u201d<\/p>\n<p>\u2013 Aladdin Paperbacks<\/p>\n<p>\u201cV\u1edbi nh\u1eefng minh ho\u1ea1 tuy\u1ec7t v\u1eddi, Gi\u00f3 qua r\u1eb7ng li\u1ec5u v\u1eabn kh\u00f4ng ng\u1eebng \u0111\u01b0a \u0111\u1ed9c gi\u1ea3 tr\u1ebb v\u1ec1 v\u1edbi \u0111\u1ed3ng c\u1ecf, v\u1edbi b\u1edd s\u00f4ng v\u00e0 r\u1eebng hoang\u201d<\/p>\n<p>\u2013 The Cleveland Plain Dealer<\/p>\n<p>\u201cT\u00e1c ph\u1ea9m kinh \u0111i\u1ec3n c\u1ee7a v\u0103n h\u1ecdc thi\u1ebfu nhi Anh\u201d<\/p>\n<p>\u2013 The Merriam-Webster Encyclopedia of Literature<\/p>\n","protected":false},"excerpt":{"rendered":"<p>Gi\u00f3 qua r\u1eb7ng li\u1ec5u l\u00e0 c\u00e2u chuy\u1ec7n thi\u1ebfu nhi c\u1ee7a nh\u00e0 v\u0103n M\u1ef9 Kenneth Grabam, l\u1ea7n \u0111\u1ea7u ti\u00ean ra m\u1eaft c\u00f4ng ch\u00fang v\u00e0o n\u0103m 1908. K\u1ec3 t\u1eeb \u0111\u00f3 \u0111\u1ebfn nay, nh\u1eefng l\u1ea7n t\u00e1i b\u1ea3n li\u00ean t\u1ee5c v\u1eabn l\u00e0m say \u0111\u1eafm m\u1ecdi th\u1ebf h\u1ec7 \u0111\u1ed9c gi\u1ea3, \u0111\u1eb7c bi\u1ec7t l\u00e0 c\u00e1c em nh\u1ecf.<\/p>\n<p>Truy\u1ec7n k\u1ec3 v\u1ec1 cu\u1ed9c phi\u00eau l\u01b0u c\u1ee7a b\u1ed1n ng\u01b0\u1eddi b\u1ea1n: Chu\u1ed9t Ch\u0169i, Chu\u1ed9t N\u01b0\u1edbc, B\u00e1c L\u1eedng v\u00e0 C\u00f3c tr\u00e1i kho\u00e1y. Tr\u00ean chi\u1ebfc \u00f4 t\u00f4 m\u1edbi c\u1ee7a C\u00f3c lu\u00f4n ph\u00e1t ra ti\u1ebfng k\u00eau p\u00edp p\u00edp p\u00edp v\u00e0 ch\u1ea1y b\u1ea1t m\u1ea1ng, h\u1ecd \u0111\u00e3 \u0111i qua d\u00f2ng s\u00f4ng, qua b\u1edd c\u1ecf, khu r\u1eebng, qua n\u01a1i tr\u00fa ng\u1ee5 c\u1ee7a nh\u1eefng lo\u00e0i th\u00fa. Bi\u1ebft bao c\u00e2u chuy\u1ec7n k\u1ef3 th\u00fa, bao c\u1ea3nh tr\u00ed th\u01a1 m\u1ed9ng, k\u1ef3 \u1ea3o, t\u1ea5t c\u1ea3 c\u00f9ng cu\u1ed9n cu\u1ed9n nh\u01b0 m\u1ed9t gi\u1ea5c m\u01a1 c\u1ed5 t\u00edch m\u00e0 m\u1ecdi l\u1ee9a tu\u1ed5i \u0111\u1ec1u c\u00f3 th\u1ec3 \u0111am m\u00ea.<\/p>\n<p>Chu\u1ed9t Ch\u0169i v\u1ed1n l\u00e0m vi\u1ec7c trong m\u1ed9t c\u0103n h\u1ea7m ch\u1eadt ch\u1ed9i, t\u0103m t\u1ed1i. Nh\u01b0ng r\u1ed3i khi m\u00f9a xu\u00e2n \u0111\u1ebfn v\u1edbi s\u1ef1 chuy\u1ec3n m\u00ecnh c\u1ee7a v\u1ea1n v\u1eadt, c\u1eadu ch\u00e0ng v\u1ee9t b\u1ecf t\u1ea5t c\u1ea3 \u0111\u1ec3 ch\u1ea1y ra ngo\u00e0i. C\u1eadu mu\u1ed1n h\u01b0\u1edfng th\u1ee5 cu\u1ed9c s\u1ed1ng t\u01b0\u01a1i r\u00f3i, tr\u00e0n ng\u1eadp sinh kh\u00ed sau m\u1ed9t th\u1eddi gian d\u00e0i im \u1ec9m c\u00e1ch xa m\u1ecdi th\u1ee9. Chu\u1ed9t Ch\u0169i nhanh ch\u00f3ng k\u1ebft b\u1ea1n th\u00e2n c\u00f9ng Chu\u1ed9t N\u01b0\u1edbc. Chu\u1ed9t N\u01b0\u1edbc lu\u00f4n g\u1eafn b\u00f3 v\u1edbi d\u00f2ng s\u00f4ng, y\u00eau con n\u01b0\u1edbc tha thi\u1ebft, v\u00e0 c\u0169ng nh\u01b0 v\u1eady, say m\u00ea ch\u00e8o thuy\u1ec1n h\u01a1n t\u1ea5t c\u1ea3. B\u1edfi th\u1ebf, Chu\u1ed9t N\u01b0\u1edbc c\u00f3 t\u00ednh c\u00e1ch ph\u00f3ng kho\u00e1ng, t\u1ed1t b\u1ee5ng, y\u00eau \u0111\u1eddi v\u00e0 lu\u00f4n lu\u00f4n vui v\u1ebb, nhi\u1ec7t t\u00ecnh.<\/p>\n<p>Sau khi k\u1ebft th\u00e2n, hai ng\u01b0\u1eddi b\u1ea1n c\u00f9ng nhau th\u1ef1c hi\u1ec7n nh\u1eefng h\u00e0nh tr\u00ecnh th\u00fa v\u1ecb. \u0110\u1ebfn m\u00f9a \u0111\u00f4ng, hai c\u1eadu ch\u00e0ng \u0111\u00e3 kh\u00e1m ph\u00e1 ra ng\u00f4i nh\u00e0 c\u1ee7a B\u00e1c L\u1eedng s\u1ed1ng \u0111\u1ed9c th\u00e2n trong khu r\u1eebng hoang. B\u00e1c c\u00f3 t\u00ednh c\u00e1ch th\u1eadt nghi\u00eam ngh\u1ecb, ch\u1eb3ng th\u00edch ai phi\u1ec1n nhi\u1ec5u, \u01b0a s\u1ed1ng m\u1ed9t m\u00ecnh v\u00e0 quy\u1ebft ch\u00ed kh\u00f4ng bao gi\u1edd r\u1eddi c\u0103n nh\u00e0 \u1ea5m c\u00f9ng \u0111i \u0111\u00e2u c\u1ea3. C\u0103n nh\u00e0 c\u1ee7a b\u00e1c gi\u1eefa khu r\u1eebng m\u1edbi tuy\u1ec7t l\u00e0m sao, t\u1ef1a th\u1ec3 ng\u1ecdn l\u1eeda \u1ea5m \u00e1p, th\u01a1m tho gi\u1eefa tr\u1eadp tr\u00f9ng tuy\u1ebft l\u1ea1nh, t\u1ea5t c\u1ea3 \u0111\u1ec1u khi\u1ebfn hai c\u1eadu Chu\u1ed9t m\u00ea m\u1ea9n. Nh\u01b0ng r\u1ed3i, nh\u1eefng cu\u1ed9c phi\u00eau l\u01b0u \u0111ang ch\u1edd hai c\u1eadu. V\u00e0 B\u00e1c L\u1eedng c\u0169ng kh\u00f4ng th\u1ec3 n\u00e0o ru r\u00fa m\u00e3i trong ng\u00f4i nh\u00e0 \u00eam \u1ea5m, khi ngo\u00e0i kia, cu\u1ed9c \u0111\u1eddi s\u1ed1ng \u0111\u1ed9ng \u0111ang ch\u1edd.<\/p>\n<p>Ng\u01b0\u1eddi b\u1ea1n \u0111\u01b0a h\u1ecd \u0111i kh\u1eafp n\u01a1i s\u1ebd l\u00e0 C\u00f3c tr\u00e1i kho\u00e1y, v\u00e0 chi\u1ebfc \u00f4 t\u00f4 m\u1edbi p\u00edp-p\u00edp-p\u00edp b\u1ea1t m\u1ea1ng c\u1ee7a ng\u00e0i ta. T\u00f2a l\u00e2u \u0111\u00e0i c\u1ee7a C\u00f3c c\u0169ng \u0111\u1eb9p nh\u1ea5t tr\u00ean \u0111\u1eddi. \u0110\u00f3 l\u00e0 t\u00f2a l\u00e2u \u0111\u00e0i b\u00ean s\u00f4ng kh\u00f4ng m\u1ed9t ng\u00f4i nh\u00e0 n\u00e0o s\u00e1nh k\u1ecbp. Nh\u01b0ng C\u00f3c th\u00ec v\u1eabn th\u00edch chi\u1ebfc \u00f4 t\u00f4 h\u01a1n. \u1ede \u0111\u00f3, m\u1edf ra cu\u1ed9c phi\u00eau l\u01b0u v\u1edbi ba ng\u01b0\u1eddi b\u1ea1n m\u1edbi, tr\u00ean nh\u1eefng b\u1edd s\u00f4ng, nh\u1eefng khu r\u1eebng, nh\u1eefng d\u1eb7m \u0111\u01b0\u1eddng m\u1edf ra bao c\u00e2u chuy\u1ec7n ly k\u1ef3 l\u00e0m n\u1ee9c l\u00f2ng \u0111\u1ed9c gi\u1ea3.<\/p>\n","protected":false},"featured_media":11452,"template":"","meta":{"_acf_changed":false},"product_brand":[],"product_cat":[15,45],"product_tag":[],"class_list":{"0":"post-11453","1":"product","2":"type-product","3":"status-publish","4":"has-post-thumbnail","6":"product_cat-sach-danh-cho-nguoi-lon","7":"product_cat-tieu-thuyet","9":"first","10":"outofstock","11":"taxable","12":"shipping-taxable","13":"purchasable","14":"product-type-simple"},"supplier_id":null,"supplier_sku":"","barcode":null,"atum_controlled":true,"out_stock_date":"2024-06-17 04:00:55","out_stock_threshold":null,"inheritable":false,"inbound_stock":0,"stock_on_hold":0,"sold_today":0,"sales_last_days":0,"reserved_stock":0,"customer_returns":0,"warehouse_damage":0,"lost_in_post":0,"other_logs":0,"out_stock_days":590,"lost_sales":0,"has_location":false,"update_date":"2026-01-28T23:11:18","atum_locations":[],"atum_stock_status":"outofstock","restock_status":false,"low_stock_amount":"","sales_update_date":"2026-01-28T23:11:18","calc_backorders":null,"acf":{"publisher":{"ID":1424,"post_author":"1","post_date":"2021-02-17 00:02:29","post_date_gmt":"2021-02-16 22:02:29","post_content":"<!-- wp:flatsome\/uxbuilder -->\n<h1 style=\"text-align: center\"><strong>Nh\u00e3 Nam<\/strong><\/h1>\n[row]\n\n[col span=\"6\" span__sm=\"12\"]\n\n[ux_image id=\"1438\" image_size=\"medium\"]\n\n\n[\/col]\n[col span=\"6\" span__sm=\"12\"]\n\n<p><strong>C\u00f4ng ty c\u1ed5 ph\u1ea7n V\u0103n h\u00f3a v\u00e0 Truy\u1ec1n th\u00f4ng Nh\u00e3 Nam<\/strong><\/p>\n<p>Th\u00e1ng 2 n\u0103m 2005, Nh\u00e3 Nam, t\u00ean \u0111\u1ea7y \u0111\u1ee7 l\u00e0 C\u00f4ng ty C\u1ed5 ph\u1ea7n V\u0103n h\u00f3a v\u00e0 Truy\u1ec1n th\u00f4ng Nh\u00e3 Nam \u0111\u00e3 gia nh\u1eadp th\u1ecb tr\u01b0\u1eddng s\u00e1ch. T\u00e1c ph\u1ea9m \"Balzac v\u00e0 c\u00f4 b\u00e9 th\u1ee3 may Trung hoa\" c\u1ee7a \u0110\u1edbi T\u01b0 Ki\u1ec7t l\u00e0 cu\u1ed1n s\u00e1ch \u0111\u1ea7u ti\u00ean \u0111\u01b0\u1ee3c nh\u1eefng ng\u01b0\u1eddi s\u00e1ng l\u1eadp Nh\u00e3 Nam xu\u1ea5t b\u1ea3n c\u1ea3 tr\u01b0\u1edbc khi c\u00f4ng ty ra \u0111\u1eddi. Ngay l\u1eadp t\u1ee9c t\u1eeb cu\u1ed1n s\u00e1ch \u0111\u1ea7u ti\u00ean, \u0111\u1ed9c gi\u1ea3 \u0111\u00e3 d\u00e0nh s\u1ef1 quan t\u00e2m v\u00e0 y\u00eau m\u1ebfn cho m\u1ed9t th\u01b0\u01a1ng hi\u1ec7u s\u00e1ch m\u1edbi m\u1ebb mang trong m\u00ecnh kh\u00e1t v\u1ecdng g\u00f3p ph\u1ea7n t\u1ea1o l\u1eadp di\u1ec7n m\u1ea1o m\u1edbi cho xu\u1ea5t b\u1ea3n v\u0103n h\u1ecdc t\u1ea1i Vi\u1ec7t Nam.<\/p>\n<p>L\u00f2ng say m\u00ea c\u1ee7a \u0111\u1ed9i ng\u0169 l\u00e0 vi\u00ean \u0111\u00e1 \u0111\u1ea7u ti\u00ean. Tr\u1ea3i qua m\u1ea5y n\u0103m ph\u00e1t tri\u1ec3n, Nh\u00e3 Nam \u0111\u00e3 \u0111\u01b0\u1ee3c x\u00e2y d\u1ef1ng d\u1ea7n l\u00ean trong di\u1ec7n m\u1ea1o m\u1ed9t nh\u00e0 xu\u1ea5t b\u1ea3n v\u1eefng ch\u00e3i v\u00e0 chuy\u00ean nghi\u1ec7p. S\u00e1u th\u00e1ng sau khi th\u00e0nh l\u1eadp c\u00f4ng ty, Nh\u1eadt k\u00fd \u0110\u1eb7ng Th\u00f9y Tr\u00e2m ra \u0111\u1eddi, t\u1ea1o n\u00ean m\u1ed9t c\u01a1n s\u1ed1t trong x\u00e3 h\u1ed9i, v\u1edbi g\u1ea7n 500,000 b\u1ea3n s\u00e1ch \u0111\u01b0\u1ee3c ph\u00e1t h\u00e0nh, ph\u00e1 m\u1ecdi k\u1ef7 l\u1ee5c v\u1ec1 xu\u1ea5t b\u1ea3n tr\u01b0\u1edbc \u0111\u00f3, k\u00e9o theo m\u1ed9t lo\u1ea1t nh\u1eefng hi\u1ec7u \u1ee9ng x\u00e3 h\u1ed9i v\u00e0 d\u01b0 lu\u1eadn c\u00f3 \u00fd ngh\u0129a. T\u1eeb \u0111\u00f3 tr\u1edf \u0111i, th\u00f4ng qua Nh\u00e3 Nam, c\u00e1c cu\u1ed1n s\u00e1ch v\u0103n h\u1ecdc n\u01b0\u1edbc ngo\u00e0i c\u00f3 gi\u00e1 tr\u1ecb \u0111\u01b0\u1ee3c li\u00ean t\u1ee5c mua b\u1ea3n quy\u1ec1n v\u00e0 xu\u1ea5t b\u1ea3n t\u1ea1i Vi\u1ec7t Nam, thu h\u00fat nhi\u1ec1u t\u1ea7ng l\u1edbp \u0111\u1ed9c gi\u1ea3. S\u00e1ch c\u1ee7a Nh\u00e3 Nam n\u1ed5i b\u1eadt b\u1edfi n\u1ed9i dung v\u0103n h\u1ecdc tinh t\u1ebf, b\u1edfi v\u1ebb \u0111\u1eb9p c\u1ee7a thi\u1ebft k\u1ebf hi\u1ec7n \u0111\u1ea1i \u1edf h\u00ecnh th\u1ee9c, b\u1edfi s\u1ef1 ch\u0103m ch\u00fat k\u1ef9 l\u01b0\u1ee1ng cho m\u1ed7i cu\u1ed1n s\u00e1ch nh\u01b0 m\u1ed9t con thuy\u1ec1n mang t\u1edbi ni\u1ec1m vui, tri th\u1ee9c, ng\u1ea1c nhi\u00ean, v\u00e0 \u0111\u1ed3ng c\u1ea3m.<\/p>\n\n[\/col]\n\n[\/row]\n<p style=\"text-align: left\">Hi\u1ec3u th\u1eddi \u0111\u1ea1i \u0111ang s\u1ed1ng th\u00f4ng qua s\u00e1ch, song h\u00e0nh v\u1edbi nh\u1eefng bi\u1ebfn chuy\u1ec3n s\u00e2u s\u1eafc trong l\u00f2ng x\u00e3 h\u1ed9i b\u1eb1ng nh\u1eefng ho\u1ea1t \u0111\u1ed9ng xu\u1ea5t b\u1ea3n mi\u1ec7t m\u00e0i v\u00e0 qu\u1ea3 c\u1ea3m, con \u0111\u01b0\u1eddng Nh\u00e3 Nam \u0111\u00e3 ch\u1ecdn \u0111\u1ec3 \u0111i s\u1ebd c\u00f2n d\u00e0i. Nhi\u1ec1u kh\u00f3 kh\u0103n, th\u1eed th\u00e1ch \u0111ang \u1edf ph\u00eda tr\u01b0\u1edbc. B\u01b0\u1edbc qua th\u1eddi k\u1ef3 s\u01a1 khai v\u1edbi nh\u1eefng b\u00e0i h\u1ecdc v\u00e0 nh\u1eefng kinh nghi\u1ec7m \u0111\u1ea7u ti\u00ean, Nh\u00e3 Nam gi\u1edd \u0111\u00e3 s\u1eb5n s\u00e0ng cho m\u1ed9t ch\u1eb7ng \u0111\u01b0\u1eddng ph\u00e1t tri\u1ec3n m\u1edbi. V\u00e0 ch\u00fang t\u00f4i mu\u1ed1n ho\u00e0n thi\u1ec7n m\u00ecnh trong s\u1ef1 c\u1ea7u th\u1ecb v\u00e0 c\u1ea9n tr\u1ecdng. T\u1ea5t c\u1ea3 v\u00ec m\u1ed9t gia s\u1ea3n s\u00e1ch to l\u1edbn, c\u00f3 s\u1ee9c s\u1ed1ng d\u00e0i l\u00e2u, c\u00f3 \u00fd ngh\u0129a v\u1edbi nhi\u1ec1u th\u1ebf h\u1ec7 b\u1ea1n \u0111\u1ecdc.<br \/>B\u1edfi v\u00ec s\u00e1ch l\u00e0 th\u1ebf gi\u1edbi.<\/p>\n<p><strong>\u0110\u00e2y l\u00e0 m\u1ed9t nh\u00e0 ph\u00e1t h\u00e0nh s\u00e1ch m\u00e0 SACHVIET.EU r\u1ea5t y\u00eau th\u00edch v\u00e0 tin t\u01b0\u1edfng. Nh\u00ecn \u0111\u01b0\u1ee3c t\u1ea7m \u1ea3nh h\u01b0\u1edfng c\u1ee7a Nh\u00e3 Nam qua t\u1eebng cu\u1ed1n s\u00e1ch, SACHVIET.EU li\u00ean h\u1ec7 h\u1ee3p t\u00e1c ngay v\u1edbi Nh\u00e3 Nam \u0111\u1ec3 \u0111em to\u00e0n b\u1ed9 nh\u1eefng t\u00e1c ph\u1ea9m m\u1edbi, hay nh\u1ea5t m\u00e0 Nh\u00e3 Nam c\u00f3 sang Ch\u00e2u \u00c2u, \u0111\u01b0a \u0111\u1ebfn cho \u0111\u1ed9c gi\u1ea3 c\u00f3 nhi\u1ec1u s\u1ef1 l\u1ef1a ch\u1ecdn phong ph\u00fa h\u01a1n c\u1ea3 s\u00e1ch cho tr\u1ebb em l\u1eabn ng\u01b0\u1eddi l\u1edbn.\u00a0<\/strong><\/p>\n\n<!-- \/wp:flatsome\/uxbuilder -->","post_title":"Nh\u00e3 Nam","post_excerpt":"","post_status":"publish","comment_status":"closed","ping_status":"closed","post_password":"","post_name":"nha-nam","to_ping":"","pinged":"","post_modified":"2022-12-19 23:15:33","post_modified_gmt":"2022-12-19 21:15:33","post_content_filtered":"","post_parent":0,"guid":"https:\/\/sachviet.eu\/?post_type=publisher&#038;p=1424","menu_order":0,"post_type":"publisher","post_mime_type":"","comment_count":"0","filter":"raw"}},"_links":{"self":[{"href":"https:\/\/sachviet.eu\/en\/wp-json\/wp\/v2\/product\/11453","targetHints":{"allow":["GET"]}}],"collection":[{"href":"https:\/\/sachviet.eu\/en\/wp-json\/wp\/v2\/product"}],"about":[{"href":"https:\/\/sachviet.eu\/en\/wp-json\/wp\/v2\/types\/product"}],"wp:featuredmedia":[{"embeddable":true,"href":"https:\/\/sachviet.eu\/en\/wp-json\/wp\/v2\/media\/11452"}],"wp:attachment":[{"href":"https:\/\/sachviet.eu\/en\/wp-json\/wp\/v2\/media?parent=11453"}],"wp:term":[{"taxonomy":"product_brand","embeddable":true,"href":"https:\/\/sachviet.eu\/en\/wp-json\/wp\/v2\/product_brand?post=11453"},{"taxonomy":"product_cat","embeddable":true,"href":"https:\/\/sachviet.eu\/en\/wp-json\/wp\/v2\/product_cat?post=11453"},{"taxonomy":"product_tag","embeddable":true,"href":"https:\/\/sachviet.eu\/en\/wp-json\/wp\/v2\/product_tag?post=11453"}],"curies":[{"name":"wp","href":"https:\/\/api.w.org\/{rel}","templated":true}]}}