{"id":11448,"date":"2021-06-03T01:59:54","date_gmt":"2021-06-02T22:59:54","guid":{"rendered":"https:\/\/sachviet.eu\/shop\/nhat-ky-chu-be-nhut-nhat-set-15-quyen\/"},"modified":"2022-11-30T14:14:24","modified_gmt":"2022-11-30T12:14:24","slug":"nhat-ky-chu-be-nhut-nhat-set-15-quyen","status":"publish","type":"product","link":"https:\/\/sachviet.eu\/en\/shop\/nhat-ky-chu-be-nhut-nhat-set-15-quyen\/","title":{"rendered":"Nh\u1eadt K\u00fd Ch\u00fa B\u00e9 Nh\u00fat Nh\u00e1t &#8211; Set 15 quy\u1ec3n"},"content":{"rendered":"<p>\u201cNh\u1eadt k\u00fd ch\u00fa b\u00e9 nh\u00fat nh\u00e1t \u2013 T\u00e1c gi\u1ea3: Jeff Kinney\u201d \u2013 B\u1ed9 s\u00e1ch tr\u1ee5 v\u1eefng \u1edf v\u1ecb tr\u00ed Bestseller c\u1ee7a New York Times \u0111\u1ebfn h\u01a1n 10 n\u0103m (t\u1eeb n\u0103m 2007) v\u1edbi s\u1ed1 l\u01b0\u1ee3ng ti\u00eau th\u1ee5 l\u00ean t\u1edbi 170 tri\u1ec7u cu\u1ed1n tr\u00ean to\u00e0n th\u1ebf gi\u1edbi, xoay quanh c\u1eadu b\u00e9 Greg th\u00f4ng minh, tinh qu\u00e1i hi\u1ec7n \u0111\u00e3 c\u1ef1c k\u1ef3 n\u1ed5i ti\u1ebfng v\u1edbi \u0111\u1ed9c gi\u1ea3 Vi\u1ec7t Nam t\u1eeb n\u0103m 2008 &#8211; nay.<br \/>\nB\u1ed9 s\u00e1ch \u0111\u00e3 tr\u1edf th\u00e0nh series d\u00e0nh cho tu\u1ed5i h\u1ecdc tr\u00f2 \u0111\u01b0\u1ee3c \u01b0a chu\u1ed9ng nh\u1ea5t th\u1ebf gi\u1edbi, v\u01b0\u1ee3t qua c\u1ea3 b\u1ed9 truy\u1ec7n \u0111\u00ecnh \u0111\u00e1m Harry Potter c\u1ee7a nh\u00e0 v\u0103n J. K. Rowling, \u0111\u01b0a t\u00e1c gi\u1ea3 Jeff Kinney tr\u1edf th\u00e0nh m\u1ed9t trong 100 ng\u01b0\u1eddi c\u00f3 \u1ea3nh h\u01b0\u1edfng nh\u1ea5t th\u1ebf gi\u1edbi.<br \/>\nV\u1edbi mong mu\u1ed1n bi\u1ebfn b\u1ed9 s\u00e1ch kh\u00f4ng ch\u1ec9 l\u00e0 m\u1ed9t b\u1ed9 truy\u1ec7n gi\u1ea3i tr\u00ed m\u00e0 tr\u1edf th\u00e0nh c\u00f4ng c\u1ee5 h\u1ed7 tr\u1ee3 c\u00e1c \u0111\u1ed9c gi\u1ea3, \u0111\u1eb7c bi\u1ec7t l\u00e0 c\u00e1c \u0111\u1ed9c gi\u1ea3 nh\u00ed c\u00f3 mong mu\u1ed1n \u0111\u1ecdc v\u00e0 trau d\u1ed3i v\u1ed1n t\u1eeb v\u1ef1ng, ng\u1eef ph\u00e1p v\u00e0 kh\u1ea3 n\u0103ng \u0111\u1ecdc hi\u1ec3u ti\u1ebfng Anh, H\u00e0 Giang Books \u0111\u00e3 in song song hai ng\u00f4n ng\u1eef Vi\u1ec7t-Anh t\u1eeb t\u1eadp 1-11, \u0111\u1ed3ng th\u1eddi cung c\u1ea5p th\u00eam c\u00e1c t\u1eeb, c\u1ee5m t\u1eeb ti\u1ebfng Anh th\u00f4ng d\u1ee5ng bi\u1ebfn h\u00f3a theo t\u00ecnh hu\u1ed1ng h\u00e0i h\u01b0\u1edbc trong truy\u1ec7n gi\u00fap \u0111\u1ed9c gi\u1ea3 ti\u1ec7n tra c\u1ee9u.<br \/>\nB\u1ed9 truy\u1ec7n Song ng\u1eef \u0111\u01b0\u1ee3c xu\u1ea5t b\u1ea3n n\u0103m 2020 v\u1edbi nh\u1eefng c\u1eadp nh\u1eadt v\u1ec1 m\u1eb7t thi\u1ebft k\u1ebf h\u1ee9a h\u1eb9n v\u1eabn s\u1ebd l\u00e0 nh\u1eefng cu\u1ed1n s\u00e1ch khi\u1ebfn b\u1ea1n \u0111\u1ecdc th\u01b0 gi\u00e3n v\u00e0 quan tr\u1ecdng h\u01a1n l\u00e0 t\u00edch l\u0169y \u0111\u01b0\u1ee3c l\u01b0\u1ee3ng t\u1eeb v\u1ef1ng ti\u1ebfng Anh phong ph\u00fa sau khi \u0111\u1ecdc.<\/p>\n","protected":false},"excerpt":{"rendered":"<p>\u201cNh\u1eadt k\u00fd ch\u00fa b\u00e9 nh\u00fat nh\u00e1t \u2013 T\u00e1c gi\u1ea3: Jeff Kinney\u201d \u2013 B\u1ed9 s\u00e1ch tr\u1ee5 v\u1eefng \u1edf v\u1ecb tr\u00ed Bestseller c\u1ee7a New York Times \u0111\u1ebfn h\u01a1n 10 n\u0103m (t\u1eeb n\u0103m 2007) v\u1edbi s\u1ed1 l\u01b0\u1ee3ng ti\u00eau th\u1ee5 l\u00ean t\u1edbi 170 tri\u1ec7u cu\u1ed1n tr\u00ean to\u00e0n th\u1ebf gi\u1edbi, xoay quanh c\u1eadu b\u00e9 Greg th\u00f4ng minh, tinh qu\u00e1i hi\u1ec7n \u0111\u00e3 c\u1ef1c k\u1ef3 n\u1ed5i ti\u1ebfng v\u1edbi \u0111\u1ed9c gi\u1ea3 Vi\u1ec7t Nam t\u1eeb n\u0103m 2008 &#8211; nay.<br \/>\nB\u1ed9 s\u00e1ch \u0111\u00e3 tr\u1edf th\u00e0nh series d\u00e0nh cho tu\u1ed5i h\u1ecdc tr\u00f2 \u0111\u01b0\u1ee3c \u01b0a chu\u1ed9ng nh\u1ea5t th\u1ebf gi\u1edbi, v\u01b0\u1ee3t qua c\u1ea3 b\u1ed9 truy\u1ec7n \u0111\u00ecnh \u0111\u00e1m Harry Potter c\u1ee7a nh\u00e0 v\u0103n J. K. Rowling, \u0111\u01b0a t\u00e1c gi\u1ea3 Jeff Kinney tr\u1edf th\u00e0nh m\u1ed9t trong 100 ng\u01b0\u1eddi c\u00f3 \u1ea3nh h\u01b0\u1edfng nh\u1ea5t th\u1ebf gi\u1edbi.<br \/>\nV\u1edbi mong mu\u1ed1n bi\u1ebfn b\u1ed9 s\u00e1ch kh\u00f4ng ch\u1ec9 l\u00e0 m\u1ed9t b\u1ed9 truy\u1ec7n gi\u1ea3i tr\u00ed m\u00e0 tr\u1edf th\u00e0nh c\u00f4ng c\u1ee5 h\u1ed7 tr\u1ee3 c\u00e1c \u0111\u1ed9c gi\u1ea3, \u0111\u1eb7c bi\u1ec7t l\u00e0 c\u00e1c \u0111\u1ed9c gi\u1ea3 nh\u00ed c\u00f3 mong mu\u1ed1n \u0111\u1ecdc v\u00e0 trau d\u1ed3i v\u1ed1n t\u1eeb v\u1ef1ng, ng\u1eef ph\u00e1p v\u00e0 kh\u1ea3 n\u0103ng \u0111\u1ecdc hi\u1ec3u ti\u1ebfng Anh, H\u00e0 Giang Books \u0111\u00e3 in song song hai ng\u00f4n ng\u1eef Vi\u1ec7t-Anh t\u1eeb t\u1eadp 1-11, \u0111\u1ed3ng th\u1eddi cung c\u1ea5p th\u00eam c\u00e1c t\u1eeb, c\u1ee5m t\u1eeb ti\u1ebfng Anh th\u00f4ng d\u1ee5ng bi\u1ebfn h\u00f3a theo t\u00ecnh hu\u1ed1ng h\u00e0i h\u01b0\u1edbc trong truy\u1ec7n gi\u00fap \u0111\u1ed9c gi\u1ea3 ti\u1ec7n tra c\u1ee9u.<br \/>\nB\u1ed9 truy\u1ec7n Song ng\u1eef \u0111\u01b0\u1ee3c xu\u1ea5t b\u1ea3n n\u0103m 2020 v\u1edbi nh\u1eefng c\u1eadp nh\u1eadt v\u1ec1 m\u1eb7t thi\u1ebft k\u1ebf h\u1ee9a h\u1eb9n v\u1eabn s\u1ebd l\u00e0 nh\u1eefng cu\u1ed1n s\u00e1ch khi\u1ebfn b\u1ea1n \u0111\u1ecdc th\u01b0 gi\u00e3n v\u00e0 quan tr\u1ecdng h\u01a1n l\u00e0 t\u00edch l\u0169y \u0111\u01b0\u1ee3c l\u01b0\u1ee3ng t\u1eeb v\u1ef1ng ti\u1ebfng Anh phong ph\u00fa sau khi \u0111\u1ecdc.<\/p>\n","protected":false},"featured_media":11446,"template":"","meta":{"_acf_changed":false},"product_brand":[],"product_cat":[17,26],"product_tag":[],"class_list":{"0":"post-11448","1":"product","2":"type-product","3":"status-publish","4":"has-post-thumbnail","6":"product_cat-sach-danh-cho-cac-be","7":"product_cat-thieu-nien-11-tuoi-18-tuoi","9":"first","10":"outofstock","11":"taxable","12":"shipping-taxable","13":"purchasable","14":"product-type-simple"},"supplier_id":null,"supplier_sku":"","barcode":null,"atum_controlled":true,"out_stock_date":"2022-11-30 12:14:24","out_stock_threshold":null,"inheritable":false,"inbound_stock":1,"stock_on_hold":0,"sold_today":0,"sales_last_days":0,"reserved_stock":0,"customer_returns":0,"warehouse_damage":0,"lost_in_post":0,"other_logs":0,"out_stock_days":1155,"lost_sales":0,"has_location":false,"update_date":"2026-01-28T23:10:49","atum_locations":[],"atum_stock_status":"outofstock","restock_status":false,"low_stock_amount":"","sales_update_date":"2026-01-28T23:10:49","calc_backorders":null,"acf":{"publisher":{"ID":11445,"post_author":"1","post_date":"2021-06-03 01:59:48","post_date_gmt":"2021-06-02 22:59:48","post_content":"","post_title":"C\u00f4ng ty TNHH S\u00e1ch H\u00e0 Giang","post_excerpt":"","post_status":"publish","comment_status":"closed","ping_status":"closed","post_password":"","post_name":"cong-ty-tnhh-sach-ha-giang","to_ping":"","pinged":"","post_modified":"2021-06-03 01:59:48","post_modified_gmt":"2021-06-02 22:59:48","post_content_filtered":"","post_parent":0,"guid":"https:\/\/sachviet.eu\/nha-phat-hanh\/cong-ty-tnhh-sach-ha-giang\/","menu_order":0,"post_type":"publisher","post_mime_type":"","comment_count":"0","filter":"raw"}},"_links":{"self":[{"href":"https:\/\/sachviet.eu\/en\/wp-json\/wp\/v2\/product\/11448","targetHints":{"allow":["GET"]}}],"collection":[{"href":"https:\/\/sachviet.eu\/en\/wp-json\/wp\/v2\/product"}],"about":[{"href":"https:\/\/sachviet.eu\/en\/wp-json\/wp\/v2\/types\/product"}],"wp:featuredmedia":[{"embeddable":true,"href":"https:\/\/sachviet.eu\/en\/wp-json\/wp\/v2\/media\/11446"}],"wp:attachment":[{"href":"https:\/\/sachviet.eu\/en\/wp-json\/wp\/v2\/media?parent=11448"}],"wp:term":[{"taxonomy":"product_brand","embeddable":true,"href":"https:\/\/sachviet.eu\/en\/wp-json\/wp\/v2\/product_brand?post=11448"},{"taxonomy":"product_cat","embeddable":true,"href":"https:\/\/sachviet.eu\/en\/wp-json\/wp\/v2\/product_cat?post=11448"},{"taxonomy":"product_tag","embeddable":true,"href":"https:\/\/sachviet.eu\/en\/wp-json\/wp\/v2\/product_tag?post=11448"}],"curies":[{"name":"wp","href":"https:\/\/api.w.org\/{rel}","templated":true}]}}