{"id":11440,"date":"2021-06-03T01:59:32","date_gmt":"2021-06-02T22:59:32","guid":{"rendered":"https:\/\/sachviet.eu\/shop\/6-cau-chuyen-vui-nhat-ve-zozo-chu-khi-hieu-ky\/"},"modified":"2021-12-28T19:12:35","modified_gmt":"2021-12-28T17:12:35","slug":"6-cau-chuyen-vui-nhat-ve-zozo-chu-khi-hieu-ky","status":"publish","type":"product","link":"https:\/\/sachviet.eu\/en\/shop\/6-cau-chuyen-vui-nhat-ve-zozo-chu-khi-hieu-ky\/","title":{"rendered":"6 C\u00e2u Chuy\u1ec7n Vui Nh\u1ea5t V\u1ec1 Zozo \u2013 Ch\u00fa Kh\u1ec9 Hi\u1ebfu K\u1ef3"},"content":{"rendered":"<p>6 c\u00e2u chuy\u1ec7n vui nh\u1ea5t v\u1ec1 Zozo \u2013 Ch\u00fa kh\u1ec9 hi\u1ebfu k\u1ef3 t\u1eadp h\u1ee3p tr\u1ecdn v\u1eb9n nh\u1eefng c\u00e2u chuy\u1ec7n tuy\u1ec7t v\u1eddi d\u00e0nh cho thi\u1ebfu nhi, k\u1ec3 v\u1ec1 c\u00e1c tr\u00f2 b\u1eaft ch\u01b0\u1edbc v\u00e0 ngh\u1ecbch ng\u1ee3m c\u1ee7a ch\u00fa kh\u1ec9 t\u00f2 m\u00f2 kh\u1ee7ng khi\u1ebfp v\u00e0 nh\u1eafng nh\u00edt nh\u1ea5t r\u1eebng xanh. B\u1ed9 s\u00e1ch ra \u0111\u1eddi t\u1eeb nh\u1eefng n\u0103m \u0111\u1ea7u th\u1eadp ni\u00ean 40 c\u1ee7a th\u1ebf k\u1ef7 20 v\u00e0 ngay l\u1eadp t\u1ee9c \u0111\u01b0\u1ee3c c\u00e1c nh\u00e0 ph\u00ea b\u00ecnh \u0111\u00e1nh gi\u00e1 cao, \u0111\u01b0\u1ee3c c\u00e1c em thi\u1ebfu nhi \u0111\u00f3n nh\u1eadn b\u1eb1ng t\u1ea5t c\u1ea3 ni\u1ec1m y\u00eau th\u00edch. C\u00f9ng v\u1edbi th\u1eddi gian, nh\u00e2n v\u1eadt kh\u1ec9 Zozo ngh\u1ecbch ng\u1ee3m, nhanh nh\u1eb9n lu\u00f4n chi\u1ebfm \u0111\u01b0\u1ee3c s\u1ef1 y\u00eau m\u1ebfn c\u1ee7a c\u00e1c \u0111\u1ed9c gi\u1ea3 nh\u1ecf tu\u1ed5i. Zozo v\u1eabn l\u00e0 nh\u00e2n v\u1eadt h\u00e0ng \u0111\u1ea7u trong tr\u00ed t\u00f2 m\u00f2 c\u1ee7a tr\u1ebb em, ch\u00fa kh\u1ec9 Zozo \u0111\u00e1ng y\u00eau gi\u00fap c\u00e1c em nh\u1ecf ti\u1ebfp c\u1eadn v\u00e0 \u0111\u01b0\u1ee3c va ch\u1ea1m, tr\u1ea3i nghi\u1ec7m th\u1ebf gi\u1edbi c\u0169ng nh\u01b0 h\u1ecdc h\u1ecfi th\u1ef1c t\u1ebf. B\u00ean l\u1ec1 trang s\u00e1ch lu\u00f4n c\u00f3 m\u1ed9t b\u00e0i h\u1ecdc d\u00e0nh cho \u0111\u1ed9c gi\u1ea3 sau m\u1ed7i l\u1ea7n Zozo v\u01b0\u1ee3t qua sai l\u1ea7m.<\/p>\n<p>6 c\u00e2u chuy\u1ec7n vui nh\u1ea5t v\u1ec1 Zozo \u2013 Ch\u00fa kh\u1ec9 hi\u1ebfu k\u1ef3:<\/p>\n<p>Kh\u1ec9 Zozo hi\u1ebfu k\u1ef3<\/p>\n<p>Kh\u1ec9 Zozo th\u1ea3 di\u1ec1u<\/p>\n<p>Kh\u1ec9 Zozo \u0111\u01b0\u1ee3c khen th\u01b0\u1edfng<\/p>\n<p>Kh\u1ec9 Zozo n\u1eb1m vi\u1ec7n<\/p>\n<p>Kh\u1ec9 Zozo \u0111\u1ea1p xe<\/p>\n<p>Kh\u1ec9 Zozo \u0111i l\u00e0m<\/p>\n","protected":false},"excerpt":{"rendered":"<p>6 c\u00e2u chuy\u1ec7n vui nh\u1ea5t v\u1ec1 Zozo \u2013 Ch\u00fa kh\u1ec9 hi\u1ebfu k\u1ef3 t\u1eadp h\u1ee3p tr\u1ecdn v\u1eb9n nh\u1eefng c\u00e2u chuy\u1ec7n tuy\u1ec7t v\u1eddi d\u00e0nh cho thi\u1ebfu nhi, k\u1ec3 v\u1ec1 c\u00e1c tr\u00f2 b\u1eaft ch\u01b0\u1edbc v\u00e0 ngh\u1ecbch ng\u1ee3m c\u1ee7a ch\u00fa kh\u1ec9 t\u00f2 m\u00f2 kh\u1ee7ng khi\u1ebfp v\u00e0 nh\u1eafng nh\u00edt nh\u1ea5t r\u1eebng xanh. B\u1ed9 s\u00e1ch ra \u0111\u1eddi t\u1eeb nh\u1eefng n\u0103m \u0111\u1ea7u th\u1eadp ni\u00ean 40 c\u1ee7a th\u1ebf k\u1ef7 20 v\u00e0 ngay l\u1eadp t\u1ee9c \u0111\u01b0\u1ee3c c\u00e1c nh\u00e0 ph\u00ea b\u00ecnh \u0111\u00e1nh gi\u00e1 cao, \u0111\u01b0\u1ee3c c\u00e1c em thi\u1ebfu nhi \u0111\u00f3n nh\u1eadn b\u1eb1ng t\u1ea5t c\u1ea3 ni\u1ec1m y\u00eau th\u00edch. C\u00f9ng v\u1edbi th\u1eddi gian, nh\u00e2n v\u1eadt kh\u1ec9 Zozo ngh\u1ecbch ng\u1ee3m, nhanh nh\u1eb9n lu\u00f4n chi\u1ebfm \u0111\u01b0\u1ee3c s\u1ef1 y\u00eau m\u1ebfn c\u1ee7a c\u00e1c \u0111\u1ed9c gi\u1ea3 nh\u1ecf tu\u1ed5i. Zozo v\u1eabn l\u00e0 nh\u00e2n v\u1eadt h\u00e0ng \u0111\u1ea7u trong tr\u00ed t\u00f2 m\u00f2 c\u1ee7a tr\u1ebb em, ch\u00fa kh\u1ec9 Zozo \u0111\u00e1ng y\u00eau gi\u00fap c\u00e1c em nh\u1ecf ti\u1ebfp c\u1eadn v\u00e0 \u0111\u01b0\u1ee3c va ch\u1ea1m, tr\u1ea3i nghi\u1ec7m th\u1ebf gi\u1edbi c\u0169ng nh\u01b0 h\u1ecdc h\u1ecfi th\u1ef1c t\u1ebf. B\u00ean l\u1ec1 trang s\u00e1ch lu\u00f4n c\u00f3 m\u1ed9t b\u00e0i h\u1ecdc d\u00e0nh cho \u0111\u1ed9c gi\u1ea3 sau m\u1ed7i l\u1ea7n Zozo v\u01b0\u1ee3t qua sai l\u1ea7m.<\/p>\n<p>6 c\u00e2u chuy\u1ec7n vui nh\u1ea5t v\u1ec1 Zozo \u2013 Ch\u00fa kh\u1ec9 hi\u1ebfu k\u1ef3:<\/p>\n<p>Kh\u1ec9 Zozo hi\u1ebfu k\u1ef3<\/p>\n<p>Kh\u1ec9 Zozo th\u1ea3 di\u1ec1u<\/p>\n<p>Kh\u1ec9 Zozo \u0111\u01b0\u1ee3c khen th\u01b0\u1edfng<\/p>\n<p>Kh\u1ec9 Zozo n\u1eb1m vi\u1ec7n<\/p>\n<p>Kh\u1ec9 Zozo \u0111\u1ea1p xe<\/p>\n<p>Kh\u1ec9 Zozo \u0111i l\u00e0m<\/p>\n","protected":false},"featured_media":11431,"template":"","meta":{"_acf_changed":false},"product_brand":[],"product_cat":[25,17],"product_tag":[],"class_list":{"0":"post-11440","1":"product","2":"type-product","3":"status-publish","4":"has-post-thumbnail","6":"product_cat-nhi-dong-6-tuoi-12-tuoi","7":"product_cat-sach-danh-cho-cac-be","9":"first","10":"outofstock","11":"taxable","12":"shipping-taxable","13":"purchasable","14":"product-type-simple"},"supplier_id":null,"supplier_sku":"","barcode":null,"atum_controlled":true,"out_stock_date":"2021-12-28 17:12:35","out_stock_threshold":null,"inheritable":false,"inbound_stock":0,"stock_on_hold":0,"sold_today":0,"sales_last_days":0,"reserved_stock":0,"customer_returns":0,"warehouse_damage":0,"lost_in_post":0,"other_logs":0,"out_stock_days":1492,"lost_sales":0,"has_location":false,"update_date":"2026-01-28T23:10:49","atum_locations":[],"atum_stock_status":"outofstock","restock_status":false,"low_stock_amount":"","sales_update_date":"2026-01-28T23:10:49","calc_backorders":null,"acf":{"publisher":{"ID":2817,"post_author":"1","post_date":"2021-02-27 00:00:35","post_date_gmt":"2021-02-26 22:00:35","post_content":"","post_title":"Alpha Books","post_excerpt":"","post_status":"publish","comment_status":"closed","ping_status":"closed","post_password":"","post_name":"alpha-books","to_ping":"","pinged":"","post_modified":"2021-02-27 00:00:35","post_modified_gmt":"2021-02-26 22:00:35","post_content_filtered":"","post_parent":0,"guid":"https:\/\/sachviet.eu\/nha-phat-hanh\/alpha-books\/","menu_order":0,"post_type":"publisher","post_mime_type":"","comment_count":"0","filter":"raw"}},"_links":{"self":[{"href":"https:\/\/sachviet.eu\/en\/wp-json\/wp\/v2\/product\/11440","targetHints":{"allow":["GET"]}}],"collection":[{"href":"https:\/\/sachviet.eu\/en\/wp-json\/wp\/v2\/product"}],"about":[{"href":"https:\/\/sachviet.eu\/en\/wp-json\/wp\/v2\/types\/product"}],"wp:featuredmedia":[{"embeddable":true,"href":"https:\/\/sachviet.eu\/en\/wp-json\/wp\/v2\/media\/11431"}],"wp:attachment":[{"href":"https:\/\/sachviet.eu\/en\/wp-json\/wp\/v2\/media?parent=11440"}],"wp:term":[{"taxonomy":"product_brand","embeddable":true,"href":"https:\/\/sachviet.eu\/en\/wp-json\/wp\/v2\/product_brand?post=11440"},{"taxonomy":"product_cat","embeddable":true,"href":"https:\/\/sachviet.eu\/en\/wp-json\/wp\/v2\/product_cat?post=11440"},{"taxonomy":"product_tag","embeddable":true,"href":"https:\/\/sachviet.eu\/en\/wp-json\/wp\/v2\/product_tag?post=11440"}],"curies":[{"name":"wp","href":"https:\/\/api.w.org\/{rel}","templated":true}]}}