{"id":11430,"date":"2021-06-03T01:58:20","date_gmt":"2021-06-02T22:58:20","guid":{"rendered":"https:\/\/sachviet.eu\/shop\/8-cau-chuyen-dep-nhat-ve-ech-xanh\/"},"modified":"2021-12-03T01:26:13","modified_gmt":"2021-12-02T23:26:13","slug":"8-cau-chuyen-dep-nhat-ve-ech-xanh","status":"publish","type":"product","link":"https:\/\/sachviet.eu\/en\/shop\/8-cau-chuyen-dep-nhat-ve-ech-xanh\/","title":{"rendered":"8 C\u00e2u Chuy\u1ec7n \u0110\u1eb9p Nh\u1ea5t V\u1ec1 \u1ebech Xanh"},"content":{"rendered":"<p>Chuy\u1ec7n c\u1ee7a \u1ebech Xanh \u2013 K\u1ec3 cho b\u00e9 nh\u1eefng c\u00e2u chuy\u1ec7n \u0111\u1ea7y th\u00fa v\u1ecb v\u1ec1 ch\u00fa \u1ebech Xanh m\u1eb7c qu\u1ea7n so\u00f3c s\u1ecdc \u0111\u1ecf, m\u1ed9t ch\u00fa \u1ebfch r\u1ea5t \u0111\u1ed7i ng\u00e2y th\u01a1, \u1ea5m \u00e1p v\u00e0 t\u1ed1t b\u1ee5ng, m\u1ed9t ch\u00fa \u1ebfch c\u00f3 th\u1ec3 l\u00e0m tan ch\u1ea3y tr\u00e1i tim b\u1ea5t k\u1ef3 ai b\u1eb1ng t\u00ecnh y\u00eau th\u01b0\u01a1ng th\u1ebf gi\u1edbi v\u00e0 con ng\u01b0\u1eddi.<\/p>\n<p>Cu\u1ed1n s\u00e1ch g\u1ed3m 8 truy\u1ec7n nh\u1ecf, m\u1ed7i truy\u1ec7n mang t\u1edbi cho c\u00e1c b\u1ea1n nh\u1ecf nh\u1eefng t\u00ecnh ti\u1ebft h\u1ea5p d\u1eabn, d\u00ed d\u1ecfm, vui t\u01b0\u01a1i v\u00e0 ch\u1ee9a chan ni\u1ec1m y\u00eau th\u01b0\u01a1ng cu\u1ed9c s\u1ed1ng. \u0110\u00f3 c\u00f2n l\u00e0 nh\u1eefng trang minh h\u1ecda s\u1ed1ng \u0111\u1ed9ng, \u0111\u1eb9p \u0111\u1ebd v\u00e0 \u0111\u1ea7y ch\u1ea5t ngh\u1ec7 thu\u1eadt.<\/p>\n","protected":false},"excerpt":{"rendered":"<p>Chuy\u1ec7n c\u1ee7a \u1ebech Xanh \u2013 K\u1ec3 cho b\u00e9 nh\u1eefng c\u00e2u chuy\u1ec7n \u0111\u1ea7y th\u00fa v\u1ecb v\u1ec1 ch\u00fa \u1ebech Xanh m\u1eb7c qu\u1ea7n so\u00f3c s\u1ecdc \u0111\u1ecf, m\u1ed9t ch\u00fa \u1ebfch r\u1ea5t \u0111\u1ed7i ng\u00e2y th\u01a1, \u1ea5m \u00e1p v\u00e0 t\u1ed1t b\u1ee5ng, m\u1ed9t ch\u00fa \u1ebfch c\u00f3 th\u1ec3 l\u00e0m tan ch\u1ea3y tr\u00e1i tim b\u1ea5t k\u1ef3 ai b\u1eb1ng t\u00ecnh y\u00eau th\u01b0\u01a1ng th\u1ebf gi\u1edbi v\u00e0 con ng\u01b0\u1eddi.<\/p>\n<p>Cu\u1ed1n s\u00e1ch g\u1ed3m 8 truy\u1ec7n nh\u1ecf, m\u1ed7i truy\u1ec7n mang t\u1edbi cho c\u00e1c b\u1ea1n nh\u1ecf nh\u1eefng t\u00ecnh ti\u1ebft h\u1ea5p d\u1eabn, d\u00ed d\u1ecfm, vui t\u01b0\u01a1i v\u00e0 ch\u1ee9a chan ni\u1ec1m y\u00eau th\u01b0\u01a1ng cu\u1ed9c s\u1ed1ng. \u0110\u00f3 c\u00f2n l\u00e0 nh\u1eefng trang minh h\u1ecda s\u1ed1ng \u0111\u1ed9ng, \u0111\u1eb9p \u0111\u1ebd v\u00e0 \u0111\u1ea7y ch\u1ea5t ngh\u1ec7 thu\u1eadt.<\/p>\n","protected":false},"featured_media":11426,"template":"","meta":{"_acf_changed":false},"product_brand":[],"product_cat":[25,17],"product_tag":[],"class_list":{"0":"post-11430","1":"product","2":"type-product","3":"status-publish","4":"has-post-thumbnail","6":"product_cat-nhi-dong-6-tuoi-12-tuoi","7":"product_cat-sach-danh-cho-cac-be","9":"first","10":"outofstock","11":"taxable","12":"shipping-taxable","13":"purchasable","14":"product-type-simple"},"supplier_id":null,"supplier_sku":"","barcode":null,"atum_controlled":true,"out_stock_date":"2021-12-02 23:26:13","out_stock_threshold":null,"inheritable":false,"inbound_stock":0,"stock_on_hold":0,"sold_today":0,"sales_last_days":0,"reserved_stock":0,"customer_returns":0,"warehouse_damage":0,"lost_in_post":0,"other_logs":0,"out_stock_days":1517,"lost_sales":0,"has_location":false,"update_date":"2026-01-28T23:10:49","atum_locations":[],"atum_stock_status":"outofstock","restock_status":false,"low_stock_amount":"","sales_update_date":"2026-01-28T23:10:49","calc_backorders":null,"acf":{"publisher":{"ID":2817,"post_author":"1","post_date":"2021-02-27 00:00:35","post_date_gmt":"2021-02-26 22:00:35","post_content":"","post_title":"Alpha Books","post_excerpt":"","post_status":"publish","comment_status":"closed","ping_status":"closed","post_password":"","post_name":"alpha-books","to_ping":"","pinged":"","post_modified":"2021-02-27 00:00:35","post_modified_gmt":"2021-02-26 22:00:35","post_content_filtered":"","post_parent":0,"guid":"https:\/\/sachviet.eu\/nha-phat-hanh\/alpha-books\/","menu_order":0,"post_type":"publisher","post_mime_type":"","comment_count":"0","filter":"raw"}},"_links":{"self":[{"href":"https:\/\/sachviet.eu\/en\/wp-json\/wp\/v2\/product\/11430","targetHints":{"allow":["GET"]}}],"collection":[{"href":"https:\/\/sachviet.eu\/en\/wp-json\/wp\/v2\/product"}],"about":[{"href":"https:\/\/sachviet.eu\/en\/wp-json\/wp\/v2\/types\/product"}],"wp:featuredmedia":[{"embeddable":true,"href":"https:\/\/sachviet.eu\/en\/wp-json\/wp\/v2\/media\/11426"}],"wp:attachment":[{"href":"https:\/\/sachviet.eu\/en\/wp-json\/wp\/v2\/media?parent=11430"}],"wp:term":[{"taxonomy":"product_brand","embeddable":true,"href":"https:\/\/sachviet.eu\/en\/wp-json\/wp\/v2\/product_brand?post=11430"},{"taxonomy":"product_cat","embeddable":true,"href":"https:\/\/sachviet.eu\/en\/wp-json\/wp\/v2\/product_cat?post=11430"},{"taxonomy":"product_tag","embeddable":true,"href":"https:\/\/sachviet.eu\/en\/wp-json\/wp\/v2\/product_tag?post=11430"}],"curies":[{"name":"wp","href":"https:\/\/api.w.org\/{rel}","templated":true}]}}