{"id":11425,"date":"2021-06-03T01:58:04","date_gmt":"2021-06-02T22:58:04","guid":{"rendered":"https:\/\/sachviet.eu\/shop\/10-cau-chuyen-hay-nhat-ve-clifford-chu-cho-do-khong-lo\/"},"modified":"2021-06-27T17:28:23","modified_gmt":"2021-06-27T14:28:23","slug":"10-cau-chuyen-hay-nhat-ve-clifford-chu-cho-do-khong-lo","status":"publish","type":"product","link":"https:\/\/sachviet.eu\/en\/shop\/10-cau-chuyen-hay-nhat-ve-clifford-chu-cho-do-khong-lo\/","title":{"rendered":"10 C\u00e2u Chuy\u1ec7n Hay Nh\u1ea5t V\u1ec1 Clifford &#8211; Ch\u00fa Ch\u00f3 \u0110\u1ecf Kh\u1ed5ng L\u1ed3"},"content":{"rendered":"<p>10 C\u00e2u Chuy\u1ec7n Hay Nh\u1ea5t V\u1ec1 Clifford &#8211; Ch\u00fa Ch\u00f3 \u0110\u1ecf Kh\u1ed5ng L\u1ed3<\/p>\n<p>Clifford l\u00e0 ng\u01b0\u1eddi b\u1ea1n m\u01a1 \u01b0\u1edbc c\u1ee7a m\u1ecdi tu\u1ed5i th\u01a1. \u0110\u00f3 l\u00e0 ch\u00fa ch\u00f3 to nh\u1ea5t, \u0111\u1ecf nh\u1ea5t, \u0111\u01b0\u1ee3c c\u00f4 ch\u1ee7 Emily y\u00eau qu\u00fd nh\u1ea5t, \u0111\u01b0\u1ee3c b\u1ea1n nh\u1ecf tr\u00ean to\u00e0n th\u1ebf gi\u1edbi m\u1ebfn m\u1ed9 nh\u1ea5t. Nh\u01b0ng h\u01a1n h\u1ebft c\u1ea3, ch\u00fa l\u00e0 NG\u01af\u1edcI B\u1ea0N TUY\u1ec6T V\u1edcI NH\u1ea4T! Ch\u00fa mang nh\u1eefng n\u00e9t \u0111\u00e1ng y\u00eau bi\u1ec3u tr\u01b0ng nh\u1ea5t c\u1ee7a m\u1ed9t \u0111\u1ee9a tr\u1ebb: c\u01b0 x\u1eed l\u1ecbch thi\u1ec7p, th\u00e2n thi\u1ec7n, \u0111\u00e1ng y\u00eau, t\u1ed1t b\u1ee5ng, ng\u00e2y th\u01a1. Ngay c\u1ea3 s\u1ef1 nh\u00fat nh\u00e1t, v\u1ee5ng v\u1ec1 c\u1ee7a Clifford c\u0169ng khi\u1ebfn ng\u01b0\u1eddi ta kh\u00f4ng kh\u1ecfi b\u1eadt c\u01b0\u1eddi. V\u00e0 r\u1ea5t \u0111\u1ed7i t\u1ef1 nhi\u00ean, g\u1ea7n nh\u01b0 c\u00f3 m\u1ed9t m\u1ed1i th\u00e2n \u00e1i k\u1ef3 l\u1ea1 gi\u1eefa tr\u1ebb nh\u1ecf v\u00e0 lo\u00e0i c\u00fan. T\u00ecnh b\u1ea1n gi\u1eefa Clifford v\u1edbi c\u00f4 ch\u1ee7 Emily c\u00f3 l\u1ebd l\u00e0 t\u00ecnh b\u1ea1n trong tr\u1ebbo, gi\u1ea3n d\u1ecb, \u0111\u00e1ng tr\u00e2n qu\u00fd b\u1eadc nh\u1ea5t. B\u00ean ch\u00fa ch\u00f3 \u0111\u1ecf, Emily th\u1ecfa s\u1ee9c b\u00e0y nh\u1eefng tr\u00f2 vui h\u1ebft c\u1ee1. Khi Clifford bu\u1ed3n, Emily vi\u1ebft m\u1ed9t b\u00e0i ca t\u1eb7ng ch\u00fa. Khi Clifford l\u00e0m vi\u1ec7c t\u1ed1t, Emily chung tay gi\u00fap s\u1ee9c. Khi Clifford v\u1ee5ng v\u1ec1 l\u00e0m h\u1ecfng vi\u1ec7c, Emily g\u00f3p tay gi\u00fap \u0111\u1ee1. Nh\u00e2n k\u1ef7 ni\u1ec7m 55 n\u0103m ng\u00e0y ra \u0111\u1eddi t\u1eadp truy\u1ec7n Clifford \u0111\u1ea7u ti\u00ean, ETS tr\u00e2n tr\u1ecdng gi\u1edbi thi\u1ec7u Tuy\u1ec3n t\u1eadp 10 c\u00e2u chuy\u1ec7n hay nh\u1ea5t v\u1ec1 Clifford \u2013 Ch\u00fa ch\u00f3 \u0111\u1ecf kh\u1ed5ng l\u1ed3!<\/p>\n<p>M\u01b0\u1eddi c\u00e2u chuy\u1ec7n hay v\u00f4-c\u00f9ng- kh\u1ee7ng-khi\u1ebfp:<\/p>\n<p>Clifford, ch\u00fa ch\u00f3 \u0111\u1ecf kh\u1ed5ng l\u1ed3<br \/>\nClifford, ch\u00fang t\u1edb y\u00eau c\u1eadu!<br \/>\nClifford l\u00e0m vi\u1ec7c t\u1ed1t<br \/>\nClifford s\u1eb5n s\u00e0ng gi\u1ea3i c\u1ee9u<br \/>\nB\u1eefa ti\u1ec7c sinh nh\u1eadt c\u1ee7a Clifford<br \/>\nNg\u00e0y \u0111\u1ea7u ti\u00ean \u0111\u1ebfn tr\u01b0\u1eddng c\u1ee7a Clifford<br \/>\nClifford \u0111i kh\u00e1m b\u1ec7nh<br \/>\nClifford c\u00f3 vi\u1ec7c l\u00e0m<br \/>\nClifford l\u00e0 ng\u00f4i sao<br \/>\nM\u1ed9t ng\u00e0y b\u00ean b\u1ed1<\/p>\n","protected":false},"excerpt":{"rendered":"<p>10 C\u00e2u Chuy\u1ec7n Hay Nh\u1ea5t V\u1ec1 Clifford &#8211; Ch\u00fa Ch\u00f3 \u0110\u1ecf Kh\u1ed5ng L\u1ed3<\/p>\n<p>Clifford l\u00e0 ng\u01b0\u1eddi b\u1ea1n m\u01a1 \u01b0\u1edbc c\u1ee7a m\u1ecdi tu\u1ed5i th\u01a1. \u0110\u00f3 l\u00e0 ch\u00fa ch\u00f3 to nh\u1ea5t, \u0111\u1ecf nh\u1ea5t, \u0111\u01b0\u1ee3c c\u00f4 ch\u1ee7 Emily y\u00eau qu\u00fd nh\u1ea5t, \u0111\u01b0\u1ee3c b\u1ea1n nh\u1ecf tr\u00ean to\u00e0n th\u1ebf gi\u1edbi m\u1ebfn m\u1ed9 nh\u1ea5t. Nh\u01b0ng h\u01a1n h\u1ebft c\u1ea3, ch\u00fa l\u00e0 NG\u01af\u1edcI B\u1ea0N TUY\u1ec6T V\u1edcI NH\u1ea4T! Ch\u00fa mang nh\u1eefng n\u00e9t \u0111\u00e1ng y\u00eau bi\u1ec3u tr\u01b0ng nh\u1ea5t c\u1ee7a m\u1ed9t \u0111\u1ee9a tr\u1ebb: c\u01b0 x\u1eed l\u1ecbch thi\u1ec7p, th\u00e2n thi\u1ec7n, \u0111\u00e1ng y\u00eau, t\u1ed1t b\u1ee5ng, ng\u00e2y th\u01a1. Ngay c\u1ea3 s\u1ef1 nh\u00fat nh\u00e1t, v\u1ee5ng v\u1ec1 c\u1ee7a Clifford c\u0169ng khi\u1ebfn ng\u01b0\u1eddi ta kh\u00f4ng kh\u1ecfi b\u1eadt c\u01b0\u1eddi. V\u00e0 r\u1ea5t \u0111\u1ed7i t\u1ef1 nhi\u00ean, g\u1ea7n nh\u01b0 c\u00f3 m\u1ed9t m\u1ed1i th\u00e2n \u00e1i k\u1ef3 l\u1ea1 gi\u1eefa tr\u1ebb nh\u1ecf v\u00e0 lo\u00e0i c\u00fan. T\u00ecnh b\u1ea1n gi\u1eefa Clifford v\u1edbi c\u00f4 ch\u1ee7 Emily c\u00f3 l\u1ebd l\u00e0 t\u00ecnh b\u1ea1n trong tr\u1ebbo, gi\u1ea3n d\u1ecb, \u0111\u00e1ng tr\u00e2n qu\u00fd b\u1eadc nh\u1ea5t. B\u00ean ch\u00fa ch\u00f3 \u0111\u1ecf, Emily th\u1ecfa s\u1ee9c b\u00e0y nh\u1eefng tr\u00f2 vui h\u1ebft c\u1ee1. Khi Clifford bu\u1ed3n, Emily vi\u1ebft m\u1ed9t b\u00e0i ca t\u1eb7ng ch\u00fa. Khi Clifford l\u00e0m vi\u1ec7c t\u1ed1t, Emily chung tay gi\u00fap s\u1ee9c. Khi Clifford v\u1ee5ng v\u1ec1 l\u00e0m h\u1ecfng vi\u1ec7c, Emily g\u00f3p tay gi\u00fap \u0111\u1ee1. Nh\u00e2n k\u1ef7 ni\u1ec7m 55 n\u0103m ng\u00e0y ra \u0111\u1eddi t\u1eadp truy\u1ec7n Clifford \u0111\u1ea7u ti\u00ean, ETS tr\u00e2n tr\u1ecdng gi\u1edbi thi\u1ec7u Tuy\u1ec3n t\u1eadp 10 c\u00e2u chuy\u1ec7n hay nh\u1ea5t v\u1ec1 Clifford \u2013 Ch\u00fa ch\u00f3 \u0111\u1ecf kh\u1ed5ng l\u1ed3!<\/p>\n<p>M\u01b0\u1eddi c\u00e2u chuy\u1ec7n hay v\u00f4-c\u00f9ng- kh\u1ee7ng-khi\u1ebfp:<\/p>\n<p>Clifford, ch\u00fa ch\u00f3 \u0111\u1ecf kh\u1ed5ng l\u1ed3<br \/>\nClifford, ch\u00fang t\u1edb y\u00eau c\u1eadu!<br \/>\nClifford l\u00e0m vi\u1ec7c t\u1ed1t<br \/>\nClifford s\u1eb5n s\u00e0ng gi\u1ea3i c\u1ee9u<br \/>\nB\u1eefa ti\u1ec7c sinh nh\u1eadt c\u1ee7a Clifford<br \/>\nNg\u00e0y \u0111\u1ea7u ti\u00ean \u0111\u1ebfn tr\u01b0\u1eddng c\u1ee7a Clifford<br \/>\nClifford \u0111i kh\u00e1m b\u1ec7nh<br \/>\nClifford c\u00f3 vi\u1ec7c l\u00e0m<br \/>\nClifford l\u00e0 ng\u00f4i sao<br \/>\nM\u1ed9t ng\u00e0y b\u00ean b\u1ed1<\/p>\n","protected":false},"featured_media":11415,"template":"","meta":{"_acf_changed":false},"product_brand":[],"product_cat":[25,17],"product_tag":[],"class_list":{"0":"post-11425","1":"product","2":"type-product","3":"status-publish","4":"has-post-thumbnail","6":"product_cat-nhi-dong-6-tuoi-12-tuoi","7":"product_cat-sach-danh-cho-cac-be","9":"first","10":"outofstock","11":"taxable","12":"shipping-taxable","13":"purchasable","14":"product-type-simple"},"supplier_id":null,"supplier_sku":"","barcode":null,"atum_controlled":true,"out_stock_date":"2021-06-27 14:28:23","out_stock_threshold":null,"inheritable":false,"inbound_stock":0,"stock_on_hold":0,"sold_today":0,"sales_last_days":0,"reserved_stock":0,"customer_returns":0,"warehouse_damage":0,"lost_in_post":0,"other_logs":0,"out_stock_days":1676,"lost_sales":0,"has_location":false,"update_date":"2026-01-28T23:10:49","atum_locations":[],"atum_stock_status":"outofstock","restock_status":false,"low_stock_amount":"","sales_update_date":"2026-01-28T23:10:49","calc_backorders":null,"acf":{"publisher":{"ID":2817,"post_author":"1","post_date":"2021-02-27 00:00:35","post_date_gmt":"2021-02-26 22:00:35","post_content":"","post_title":"Alpha Books","post_excerpt":"","post_status":"publish","comment_status":"closed","ping_status":"closed","post_password":"","post_name":"alpha-books","to_ping":"","pinged":"","post_modified":"2021-02-27 00:00:35","post_modified_gmt":"2021-02-26 22:00:35","post_content_filtered":"","post_parent":0,"guid":"https:\/\/sachviet.eu\/nha-phat-hanh\/alpha-books\/","menu_order":0,"post_type":"publisher","post_mime_type":"","comment_count":"0","filter":"raw"}},"_links":{"self":[{"href":"https:\/\/sachviet.eu\/en\/wp-json\/wp\/v2\/product\/11425","targetHints":{"allow":["GET"]}}],"collection":[{"href":"https:\/\/sachviet.eu\/en\/wp-json\/wp\/v2\/product"}],"about":[{"href":"https:\/\/sachviet.eu\/en\/wp-json\/wp\/v2\/types\/product"}],"wp:featuredmedia":[{"embeddable":true,"href":"https:\/\/sachviet.eu\/en\/wp-json\/wp\/v2\/media\/11415"}],"wp:attachment":[{"href":"https:\/\/sachviet.eu\/en\/wp-json\/wp\/v2\/media?parent=11425"}],"wp:term":[{"taxonomy":"product_brand","embeddable":true,"href":"https:\/\/sachviet.eu\/en\/wp-json\/wp\/v2\/product_brand?post=11425"},{"taxonomy":"product_cat","embeddable":true,"href":"https:\/\/sachviet.eu\/en\/wp-json\/wp\/v2\/product_cat?post=11425"},{"taxonomy":"product_tag","embeddable":true,"href":"https:\/\/sachviet.eu\/en\/wp-json\/wp\/v2\/product_tag?post=11425"}],"curies":[{"name":"wp","href":"https:\/\/api.w.org\/{rel}","templated":true}]}}