{"id":11414,"date":"2021-06-03T01:57:33","date_gmt":"2021-06-02T22:57:33","guid":{"rendered":"https:\/\/sachviet.eu\/shop\/bi-mat-phia-sau-de-che-marvel-studios\/"},"modified":"2023-06-26T14:23:19","modified_gmt":"2023-06-26T11:23:19","slug":"bi-mat-phia-sau-de-che-marvel-studios","status":"publish","type":"product","link":"https:\/\/sachviet.eu\/en\/shop\/bi-mat-phia-sau-de-che-marvel-studios\/","title":{"rendered":"B\u00ed M\u1eadt Ph\u00eda Sau \u0110\u1ebf Ch\u1ebf Marvel Studios"},"content":{"rendered":"<p>B\u00cd M\u1eacT PH\u00cdA SAU \u0110\u1ebe CH\u1ebe MARVEL STUDIOS &#8211; C\u00c2U CHUY\u1ec6N \u0110\u1ed8C QUY\u1ec0N V\u1ec0 C\u00d4NG TY XU\u1ea4T B\u1ea2N T\u1eeaNG TH\u1ea4T B\u1ea0I TR\u1ede TH\u00c0NH \u0110\u1ebe CH\u1ebe SI\u00caU ANH H\u00d9NG HOLLYWOOD<\/p>\n<p>B\u1ea1n c\u00f3 th\u1ec3 h\u1ecdc \u0111\u01b0\u1ee3c g\u00ec t\u1eeb nh\u1eefng c\u00f4ng ty th\u00e0nh c\u00f4ng nh\u1ea5t tr\u00ean th\u1ebf gi\u1edbi? Alibaba, Apple, Amazon, Microsoft&#8230;<\/p>\n<p>C\u00e2u chuy\u1ec7n c\u1ee7a Marvel Studios c\u0169ng l\u00e0 m\u1ed9t c\u00e2u chuy\u1ec7n truy\u1ec1n c\u1ea3m h\u1ee9ng v\u1ec1 s\u1ef1 th\u00e0nh c\u00f4ng l\u1eaby l\u1eebng to\u00e0n c\u1ea7u &#8211; gi\u00fap b\u1ea1n hi\u1ec3u v\u00e0 \u00e1p d\u1ee5ng nh\u1eefng chi\u1ebfn l\u01b0\u1ee3c c\u1ea1nh tranh, v\u0103n h\u00f3a l\u00e0m vi\u1ec7c v\u00e0 ph\u01b0\u01a1ng th\u1ee9c kinh doanh \u0111\u00e3 gi\u00fap m\u1ed9t nh\u00e0 xu\u1ea5t b\u1ea3n t\u1eebng \u0111\u1ee9ng tr\u00ean b\u1edd v\u1ef1c ph\u00e1 s\u1ea3n c\u00f3 th\u1ec3 l\u1eadt ng\u01b0\u1ee3c v\u00e1n b\u00e0i tr\u1edf th\u00e0nh x\u01b0\u1edfng phim th\u00e0nh c\u00f4ng nh\u1ea5t trong l\u1ecbch s\u1ef1 nh\u01b0 th\u1ebf n\u00e0o.<\/p>\n<p>Xuy\u00ean su\u1ed1t c\u00e2u chuy\u1ec7n x\u00e2y d\u1ef1ng s\u1ef1 nghi\u1ec7p kinh doanh Marvel, l\u00e0 d\u00f2ng h\u1ed3i k\u00ed h\u00e9 l\u1ed9 nh\u1eefng chi ti\u1ebft l\u1ecbch s\u1eed th\u00fa v\u1ecb nh\u1ea5t:<\/p>\n<p>&#8211; C\u00fa l\u1ed9i ng\u01b0\u1ee3c d\u00f2ng th\u1eddi \u0111\u1ea1i \u0111\u1ec3 x\u00e2y d\u1ef1ng n\u00ean th\u1ebf h\u1ec7 si\u00eau anh h\u00f9ng ki\u1ec3u m\u1edbi ch\u01b0a t\u1eebng c\u00f3 trong l\u1ecbch s\u1eed truy\u1ec7n tranh<\/p>\n<p>&#8211; Trong cu\u1ed9c c\u1ea1nh tranh gay g\u1eaft mua b\u00e1n l\u1ea1i Marvel, c\u00e1c si\u00eau anh h\u00f9ng tr\u1edf th\u00e0nh &#8220;con t\u1ed1t th\u00ed&#8221;<\/p>\n<p>&#8211; C\u00e2u chuy\u1ec7n h\u1eadu tr\u01b0\u1eddng Spider-man, nh\u00e2n v\u1eadt &#8220;d\u1ecdn \u0111\u01b0\u1eddng&#8221; cho c\u00e1c si\u00eau anh h\u00f9ng kh\u00e1c ti\u1ebfn th\u1eb3ng t\u1edbi Hollywood, m\u1edf ra m\u1ed9t k\u1ec9 nguy\u00ean th\u1ef1c s\u1ef1 c\u1ee7a V\u0169 tr\u1ee5 \u0111i\u1ec7n \u1ea3nh Marvel<\/p>\n<p>&#8211; Iron Man &#8211; nh\u00e2n v\u1eadt \u0111\u01b0\u1ee3c l\u1ef1a ch\u1ecdn cho b\u1ed9 phim \u0111\u1ea7u ti\u00ean do Marvel tr\u1ef1c ti\u1ebfp s\u1ea3n xu\u1ea5t mang l\u1ea1i th\u00e0nh c\u00f4ng v\u01b0\u1ee3t ngo\u00e0i s\u1ee9c t\u01b0\u1edfng t\u01b0\u1ee3ng nh\u01b0ng l\u1ea1i khi\u1ebfn Marvel chao \u0111\u1ea3o v\u00e0 m\u1ea5t ph\u01b0\u01a1ng h\u01b0\u1edbng, thay \u0111\u1ed5i c\u1ee5c di\u1ec7n c\u1ea3 cu\u1ed9c ch\u01a1i<\/p>\n<p>Nh\u1eefng c\u00e2u chuy\u1ec7n v\u1ec1 Marvel v\u00e0 c\u00e1c si\u00eau anh h\u00f9ng ch\u01b0a bao gi\u1edd m\u1ea5t \u0111i s\u1ee9c h\u1ea5p d\u1eabn v\u1edbi kh\u00e1n gi\u1ea3 to\u00e0n th\u1ebf gi\u1edbi. V\u1edbi cu\u1ed1n s\u00e1ch n\u00e0y c\u0169ng v\u1eady, s\u1ee9c h\u00fat n\u1eb1m \u1edf c\u00e2u chuy\u1ec7n khi c\u00e1c c\u00f4ng ty truy\u1ec7n tranh th\u1eddi \u0111\u00f3 chi\u00eau tr\u00f2 c\u1ea1nh tranh v\u1ec1 h\u00ecnh t\u01b0\u1ee3ng c\u00e1c si\u00eau anh h\u00f9ng, Marvel th\u00e0nh l\u1eadp t\u1eadp \u0111o\u00e0n, th\u00e0nh l\u1eadp x\u01b0\u1edfng s\u1ea3n xu\u1ea5t phim, th\u00f4ng b\u00e1o kho\u1ea3n l\u1ed7, n\u1ed9p \u0111\u01a1n xin ph\u00e1 s\u1ea3n c\u00f9ng v\u00f4 s\u1ed1 l\u1ea7n mua \u0111i b\u00e1n l\u1ea1i v\u00e0 b\u1ecb c\u00e1c t\u1eadp \u0111o\u00e0n l\u1edbn &#8220;x\u00e2u x\u00e9&#8221; v\u00e0 kh\u00f4ng ng\u01b0ng tham v\u1ecdng th\u00e2u t\u00f3m.<\/p>\n<p>H\u00ecnh t\u01b0\u1ee3ng c\u00e1c si\u00eau anh h\u00f9ng c\u0169ng t\u1eeb c\u00e2u chuy\u1ec7n kinh doanh m\u00e0 \u1ea3nh h\u01b0\u1edfng qua t\u1eebng gian \u0111o\u1ea1n. Cu\u1ed1n s\u00e1ch s\u1ebd cung c\u1ea5p m\u1ed9t g\u00f3c nh\u00ecn to\u00e0n c\u1ea3nh, gi\u00fap b\u1ea1n hi\u1ec3u t\u01b0\u1eddng t\u1eadn nh\u1eefng b\u1ed9 phim si\u00eau anh h\u00f9ng ch\u00e1y v\u00e9 ph\u00f2ng thu m\u1ecdi th\u1eddi \u0111\u1ea1i b\u1eaft \u0111\u1ea7u t\u1eeb \u0111\u00e2u, c\u00e1ch x\u00e2y d\u1ef1ng h\u00ecnh t\u01b0\u1ee3ng nh\u00e2n v\u1eadt v\u00e0 s\u1ef1 m\u00f3c n\u1ed1i gi\u1eefa c\u00e1c b\u1ed9 phim t\u1ea1i sao l\u1ea1i thu h\u00fat \u0111\u1ebfn v\u1eady trong su\u1ed1t th\u1eadp k\u1ef7 qua.<\/p>\n<p>CU\u1ed0N S\u00c1CH N\u00c0Y S\u1ebc L\u00c0M TH\u1eceA M\u00c3N NH\u1eeeNG FAN TRUNG TH\u00c0NH NH\u1ea4T C\u1ee6A MARVEL V\u1ec0 C\u1ea2 C\u00c2U CHUY\u1ec6N SI\u00caU ANH H\u00d9NG L\u1eaaN C\u00c2U CHUY\u1ec6N TH\u00c0NH C\u00d4NG TH\u00c0NH C\u00d4NG C\u1ee6A 1 \u0110\u1ebe CH\u1ebe!<\/p>\n","protected":false},"excerpt":{"rendered":"<p>B\u00cd M\u1eacT PH\u00cdA SAU \u0110\u1ebe CH\u1ebe MARVEL STUDIOS &#8211; C\u00c2U CHUY\u1ec6N \u0110\u1ed8C QUY\u1ec0N V\u1ec0 C\u00d4NG TY XU\u1ea4T B\u1ea2N T\u1eeaNG TH\u1ea4T B\u1ea0I TR\u1ede TH\u00c0NH \u0110\u1ebe CH\u1ebe SI\u00caU ANH H\u00d9NG HOLLYWOOD<\/p>\n<p>B\u1ea1n c\u00f3 th\u1ec3 h\u1ecdc \u0111\u01b0\u1ee3c g\u00ec t\u1eeb nh\u1eefng c\u00f4ng ty th\u00e0nh c\u00f4ng nh\u1ea5t tr\u00ean th\u1ebf gi\u1edbi? Alibaba, Apple, Amazon, Microsoft&#8230;<\/p>\n<p>C\u00e2u chuy\u1ec7n c\u1ee7a Marvel Studios c\u0169ng l\u00e0 m\u1ed9t c\u00e2u chuy\u1ec7n truy\u1ec1n c\u1ea3m h\u1ee9ng v\u1ec1 s\u1ef1 th\u00e0nh c\u00f4ng l\u1eaby l\u1eebng to\u00e0n c\u1ea7u &#8211; gi\u00fap b\u1ea1n hi\u1ec3u v\u00e0 \u00e1p d\u1ee5ng nh\u1eefng chi\u1ebfn l\u01b0\u1ee3c c\u1ea1nh tranh, v\u0103n h\u00f3a l\u00e0m vi\u1ec7c v\u00e0 ph\u01b0\u01a1ng th\u1ee9c kinh doanh \u0111\u00e3 gi\u00fap m\u1ed9t nh\u00e0 xu\u1ea5t b\u1ea3n t\u1eebng \u0111\u1ee9ng tr\u00ean b\u1edd v\u1ef1c ph\u00e1 s\u1ea3n c\u00f3 th\u1ec3 l\u1eadt ng\u01b0\u1ee3c v\u00e1n b\u00e0i tr\u1edf th\u00e0nh x\u01b0\u1edfng phim th\u00e0nh c\u00f4ng nh\u1ea5t trong l\u1ecbch s\u1ef1 nh\u01b0 th\u1ebf n\u00e0o.<\/p>\n<p>Xuy\u00ean su\u1ed1t c\u00e2u chuy\u1ec7n x\u00e2y d\u1ef1ng s\u1ef1 nghi\u1ec7p kinh doanh Marvel, l\u00e0 d\u00f2ng h\u1ed3i k\u00ed h\u00e9 l\u1ed9 nh\u1eefng chi ti\u1ebft l\u1ecbch s\u1eed th\u00fa v\u1ecb nh\u1ea5t:<\/p>\n<p>&#8211; C\u00fa l\u1ed9i ng\u01b0\u1ee3c d\u00f2ng th\u1eddi \u0111\u1ea1i \u0111\u1ec3 x\u00e2y d\u1ef1ng n\u00ean th\u1ebf h\u1ec7 si\u00eau anh h\u00f9ng ki\u1ec3u m\u1edbi ch\u01b0a t\u1eebng c\u00f3 trong l\u1ecbch s\u1eed truy\u1ec7n tranh<\/p>\n<p>&#8211; Trong cu\u1ed9c c\u1ea1nh tranh gay g\u1eaft mua b\u00e1n l\u1ea1i Marvel, c\u00e1c si\u00eau anh h\u00f9ng tr\u1edf th\u00e0nh &#8220;con t\u1ed1t th\u00ed&#8221;<\/p>\n<p>&#8211; C\u00e2u chuy\u1ec7n h\u1eadu tr\u01b0\u1eddng Spider-man, nh\u00e2n v\u1eadt &#8220;d\u1ecdn \u0111\u01b0\u1eddng&#8221; cho c\u00e1c si\u00eau anh h\u00f9ng kh\u00e1c ti\u1ebfn th\u1eb3ng t\u1edbi Hollywood, m\u1edf ra m\u1ed9t k\u1ec9 nguy\u00ean th\u1ef1c s\u1ef1 c\u1ee7a V\u0169 tr\u1ee5 \u0111i\u1ec7n \u1ea3nh Marvel<\/p>\n<p>&#8211; Iron Man &#8211; nh\u00e2n v\u1eadt \u0111\u01b0\u1ee3c l\u1ef1a ch\u1ecdn cho b\u1ed9 phim \u0111\u1ea7u ti\u00ean do Marvel tr\u1ef1c ti\u1ebfp s\u1ea3n xu\u1ea5t mang l\u1ea1i th\u00e0nh c\u00f4ng v\u01b0\u1ee3t ngo\u00e0i s\u1ee9c t\u01b0\u1edfng t\u01b0\u1ee3ng nh\u01b0ng l\u1ea1i khi\u1ebfn Marvel chao \u0111\u1ea3o v\u00e0 m\u1ea5t ph\u01b0\u01a1ng h\u01b0\u1edbng, thay \u0111\u1ed5i c\u1ee5c di\u1ec7n c\u1ea3 cu\u1ed9c ch\u01a1i<\/p>\n<p>Nh\u1eefng c\u00e2u chuy\u1ec7n v\u1ec1 Marvel v\u00e0 c\u00e1c si\u00eau anh h\u00f9ng ch\u01b0a bao gi\u1edd m\u1ea5t \u0111i s\u1ee9c h\u1ea5p d\u1eabn v\u1edbi kh\u00e1n gi\u1ea3 to\u00e0n th\u1ebf gi\u1edbi. V\u1edbi cu\u1ed1n s\u00e1ch n\u00e0y c\u0169ng v\u1eady, s\u1ee9c h\u00fat n\u1eb1m \u1edf c\u00e2u chuy\u1ec7n khi c\u00e1c c\u00f4ng ty truy\u1ec7n tranh th\u1eddi \u0111\u00f3 chi\u00eau tr\u00f2 c\u1ea1nh tranh v\u1ec1 h\u00ecnh t\u01b0\u1ee3ng c\u00e1c si\u00eau anh h\u00f9ng, Marvel th\u00e0nh l\u1eadp t\u1eadp \u0111o\u00e0n, th\u00e0nh l\u1eadp x\u01b0\u1edfng s\u1ea3n xu\u1ea5t phim, th\u00f4ng b\u00e1o kho\u1ea3n l\u1ed7, n\u1ed9p \u0111\u01a1n xin ph\u00e1 s\u1ea3n c\u00f9ng v\u00f4 s\u1ed1 l\u1ea7n mua \u0111i b\u00e1n l\u1ea1i v\u00e0 b\u1ecb c\u00e1c t\u1eadp \u0111o\u00e0n l\u1edbn &#8220;x\u00e2u x\u00e9&#8221; v\u00e0 kh\u00f4ng ng\u01b0ng tham v\u1ecdng th\u00e2u t\u00f3m.<\/p>\n<p>H\u00ecnh t\u01b0\u1ee3ng c\u00e1c si\u00eau anh h\u00f9ng c\u0169ng t\u1eeb c\u00e2u chuy\u1ec7n kinh doanh m\u00e0 \u1ea3nh h\u01b0\u1edfng qua t\u1eebng gian \u0111o\u1ea1n. Cu\u1ed1n s\u00e1ch s\u1ebd cung c\u1ea5p m\u1ed9t g\u00f3c nh\u00ecn to\u00e0n c\u1ea3nh, gi\u00fap b\u1ea1n hi\u1ec3u t\u01b0\u1eddng t\u1eadn nh\u1eefng b\u1ed9 phim si\u00eau anh h\u00f9ng ch\u00e1y v\u00e9 ph\u00f2ng thu m\u1ecdi th\u1eddi \u0111\u1ea1i b\u1eaft \u0111\u1ea7u t\u1eeb \u0111\u00e2u, c\u00e1ch x\u00e2y d\u1ef1ng h\u00ecnh t\u01b0\u1ee3ng nh\u00e2n v\u1eadt v\u00e0 s\u1ef1 m\u00f3c n\u1ed1i gi\u1eefa c\u00e1c b\u1ed9 phim t\u1ea1i sao l\u1ea1i thu h\u00fat \u0111\u1ebfn v\u1eady trong su\u1ed1t th\u1eadp k\u1ef7 qua.<\/p>\n<p>CU\u1ed0N S\u00c1CH N\u00c0Y S\u1ebc L\u00c0M TH\u1eceA M\u00c3N NH\u1eeeNG FAN TRUNG TH\u00c0NH NH\u1ea4T C\u1ee6A MARVEL V\u1ec0 C\u1ea2 C\u00c2U CHUY\u1ec6N SI\u00caU ANH H\u00d9NG L\u1eaaN C\u00c2U CHUY\u1ec6N TH\u00c0NH C\u00d4NG TH\u00c0NH C\u00d4NG C\u1ee6A 1 \u0110\u1ebe CH\u1ebe!<\/p>\n","protected":false},"featured_media":11411,"template":"","meta":{"_acf_changed":false},"product_brand":[],"product_cat":[75,15],"product_tag":[],"class_list":{"0":"post-11414","1":"product","2":"type-product","3":"status-publish","4":"has-post-thumbnail","6":"product_cat-giai-tri-truyen-cuoi","7":"product_cat-sach-danh-cho-nguoi-lon","9":"first","10":"outofstock","11":"taxable","12":"shipping-taxable","13":"purchasable","14":"product-type-simple"},"supplier_id":null,"supplier_sku":"","barcode":null,"atum_controlled":true,"out_stock_date":"2023-06-26 11:23:19","out_stock_threshold":null,"inheritable":false,"inbound_stock":1,"stock_on_hold":0,"sold_today":0,"sales_last_days":0,"reserved_stock":0,"customer_returns":0,"warehouse_damage":0,"lost_in_post":0,"other_logs":0,"out_stock_days":947,"lost_sales":0,"has_location":false,"update_date":"2026-01-28T23:10:49","atum_locations":[],"atum_stock_status":"outofstock","restock_status":false,"low_stock_amount":"","sales_update_date":"2026-01-28T23:10:49","calc_backorders":null,"acf":{"publisher":{"ID":1785,"post_author":"1","post_date":"2021-02-17 01:54:46","post_date_gmt":"2021-02-16 23:54:46","post_content":"<!-- wp:flatsome\/uxbuilder -->\n<h1 style=\"text-align: center;\"><strong>AZ VIETNAM<\/strong><\/h1>\n[row]\n\n[col span=\"8\" span__sm=\"12\"]\n\n<p>Th\u00e0nh l\u1eadp n\u0103m: 2015<br \/>V\u1ed1n \u0111\u1ea7u t\u01b0: 4,000,000,000 \u0111\u1ed3ng<br \/><strong>L\u0129nh v\u1ef1c:<\/strong><br \/>- Xu\u1ea5t b\u1ea3n v\u00e0 ph\u00e1t h\u00e0nh v\u0103n h\u00f3a ph\u1ea9m<br \/>- Cung c\u1ea5p v\u0103n h\u00f3a ph\u1ea9m, c\u00e1c s\u1ea3n ph\u1ea9m cho in \u1ea5n, trang thi\u1ebft b\u1ecb cho c\u00e1c th\u01b0 vi\u1ec7n v\u00e0 trung t\u00e2m s\u00e1ch tr\u00ean c\u1ea3 n\u01b0\u1edbc.<br \/>- Th\u1eddi trang v\u00e0 c\u00e1c s\u1ea3n ph\u1ea9m li\u00ean quan \u0111\u1ebfn l\u0129nh v\u1ef1c th\u1eddi trang<br \/>- Xu\u1ea5t nh\u1eadp kh\u1ea9u c\u00e1c s\u1ea3n ph\u1ea9m v\u0103n h\u00f3a<\/p>\n<p><strong>Quy m\u00f4:<\/strong> 60 nh\u00e2n vi\u00ean<br \/>Kh\u1edfi ngu\u1ed3n c\u1ee7a AZ Vi\u1ec7t Nam ng\u00e0y nay l\u00e0 C\u00f4ng ty TNHH Trung t\u00e2m S\u00e1ch v\u00e0 Thi\u1ebft b\u1ecb Th\u01b0 vi\u1ec7n, v\u1edbi ho\u1ea1t \u0111\u1ed9ng \u0111\u1ea7u ti\u00ean l\u00e0 cung c\u1ea5p s\u00e1ch, trang thi\u1ebft b\u1ecb, v\u0103n h\u00f3a ph\u1ea9m cho c\u00e1c th\u01b0 vi\u1ec7n v\u00e0 trung t\u00e2m s\u00e1ch tr\u00ean c\u1ea3 n\u01b0\u1edbc. T\u1eeb cu\u1ed1i n\u0103m 2010 \u0111\u1ebfn nay, ch\u00fang t\u00f4i \u0111\u00e3 kh\u00f4ng ng\u1eebng n\u1ed7 l\u1ef1c khai ph\u00e1 v\u00e0 ph\u00e1t tri\u1ec3n c\u00e1c d\u00f2ng s\u1ea3n ph\u1ea9m m\u1edbi v\u1edbi 8 th\u01b0\u01a1ng hi\u1ec7u uy t\u00edn. \u0110\u1ec3 \u0111\u00e1p \u1ee9ng nhu c\u1ea7u ph\u00e1t tri\u1ec3n ng\u00e0y m\u1ed9t l\u1edbn m\u1ea1nh v\u00e0 t\u1eadp h\u1ee3p c\u00e1c th\u01b0\u01a1ng hi\u1ec7u \u0111\u00e3 \u0111\u01b0\u1ee3c ch\u00fang t\u00f4i x\u00e2y d\u1ef1ng, 2015 C\u00f4ng ty TNHH AZ Vi\u1ec7t Nam \u0111\u00e3 ra \u0111\u1eddi v\u1edbi s\u1ee9 m\u1ec7nh mang \u0111\u1ebfn nhi\u1ec1u h\u01a1n n\u1eefa nh\u1eefng gi\u00e1 tr\u1ecb tinh th\u1ea7n, tri th\u1ee9c ti\u00ean ti\u1ebfn cho ng\u01b0\u1eddi ti\u00eau d\u00f9ng b\u1eb1ng vi\u1ec7c cung c\u1ea5p nh\u1eefng s\u1ea3n ph\u1ea9m c\u00f3 ch\u1ea5t l\u01b0\u1ee3ng.<\/p>\n\n[\/col]\n[col span=\"4\" span__sm=\"12\"]\n\n[ux_image id=\"1836\" image_size=\"medium\"]\n\n\n[\/col]\n\n[\/row]\n\n<!-- \/wp:flatsome\/uxbuilder -->","post_title":"AZ Vi\u1ec7t Nam","post_excerpt":"","post_status":"publish","comment_status":"closed","ping_status":"closed","post_password":"","post_name":"az-viet-nam","to_ping":"","pinged":"","post_modified":"2021-02-17 22:07:10","post_modified_gmt":"2021-02-17 20:07:10","post_content_filtered":"","post_parent":0,"guid":"https:\/\/sachviet.eu\/nha-phat-hanh\/az-viet-nam\/","menu_order":0,"post_type":"publisher","post_mime_type":"","comment_count":"0","filter":"raw"}},"_links":{"self":[{"href":"https:\/\/sachviet.eu\/en\/wp-json\/wp\/v2\/product\/11414","targetHints":{"allow":["GET"]}}],"collection":[{"href":"https:\/\/sachviet.eu\/en\/wp-json\/wp\/v2\/product"}],"about":[{"href":"https:\/\/sachviet.eu\/en\/wp-json\/wp\/v2\/types\/product"}],"wp:featuredmedia":[{"embeddable":true,"href":"https:\/\/sachviet.eu\/en\/wp-json\/wp\/v2\/media\/11411"}],"wp:attachment":[{"href":"https:\/\/sachviet.eu\/en\/wp-json\/wp\/v2\/media?parent=11414"}],"wp:term":[{"taxonomy":"product_brand","embeddable":true,"href":"https:\/\/sachviet.eu\/en\/wp-json\/wp\/v2\/product_brand?post=11414"},{"taxonomy":"product_cat","embeddable":true,"href":"https:\/\/sachviet.eu\/en\/wp-json\/wp\/v2\/product_cat?post=11414"},{"taxonomy":"product_tag","embeddable":true,"href":"https:\/\/sachviet.eu\/en\/wp-json\/wp\/v2\/product_tag?post=11414"}],"curies":[{"name":"wp","href":"https:\/\/api.w.org\/{rel}","templated":true}]}}