{"id":11407,"date":"2021-06-03T01:57:15","date_gmt":"2021-06-02T22:57:15","guid":{"rendered":"https:\/\/sachviet.eu\/shop\/neu-ai-cung-the-thi-sao-set-2-quyen\/"},"modified":"2023-03-08T12:00:43","modified_gmt":"2023-03-08T10:00:43","slug":"neu-ai-cung-the-thi-sao-set-2-quyen","status":"publish","type":"product","link":"https:\/\/sachviet.eu\/en\/shop\/neu-ai-cung-the-thi-sao-set-2-quyen\/","title":{"rendered":"N\u1ebfu ai c\u0169ng th\u1ebf th\u00ec sao &#8211;  Set 2 quy\u1ec3n"},"content":{"rendered":"<p>C\u00f3 nh\u1eefng h\u00e0nh \u0111\u1ed9ng, l\u1eddi n\u00f3i c\u1ee7a tr\u1ebb m\u00e0 tr\u1ebb kh\u00f4ng t\u1ef1 nh\u1eadn th\u1ee9c \u0111\u01b0\u1ee3c n\u00ean hay kh\u00f4ng n\u00ean l\u00e0m th\u1ebf ho\u1eb7c n\u00f3i th\u1ebf. Tr\u1ebb ch\u1ec9 bi\u1ebft th\u1ec3 hi\u1ec7n h\u00e0nh \u0111\u1ed9ng v\u00e0 l\u1eddi n\u00f3i m\u1ed9t c\u00e1ch b\u1ea3n n\u0103ng, tu\u1ef3 \u00fd.<\/p>\n<p>Ng\u01b0\u1eddi l\u1edbn c\u1ea7n ch\u1ec9 ra cho tr\u1ebb th\u1ea5y, n\u1ebfu t\u1ea5t c\u1ea3 m\u1ecdi ng\u01b0\u1eddi, ai c\u0169ng l\u00e0m th\u1ebf\/ai c\u0169ng n\u00f3i th\u1ebf th\u00ec sao?<\/p>\n<p>Nh\u1eefng h\u00e0nh \u0111\u1ed9ng th\u1ebf n\u00e0o l\u00e0 \u0111\u00fang \u2013 sai?<\/p>\n<p>Nh\u1eefng l\u1eddi n\u00f3i nh\u01b0 th\u1ebf n\u00e0o l\u00e0 n\u00ean ho\u1eb7c kh\u00f4ng n\u00ean?<\/p>\n<p>H\u00e3y th\u1eed h\u00ecnh dung n\u1ebfu t\u1ea5t c\u1ea3 m\u1ecdi ng\u01b0\u1eddi tr\u00ean th\u1ebf gi\u1edbi n\u00e0y, ai c\u0169ng l\u00e0m th\u1ebf\/ai c\u0169ng n\u00f3i th\u1ebf, th\u00ec th\u1ebf gi\u1edbi n\u00e0y s\u1ebd tr\u1edf n\u00ean nh\u01b0 th\u1ebf n\u00e0o?<\/p>\n<p>T\u1eeb 5 tu\u1ed5i, tr\u1ebb em \u0111\u00e3 \u0111\u1ebfn tr\u01b0\u1eddng v\u00e0 \u0111\u00e2y l\u00e0 giai \u0111o\u1ea1n \u0111\u1ea7u \u0111\u1eddi trong vi\u1ec7c t\u01b0\u01a1ng t\u00e1c v\u1edbi x\u00e3 h\u1ed9i c\u1ee7a tr\u1ebb. B\u1ed9 s\u00e1ch N\u1ebeU AI C\u0168NG TH\u1ebe TH\u00cc SAO? s\u1ebd h\u1ed7 tr\u1ee3 c\u00e1c b\u1eadc ph\u1ee5 huynh, c\u00e1c nh\u00e0 gi\u00e1o d\u1ee5c, nh\u1eefng ai quan t\u00e2m \u0111\u1ebfn tr\u1ebb em trong qu\u00e1 tr\u00ecnh gi\u00e1o d\u1ee5c tr\u1ebb, d\u1ea1y tr\u1ebb t\u1eeb nh\u1eefng th\u00f3i quen nh\u1ecf nh\u1ea5t trong l\u1eddi n\u00f3i, h\u00e0nh vi, t\u01b0\u01a1ng t\u00e1c h\u1eb1ng ng\u00e0y c\u1ee7a tr\u1ebb v\u1edbi x\u00e3 h\u1ed9i.<\/p>\n<p>\u201cN\u1ebfu ai c\u0169ng l\u00e0m th\u1ebf?\u201d<\/p>\n<p>N\u1ebfu b\u1ea1n ch\u1ec9 v\u1ee9t m\u1ed9t v\u1ecf lon soda qua c\u1eeda s\u1ed5 th\u00ec \u0111i\u1ec1u \u0111\u00f3 kh\u00f4ng ph\u1ea3i l\u00e0 v\u1ea5n \u0111\u1ec1 l\u1edbn, ph\u1ea3i kh\u00f4ng? N\u1ebfu b\u1ea1n \u0111\u1ebfn s\u1edf th\u00fa ch\u01a1i v\u00e0 t\u1ef1 ti\u1ec7n cho th\u00fa \u0103n d\u00f9 \u0111\u00e3 c\u00f3 b\u1ea3ng c\u1ea5m, s\u1ebd x\u1ea3y ra \u0111i\u1ec1u g\u00ec? Trong gi\u1edd sinh ho\u1ea1t chung \u1edf l\u1edbp, n\u1ebfu b\u1ea1n n\u00e0o c\u0169ng chen nhau n\u00f3i v\u00e0 kh\u00f4ng theo th\u1ee9 t\u1ef1 ho\u1eb7c nh\u01b0\u1eddng nh\u1ecbn nhau, l\u1edbp h\u1ecdc s\u1ebd nh\u01b0 th\u1ebf n\u00e0o? T\u1ea1i n\u01a1i c\u00f4ng c\u1ed9ng, n\u1ebfu b\u1ea1n c\u1ee9 tu\u1ef3 ti\u1ec7n l\u00e0m nh\u1eefng vi\u1ec7c m\u00ecnh th\u00edch, ch\u1ec9 v\u00ec m\u00ecnh vui m\u00e0 kh\u00f4ng \u0111\u1ec3 \u00fd li\u1ec7u n\u00f3 c\u00f3 \u1ea3nh h\u01b0\u1edfng ng\u01b0\u1eddi kh\u00e1c hay kh\u00f4ng v\u00e0 \u1ea3nh h\u01b0\u1edfng nh\u01b0 th\u1ebf n\u00e0o, th\u00ec s\u1ebd ra sao? Nh\u01b0ng n\u1ebfu b\u1ea1n \u00f4m m\u1eb9 m\u1ed9t c\u00e1i th\u1eadt ch\u1eb7t khi v\u1ec1 t\u1edbi nh\u00e0 v\u00e0 g\u1eb7p l\u1ea1i m\u1eb9 sau m\u1ed9t ng\u00e0y ra ngo\u00e0i, th\u00ec m\u1eb9 s\u1ebd vui l\u1eafm \u0111\u1ea5y! Th\u1eed h\u00ecnh dung xem, t\u1ea5t c\u1ea3 nh\u1eefng vi\u1ec7c \u0111\u00f3, n\u1ebfu t\u1ea5t c\u1ea3 m\u1ecdi ng\u01b0\u1eddi tr\u00ean th\u1ebf gi\u1edbi n\u00e0y, ai c\u0169ng l\u00e0m th\u1ebf, th\u00ec s\u1ebd th\u1ebf n\u00e0o? Vi\u1ec7c g\u00ec n\u00ean l\u00e0m \u0111\u1ec3 ti\u1ebfp t\u1ee5c v\u00e0 vi\u1ec7c g\u00ec kh\u00f4ng n\u00ean \u0111\u1ec3 d\u1eebng l\u1ea1i? C\u00e2u tr\u1ea3 l\u1eddi s\u1ebd r\u00f5 r\u00e0ng h\u01a1n b\u1eb1ng c\u00e1c minh ho\u1ea1 d\u1ec5 th\u01b0\u01a1ng trong cu\u1ed1n s\u00e1ch n\u00e0y!<\/p>\n<p>\u201cN\u1ebfu ai c\u0169ng n\u00f3i th\u1ebf?\u201d<\/p>\n<p>T\u1ea1i c\u00f4ng vi\u00ean, n\u1ebfu \u0111\u1ee9a tr\u1ebb n\u00e0o c\u0169ng mu\u1ed1n gi\u1eef ri\u00eang ch\u1ed7 ch\u01a1i cho m\u00ecnh v\u00e0 s\u1eb5n s\u00e0ng t\u1eeb ch\u1ed1i\/xua \u0111u\u1ed5i khi c\u00e1c b\u1ea1n kh\u00e1c mu\u1ed1n ch\u01a1i c\u00f9ng, th\u00ec s\u1ebd ra sao? N\u1ebfu ai c\u0169ng n\u00f3i l\u1eddi ch\u00ea c\u01b0\u1eddi ng\u01b0\u1eddi kh\u00e1c v\u1ec1 ngo\u1ea1i h\u00ecnh ho\u1eb7c nh\u1eefng \u0111i\u1ec3m kh\u00e1c bi\u1ec7t c\u1ee7a h\u1ecd, th\u00ec s\u1ebd th\u1ebf n\u00e0o? Trong gi\u1edd sinh ho\u1ea1t l\u1edbp, n\u1ebfu b\u1ea1n n\u00e0o c\u0169ng chen nhau n\u00f3i tr\u01b0\u1edbc v\u00e0 kh\u00f4ng ch\u1ecbu l\u1eafng nghe c\u00f4 gi\u00e1o n\u00f3i, t\u00ecnh tr\u1ea1ng c\u1ee7a l\u1edbp h\u1ecdc s\u1ebd th\u1ebf n\u00e0o? V\u1edbi c\u00e1c t\u00ecnh hu\u1ed1ng kh\u00e1c trong cu\u1ed9c s\u1ed1ng, n\u1ebfu ai c\u0169ng n\u00f3i th\u1ebf th\u00ec th\u1ebf gi\u1edbi n\u00e0y s\u1ebd tr\u1edf th\u00e0nh m\u1ed9t n\u01a1i nh\u01b0 th\u1ebf n\u00e0o? C\u00e2u tr\u1ea3 l\u1eddi s\u1ebd r\u00f5 r\u00e0ng h\u01a1n b\u1eb1ng c\u00e1c minh ho\u1ea1 d\u1ec5 th\u01b0\u01a1ng trong cu\u1ed1n s\u00e1ch n\u00e0y!<br \/>\n\u0110\u00e2y l\u00e0 nh\u1eefng cu\u1ed1n s\u00e1ch kh\u00f4ng nh\u1eefng d\u00e0nh cho tr\u1ebb em m\u00e0 cho c\u1ea3 ng\u01b0\u1eddi l\u1edbn, nh\u1eefng ng\u01b0\u1eddi mu\u1ed1n gi\u00e1o d\u1ee5c tr\u1ebb s\u1edbm c\u00f3 \u00fd th\u1ee9c t\u1ef1 gi\u00e1c v\u00e0 nh\u1eefng nh\u1eadn th\u1ee9c \u0111\u00fang \u0111\u1eafn trong t\u01b0\u01a1ng t\u00e1c v\u1edbi x\u00e3 h\u1ed9i b\u00ean ngo\u00e0i, c\u00e1ch y\u00eau th\u01b0\u01a1ng v\u00e0 gi\u1eef g\u00ecn m\u00f4i tr\u01b0\u1eddng s\u1ed1ng tr\u00ean Tr\u00e1i \u0110\u1ea5t n\u00e0y.<\/p>\n","protected":false},"excerpt":{"rendered":"<p>C\u00f3 nh\u1eefng h\u00e0nh \u0111\u1ed9ng, l\u1eddi n\u00f3i c\u1ee7a tr\u1ebb m\u00e0 tr\u1ebb kh\u00f4ng t\u1ef1 nh\u1eadn th\u1ee9c \u0111\u01b0\u1ee3c n\u00ean hay kh\u00f4ng n\u00ean l\u00e0m th\u1ebf ho\u1eb7c n\u00f3i th\u1ebf. Tr\u1ebb ch\u1ec9 bi\u1ebft th\u1ec3 hi\u1ec7n h\u00e0nh \u0111\u1ed9ng v\u00e0 l\u1eddi n\u00f3i m\u1ed9t c\u00e1ch b\u1ea3n n\u0103ng, tu\u1ef3 \u00fd.<\/p>\n<p>Ng\u01b0\u1eddi l\u1edbn c\u1ea7n ch\u1ec9 ra cho tr\u1ebb th\u1ea5y, n\u1ebfu t\u1ea5t c\u1ea3 m\u1ecdi ng\u01b0\u1eddi, ai c\u0169ng l\u00e0m th\u1ebf\/ai c\u0169ng n\u00f3i th\u1ebf th\u00ec sao?<\/p>\n<p>Nh\u1eefng h\u00e0nh \u0111\u1ed9ng th\u1ebf n\u00e0o l\u00e0 \u0111\u00fang \u2013 sai?<\/p>\n<p>Nh\u1eefng l\u1eddi n\u00f3i nh\u01b0 th\u1ebf n\u00e0o l\u00e0 n\u00ean ho\u1eb7c kh\u00f4ng n\u00ean?<\/p>\n<p>H\u00e3y th\u1eed h\u00ecnh dung n\u1ebfu t\u1ea5t c\u1ea3 m\u1ecdi ng\u01b0\u1eddi tr\u00ean th\u1ebf gi\u1edbi n\u00e0y, ai c\u0169ng l\u00e0m th\u1ebf\/ai c\u0169ng n\u00f3i th\u1ebf, th\u00ec th\u1ebf gi\u1edbi n\u00e0y s\u1ebd tr\u1edf n\u00ean nh\u01b0 th\u1ebf n\u00e0o?<\/p>\n<p>T\u1eeb 5 tu\u1ed5i, tr\u1ebb em \u0111\u00e3 \u0111\u1ebfn tr\u01b0\u1eddng v\u00e0 \u0111\u00e2y l\u00e0 giai \u0111o\u1ea1n \u0111\u1ea7u \u0111\u1eddi trong vi\u1ec7c t\u01b0\u01a1ng t\u00e1c v\u1edbi x\u00e3 h\u1ed9i c\u1ee7a tr\u1ebb. B\u1ed9 s\u00e1ch N\u1ebeU AI C\u0168NG TH\u1ebe TH\u00cc SAO? s\u1ebd h\u1ed7 tr\u1ee3 c\u00e1c b\u1eadc ph\u1ee5 huynh, c\u00e1c nh\u00e0 gi\u00e1o d\u1ee5c, nh\u1eefng ai quan t\u00e2m \u0111\u1ebfn tr\u1ebb em trong qu\u00e1 tr\u00ecnh gi\u00e1o d\u1ee5c tr\u1ebb, d\u1ea1y tr\u1ebb t\u1eeb nh\u1eefng th\u00f3i quen nh\u1ecf nh\u1ea5t trong l\u1eddi n\u00f3i, h\u00e0nh vi, t\u01b0\u01a1ng t\u00e1c h\u1eb1ng ng\u00e0y c\u1ee7a tr\u1ebb v\u1edbi x\u00e3 h\u1ed9i.<\/p>\n","protected":false},"featured_media":11403,"template":"","meta":{"_acf_changed":false},"product_brand":[],"product_cat":[25,17,26],"product_tag":[],"class_list":{"0":"post-11407","1":"product","2":"type-product","3":"status-publish","4":"has-post-thumbnail","6":"product_cat-nhi-dong-6-tuoi-12-tuoi","7":"product_cat-sach-danh-cho-cac-be","8":"product_cat-thieu-nien-11-tuoi-18-tuoi","10":"first","11":"outofstock","12":"taxable","13":"shipping-taxable","14":"purchasable","15":"product-type-simple"},"supplier_id":null,"supplier_sku":"","barcode":null,"atum_controlled":true,"out_stock_date":"2023-03-08 10:00:43","out_stock_threshold":null,"inheritable":false,"inbound_stock":0,"stock_on_hold":0,"sold_today":0,"sales_last_days":0,"reserved_stock":0,"customer_returns":0,"warehouse_damage":0,"lost_in_post":0,"other_logs":0,"out_stock_days":1057,"lost_sales":0,"has_location":false,"update_date":"2026-01-28T23:10:49","atum_locations":[],"atum_stock_status":"outofstock","restock_status":false,"low_stock_amount":"","sales_update_date":"2026-01-28T23:10:49","calc_backorders":null,"acf":{"publisher":{"ID":11402,"post_author":"1","post_date":"2021-06-03 01:57:05","post_date_gmt":"2021-06-02 22:57:05","post_content":"","post_title":"Messy Books","post_excerpt":"","post_status":"publish","comment_status":"closed","ping_status":"closed","post_password":"","post_name":"messy-books","to_ping":"","pinged":"","post_modified":"2021-06-03 01:57:05","post_modified_gmt":"2021-06-02 22:57:05","post_content_filtered":"","post_parent":0,"guid":"https:\/\/sachviet.eu\/nha-phat-hanh\/messy-books\/","menu_order":0,"post_type":"publisher","post_mime_type":"","comment_count":"0","filter":"raw"}},"_links":{"self":[{"href":"https:\/\/sachviet.eu\/en\/wp-json\/wp\/v2\/product\/11407","targetHints":{"allow":["GET"]}}],"collection":[{"href":"https:\/\/sachviet.eu\/en\/wp-json\/wp\/v2\/product"}],"about":[{"href":"https:\/\/sachviet.eu\/en\/wp-json\/wp\/v2\/types\/product"}],"wp:featuredmedia":[{"embeddable":true,"href":"https:\/\/sachviet.eu\/en\/wp-json\/wp\/v2\/media\/11403"}],"wp:attachment":[{"href":"https:\/\/sachviet.eu\/en\/wp-json\/wp\/v2\/media?parent=11407"}],"wp:term":[{"taxonomy":"product_brand","embeddable":true,"href":"https:\/\/sachviet.eu\/en\/wp-json\/wp\/v2\/product_brand?post=11407"},{"taxonomy":"product_cat","embeddable":true,"href":"https:\/\/sachviet.eu\/en\/wp-json\/wp\/v2\/product_cat?post=11407"},{"taxonomy":"product_tag","embeddable":true,"href":"https:\/\/sachviet.eu\/en\/wp-json\/wp\/v2\/product_tag?post=11407"}],"curies":[{"name":"wp","href":"https:\/\/api.w.org\/{rel}","templated":true}]}}