{"id":11401,"date":"2021-06-03T01:57:02","date_gmt":"2021-06-02T22:57:02","guid":{"rendered":"https:\/\/sachviet.eu\/shop\/dung-cua-dan-ong-tu-do\/"},"modified":"2021-06-11T00:14:57","modified_gmt":"2021-06-10T21:14:57","slug":"dung-cua-dan-ong-tu-do","status":"publish","type":"product","link":"https:\/\/sachviet.eu\/en\/shop\/dung-cua-dan-ong-tu-do\/","title":{"rendered":"\u0110\u1eebng\u00a0c\u01b0a, \u0111\u00e0n \u00f4ng t\u1ef1 \u0111\u1ed5"},"content":{"rendered":"<p>Sau cu\u1ed9c h\u00e0nh tr\u00ecnh \u201cch\u1ea1y tr\u1ed1n\u201d kh\u1ecfi nh\u1eefng \u0111au kh\u1ed5 trong t\u00ecnh y\u00eau v\u00e0 nh\u1eefng sai l\u1ea7m c\u1ee7a tu\u1ed5i tr\u1ebb, \u0111\u01b0\u1ee3c k\u1ec3 l\u1ea1i trong cu\u1ed1n s\u00e1ch \u0111\u1ea7u tay &#8221;Kh\u00f4ng c\u00f3 gi\u1edd ho\u00e0ng \u0111\u1ea1o&#8221;, Nhi Hexe \u0111\u00e3 tr\u1edf l\u1ea1i \u0111\u1ea7y b\u1ea5t ng\u1edd v\u1edbi cu\u1ed1n s\u00e1ch th\u1ee9 hai &#8221;\u0110\u1eebng c\u01b0a, \u0110\u00e0n \u00f4ng t\u1ef1 \u0111\u1ed5!&#8221;<\/p>\n<p>\u0110\u1ed9c gi\u1ea3 s\u1ebd \u0111\u01b0\u1ee3c g\u1eb7p m\u1ed9t Nhi Hexe r\u1ea5t kh\u00e1c \u2013 tr\u01b0\u1edfng th\u00e0nh, ch\u00edn ch\u1eafn, m\u1ea1nh m\u1ebd, t\u1ec9nh t\u00e1o, kh\u00f4n ngoan v\u00e0 s\u00e2u s\u1eafc h\u01a1n. Nh\u1eefng sai l\u1ea7m nay tr\u1edf th\u00e0nh nh\u1eefng kinh nghi\u1ec7m x\u01b0\u01a1ng m\u00e1u, nh\u1eefng \u0111au kh\u1ed5 nay \u0111\u00e3 tr\u1edf th\u00e0nh h\u1ea1nh ph\u00fac th\u0103ng hoa. T\u1ea5t c\u1ea3 \u0111\u01b0\u1ee3c \u0111\u00fac r\u00fat th\u00e0nh m\u1ed9t cu\u1ed1n c\u1ea9m nang, m\u1ed9t cu\u1ed1n s\u00e1ch \u201cb\u00e1n\u201d self-help.<\/p>\n<p>Cu\u1ed1n s\u00e1ch n\u00e0y d\u00e0nh cho b\u1ea1n &#8211; nh\u1eefng ng\u01b0\u1eddi ch\u01b0a t\u1eebng y\u00eau, hay nh\u1eefng ng\u01b0\u1eddi \u0111ang ch\u00ecm \u0111\u1eafm trong s\u1ef1 ng\u1ecdt ng\u00e0o c\u1ee7a t\u00ecnh y\u00eau v\u00e0 c\u1ea3 nh\u1eefng ng\u01b0\u1eddi \u0111ang ch\u00ecm \u0111\u1eafm trong s\u1ef1 \u0111au kh\u1ed5 c\u1ee7a t\u00ecnh y\u00eau.<\/p>\n<p>Gi\u1ed1ng nh\u01b0 l\u1eddi t\u1ef1a c\u1ee7a nh\u00e0 b\u00e1o Ph\u1ea1m An, b\u1ea1n \u0111\u1ecdc s\u00e1ch nh\u01b0 \u0111\u1ecdc m\u1ed9t c\u1ea9m nang ch\u1ec9 d\u1eabn \u0111\u1ec3 l\u00e0m theo nh\u1eefng b\u01b0\u1edbc \u0111\u1ea7u, nh\u01b0ng r\u1ed3i sau khi \u0111\u1ecdc, h\u00e3y qu\u00ean \u0111i nh\u1eefng ch\u1ec9 d\u1eabn n\u00e0y, \u0111\u1ec3 n\u00f3 th\u1ef1c s\u1ef1 &#8220;th\u1ea5m&#8221; v\u00e0o b\u1ea1n, \u0111\u1ec3 b\u1ea1n nh\u00ecn ra \u0111\u01b0\u1ee3c m\u00ecnh l\u00e0 ai, \u01b0\u1edbc m\u01a1 c\u00e1 nh\u00e2n c\u1ee7a m\u00ecnh l\u00e0 g\u00ec.<\/p>\n<p>B\u1edfi &#8221;M\u1ed9t ng\u01b0\u1eddi ph\u1ee5 n\u1eef c\u00f3 \u01b0\u1edbc m\u01a1 v\u00e0 s\u1ed1ng h\u1ebft m\u00ecnh cho \u0111i\u1ec1u r\u1ea5t c\u00e1 nh\u00e2n \u1ea5y c\u00f3 s\u1ee9c h\u00fat v\u1edbi c\u1ea3 th\u1ebf gi\u1edbi, kh\u00f4ng ri\u00eang g\u00ec \u0111\u00e0n \u00f4ng.&#8221;<\/p>\n<p>V\u1ec1 t\u00e1c gi\u1ea3:<\/p>\n<p>NHI HEXE<\/p>\n<p>\u201cT\u00f4i n\u00f3i v\u1ec1 c\u00e1i \u0111\u1eb9p, v\u1ec1 t\u00ecnh y\u00eau, v\u1ec1 ngh\u1ec7 thu\u1eadt\u201d<\/p>\n<p>T\u00ean th\u1eadt l\u00e0 H\u00e0 Tr\u1ea7n Y\u1ebfn Nhi.<\/p>\n<p>\u0110am m\u00ea du l\u1ecbch, th\u1ec3 thao, chi\u00eam tinh, ngh\u1ec7 thu\u1eadt, th\u1eddi trang \u2013 Nhi \u0111\u01b0a ch\u00ednh nh\u1eefng s\u1edf th\u00edch c\u1ee7a m\u00ecnh v\u00e0 c\u00e1c trang vi\u1ebft \u1ea5n t\u01b0\u1ee3ng v\u1edbi nh\u1eefng g\u00f3c nh\u00ecn s\u00e1ng t\u1ea1o v\u00e0 m\u1edbi m\u1ebb, v\u1eeba hi\u1ec7n \u0111\u1ea1i l\u1ea1i v\u1eeba ho\u00e0i c\u1ed5; l\u1ed1i vi\u1ebft s\u1eafc s\u1ea3o, t\u1ef1 do, \u0111\u00f4i khi c\u00f3 ph\u1ea7n \u201cn\u1ed5i lo\u1ea1n\u201d nh\u01b0ng kh\u00f4ng h\u1ec1 thi\u1ebfu \u0111i s\u1ef1 s\u00e2u s\u1eafc v\u00e0 chi\u00eam nghi\u1ec7m.<\/p>\n<p>C\u00f4 l\u00e0 c\u1ed9ng t\u00e1c vi\u00ean ch\u00ednh th\u1ee9c c\u1ee7a b\u00e1o Th\u1ec3 thao V\u0103n h\u00f3a, c\u00e2y b\u00fat c\u1ee7a t\u1ea1p ch\u00ed Look \u2013 Bamboo Airway v\u00e0 l\u00e0 Founder c\u1ee7a Nhi Hexe Horoscope &amp; Tarot.<\/p>\n","protected":false},"excerpt":{"rendered":"<p>Sau cu\u1ed9c h\u00e0nh tr\u00ecnh \u201cch\u1ea1y tr\u1ed1n\u201d kh\u1ecfi nh\u1eefng \u0111au kh\u1ed5 trong t\u00ecnh y\u00eau v\u00e0 nh\u1eefng sai l\u1ea7m c\u1ee7a tu\u1ed5i tr\u1ebb, \u0111\u01b0\u1ee3c k\u1ec3 l\u1ea1i trong cu\u1ed1n s\u00e1ch \u0111\u1ea7u tay &#8221;Kh\u00f4ng c\u00f3 gi\u1edd ho\u00e0ng \u0111\u1ea1o&#8221;, Nhi Hexe \u0111\u00e3 tr\u1edf l\u1ea1i \u0111\u1ea7y b\u1ea5t ng\u1edd v\u1edbi cu\u1ed1n s\u00e1ch th\u1ee9 hai &#8221;\u0110\u1eebng c\u01b0a, \u0110\u00e0n \u00f4ng t\u1ef1 \u0111\u1ed5!&#8221;<\/p>\n<p>\u0110\u1ed9c gi\u1ea3 s\u1ebd \u0111\u01b0\u1ee3c g\u1eb7p m\u1ed9t Nhi Hexe r\u1ea5t kh\u00e1c \u2013 tr\u01b0\u1edfng th\u00e0nh, ch\u00edn ch\u1eafn, m\u1ea1nh m\u1ebd, t\u1ec9nh t\u00e1o, kh\u00f4n ngoan v\u00e0 s\u00e2u s\u1eafc h\u01a1n. Nh\u1eefng sai l\u1ea7m nay tr\u1edf th\u00e0nh nh\u1eefng kinh nghi\u1ec7m x\u01b0\u01a1ng m\u00e1u, nh\u1eefng \u0111au kh\u1ed5 nay \u0111\u00e3 tr\u1edf th\u00e0nh h\u1ea1nh ph\u00fac th\u0103ng hoa. T\u1ea5t c\u1ea3 \u0111\u01b0\u1ee3c \u0111\u00fac r\u00fat th\u00e0nh m\u1ed9t cu\u1ed1n c\u1ea9m nang, m\u1ed9t cu\u1ed1n s\u00e1ch \u201cb\u00e1n\u201d self-help.<\/p>\n<p>Cu\u1ed1n s\u00e1ch n\u00e0y d\u00e0nh cho b\u1ea1n &#8211; nh\u1eefng ng\u01b0\u1eddi ch\u01b0a t\u1eebng y\u00eau, hay nh\u1eefng ng\u01b0\u1eddi \u0111ang ch\u00ecm \u0111\u1eafm trong s\u1ef1 ng\u1ecdt ng\u00e0o c\u1ee7a t\u00ecnh y\u00eau v\u00e0 c\u1ea3 nh\u1eefng ng\u01b0\u1eddi \u0111ang ch\u00ecm \u0111\u1eafm trong s\u1ef1 \u0111au kh\u1ed5 c\u1ee7a t\u00ecnh y\u00eau.<\/p>\n<p>Gi\u1ed1ng nh\u01b0 l\u1eddi t\u1ef1a c\u1ee7a nh\u00e0 b\u00e1o Ph\u1ea1m An, b\u1ea1n \u0111\u1ecdc s\u00e1ch nh\u01b0 \u0111\u1ecdc m\u1ed9t c\u1ea9m nang ch\u1ec9 d\u1eabn \u0111\u1ec3 l\u00e0m theo nh\u1eefng b\u01b0\u1edbc \u0111\u1ea7u, nh\u01b0ng r\u1ed3i sau khi \u0111\u1ecdc, h\u00e3y qu\u00ean \u0111i nh\u1eefng ch\u1ec9 d\u1eabn n\u00e0y, \u0111\u1ec3 n\u00f3 th\u1ef1c s\u1ef1 &#8220;th\u1ea5m&#8221; v\u00e0o b\u1ea1n, \u0111\u1ec3 b\u1ea1n nh\u00ecn ra \u0111\u01b0\u1ee3c m\u00ecnh l\u00e0 ai, \u01b0\u1edbc m\u01a1 c\u00e1 nh\u00e2n c\u1ee7a m\u00ecnh l\u00e0 g\u00ec.<\/p>\n<p>B\u1edfi &#8221;M\u1ed9t ng\u01b0\u1eddi ph\u1ee5 n\u1eef c\u00f3 \u01b0\u1edbc m\u01a1 v\u00e0 s\u1ed1ng h\u1ebft m\u00ecnh cho \u0111i\u1ec1u r\u1ea5t c\u00e1 nh\u00e2n \u1ea5y c\u00f3 s\u1ee9c h\u00fat v\u1edbi c\u1ea3 th\u1ebf gi\u1edbi, kh\u00f4ng ri\u00eang g\u00ec \u0111\u00e0n \u00f4ng.&#8221;<\/p>\n","protected":false},"featured_media":11398,"template":"","meta":{"_acf_changed":false},"product_brand":[],"product_cat":[15,46],"product_tag":[],"class_list":{"0":"post-11401","1":"product","2":"type-product","3":"status-publish","4":"has-post-thumbnail","6":"product_cat-sach-danh-cho-nguoi-lon","7":"product_cat-ky-nang-song","9":"first","10":"outofstock","11":"taxable","12":"shipping-taxable","13":"purchasable","14":"product-type-simple"},"supplier_id":null,"supplier_sku":"","barcode":null,"atum_controlled":true,"out_stock_date":"2021-06-10 21:14:57","out_stock_threshold":null,"inheritable":false,"inbound_stock":0,"stock_on_hold":0,"sold_today":0,"sales_last_days":0,"reserved_stock":0,"customer_returns":0,"warehouse_damage":0,"lost_in_post":0,"other_logs":0,"out_stock_days":1693,"lost_sales":0,"has_location":false,"update_date":"2026-01-28T23:10:49","atum_locations":[],"atum_stock_status":"outofstock","restock_status":false,"low_stock_amount":"","sales_update_date":"2026-01-28T23:10:49","calc_backorders":null,"acf":{"publisher":{"ID":1456,"post_author":"1","post_date":"2021-02-17 01:12:21","post_date_gmt":"2021-02-16 23:12:21","post_content":"<!-- wp:flatsome\/uxbuilder -->\n<h1 style=\"text-align: center;\"><strong>Bloom Books<\/strong><\/h1>\n[row]\n\n[col span=\"2\" span__sm=\"12\"]\n\n[ux_image id=\"1691\" image_size=\"medium\"]\n\n\n[\/col]\n[col span=\"10\" span__sm=\"12\"]\n\n<p>Bloom Books - Th\u01b0\u01a1ng hi\u1ec7u s\u00e1ch Truy\u1ec1n c\u1ea3m h\u1ee9ng \u0111\u1ea7u ti\u00ean d\u00e0nh cho gi\u1edbi tr\u1ebb Vi\u1ec7t, \u0111\u01b0\u1ee3c th\u00e0nh l\u1eadp t\u1eeb th\u00e1ng 5\/2015.<br \/>\"Khi ngh\u0129 \u0111\u1ebfn m\u1ed9t t\u1eeb \u0111\u1ec3 \u0111\u1eb7t t\u00ean cho th\u01b0\u01a1ng hi\u1ec7u, t\u00f4i \u0111\u00e3 r\u1ea5t ph\u00e2n v\u00e2n. T\u00f4i mu\u1ed1n n\u00f3 l\u00e0 m\u1ed9t \u0111i\u1ec1u g\u00ec \u0111\u00f3 xinh \u0111\u1eb9p, nh\u01b0 m\u1ed9t \u0111\u00f3a hoa, nh\u01b0 m\u00f9a xu\u00e2n v\u00e0 tr\u00e0n \u0111\u1ea7y c\u1ea3m h\u1ee9ng.<br \/>C\u00e1i t\u00ean Bloom Books ra \u0111\u1eddi gi\u1ea3n \u0111\u01a1n nh\u01b0 th\u1ebf. Bloom - l\u00e0 m\u1ed9t \u0111\u00f3a hoa \u0111ang n\u1edf r\u1ed9, v\u00e0 c\u0169ng nh\u01b0 m\u1ed9t n\u1ee5 c\u01b0\u1eddi. T\u00f4i th\u1eadt mong nh\u1eefng cu\u1ed1n s\u00e1ch c\u1ee7a Bloom Books s\u1ebd m\u00e3i mang \u0111\u1ebfn ni\u1ec1m vui, s\u1ef1 t\u01b0\u01a1i m\u1edbi v\u00e0 h\u1ee9ng kh\u1edfi D\u00c1M \u0111\u1ed5i thay cho b\u1ea5t c\u1ee9 ai \u0111\u1ecdc n\u00f3.\"<\/p>\n\n[\/col]\n\n[\/row]\n\n<!-- \/wp:flatsome\/uxbuilder -->","post_title":"Bloom Books","post_excerpt":"","post_status":"publish","comment_status":"closed","ping_status":"closed","post_password":"","post_name":"bloom-books","to_ping":"","pinged":"","post_modified":"2021-02-17 01:42:43","post_modified_gmt":"2021-02-16 23:42:43","post_content_filtered":"","post_parent":0,"guid":"https:\/\/sachviet.eu\/nha-phat-hanh\/bloom-books\/","menu_order":0,"post_type":"publisher","post_mime_type":"","comment_count":"0","filter":"raw"}},"_links":{"self":[{"href":"https:\/\/sachviet.eu\/en\/wp-json\/wp\/v2\/product\/11401","targetHints":{"allow":["GET"]}}],"collection":[{"href":"https:\/\/sachviet.eu\/en\/wp-json\/wp\/v2\/product"}],"about":[{"href":"https:\/\/sachviet.eu\/en\/wp-json\/wp\/v2\/types\/product"}],"wp:featuredmedia":[{"embeddable":true,"href":"https:\/\/sachviet.eu\/en\/wp-json\/wp\/v2\/media\/11398"}],"wp:attachment":[{"href":"https:\/\/sachviet.eu\/en\/wp-json\/wp\/v2\/media?parent=11401"}],"wp:term":[{"taxonomy":"product_brand","embeddable":true,"href":"https:\/\/sachviet.eu\/en\/wp-json\/wp\/v2\/product_brand?post=11401"},{"taxonomy":"product_cat","embeddable":true,"href":"https:\/\/sachviet.eu\/en\/wp-json\/wp\/v2\/product_cat?post=11401"},{"taxonomy":"product_tag","embeddable":true,"href":"https:\/\/sachviet.eu\/en\/wp-json\/wp\/v2\/product_tag?post=11401"}],"curies":[{"name":"wp","href":"https:\/\/api.w.org\/{rel}","templated":true}]}}