{"id":11397,"date":"2021-06-03T01:56:50","date_gmt":"2021-06-02T22:56:50","guid":{"rendered":"https:\/\/sachviet.eu\/shop\/song-xanh-52-tips-an-sach-uong-lanh-song-ben-vung\/"},"modified":"2021-09-12T22:03:07","modified_gmt":"2021-09-12T19:03:07","slug":"song-xanh-52-tips-an-sach-uong-lanh-song-ben-vung","status":"publish","type":"product","link":"https:\/\/sachviet.eu\/en\/shop\/song-xanh-52-tips-an-sach-uong-lanh-song-ben-vung\/","title":{"rendered":"S\u1ed1ng Xanh &#8211; 52 Tips \u0102n S\u1ea1ch, U\u1ed1ng L\u00e0nh, S\u1ed1ng B\u1ec1n V\u1eefng"},"content":{"rendered":"<p>S\u1ed1ng Xanh \u2013 52 Tips \u0102n S\u1ea1ch, U\u1ed1ng L\u00e0nh, S\u1ed1ng B\u1ec1n V\u1eefng<\/p>\n<p>S\u1ed1ng xanh kh\u00f4ng ph\u1ea3i l\u00e0 m\u1ed9t nhi\u1ec7m v\u1ee5 \u201cb\u1ea5t kh\u1ea3 thi\u201d, ng\u01b0\u1ee3c l\u1ea1i, n\u00f3 l\u00e0 m\u1ed9t h\u00e0nh tr\u00ecnh \u0111\u1ec3 b\u1ea1n c\u1ea3m nh\u1eadn s\u1ef1 tuy\u1ec7t di\u1ec7u c\u1ee7a thi\u00ean nhi\u00ean v\u00e0 t\u1eadn h\u01b0\u1edfng ni\u1ec1m vui khi b\u1ea1n c\u00f3 th\u1ec3 \u0111\u00f3ng g\u00f3p m\u1ed9t c\u00e1ch h\u1eefu h\u00ecnh c\u00f4ng s\u1ee9c c\u1ee7a m\u00ecnh trong n\u1ed7 l\u1ef1c c\u1ea3 th\u1ebf gi\u1edbi \u201ct\u00f4 l\u1ea1i\u201d m\u00e0u xanh cho th\u1ebf h\u1ec7 sau.<\/p>\n<p>V\u1edbi 52 tips, S\u1ed1ng xanh s\u1ebd gi\u00fap b\u1ea1n t\u1eebng b\u01b0\u1edbc h\u00ecnh th\u00e0nh m\u1ed9t l\u1ed1i s\u1ed1ng b\u1ec1n v\u1eefng: t\u1eeb th\u00f3i quen d\u1ecdn d\u1eb9p nh\u00e0 c\u1eeda, mua s\u1eafm th\u1ef1c ph\u1ea9m, l\u1ef1a ch\u1ecdn th\u1eddi trang \u2013 cho \u0111\u1ebfn nh\u1eefng m\u1eb9o nh\u1ecf DIY v\u1edbi c\u00e1c s\u1ea3n ph\u1ea9m l\u00e0m s\u1ea1ch th\u00e2n thi\u1ec7n v\u1edbi m\u00f4i tr\u01b0\u1eddng, l\u00e0m \u0111\u1eb9p t\u1ef1 nhi\u00ean \u0111\u1ec3 b\u1ea1n c\u00f3 l\u00e0 ai, b\u1ea1n v\u1eabn ho\u00e0n to\u00e0n c\u00f3 th\u1ec3 l\u00e0m \u0111\u01b0\u1ee3c m\u1ed9t c\u00e1ch d\u1ec5 d\u00e0ng.<\/p>\n<p>D\u00f9 ch\u00fang ta s\u1ed1ng nh\u1eefng cu\u1ed9c \u0111\u1eddi kh\u00e1c nhau, ch\u00fang ta \u0111\u1ec1u c\u00f3 th\u1ec3 l\u00e0m cho h\u00e0nh tinh n\u00e0y t\u1ed1t \u0111\u1eb9p h\u01a1n, b\u1eaft \u0111\u1ea7u ch\u1ec9 t\u1eeb th\u00f3i quen c\u1ee7a ch\u00ednh m\u00ecnh.<\/p>\n<p>H\u00c3Y S\u1ed0NG \u0110\u01a0N GI\u1ea2N. H\u00c3Y S\u1ed0NG XANH.<\/p>\n<p>Jen Chillingsworth l\u00e0 m\u1ed9t nh\u00e0 v\u0103n v\u00e0 nhi\u1ebfp \u1ea3nh gia t\u1ef1 do. Tr\u01b0\u1edbc khi tr\u1edf th\u00e0nh m\u1ed9t ng\u01b0\u1eddi l\u00e0m v\u01b0\u1eddn, c\u00f4 l\u00e0m vi\u1ec7c trong l\u0129nh v\u1ef1c qu\u1ea3n l\u00fd ngh\u1ec7 thu\u1eadt v\u00e0 t\u1eebng vi\u1ebft b\u00e0i, ch\u1ee5p \u1ea3nh h\u1ecda b\u00e1o cho c\u00e1c \u1ea5n ph\u1ea9m \u0111\u00e3 \u0111\u01b0\u1ee3c xu\u1ea5t b\u1ea3n v\u00e0 \u0111\u0103ng t\u1ea3i tr\u00ean t\u1ea1p ch\u00ed The Simple Things v\u00e0 91 Magazine. Blog Little Birdie c\u1ee7a c\u00f4 th\u01b0\u1eddng xuy\u00ean \u0111\u0103ng b\u00e0i v\u1ec1 ch\u1ee7 \u0111\u1ec1 s\u1ed1ng ch\u1eadm v\u00e0 \u0111\u01a1n gi\u1ea3n, \u0103n u\u1ed1ng xanh theo m\u00f9a.<\/p>\n","protected":false},"excerpt":{"rendered":"<p>S\u1ed1ng Xanh \u2013 52 Tips \u0102n S\u1ea1ch, U\u1ed1ng L\u00e0nh, S\u1ed1ng B\u1ec1n V\u1eefng<\/p>\n<p>S\u1ed1ng xanh kh\u00f4ng ph\u1ea3i l\u00e0 m\u1ed9t nhi\u1ec7m v\u1ee5 \u201cb\u1ea5t kh\u1ea3 thi\u201d, ng\u01b0\u1ee3c l\u1ea1i, n\u00f3 l\u00e0 m\u1ed9t h\u00e0nh tr\u00ecnh \u0111\u1ec3 b\u1ea1n c\u1ea3m nh\u1eadn s\u1ef1 tuy\u1ec7t di\u1ec7u c\u1ee7a thi\u00ean nhi\u00ean v\u00e0 t\u1eadn h\u01b0\u1edfng ni\u1ec1m vui khi b\u1ea1n c\u00f3 th\u1ec3 \u0111\u00f3ng g\u00f3p m\u1ed9t c\u00e1ch h\u1eefu h\u00ecnh c\u00f4ng s\u1ee9c c\u1ee7a m\u00ecnh trong n\u1ed7 l\u1ef1c c\u1ea3 th\u1ebf gi\u1edbi \u201ct\u00f4 l\u1ea1i\u201d m\u00e0u xanh cho th\u1ebf h\u1ec7 sau.<\/p>\n<p>V\u1edbi 52 tips, S\u1ed1ng xanh s\u1ebd gi\u00fap b\u1ea1n t\u1eebng b\u01b0\u1edbc h\u00ecnh th\u00e0nh m\u1ed9t l\u1ed1i s\u1ed1ng b\u1ec1n v\u1eefng: t\u1eeb th\u00f3i quen d\u1ecdn d\u1eb9p nh\u00e0 c\u1eeda, mua s\u1eafm th\u1ef1c ph\u1ea9m, l\u1ef1a ch\u1ecdn th\u1eddi trang \u2013 cho \u0111\u1ebfn nh\u1eefng m\u1eb9o nh\u1ecf DIY v\u1edbi c\u00e1c s\u1ea3n ph\u1ea9m l\u00e0m s\u1ea1ch th\u00e2n thi\u1ec7n v\u1edbi m\u00f4i tr\u01b0\u1eddng, l\u00e0m \u0111\u1eb9p t\u1ef1 nhi\u00ean \u0111\u1ec3 b\u1ea1n c\u00f3 l\u00e0 ai, b\u1ea1n v\u1eabn ho\u00e0n to\u00e0n c\u00f3 th\u1ec3 l\u00e0m \u0111\u01b0\u1ee3c m\u1ed9t c\u00e1ch d\u1ec5 d\u00e0ng.<\/p>\n<p>D\u00f9 ch\u00fang ta s\u1ed1ng nh\u1eefng cu\u1ed9c \u0111\u1eddi kh\u00e1c nhau, ch\u00fang ta \u0111\u1ec1u c\u00f3 th\u1ec3 l\u00e0m cho h\u00e0nh tinh n\u00e0y t\u1ed1t \u0111\u1eb9p h\u01a1n, b\u1eaft \u0111\u1ea7u ch\u1ec9 t\u1eeb th\u00f3i quen c\u1ee7a ch\u00ednh m\u00ecnh.<\/p>\n<p>H\u00c3Y S\u1ed0NG \u0110\u01a0N GI\u1ea2N. H\u00c3Y S\u1ed0NG XANH.<\/p>\n<p>Jen Chillingsworth l\u00e0 m\u1ed9t nh\u00e0 v\u0103n v\u00e0 nhi\u1ebfp \u1ea3nh gia t\u1ef1 do. Tr\u01b0\u1edbc khi tr\u1edf th\u00e0nh m\u1ed9t ng\u01b0\u1eddi l\u00e0m v\u01b0\u1eddn, c\u00f4 l\u00e0m vi\u1ec7c trong l\u0129nh v\u1ef1c qu\u1ea3n l\u00fd ngh\u1ec7 thu\u1eadt v\u00e0 t\u1eebng vi\u1ebft b\u00e0i, ch\u1ee5p \u1ea3nh h\u1ecda b\u00e1o cho c\u00e1c \u1ea5n ph\u1ea9m \u0111\u00e3 \u0111\u01b0\u1ee3c xu\u1ea5t b\u1ea3n v\u00e0 \u0111\u0103ng t\u1ea3i tr\u00ean t\u1ea1p ch\u00ed The Simple Things v\u00e0 91 Magazine. Blog Little Birdie c\u1ee7a c\u00f4 th\u01b0\u1eddng xuy\u00ean \u0111\u0103ng b\u00e0i v\u1ec1 ch\u1ee7 \u0111\u1ec1 s\u1ed1ng ch\u1eadm v\u00e0 \u0111\u01a1n gi\u1ea3n, \u0103n u\u1ed1ng xanh theo m\u00f9a.<\/p>\n","protected":false},"featured_media":11394,"template":"","meta":{"_acf_changed":false},"product_brand":[],"product_cat":[15,46],"product_tag":[],"class_list":{"0":"post-11397","1":"product","2":"type-product","3":"status-publish","4":"has-post-thumbnail","6":"product_cat-sach-danh-cho-nguoi-lon","7":"product_cat-ky-nang-song","9":"first","10":"outofstock","11":"taxable","12":"shipping-taxable","13":"purchasable","14":"product-type-simple"},"supplier_id":null,"supplier_sku":"","barcode":null,"atum_controlled":true,"out_stock_date":"2021-09-12 19:03:07","out_stock_threshold":null,"inheritable":false,"inbound_stock":0,"stock_on_hold":0,"sold_today":0,"sales_last_days":0,"reserved_stock":0,"customer_returns":0,"warehouse_damage":0,"lost_in_post":0,"other_logs":0,"out_stock_days":1599,"lost_sales":0,"has_location":false,"update_date":"2026-01-28T23:10:49","atum_locations":[],"atum_stock_status":"outofstock","restock_status":false,"low_stock_amount":"","sales_update_date":"2026-01-28T23:10:49","calc_backorders":null,"acf":{"publisher":{"ID":1456,"post_author":"1","post_date":"2021-02-17 01:12:21","post_date_gmt":"2021-02-16 23:12:21","post_content":"<!-- wp:flatsome\/uxbuilder -->\n<h1 style=\"text-align: center;\"><strong>Bloom Books<\/strong><\/h1>\n[row]\n\n[col span=\"2\" span__sm=\"12\"]\n\n[ux_image id=\"1691\" image_size=\"medium\"]\n\n\n[\/col]\n[col span=\"10\" span__sm=\"12\"]\n\n<p>Bloom Books - Th\u01b0\u01a1ng hi\u1ec7u s\u00e1ch Truy\u1ec1n c\u1ea3m h\u1ee9ng \u0111\u1ea7u ti\u00ean d\u00e0nh cho gi\u1edbi tr\u1ebb Vi\u1ec7t, \u0111\u01b0\u1ee3c th\u00e0nh l\u1eadp t\u1eeb th\u00e1ng 5\/2015.<br \/>\"Khi ngh\u0129 \u0111\u1ebfn m\u1ed9t t\u1eeb \u0111\u1ec3 \u0111\u1eb7t t\u00ean cho th\u01b0\u01a1ng hi\u1ec7u, t\u00f4i \u0111\u00e3 r\u1ea5t ph\u00e2n v\u00e2n. T\u00f4i mu\u1ed1n n\u00f3 l\u00e0 m\u1ed9t \u0111i\u1ec1u g\u00ec \u0111\u00f3 xinh \u0111\u1eb9p, nh\u01b0 m\u1ed9t \u0111\u00f3a hoa, nh\u01b0 m\u00f9a xu\u00e2n v\u00e0 tr\u00e0n \u0111\u1ea7y c\u1ea3m h\u1ee9ng.<br \/>C\u00e1i t\u00ean Bloom Books ra \u0111\u1eddi gi\u1ea3n \u0111\u01a1n nh\u01b0 th\u1ebf. Bloom - l\u00e0 m\u1ed9t \u0111\u00f3a hoa \u0111ang n\u1edf r\u1ed9, v\u00e0 c\u0169ng nh\u01b0 m\u1ed9t n\u1ee5 c\u01b0\u1eddi. T\u00f4i th\u1eadt mong nh\u1eefng cu\u1ed1n s\u00e1ch c\u1ee7a Bloom Books s\u1ebd m\u00e3i mang \u0111\u1ebfn ni\u1ec1m vui, s\u1ef1 t\u01b0\u01a1i m\u1edbi v\u00e0 h\u1ee9ng kh\u1edfi D\u00c1M \u0111\u1ed5i thay cho b\u1ea5t c\u1ee9 ai \u0111\u1ecdc n\u00f3.\"<\/p>\n\n[\/col]\n\n[\/row]\n\n<!-- \/wp:flatsome\/uxbuilder -->","post_title":"Bloom Books","post_excerpt":"","post_status":"publish","comment_status":"closed","ping_status":"closed","post_password":"","post_name":"bloom-books","to_ping":"","pinged":"","post_modified":"2021-02-17 01:42:43","post_modified_gmt":"2021-02-16 23:42:43","post_content_filtered":"","post_parent":0,"guid":"https:\/\/sachviet.eu\/nha-phat-hanh\/bloom-books\/","menu_order":0,"post_type":"publisher","post_mime_type":"","comment_count":"0","filter":"raw"}},"_links":{"self":[{"href":"https:\/\/sachviet.eu\/en\/wp-json\/wp\/v2\/product\/11397","targetHints":{"allow":["GET"]}}],"collection":[{"href":"https:\/\/sachviet.eu\/en\/wp-json\/wp\/v2\/product"}],"about":[{"href":"https:\/\/sachviet.eu\/en\/wp-json\/wp\/v2\/types\/product"}],"wp:featuredmedia":[{"embeddable":true,"href":"https:\/\/sachviet.eu\/en\/wp-json\/wp\/v2\/media\/11394"}],"wp:attachment":[{"href":"https:\/\/sachviet.eu\/en\/wp-json\/wp\/v2\/media?parent=11397"}],"wp:term":[{"taxonomy":"product_brand","embeddable":true,"href":"https:\/\/sachviet.eu\/en\/wp-json\/wp\/v2\/product_brand?post=11397"},{"taxonomy":"product_cat","embeddable":true,"href":"https:\/\/sachviet.eu\/en\/wp-json\/wp\/v2\/product_cat?post=11397"},{"taxonomy":"product_tag","embeddable":true,"href":"https:\/\/sachviet.eu\/en\/wp-json\/wp\/v2\/product_tag?post=11397"}],"curies":[{"name":"wp","href":"https:\/\/api.w.org\/{rel}","templated":true}]}}