{"id":11393,"date":"2021-06-03T01:56:38","date_gmt":"2021-06-02T22:56:38","guid":{"rendered":"https:\/\/sachviet.eu\/shop\/tuong-lai-ban-muon-la-ai\/"},"modified":"2021-06-06T23:04:19","modified_gmt":"2021-06-06T20:04:19","slug":"tuong-lai-ban-muon-la-ai","status":"publish","type":"product","link":"https:\/\/sachviet.eu\/en\/shop\/tuong-lai-ban-muon-la-ai\/","title":{"rendered":"T\u01b0\u01a1ng lai b\u1ea1n mu\u1ed1n l\u00e0 ai?"},"content":{"rendered":"<p>MOTIVATE YOURSELF &#8211; T\u01af\u01a0NG LAI B\u1ea0N MU\u1ed0N L\u00c0 AI?<\/p>\n<p>\u201cB\u1ea1n th\u1ea5y th\u1ebf n\u00e0o n\u1ebfu h\u00f4m nay l\u00e0 ng\u00e0y cu\u1ed1i c\u00f9ng c\u1ee7a cu\u1ed9c \u0111\u1eddi?\u201d N\u1ebfu th\u1ef1c s\u1ef1 mu\u1ed1n tr\u1ea3 l\u1eddi r\u1eb1ng m\u00ecnh \u201cm\u00e3n nguy\u1ec7n, h\u1ea1nh ph\u00fac v\u00e0 h\u00e0i l\u00f2ng\u201d, h\u00e3y \u0111\u1ecdc cu\u1ed1n s\u00e1ch n\u00e0y!<\/p>\n<p>V\u1edbi c\u00e1ch di\u1ec5n \u0111\u1ea1t g\u00e3y g\u1ecdn, c\u1ee5 th\u1ec3,  v\u00f4 c\u00f9ng th\u1ef1c t\u1ebf v\u00e0 d\u1ec5 \u00e1p d\u1ee5ng, t\u00e1c gi\u1ea3 Andro Donovan \u2013 di\u1ec5n gi\u1ea3, nh\u00e0 t\u01b0 v\u1ea5n h\u00e0ng \u0111\u1ea7u c\u1ee7a c\u00e1c CEO v\u00e0 doanh nh\u00e2n th\u00e0nh \u0111\u1ea1t tr\u00ean th\u1ebf gi\u1edbi &#8211; s\u1ebd gi\u00fap b\u1ea1n:<\/p>\n<p>&#8211; KH\u00c1M PH\u00c1: Nh\u1eadn th\u1ee9c \u0111\u01b0\u1ee3c gi\u00e1 tr\u1ecb c\u1ee7a b\u1ea3n th\u00e2n v\u00e0 t\u00ecm ra m\u1ee5c \u0111\u00edch s\u1ed1ng c\u1ee7a ri\u00eang m\u00ecnh.<\/p>\n<p>&#8211; GI\u1ea2I PH\u00d3NG: T\u00ecm hi\u1ec3u \u0111i\u1ec1u g\u00ec \u0111ang c\u1ea3n tr\u1edf h\u1ea1nh ph\u00fac c\u1ee7a b\u1ea1n v\u00e0 gi\u00e0nh l\u1ea1i quy\u1ec1n ki\u1ec3m so\u00e1t.<\/p>\n<p>&#8211; PH\u00c1T TRI\u1ec2N: B\u1eaft \u0111\u1ea7u h\u00e0nh tr\u00ecnh thi\u1ebft k\u1ebf cu\u1ed9c \u0111\u1eddi b\u1ea1n mong mu\u1ed1n.<\/p>\n<p>B\u1ea1n s\u1ebd t\u00ecm \u0111\u01b0\u1ee3c \u0111\u1ecbnh h\u01b0\u1edbng \u0111\u00fang \u0111\u1eafn \u0111\u1ec3 ph\u00e1t tri\u1ec3n, ho\u00e0n thi\u1ec7n b\u1ea3n th\u00e2n, b\u1eaft \u0111\u1ea7u t\u1ea1o n\u00ean cu\u1ed9c s\u1ed1ng v\u1edbi t\u1ea7m nh\u00ecn r\u1ed9ng m\u1edf, r\u00f5 r\u00e0ng  v\u00e0 tr\u1edf th\u00e0nh m\u1ed9t phi\u00ean b\u1ea3n t\u1ed1t h\u01a1n c\u1ee7a ch\u00ednh b\u1ea1n, b\u1eb1ng c\u00e1ch:<\/p>\n<p>&#8211; \u0110\u00e1nh gi\u00e1 kh\u00e1ch quan b\u1ea3n th\u00e2n c\u1ee7a hi\u1ec7n t\u1ea1i<\/p>\n<p>&#8211; G\u1ea1t b\u1ecf nh\u1eefng thi\u00ean ki\u1ebfn ng\u0103n c\u1ea3n b\u1ea3n th\u00e2n v\u01b0\u01a1n xa<\/p>\n<p>&#8211; Kh\u01a1i g\u1ee3i l\u00ean m\u1ee5c \u0111\u00edch s\u1ed1ng v\u00e0 t\u00ecm ra l\u1ed1i \u0111i cho m\u00ecnh<\/p>\n<p>&#8211; L\u1eadp k\u1ebf ho\u1ea1ch cho t\u01b0\u01a1ng lai, x\u00e1c \u0111\u1ecbnh nh\u1eefng m\u1ee5c ti\u00eau ng\u1eafn h\u1ea1n v\u00e0 m\u1ee5c ti\u00eau l\u00e2u d\u00e0i<\/p>\n<p>&#8211; C\u00e2n b\u1eb1ng gi\u1eefa s\u1edf tr\u01b0\u1eddng v\u00e0 \u201c\u0111am m\u00ea\u201d \u0111\u1ec3 kh\u00f4ng b\u1ecb l\u1ea1c l\u1ed1i, \u00e1p l\u1ef1c<\/p>\n<p>&#8211; T\u1ef1 k\u1ef7 lu\u1eadt b\u1ea3n th\u00e2n \u0111\u1ec3 c\u00f3 k\u1ebft qu\u1ea3 t\u1ed1t nh\u1ea5t<\/p>\n<p>Qua \u0111\u00f3, c\u00e2u h\u1ecfi &#8220;T\u01b0\u01a1ng lai b\u1ea1n mu\u1ed1n l\u00e0 ai?&#8221; c\u0169ng s\u1ebd kh\u00f4ng c\u00f2n m\u01a1 h\u1ed3 v\u00e0 l\u00e0m kh\u00f3 b\u1ea1n n\u1eefa&#8230;<\/p>\n<p>&#8211; T\u01b0\u01a1ng lai b\u1ea1n mu\u1ed1n L\u00c0M NGH\u1ec0 g\u00ec, kh\u00f4ng ph\u1ea3i do gia \u0111\u00ecnh \u0111\u1ecbnh h\u01b0\u1edbng hay ch\u1ea1y theo xu h\u01b0\u1edbng, m\u00e0 \u0111\u00f3 l\u00e0 c\u00e1ch b\u1ea1n s\u1eed d\u1ee5ng K\u1ef8 N\u0102NG<\/p>\n<p>&#8211; T\u01b0\u01a1ng lai b\u1ea1n s\u1ebd G\u1eb6P G\u1ee0 ai, kh\u00f4ng ph\u1ea3i d\u1ef1a v\u00e0o may m\u1eafn hay ng\u1ed3i im ch\u1edd duy\u00ean t\u1edbi, m\u00e0 d\u1ef1a v\u00e0o c\u00e1ch b\u1ea1n x\u00e2y d\u1ef1ng TH\u1ebe GI\u1edaI QUAN<\/p>\n<p>T\u01b0\u01a1ng lai b\u1ea1n mu\u1ed1n S\u1ed0NG nh\u01b0 th\u1ebf n\u00e0o, kh\u00f4ng ph\u1ee5 thu\u1ed9c v\u00e0o ho\u00e0n c\u1ea3nh b\u00ean ngo\u00e0i, m\u00e0 t\u00f9y thu\u1ed9c v\u00e0o chi\u1ec1u s\u00e2u T\u00c2M H\u1ed2N<\/p>\n<p>H\u00e3y nh\u1edb r\u1eb1ng, v\u1ecb tr\u00ed c\u1ee7a b\u1ea1n h\u00f4m nay ch\u1ec9 l\u00e0 v\u1ea1ch xu\u1ea5t ph\u00e1t m\u00e0 th\u00f4i.<\/p>\n<p>T\u01b0\u01a1ng lai b\u1ea1n mu\u1ed1n l\u00e0 ai, b\u1ea1n ph\u1ea3i \u0111i v\u1ec1 ph\u00eda tr\u01b0\u1edbc m\u1edbi c\u00f3 c\u00e2u tr\u1ea3 l\u1eddi.<\/p>\n<p>Hy v\u1ecdng b\u1ea1n c\u1ee7a t\u01b0\u01a1ng lai s\u1ebd h\u00e0i l\u00f2ng v\u1edbi ch\u00ednh m\u00ecnh v\u00e0 c\u1ea3m \u01a1n nh\u1eefng n\u1ed7 l\u1ef1c c\u1ee7a b\u1ea1n trong qu\u00e1 kh\u1ee9.<\/p>\n","protected":false},"excerpt":{"rendered":"<p>\u201cB\u1ea1n th\u1ea5y th\u1ebf n\u00e0o n\u1ebfu h\u00f4m nay l\u00e0 ng\u00e0y cu\u1ed1i c\u00f9ng c\u1ee7a cu\u1ed9c \u0111\u1eddi?\u201d N\u1ebfu th\u1ef1c s\u1ef1 mu\u1ed1n tr\u1ea3 l\u1eddi r\u1eb1ng m\u00ecnh \u201cm\u00e3n nguy\u1ec7n, h\u1ea1nh ph\u00fac v\u00e0 h\u00e0i l\u00f2ng\u201d, h\u00e3y \u0111\u1ecdc cu\u1ed1n s\u00e1ch n\u00e0y!<\/p>\n<p>V\u1edbi c\u00e1ch di\u1ec5n \u0111\u1ea1t g\u00e3y g\u1ecdn, c\u1ee5 th\u1ec3,  v\u00f4 c\u00f9ng th\u1ef1c t\u1ebf v\u00e0 d\u1ec5 \u00e1p d\u1ee5ng, t\u00e1c gi\u1ea3 Andro Donovan \u2013 di\u1ec5n gi\u1ea3, nh\u00e0 t\u01b0 v\u1ea5n h\u00e0ng \u0111\u1ea7u c\u1ee7a c\u00e1c CEO v\u00e0 doanh nh\u00e2n th\u00e0nh \u0111\u1ea1t tr\u00ean th\u1ebf gi\u1edbi &#8211; s\u1ebd gi\u00fap b\u1ea1n:<\/p>\n<p>&#8211; KH\u00c1M PH\u00c1: Nh\u1eadn th\u1ee9c \u0111\u01b0\u1ee3c gi\u00e1 tr\u1ecb c\u1ee7a b\u1ea3n th\u00e2n v\u00e0 t\u00ecm ra m\u1ee5c \u0111\u00edch s\u1ed1ng c\u1ee7a ri\u00eang m\u00ecnh.<\/p>\n<p>&#8211; GI\u1ea2I PH\u00d3NG: T\u00ecm hi\u1ec3u \u0111i\u1ec1u g\u00ec \u0111ang c\u1ea3n tr\u1edf h\u1ea1nh ph\u00fac c\u1ee7a b\u1ea1n v\u00e0 gi\u00e0nh l\u1ea1i quy\u1ec1n ki\u1ec3m so\u00e1t.<\/p>\n<p>&#8211; PH\u00c1T TRI\u1ec2N: B\u1eaft \u0111\u1ea7u h\u00e0nh tr\u00ecnh thi\u1ebft k\u1ebf cu\u1ed9c \u0111\u1eddi b\u1ea1n mong mu\u1ed1n.<\/p>\n","protected":false},"featured_media":11391,"template":"","meta":{"_acf_changed":false},"product_brand":[],"product_cat":[15,46],"product_tag":[],"class_list":{"0":"post-11393","1":"product","2":"type-product","3":"status-publish","4":"has-post-thumbnail","6":"product_cat-sach-danh-cho-nguoi-lon","7":"product_cat-ky-nang-song","9":"first","10":"outofstock","11":"taxable","12":"shipping-taxable","13":"purchasable","14":"product-type-simple"},"supplier_id":null,"supplier_sku":"","barcode":null,"atum_controlled":true,"out_stock_date":"2021-06-06 20:04:19","out_stock_threshold":null,"inheritable":false,"inbound_stock":0,"stock_on_hold":0,"sold_today":0,"sales_last_days":0,"reserved_stock":0,"customer_returns":0,"warehouse_damage":0,"lost_in_post":0,"other_logs":0,"out_stock_days":1697,"lost_sales":0,"has_location":false,"update_date":"2026-01-28T23:10:49","atum_locations":[],"atum_stock_status":"outofstock","restock_status":false,"low_stock_amount":"","sales_update_date":"2026-01-28T23:10:49","calc_backorders":null,"acf":{"publisher":{"ID":1460,"post_author":"1","post_date":"2021-02-17 01:12:24","post_date_gmt":"2021-02-16 23:12:24","post_content":"<!-- wp:flatsome\/uxbuilder -->\n<h1 style=\"text-align: center;\"><strong>Skybooks<\/strong><\/h1>\n[row]\n\n[col span=\"7\" span__sm=\"12\"]\n\n<p>C\u00f4ng ty ph\u00e1t h\u00e0nh s\u00e1ch Skybooks. \"T\u00f4i tr\u1ebb, t\u00f4i \u0111am m\u00ea\" v\u1edbi s\u1ee9 m\u1ec7nh lan to\u1ea3 c\u1ea3m x\u00fac v\u00e0 k\u1ebft n\u1ed1i t\u00e2m h\u1ed3n<\/p>\n<p><strong>Skybooks l\u00e0 c\u00e2u chuy\u1ec7n k\u1ec3 v\u1ec1:<\/strong><br \/>M\u1ed9t th\u1ebf h\u1ec7 ng\u01b0\u1eddi vi\u1ebft tr\u1ebb, \u0111am m\u00ea v\u0103n ch\u01b0\u01a1ng v\u00e0 t\u00f4n tr\u1ecdng, g\u00ecn gi\u1eef, s\u00e1ng t\u1ea1o Ti\u1ebfng Vi\u1ec7t. M\u1ed9t th\u1ebf h\u1ec7 \u0111\u1ed9c gi\u1ea3 tr\u1ebb, \u0111am m\u00ea kh\u00e1m ph\u00e1 ng\u00f4n ng\u1eef v\u00e0 say m\u00ea \u0111\u1ebfn v\u1edbi th\u1ebf gi\u1edbi c\u1ee7a nh\u1eefng quy\u1ec3n s\u00e1ch. M\u1ed9t th\u1ebf h\u1ec7 ng\u01b0\u1eddi l\u00e0m s\u00e1ch tr\u1ebb, \u0111am m\u00ea mang nh\u1eefng gi\u00e1 tr\u1ecb tinh th\u1ea7n l\u1ea1i g\u1ea7n ng\u01b0\u1eddi \u0111\u1ecdc.<br \/>Trong b\u1ed9 nh\u1eadn d\u1ea1ng th\u01b0\u01a1ng hi\u1ec7u:<br \/>Skybooks v\u1edbi ch\u1eef Sky m\u00e0u xanh da tr\u1eddi c\u00f3 \u00fd ngh\u0129a l\u00e0 c\u00f4ng ty B\u1ea7u Tr\u1eddi - n\u01a1i t\u1ea5t c\u1ea3 \u01b0\u1edbc m\u01a1 \u0111\u01b0\u1ee3c t\u1ef1 do tung c\u00e1nh.<br \/>V\u1edbi logo h\u00ecnh hoa b\u1ed3 c\u00f4ng anh \u0111ang bay t\u01b0\u1ee3ng tr\u01b0ng cho s\u1ef1 lan to\u1ea3 c\u1ea3m x\u00fac v\u00e0 kh\u00e1t v\u1ecdng bay cao.<br \/>K\u1ebb v\u1ea1ch logo c\u00f3 n\u1ec1n m\u00e0u ghi x\u00e1m xu\u1ea5t hi\u1ec7n tr\u00ean b\u00eca m\u1ecdi \u1ea5n ph\u1ea9m th\u1ec3 hi\u1ec7n con \u0111\u01b0\u1eddng b\u01b0\u1edbc v\u00e0o th\u1ecb tr\u01b0\u1eddng s\u00e1ch v\u00e0 chinh ph\u1ee5c \u0111\u1ed9c gi\u1ea3 l\u00e0 m\u1ed9t h\u00e0nh tr\u00ecnh d\u00e0i, \u0111\u1ea7y gian kh\u00f3, c\u00f3 nhi\u1ec1u b\u00e3o t\u1ed1, nh\u01b0ng ch\u1ec9 c\u1ea7n n\u1ed7 l\u1ef1c c\u1ed1 g\u1eafng nh\u1ea5t \u0111\u1ecbnh s\u1ebd ngo\u1ea1n m\u1ee5c v\u01b0\u1ee3t qua. \u0110\u1ec3 kh\u1eb3ng \u0111\u1ecbnh v\u00e0 ch\u1ee9ng minh ch\u00ednh m\u00ecnh!<\/p>\n\n[\/col]\n[col span=\"5\" span__sm=\"12\"]\n\n[ux_image id=\"1825\" image_size=\"medium\"]\n\n\n[\/col]\n\n[\/row]\n\n<!-- \/wp:flatsome\/uxbuilder -->","post_title":"Skybooks","post_excerpt":"","post_status":"publish","comment_status":"closed","ping_status":"closed","post_password":"","post_name":"skybooks","to_ping":"","pinged":"","post_modified":"2021-02-17 01:57:31","post_modified_gmt":"2021-02-16 23:57:31","post_content_filtered":"","post_parent":0,"guid":"https:\/\/sachviet.eu\/nha-phat-hanh\/skybooks\/","menu_order":0,"post_type":"publisher","post_mime_type":"","comment_count":"0","filter":"raw"}},"_links":{"self":[{"href":"https:\/\/sachviet.eu\/en\/wp-json\/wp\/v2\/product\/11393","targetHints":{"allow":["GET"]}}],"collection":[{"href":"https:\/\/sachviet.eu\/en\/wp-json\/wp\/v2\/product"}],"about":[{"href":"https:\/\/sachviet.eu\/en\/wp-json\/wp\/v2\/types\/product"}],"wp:featuredmedia":[{"embeddable":true,"href":"https:\/\/sachviet.eu\/en\/wp-json\/wp\/v2\/media\/11391"}],"wp:attachment":[{"href":"https:\/\/sachviet.eu\/en\/wp-json\/wp\/v2\/media?parent=11393"}],"wp:term":[{"taxonomy":"product_brand","embeddable":true,"href":"https:\/\/sachviet.eu\/en\/wp-json\/wp\/v2\/product_brand?post=11393"},{"taxonomy":"product_cat","embeddable":true,"href":"https:\/\/sachviet.eu\/en\/wp-json\/wp\/v2\/product_cat?post=11393"},{"taxonomy":"product_tag","embeddable":true,"href":"https:\/\/sachviet.eu\/en\/wp-json\/wp\/v2\/product_tag?post=11393"}],"curies":[{"name":"wp","href":"https:\/\/api.w.org\/{rel}","templated":true}]}}