{"id":11390,"date":"2021-06-03T01:56:27","date_gmt":"2021-06-02T22:56:27","guid":{"rendered":"https:\/\/sachviet.eu\/shop\/thuong\/"},"modified":"2021-09-07T14:28:14","modified_gmt":"2021-09-07T11:28:14","slug":"thuong","status":"publish","type":"product","link":"https:\/\/sachviet.eu\/en\/shop\/thuong\/","title":{"rendered":"Th\u01b0\u01a1ng"},"content":{"rendered":"<p>&#8220;Em n\u00f3i em t\u1eeb b\u1ecf<\/p>\n<p>Sao em l\u1ea1i \u0111au l\u00f2ng?<\/p>\n<p>Em n\u00f3i em t\u1eeb b\u1ecf<\/p>\n<p>Sao em c\u00f2n tr\u00f4ng mong?&#8221;<\/p>\n<p>\u0110\u01b0\u1ee3c vi\u1ebft b\u1edfi c\u00e1c t\u00e1c gi\u1ea3 \u0111\u1ebfn t\u1eeb Group Th\u00eca \u0110\u1ea7y Th\u01a1 &#8211; n\u01a1i h\u1ed9i t\u1ee5 th\u1ebf h\u1ec7 tr\u1ebb y\u00eau th\u01a1 v\u00e0 l\u00e0m th\u01a1, &#8220;Th\u01b0\u01a1ng&#8221; l\u00e0 m\u1ed9t t\u1eadp th\u01a1 r\u1ea5t t\u00ecnh, ng\u1eabu h\u1ee9ng, v\u00e0 \u0111\u1ea7y s\u00e1ng t\u1ea1o. \u1ede \u201cTh\u01b0\u01a1ng \u201d kh\u00f4ng c\u00f3 b\u00f3ng d\u00e1ng c\u1ee7a m\u1ed9t nh\u00e2n v\u1eadt nh\u1ea5t \u0111\u1ecbnh, nh\u01b0ng mang l\u1ea1i cho ng\u01b0\u1eddi \u0111\u1ecdc \u0111\u1ea7y \u0111\u1ee7 t\u1ea5t c\u1ea3 c\u1ea3m x\u00fac v\u1ec1 t\u00ecnh y\u00eau, tu\u1ed5i tr\u1ebb v\u00e0 cu\u1ed9c \u0111\u1eddi.<\/p>\n<p>Th\u1ef1c s\u1ef1 kh\u00f4ng kh\u00f3 \u0111\u1ec3 t\u00ecm \u0111\u01b0\u1ee3c s\u1ef1 \u0111\u1ed3ng \u0111i\u1ec7u t\u00e2m h\u1ed3n v\u1edbi nh\u1eefng d\u00f2ng th\u01a1 \u1ea5y. S\u1ef1 \u0111\u1ed3ng c\u1ea3m trong giai \u0111i\u1ec7u m\u00e0 \u201cTh\u01b0\u01a1ng\u201d ph\u1ee7 l\u00ean \u0111\u00f4i m\u00f4i c\u1ee7a \u0111\u1ed9c gi\u1ea3 c\u00f3 ch\u00fat nh\u1eb9 nh\u00e0ng, b\u00e2ng qu\u01a1, g\u1ea7n g\u0169i, d\u1ec5 \u0111\u1ecdc, d\u1ec5 \u0111\u00e1nh th\u1ee9c s\u1ef1 l\u00e3ng m\u1ea1n c\u00f9ng nh\u1eefng t\u00e2m t\u01b0 ch\u01b0a t\u1eebng t\u1ecf b\u00e0y c\u00f9ng ai. \u0110\u00f3 l\u00e0 th\u1ee9 th\u01a1 ph\u00f3ng kho\u00e1ng, tr\u1ebb trung \u0111\u1ea7y s\u1ee9c s\u1ed1ng, \u0111\u00f4i khi da di\u1ebft, \u0111\u00f4i khi l\u1eedng l\u01a1, ph\u1ea3ng ph\u1ea5t \u0111\u1ee7 lo\u1ea1i th\u0103ng tr\u1ea7m \u0111\u01b0\u1ee3c bi\u1ec3u \u0111\u1ea1t theo m\u1ed9t c\u00e1ch h\u1ebft s\u1ee9c d\u1ec5 ch\u1ecbu. B\u1ea1n h\u1eb3n s\u1ebd th\u1ea5y ch\u00ednh m\u00ecnh trong \u0111\u00f3. \u0110\u00f3 l\u00e0 nh\u1eefng \u1ea5m \u00e1p len l\u1ecfi c\u1ee7a t\u00ecnh c\u1ea3m gia \u0111\u00ecnh, l\u00e0 ng\u1ecdt ng\u00e0o h\u1ea1nh ph\u00fac c\u1ee7a t\u00ecnh y\u00eau, l\u00e0 nh\u1eefng ph\u00fat gi\u00e2y ch\u1eadm l\u1ea1i \u0111\u1ec3 s\u1ed1ng. L\u00e0 nh\u1edb th\u01b0\u01a1ng ch\u1edd \u0111\u1ee3i, l\u00e0 gi\u1eadn h\u1eddn vu v\u01a1, l\u00e0 lo s\u1ee3 \u0111\u01b0\u1ee3c m\u1ea5t v\u00e0 c\u1ea3 nh\u1eefng t\u1ed5n th\u01b0\u01a1ng, nh\u1eefng l\u1ea7n t\u1ef1 ch\u1eefa l\u00e0nh.<\/p>\n<p>M\u00e0u s\u1eafc \u0111\u1eb7c bi\u1ec7t trong \u201cTh\u01b0\u01a1ng\u201d n\u1eb1m \u1edf s\u1ef1 th\u00e0nh th\u1eadt nh\u01b0ng mang \u0111\u1eadm ch\u1ea5t m\u01a1 m\u1ed9ng r\u1ea5t \u0111\u1eb7c tr\u01b0ng c\u1ee7a th\u01a1. Nh\u1eefng g\u00f3c nh\u00ecn v\u1ec1 cu\u1ed9c s\u1ed1ng, v\u1ec1 quan h\u1ec7 b\u1ea1n b\u00e8, v\u1edbi x\u00e3 h\u1ed9i v\u00e0 v\u1ebb \u0111\u1eb9p t\u00ecnh y\u00eau \u0111\u1ec1u \u0111\u01b0\u1ee3c ph\u01a1i b\u00e0y h\u1ebft s\u1ef1 gi\u1ea3n \u0111\u01a1n, \u0111\u1eddi th\u01b0\u1eddng:<\/p>\n<p>\u201cBa gi\u1edd m\u1eb9 v\u1eabn d\u1eady<\/p>\n<p>M\u1eb7c gi\u00e1 r\u00e9t m\u00f9a \u0111\u00f4ng<\/p>\n<p>V\u00ec t\u00ecnh m\u1eb9 \u1ea5m \u00e1p<\/p>\n<p>C\u00f2n h\u01a1n b\u1ebfp l\u1eeda h\u1ed3ng.\u201d<\/p>\n<p>Kh\u00f4ng g\u00f2 b\u00f3 v\u1ec1 ph\u01b0\u01a1ng th\u1ee9c di\u1ec5n \u0111\u1ea1t, \u0111a d\u1ea1ng v\u1ec1 th\u1ec3 lo\u1ea1i, ch\u1ea5t l\u01b0\u1ee3ng v\u1ec1 n\u1ed9i dung, c\u00f9ng s\u1ef1 linh ho\u1ea1t tr\u1ebb trung, nh\u01b0ng c\u0169ng r\u1ea5t l\u1eafng \u0111\u1ecdng v\u00e0 ngh\u1ec7 thu\u1eadt, \u201cTh\u01b0\u01a1ng\u201d ch\u1eafc ch\u1eafn s\u1ebd \u0111em l\u1ea1i cho b\u1ea1n nh\u1eefng rung c\u1ea3m \u0111\u1eb9p \u0111\u1ebd v\u00e0 nhi\u1ec1u b\u1ea5t ng\u1edd v\u1ec3 m\u1ed9t th\u1ebf h\u1ec7 tr\u1ebb l\u00e0m th\u01a1 . M\u1ed9t th\u1ebf h\u1ec7 v\u1eabn lu\u00f4n t\u00ecm c\u00e1ch gi\u1eef g\u00ecn v\u00e0 ph\u00e1t huy s\u1ef1 di\u1ec7u k\u1ef3 c\u1ee7a ti\u1ebfng Vi\u1ec7t.<\/p>\n<p>D\u00f9 l\u00e0 \u0111\u1ecdc \u0111\u1ec3 th\u01b0\u1edfng th\u1ee9c, hay \u0111\u1ecdc \u0111\u1ec3 t\u00ecm s\u1ef1 \u1ee7i an. G\u1ea5p l\u1ea1i \u201cTh\u01b0\u01a1ng\u201d, mong r\u1eb1ng nh\u1eefng \u201cth\u01b0\u01a1ng \u0111au\u201d n\u1ebfu c\u00f3 trong l\u00f2ng b\u1ea1n c\u0169ng t\u1edbi ng\u00e0y \u0111\u01b0\u1ee3c xoa d\u1ecbu v\u00e0 h\u01a1n c\u1ea3 l\u00e0 \u0111\u1ec3 \u201cth\u01b0\u01a1ng y\u00eau\u201d, th\u00eam m\u1ed9t l\u1ea7n n\u1eefa \u0111\u1ea7y trong tim!<\/p>\n<p>\u0110\u00e2y s\u1ebd m\u00f3n qu\u00e0 v\u1ed7 v\u1ec1 tr\u00e1i tim b\u1ea1n sau nh\u1eefng gi\u00f4ng b\u00e3o cu\u1ed9c \u0111\u1eddi, \u0111\u01b0a b\u1ea1n tr\u1edf v\u1ec1 nh\u1eefng ng\u00e0y th\u00e1ng ni\u00ean thi\u1ebfu t\u01b0\u01a1i \u0111\u1eb9p.<\/p>\n","protected":false},"excerpt":{"rendered":"<p>\u0110\u01b0\u1ee3c vi\u1ebft b\u1edfi c\u00e1c t\u00e1c gi\u1ea3 \u0111\u1ebfn t\u1eeb Group Th\u00eca \u0110\u1ea7y Th\u01a1 &#8211; n\u01a1i h\u1ed9i t\u1ee5 th\u1ebf h\u1ec7 tr\u1ebb y\u00eau th\u01a1 v\u00e0 l\u00e0m th\u01a1, &#8220;Th\u01b0\u01a1ng&#8221; l\u00e0 m\u1ed9t t\u1eadp th\u01a1 r\u1ea5t t\u00ecnh, ng\u1eabu h\u1ee9ng, v\u00e0 \u0111\u1ea7y s\u00e1ng t\u1ea1o. \u1ede \u201cTh\u01b0\u01a1ng \u201d kh\u00f4ng c\u00f3 b\u00f3ng d\u00e1ng c\u1ee7a m\u1ed9t nh\u00e2n v\u1eadt nh\u1ea5t \u0111\u1ecbnh, nh\u01b0ng mang l\u1ea1i cho ng\u01b0\u1eddi \u0111\u1ecdc \u0111\u1ea7y \u0111\u1ee7 t\u1ea5t c\u1ea3 c\u1ea3m x\u00fac v\u1ec1 t\u00ecnh y\u00eau, tu\u1ed5i tr\u1ebb v\u00e0 cu\u1ed9c \u0111\u1eddi.<\/p>\n<p>Th\u1ef1c s\u1ef1 kh\u00f4ng kh\u00f3 \u0111\u1ec3 t\u00ecm \u0111\u01b0\u1ee3c s\u1ef1 \u0111\u1ed3ng \u0111i\u1ec7u t\u00e2m h\u1ed3n v\u1edbi nh\u1eefng d\u00f2ng th\u01a1 \u1ea5y. S\u1ef1 \u0111\u1ed3ng c\u1ea3m trong giai \u0111i\u1ec7u m\u00e0 \u201cTh\u01b0\u01a1ng\u201d ph\u1ee7 l\u00ean \u0111\u00f4i m\u00f4i c\u1ee7a \u0111\u1ed9c gi\u1ea3 c\u00f3 ch\u00fat nh\u1eb9 nh\u00e0ng, b\u00e2ng qu\u01a1, g\u1ea7n g\u0169i, d\u1ec5 \u0111\u1ecdc, d\u1ec5 \u0111\u00e1nh th\u1ee9c s\u1ef1 l\u00e3ng m\u1ea1n c\u00f9ng nh\u1eefng t\u00e2m t\u01b0 ch\u01b0a t\u1eebng t\u1ecf b\u00e0y c\u00f9ng ai. \u0110\u00f3 l\u00e0 th\u1ee9 th\u01a1 ph\u00f3ng kho\u00e1ng, tr\u1ebb trung \u0111\u1ea7y s\u1ee9c s\u1ed1ng, \u0111\u00f4i khi da di\u1ebft, \u0111\u00f4i khi l\u1eedng l\u01a1, ph\u1ea3ng ph\u1ea5t \u0111\u1ee7 lo\u1ea1i th\u0103ng tr\u1ea7m \u0111\u01b0\u1ee3c bi\u1ec3u \u0111\u1ea1t theo m\u1ed9t c\u00e1ch h\u1ebft s\u1ee9c d\u1ec5 ch\u1ecbu. B\u1ea1n h\u1eb3n s\u1ebd th\u1ea5y ch\u00ednh m\u00ecnh trong \u0111\u00f3. \u0110\u00f3 l\u00e0 nh\u1eefng \u1ea5m \u00e1p len l\u1ecfi c\u1ee7a t\u00ecnh c\u1ea3m gia \u0111\u00ecnh, l\u00e0 ng\u1ecdt ng\u00e0o h\u1ea1nh ph\u00fac c\u1ee7a t\u00ecnh y\u00eau, l\u00e0 nh\u1eefng ph\u00fat gi\u00e2y ch\u1eadm l\u1ea1i \u0111\u1ec3 s\u1ed1ng. L\u00e0 nh\u1edb th\u01b0\u01a1ng ch\u1edd \u0111\u1ee3i, l\u00e0 gi\u1eadn h\u1eddn vu v\u01a1, l\u00e0 lo s\u1ee3 \u0111\u01b0\u1ee3c m\u1ea5t v\u00e0 c\u1ea3 nh\u1eefng t\u1ed5n th\u01b0\u01a1ng, nh\u1eefng l\u1ea7n t\u1ef1 ch\u1eefa l\u00e0nh.<\/p>\n<p>M\u00e0u s\u1eafc \u0111\u1eb7c bi\u1ec7t trong \u201cTh\u01b0\u01a1ng\u201d n\u1eb1m \u1edf s\u1ef1 th\u00e0nh th\u1eadt nh\u01b0ng mang \u0111\u1eadm ch\u1ea5t m\u01a1 m\u1ed9ng r\u1ea5t \u0111\u1eb7c tr\u01b0ng c\u1ee7a th\u01a1. Nh\u1eefng g\u00f3c nh\u00ecn v\u1ec1 cu\u1ed9c s\u1ed1ng, v\u1ec1 quan h\u1ec7 b\u1ea1n b\u00e8, v\u1edbi x\u00e3 h\u1ed9i v\u00e0 v\u1ebb \u0111\u1eb9p t\u00ecnh y\u00eau \u0111\u1ec1u \u0111\u01b0\u1ee3c ph\u01a1i b\u00e0y h\u1ebft s\u1ef1 gi\u1ea3n \u0111\u01a1n, \u0111\u1eddi th\u01b0\u1eddng:<\/p>\n","protected":false},"featured_media":11385,"template":"","meta":{"_acf_changed":false},"product_brand":[],"product_cat":[15,47],"product_tag":[],"class_list":{"0":"post-11390","1":"product","2":"type-product","3":"status-publish","4":"has-post-thumbnail","6":"product_cat-sach-danh-cho-nguoi-lon","7":"product_cat-truyen-ngan-tan-van","9":"first","10":"outofstock","11":"taxable","12":"shipping-taxable","13":"purchasable","14":"product-type-simple"},"supplier_id":null,"supplier_sku":"","barcode":null,"atum_controlled":true,"out_stock_date":"2021-09-07 11:28:14","out_stock_threshold":null,"inheritable":false,"inbound_stock":0,"stock_on_hold":0,"sold_today":0,"sales_last_days":0,"reserved_stock":0,"customer_returns":0,"warehouse_damage":0,"lost_in_post":0,"other_logs":0,"out_stock_days":1604,"lost_sales":0,"has_location":false,"update_date":"2026-01-28T23:10:49","atum_locations":[],"atum_stock_status":"outofstock","restock_status":false,"low_stock_amount":"","sales_update_date":"2026-01-28T23:10:49","calc_backorders":null,"acf":{"publisher":{"ID":1460,"post_author":"1","post_date":"2021-02-17 01:12:24","post_date_gmt":"2021-02-16 23:12:24","post_content":"<!-- wp:flatsome\/uxbuilder -->\n<h1 style=\"text-align: center;\"><strong>Skybooks<\/strong><\/h1>\n[row]\n\n[col span=\"7\" span__sm=\"12\"]\n\n<p>C\u00f4ng ty ph\u00e1t h\u00e0nh s\u00e1ch Skybooks. \"T\u00f4i tr\u1ebb, t\u00f4i \u0111am m\u00ea\" v\u1edbi s\u1ee9 m\u1ec7nh lan to\u1ea3 c\u1ea3m x\u00fac v\u00e0 k\u1ebft n\u1ed1i t\u00e2m h\u1ed3n<\/p>\n<p><strong>Skybooks l\u00e0 c\u00e2u chuy\u1ec7n k\u1ec3 v\u1ec1:<\/strong><br \/>M\u1ed9t th\u1ebf h\u1ec7 ng\u01b0\u1eddi vi\u1ebft tr\u1ebb, \u0111am m\u00ea v\u0103n ch\u01b0\u01a1ng v\u00e0 t\u00f4n tr\u1ecdng, g\u00ecn gi\u1eef, s\u00e1ng t\u1ea1o Ti\u1ebfng Vi\u1ec7t. M\u1ed9t th\u1ebf h\u1ec7 \u0111\u1ed9c gi\u1ea3 tr\u1ebb, \u0111am m\u00ea kh\u00e1m ph\u00e1 ng\u00f4n ng\u1eef v\u00e0 say m\u00ea \u0111\u1ebfn v\u1edbi th\u1ebf gi\u1edbi c\u1ee7a nh\u1eefng quy\u1ec3n s\u00e1ch. M\u1ed9t th\u1ebf h\u1ec7 ng\u01b0\u1eddi l\u00e0m s\u00e1ch tr\u1ebb, \u0111am m\u00ea mang nh\u1eefng gi\u00e1 tr\u1ecb tinh th\u1ea7n l\u1ea1i g\u1ea7n ng\u01b0\u1eddi \u0111\u1ecdc.<br \/>Trong b\u1ed9 nh\u1eadn d\u1ea1ng th\u01b0\u01a1ng hi\u1ec7u:<br \/>Skybooks v\u1edbi ch\u1eef Sky m\u00e0u xanh da tr\u1eddi c\u00f3 \u00fd ngh\u0129a l\u00e0 c\u00f4ng ty B\u1ea7u Tr\u1eddi - n\u01a1i t\u1ea5t c\u1ea3 \u01b0\u1edbc m\u01a1 \u0111\u01b0\u1ee3c t\u1ef1 do tung c\u00e1nh.<br \/>V\u1edbi logo h\u00ecnh hoa b\u1ed3 c\u00f4ng anh \u0111ang bay t\u01b0\u1ee3ng tr\u01b0ng cho s\u1ef1 lan to\u1ea3 c\u1ea3m x\u00fac v\u00e0 kh\u00e1t v\u1ecdng bay cao.<br \/>K\u1ebb v\u1ea1ch logo c\u00f3 n\u1ec1n m\u00e0u ghi x\u00e1m xu\u1ea5t hi\u1ec7n tr\u00ean b\u00eca m\u1ecdi \u1ea5n ph\u1ea9m th\u1ec3 hi\u1ec7n con \u0111\u01b0\u1eddng b\u01b0\u1edbc v\u00e0o th\u1ecb tr\u01b0\u1eddng s\u00e1ch v\u00e0 chinh ph\u1ee5c \u0111\u1ed9c gi\u1ea3 l\u00e0 m\u1ed9t h\u00e0nh tr\u00ecnh d\u00e0i, \u0111\u1ea7y gian kh\u00f3, c\u00f3 nhi\u1ec1u b\u00e3o t\u1ed1, nh\u01b0ng ch\u1ec9 c\u1ea7n n\u1ed7 l\u1ef1c c\u1ed1 g\u1eafng nh\u1ea5t \u0111\u1ecbnh s\u1ebd ngo\u1ea1n m\u1ee5c v\u01b0\u1ee3t qua. \u0110\u1ec3 kh\u1eb3ng \u0111\u1ecbnh v\u00e0 ch\u1ee9ng minh ch\u00ednh m\u00ecnh!<\/p>\n\n[\/col]\n[col span=\"5\" span__sm=\"12\"]\n\n[ux_image id=\"1825\" image_size=\"medium\"]\n\n\n[\/col]\n\n[\/row]\n\n<!-- \/wp:flatsome\/uxbuilder -->","post_title":"Skybooks","post_excerpt":"","post_status":"publish","comment_status":"closed","ping_status":"closed","post_password":"","post_name":"skybooks","to_ping":"","pinged":"","post_modified":"2021-02-17 01:57:31","post_modified_gmt":"2021-02-16 23:57:31","post_content_filtered":"","post_parent":0,"guid":"https:\/\/sachviet.eu\/nha-phat-hanh\/skybooks\/","menu_order":0,"post_type":"publisher","post_mime_type":"","comment_count":"0","filter":"raw"}},"_links":{"self":[{"href":"https:\/\/sachviet.eu\/en\/wp-json\/wp\/v2\/product\/11390","targetHints":{"allow":["GET"]}}],"collection":[{"href":"https:\/\/sachviet.eu\/en\/wp-json\/wp\/v2\/product"}],"about":[{"href":"https:\/\/sachviet.eu\/en\/wp-json\/wp\/v2\/types\/product"}],"wp:featuredmedia":[{"embeddable":true,"href":"https:\/\/sachviet.eu\/en\/wp-json\/wp\/v2\/media\/11385"}],"wp:attachment":[{"href":"https:\/\/sachviet.eu\/en\/wp-json\/wp\/v2\/media?parent=11390"}],"wp:term":[{"taxonomy":"product_brand","embeddable":true,"href":"https:\/\/sachviet.eu\/en\/wp-json\/wp\/v2\/product_brand?post=11390"},{"taxonomy":"product_cat","embeddable":true,"href":"https:\/\/sachviet.eu\/en\/wp-json\/wp\/v2\/product_cat?post=11390"},{"taxonomy":"product_tag","embeddable":true,"href":"https:\/\/sachviet.eu\/en\/wp-json\/wp\/v2\/product_tag?post=11390"}],"curies":[{"name":"wp","href":"https:\/\/api.w.org\/{rel}","templated":true}]}}