{"id":11384,"date":"2021-06-03T01:56:09","date_gmt":"2021-06-02T22:56:09","guid":{"rendered":"https:\/\/sachviet.eu\/shop\/loi-la-mang-cua-chi-gai\/"},"modified":"2021-06-04T01:09:19","modified_gmt":"2021-06-03T22:09:19","slug":"loi-la-mang-cua-chi-gai","status":"publish","type":"product","link":"https:\/\/sachviet.eu\/en\/shop\/loi-la-mang-cua-chi-gai\/","title":{"rendered":"L\u1eddi la m\u1eafng c\u1ee7a ch\u1ecb g\u00e1i"},"content":{"rendered":"<p>L\u00e0 m\u1ed9t cu\u1ed1n s\u00e1ch d\u00e0nh cho nh\u1eefng c\u00f4 g\u00e1i \u0111ang chao \u0111\u1ea3o n\u01a1i ng\u01b0\u1ee1ng c\u1eeda tu\u1ed5i 30, L\u1eddi la m\u1eafng c\u1ee7a ch\u1ecb g\u00e1i s\u1ebd \u0111em t\u1edbi nh\u1eefng g\u00f3c nh\u00ecn s\u1eafc b\u00e9n c\u1ee7a di\u1ec5n gi\u1ea3 n\u1ed5i ti\u1ebfng \u0111\u00e3 truy\u1ec1n c\u1ea3m h\u1ee9ng cho th\u1ebf h\u1ec7 ph\u1ee5 n\u1eef hi\u1ec7n \u0111\u1ea1i H\u00e0n Qu\u1ed1c \u2013 Kim Mi Kyung. Khi tu\u1ed5i 30 \u0111ang t\u1edbi g\u1ea7n c\u00f9ng nhi\u1ec1u th\u00e1ch th\u1ee9c l\u1edbn h\u01a1n, th\u00ec nh\u1eefng l\u1eddi khuy\u00ean an \u1ee7i v\u1ed7 v\u1ec1 nh\u1eb9 nh\u00e0ng c\u0169ng s\u1ebd d\u1ea7n m\u1ea5t \u0111i \u201cph\u00e9p m\u00e0u\u201d xoa d\u1ecbu n\u1ed7i lo n\u01a1i ng\u01b0\u1eddi ph\u1ee5 n\u1eef, b\u1edfi l\u1ebd l\u00fac n\u00e0y nh\u1eefng g\u00ec h\u1ecd c\u1ea7n nh\u1ea5t ch\u00ednh l\u00e0 l\u1eddi c\u1ea3nh t\u1ec9nh m\u1ea1nh m\u1ebd v\u00e0 gi\u1ea3i ph\u00e1p d\u1ee9t kho\u00e1t h\u01a1n \u0111\u1ed1i v\u1edbi v\u1ea5n \u0111\u1ec1 v\u1ec1 gia \u0111\u00ecnh, v\u1ec1 s\u1ef1 nghi\u1ec7p, v\u1ec1 t\u00ecnh y\u00eau. L\u1eddi la m\u1eafng c\u1ee7a ch\u1ecb g\u00e1i \u0111\u01b0\u1ee3c xu\u1ea5t ph\u00e1t t\u1eeb t\u00ecnh y\u00eau th\u01b0\u01a1ng v\u00e0 tr\u00e2n tr\u1ecdng \u0111\u1ed9c gi\u1ea3 nh\u01b0 \u201cng\u01b0\u1eddi em c\u00f3 m\u1ed9t-kh\u00f4ng-hai-tr\u00ean-\u0111\u1eddi\u201d c\u00f9ng c\u00e1i \u0111\u1ea7u l\u1ea1nh \u0111\u00e3 t\u1eebng n\u1ebfm tr\u1ea3i h\u1ebft h\u01b0\u01a1ng v\u1ecb \u0111\u1eafng-cay-ng\u1ecdt-b\u00f9i c\u1ee7a cu\u1ed9c s\u1ed1ng, n\u00ean d\u00f9 l\u1eddi v\u0103n c\u00f3 \u0111\u00f4i ph\u1ea7n gay g\u1eaft, b\u1ea1n v\u1eabn c\u00f3 th\u1ec3 t\u00ecm th\u1ea5y trong \u0111\u00f3 s\u1ef1 \u0111\u1ed3ng c\u1ea3m v\u00e0 m\u1ed9t l\u1ed1i tho\u00e1t kh\u00e1c cho nh\u1eefng b\u1ebf t\u1eafc trong \u0111\u1eddi \u0111\u1ebfn t\u1eeb \u201cng\u01b0\u1eddi ch\u1ecb\u201d Kim Mi Kyung.<\/p>\n<p>\u201cQu\u00e1 tr\u00ecnh t\u1edbi c\u1ed9t m\u1ed1c tu\u1ed5i 30 c\u00f3 r\u1ea5t nhi\u1ec1u n\u1ed7i \u0111au. Nh\u1eefng gi\u1ecdt n\u01b0\u1edbc m\u1eaft \u0111\u00e3 tu\u00f4n tr\u00e0o, nh\u1eefng va v\u1ea5p ch\u1ecb \u0111\u00e3 tr\u1ea3i qua, ch\u1ecb kh\u00f4ng h\u1ec1 mu\u1ed1n em ph\u1ea3i ch\u1ecbu \u0111\u1ef1ng. Ch\u1ecb mu\u1ed1n c\u00f9ng chia s\u1ebb, v\u1ed7 v\u1ec1, v\u00e0 an \u1ee7i em. T\u00ecnh c\u1ea3m m\u00e3nh li\u1ec7t n\u00ean l\u1eddi n\u00f3i c\u0169ng th\u00eam n\u1eb7ng n\u1ec1. B\u1edfi ch\u1ecb mu\u1ed1n v\u1ef1c em d\u1eady b\u1eb1ng nh\u1eefng l\u1eddi la m\u1eafng \u0111\u00e3 t\u1eebng \u0111\u00e1nh th\u1ee9c ch\u00ednh b\u1ea3n th\u00e2n ch\u1ecb m\u1ed7i khi mu\u1ed1n bu\u00f4ng b\u1ecf. B\u1edfi ch\u1ecb mu\u1ed1n lay \u0111\u1ed9ng em b\u1eb1ng s\u1ef1 th\u1ea5u su\u1ed1t m\u00e0 ch\u1ec9 c\u00f3 ng\u01b0\u1eddi n\u00e0o \u0111\u00e3 ch\u1ea1m t\u1edbi tr\u00e1i tim em m\u1edbi l\u00e0m \u0111\u01b0\u1ee3c.\u201d<\/p>\n<p>V\u1ec1 t\u00e1c gi\u1ea3:<\/p>\n<p>KIM MI KYUNG<\/p>\n<p>\u0110\u01b0\u1ee3c m\u1ec7nh danh l\u00e0 Oprah Winfrey H\u00e0n Qu\u1ed1c, v\u1edbi s\u1ee9c lan t\u1ecfa v\u00e0 ph\u1ee7 s\u00f3ng r\u1ed9ng r\u00e3i t\u1eeb nh\u1eefng h\u1ed9i th\u1ea3o truy\u1ec1n c\u1ea3m h\u1ee9ng cho t\u1edbi c\u00e1c trang m\u1ea1ng x\u00e3 h\u1ed9i, c\u00f4 Kim Mi Kyung lu\u00f4n l\u00e0 ni\u1ec1m c\u1ea3m h\u1ee9ng b\u1ea5t t\u1eadn v\u00e0 l\u00e0 s\u1ee9 gi\u1ea3 truy\u1ec1n \u0111\u1ed9ng l\u1ef1c cho th\u1ebf h\u1ec7 ph\u1ee5 n\u1eef hi\u1ec7n \u0111\u1ea1i t\u1ea1i x\u1ee9 s\u1edf Kim Chi. D\u00f9 \u0111ang ti\u1ebfn g\u1ea7n \u0111\u1ebfn tu\u1ed5i 60 v\u00e0 l\u00e0 m\u1eb9 c\u1ee7a ba \u0111\u1ee9a con nh\u01b0ng c\u00f4 lu\u00f4n n\u1ed7 l\u1ef1c kh\u00f4ng ng\u1eebng ngh\u1ec9 v\u00e0 ch\u01b0a t\u1eebng t\u1eeb b\u1ecf kh\u00e1t khao n\u00e2ng cao h\u1ecdc v\u1ea5n v\u00e0 s\u1ef1 nghi\u1ec7p c\u1ee7a ri\u00eang m\u00ecnh.<\/p>\n","protected":false},"excerpt":{"rendered":"<p>L\u00e0 m\u1ed9t cu\u1ed1n s\u00e1ch d\u00e0nh cho nh\u1eefng c\u00f4 g\u00e1i \u0111ang chao \u0111\u1ea3o n\u01a1i ng\u01b0\u1ee1ng c\u1eeda tu\u1ed5i 30, L\u1eddi la m\u1eafng c\u1ee7a ch\u1ecb g\u00e1i s\u1ebd \u0111em t\u1edbi nh\u1eefng g\u00f3c nh\u00ecn s\u1eafc b\u00e9n c\u1ee7a di\u1ec5n gi\u1ea3 n\u1ed5i ti\u1ebfng \u0111\u00e3 truy\u1ec1n c\u1ea3m h\u1ee9ng cho th\u1ebf h\u1ec7 ph\u1ee5 n\u1eef hi\u1ec7n \u0111\u1ea1i H\u00e0n Qu\u1ed1c \u2013 Kim Mi Kyung. Khi tu\u1ed5i 30 \u0111ang t\u1edbi g\u1ea7n c\u00f9ng nhi\u1ec1u th\u00e1ch th\u1ee9c l\u1edbn h\u01a1n, th\u00ec nh\u1eefng l\u1eddi khuy\u00ean an \u1ee7i v\u1ed7 v\u1ec1 nh\u1eb9 nh\u00e0ng c\u0169ng s\u1ebd d\u1ea7n m\u1ea5t \u0111i \u201cph\u00e9p m\u00e0u\u201d xoa d\u1ecbu n\u1ed7i lo n\u01a1i ng\u01b0\u1eddi ph\u1ee5 n\u1eef, b\u1edfi l\u1ebd l\u00fac n\u00e0y nh\u1eefng g\u00ec h\u1ecd c\u1ea7n nh\u1ea5t ch\u00ednh l\u00e0 l\u1eddi c\u1ea3nh t\u1ec9nh m\u1ea1nh m\u1ebd v\u00e0 gi\u1ea3i ph\u00e1p d\u1ee9t kho\u00e1t h\u01a1n \u0111\u1ed1i v\u1edbi v\u1ea5n \u0111\u1ec1 v\u1ec1 gia \u0111\u00ecnh, v\u1ec1 s\u1ef1 nghi\u1ec7p, v\u1ec1 t\u00ecnh y\u00eau. L\u1eddi la m\u1eafng c\u1ee7a ch\u1ecb g\u00e1i \u0111\u01b0\u1ee3c xu\u1ea5t ph\u00e1t t\u1eeb t\u00ecnh y\u00eau th\u01b0\u01a1ng v\u00e0 tr\u00e2n tr\u1ecdng \u0111\u1ed9c gi\u1ea3 nh\u01b0 \u201cng\u01b0\u1eddi em c\u00f3 m\u1ed9t-kh\u00f4ng-hai-tr\u00ean-\u0111\u1eddi\u201d c\u00f9ng c\u00e1i \u0111\u1ea7u l\u1ea1nh \u0111\u00e3 t\u1eebng n\u1ebfm tr\u1ea3i h\u1ebft h\u01b0\u01a1ng v\u1ecb \u0111\u1eafng-cay-ng\u1ecdt-b\u00f9i c\u1ee7a cu\u1ed9c s\u1ed1ng, n\u00ean d\u00f9 l\u1eddi v\u0103n c\u00f3 \u0111\u00f4i ph\u1ea7n gay g\u1eaft, b\u1ea1n v\u1eabn c\u00f3 th\u1ec3 t\u00ecm th\u1ea5y trong \u0111\u00f3 s\u1ef1 \u0111\u1ed3ng c\u1ea3m v\u00e0 m\u1ed9t l\u1ed1i tho\u00e1t kh\u00e1c cho nh\u1eefng b\u1ebf t\u1eafc trong \u0111\u1eddi \u0111\u1ebfn t\u1eeb \u201cng\u01b0\u1eddi ch\u1ecb\u201d Kim Mi Kyung.<\/p>\n<p>\u201cQu\u00e1 tr\u00ecnh t\u1edbi c\u1ed9t m\u1ed1c tu\u1ed5i 30 c\u00f3 r\u1ea5t nhi\u1ec1u n\u1ed7i \u0111au. Nh\u1eefng gi\u1ecdt n\u01b0\u1edbc m\u1eaft \u0111\u00e3 tu\u00f4n tr\u00e0o, nh\u1eefng va v\u1ea5p ch\u1ecb \u0111\u00e3 tr\u1ea3i qua, ch\u1ecb kh\u00f4ng h\u1ec1 mu\u1ed1n em ph\u1ea3i ch\u1ecbu \u0111\u1ef1ng. Ch\u1ecb mu\u1ed1n c\u00f9ng chia s\u1ebb, v\u1ed7 v\u1ec1, v\u00e0 an \u1ee7i em. T\u00ecnh c\u1ea3m m\u00e3nh li\u1ec7t n\u00ean l\u1eddi n\u00f3i c\u0169ng th\u00eam n\u1eb7ng n\u1ec1. B\u1edfi ch\u1ecb mu\u1ed1n v\u1ef1c em d\u1eady b\u1eb1ng nh\u1eefng l\u1eddi la m\u1eafng \u0111\u00e3 t\u1eebng \u0111\u00e1nh th\u1ee9c ch\u00ednh b\u1ea3n th\u00e2n ch\u1ecb m\u1ed7i khi mu\u1ed1n bu\u00f4ng b\u1ecf. B\u1edfi ch\u1ecb mu\u1ed1n lay \u0111\u1ed9ng em b\u1eb1ng s\u1ef1 th\u1ea5u su\u1ed1t m\u00e0 ch\u1ec9 c\u00f3 ng\u01b0\u1eddi n\u00e0o \u0111\u00e3 ch\u1ea1m t\u1edbi tr\u00e1i tim em m\u1edbi l\u00e0m \u0111\u01b0\u1ee3c.\u201d<\/p>\n","protected":false},"featured_media":11383,"template":"","meta":{"_acf_changed":false},"product_brand":[],"product_cat":[15,46],"product_tag":[],"class_list":{"0":"post-11384","1":"product","2":"type-product","3":"status-publish","4":"has-post-thumbnail","6":"product_cat-sach-danh-cho-nguoi-lon","7":"product_cat-ky-nang-song","9":"first","10":"outofstock","11":"taxable","12":"shipping-taxable","13":"purchasable","14":"product-type-simple"},"supplier_id":null,"supplier_sku":"","barcode":null,"atum_controlled":true,"out_stock_date":"2021-06-03 22:09:19","out_stock_threshold":null,"inheritable":false,"inbound_stock":0,"stock_on_hold":0,"sold_today":0,"sales_last_days":0,"reserved_stock":0,"customer_returns":0,"warehouse_damage":0,"lost_in_post":0,"other_logs":0,"out_stock_days":1700,"lost_sales":0,"has_location":false,"update_date":"2026-01-28T23:10:49","atum_locations":[],"atum_stock_status":"outofstock","restock_status":false,"low_stock_amount":"","sales_update_date":"2026-01-28T23:10:49","calc_backorders":null,"acf":{"publisher":{"ID":1785,"post_author":"1","post_date":"2021-02-17 01:54:46","post_date_gmt":"2021-02-16 23:54:46","post_content":"<!-- wp:flatsome\/uxbuilder -->\n<h1 style=\"text-align: center;\"><strong>AZ VIETNAM<\/strong><\/h1>\n[row]\n\n[col span=\"8\" span__sm=\"12\"]\n\n<p>Th\u00e0nh l\u1eadp n\u0103m: 2015<br \/>V\u1ed1n \u0111\u1ea7u t\u01b0: 4,000,000,000 \u0111\u1ed3ng<br \/><strong>L\u0129nh v\u1ef1c:<\/strong><br \/>- Xu\u1ea5t b\u1ea3n v\u00e0 ph\u00e1t h\u00e0nh v\u0103n h\u00f3a ph\u1ea9m<br \/>- Cung c\u1ea5p v\u0103n h\u00f3a ph\u1ea9m, c\u00e1c s\u1ea3n ph\u1ea9m cho in \u1ea5n, trang thi\u1ebft b\u1ecb cho c\u00e1c th\u01b0 vi\u1ec7n v\u00e0 trung t\u00e2m s\u00e1ch tr\u00ean c\u1ea3 n\u01b0\u1edbc.<br \/>- Th\u1eddi trang v\u00e0 c\u00e1c s\u1ea3n ph\u1ea9m li\u00ean quan \u0111\u1ebfn l\u0129nh v\u1ef1c th\u1eddi trang<br \/>- Xu\u1ea5t nh\u1eadp kh\u1ea9u c\u00e1c s\u1ea3n ph\u1ea9m v\u0103n h\u00f3a<\/p>\n<p><strong>Quy m\u00f4:<\/strong> 60 nh\u00e2n vi\u00ean<br \/>Kh\u1edfi ngu\u1ed3n c\u1ee7a AZ Vi\u1ec7t Nam ng\u00e0y nay l\u00e0 C\u00f4ng ty TNHH Trung t\u00e2m S\u00e1ch v\u00e0 Thi\u1ebft b\u1ecb Th\u01b0 vi\u1ec7n, v\u1edbi ho\u1ea1t \u0111\u1ed9ng \u0111\u1ea7u ti\u00ean l\u00e0 cung c\u1ea5p s\u00e1ch, trang thi\u1ebft b\u1ecb, v\u0103n h\u00f3a ph\u1ea9m cho c\u00e1c th\u01b0 vi\u1ec7n v\u00e0 trung t\u00e2m s\u00e1ch tr\u00ean c\u1ea3 n\u01b0\u1edbc. T\u1eeb cu\u1ed1i n\u0103m 2010 \u0111\u1ebfn nay, ch\u00fang t\u00f4i \u0111\u00e3 kh\u00f4ng ng\u1eebng n\u1ed7 l\u1ef1c khai ph\u00e1 v\u00e0 ph\u00e1t tri\u1ec3n c\u00e1c d\u00f2ng s\u1ea3n ph\u1ea9m m\u1edbi v\u1edbi 8 th\u01b0\u01a1ng hi\u1ec7u uy t\u00edn. \u0110\u1ec3 \u0111\u00e1p \u1ee9ng nhu c\u1ea7u ph\u00e1t tri\u1ec3n ng\u00e0y m\u1ed9t l\u1edbn m\u1ea1nh v\u00e0 t\u1eadp h\u1ee3p c\u00e1c th\u01b0\u01a1ng hi\u1ec7u \u0111\u00e3 \u0111\u01b0\u1ee3c ch\u00fang t\u00f4i x\u00e2y d\u1ef1ng, 2015 C\u00f4ng ty TNHH AZ Vi\u1ec7t Nam \u0111\u00e3 ra \u0111\u1eddi v\u1edbi s\u1ee9 m\u1ec7nh mang \u0111\u1ebfn nhi\u1ec1u h\u01a1n n\u1eefa nh\u1eefng gi\u00e1 tr\u1ecb tinh th\u1ea7n, tri th\u1ee9c ti\u00ean ti\u1ebfn cho ng\u01b0\u1eddi ti\u00eau d\u00f9ng b\u1eb1ng vi\u1ec7c cung c\u1ea5p nh\u1eefng s\u1ea3n ph\u1ea9m c\u00f3 ch\u1ea5t l\u01b0\u1ee3ng.<\/p>\n\n[\/col]\n[col span=\"4\" span__sm=\"12\"]\n\n[ux_image id=\"1836\" image_size=\"medium\"]\n\n\n[\/col]\n\n[\/row]\n\n<!-- \/wp:flatsome\/uxbuilder -->","post_title":"AZ Vi\u1ec7t Nam","post_excerpt":"","post_status":"publish","comment_status":"closed","ping_status":"closed","post_password":"","post_name":"az-viet-nam","to_ping":"","pinged":"","post_modified":"2021-02-17 22:07:10","post_modified_gmt":"2021-02-17 20:07:10","post_content_filtered":"","post_parent":0,"guid":"https:\/\/sachviet.eu\/nha-phat-hanh\/az-viet-nam\/","menu_order":0,"post_type":"publisher","post_mime_type":"","comment_count":"0","filter":"raw"}},"_links":{"self":[{"href":"https:\/\/sachviet.eu\/en\/wp-json\/wp\/v2\/product\/11384","targetHints":{"allow":["GET"]}}],"collection":[{"href":"https:\/\/sachviet.eu\/en\/wp-json\/wp\/v2\/product"}],"about":[{"href":"https:\/\/sachviet.eu\/en\/wp-json\/wp\/v2\/types\/product"}],"wp:featuredmedia":[{"embeddable":true,"href":"https:\/\/sachviet.eu\/en\/wp-json\/wp\/v2\/media\/11383"}],"wp:attachment":[{"href":"https:\/\/sachviet.eu\/en\/wp-json\/wp\/v2\/media?parent=11384"}],"wp:term":[{"taxonomy":"product_brand","embeddable":true,"href":"https:\/\/sachviet.eu\/en\/wp-json\/wp\/v2\/product_brand?post=11384"},{"taxonomy":"product_cat","embeddable":true,"href":"https:\/\/sachviet.eu\/en\/wp-json\/wp\/v2\/product_cat?post=11384"},{"taxonomy":"product_tag","embeddable":true,"href":"https:\/\/sachviet.eu\/en\/wp-json\/wp\/v2\/product_tag?post=11384"}],"curies":[{"name":"wp","href":"https:\/\/api.w.org\/{rel}","templated":true}]}}