{"id":11382,"date":"2021-06-03T01:56:03","date_gmt":"2021-06-02T22:56:03","guid":{"rendered":"https:\/\/sachviet.eu\/shop\/sach-den-bo-cong-cu-cua-phu-nu-thanh-dat\/"},"modified":"2021-06-04T22:14:29","modified_gmt":"2021-06-04T19:14:29","slug":"sach-den-bo-cong-cu-cua-phu-nu-thanh-dat","status":"publish","type":"product","link":"https:\/\/sachviet.eu\/en\/shop\/sach-den-bo-cong-cu-cua-phu-nu-thanh-dat\/","title":{"rendered":"S\u00e1ch \u0111en &#8211; B\u1ed9 c\u00f4ng c\u1ee5 c\u1ee7a ph\u1ee5 n\u1eef th\u00e0nh \u0111\u1ea1t"},"content":{"rendered":"<p>B\u1ea1n l\u00e0 m\u1ed9t ph\u1ee5 n\u1eef thu\u1ed9c tu\u00fdp workaholic? B\u1ea1n l\u00e0 ng\u01b0\u1eddi m\u1edbi b\u1eaft \u0111\u1ea7u \u0111i l\u00e0m v\u00e0 \u0111\u00e3 c\u00f3 tr\u1ea3i nghi\u1ec7m, nh\u01b0ng v\u1eabn c\u00f3 c\u00e1c th\u1eafc m\u1eafc ch\u01b0a th\u1ec3 gi\u1ea3i quy\u1ebft? \u0110\u00e2y ch\u00ednh l\u00e0 cu\u1ed1n s\u00e1ch d\u00e0nh cho b\u1ea1n.<\/p>\n<p>\u201dS\u00e1ch \u0110en\u201d l\u00e0 tuy\u1ec3n ch\u1ecdn nh\u1eefng l\u1eddi khuy\u00ean cho s\u1ef1 nghi\u1ec7p \u0111\u01b0\u1ee3c \u0111\u00fac k\u1ebft t\u1eeb nh\u1eefng hi\u1ec3u bi\u1ebft v\u00e0 tr\u1ea3i nghi\u1ec7m \u0111\u1ea7y kh\u00f4n ngoan v\u00e0 s\u00e2u s\u1eafc c\u1ee7a t\u00e1c gi\u1ea3 Otegha Uwagba(ng\u01b0\u1eddi s\u00e1ng l\u1eadp Women-Who, m\u1ed9t c\u1ed9ng \u0111\u1ed3ng \u0111\u01b0\u1ee3c t\u1ea1o ra \u0111\u1ec3 k\u1ebft n\u1ed1i v\u00e0 gi\u00fap \u0111\u1ee1 nh\u1eefng ng\u01b0\u1eddi ph\u1ee5 n\u1eef l\u00e0m vi\u1ec7c s\u00e1ng t\u1ea1o)c\u00f9ng r\u1ea5t nhi\u1ec1u ng\u01b0\u1eddi ng\u01b0\u1eddi ph\u1ee5 n\u1eef th\u00e0nh c\u00f4ng kh\u00e1c.<\/p>\n<p>T\u1eeb nh\u1eefng \u0111i\u1ec1u nh\u1ecf nh\u1eb7t nh\u01b0 vi\u1ebft email sao cho tinh t\u1ebf hay s\u1eed d\u1ee5ng Instagram sao cho c\u00f3 l\u1ee3i; \u0111\u1ebfn nh\u1eefng v\u1ea5n \u0111\u1ec1 nan gi\u1ea3i mang t\u00ednh quy\u1ebft \u0111\u1ecbnh, nh\u01b0 l\u00e0m th\u1ebf n\u00e0o \u0111\u1ec3 x\u00e2y d\u1ef1ng m\u1ed9t th\u01b0\u01a1ng hi\u1ec7u c\u00e1 nh\u00e2n c\u00f3 th\u1ec3 m\u1edf ra nhi\u1ec1u c\u01a1 h\u1ed9i, hay vi\u1ec7c li\u1ec7u c\u00f3 n\u00ean l\u00e0m vi\u1ec7c t\u1ef1 do hay kh\u00f4ng\u2026<\/p>\n<p>T\u1ea5t c\u1ea3, s\u1ebd \u0111\u01b0\u1ee3c \u0111\u00fac k\u1ebft m\u1ed9t c\u00e1ch h\u1ec7 th\u1ed1ng, c\u00f3 \u0111\u1ecbnh h\u01b0\u1edbng, \u0111\u1ed3ng th\u1eddi v\u00f4 c\u00f9ng c\u1ea3m h\u1ee9ng qua cu\u1ed1n s\u00e1ch \u2013 \u0111\u01b0\u1ee3c xem nh\u01b0 b\u1ed9 c\u00f4ng c\u1ee5 c\u1ee7a ph\u1ee5 n\u1eef th\u00e0nh \u0111\u1ea1t n\u00e0y.<\/p>\n<p>\u201cH\u00e3y lu\u00f4n l\u00e0 phi\u00ean b\u1ea3n t\u1ed1t nh\u1ea5t c\u1ee7a b\u1ea3n th\u00e2n ch\u1ee9 \u0111\u1eebng bao gi\u1edd l\u00e0 phi\u00ean b\u1ea3n th\u1ee9 hai c\u1ee7a m\u1ed9t ai kh\u00e1c.\u201d<\/p>\n","protected":false},"excerpt":{"rendered":"<p>B\u1ea1n l\u00e0 m\u1ed9t ph\u1ee5 n\u1eef thu\u1ed9c tu\u00fdp workaholic? B\u1ea1n l\u00e0 ng\u01b0\u1eddi m\u1edbi b\u1eaft \u0111\u1ea7u \u0111i l\u00e0m v\u00e0 \u0111\u00e3 c\u00f3 tr\u1ea3i nghi\u1ec7m, nh\u01b0ng v\u1eabn c\u00f3 c\u00e1c th\u1eafc m\u1eafc ch\u01b0a th\u1ec3 gi\u1ea3i quy\u1ebft? \u0110\u00e2y ch\u00ednh l\u00e0 cu\u1ed1n s\u00e1ch d\u00e0nh cho b\u1ea1n.<\/p>\n<p>\u201dS\u00e1ch \u0110en\u201d l\u00e0 tuy\u1ec3n ch\u1ecdn nh\u1eefng l\u1eddi khuy\u00ean cho s\u1ef1 nghi\u1ec7p \u0111\u01b0\u1ee3c \u0111\u00fac k\u1ebft t\u1eeb nh\u1eefng hi\u1ec3u bi\u1ebft v\u00e0 tr\u1ea3i nghi\u1ec7m \u0111\u1ea7y kh\u00f4n ngoan v\u00e0 s\u00e2u s\u1eafc c\u1ee7a t\u00e1c gi\u1ea3 Otegha Uwagba(ng\u01b0\u1eddi s\u00e1ng l\u1eadp Women-Who, m\u1ed9t c\u1ed9ng \u0111\u1ed3ng \u0111\u01b0\u1ee3c t\u1ea1o ra \u0111\u1ec3 k\u1ebft n\u1ed1i v\u00e0 gi\u00fap \u0111\u1ee1 nh\u1eefng ng\u01b0\u1eddi ph\u1ee5 n\u1eef l\u00e0m vi\u1ec7c s\u00e1ng t\u1ea1o)c\u00f9ng r\u1ea5t nhi\u1ec1u ng\u01b0\u1eddi ng\u01b0\u1eddi ph\u1ee5 n\u1eef th\u00e0nh c\u00f4ng kh\u00e1c.<\/p>\n<p>T\u1eeb nh\u1eefng \u0111i\u1ec1u nh\u1ecf nh\u1eb7t nh\u01b0 vi\u1ebft email sao cho tinh t\u1ebf hay s\u1eed d\u1ee5ng Instagram sao cho c\u00f3 l\u1ee3i; \u0111\u1ebfn nh\u1eefng v\u1ea5n \u0111\u1ec1 nan gi\u1ea3i mang t\u00ednh quy\u1ebft \u0111\u1ecbnh, nh\u01b0 l\u00e0m th\u1ebf n\u00e0o \u0111\u1ec3 x\u00e2y d\u1ef1ng m\u1ed9t th\u01b0\u01a1ng hi\u1ec7u c\u00e1 nh\u00e2n c\u00f3 th\u1ec3 m\u1edf ra nhi\u1ec1u c\u01a1 h\u1ed9i, hay vi\u1ec7c li\u1ec7u c\u00f3 n\u00ean l\u00e0m vi\u1ec7c t\u1ef1 do hay kh\u00f4ng\u2026<\/p>\n<p>T\u1ea5t c\u1ea3, s\u1ebd \u0111\u01b0\u1ee3c \u0111\u00fac k\u1ebft m\u1ed9t c\u00e1ch h\u1ec7 th\u1ed1ng, c\u00f3 \u0111\u1ecbnh h\u01b0\u1edbng, \u0111\u1ed3ng th\u1eddi v\u00f4 c\u00f9ng c\u1ea3m h\u1ee9ng qua cu\u1ed1n s\u00e1ch \u2013 \u0111\u01b0\u1ee3c xem nh\u01b0 b\u1ed9 c\u00f4ng c\u1ee5 c\u1ee7a ph\u1ee5 n\u1eef th\u00e0nh \u0111\u1ea1t n\u00e0y.<\/p>\n<p>\u201cH\u00e3y lu\u00f4n l\u00e0 phi\u00ean b\u1ea3n t\u1ed1t nh\u1ea5t c\u1ee7a b\u1ea3n th\u00e2n ch\u1ee9 \u0111\u1eebng bao gi\u1edd l\u00e0 phi\u00ean b\u1ea3n th\u1ee9 hai c\u1ee7a m\u1ed9t ai kh\u00e1c.\u201d<\/p>\n","protected":false},"featured_media":11371,"template":"","meta":{"_acf_changed":false},"product_brand":[],"product_cat":[15,46],"product_tag":[],"class_list":{"0":"post-11382","1":"product","2":"type-product","3":"status-publish","4":"has-post-thumbnail","6":"product_cat-sach-danh-cho-nguoi-lon","7":"product_cat-ky-nang-song","9":"first","10":"outofstock","11":"taxable","12":"shipping-taxable","13":"purchasable","14":"product-type-simple"},"supplier_id":null,"supplier_sku":"","barcode":null,"atum_controlled":true,"out_stock_date":"2021-06-04 19:14:29","out_stock_threshold":null,"inheritable":false,"inbound_stock":0,"stock_on_hold":0,"sold_today":0,"sales_last_days":0,"reserved_stock":0,"customer_returns":0,"warehouse_damage":0,"lost_in_post":0,"other_logs":0,"out_stock_days":1699,"lost_sales":0,"has_location":false,"update_date":"2026-01-28T23:10:49","atum_locations":[],"atum_stock_status":"outofstock","restock_status":false,"low_stock_amount":"","sales_update_date":"2026-01-28T23:10:49","calc_backorders":null,"acf":{"publisher":{"ID":1785,"post_author":"1","post_date":"2021-02-17 01:54:46","post_date_gmt":"2021-02-16 23:54:46","post_content":"<!-- wp:flatsome\/uxbuilder -->\n<h1 style=\"text-align: center;\"><strong>AZ VIETNAM<\/strong><\/h1>\n[row]\n\n[col span=\"8\" span__sm=\"12\"]\n\n<p>Th\u00e0nh l\u1eadp n\u0103m: 2015<br \/>V\u1ed1n \u0111\u1ea7u t\u01b0: 4,000,000,000 \u0111\u1ed3ng<br \/><strong>L\u0129nh v\u1ef1c:<\/strong><br \/>- Xu\u1ea5t b\u1ea3n v\u00e0 ph\u00e1t h\u00e0nh v\u0103n h\u00f3a ph\u1ea9m<br \/>- Cung c\u1ea5p v\u0103n h\u00f3a ph\u1ea9m, c\u00e1c s\u1ea3n ph\u1ea9m cho in \u1ea5n, trang thi\u1ebft b\u1ecb cho c\u00e1c th\u01b0 vi\u1ec7n v\u00e0 trung t\u00e2m s\u00e1ch tr\u00ean c\u1ea3 n\u01b0\u1edbc.<br \/>- Th\u1eddi trang v\u00e0 c\u00e1c s\u1ea3n ph\u1ea9m li\u00ean quan \u0111\u1ebfn l\u0129nh v\u1ef1c th\u1eddi trang<br \/>- Xu\u1ea5t nh\u1eadp kh\u1ea9u c\u00e1c s\u1ea3n ph\u1ea9m v\u0103n h\u00f3a<\/p>\n<p><strong>Quy m\u00f4:<\/strong> 60 nh\u00e2n vi\u00ean<br \/>Kh\u1edfi ngu\u1ed3n c\u1ee7a AZ Vi\u1ec7t Nam ng\u00e0y nay l\u00e0 C\u00f4ng ty TNHH Trung t\u00e2m S\u00e1ch v\u00e0 Thi\u1ebft b\u1ecb Th\u01b0 vi\u1ec7n, v\u1edbi ho\u1ea1t \u0111\u1ed9ng \u0111\u1ea7u ti\u00ean l\u00e0 cung c\u1ea5p s\u00e1ch, trang thi\u1ebft b\u1ecb, v\u0103n h\u00f3a ph\u1ea9m cho c\u00e1c th\u01b0 vi\u1ec7n v\u00e0 trung t\u00e2m s\u00e1ch tr\u00ean c\u1ea3 n\u01b0\u1edbc. T\u1eeb cu\u1ed1i n\u0103m 2010 \u0111\u1ebfn nay, ch\u00fang t\u00f4i \u0111\u00e3 kh\u00f4ng ng\u1eebng n\u1ed7 l\u1ef1c khai ph\u00e1 v\u00e0 ph\u00e1t tri\u1ec3n c\u00e1c d\u00f2ng s\u1ea3n ph\u1ea9m m\u1edbi v\u1edbi 8 th\u01b0\u01a1ng hi\u1ec7u uy t\u00edn. \u0110\u1ec3 \u0111\u00e1p \u1ee9ng nhu c\u1ea7u ph\u00e1t tri\u1ec3n ng\u00e0y m\u1ed9t l\u1edbn m\u1ea1nh v\u00e0 t\u1eadp h\u1ee3p c\u00e1c th\u01b0\u01a1ng hi\u1ec7u \u0111\u00e3 \u0111\u01b0\u1ee3c ch\u00fang t\u00f4i x\u00e2y d\u1ef1ng, 2015 C\u00f4ng ty TNHH AZ Vi\u1ec7t Nam \u0111\u00e3 ra \u0111\u1eddi v\u1edbi s\u1ee9 m\u1ec7nh mang \u0111\u1ebfn nhi\u1ec1u h\u01a1n n\u1eefa nh\u1eefng gi\u00e1 tr\u1ecb tinh th\u1ea7n, tri th\u1ee9c ti\u00ean ti\u1ebfn cho ng\u01b0\u1eddi ti\u00eau d\u00f9ng b\u1eb1ng vi\u1ec7c cung c\u1ea5p nh\u1eefng s\u1ea3n ph\u1ea9m c\u00f3 ch\u1ea5t l\u01b0\u1ee3ng.<\/p>\n\n[\/col]\n[col span=\"4\" span__sm=\"12\"]\n\n[ux_image id=\"1836\" image_size=\"medium\"]\n\n\n[\/col]\n\n[\/row]\n\n<!-- \/wp:flatsome\/uxbuilder -->","post_title":"AZ Vi\u1ec7t Nam","post_excerpt":"","post_status":"publish","comment_status":"closed","ping_status":"closed","post_password":"","post_name":"az-viet-nam","to_ping":"","pinged":"","post_modified":"2021-02-17 22:07:10","post_modified_gmt":"2021-02-17 20:07:10","post_content_filtered":"","post_parent":0,"guid":"https:\/\/sachviet.eu\/nha-phat-hanh\/az-viet-nam\/","menu_order":0,"post_type":"publisher","post_mime_type":"","comment_count":"0","filter":"raw"}},"_links":{"self":[{"href":"https:\/\/sachviet.eu\/en\/wp-json\/wp\/v2\/product\/11382","targetHints":{"allow":["GET"]}}],"collection":[{"href":"https:\/\/sachviet.eu\/en\/wp-json\/wp\/v2\/product"}],"about":[{"href":"https:\/\/sachviet.eu\/en\/wp-json\/wp\/v2\/types\/product"}],"wp:featuredmedia":[{"embeddable":true,"href":"https:\/\/sachviet.eu\/en\/wp-json\/wp\/v2\/media\/11371"}],"wp:attachment":[{"href":"https:\/\/sachviet.eu\/en\/wp-json\/wp\/v2\/media?parent=11382"}],"wp:term":[{"taxonomy":"product_brand","embeddable":true,"href":"https:\/\/sachviet.eu\/en\/wp-json\/wp\/v2\/product_brand?post=11382"},{"taxonomy":"product_cat","embeddable":true,"href":"https:\/\/sachviet.eu\/en\/wp-json\/wp\/v2\/product_cat?post=11382"},{"taxonomy":"product_tag","embeddable":true,"href":"https:\/\/sachviet.eu\/en\/wp-json\/wp\/v2\/product_tag?post=11382"}],"curies":[{"name":"wp","href":"https:\/\/api.w.org\/{rel}","templated":true}]}}