{"id":11370,"date":"2021-06-03T01:55:08","date_gmt":"2021-06-02T22:55:08","guid":{"rendered":"https:\/\/sachviet.eu\/shop\/vay-vung-giua-vung-lay\/"},"modified":"2021-06-03T20:26:05","modified_gmt":"2021-06-03T17:26:05","slug":"vay-vung-giua-vung-lay","status":"publish","type":"product","link":"https:\/\/sachviet.eu\/en\/shop\/vay-vung-giua-vung-lay\/","title":{"rendered":"V\u1eaby v\u00f9ng gi\u1eefa v\u0169ng l\u1ea7y"},"content":{"rendered":"<p>M\u1ecdi chuy\u1ec7n b\u1eaft \u0111\u1ea7u v\u00e0o m\u1ed9t \u0111\u00eam th\u00e1ng T\u01b0 thanh m\u00e1t, khi c\u00f4 v\u1ee3 xinh \u0111\u1eb9p n\u00f3ng b\u1ecfng b\u1ecb h\u1ea5t kh\u1ecfi chi\u1ebfc du thuy\u1ec1n sang tr\u1ecdng xu\u1ed1ng l\u00f2ng \u0111\u1ea1i d\u01b0\u01a1ng ngay v\u00e0o \u0111\u00eam k\u1ef7 ni\u1ec7m hai n\u0103m ng\u00e0y c\u01b0\u1edbi b\u1edfi ch\u00ednh ng\u01b0\u1eddi ch\u1ed3ng y\u00eau d\u1ea5u! B\u1ed9i b\u1ea1c, ngo\u1ea1i t\u00ecnh, hay c\u00f2n m\u01b0u toan gh\u00ea g\u1edbm g\u00ec kh\u00e1c khi\u1ebfn g\u00e3 ph\u1ea3i l\u00e0m chuy\u1ec7n t\u00e0y \u0111\u00ecnh? Qua m\u00e0u s\u1eafc trinh th\u00e1m h\u00e0i h\u01b0\u1edbc, c\u00f9ng gi\u1ecdng k\u1ec3 chua ngoa t\u1ed9t \u0111\u1ec9nh, l\u00f4i cu\u1ed1n kh\u00f3 c\u01b0\u1ee1ng, V\u1eaby v\u00f9ng gi\u1eefa v\u0169ng l\u1ea7y c\u1ee7a Carl Hiaasen d\u1eabn ch\u00fang ta l\u1ea7n m\u00f2 v\u00e0o nh\u1eefng b\u00ed m\u1eadt \u0111\u1ed9ng tr\u1eddi c\u1ee7a gi\u1edbi tay to ch\u00ednh tr\u1ecb, c\u1ee7a nh\u1eefng tr\u00f9m n\u00f4ng nghi\u1ec7p, nh\u1eefng k\u1ebb m\u00e1u l\u1ea1nh ch\u00e0 \u0111\u1ea1p l\u00ean m\u00f4i tr\u01b0\u1eddng s\u1ed1ng, \u0111\u1ea9y ta v\u00e0o th\u1ebf gi\u1edbi t\u0103m t\u1ed1i c\u1ee7a l\u00f2ng tham va s\u1ef1 h\u00e8n h\u1ea1 kh\u00f4n th\u1ea5u c\u1ee7a b\u1ea3n ch\u1ea5t ng\u01b0\u1eddi.<\/p>\n","protected":false},"excerpt":{"rendered":"<p>M\u1ecdi chuy\u1ec7n b\u1eaft \u0111\u1ea7u v\u00e0o m\u1ed9t \u0111\u00eam th\u00e1ng T\u01b0 thanh m\u00e1t, khi c\u00f4 v\u1ee3 xinh \u0111\u1eb9p n\u00f3ng b\u1ecfng b\u1ecb h\u1ea5t kh\u1ecfi chi\u1ebfc du thuy\u1ec1n sang tr\u1ecdng xu\u1ed1ng l\u00f2ng \u0111\u1ea1i d\u01b0\u01a1ng ngay v\u00e0o \u0111\u00eam k\u1ef7 ni\u1ec7m hai n\u0103m ng\u00e0y c\u01b0\u1edbi b\u1edfi ch\u00ednh ng\u01b0\u1eddi ch\u1ed3ng y\u00eau d\u1ea5u! B\u1ed9i b\u1ea1c, ngo\u1ea1i t\u00ecnh, hay c\u00f2n m\u01b0u toan gh\u00ea g\u1edbm g\u00ec kh\u00e1c khi\u1ebfn g\u00e3 ph\u1ea3i l\u00e0m chuy\u1ec7n t\u00e0y \u0111\u00ecnh? Qua m\u00e0u s\u1eafc trinh th\u00e1m h\u00e0i h\u01b0\u1edbc, c\u00f9ng gi\u1ecdng k\u1ec3 chua ngoa t\u1ed9t \u0111\u1ec9nh, l\u00f4i cu\u1ed1n kh\u00f3 c\u01b0\u1ee1ng, V\u1eaby v\u00f9ng gi\u1eefa v\u0169ng l\u1ea7y c\u1ee7a Carl Hiaasen d\u1eabn ch\u00fang ta l\u1ea7n m\u00f2 v\u00e0o nh\u1eefng b\u00ed m\u1eadt \u0111\u1ed9ng tr\u1eddi c\u1ee7a gi\u1edbi tay to ch\u00ednh tr\u1ecb, c\u1ee7a nh\u1eefng tr\u00f9m n\u00f4ng nghi\u1ec7p, nh\u1eefng k\u1ebb m\u00e1u l\u1ea1nh ch\u00e0 \u0111\u1ea1p l\u00ean m\u00f4i tr\u01b0\u1eddng s\u1ed1ng, \u0111\u1ea9y ta v\u00e0o th\u1ebf gi\u1edbi t\u0103m t\u1ed1i c\u1ee7a l\u00f2ng tham va s\u1ef1 h\u00e8n h\u1ea1 kh\u00f4n th\u1ea5u c\u1ee7a b\u1ea3n ch\u1ea5t ng\u01b0\u1eddi.<\/p>\n","protected":false},"featured_media":11368,"template":"","meta":{"_acf_changed":false},"product_brand":[],"product_cat":[15,72],"product_tag":[],"class_list":{"0":"post-11370","1":"product","2":"type-product","3":"status-publish","4":"has-post-thumbnail","6":"product_cat-sach-danh-cho-nguoi-lon","7":"product_cat-trinh-tham-kinh-di","9":"first","10":"outofstock","11":"taxable","12":"shipping-taxable","13":"purchasable","14":"product-type-simple"},"supplier_id":null,"supplier_sku":"","barcode":null,"atum_controlled":true,"out_stock_date":"2021-06-03 17:26:05","out_stock_threshold":null,"inheritable":false,"inbound_stock":0,"stock_on_hold":0,"sold_today":0,"sales_last_days":0,"reserved_stock":0,"customer_returns":0,"warehouse_damage":0,"lost_in_post":0,"other_logs":0,"out_stock_days":1700,"lost_sales":0,"has_location":false,"update_date":"2026-01-28T23:10:49","atum_locations":[],"atum_stock_status":"outofstock","restock_status":false,"low_stock_amount":"","sales_update_date":"2026-01-28T23:10:49","calc_backorders":null,"acf":{"publisher":{"ID":11367,"post_author":"1","post_date":"2021-06-03 01:55:01","post_date_gmt":"2021-06-02 22:55:01","post_content":"","post_title":"Tao \u0110\u00e0n","post_excerpt":"","post_status":"publish","comment_status":"closed","ping_status":"closed","post_password":"","post_name":"tao-dan","to_ping":"","pinged":"","post_modified":"2021-06-03 01:55:01","post_modified_gmt":"2021-06-02 22:55:01","post_content_filtered":"","post_parent":0,"guid":"https:\/\/sachviet.eu\/nha-phat-hanh\/tao-dan\/","menu_order":0,"post_type":"publisher","post_mime_type":"","comment_count":"0","filter":"raw"}},"_links":{"self":[{"href":"https:\/\/sachviet.eu\/en\/wp-json\/wp\/v2\/product\/11370","targetHints":{"allow":["GET"]}}],"collection":[{"href":"https:\/\/sachviet.eu\/en\/wp-json\/wp\/v2\/product"}],"about":[{"href":"https:\/\/sachviet.eu\/en\/wp-json\/wp\/v2\/types\/product"}],"wp:featuredmedia":[{"embeddable":true,"href":"https:\/\/sachviet.eu\/en\/wp-json\/wp\/v2\/media\/11368"}],"wp:attachment":[{"href":"https:\/\/sachviet.eu\/en\/wp-json\/wp\/v2\/media?parent=11370"}],"wp:term":[{"taxonomy":"product_brand","embeddable":true,"href":"https:\/\/sachviet.eu\/en\/wp-json\/wp\/v2\/product_brand?post=11370"},{"taxonomy":"product_cat","embeddable":true,"href":"https:\/\/sachviet.eu\/en\/wp-json\/wp\/v2\/product_cat?post=11370"},{"taxonomy":"product_tag","embeddable":true,"href":"https:\/\/sachviet.eu\/en\/wp-json\/wp\/v2\/product_tag?post=11370"}],"curies":[{"name":"wp","href":"https:\/\/api.w.org\/{rel}","templated":true}]}}