{"id":11366,"date":"2021-06-03T01:54:58","date_gmt":"2021-06-02T22:54:58","guid":{"rendered":"https:\/\/sachviet.eu\/shop\/sai-gon-mot-thuo-dan-ong-ta-do\/"},"modified":"2023-10-08T19:49:48","modified_gmt":"2023-10-08T16:49:48","slug":"sai-gon-mot-thuo-dan-ong-ta-do","status":"publish","type":"product","link":"https:\/\/sachviet.eu\/en\/shop\/sai-gon-mot-thuo-dan-ong-ta-do\/","title":{"rendered":"S\u00e0i G\u00f2n M\u1ed9t Thu\u1edf &#8220;D\u00e2n \u00d4ng T\u1ea1 \u0110\u00f3!&#8221;"},"content":{"rendered":"<p>L\u00e0 m\u1ed9t c\u00e2y b\u00fat gi\u00e0u kinh nghi\u1ec7m. m\u1ed9t ng\u01b0\u1eddi con l\u1edbn l\u00ean \u1edf khu \u00d4ng T\u1ea1 S\u00e0i G\u00f2n v\u00e0o \u0111\u00fang giai \u0111o\u1ea1n l\u1ecbch s\u1eed nhi\u1ec1u bi\u1ebfn \u0111\u1ed9ng, t\u00e1c gi\u1ea3 C\u00f9 Mai C\u00f4ng \u0111\u00e3 d\u00e0nh nhi\u1ec1u t\u00e2m huy\u1ebft cho t\u00e1c ph\u1ea9m &#8220;S\u00e0i G\u00f2n m\u1ed9t thu\u1edf &#8216; &#8220;d\u00e2n \u00d4ng T\u1ea1 \u0111\u00f3!&#8221;<\/p>\n<p>S\u00e0i G\u00f2n l\u00e0 v\u1eady, h\u00e0o s\u1ea3ng \u0111\u00f3n nh\u1eefng ng\u01b0\u1eddi d\u00e2n  t\u1ee9 x\u1ee9 t\u1ee5 v\u1ec1, r\u1ed3i ch\u00ednh nh\u1eefng con ng\u01b0\u1eddi l\u1ea1i khi s\u1ed1ng g\u1ea7n nhau, l\u1ea1i l\u00e0m n\u00ean b\u1ea3n s\u1eafc cho m\u1ed9t \u0111\u1ecba danh. N\u00f3i &#8220;d\u00e2n \u00d4ng T\u1ea1 \u0111\u00f3!&#8221; l\u00e0 ng\u01b0\u1eddi ta nh\u1edb t\u1edbi khu ch\u1ee3 B\u1eafc v\u1edbi nh\u1eefng m\u00f3n \u0111\u1eb7c s\u1ea3n gi\u00f2 ch\u1ea3, m\u1eafm t\u00f4m, b\u00fan ch\u1ea3&#8230;, nh\u1edb b\u01b0\u1edbc ch\u00e2n v\u00e0o Nam c\u1ee7a ng\u01b0\u1eddi d\u00e2n B\u1eafc 54 c\u00f9ng kh\u00e1t v\u1ecdng s\u1ed1ng v\u00e0 v\u01b0\u01a1n l\u00ean m\u1ea1nh m\u1ebd, nh\u1edb \u0111\u1ea1i \u0111\u1ed3n Ch\u00ed H\u00f2a, nh\u1eefng tr\u1ea1i l\u00ednh th\u1eddi tr\u01b0\u1edbc 75, nh\u1eefng khu ngh\u0129a \u0111\u1ecba v\u1edbi bao tin \u0111\u1ed3n h\u01b0 h\u01b0 th\u1ef1c th\u1ef1c, \u0111\u1eb7c bi\u1ec7t, \u0111\u00e2y l\u00e0 n\u01a1i quy t\u1ee5 nh\u1eefng v\u0103n ngh\u1ec7 s\u0129 n\u1ed5i ti\u1ebfng trong nhi\u1ec1u l\u0129nh v\u1ef1c, t\u1eeb tr\u01b0\u1edbc \u0111\u1ebfn nay. &#8220;Nh\u1eefng ng\u01b0\u1eddi mu\u00f4n n\u0103m \u1ea5y&#8221; c\u00f3 khi nay kh\u00f4ng c\u00f2n, ho\u1eb7c \u0111\u00e3 \u0111i mu\u00f4n ph\u01b0\u01a1ng, nh\u01b0ng m\u1ed9t th\u1eddi h\u1ecd l\u00e0 &#8220;d\u00e2n \u00d4ng T\u1ea1&#8221;, g\u00f3p ph\u1ea7n t\u1ea1o n\u00e9t ri\u00eang cho v\u00f9ng \u0111\u1ea5t n\u00e0y.<\/p>\n<p>\u00d4ng T\u1ea1 l\u00e0 m\u1ed9t ph\u1ea7n c\u1ee7a S\u00e0i G\u00f2n m\u1ed9t thu\u1edf. C\u00f3 nhi\u1ec1u ng\u01b0\u1eddi tr\u1ebb S\u00e0i G\u00f2n h\u00f4m nay v\u1eabn c\u00f2n nghe &#8220;ng\u00e3 ba \u00f4ng T\u1ea1&#8221;, th\u1ebf nh\u01b0ng &#8220;\u00d4ng T\u1ea1&#8221; th\u1ef1c ra l\u00e0 ai, v\u00ec sao \u0111\u01b0\u1ee3c l\u1ea5y t\u00ean \u0111\u1eb7t t\u00ean ng\u00e3 ba, t\u00ean ch\u1ee3&#8230; th\u00ec nhi\u1ec1u ng\u01b0\u1eddi kh\u00f4ng r\u00f5. L\u1ecbch s\u1eed v\u00e0 x\u00e3 h\u1ed9i m\u1ed9t th\u1eddi \u0111\u01b0\u1ee3c ghi l\u1ea1i t\u1ec9 m\u1ec9 v\u00e0 \u0111\u1ea7y th\u00fa v\u1ecb qua ng\u00f2i b\u00fat c\u1ee7a t\u00e1c gi\u1ea3 v\u1ed1n l\u00e0 nh\u00e0 v\u0103n &#8211; nh\u00e0 b\u00e1o t\u1eebng tr\u1ea3i. Anh nh\u1edb t\u1ec9 m\u1ec9 \u0111\u1ebfn t\u1eebng ng\u00f5 nh\u1ecf, qu\u00e1n cafe, nh\u1eefng nh\u00e2n v\u1eadt m\u1ed9t th\u1eddi phong v\u00e2n&#8230; v\u1edbi t\u00ecnh y\u00eau m\u1ebfn v\u00e0 tr\u00e2n tr\u1ecdng.<br \/>\nCu\u1ed1n s\u00e1ch \u0111\u00e3 g\u00f3p m\u1ed9t m\u1ea3ng m\u00e0u \u0111\u1ed9c \u0111\u00e1o trong nh\u1eefng t\u00e1c ph\u1ea9m v\u1ec1 S\u00e0i G\u00f2n.<\/p>\n","protected":false},"excerpt":{"rendered":"<p>L\u00e0 m\u1ed9t c\u00e2y b\u00fat gi\u00e0u kinh nghi\u1ec7m. m\u1ed9t ng\u01b0\u1eddi con l\u1edbn l\u00ean \u1edf khu \u00d4ng T\u1ea1 S\u00e0i G\u00f2n v\u00e0o \u0111\u00fang giai \u0111o\u1ea1n l\u1ecbch s\u1eed nhi\u1ec1u bi\u1ebfn \u0111\u1ed9ng, t\u00e1c gi\u1ea3 C\u00f9 Mai C\u00f4ng \u0111\u00e3 d\u00e0nh nhi\u1ec1u t\u00e2m huy\u1ebft cho t\u00e1c ph\u1ea9m &#8220;S\u00e0i G\u00f2n m\u1ed9t thu\u1edf &#8216; &#8220;d\u00e2n \u00d4ng T\u1ea1 \u0111\u00f3!&#8221;<\/p>\n<p>S\u00e0i G\u00f2n l\u00e0 v\u1eady, h\u00e0o s\u1ea3ng \u0111\u00f3n nh\u1eefng ng\u01b0\u1eddi d\u00e2n  t\u1ee9 x\u1ee9 t\u1ee5 v\u1ec1, r\u1ed3i ch\u00ednh nh\u1eefng con ng\u01b0\u1eddi l\u1ea1i khi s\u1ed1ng g\u1ea7n nhau, l\u1ea1i l\u00e0m n\u00ean b\u1ea3n s\u1eafc cho m\u1ed9t \u0111\u1ecba danh. N\u00f3i &#8220;d\u00e2n \u00d4ng T\u1ea1 \u0111\u00f3!&#8221; l\u00e0 ng\u01b0\u1eddi ta nh\u1edb t\u1edbi khu ch\u1ee3 B\u1eafc v\u1edbi nh\u1eefng m\u00f3n \u0111\u1eb7c s\u1ea3n gi\u00f2 ch\u1ea3, m\u1eafm t\u00f4m, b\u00fan ch\u1ea3&#8230;, nh\u1edb b\u01b0\u1edbc ch\u00e2n v\u00e0o Nam c\u1ee7a ng\u01b0\u1eddi d\u00e2n B\u1eafc 54 c\u00f9ng kh\u00e1t v\u1ecdng s\u1ed1ng v\u00e0 v\u01b0\u01a1n l\u00ean m\u1ea1nh m\u1ebd, nh\u1edb \u0111\u1ea1i \u0111\u1ed3n Ch\u00ed H\u00f2a, nh\u1eefng tr\u1ea1i l\u00ednh th\u1eddi tr\u01b0\u1edbc 75, nh\u1eefng khu ngh\u0129a \u0111\u1ecba v\u1edbi bao tin \u0111\u1ed3n h\u01b0 h\u01b0 th\u1ef1c th\u1ef1c, \u0111\u1eb7c bi\u1ec7t, \u0111\u00e2y l\u00e0 n\u01a1i quy t\u1ee5 nh\u1eefng v\u0103n ngh\u1ec7 s\u0129 n\u1ed5i ti\u1ebfng trong nhi\u1ec1u l\u0129nh v\u1ef1c, t\u1eeb tr\u01b0\u1edbc \u0111\u1ebfn nay. &#8220;Nh\u1eefng ng\u01b0\u1eddi mu\u00f4n n\u0103m \u1ea5y&#8221; c\u00f3 khi nay kh\u00f4ng c\u00f2n, ho\u1eb7c \u0111\u00e3 \u0111i mu\u00f4n ph\u01b0\u01a1ng, nh\u01b0ng m\u1ed9t th\u1eddi h\u1ecd l\u00e0 &#8220;d\u00e2n \u00d4ng T\u1ea1&#8221;, g\u00f3p ph\u1ea7n t\u1ea1o n\u00e9t ri\u00eang cho v\u00f9ng \u0111\u1ea5t n\u00e0y.<\/p>\n<p>\u00d4ng T\u1ea1 l\u00e0 m\u1ed9t ph\u1ea7n c\u1ee7a S\u00e0i G\u00f2n m\u1ed9t thu\u1edf. C\u00f3 nhi\u1ec1u ng\u01b0\u1eddi tr\u1ebb S\u00e0i G\u00f2n h\u00f4m nay v\u1eabn c\u00f2n nghe &#8220;ng\u00e3 ba \u00f4ng T\u1ea1&#8221;, th\u1ebf nh\u01b0ng &#8220;\u00d4ng T\u1ea1&#8221; th\u1ef1c ra l\u00e0 ai, v\u00ec sao \u0111\u01b0\u1ee3c l\u1ea5y t\u00ean \u0111\u1eb7t t\u00ean ng\u00e3 ba, t\u00ean ch\u1ee3&#8230; th\u00ec nhi\u1ec1u ng\u01b0\u1eddi kh\u00f4ng r\u00f5. L\u1ecbch s\u1eed v\u00e0 x\u00e3 h\u1ed9i m\u1ed9t th\u1eddi \u0111\u01b0\u1ee3c ghi l\u1ea1i t\u1ec9 m\u1ec9 v\u00e0 \u0111\u1ea7y th\u00fa v\u1ecb qua ng\u00f2i b\u00fat c\u1ee7a t\u00e1c gi\u1ea3 v\u1ed1n l\u00e0 nh\u00e0 v\u0103n &#8211; nh\u00e0 b\u00e1o t\u1eebng tr\u1ea3i. Anh nh\u1edb t\u1ec9 m\u1ec9 \u0111\u1ebfn t\u1eebng ng\u00f5 nh\u1ecf, qu\u00e1n cafe, nh\u1eefng nh\u00e2n v\u1eadt m\u1ed9t th\u1eddi phong v\u00e2n&#8230; v\u1edbi t\u00ecnh y\u00eau m\u1ebfn v\u00e0 tr\u00e2n tr\u1ecdng.<br \/>\nCu\u1ed1n s\u00e1ch \u0111\u00e3 g\u00f3p m\u1ed9t m\u1ea3ng m\u00e0u \u0111\u1ed9c \u0111\u00e1o trong nh\u1eefng t\u00e1c ph\u1ea9m v\u1ec1 S\u00e0i G\u00f2n.<\/p>\n","protected":false},"featured_media":11353,"template":"","meta":{"_acf_changed":false},"product_brand":[],"product_cat":[15,47],"product_tag":[],"class_list":{"0":"post-11366","1":"product","2":"type-product","3":"status-publish","4":"has-post-thumbnail","6":"product_cat-sach-danh-cho-nguoi-lon","7":"product_cat-truyen-ngan-tan-van","9":"first","10":"outofstock","11":"taxable","12":"shipping-taxable","13":"purchasable","14":"product-type-simple"},"supplier_id":null,"supplier_sku":"","barcode":null,"atum_controlled":true,"out_stock_date":"2023-10-08 16:49:48","out_stock_threshold":null,"inheritable":false,"inbound_stock":1,"stock_on_hold":0,"sold_today":0,"sales_last_days":0,"reserved_stock":0,"customer_returns":0,"warehouse_damage":0,"lost_in_post":0,"other_logs":0,"out_stock_days":843,"lost_sales":0,"has_location":false,"update_date":"2026-01-28T23:10:49","atum_locations":[],"atum_stock_status":"outofstock","restock_status":false,"low_stock_amount":"","sales_update_date":"2026-01-28T23:10:49","calc_backorders":null,"acf":{"publisher":{"ID":1517,"post_author":"1","post_date":"2021-02-17 01:14:41","post_date_gmt":"2021-02-16 23:14:41","post_content":"","post_title":"NXB Tr\u1ebb","post_excerpt":"","post_status":"publish","comment_status":"closed","ping_status":"closed","post_password":"","post_name":"nxb-tre","to_ping":"","pinged":"","post_modified":"2021-02-17 01:14:41","post_modified_gmt":"2021-02-16 23:14:41","post_content_filtered":"","post_parent":0,"guid":"https:\/\/sachviet.eu\/nha-phat-hanh\/nxb-tre\/","menu_order":0,"post_type":"publisher","post_mime_type":"","comment_count":"0","filter":"raw"}},"_links":{"self":[{"href":"https:\/\/sachviet.eu\/en\/wp-json\/wp\/v2\/product\/11366","targetHints":{"allow":["GET"]}}],"collection":[{"href":"https:\/\/sachviet.eu\/en\/wp-json\/wp\/v2\/product"}],"about":[{"href":"https:\/\/sachviet.eu\/en\/wp-json\/wp\/v2\/types\/product"}],"wp:featuredmedia":[{"embeddable":true,"href":"https:\/\/sachviet.eu\/en\/wp-json\/wp\/v2\/media\/11353"}],"wp:attachment":[{"href":"https:\/\/sachviet.eu\/en\/wp-json\/wp\/v2\/media?parent=11366"}],"wp:term":[{"taxonomy":"product_brand","embeddable":true,"href":"https:\/\/sachviet.eu\/en\/wp-json\/wp\/v2\/product_brand?post=11366"},{"taxonomy":"product_cat","embeddable":true,"href":"https:\/\/sachviet.eu\/en\/wp-json\/wp\/v2\/product_cat?post=11366"},{"taxonomy":"product_tag","embeddable":true,"href":"https:\/\/sachviet.eu\/en\/wp-json\/wp\/v2\/product_tag?post=11366"}],"curies":[{"name":"wp","href":"https:\/\/api.w.org\/{rel}","templated":true}]}}