{"id":11352,"date":"2021-06-03T01:54:20","date_gmt":"2021-06-02T22:54:20","guid":{"rendered":"https:\/\/sachviet.eu\/shop\/thien-quan-tu-phuc-tap-2\/"},"modified":"2021-08-16T13:43:20","modified_gmt":"2021-08-16T10:43:20","slug":"thien-quan-tu-phuc-tap-2","status":"publish","type":"product","link":"https:\/\/sachviet.eu\/en\/shop\/thien-quan-tu-phuc-tap-2\/","title":{"rendered":"Thi\u00ean Quan T\u1ee9 Ph\u00fac &#8211; T\u1eadp 2"},"content":{"rendered":"<p>Ng\u01b0\u1ee3c d\u00f2ng th\u1eddi gian quay l\u1ea1i t\u00e1m tr\u0103m n\u0103m tr\u01b0\u1edbc, khi Ti\u00ean L\u1ea1c \u0111\u01b0\u01a1ng l\u00fac h\u01b0ng th\u1ecbnh, tai \u01b0\u01a1ng ch\u01b0a \u1eadp \u0111\u1ebfn, n\u01b0\u1edbc ch\u01b0a m\u1ea5t, nh\u00e0 ch\u01b0a tan. B\u1ea5y gi\u1edd, T\u1ea1 Li\u00ean v\u1eabn c\u00f2n l\u00e0 th\u00e1i t\u1eed \u0111i\u1ec7n h\u1ea1 \u0111\u01b0\u1ee3c ng\u01b0\u1eddi ng\u01b0\u1eddi ng\u01b0\u1ee1ng v\u1ecdng, y ch\u01b0a m\u1ea5t cha m\u1eb9, v\u1eabn c\u00f2n ng\u01b0\u1eddi th\u00e2n v\u00e0 thu\u1ed9c h\u1ea1 \u0111\u1ed3ng h\u00e0nh. Tr\u00ean \u0111\u01b0\u1eddng Th\u1ea7n V\u00f5, y c\u1ee9u m\u1ed9t \u0111\u1ee9a b\u00e9 mang m\u1ec7nh Thi\u00ean s\u00e1t c\u00f4 tinh r\u1ed3i \u0111\u1ed1t l\u00ean kh\u00e1t v\u1ecdng s\u1ed1ng v\u1ed1n \u0111\u00e3 t\u1eaft l\u1ecbm trong tim c\u1eadu. Y mang trong m\u00ecnh nhi\u1ec7t huy\u1ebft mu\u1ed1n \u0111i ng\u01b0\u1ee3c l\u1ea1i nh\u1eefng \u0111i\u1ec1u v\u1eabn lu\u00f4n l\u00e0 quy ph\u1ea1m, tr\u01b0\u1edbc t\u01b0\u1ee3ng Th\u1ea7n V\u00f5 \u0110\u1ea1i \u0110\u1ebf, y n\u00f3i m\u00ecnh kh\u00f4ng s\u1ee3 \u0111\u1ed1i kh\u00e1ng v\u1edbi \u0111\u1ea5t tr\u1eddi. Th\u1ebf r\u1ed3i&#8230;<\/p>\n<p>N\u0103m \u0111\u00f3 m\u01b0\u1eddi b\u1ea3y tu\u1ed5i, y ch\u00e9m qu\u1ef7 phi th\u0103ng.<\/p>\n<p>N\u0103m \u0111\u00f3 h\u1ea1n kh\u1eafp n\u01a1i, t\u00f3c ph\u1ee5 v\u01b0\u01a1ng b\u1ea1c tr\u1eafng.<\/p>\n<p>N\u0103m \u0111\u00f3 h\u1ecda ng\u1eadp \u0111\u1ea7u, y ch\u1eb3ng th\u1ec3 c\u1ea3n ng\u0103n&#8230;<\/p>\n<p>\u0110\u00f4i n\u00e9t t\u00e1c gi\u1ea3<\/p>\n<p>Ngh\u1ec1 nghi\u1ec7p: Ti\u1ec3u thuy\u1ebft gia c\u1ee7a m\u1ea1ng v\u0103n h\u1ecdc T\u1ea5n Giang.<\/p>\n<p>&#8220;G\u1eb7p \u0111\u01b0\u1ee3c ng\u01b0\u1eddi, ch\u1ec9 ba ch\u1eef n\u00e0y th\u00f4i \u0111\u00e3 l\u00e0 m\u1ed9t trong nh\u1eefng chuy\u1ec7n l\u00e3ng m\u1ea1n nh\u1ea5t th\u1ebf gi\u1edbi.\u201d<\/p>\n<p>C\u00e1c t\u00e1c ph\u1ea9m \u0111\u00e3 xu\u1ea5t b\u1ea3n t\u1ea1i Vi\u1ec7t Nam: Ma \u0111\u1ea1o t\u1ed5 s\u01b0, H\u1ec7 th\u1ed1ng t\u1ef1 c\u1ee9u c\u1ee7a nh\u00e2n v\u1eadt ph\u1ea3n di\u1ec7n.<\/p>\n","protected":false},"excerpt":{"rendered":"<p>Ng\u01b0\u1ee3c d\u00f2ng th\u1eddi gian quay l\u1ea1i t\u00e1m tr\u0103m n\u0103m tr\u01b0\u1edbc, khi Ti\u00ean L\u1ea1c \u0111\u01b0\u01a1ng l\u00fac h\u01b0ng th\u1ecbnh, tai \u01b0\u01a1ng ch\u01b0a \u1eadp \u0111\u1ebfn, n\u01b0\u1edbc ch\u01b0a m\u1ea5t, nh\u00e0 ch\u01b0a tan. B\u1ea5y gi\u1edd, T\u1ea1 Li\u00ean v\u1eabn c\u00f2n l\u00e0 th\u00e1i t\u1eed \u0111i\u1ec7n h\u1ea1 \u0111\u01b0\u1ee3c ng\u01b0\u1eddi ng\u01b0\u1eddi ng\u01b0\u1ee1ng v\u1ecdng, y ch\u01b0a m\u1ea5t cha m\u1eb9, v\u1eabn c\u00f2n ng\u01b0\u1eddi th\u00e2n v\u00e0 thu\u1ed9c h\u1ea1 \u0111\u1ed3ng h\u00e0nh. Tr\u00ean \u0111\u01b0\u1eddng Th\u1ea7n V\u00f5, y c\u1ee9u m\u1ed9t \u0111\u1ee9a b\u00e9 mang m\u1ec7nh Thi\u00ean s\u00e1t c\u00f4 tinh r\u1ed3i \u0111\u1ed1t l\u00ean kh\u00e1t v\u1ecdng s\u1ed1ng v\u1ed1n \u0111\u00e3 t\u1eaft l\u1ecbm trong tim c\u1eadu. Y mang trong m\u00ecnh nhi\u1ec7t huy\u1ebft mu\u1ed1n \u0111i ng\u01b0\u1ee3c l\u1ea1i nh\u1eefng \u0111i\u1ec1u v\u1eabn lu\u00f4n l\u00e0 quy ph\u1ea1m, tr\u01b0\u1edbc t\u01b0\u1ee3ng Th\u1ea7n V\u00f5 \u0110\u1ea1i \u0110\u1ebf, y n\u00f3i m\u00ecnh kh\u00f4ng s\u1ee3 \u0111\u1ed1i kh\u00e1ng v\u1edbi \u0111\u1ea5t tr\u1eddi. Th\u1ebf r\u1ed3i&#8230;<\/p>\n<p>N\u0103m \u0111\u00f3 m\u01b0\u1eddi b\u1ea3y tu\u1ed5i, y ch\u00e9m qu\u1ef7 phi th\u0103ng.<\/p>\n<p>N\u0103m \u0111\u00f3 h\u1ea1n kh\u1eafp n\u01a1i, t\u00f3c ph\u1ee5 v\u01b0\u01a1ng b\u1ea1c tr\u1eafng.<\/p>\n<p>N\u0103m \u0111\u00f3 h\u1ecda ng\u1eadp \u0111\u1ea7u, y ch\u1eb3ng th\u1ec3 c\u1ea3n ng\u0103n&#8230;<\/p>\n","protected":false},"featured_media":11341,"template":"","meta":{"_acf_changed":false},"product_brand":[],"product_cat":[73,15],"product_tag":[],"class_list":{"0":"post-11352","1":"product","2":"type-product","3":"status-publish","4":"has-post-thumbnail","6":"product_cat-dam-my-ngon-tinh","7":"product_cat-sach-danh-cho-nguoi-lon","9":"first","10":"outofstock","11":"taxable","12":"shipping-taxable","13":"purchasable","14":"product-type-simple"},"supplier_id":null,"supplier_sku":"","barcode":null,"atum_controlled":true,"out_stock_date":"2021-08-16 10:43:21","out_stock_threshold":null,"inheritable":false,"inbound_stock":0,"stock_on_hold":0,"sold_today":0,"sales_last_days":0,"reserved_stock":0,"customer_returns":0,"warehouse_damage":0,"lost_in_post":0,"other_logs":0,"out_stock_days":1626,"lost_sales":0,"has_location":false,"update_date":"2026-01-28T23:10:49","atum_locations":[],"atum_stock_status":"outofstock","restock_status":false,"low_stock_amount":"","sales_update_date":"2026-01-28T23:10:49","calc_backorders":null,"acf":{"publisher":{"ID":11328,"post_author":"1","post_date":"2021-06-03 01:48:59","post_date_gmt":"2021-06-02 22:48:59","post_content":"","post_title":"ZGROUP","post_excerpt":"","post_status":"publish","comment_status":"closed","ping_status":"closed","post_password":"","post_name":"zgroup","to_ping":"","pinged":"","post_modified":"2021-06-03 01:48:59","post_modified_gmt":"2021-06-02 22:48:59","post_content_filtered":"","post_parent":0,"guid":"https:\/\/sachviet.eu\/nha-phat-hanh\/zgroup\/","menu_order":0,"post_type":"publisher","post_mime_type":"","comment_count":"0","filter":"raw"}},"_links":{"self":[{"href":"https:\/\/sachviet.eu\/en\/wp-json\/wp\/v2\/product\/11352","targetHints":{"allow":["GET"]}}],"collection":[{"href":"https:\/\/sachviet.eu\/en\/wp-json\/wp\/v2\/product"}],"about":[{"href":"https:\/\/sachviet.eu\/en\/wp-json\/wp\/v2\/types\/product"}],"wp:featuredmedia":[{"embeddable":true,"href":"https:\/\/sachviet.eu\/en\/wp-json\/wp\/v2\/media\/11341"}],"wp:attachment":[{"href":"https:\/\/sachviet.eu\/en\/wp-json\/wp\/v2\/media?parent=11352"}],"wp:term":[{"taxonomy":"product_brand","embeddable":true,"href":"https:\/\/sachviet.eu\/en\/wp-json\/wp\/v2\/product_brand?post=11352"},{"taxonomy":"product_cat","embeddable":true,"href":"https:\/\/sachviet.eu\/en\/wp-json\/wp\/v2\/product_cat?post=11352"},{"taxonomy":"product_tag","embeddable":true,"href":"https:\/\/sachviet.eu\/en\/wp-json\/wp\/v2\/product_tag?post=11352"}],"curies":[{"name":"wp","href":"https:\/\/api.w.org\/{rel}","templated":true}]}}