{"id":1134,"date":"2021-02-14T16:38:39","date_gmt":"2021-02-14T14:38:39","guid":{"rendered":"https:\/\/sachviet.eu\/shop\/tu-dien-tieng-em\/"},"modified":"2023-03-18T13:00:24","modified_gmt":"2023-03-18T11:00:24","slug":"tu-dien-tieng-em","status":"publish","type":"product","link":"https:\/\/sachviet.eu\/en\/shop\/tu-dien-tieng-em\/","title":{"rendered":"T\u1eeb \u0111i\u1ec3n ti\u1ebfng em"},"content":{"rendered":"<p>\u0110\u1ec3 t\u1ef1 tin tung h\u1ee9ng v\u1edbi ng\u00f4n ng\u1eef th\u1eddi 4.0 c\u1ee7a c\u00e1c b\u1ea1n tr\u1ebb v\u00e0 tho\u00e1t kh\u1ecfi m\u00e1c \u201ct\u1ed1i c\u1ed5\u201d, h\u00e3y \u0111\u1ebfn v\u1edbi cu\u1ed1n t\u1eeb \u0111i\u1ec3n \u201csi\u00eau m\u1eb7n m\u00e0\u201d :\u201cT\u1eeb \u0111i\u1ec3n ti\u1ebfng \u201cEm\u201c.<br \/>\n\u0110\u00e2y kh\u00f4ng ch\u1ec9 l\u00e0 cu\u1ed1n s\u00e1ch ch\u1ec9 bi\u1ebft n\u00f3i d\u0103m ba c\u00e2u chuy\u1ec7n v\u1ec1 t\u00ecnh y\u00eau. C\u00f2n nhi\u1ec1u h\u01a1n th\u1ebf!<\/p>\n<p>L\u00e0 nh\u1eefng c\u00e2u c\u1eeda mi\u1ec7ng c\u1ee7a gi\u1edbi tr\u1ebb th\u1eddi nay; l\u00e0 ho\u1ea1t \u0111\u1ed9ng t\u01b0\u1edfng v\u00f4 b\u1ed5 nh\u01b0ng c\u1ea7n thi\u1ebft cho s\u1ef1 s\u1ed1ng: \u0103n, ng\u1ee7, t\u1eafm, g\u1ed9i c\u0169ng \u0111\u01b0\u1ee3c \u0111\u1ecbnh ngh\u0129a h\u1ebft s\u1ee9c d\u00ed d\u1ecfm&#8230; V\u00e0 c\u0169ng kh\u00f4ng thi\u1ebfu nh\u1eefng \u201ct\u1eadt x\u1ea5u, th\u00f3i h\u01b0\u201d ngh\u0129 \u0111\u1ebfn \u0111\u00e3 th\u1ea5y \u201ct\u1ee9c c\u00e1i l\u1ed3ng ng\u1ef1c\u201d&#8230;<\/p>\n<p>V\u00e0 b\u1ea1n y\u00ean t\u00e2m, \u201ct\u1eadp \u0111o\u00e0n\u201d Kho T\u1eeb \u0110i\u1ec3n \u0111i\u1ec1u h\u00e0nh b\u1edfi Th\u1ecbt Kho \u2013 Hi\u1ec7p Th\u1ecb &#8211; 2 ch\u1ee7 x\u1ecb cho ra \u0111\u1eddi cu\u1ed1n s\u00e1ch nh\u1ecf b\u00e9 x\u00edu xiu nh\u01b0ng m\u1edbi m\u1ebb v\u00e0 m\u1eb7n m\u00e0 v\u00f4 c\u00f9ng n\u00e0y s\u1ebd khi\u1ebfn b\u1ea1n tho\u00e1t m\u00e1c \u201cng\u01b0\u1eddi t\u1ed1i c\u1ed5\u201d c\u01b0\u1eddi c\u1ea3 ng\u00e0y kh\u00f4ng ch\u00e1n, nh\u00ecn b\u1ea1n b\u00e8 quanh m\u00ecnh b\u1eb1ng \u00e1nh m\u1eaft d\u1ec5 th\u01b0\u01a1ng, t\u1eadn h\u01b0\u1edfng cu\u1ed9c \u0111\u1eddi v\u1edbi nh\u1eefng \u0111\u1ecbnh ngh\u0129a ho\u00e0n to\u00e0n!!!<\/p>\n<p>Cu\u1ed1n s\u00e1ch n\u00e0y gi\u1ed1ng nh\u01b0 m\u1ed9t chi\u1ebfc h\u1ed9p Pandora th\u00fa v\u1ecb v\u00e0 h\u1ea5p d\u1eabn ng\u01b0\u1eddi \u0111\u1ecdc, v\u00ec b\u1ea1n kh\u00f4ng th\u1ec3 \u0111o\u00e1n tr\u01b0\u1edbc \u0111\u01b0\u1ee3c t\u00e1c gi\u1ea3 s\u1ebd \u201c\u0111\u1ecbnh ngh\u0129a\u201d c\u00e2u n\u00f3i \u0111\u00f3 theo ngh\u0129a n\u00e0o, cho ta th\u00eam th\u00edch th\u00fa v\u1edbi nh\u1eefng ng\u00f4n t\u1eeb \u0111\u00e1ng y\u00eau s\u1eed d\u1ee5ng m\u1ed7i ng\u00e0y.<br \/>\nV\u1eady n\u00ean, ngay b\u00e2y gi\u1edd, b\u1ea1n \u0111\u00e3 s\u1eb5n s\u00e0ng \u0111\u1ec3 m\u1edf ra nh\u1eefng \u0111i\u1ec1u th\u00fa v\u1ecb trong cu\u1ed1n s\u00e1ch n\u00e0y ch\u01b0a ???<\/p>\n  <div class=\"banner-grid-wrapper\">\n  <div id=\"banner-grid-779022284\" class=\"banner-grid row row-grid row-small\" data-packery-options=\"\">\n                      \n<div class=\"col grid-col large-6 grid-col-1\" ><div class=\"col-inner\">\n\t<div class=\"img has-hover x md-x lg-x y md-y lg-y\" id=\"image_2000645651\">\n\t\t\t\t\t\t\t\t<div class=\"img-inner dark\" >\n\t\t\t<img loading=\"lazy\" decoding=\"async\" width=\"500\" height=\"500\" src=\"https:\/\/sachviet.eu\/wp-content\/uploads\/2021\/02\/d9425a917f1f028a2922946943892c1056d77822.png\" class=\"attachment-large size-large\" alt=\"\" srcset=\"https:\/\/sachviet.eu\/wp-content\/uploads\/2021\/02\/d9425a917f1f028a2922946943892c1056d77822.png 500w, https:\/\/sachviet.eu\/wp-content\/uploads\/2021\/02\/d9425a917f1f028a2922946943892c1056d77822-300x300.png 300w, https:\/\/sachviet.eu\/wp-content\/uploads\/2021\/02\/d9425a917f1f028a2922946943892c1056d77822-150x150.png 150w, https:\/\/sachviet.eu\/wp-content\/uploads\/2021\/02\/d9425a917f1f028a2922946943892c1056d77822-100x100.png 100w\" sizes=\"auto, (max-width: 500px) 100vw, 500px\" \/>\t\t\t\t\t\t\n\t\t\t\t\t<\/div>\n\t\t\t\t\t\t\t\t\n<style>\n#image_2000645651 {\n  width: 100%;\n}\n<\/style>\n\t<\/div>\n\t\n<\/div><\/div>\n<div class=\"col grid-col large-6 grid-col-1\" ><div class=\"col-inner\">\n\t<div class=\"img has-hover x md-x lg-x y md-y lg-y\" id=\"image_607041780\">\n\t\t\t\t\t\t\t\t<div class=\"img-inner dark\" >\n\t\t\t<img loading=\"lazy\" decoding=\"async\" width=\"1020\" height=\"1020\" src=\"https:\/\/sachviet.eu\/wp-content\/uploads\/2021\/02\/122454101_3229417090521226_9014718051402820768_o-1024x1024.png\" class=\"attachment-large size-large\" alt=\"\" srcset=\"https:\/\/sachviet.eu\/wp-content\/uploads\/2021\/02\/122454101_3229417090521226_9014718051402820768_o-1024x1024.png 1024w, https:\/\/sachviet.eu\/wp-content\/uploads\/2021\/02\/122454101_3229417090521226_9014718051402820768_o-300x300.png 300w, https:\/\/sachviet.eu\/wp-content\/uploads\/2021\/02\/122454101_3229417090521226_9014718051402820768_o-150x150.png 150w, https:\/\/sachviet.eu\/wp-content\/uploads\/2021\/02\/122454101_3229417090521226_9014718051402820768_o-768x768.png 768w, https:\/\/sachviet.eu\/wp-content\/uploads\/2021\/02\/122454101_3229417090521226_9014718051402820768_o-600x600.png 600w, https:\/\/sachviet.eu\/wp-content\/uploads\/2021\/02\/122454101_3229417090521226_9014718051402820768_o-100x100.png 100w, https:\/\/sachviet.eu\/wp-content\/uploads\/2021\/02\/122454101_3229417090521226_9014718051402820768_o.png 1200w\" sizes=\"auto, (max-width: 1020px) 100vw, 1020px\" \/>\t\t\t\t\t\t\n\t\t\t\t\t<\/div>\n\t\t\t\t\t\t\t\t\n<style>\n#image_607041780 {\n  width: 100%;\n}\n<\/style>\n\t<\/div>\n\t\n<\/div><\/div>\n            <\/div>\n    <style>\n    #banner-grid-779022284 .grid-col-1{height: 600px}\n    #banner-grid-779022284 .grid-col-1-2{height: 300px}\n    #banner-grid-779022284 .grid-col-1-3{height:200px}\n    #banner-grid-779022284 .grid-col-2-3{height: 400px}\n    #banner-grid-779022284 .grid-col-1-4{height: 150px}\n    #banner-grid-779022284 .grid-col-3-4{height: 450px}\n\n\n    \n    \n\n  <\/style>\n    <\/div>\n  \n","protected":false},"excerpt":{"rendered":"<p><strong>T\u1eea \u0110I\u1ec2N TI\u1ebeNG \u201cEM\u201d \u2013 \u0110\u1ecbnh ngh\u0129a v\u1ec1 th\u1ebf gi\u1edbi m\u1edbi!<\/strong><\/p>\n<p>B\u1ea1n s\u1ebd b\u1ea5t ng\u1edd, khi c\u1ea7m cu\u1ed1n \u201ct\u1eeb \u0111i\u1ec3n\u201d xinh xinh n\u00e0y tr\u00ean tay.<\/p>\n<p>V\u00e0 s\u1ebd c\u00f2n ng\u1ea1c nhi\u00ean h\u01a1n n\u1eefa, khi b\u1eaft \u0111\u1ea7u \u0111\u1ecdc t\u1eebng trang s\u00e1ch\u2026<\/p>\n<p>D\u0129 nhi\u00ean l\u00e0 v\u00ec \u201cT\u1eeb \u0111i\u1ec3n ti\u1ebfng \u201cEm\u201d kh\u00f4ng ph\u1ea3i l\u00e0 m\u1ed9t cu\u1ed1n t\u1eeb \u0111i\u1ec3n th\u00f4ng th\u01b0\u1eddng r\u1ed3i!<\/p>\n<p>N\u00f3i \u0111\u1ebfn \u201ct\u1eeb \u0111i\u1ec3n\u201d, x\u01b0a nay ch\u00fang ta \u0111\u1ec1u ngh\u0129 v\u1ec1 m\u1ed9t b\u1ed9 s\u00e1ch \u0111\u1ed3 s\u1ed9, gi\u1ea3i th\u00edch \u00fd ngh\u0129a, c\u00e1ch d\u00f9ng, d\u1ecbch, c\u00e1ch ph\u00e1t \u00e2m, v\u00e0 th\u01b0\u1eddng k\u00e8m theo c\u00e1c v\u00ed d\u1ee5 v\u1ec1 c\u00e1ch s\u1eed d\u1ee5ng t\u1eeb \u0111\u00f3.<\/p>\n<p>Tuy nhi\u00ean, v\u1edbi cu\u1ed1n s\u00e1ch \u201cT\u1eeb \u0111i\u1ec3n ti\u1ebfng \u201cem\u201d, c\u00e1c b\u1ea1n s\u1ebd h\u1ebft s\u1ee9c b\u1ea5t ng\u1edd v\u1edbi nh\u1eefng \u0111\u1ecbnh ngh\u0129a m\u1edbi, b\u1eaft trend, s\u00e1ng t\u1ea1o, th\u00f4ng minh v\u00e0 v\u00f4 c\u00f9ng h\u00e0i h\u01b0\u1edbc.<\/p>\n<p><strong>Ti\u1ebfng \u201cem\u201d<\/strong> [danh t\u1eeb] \u1edf \u0111\u00e2y l\u00e0 ti\u1ebfng l\u00f2ng c\u1ee7a nh\u1eefng ng\u01b0\u1eddi y\u00eau s\u1ef1 th\u1eadt, gh\u00e9t s\u1ef1 gi\u1ea3 d\u1ed1i<\/p>\n<p><strong>C\u00f4 \u0111\u01a1n<\/strong> [ t\u00ednh t\u1eeb ] kh\u00f4ng ph\u1ea3i l\u00e0 kh\u00f4ng c\u00f3 ai b\u00ean c\u1ea1nh, m\u00e0 l\u00e0 ng\u01b0\u1eddi m\u00ecnh mu\u1ed1n \u1edf c\u1ea1nh l\u1ea1i kh\u00f4ng h\u1ec1 \u1edf b\u00ean<\/p>\n<p><strong>S\u1ed1ng l\u1ed7i<\/strong> [ \u0111\u1ed9ng t\u1eeb ] l\u00e0 c\u00e1ch s\u1ed1ng c\u1ee7a m\u1ea5y b\u1ea1n c\u00f3 ng\u01b0\u1eddi y\u00eau c\u00e1i l\u00e0 b\u1ecf b\u00ea b\u1ea1n b\u00e8 li\u1ec1n h\u00e0&#8230;<\/p>\n<p>Nh\u01b0ng \u0111\u00e2y kh\u00f4ng ch\u1ec9 l\u00e0 cu\u1ed1n s\u00e1ch ch\u1ec9 bi\u1ebft n\u00f3i d\u0103m ba c\u00e2u chuy\u1ec7n v\u1ec1 t\u00ecnh y\u00eau.<br \/>\nC\u00f2n nhi\u1ec1u h\u01a1n th\u1ebf!<\/p>\n<p>L\u00e0 nh\u1eefng c\u00e2u c\u1eeda mi\u1ec7ng c\u1ee7a gi\u1edbi tr\u1ebb th\u1eddi nay; l\u00e0 ho\u1ea1t \u0111\u1ed9ng t\u01b0\u1edfng v\u00f4 b\u1ed5 nh\u01b0ng c\u1ea7n thi\u1ebft cho s\u1ef1 s\u1ed1ng: \u0103n, ng\u1ee7, t\u1eafm, g\u1ed9i c\u0169ng \u0111\u01b0\u1ee3c \u0111\u1ecbnh ngh\u0129a h\u1ebft s\u1ee9c d\u00ed d\u1ecfm&#8230; V\u00e0 c\u0169ng kh\u00f4ng thi\u1ebfu nh\u1eefng \u201ct\u1eadt x\u1ea5u, th\u00f3i h\u01b0\u201d ngh\u0129 \u0111\u1ebfn \u0111\u00e3 th\u1ea5y \u201ct\u1ee9c c\u00e1i l\u1ed3ng ng\u1ef1c\u201d&#8230;<\/p>\n<p>V\u00e0 b\u1ea1n y\u00ean t\u00e2m, \u201ct\u1eadp \u0111o\u00e0n\u201d Kho T\u1eeb \u0110i\u1ec3n \u0111i\u1ec1u h\u00e0nh b\u1edfi Th\u1ecbt Kho \u2013 Hi\u1ec7p Th\u1ecb &#8211; 2 ch\u1ee7 x\u1ecb cho ra \u0111\u1eddi cu\u1ed1n s\u00e1ch nh\u1ecf b\u00e9 x\u00edu xiu nh\u01b0ng m\u1edbi m\u1ebb v\u00e0 m\u1eb7n m\u00e0 v\u00f4 c\u00f9ng n\u00e0y s\u1ebd khi\u1ebfn b\u1ea1n tho\u00e1t m\u00e1c \u201cng\u01b0\u1eddi t\u1ed1i c\u1ed5\u201d c\u01b0\u1eddi c\u1ea3 ng\u00e0y kh\u00f4ng ch\u00e1n, nh\u00ecn b\u1ea1n b\u00e8 quanh m\u00ecnh b\u1eb1ng \u00e1nh m\u1eaft d\u1ec5 th\u01b0\u01a1ng, t\u1eadn h\u01b0\u1edfng cu\u1ed9c \u0111\u1eddi v\u1edbi nh\u1eefng \u0111\u1ecbnh ngh\u0129a ho\u00e0n to\u00e0n!!!<\/p>\n<p>Cu\u1ed1n s\u00e1ch n\u00e0y gi\u1ed1ng nh\u01b0 m\u1ed9t chi\u1ebfc h\u1ed9p Pandora th\u00fa v\u1ecb v\u00e0 h\u1ea5p d\u1eabn ng\u01b0\u1eddi \u0111\u1ecdc, v\u00ec b\u1ea1n kh\u00f4ng th\u1ec3 \u0111o\u00e1n tr\u01b0\u1edbc \u0111\u01b0\u1ee3c t\u00e1c gi\u1ea3 s\u1ebd \u201c\u0111\u1ecbnh ngh\u0129a\u201d c\u00e2u n\u00f3i \u0111\u00f3 theo ngh\u0129a n\u00e0o, cho ta th\u00eam th\u00edch th\u00fa v\u1edbi nh\u1eefng ng\u00f4n t\u1eeb \u0111\u00e1ng y\u00eau s\u1eed d\u1ee5ng m\u1ed7i ng\u00e0y.<br \/>\nV\u1eady n\u00ean, ngay b\u00e2y gi\u1edd, b\u1ea1n \u0111\u00e3 s\u1eb5n s\u00e0ng \u0111\u1ec3 m\u1edf ra nh\u1eefng \u0111i\u1ec1u th\u00fa v\u1ecb trong cu\u1ed1n s\u00e1ch n\u00e0y ch\u01b0a???<\/p>\n","protected":false},"featured_media":1124,"template":"","meta":{"_acf_changed":false},"product_brand":[],"product_cat":[75,15],"product_tag":[],"class_list":{"0":"post-1134","1":"product","2":"type-product","3":"status-publish","4":"has-post-thumbnail","6":"product_cat-giai-tri-truyen-cuoi","7":"product_cat-sach-danh-cho-nguoi-lon","9":"first","10":"outofstock","11":"taxable","12":"shipping-taxable","13":"purchasable","14":"product-type-simple"},"supplier_id":null,"supplier_sku":"","barcode":null,"atum_controlled":true,"out_stock_date":"2023-03-18 11:00:24","out_stock_threshold":null,"inheritable":false,"inbound_stock":2,"stock_on_hold":0,"sold_today":0,"sales_last_days":0,"reserved_stock":0,"customer_returns":0,"warehouse_damage":0,"lost_in_post":0,"other_logs":0,"out_stock_days":1047,"lost_sales":0,"has_location":false,"update_date":"2026-01-28T23:10:29","atum_locations":[],"atum_stock_status":"outofstock","restock_status":false,"low_stock_amount":"","sales_update_date":"2026-01-28T23:10:29","calc_backorders":null,"acf":{"publisher":{"ID":1460,"post_author":"1","post_date":"2021-02-17 01:12:24","post_date_gmt":"2021-02-16 23:12:24","post_content":"<!-- wp:flatsome\/uxbuilder -->\n<h1 style=\"text-align: center;\"><strong>Skybooks<\/strong><\/h1>\n[row]\n\n[col span=\"7\" span__sm=\"12\"]\n\n<p>C\u00f4ng ty ph\u00e1t h\u00e0nh s\u00e1ch Skybooks. \"T\u00f4i tr\u1ebb, t\u00f4i \u0111am m\u00ea\" v\u1edbi s\u1ee9 m\u1ec7nh lan to\u1ea3 c\u1ea3m x\u00fac v\u00e0 k\u1ebft n\u1ed1i t\u00e2m h\u1ed3n<\/p>\n<p><strong>Skybooks l\u00e0 c\u00e2u chuy\u1ec7n k\u1ec3 v\u1ec1:<\/strong><br \/>M\u1ed9t th\u1ebf h\u1ec7 ng\u01b0\u1eddi vi\u1ebft tr\u1ebb, \u0111am m\u00ea v\u0103n ch\u01b0\u01a1ng v\u00e0 t\u00f4n tr\u1ecdng, g\u00ecn gi\u1eef, s\u00e1ng t\u1ea1o Ti\u1ebfng Vi\u1ec7t. M\u1ed9t th\u1ebf h\u1ec7 \u0111\u1ed9c gi\u1ea3 tr\u1ebb, \u0111am m\u00ea kh\u00e1m ph\u00e1 ng\u00f4n ng\u1eef v\u00e0 say m\u00ea \u0111\u1ebfn v\u1edbi th\u1ebf gi\u1edbi c\u1ee7a nh\u1eefng quy\u1ec3n s\u00e1ch. M\u1ed9t th\u1ebf h\u1ec7 ng\u01b0\u1eddi l\u00e0m s\u00e1ch tr\u1ebb, \u0111am m\u00ea mang nh\u1eefng gi\u00e1 tr\u1ecb tinh th\u1ea7n l\u1ea1i g\u1ea7n ng\u01b0\u1eddi \u0111\u1ecdc.<br \/>Trong b\u1ed9 nh\u1eadn d\u1ea1ng th\u01b0\u01a1ng hi\u1ec7u:<br \/>Skybooks v\u1edbi ch\u1eef Sky m\u00e0u xanh da tr\u1eddi c\u00f3 \u00fd ngh\u0129a l\u00e0 c\u00f4ng ty B\u1ea7u Tr\u1eddi - n\u01a1i t\u1ea5t c\u1ea3 \u01b0\u1edbc m\u01a1 \u0111\u01b0\u1ee3c t\u1ef1 do tung c\u00e1nh.<br \/>V\u1edbi logo h\u00ecnh hoa b\u1ed3 c\u00f4ng anh \u0111ang bay t\u01b0\u1ee3ng tr\u01b0ng cho s\u1ef1 lan to\u1ea3 c\u1ea3m x\u00fac v\u00e0 kh\u00e1t v\u1ecdng bay cao.<br \/>K\u1ebb v\u1ea1ch logo c\u00f3 n\u1ec1n m\u00e0u ghi x\u00e1m xu\u1ea5t hi\u1ec7n tr\u00ean b\u00eca m\u1ecdi \u1ea5n ph\u1ea9m th\u1ec3 hi\u1ec7n con \u0111\u01b0\u1eddng b\u01b0\u1edbc v\u00e0o th\u1ecb tr\u01b0\u1eddng s\u00e1ch v\u00e0 chinh ph\u1ee5c \u0111\u1ed9c gi\u1ea3 l\u00e0 m\u1ed9t h\u00e0nh tr\u00ecnh d\u00e0i, \u0111\u1ea7y gian kh\u00f3, c\u00f3 nhi\u1ec1u b\u00e3o t\u1ed1, nh\u01b0ng ch\u1ec9 c\u1ea7n n\u1ed7 l\u1ef1c c\u1ed1 g\u1eafng nh\u1ea5t \u0111\u1ecbnh s\u1ebd ngo\u1ea1n m\u1ee5c v\u01b0\u1ee3t qua. \u0110\u1ec3 kh\u1eb3ng \u0111\u1ecbnh v\u00e0 ch\u1ee9ng minh ch\u00ednh m\u00ecnh!<\/p>\n\n[\/col]\n[col span=\"5\" span__sm=\"12\"]\n\n[ux_image id=\"1825\" image_size=\"medium\"]\n\n\n[\/col]\n\n[\/row]\n\n<!-- \/wp:flatsome\/uxbuilder -->","post_title":"Skybooks","post_excerpt":"","post_status":"publish","comment_status":"closed","ping_status":"closed","post_password":"","post_name":"skybooks","to_ping":"","pinged":"","post_modified":"2021-02-17 01:57:31","post_modified_gmt":"2021-02-16 23:57:31","post_content_filtered":"","post_parent":0,"guid":"https:\/\/sachviet.eu\/nha-phat-hanh\/skybooks\/","menu_order":0,"post_type":"publisher","post_mime_type":"","comment_count":"0","filter":"raw"}},"_links":{"self":[{"href":"https:\/\/sachviet.eu\/en\/wp-json\/wp\/v2\/product\/1134","targetHints":{"allow":["GET"]}}],"collection":[{"href":"https:\/\/sachviet.eu\/en\/wp-json\/wp\/v2\/product"}],"about":[{"href":"https:\/\/sachviet.eu\/en\/wp-json\/wp\/v2\/types\/product"}],"wp:featuredmedia":[{"embeddable":true,"href":"https:\/\/sachviet.eu\/en\/wp-json\/wp\/v2\/media\/1124"}],"wp:attachment":[{"href":"https:\/\/sachviet.eu\/en\/wp-json\/wp\/v2\/media?parent=1134"}],"wp:term":[{"taxonomy":"product_brand","embeddable":true,"href":"https:\/\/sachviet.eu\/en\/wp-json\/wp\/v2\/product_brand?post=1134"},{"taxonomy":"product_cat","embeddable":true,"href":"https:\/\/sachviet.eu\/en\/wp-json\/wp\/v2\/product_cat?post=1134"},{"taxonomy":"product_tag","embeddable":true,"href":"https:\/\/sachviet.eu\/en\/wp-json\/wp\/v2\/product_tag?post=1134"}],"curies":[{"name":"wp","href":"https:\/\/api.w.org\/{rel}","templated":true}]}}