{"id":11330,"date":"2021-06-03T01:49:03","date_gmt":"2021-06-02T22:49:03","guid":{"rendered":"https:\/\/sachviet.eu\/shop\/thien-quan-tu-phuc-tap-1\/"},"modified":"2021-08-16T13:43:21","modified_gmt":"2021-08-16T10:43:21","slug":"thien-quan-tu-phuc-tap-1","status":"publish","type":"product","link":"https:\/\/sachviet.eu\/en\/shop\/thien-quan-tu-phuc-tap-1\/","title":{"rendered":"Thi\u00ean Quan T\u1ee9 Ph\u00fac &#8211; T\u1eadp 1"},"content":{"rendered":"<p>Chuy\u1ec7n b\u1eaft \u0111\u1ea7u t\u1eeb t\u00e1m tr\u0103m n\u0103m tr\u01b0\u1edbc&#8230;<\/p>\n<p>M\u1ed9t th\u00e1i t\u1eed \u0111i\u1ec7n h\u1ea1 \u0111\u01b0\u1ee3c v\u1ea1n ng\u01b0\u1eddi ng\u01b0\u1ee1ng v\u1ecdng, phi th\u0103ng th\u00e0nh ti\u00ean. Nh\u1eefng t\u01b0\u1edfng th\u1ebf l\u00e0 m\u1ef9 m\u00e3n, n\u00e0o ng\u1edd y phi th\u0103ng hai l\u1ea7n th\u00ec hai l\u1ea7n b\u1ecb \u0111\u00e1nh xu\u1ed1ng tr\u1ea7n, t\u1eeb th\u1ea7n t\u01b0\u1edbng tay hoa tay ki\u1ebfm mu\u00f4n d\u00e2n th\u1edd ph\u1ee5ng tr\u1edf th\u00e0nh ti\u00ean nh\u00e2n \u0111\u1ed3ng n\u00e1t lang thang kh\u1eafp ng\u00f5 h\u1ebbm hang c\u00f9ng, kh\u00f4ng c\u00f3 l\u1ea5y m\u1ed9t ng\u00f4i mi\u1ebfu th\u1edd, t\u1eeb giai tho\u1ea1i th\u00e0nh tr\u00f2 c\u01b0\u1eddi c\u1ee7a tam gi\u1edbi. \u0110\u1ebfn l\u1ea7n n\u00e0y, sau t\u00e1m tr\u0103m n\u0103m, y r\u1ed1t cu\u1ed9c c\u0169ng phi th\u0103ng l\u1ea7n th\u1ee9 ba, m\u1ed9t l\u1ea7n n\u1eefa tr\u1edf l\u1ea1i Thi\u00ean \u0111\u00ecnh.<\/p>\n<p>G\u1eb7p l\u1ea1i bao ng\u01b0\u1eddi x\u01b0a, nh\u1eefng chuy\u1ec7n c\u0169 c\u0169ng l\u1ea7n l\u01b0\u1ee3t \u0111\u01b0\u1ee3c v\u00e9n l\u00ean.<\/p>\n<p>T\u00e1m tr\u0103m n\u0103m qua l\u01b0u l\u1ea1c h\u1ed3ng tr\u1ea7n, y \u0111\u00e3 tr\u1ea3i qua nh\u1eefng kh\u1ed5 n\u1ea1n g\u00ec? R\u1ed1t cu\u1ed9c l\u00e0 ai \u0111\u00e3 \u0111\u1ea9y y \u0111\u1ebfn th\u1ea3m c\u1ea3nh \u1ea5y?<\/p>\n<p>\u0110\u00f4i n\u00e9t t\u00e1c gi\u1ea3<\/p>\n<p>M\u1eb7c H\u01b0\u01a1ng \u0110\u1ed3ng Kh\u1ee9u, t\u00e1c gi\u1ea3 c\u1ee7a trang v\u0103n h\u1ecdc m\u1ea1ng T\u1ea5n Giang, \u0111\u01b0\u1ee3c r\u1ea5t nhi\u1ec1u \u0111\u1ed9c gi\u1ea3 bi\u1ebft t\u1edbi qua cu\u1ed1n ti\u1ec3u thuy\u1ebft Ma \u0111\u1ea1o t\u1ed5 s\u01b0. Hai ti\u1ec3u thuy\u1ebft kh\u00e1c l\u00e0 H\u1ec7 th\u1ed1ng t\u1ef1 c\u1ee9u c\u1ee7a nh\u00e2n v\u1eadt ph\u1ea3n di\u1ec7n v\u00e0 Thi\u00ean quan t\u1ee9 ph\u00fac c\u0169ng \u0111\u00e1nh gi\u00e1 cao tr\u00ean c\u00e1c trang v\u0103n h\u1ecdc.<br \/>\nC\u00e1c t\u00e1c ph\u1ea9m c\u1ee7a M\u1eb7c H\u01b0\u01a1ng \u0110\u1ed3ng Kh\u1ee9u \u0111\u01b0\u1ee3c b\u1ea1n \u0111\u1ecdc y\u00eau th\u00edch b\u1edfi t\u00ecnh ti\u1ebft ch\u1eb7t ch\u1ebd, c\u00e2u chuy\u1ec7n m\u1edbi l\u1ea1 v\u00e0 mang gi\u00e1 tr\u1ecb nh\u00e2n v\u0103n s\u00e2u s\u1eafc, c\u00f9ng phong c\u00e1ch h\u00e0i h\u01b0\u1edbc \u0111\u1eb7c tr\u01b0ng.<\/p>\n","protected":false},"excerpt":{"rendered":"<p>Chuy\u1ec7n b\u1eaft \u0111\u1ea7u t\u1eeb t\u00e1m tr\u0103m n\u0103m tr\u01b0\u1edbc&#8230;<\/p>\n<p>M\u1ed9t th\u00e1i t\u1eed \u0111i\u1ec7n h\u1ea1 \u0111\u01b0\u1ee3c v\u1ea1n ng\u01b0\u1eddi ng\u01b0\u1ee1ng v\u1ecdng, phi th\u0103ng th\u00e0nh ti\u00ean. Nh\u1eefng t\u01b0\u1edfng th\u1ebf l\u00e0 m\u1ef9 m\u00e3n, n\u00e0o ng\u1edd y phi th\u0103ng hai l\u1ea7n th\u00ec hai l\u1ea7n b\u1ecb \u0111\u00e1nh xu\u1ed1ng tr\u1ea7n, t\u1eeb th\u1ea7n t\u01b0\u1edbng tay hoa tay ki\u1ebfm mu\u00f4n d\u00e2n th\u1edd ph\u1ee5ng tr\u1edf th\u00e0nh ti\u00ean nh\u00e2n \u0111\u1ed3ng n\u00e1t lang thang kh\u1eafp ng\u00f5 h\u1ebbm hang c\u00f9ng, kh\u00f4ng c\u00f3 l\u1ea5y m\u1ed9t ng\u00f4i mi\u1ebfu th\u1edd, t\u1eeb giai tho\u1ea1i th\u00e0nh tr\u00f2 c\u01b0\u1eddi c\u1ee7a tam gi\u1edbi. \u0110\u1ebfn l\u1ea7n n\u00e0y, sau t\u00e1m tr\u0103m n\u0103m, y r\u1ed1t cu\u1ed9c c\u0169ng phi th\u0103ng l\u1ea7n th\u1ee9 ba, m\u1ed9t l\u1ea7n n\u1eefa tr\u1edf l\u1ea1i Thi\u00ean \u0111\u00ecnh.<\/p>\n<p>G\u1eb7p l\u1ea1i bao ng\u01b0\u1eddi x\u01b0a, nh\u1eefng chuy\u1ec7n c\u0169 c\u0169ng l\u1ea7n l\u01b0\u1ee3t \u0111\u01b0\u1ee3c v\u00e9n l\u00ean.<\/p>\n<p>T\u00e1m tr\u0103m n\u0103m qua l\u01b0u l\u1ea1c h\u1ed3ng tr\u1ea7n, y \u0111\u00e3 tr\u1ea3i qua nh\u1eefng kh\u1ed5 n\u1ea1n g\u00ec? R\u1ed1t cu\u1ed9c l\u00e0 ai \u0111\u00e3 \u0111\u1ea9y y \u0111\u1ebfn th\u1ea3m c\u1ea3nh \u1ea5y?<\/p>\n","protected":false},"featured_media":11329,"template":"","meta":{"_acf_changed":false},"product_brand":[],"product_cat":[73,15],"product_tag":[],"class_list":{"0":"post-11330","1":"product","2":"type-product","3":"status-publish","4":"has-post-thumbnail","6":"product_cat-dam-my-ngon-tinh","7":"product_cat-sach-danh-cho-nguoi-lon","9":"first","10":"outofstock","11":"taxable","12":"shipping-taxable","13":"purchasable","14":"product-type-simple"},"supplier_id":null,"supplier_sku":"","barcode":null,"atum_controlled":true,"out_stock_date":"2021-08-16 10:43:21","out_stock_threshold":null,"inheritable":false,"inbound_stock":1,"stock_on_hold":0,"sold_today":0,"sales_last_days":0,"reserved_stock":0,"customer_returns":0,"warehouse_damage":0,"lost_in_post":0,"other_logs":0,"out_stock_days":1626,"lost_sales":0,"has_location":false,"update_date":"2026-01-28T23:10:49","atum_locations":[],"atum_stock_status":"outofstock","restock_status":false,"low_stock_amount":"","sales_update_date":"2026-01-28T23:10:49","calc_backorders":null,"acf":{"publisher":{"ID":11328,"post_author":"1","post_date":"2021-06-03 01:48:59","post_date_gmt":"2021-06-02 22:48:59","post_content":"","post_title":"ZGROUP","post_excerpt":"","post_status":"publish","comment_status":"closed","ping_status":"closed","post_password":"","post_name":"zgroup","to_ping":"","pinged":"","post_modified":"2021-06-03 01:48:59","post_modified_gmt":"2021-06-02 22:48:59","post_content_filtered":"","post_parent":0,"guid":"https:\/\/sachviet.eu\/nha-phat-hanh\/zgroup\/","menu_order":0,"post_type":"publisher","post_mime_type":"","comment_count":"0","filter":"raw"}},"_links":{"self":[{"href":"https:\/\/sachviet.eu\/en\/wp-json\/wp\/v2\/product\/11330","targetHints":{"allow":["GET"]}}],"collection":[{"href":"https:\/\/sachviet.eu\/en\/wp-json\/wp\/v2\/product"}],"about":[{"href":"https:\/\/sachviet.eu\/en\/wp-json\/wp\/v2\/types\/product"}],"wp:featuredmedia":[{"embeddable":true,"href":"https:\/\/sachviet.eu\/en\/wp-json\/wp\/v2\/media\/11329"}],"wp:attachment":[{"href":"https:\/\/sachviet.eu\/en\/wp-json\/wp\/v2\/media?parent=11330"}],"wp:term":[{"taxonomy":"product_brand","embeddable":true,"href":"https:\/\/sachviet.eu\/en\/wp-json\/wp\/v2\/product_brand?post=11330"},{"taxonomy":"product_cat","embeddable":true,"href":"https:\/\/sachviet.eu\/en\/wp-json\/wp\/v2\/product_cat?post=11330"},{"taxonomy":"product_tag","embeddable":true,"href":"https:\/\/sachviet.eu\/en\/wp-json\/wp\/v2\/product_tag?post=11330"}],"curies":[{"name":"wp","href":"https:\/\/api.w.org\/{rel}","templated":true}]}}