{"id":11327,"date":"2021-06-03T01:48:56","date_gmt":"2021-06-02T22:48:56","guid":{"rendered":"https:\/\/sachviet.eu\/shop\/bo-hop-van-nhan-viet-nam-tron-bo-7-quyen\/"},"modified":"2022-02-06T15:38:04","modified_gmt":"2022-02-06T13:38:04","slug":"bo-hop-van-nhan-viet-nam-tron-bo-7-quyen","status":"publish","type":"product","link":"https:\/\/sachviet.eu\/en\/shop\/bo-hop-van-nhan-viet-nam-tron-bo-7-quyen\/","title":{"rendered":"B\u1ed9 h\u1ed9p V\u0103n Nh\u00e2n Vi\u1ec7t Nam &#8211; Tr\u1ecdn B\u1ed9 7 quy\u1ec3n"},"content":{"rendered":"<p>Combo V\u0103n Nh\u00e2n Vi\u1ec7t Nam gi\u1edbi thi\u1ec7u \u0111\u1ebfn b\u1ea1n \u0111\u1ecdc c\u00e1c t\u00e1c ph\u1ea9m ti\u00eau bi\u1ec3u c\u1ee7a 4 nh\u00e0 v\u0103n n\u1ed5i ti\u1ebfng c\u1ee7a V\u0103n h\u1ecdc Vi\u1ec7t Nam giao \u0111o\u1ea1n 1930 &#8211; 1945: V\u0169 Tr\u1ecdng Ph\u1ee5ng, Ng\u00f4 T\u1ea5t T\u1ed1, Nam Cao, Nguy\u00ean H\u1ed3ng.<\/p>\n<p>Combo V\u0103n Nh\u00e2n Vi\u1ec7t Nam (Tr\u1ecdn B\u1ed9 7 Cu\u1ed1n) g\u1ed3m:<\/p>\n<p>V\u0103n Nh\u00e2n Vi\u1ec7t Nam &#8211; Ng\u00f4 T\u1ea5t T\u1ed1 &#8211; L\u1ec1u Ch\u00f5ng<\/p>\n<p>V\u0103n Nh\u00e2n Vi\u1ec7t Nam &#8211; V\u0169 Tr\u1ecdng Ph\u1ee5ng &#8211; L\u00e0m \u0110\u0129<\/p>\n<p>V\u0103n Nh\u00e2n Vi\u1ec7t Nam &#8211; Nguy\u00ean H\u1ed3ng &#8211; B\u1ec9 V\u1ecf<\/p>\n<p>V\u0103n Nh\u00e2n Vi\u1ec7t Nam &#8211; S\u1ed1 \u0110\u1ecf &#8211; V\u0169 Tr\u1ecdng Ph\u1ee5ng<\/p>\n<p>V\u0103n Nh\u00e2n Vi\u1ec7t Nam &#8211; T\u1eaft \u0110\u00e8n &#8211; Ng\u00f4 T\u1ea5t T\u1ed1<\/p>\n<p>V\u0103n Nh\u00e2n Vi\u1ec7t Nam &#8211; S\u1ed1ng M\u00f2n &#8211; Nam Cao<\/p>\n<p>V\u0103n Nh\u00e2n Vi\u1ec7t Nam &#8211; V\u0169 Tr\u1ecdng Ph\u1ee5ng &#8211; Gi\u00f4ng T\u1ed1.<\/p>\n","protected":false},"excerpt":{"rendered":"<p>Combo V\u0103n Nh\u00e2n Vi\u1ec7t Nam gi\u1edbi thi\u1ec7u \u0111\u1ebfn b\u1ea1n \u0111\u1ecdc c\u00e1c t\u00e1c ph\u1ea9m ti\u00eau bi\u1ec3u c\u1ee7a 4 nh\u00e0 v\u0103n n\u1ed5i ti\u1ebfng c\u1ee7a V\u0103n h\u1ecdc Vi\u1ec7t Nam giao \u0111o\u1ea1n 1930 &#8211; 1945: V\u0169 Tr\u1ecdng Ph\u1ee5ng, Ng\u00f4 T\u1ea5t T\u1ed1, Nam Cao, Nguy\u00ean H\u1ed3ng.<\/p>\n<p>Combo V\u0103n Nh\u00e2n Vi\u1ec7t Nam (Tr\u1ecdn B\u1ed9 7 Cu\u1ed1n) g\u1ed3m:<\/p>\n<p>V\u0103n Nh\u00e2n Vi\u1ec7t Nam &#8211; Ng\u00f4 T\u1ea5t T\u1ed1 &#8211; L\u1ec1u Ch\u00f5ng<\/p>\n<p>V\u0103n Nh\u00e2n Vi\u1ec7t Nam &#8211; V\u0169 Tr\u1ecdng Ph\u1ee5ng &#8211; L\u00e0m \u0110\u0129<\/p>\n<p>V\u0103n Nh\u00e2n Vi\u1ec7t Nam &#8211; Nguy\u00ean H\u1ed3ng &#8211; B\u1ec9 V\u1ecf<\/p>\n<p>V\u0103n Nh\u00e2n Vi\u1ec7t Nam &#8211; S\u1ed1 \u0110\u1ecf &#8211; V\u0169 Tr\u1ecdng Ph\u1ee5ng<\/p>\n<p>V\u0103n Nh\u00e2n Vi\u1ec7t Nam &#8211; T\u1eaft \u0110\u00e8n &#8211; Ng\u00f4 T\u1ea5t T\u1ed1<\/p>\n<p>V\u0103n Nh\u00e2n Vi\u1ec7t Nam &#8211; S\u1ed1ng M\u00f2n &#8211; Nam Cao<\/p>\n<p>V\u0103n Nh\u00e2n Vi\u1ec7t Nam &#8211; V\u0169 Tr\u1ecdng Ph\u1ee5ng &#8211; Gi\u00f4ng T\u1ed1.<\/p>\n","protected":false},"featured_media":11323,"template":"","meta":{"_acf_changed":false},"product_brand":[],"product_cat":[15,45],"product_tag":[],"class_list":{"0":"post-11327","1":"product","2":"type-product","3":"status-publish","4":"has-post-thumbnail","6":"product_cat-sach-danh-cho-nguoi-lon","7":"product_cat-tieu-thuyet","9":"first","10":"outofstock","11":"taxable","12":"shipping-taxable","13":"purchasable","14":"product-type-simple"},"supplier_id":null,"supplier_sku":"","barcode":null,"atum_controlled":true,"out_stock_date":"2022-02-06 13:38:04","out_stock_threshold":null,"inheritable":false,"inbound_stock":1,"stock_on_hold":0,"sold_today":0,"sales_last_days":0,"reserved_stock":0,"customer_returns":0,"warehouse_damage":0,"lost_in_post":0,"other_logs":0,"out_stock_days":1452,"lost_sales":0,"has_location":false,"update_date":"2026-01-28T23:10:49","atum_locations":[],"atum_stock_status":"outofstock","restock_status":false,"low_stock_amount":"","sales_update_date":"2026-01-28T23:10:49","calc_backorders":null,"acf":{"publisher":{"ID":9667,"post_author":"1","post_date":"2021-06-02 01:30:53","post_date_gmt":"2021-06-01 22:30:53","post_content":"","post_title":"Minh Long","post_excerpt":"","post_status":"publish","comment_status":"closed","ping_status":"closed","post_password":"","post_name":"minh-long","to_ping":"","pinged":"","post_modified":"2021-06-02 01:30:53","post_modified_gmt":"2021-06-01 22:30:53","post_content_filtered":"","post_parent":0,"guid":"https:\/\/sachviet.eu\/nha-phat-hanh\/minh-long\/","menu_order":0,"post_type":"publisher","post_mime_type":"","comment_count":"0","filter":"raw"}},"_links":{"self":[{"href":"https:\/\/sachviet.eu\/en\/wp-json\/wp\/v2\/product\/11327","targetHints":{"allow":["GET"]}}],"collection":[{"href":"https:\/\/sachviet.eu\/en\/wp-json\/wp\/v2\/product"}],"about":[{"href":"https:\/\/sachviet.eu\/en\/wp-json\/wp\/v2\/types\/product"}],"wp:featuredmedia":[{"embeddable":true,"href":"https:\/\/sachviet.eu\/en\/wp-json\/wp\/v2\/media\/11323"}],"wp:attachment":[{"href":"https:\/\/sachviet.eu\/en\/wp-json\/wp\/v2\/media?parent=11327"}],"wp:term":[{"taxonomy":"product_brand","embeddable":true,"href":"https:\/\/sachviet.eu\/en\/wp-json\/wp\/v2\/product_brand?post=11327"},{"taxonomy":"product_cat","embeddable":true,"href":"https:\/\/sachviet.eu\/en\/wp-json\/wp\/v2\/product_cat?post=11327"},{"taxonomy":"product_tag","embeddable":true,"href":"https:\/\/sachviet.eu\/en\/wp-json\/wp\/v2\/product_tag?post=11327"}],"curies":[{"name":"wp","href":"https:\/\/api.w.org\/{rel}","templated":true}]}}